{"id":1103,"date":"2017-01-23T21:25:45","date_gmt":"2017-01-23T21:25:45","guid":{"rendered":"http:\/\/seij.gob.gt\/udisep\/?page_id=1103"},"modified":"2017-01-23T21:41:21","modified_gmt":"2017-01-23T21:41:21","slug":"art02","status":"publish","type":"page","link":"https:\/\/seij.gob.gt\/udisep\/art02\/","title":{"rendered":"Art02"},"content":{"rendered":"<h1>Direcci\u00f3n y tel\u00e9fono de la entidad y dependencias<\/h1>\n<table border=\"1\">\n<tbody>\n<tr>\n<th>Entidad<\/th>\n<th>Descargar<\/th>\n<\/tr>\n<\/tbody>\n<tfoot>\n<tr>\n<td>Secretar\u00eda Ejecutiva de la ICMSJ<\/td>\n<td><a href=\"..\/_2016_\/_Art.02_\/Num2SEICMSJ.pdf\">Aqui<\/a><\/td>\n<\/tr>\n<tr>\n<td>Programa -AECID- FORTALECIMIENTO<\/td>\n<td><a href=\"..\/_2016_\/_Art.02_\/Num2AECIDFOR.pdf\">Aqui<\/a><\/td>\n<\/tr>\n<tr>\n<td>Programa -AECID- PROYECTO<\/td>\n<td><a href=\"..\/_2016_\/_Art.02_\/Num2AECIDPRO.pdf\">Aqui<\/a><\/td>\n<\/tr>\n<tr>\n<td>Programa -BID-<\/td>\n<td><a href=\"..\/_2016_\/_Art.02_\/Num2BID.pdf\">Aqui<\/a><\/td>\n<\/tr>\n<tr>\n<td>Programa -SEJUST-<\/td>\n<td><a href=\"..\/_2016_\/_Art.02_\/Num2SEJUST.pdf\">Aqui<\/a><\/td>\n<\/tr>\n<\/tfoot>\n<\/table>\n","protected":false},"excerpt":{"rendered":"<p>Direcci\u00f3n y tel\u00e9fono de la entidad y dependencias Entidad Descargar Secretar\u00eda Ejecutiva de la ICMSJ Aqui Programa -AECID- FORTALECIMIENTO Aqui Programa -AECID- PROYECTO Aqui Programa -BID- Aqui Programa -SEJUST- Aqui<\/p>\n","protected":false},"author":1,"featured_media":0,"parent":0,"menu_order":0,"comment_status":"closed","ping_status":"closed","template":"","meta":{"_et_pb_use_builder":"","_et_pb_old_content":"","_et_gb_content_width":"","footnotes":""},"class_list":["post-1103","page","type-page","status-publish","hentry"],"nelio_popups_active_popup":"","_links":{"self":[{"href":"https:\/\/seij.gob.gt\/udisep\/wp-json\/wp\/v2\/pages\/1103","targetHints":{"allow":["GET"]}}],"collection":[{"href":"https:\/\/seij.gob.gt\/udisep\/wp-json\/wp\/v2\/pages"}],"about":[{"href":"https:\/\/seij.gob.gt\/udisep\/wp-json\/wp\/v2\/types\/page"}],"author":[{"embeddable":true,"href":"https:\/\/seij.gob.gt\/udisep\/wp-json\/wp\/v2\/users\/1"}],"replies":[{"embeddable":true,"href":"https:\/\/seij.gob.gt\/udisep\/wp-json\/wp\/v2\/comments?post=1103"}],"version-history":[{"count":9,"href":"https:\/\/seij.gob.gt\/udisep\/wp-json\/wp\/v2\/pages\/1103\/revisions"}],"predecessor-version":[{"id":1113,"href":"https:\/\/seij.gob.gt\/udisep\/wp-json\/wp\/v2\/pages\/1103\/revisions\/1113"}],"wp:attachment":[{"href":"https:\/\/seij.gob.gt\/udisep\/wp-json\/wp\/v2\/media?parent=1103"}],"curies":[{"name":"wp","href":"https:\/\/api.w.org\/{rel}","templated":true}]}}