{"id":1177,"date":"2017-02-10T13:34:53","date_gmt":"2017-02-10T13:34:53","guid":{"rendered":"http:\/\/seij.gob.gt\/udisep\/?page_id=1177"},"modified":"2018-01-09T23:16:33","modified_gmt":"2018-01-09T23:16:33","slug":"numeral-2","status":"publish","type":"page","link":"https:\/\/seij.gob.gt\/udisep\/numeral-2\/","title":{"rendered":"Numeral 2."},"content":{"rendered":"<h1>Direcci\u00f3n y tel\u00e9fono de la entidad y dependencias<\/h1>\n<table>\n<tbody>\n<tr>\n<th align=\"center\">mes de enero<\/th>\n<\/tr>\n<tr>\n<td><a href=\"#\">Secretar\u00eda Ejecutiva de la ICMSJ<\/a><\/td>\n<\/tr>\n<tr>\n<td><a href=\"..\/_2017_\/enero\/numeral2\/Num2 AECID 01.2017.pdf\">Programa -AECID-<\/a><\/td>\n<\/tr>\n<tr>\n<td><a href=\"..\/_2017_\/enero\/numeral2\/Num2 BID 01.2017.pdf\">Programa -BID-<\/a><\/td>\n<\/tr>\n<tr>\n<td><a href=\"..\/_2017_\/enero\/numeral2\/Num2 SEJUST 01.2017.pdf\">Programa -SEJUST-<\/a><\/td>\n<\/tr>\n<\/tbody>\n<\/table>\n<p>&nbsp;<\/p>\n<table>\n<tbody>\n<tr>\n<td>febrero<\/td>\n<\/tr>\n<tr>\n<th align=\"center\">mes de febrero<\/th>\n<\/tr>\n<tr>\n<td><a href=\"..\/_2017_\/febrero\/numeral 2\/Num2 SEIJ- FEB.17.pdf\">Secretar\u00eda Ejecutiva de la ICMSJ<\/a><\/td>\n<\/tr>\n<tr>\n<td><a href=\"..\/_2017_\/febrero\/numeral 2\/Num2 AECID.pdf\">Programa -AECID-<\/a><\/td>\n<\/tr>\n<tr>\n<td><a href=\"..\/_2017_\/febrero\/numeral 2\/Num2 BID-FEB.17.pdf\">Programa -BID-<\/a><\/td>\n<\/tr>\n<tr>\n<td><a href=\"..\/_2017_\/febrero\/numeral 2\/Num2 SEJUST-FEB.17.pdf\">Programa -SEJUST-<\/a><\/td>\n<\/tr>\n<\/tbody>\n<\/table>\n<p>&nbsp;<\/p>\n<table>\n<tbody>\n<tr>\n<td>marzo<\/td>\n<\/tr>\n<tr>\n<th align=\"center\">mes de marzo<\/th>\n<\/tr>\n<tr>\n<td><a href=\"..\/_2017_\/marzo\/numeral 2\/Num2 Mar.SEIJ.pdf\">Secretar\u00eda Ejecutiva de la ICMSJ<\/a><\/td>\n<\/tr>\n<tr>\n<td><a href=\"..\/_2017_\/marzo\/numeral 2\/Num2 Mar.AECID.pdf\">Programa -AECID-<\/a><\/td>\n<\/tr>\n<tr>\n<td><a href=\"..\/_2017_\/marzo\/numeral 2\/Num2 Mar.BID.pdf\">Programa -BID-<\/a><\/td>\n<\/tr>\n<tr>\n<td><a href=\"..\/_2017_\/marzo\/numeral 2\/Num2 Mar. SEJUST.pdf\">Programa -SEJUST-<\/a><\/td>\n<\/tr>\n<\/tbody>\n<\/table>\n<table>\n<tbody>\n<tr>\n<td>abril<\/td>\n<\/tr>\n<tr>\n<th align=\"center\">mes de marzo<\/th>\n<\/tr>\n<tr>\n<td><a href=\"..\/_2017_\/abril\/numeral2\/Num2SEIJ.pdf\">Secretar\u00eda Ejecutiva de la ICMSJ<\/a><\/td>\n<\/tr>\n<tr>\n<td><a href=\"..\/_2017_\/abril\/numeral2\/Num2AECID.pdf\">Programa -AECID-<\/a><\/td>\n<\/tr>\n<tr>\n<td><a href=\"..\/_2017_\/abril\/numeral2\/Num2BID.pdf\">Programa -BID-<\/a><\/td>\n<\/tr>\n<tr>\n<td><a href=\"..\/_2017_\/abril\/numeral2\/Num2SEJUST.pdf\">Programa -SEJUST-<\/a><\/td>\n<\/tr>\n<\/tbody>\n<\/table>\n<table>\n<tbody>\n<tr>\n<td>mayo<\/td>\n<\/tr>\n<tr>\n<th align=\"center\">mes de mayo<\/th>\n<\/tr>\n<tr>\n<td><a href=\"..\/_2017_\/mayo\/numeral2\/Num2052017.pdf\">Secretar\u00eda Ejecutiva de la ICMSJ<\/a><\/td>\n<\/tr>\n<tr>\n<td><a href=\"..\/_2017_\/mayo\/numeral2\/Num2.aecid.mayo.pdf\">Programa -AECID-<\/a><\/td>\n<\/tr>\n<tr>\n<td><a href=\"..\/_2017_\/mayo\/numeral2\/Num2.bid.mayo.pdf\">Programa -BID-<\/a><\/td>\n<\/tr>\n<tr>\n<td><a href=\"..\/_2017_\/mayo\/numeral2\/Num2.sejust.mayo.pdf\">Programa -SEJUST-<\/a><\/td>\n<\/tr>\n<\/tbody>\n<\/table>\n<table>\n<tbody>\n<tr>\n<td>junio<\/td>\n<\/tr>\n<tr>\n<th align=\"center\">mes de junio<\/th>\n<\/tr>\n<tr>\n<td><a href=\"..\/_2017_\/junio\/numeral2\/Num2seij0617.pdf\">Secretar\u00eda Ejecutiva de la ICMSJ<\/a><\/td>\n<\/tr>\n<tr>\n<td><a href=\"..\/_2017_\/junio\/numeral2\/Num2aecid0617.pdf\">Programa -AECID-<\/a><\/td>\n<\/tr>\n<tr>\n<td><a href=\"..\/_2017_\/junio\/numeral2\/Num2bid0617.pdf\">Programa -BID-<\/a><\/td>\n<\/tr>\n<tr>\n<td><a href=\"..\/_2017_\/junio\/numeral2\/Num2sejust0617.pdf\">Programa -SEJUST-<\/a><\/td>\n<\/tr>\n<\/tbody>\n<\/table>\n<table>\n<tbody>\n<tr>\n<td>julio<\/td>\n<\/tr>\n<tr>\n<th align=\"center\">mes de julio<\/th>\n<\/tr>\n<tr>\n<td><a href=\"..\/_2017_\/julio\/numeral2\/Num2seij.pdf\">Secretar\u00eda Ejecutiva de la ICMSJ<\/a><\/td>\n<\/tr>\n<tr>\n<td><a href=\"..\/_2017_\/julio\/numeral2\/Num2Aecid.pdf\">Programa -AECID-<\/a><\/td>\n<\/tr>\n<tr>\n<td><a href=\"..\/_2017_\/julio\/numeral2\/Num2bid.pdf\">Programa -BID-<\/a><\/td>\n<\/tr>\n<\/tbody>\n<\/table>\n<table>\n<tbody>\n<tr>\n<td>agosto<\/td>\n<\/tr>\n<tr>\n<th align=\"center\">mes de agosto<\/th>\n<\/tr>\n<tr>\n<td><a href=\"..\/_2017_\/agosto\/numeral2\/N2SEIJ.pdf\">Secretar\u00eda Ejecutiva de la ICMSJ<\/a><\/td>\n<\/tr>\n<tr>\n<td><a href=\"..\/_2017_\/agosto\/numeral2\/N2AECID.pdf\">Programa -AECID-<\/a><\/td>\n<\/tr>\n<tr>\n<td><a href=\"..\/_2017_\/agosto\/numeral2\/N2SEJUST.pdf\">Programa -SEJUST-<\/a><\/td>\n<\/tr>\n<\/tbody>\n<\/table>\n<table>\n<tbody>\n<tr>\n<td>septiembre<\/td>\n<\/tr>\n<tr>\n<th align=\"center\">mes de septiembre<\/th>\n<\/tr>\n<tr>\n<td><a href=\"..\/_2017_\/septiembre\/numeral2\/Num2seijsep.pdf\">Secretar\u00eda Ejecutiva de la ICMSJ<\/a><\/td>\n<\/tr>\n<tr>\n<td><a href=\"..\/_2017_\/septiembre\/numeral2\/Num2aecidsep.pdf\">Programa -AECID-<\/a><\/td>\n<\/tr>\n<tr>\n<td><a href=\"..\/_2017_\/septiembre\/numeral2\/Num2sejustsep.pdf\">Programa -SEJUST-<\/a><\/td>\n<\/tr>\n<tr>\n<td><a href=\"..\/_2017_\/septiembre\/numeral2\/Num2bid.pdf\">Programa -BID-<\/a><\/td>\n<\/tr>\n<\/tbody>\n<\/table>\n<table>\n<tbody>\n<tr>\n<td>octubre<\/td>\n<\/tr>\n<tr>\n<th align=\"center\">mes de octubre<\/th>\n<\/tr>\n<tr>\n<td><a href=\"..\/_2017_\/octubre\/numeral2\/Num2seijoct17.pdf\">Secretar\u00eda Ejecutiva de la ICMSJ<\/a><\/td>\n<\/tr>\n<tr>\n<td><a href=\"..\/_2017_\/octubre\/numeral2\/Num2aecidoct17.pdf\">Programa -AECID-<\/a><\/td>\n<\/tr>\n<tr>\n<td><a href=\"..\/_2017_\/octubre\/numeral2\/Num2aecidFASEIIoct17.pdf\">Programa -AECID- FASE II<\/a><\/td>\n<\/tr>\n<tr>\n<td><a href=\"..\/_2017_\/octubre\/numeral2\/Num2sejustoct17.pdf\">Programa -SEJUST-<\/a><\/td>\n<\/tr>\n<tr>\n<td><a href=\"..\/_2017_\/octubre\/numeral2\/Num2bidoct17.pdf\">Programa -BID-<\/a><\/td>\n<\/tr>\n<\/tbody>\n<\/table>\n<table>\n<tbody>\n<tr>\n<td>noviembre<\/td>\n<\/tr>\n<tr>\n<th align=\"center\">mes de noviembre<\/th>\n<\/tr>\n<tr>\n<td><a href=\"..\/_2017_\/noviembre\/numeral2\/Num2seij11.pdf\">Secretar\u00eda Ejecutiva de la ICMSJ<\/a><\/td>\n<\/tr>\n<tr>\n<td><a href=\"..\/_2017_\/noviembre\/numeral2\/Num2aecid11.pdf\">Programa -AECID-<\/a><\/td>\n<\/tr>\n<tr>\n<td><a href=\"..\/_2017_\/noviembre\/numeral2\/Num2aecidfaseII11.pdf\">Programa -AECID- FASE II<\/a><\/td>\n<\/tr>\n<tr>\n<td><a href=\"..\/_2017_\/noviembre\/numeral2\/Num2sejust11.pdf\">Programa -SEJUST-<\/a><\/td>\n<\/tr>\n<tr>\n<td><a href=\"..\/_2017_\/noviembre\/numeral2\/Num2bid1117.pdf\">Programa -BID-<\/a><\/td>\n<\/tr>\n<\/tbody>\n<\/table>\n<table>\n<tbody>\n<tr>\n<td>diciembre<\/td>\n<\/tr>\n<tr>\n<th align=\"center\">mes de diciembre<\/th>\n<\/tr>\n<tr>\n<td><a href=\"..\/_2017_\/diciembre\/Numeral2\/Num2.seij.dic.17.pdf\">Secretar\u00eda Ejecutiva de la ICMSJ<\/a><\/td>\n<\/tr>\n<tr>\n<td><a href=\"..\/_2017_\/diciembre\/Numeral2\/Num2.aecid.dic.17.pdf\">Programa -AECID-<\/a><\/td>\n<\/tr>\n<tr>\n<td><a href=\"..\/_2017_\/diciembre\/Numeral2\/Num2.aecid II.dic.17..pdf\">Programa -AECID- FASE II<\/a><\/td>\n<\/tr>\n<tr>\n<td><a href=\"..\/_2017_\/diciembre\/Numeral2\/Num2.bid.dic.17.pdf\">Programa -BID-<\/a><\/td>\n<\/tr>\n<\/tbody>\n<\/table>\n","protected":false},"excerpt":{"rendered":"<p>Direcci\u00f3n y tel\u00e9fono de la entidad y dependencias mes de enero Secretar\u00eda Ejecutiva de la ICMSJ Programa -AECID- Programa -BID- Programa -SEJUST- &nbsp; febrero mes de febrero Secretar\u00eda Ejecutiva de la ICMSJ Programa -AECID- Programa -BID- Programa -SEJUST- &nbsp; marzo mes de marzo Secretar\u00eda Ejecutiva de la ICMSJ Programa -AECID- Programa -BID- Programa -SEJUST- abril [&hellip;]<\/p>\n","protected":false},"author":1,"featured_media":0,"parent":0,"menu_order":0,"comment_status":"closed","ping_status":"closed","template":"","meta":{"_et_pb_use_builder":"","_et_pb_old_content":"","_et_gb_content_width":"","footnotes":""},"class_list":["post-1177","page","type-page","status-publish","hentry"],"nelio_popups_active_popup":"","_links":{"self":[{"href":"https:\/\/seij.gob.gt\/udisep\/wp-json\/wp\/v2\/pages\/1177","targetHints":{"allow":["GET"]}}],"collection":[{"href":"https:\/\/seij.gob.gt\/udisep\/wp-json\/wp\/v2\/pages"}],"about":[{"href":"https:\/\/seij.gob.gt\/udisep\/wp-json\/wp\/v2\/types\/page"}],"author":[{"embeddable":true,"href":"https:\/\/seij.gob.gt\/udisep\/wp-json\/wp\/v2\/users\/1"}],"replies":[{"embeddable":true,"href":"https:\/\/seij.gob.gt\/udisep\/wp-json\/wp\/v2\/comments?post=1177"}],"version-history":[{"count":35,"href":"https:\/\/seij.gob.gt\/udisep\/wp-json\/wp\/v2\/pages\/1177\/revisions"}],"predecessor-version":[{"id":1631,"href":"https:\/\/seij.gob.gt\/udisep\/wp-json\/wp\/v2\/pages\/1177\/revisions\/1631"}],"wp:attachment":[{"href":"https:\/\/seij.gob.gt\/udisep\/wp-json\/wp\/v2\/media?parent=1177"}],"curies":[{"name":"wp","href":"https:\/\/api.w.org\/{rel}","templated":true}]}}