{"id":1193,"date":"2017-02-10T14:03:07","date_gmt":"2017-02-10T14:03:07","guid":{"rendered":"http:\/\/seij.gob.gt\/udisep\/?page_id=1193"},"modified":"2018-01-09T23:30:14","modified_gmt":"2018-01-09T23:30:14","slug":"numeral-4","status":"publish","type":"page","link":"https:\/\/seij.gob.gt\/udisep\/numeral-4\/","title":{"rendered":"Numeral 4"},"content":{"rendered":"<h1>N\u00famero y nombre de funcionarios, servidores p\u00fablicos, empleados y asesores que laboran en el sujeto obligado<\/h1>\n<table>\n<tr>\n<th align=\"center\">mes de enero<\/th>\n<\/tr>\n<tr>\n<td><a href=\"..\/_2017_\/enero\/numeral4\/Num4 SEICMSJ 01.2017.pdf\">Secretar\u00eda Ejecutiva de la ICMSJ<\/a><\/td>\n<\/tr>\n<tr>\n<td><a href=\"..\/_2017_\/enero\/numeral4\/Num4 AECID 01.2017.pdf\">Programa -AECID-<\/a><\/td>\n<\/tr>\n<tr>\n<td><a href=\"..\/_2017_\/enero\/numeral4\/Num4 BID 01.2017.pdf\">Programa -BID-<\/a><\/td>\n<\/tr>\n<tr>\n<td><a href=\"..\/_2017_\/enero\/numeral4\/Num4 SEJUST 01.2017.pdf\">Programa -SEJUST-<\/a><\/td>\n<\/tr>\n<\/table>\n<p><\/p>\n<table>\n<tr>\n<th align=\"center\">mes de febrero<\/th>\n<\/tr>\n<tr>\n<td><a href=\"..\/_2017_\/febrero\/numeral 4\/Num4 SEIJ-FEB.17.pdf\">Secretar\u00eda Ejecutiva de la ICMSJ<\/a><\/td>\n<\/tr>\n<tr>\n<td><a href=\"..\/_2017_\/febrero\/numeral 4\/Num4 AECID.pdf\">Programa -AECID-<\/a><\/td>\n<\/tr>\n<tr>\n<td><a href=\"..\/_2017_\/febrero\/numeral 4\/Num4 BID-FEB.17.pdf\">Programa -BID-<\/a><\/td>\n<\/tr>\n<tr>\n<td><a href=\"..\/_2017_\/febrero\/numeral 4\/Num4 SEJUST-BID.17.pdf\">Programa -SEJUST-<\/a><\/td>\n<\/tr>\n<\/table>\n<p><\/p>\n<table>\n<tr>\n<th align=\"center\">mes de marzo<\/th>\n<\/tr>\n<tr>\n<td><a href=\"..\/_2017_\/marzo\/numeral 4\/Num4 Mar.SEIJ.pdf\">Secretar\u00eda Ejecutiva de la ICMSJ<\/a><\/td>\n<\/tr>\n<tr>\n<td><a href=\"..\/_2017_\/marzo\/numeral 4\/Num4 Mar. AECID.pdf\">Programa -AECID-<\/a><\/td>\n<\/tr>\n<tr>\n<td><a href=\"..\/_2017_\/marzo\/numeral 4\/Num4 Mar.BID.pdf\">Programa -BID-<\/a><\/td>\n<\/tr>\n<tr>\n<td><a href=\"..\/_2017_\/marzo\/numeral 4\/Num4 Mar.SEJUST.pdf\">Programa -SEJUST-<\/a><\/td>\n<\/tr>\n<\/table>\n<table>\n<tr>\n<th align=\"center\">mes de abril<\/th>\n<\/tr>\n<tr>\n<td><a href=\"..\/_2017_\/abril\/numeral4\/Num4SEIJ.pdf\">Secretar\u00eda Ejecutiva de la ICMSJ<\/a><\/td>\n<\/tr>\n<tr>\n<td><a href=\"..\/_2017_\/abril\/numeral4\/Num4AECID.pdf\">Programa -AECID-<\/a><\/td>\n<\/tr>\n<tr>\n<td><a href=\"..\/_2017_\/abril\/numeral4\/Num4BID.pdf\">Programa -BID-<\/a><\/td>\n<\/tr>\n<tr>\n<td><a href=\"..\/_2017_\/abril\/numeral4\/Num4SEJUST.pdf\">Programa -SEJUST-<\/a><\/td>\n<\/tr>\n<\/table>\n<table>\n<tr>\n<th align=\"center\">mes de mayo<\/th>\n<\/tr>\n<tr>\n<td><a href=\"..\/_2017_\/mayo\/numeral4\/Num.4.seij.may.pdf\">Secretar\u00eda Ejecutiva de la ICMSJ<\/a><\/td>\n<\/tr>\n<tr>\n<td><a href=\"..\/_2017_\/mayo\/numeral4\/Num4.aecid.may.pdf\">Programa -AECID-<\/a><\/td>\n<\/tr>\n<tr>\n<td><a href=\"..\/_2017_\/mayo\/numeral4\/Num4.bid.mayo.pdf\">Programa -BID-<\/a><\/td>\n<\/tr>\n<tr>\n<td><a href=\"..\/_2017_\/mayo\/numeral4\/Num4.sejust.mayo.pdf\">Programa -SEJUST-<\/a><\/td>\n<\/tr>\n<\/table>\n<table>\n<tr>\n<th align=\"center\">mes de junio<\/th>\n<\/tr>\n<tr>\n<td><a href=\"..\/_2017_\/junio\/numeral4\/Num4.seij.0617.pdf\">Secretar\u00eda Ejecutiva de la ICMSJ<\/a><\/td>\n<\/tr>\n<tr>\n<td><a href=\"..\/_2017_\/junio\/numeral4\/Num.4.aecid.0617.pdf\">Programa -AECID-<\/a><\/td>\n<\/tr>\n<tr>\n<td><a href=\"#\">Programa -BID-<\/a><\/td>\n<\/tr>\n<tr>\n<td><a href=\"..\/_2017_\/junio\/numeral4\/Num.4.sejust.0617.pdf\">Programa -SEJUST-<\/a><\/td>\n<\/tr>\n<\/table>\n<table>\n<tr>\n<th align=\"center\">mes de julio<\/th>\n<\/tr>\n<tr>\n<td><a href=\"..\/_2017_\/julio\/numeral4\/Num4seij.pdf\">Secretar\u00eda Ejecutiva de la ICMSJ<\/a><\/td>\n<\/tr>\n<tr>\n<td><a href=\"..\/_2017_\/julio\/numeral4\/Num4aecid.pdf\">Programa -AECID-<\/a><\/td>\n<\/tr>\n<tr>\n<td><a href=\"..\/_2017_\/julio\/numeral4\/Num4bid.pdf\">Programa -BID-<\/a><\/td>\n<\/tr>\n<tr>\n<td><a href=\"..\/_2017_\/julio\/numeral4\/Num4sejustjul.pdf\">Programa -SEJUST-<\/a><\/td>\n<\/tr>\n<\/table>\n<table>\n<tr>\n<th align=\"center\">mes de agosto<\/th>\n<\/tr>\n<tr>\n<td><a href=\"..\/_2017_\/agosto\/numeral4\/N4SEIJ.pdf\">Secretar\u00eda Ejecutiva de la ICMSJ<\/a><\/td>\n<\/tr>\n<tr>\n<td><a href=\"..\/_2017_\/agosto\/numeral4\/N4AECID.pdf\">Programa -AECID-<\/a><\/td>\n<\/tr>\n<tr>\n<td><a href=\"..\/_2017_\/agosto\/numeral4\/N4SEJUST.pdf\">Programa -SEJUST-<\/a><\/td>\n<\/tr>\n<tr>\n<td><a href=\"..\/_2017_\/agosto\/numeral4\/Num4bidago.pdf\">Programa -BID-<\/a><\/td>\n<\/tr>\n<\/table>\n<table>\n<tr>\n<th align=\"center\">mes de septiembre<\/th>\n<\/tr>\n<tr>\n<td><a href=\"..\/_2017_\/septiembre\/numeral4\/Num4seij.pdf\">Secretar\u00eda Ejecutiva de la ICMSJ<\/a><\/td>\n<\/tr>\n<tr>\n<td><a href=\"..\/_2017_\/septiembre\/numeral4\/Num4aecid.pdf\">Programa -AECID-<\/a><\/td>\n<\/tr>\n<tr>\n<td><a href=\"..\/_2017_\/septiembre\/numeral4\/Num4sejust.pdf\">Programa -SEJUST-<\/a><\/td>\n<\/tr>\n<tr>\n<td><a href=\"..\/_2017_\/septiembre\/numeral4\/Num4bid.pdf\">Programa -BID-<\/a><\/td>\n<\/tr>\n<\/table>\n<table>\n<tr>\n<th align=\"center\">mes de octubre<\/th>\n<\/tr>\n<tr>\n<td><a href=\"..\/_2017_\/octubre\/numeral4\/Num4seijoct17.pdf\">Secretar\u00eda Ejecutiva de la ICMSJ<\/a><\/td>\n<\/tr>\n<tr>\n<td><a href=\"..\/_2017_\/octubre\/numeral4\/Num4aecidoct17.pdf\">Programa -AECID-<\/a><\/td>\n<\/tr>\n<tr>\n<td><a href=\"..\/_2017_\/octubre\/numeral4\/Num4aecidFASEIIoct17.pdf\">Programa -AECID- FASE II<\/a><\/td>\n<\/tr>\n<tr>\n<td><a href=\"..\/_2017_\/octubre\/numeral4\/Num4sejustoct17.pdf\">Programa -SEJUST-<\/a><\/td>\n<\/tr>\n<tr>\n<td><a href=\"..\/_2017_\/octubre\/numeral4\/Num4bid17.pdf\">Programa -BID-<\/a><\/td>\n<\/tr>\n<\/table>\n<table>\n<tr>\n<th align=\"center\">mes de noviembre<\/th>\n<\/tr>\n<tr>\n<td><a href=\"..\/_2017_\/noviembre\/numeral4\/Num4seij11.pdf\">Secretar\u00eda Ejecutiva de la ICMSJ<\/a><\/td>\n<\/tr>\n<tr>\n<td><a href=\"..\/_2017_\/noviembre\/numeral4\/Num4aecid11.pdf\">Programa -AECID-<\/a><\/td>\n<\/tr>\n<tr>\n<td><a href=\"..\/_2017_\/noviembre\/numeral4\/Num4aecidfaseII11.pdf\">Programa -AECID- FASE II<\/a><\/td>\n<\/tr>\n<tr>\n<td><a href=\"..\/_2017_\/noviembre\/numeral4\/Num4sejust11.pdf\">Programa -SEJUST-<\/a><\/td>\n<\/tr>\n<tr>\n<td><a href=\"#\">Programa -BID-<\/a><\/td>\n<\/tr>\n<\/table>\n<table>\n<tr>\n<th align=\"center\">mes de diciembre<\/th>\n<\/tr>\n<tr>\n<td><a href=\"..\/_2017_\/diciembre\/Numeral4\/Num4.seij.dic.17.pdf\">Secretar\u00eda Ejecutiva de la ICMSJ<\/a><\/td>\n<\/tr>\n<tr>\n<td><a href=\"..\/_2017_\/diciembre\/Numeral4\/Num4.aecid.dic.17.pdf\">Programa -AECID-<\/a><\/td>\n<\/tr>\n<tr>\n<td><a href=\"..\/_2017_\/diciembre\/Numeral4\/Num4.aecid II.dic.17.pdf\">Programa -AECID- FASE II<\/a><\/td>\n<\/tr>\n<tr>\n<td><a href=\"..\/_2017_\/diciembre\/Numeral4\/Num4.sejust.dic.17.pdf\">Programa -SEJUST-<\/a><\/td>\n<\/tr>\n<tr>\n<td><a href=\"..\/_2017_\/diciembre\/Numeral4\/Num4.bid.dic.17.pdf\">Programa -BID-<\/a><\/td>\n<\/tr>\n<\/table>\n","protected":false},"excerpt":{"rendered":"<p>N\u00famero y nombre de funcionarios, servidores p\u00fablicos, empleados y asesores que laboran en el sujeto obligado mes de enero Secretar\u00eda Ejecutiva de la ICMSJ Programa -AECID- Programa -BID- Programa -SEJUST- mes de febrero Secretar\u00eda Ejecutiva de la ICMSJ Programa -AECID- Programa -BID- Programa -SEJUST- mes de marzo Secretar\u00eda Ejecutiva de la ICMSJ Programa -AECID- Programa [&hellip;]<\/p>\n","protected":false},"author":1,"featured_media":0,"parent":0,"menu_order":0,"comment_status":"closed","ping_status":"closed","template":"","meta":{"_et_pb_use_builder":"","_et_pb_old_content":"","_et_gb_content_width":"","footnotes":""},"class_list":["post-1193","page","type-page","status-publish","hentry"],"nelio_popups_active_popup":"","_links":{"self":[{"href":"https:\/\/seij.gob.gt\/udisep\/wp-json\/wp\/v2\/pages\/1193","targetHints":{"allow":["GET"]}}],"collection":[{"href":"https:\/\/seij.gob.gt\/udisep\/wp-json\/wp\/v2\/pages"}],"about":[{"href":"https:\/\/seij.gob.gt\/udisep\/wp-json\/wp\/v2\/types\/page"}],"author":[{"embeddable":true,"href":"https:\/\/seij.gob.gt\/udisep\/wp-json\/wp\/v2\/users\/1"}],"replies":[{"embeddable":true,"href":"https:\/\/seij.gob.gt\/udisep\/wp-json\/wp\/v2\/comments?post=1193"}],"version-history":[{"count":25,"href":"https:\/\/seij.gob.gt\/udisep\/wp-json\/wp\/v2\/pages\/1193\/revisions"}],"predecessor-version":[{"id":1633,"href":"https:\/\/seij.gob.gt\/udisep\/wp-json\/wp\/v2\/pages\/1193\/revisions\/1633"}],"wp:attachment":[{"href":"https:\/\/seij.gob.gt\/udisep\/wp-json\/wp\/v2\/media?parent=1193"}],"curies":[{"name":"wp","href":"https:\/\/api.w.org\/{rel}","templated":true}]}}