{"id":1217,"date":"2017-02-10T14:49:00","date_gmt":"2017-02-10T14:49:00","guid":{"rendered":"http:\/\/seij.gob.gt\/udisep\/?page_id=1217"},"modified":"2018-01-09T23:56:25","modified_gmt":"2018-01-09T23:56:25","slug":"numeral-12","status":"publish","type":"page","link":"https:\/\/seij.gob.gt\/udisep\/numeral-12\/","title":{"rendered":"Numeral 12"},"content":{"rendered":"<h1>Viajes nacionales e internacionales<\/h1>\n<table>\n<tr>\n<th align=\"center\">mes de enero<\/th>\n<\/tr>\n<tr>\n<td><a href=\"..\/_2017_\/enero\/numeral12\/Num12 SEICMSJ 01.2017.pdf\">Secretar\u00eda Ejecutiva de la ICMSJ<\/a><\/td>\n<\/tr>\n<tr>\n<td><a href=\"..\/_2017_\/enero\/numeral12\/Num12 AECID 01.2017.pdf\">Programa -AECID-<\/a><\/td>\n<\/tr>\n<tr>\n<td><a href=\"..\/_2017_\/enero\/numeral12\/Num12 BID 01.2017.pdf\">Programa -BID-<\/a><\/td>\n<\/tr>\n<tr>\n<td><a href=\"..\/_2017_\/enero\/numeral12\/Num12 SEJUST 01.2017.pdf\">Programa -SEJUST-<\/a><\/td>\n<\/tr>\n<\/table>\n<p><\/p>\n<table>\n<tr>\n<th align=\"center\">mes de febrero<\/th>\n<\/tr>\n<tr>\n<td><a href=\"..\/_2017_\/febrero\/numeral 12\/Num12 SEIJ - FEB.17.pdf\">Secretar\u00eda Ejecutiva de la ICMSJ<\/a><\/td>\n<\/tr>\n<tr>\n<td><a href=\"..\/_2017_\/febrero\/numeral 12\/Num12 AECID.pdf\">Programa -AECID-<\/a><\/td>\n<\/tr>\n<tr>\n<td><a href=\"..\/_2017_\/febrero\/numeral 12\/Num12 BID-FEB.17.pdf\">Programa -BID-<\/a><\/td>\n<\/tr>\n<tr>\n<td><a href=\"..\/_2017_\/febrero\/numeral 12\/Num12 SEJUST-FEB.17.pdf\">Programa -SEJUST-<\/a><\/td>\n<\/tr>\n<\/table>\n<p><\/p>\n<table>\n<tr>\n<th align=\"center\">mes de marzo<\/th>\n<\/tr>\n<tr>\n<td><a href=\"..\/_2017_\/marzo\/numeral 12\/Num12 Mar.SEIJ.pdf\">Secretar\u00eda Ejecutiva de la ICMSJ<\/a><\/td>\n<\/tr>\n<tr>\n<td><a href=\"..\/_2017_\/marzo\/numeral 12\/Num12 Mar.AECID.pdf\">Programa -AECID-<\/a><\/td>\n<\/tr>\n<tr>\n<td><a href=\"..\/_2017_\/marzo\/numeral 12\/Num12 MAR.BID.pdf\">Programa -BID-<\/a><\/td>\n<\/tr>\n<tr>\n<td><a href=\"..\/_2017_\/marzo\/numeral 12\/Num12 Mar.SEJUST.pdf\">Programa -SEJUST-<\/a><\/td>\n<\/tr>\n<\/table>\n<table>\n<tr>\n<th align=\"center\">mes de abril<\/th>\n<\/tr>\n<tr>\n<td><a href=\"..\/_2017_\/abril\/numeral12\/Num12SEIJ.pdf\">Secretar\u00eda Ejecutiva de la ICMSJ<\/a><\/td>\n<\/tr>\n<tr>\n<td><a href=\"..\/_2017_\/abril\/numeral12\/Num12AECID.pdf\">Programa -AECID-<\/a><\/td>\n<\/tr>\n<tr>\n<td><a href=\"..\/_2017_\/abril\/numeral12\/Num12BID.pdf\">Programa -BID-<\/a><\/td>\n<\/tr>\n<tr>\n<td><a href=\"..\/_2017_\/abril\/numeral12\/Num12SEJUST.pdf\">Programa -SEJUST-<\/a><\/td>\n<\/tr>\n<\/table>\n<table>\n<tr>\n<th align=\"center\">mes de mayo<\/th>\n<\/tr>\n<tr>\n<td><a href=\"..\/_2017_\/mayo\/numeral12\/Num.12Mayo SEIJ.pdf\">Secretar\u00eda Ejecutiva de la ICMSJ<\/a><\/td>\n<\/tr>\n<tr>\n<td><a href=\"..\/_2017_\/mayo\/numeral12\/Num12.aecid.mayo.pdf\">Programa -AECID-<\/a><\/td>\n<\/tr>\n<tr>\n<td><a href=\"..\/_2017_\/mayo\/numeral12\/Num12.bid.mayo.pdf\">Programa -BID-<\/a><\/td>\n<\/tr>\n<tr>\n<td><a href=\"..\/_2017_\/mayo\/numeral12\/Num12.sejust.mayo.pdf\">Programa -SEJUST-<\/a><\/td>\n<\/tr>\n<\/table>\n<table>\n<tr>\n<th align=\"center\">mes de junio<\/th>\n<\/tr>\n<tr>\n<td><a href=\"..\/_2017_\/junio\/numeral12\/Num.12.seij.0617.pdf\">Secretar\u00eda Ejecutiva de la ICMSJ<\/a><\/td>\n<\/tr>\n<tr>\n<td><a href=\"..\/_2017_\/junio\/numeral12\/Num.12.aecid.0617.pdf\">Programa -AECID-<\/a><\/td>\n<\/tr>\n<tr>\n<td><a href=\"..\/_2017_\/junio\/numeral12\/Num.12.bid.0617.pdf\">Programa -BID-<\/a><\/td>\n<\/tr>\n<tr>\n<td><a href=\"..\/_2017_\/junio\/numeral12\/Num.12.sejust.0617.pdf\">Programa -SEJUST-<\/a><\/td>\n<\/tr>\n<\/table>\n<table>\n<tr>\n<th align=\"center\">mes de julio<\/th>\n<\/tr>\n<tr>\n<td><a href=\"..\/_2017_\/julio\/numeral12\/Num12seij.pdf\">Secretar\u00eda Ejecutiva de la ICMSJ<\/a><\/td>\n<\/tr>\n<tr>\n<td><a href=\"..\/_2017_\/julio\/numeral12\/Num12aecid.pdf\">Programa -AECID-<\/a><\/td>\n<\/tr>\n<tr>\n<td><a href=\"..\/_2017_\/julio\/numeral12\/Num12bid.pdf\">Programa -BID-<\/a><\/td>\n<\/tr>\n<tr>\n<td><a href=\"..\/_2017_\/julio\/numeral12\/N12SEJUST.pdf\">Programa -SEJUST-<\/a><\/td>\n<\/tr>\n<\/table>\n<table>\n<tr>\n<th align=\"center\">mes de agosto<\/th>\n<\/tr>\n<tr>\n<td><a href=\"..\/_2017_\/agosto\/numeral12\/N12SEIJ.pdf\">Secretar\u00eda Ejecutiva de la ICMSJ<\/a><\/td>\n<\/tr>\n<tr>\n<td><a href=\"..\/_2017_\/agosto\/numeral12\/N12BID.pdf\">Programa -BID-<\/a><\/td>\n<\/tr>\n<tr>\n<td><a href=\"..\/_2017_\/agosto\/numeral12\/N12AECID.pdf\">Programa -AECID-<\/a><\/td>\n<\/tr>\n<tr>\n<td><a href=\"..\/_2017_\/agosto\/numeral12\/N12SEJUST.pdf\">Programa -SEJUST-<\/a><\/td>\n<\/tr>\n<\/table>\n<table>\n<tr>\n<th align=\"center\">mes de septiembre<\/th>\n<\/tr>\n<tr>\n<td><a href=\"..\/_2017_\/septiembre\/numeral12\/Num12seij.pdf\">Secretar\u00eda Ejecutiva de la ICMSJ<\/a><\/td>\n<\/tr>\n<tr>\n<td><a href=\"..\/_2017_\/septiembre\/numeral12\/Num12bid.pdf\">Programa -BID-<\/a><\/td>\n<\/tr>\n<tr>\n<td><a href=\"..\/_2017_\/septiembre\/numeral12\/Num12aecid.pdf\">Programa -AECID-<\/a><\/td>\n<\/tr>\n<tr>\n<td><a href=\"..\/_2017_\/septiembre\/numeral12\/Num12sejust.pdf\">Programa -SEJUST-<\/a><\/td>\n<\/tr>\n<\/table>\n<table>\n<tr>\n<th align=\"center\">mes de octubre<\/th>\n<\/tr>\n<tr>\n<td><a href=\"..\/_2017_\/octubre\/numeral12\/Num12seijoct17.pdf\">Secretar\u00eda Ejecutiva de la ICMSJ<\/a><\/td>\n<\/tr>\n<tr>\n<td><a href=\"..\/_2017_\/octubre\/numeral12\/Num12bid17.pdf\">Programa -BID-<\/a><\/td>\n<\/tr>\n<tr>\n<td><a href=\"..\/_2017_\/octubre\/numeral12\/Num12aecidoct17.pdf\">Programa -AECID-<\/a><\/td>\n<\/tr>\n<tr>\n<td><a href=\"..\/_2017_\/octubre\/numeral12\/Num12sejustoct17.pdf\">Programa -SEJUST-<\/a><\/td>\n<\/tr>\n<\/table>\n<table>\n<tr>\n<th align=\"center\">mes de noviembre<\/th>\n<\/tr>\n<tr>\n<td><a href=\"..\/_2017_\/noviembre\/numeral12\/Num12seij11..pdf\">Secretar\u00eda Ejecutiva de la ICMSJ<\/a><\/td>\n<\/tr>\n<tr>\n<td><a href=\"..\/_2017_\/noviembre\/numeral12\/Num12bid11.pdf\">Programa -BID-<\/a><\/td>\n<\/tr>\n<tr>\n<td><a href=\"..\/_2017_\/noviembre\/numeral12\/Num12aecid11.pdf\">Programa -AECID-<\/a><\/td>\n<\/tr>\n<tr>\n<td><a href=\"..\/_2017_\/noviembre\/numeral12\/Num12sejust11.pdf\">Programa -SEJUST-<\/a><\/td>\n<\/tr>\n<\/table>\n<table>\n<tr>\n<th align=\"center\">mes de diciembre<\/th>\n<\/tr>\n<tr>\n<td><a href=\"..\/_2017_\/diciembre\/Numeral12\/num12.seij.dic.17.pdf\">Secretar\u00eda Ejecutiva de la ICMSJ<\/a><\/td>\n<\/tr>\n<tr>\n<td><a href=\"..\/_2017_\/diciembre\/Numeral12\/Num12.bid.dic.17.pdf\">Programa -BID-<\/a><\/td>\n<\/tr>\n<tr>\n<td><a href=\"..\/_2017_\/diciembre\/Numeral12\/Num12.aecid.dic.17.pdf\">Programa -AECID-<\/a><\/td>\n<\/tr>\n<tr>\n<td><a href=\"..\/_2017_\/diciembre\/Numeral12\/Num12.sejust.dic.17.pdf\">Programa -SEJUST-<\/a><\/td>\n<\/tr>\n<\/table>\n","protected":false},"excerpt":{"rendered":"<p>Viajes nacionales e internacionales mes de enero Secretar\u00eda Ejecutiva de la ICMSJ Programa -AECID- Programa -BID- Programa -SEJUST- mes de febrero Secretar\u00eda Ejecutiva de la ICMSJ Programa -AECID- Programa -BID- Programa -SEJUST- mes de marzo Secretar\u00eda Ejecutiva de la ICMSJ Programa -AECID- Programa -BID- Programa -SEJUST- mes de abril Secretar\u00eda Ejecutiva de la ICMSJ Programa [&hellip;]<\/p>\n","protected":false},"author":1,"featured_media":0,"parent":0,"menu_order":0,"comment_status":"closed","ping_status":"closed","template":"","meta":{"_et_pb_use_builder":"","_et_pb_old_content":"","_et_gb_content_width":"","footnotes":""},"class_list":["post-1217","page","type-page","status-publish","hentry"],"nelio_popups_active_popup":"","_links":{"self":[{"href":"https:\/\/seij.gob.gt\/udisep\/wp-json\/wp\/v2\/pages\/1217","targetHints":{"allow":["GET"]}}],"collection":[{"href":"https:\/\/seij.gob.gt\/udisep\/wp-json\/wp\/v2\/pages"}],"about":[{"href":"https:\/\/seij.gob.gt\/udisep\/wp-json\/wp\/v2\/types\/page"}],"author":[{"embeddable":true,"href":"https:\/\/seij.gob.gt\/udisep\/wp-json\/wp\/v2\/users\/1"}],"replies":[{"embeddable":true,"href":"https:\/\/seij.gob.gt\/udisep\/wp-json\/wp\/v2\/comments?post=1217"}],"version-history":[{"count":16,"href":"https:\/\/seij.gob.gt\/udisep\/wp-json\/wp\/v2\/pages\/1217\/revisions"}],"predecessor-version":[{"id":1638,"href":"https:\/\/seij.gob.gt\/udisep\/wp-json\/wp\/v2\/pages\/1217\/revisions\/1638"}],"wp:attachment":[{"href":"https:\/\/seij.gob.gt\/udisep\/wp-json\/wp\/v2\/media?parent=1217"}],"curies":[{"name":"wp","href":"https:\/\/api.w.org\/{rel}","templated":true}]}}