{"id":1223,"date":"2017-02-10T15:05:18","date_gmt":"2017-02-10T15:05:18","guid":{"rendered":"http:\/\/seij.gob.gt\/udisep\/?page_id=1223"},"modified":"2018-01-10T17:39:40","modified_gmt":"2018-01-10T17:39:40","slug":"numeral-20","status":"publish","type":"page","link":"https:\/\/seij.gob.gt\/udisep\/numeral-20\/","title":{"rendered":"Numeral 20"},"content":{"rendered":"<h1>Procesos de cotizaci\u00f3n y licitaci\u00f3n y sus contratos respectivos<\/h1>\n<table>\n<tr>\n<th align=\"center\">mes de enero<\/th>\n<\/tr>\n<tr>\n<td><a href=\"..\/_2017_\/enero\/numeral20\/Num20 SEICMSJ 01.2017.pdf\">Secretar\u00eda Ejecutiva de la ICMSJ<\/a><\/td>\n<\/tr>\n<tr>\n<td><a href=\"..\/_2017_\/enero\/numeral20\/Num20 AECID 01.2017.pdf\">Programa -AECID-<\/a><\/td>\n<\/tr>\n<tr>\n<td><a href=\"..\/_2017_\/enero\/numeral20\/Num20 BID 01.2017.pdf\">Programa -BID-<\/a><\/td>\n<\/tr>\n<tr>\n<td><a href=\"..\/_2017_\/enero\/numeral20\/Num20 SEJUST 01.2017.pdf\">Programa -SEJUST-<\/a><\/td>\n<\/tr>\n<\/table>\n<p><\/p>\n<table>\n<tr>\n<th align=\"center\">mes de febrero<\/th>\n<\/tr>\n<tr>\n<td><a href=\"..\/_2017_\/febrero\/numeral 20\/NUM20 SEIJ-FEB.17.pdf\">Secretar\u00eda Ejecutiva de la ICMSJ<\/a><\/td>\n<\/tr>\n<tr>\n<td><a href=\"..\/_2017_\/febrero\/numeral 20\/Num20 AECID.pdf\">Programa -AECID-<\/a><\/td>\n<\/tr>\n<tr>\n<td><a href=\"..\/_2017_\/febrero\/numeral 20\/Num20 BID-FEB.17.pdf\">Programa -BID-<\/a><\/td>\n<\/tr>\n<tr>\n<td><a href=\"..\/_2017_\/febrero\/numeral 20\/Num20 SEJUST -FEB.17.pdf\">Programa -SEJUST-<\/a><\/td>\n<\/tr>\n<\/table>\n<p><\/p>\n<table>\n<tr>\n<th align=\"center\">mes de marzo<\/th>\n<\/tr>\n<tr>\n<td><a href=\"..\/_2017_\/marzo\/numeral 20\/Num20 Mar.SEIJ.pdf\">Secretar\u00eda Ejecutiva de la ICMSJ<\/a><\/td>\n<\/tr>\n<tr>\n<td><a href=\"..\/_2017_\/marzo\/numeral 20\/Num20 Marz.AECID.pdf\">Programa -AECID-<\/a><\/td>\n<\/tr>\n<tr>\n<td><a href=\"..\/_2017_\/marzo\/numeral 20\/Num20 Mar. BID.pdf\">Programa -BID-<\/a><\/td>\n<\/tr>\n<tr>\n<td><a href=\"..\/_2017_\/marzo\/numeral 20\/Num20 Mar.SEJUST.pdf\">Programa -SEJUST-<\/a><\/td>\n<\/tr>\n<\/table>\n<table>\n<tr>\n<th align=\"center\">mes de abril<\/th>\n<\/tr>\n<tr>\n<td><a>Secretar\u00eda Ejecutiva de la ICMSJ<\/a><\/td>\n<\/tr>\n<tr>\n<td><a href=\"..\/_2017_\/abril\/numeral20\/Num20AECID.pdf\">Programa -AECID-<\/a><\/td>\n<\/tr>\n<tr>\n<td><a>Programa -BID-<\/a><\/td>\n<\/tr>\n<tr>\n<td><a href=\"..\/_2017_\/abril\/numeral20\/Num20SEJUST.pdf\">Programa -SEJUST-<\/a><\/td>\n<\/tr>\n<\/table>\n<table>\n<tr>\n<th align=\"center\">mes de mayo<\/th>\n<\/tr>\n<tr>\n<td><a href=\"..\/_2017_\/mayo\/numeral20\/Num20.seij.mayo.pdf\">Secretar\u00eda Ejecutiva de la ICMSJ<\/a><\/td>\n<\/tr>\n<tr>\n<td><a href=\"..\/_2017_\/mayo\/numeral20\/Num20.aecid.mayo.pdf\">Programa -AECID-<\/a><\/td>\n<\/tr>\n<tr>\n<td><a href=\"..\/_2017_\/mayo\/numeral20\/Num20.bid.mayo.pdf\">Programa -BID-<\/a><\/td>\n<\/tr>\n<tr>\n<td><a href=\"..\/_2017_\/mayo\/numeral20\/Num20.sejust.mayo.pdf\">Programa -SEJUST-<\/a><\/td>\n<\/tr>\n<\/table>\n<table>\n<tr>\n<th align=\"center\">mes de junio<\/th>\n<\/tr>\n<tr>\n<td><a href=\"..\/_2017_\/junio\/numeral20\/Num.20.seij.0617.pdf\">Secretar\u00eda Ejecutiva de la ICMSJ<\/a><\/td>\n<\/tr>\n<tr>\n<td><a href=\"..\/_2017_\/junio\/numeral20\/Num.20.aecid.0617.pdf\">Programa -AECID-<\/a><\/td>\n<\/tr>\n<tr>\n<td><a href=\"..\/_2017_\/junio\/numeral20\/Num.20.bid.0617.pdf\">Programa -BID-<\/a><\/td>\n<\/tr>\n<tr>\n<td><a href=\"..\/_2017_\/junio\/numeral20\/Num.20.sejust.0617.pdf\">Programa -SEJUST-<\/a><\/td>\n<\/tr>\n<\/table>\n<table>\n<tr>\n<th align=\"center\">mes de julio<\/th>\n<\/tr>\n<tr>\n<td><a href=\"..\/_2017_\/julio\/numeral20\/Num20seij.pdf\">Secretar\u00eda Ejecutiva de la ICMSJ<\/a><\/td>\n<\/tr>\n<tr>\n<td><a href=\"..\/_2017_\/julio\/numeral20\/Num20aecid.pdf\">Programa -AECID-<\/a><\/td>\n<\/tr>\n<tr>\n<td><a href=\"..\/_2017_\/julio\/numeral20\/Num.20bid.pdf\">Programa -BID-<\/a><\/td>\n<\/tr>\n<tr>\n<td><a href=\"..\/_2017_\/julio\/numeral20\/N20SEJUST.pdf\">Programa -SEJUST-<\/a><\/td>\n<\/tr>\n<\/table>\n<table>\n<tr>\n<th align=\"center\">mes de agosto<\/th>\n<\/tr>\n<tr>\n<td><a href=\"..\/_2017_\/agosto\/numeral20\/N20SEIJ.pdf\">Secretar\u00eda Ejecutiva de la ICMSJ<\/a><\/td>\n<\/tr>\n<tr>\n<td><a href=\"..\/_2017_\/agosto\/numeral20\/N20BID.pdf\">Programa -BID-<\/a><\/td>\n<\/tr>\n<tr>\n<td><a href=\"..\/_2017_\/agosto\/numeral20\/N20AECID.pdf\">Programa -AECID-<\/a><\/td>\n<\/tr>\n<tr>\n<td><a href=\"..\/_2017_\/agosto\/numeral20\/N20SEJUST.pdf\">Programa -SEJUST-<\/a><\/td>\n<\/tr>\n<\/table>\n<table>\n<tr>\n<th align=\"center\">mes de septiembre<\/th>\n<\/tr>\n<tr>\n<td><a href=\"..\/_2017_\/septiembre\/numeral20\/Num20seij.pdf\">Secretar\u00eda Ejecutiva de la ICMSJ<\/a><\/td>\n<\/tr>\n<tr>\n<td><a href=\"..\/_2017_\/septiembre\/numeral20\/Num20bid.pdf\">Programa -BID-<\/a><\/td>\n<\/tr>\n<tr>\n<td><a href=\"..\/_2017_\/sepiembre\/numeral20\/Num20aecid.pdf\">Programa -AECID-<\/a><\/td>\n<\/tr>\n<tr>\n<td><a href=\"..\/_2017_\/septiembre\/numeral20\/Num20sejust.pdf\">Programa -SEJUST-<\/a><\/td>\n<\/tr>\n<\/table>\n<table>\n<tr>\n<th align=\"center\">mes de octubre<\/th>\n<\/tr>\n<tr>\n<td><a href=\"..\/_2017_\/octubre\/numeral20\/Num20seijoct17.pdf\">Secretar\u00eda Ejecutiva de la ICMSJ<\/a><\/td>\n<\/tr>\n<tr>\n<td><a href=\"..\/_2017_\/octubre\/numeral20\/Num20bid17.pdf\">Programa -BID-<\/a><\/td>\n<\/tr>\n<tr>\n<td><a href=\"..\/_2017_\/octubre\/numeral20\/Num20aecidoct17.pdf\">Programa -AECID-<\/a><\/td>\n<\/tr>\n<tr>\n<td><a href=\"..\/_2017_\/octubre\/numeral20\/Num20sejustoct17.pdf\">Programa -SEJUST-<\/a><\/td>\n<\/tr>\n<\/table>\n<table>\n<tr>\n<th align=\"center\">mes de noviembre<\/th>\n<\/tr>\n<tr>\n<td><a href=\"..\/_2017_\/noviembre\/numeral20\/Num20seij11.pdf\">Secretar\u00eda Ejecutiva de la ICMSJ<\/a><\/td>\n<\/tr>\n<tr>\n<td><a href=\"..\/_2017_\/noviembre\/numeral20\/Num20bid11.pdf\">Programa -BID-<\/a><\/td>\n<\/tr>\n<tr>\n<td><a href=\"..\/_2017_\/noviembre\/numeral20\/Num20aecid11.pdf\">Programa -AECID-<\/a><\/td>\n<\/tr>\n<tr>\n<td><a href=\"..\/_2017_\/noviembre\/numeral20\/Num20sejust11.pdf\">Programa -SEJUST-<\/a><\/td>\n<\/tr>\n<\/table>\n<table>\n<tr>\n<th align=\"center\">mes de diciembre<\/th>\n<\/tr>\n<tr>\n<td><a href=\"..\/_2017_\/diciembre\/Numeral20\/num20.seij.dic.17.pdf\">Secretar\u00eda Ejecutiva de la ICMSJ<\/a><\/td>\n<\/tr>\n<tr>\n<td><a href=\"..\/_2017_\/diciembre\/Numeral20\/Num20.bid.dic.17.pdf\">Programa -BID-<\/a><\/td>\n<\/tr>\n<tr>\n<td><a href=\"..\/_2017_\/diciembre\/Numeral20\/Num20.aecid.dic.17.pdf\">Programa -AECID-<\/a><\/td>\n<\/tr>\n<tr>\n<td><a href=\"..\/_2017_\/diciembre\/Numeral20\/Num20.sejust.dic.17.pdf\">Programa -SEJUST-<\/a><\/td>\n<\/tr>\n<\/table>\n","protected":false},"excerpt":{"rendered":"<p>Procesos de cotizaci\u00f3n y licitaci\u00f3n y sus contratos respectivos mes de enero Secretar\u00eda Ejecutiva de la ICMSJ Programa -AECID- Programa -BID- Programa -SEJUST- mes de febrero Secretar\u00eda Ejecutiva de la ICMSJ Programa -AECID- Programa -BID- Programa -SEJUST- mes de marzo Secretar\u00eda Ejecutiva de la ICMSJ Programa -AECID- Programa -BID- Programa -SEJUST- mes de abril Secretar\u00eda [&hellip;]<\/p>\n","protected":false},"author":1,"featured_media":0,"parent":0,"menu_order":0,"comment_status":"closed","ping_status":"closed","template":"","meta":{"_et_pb_use_builder":"","_et_pb_old_content":"","_et_gb_content_width":"","footnotes":""},"class_list":["post-1223","page","type-page","status-publish","hentry"],"nelio_popups_active_popup":"","_links":{"self":[{"href":"https:\/\/seij.gob.gt\/udisep\/wp-json\/wp\/v2\/pages\/1223","targetHints":{"allow":["GET"]}}],"collection":[{"href":"https:\/\/seij.gob.gt\/udisep\/wp-json\/wp\/v2\/pages"}],"about":[{"href":"https:\/\/seij.gob.gt\/udisep\/wp-json\/wp\/v2\/types\/page"}],"author":[{"embeddable":true,"href":"https:\/\/seij.gob.gt\/udisep\/wp-json\/wp\/v2\/users\/1"}],"replies":[{"embeddable":true,"href":"https:\/\/seij.gob.gt\/udisep\/wp-json\/wp\/v2\/comments?post=1223"}],"version-history":[{"count":18,"href":"https:\/\/seij.gob.gt\/udisep\/wp-json\/wp\/v2\/pages\/1223\/revisions"}],"predecessor-version":[{"id":1643,"href":"https:\/\/seij.gob.gt\/udisep\/wp-json\/wp\/v2\/pages\/1223\/revisions\/1643"}],"wp:attachment":[{"href":"https:\/\/seij.gob.gt\/udisep\/wp-json\/wp\/v2\/media?parent=1223"}],"curies":[{"name":"wp","href":"https:\/\/api.w.org\/{rel}","templated":true}]}}