{"id":1250,"date":"2017-02-10T22:00:52","date_gmt":"2017-02-10T22:00:52","guid":{"rendered":"http:\/\/seij.gob.gt\/udisep\/?page_id=1250"},"modified":"2018-01-10T21:57:59","modified_gmt":"2018-01-10T21:57:59","slug":"numeral-10","status":"publish","type":"page","link":"https:\/\/seij.gob.gt\/udisep\/numeral-10\/","title":{"rendered":"Numeral 10"},"content":{"rendered":"<h1>Procesos de cotizaci\u00f3n y licitaci\u00f3n para programas del sujeto obligado que tengan beneficiarios directos e indirecto<\/h1>\n<table>\n<tr>\n<td>Secretar\u00eda Ejecutiva de la ICMSJ<\/td>\n<td>Sin movimiento<\/td>\n<\/tr>\n<tr>\n<td>Programa -AECID-<\/td>\n<td>Sin movimiento<\/td>\n<\/tr>\n<tr>\n<td>Programa -BID-<\/td>\n<td>Sin movimiento<\/td>\n<\/tr>\n<tr>\n<td>Programa -SEJUST-<\/td>\n<td>Sin movimiento<\/td>\n<\/tr>\n<\/table>\n<p><\/p>\n<table>\n<tr>\n<td>febrero<\/td>\n<\/tr>\n<tr>\n<td>Secretar\u00eda Ejecutiva de la ICMSJ<\/td>\n<td><a href=\"..\/_2017_\/febrero\/numeral 10\/NUM10 SEIJ-EB.17.pdf\">Descargar<\/a><\/td>\n<\/tr>\n<tr>\n<td>Programa -AECID-<\/td>\n<td>Sin movimiento<\/td>\n<\/tr>\n<tr>\n<td>Programa -BID-<\/td>\n<td>Sin movimiento<\/td>\n<\/tr>\n<tr>\n<td>Programa -SEJUST-<\/td>\n<td>Sin movimiento<\/td>\n<\/tr>\n<\/table>\n<table>\n<tr>\n<td>marzo<\/td>\n<\/tr>\n<tr>\n<td>Secretar\u00eda Ejecutiva de la ICMSJ<\/td>\n<td>Sin movimiento<\/td>\n<\/tr>\n<tr>\n<td>Programa -AECID-<\/td>\n<td>Sin movimiento<\/td>\n<\/tr>\n<tr>\n<td>Programa -BID-<\/td>\n<td>Sin movimiento<\/td>\n<\/tr>\n<tr>\n<td>Programa -SEJUST-<\/td>\n<td>Sin movimiento<\/td>\n<\/tr>\n<\/table>\n<table>\n<tr>\n<td>abril<\/td>\n<\/tr>\n<tr>\n<td>Secretar\u00eda Ejecutiva de la ICMSJ<\/td>\n<td>Sin movimiento<\/td>\n<\/tr>\n<tr>\n<td>Programa -AECID-<\/td>\n<td>Sin movimiento<\/td>\n<\/tr>\n<tr>\n<td>Programa -BID-<\/td>\n<td>Sin movimiento<\/td>\n<\/tr>\n<tr>\n<td>Programa -SEJUST-<\/td>\n<td>Sin movimiento<\/td>\n<\/tr>\n<\/table>\n<table>\n<tr>\n<td>mayo<\/td>\n<\/tr>\n<tr>\n<td>Secretar\u00eda Ejecutiva de la ICMSJ<\/td>\n<td>Sin movimiento<\/td>\n<\/tr>\n<tr>\n<td>Programa -AECID-<\/td>\n<td>Sin movimiento<\/td>\n<\/tr>\n<tr>\n<td>Programa -BID-<\/td>\n<td>Sin movimiento<\/td>\n<\/tr>\n<tr>\n<td>Programa -SEJUST-<\/td>\n<td>Sin movimiento<\/td>\n<\/tr>\n<\/table>\n<table>\n<tr>\n<td>junio<\/td>\n<\/tr>\n<tr>\n<td>Secretar\u00eda Ejecutiva de la ICMSJ<\/td>\n<td>Sin movimiento<\/td>\n<\/tr>\n<tr>\n<td>Programa -AECID-<\/td>\n<td>Sin movimiento<\/td>\n<\/tr>\n<tr>\n<td>Programa -BID-<\/td>\n<td>Sin movimiento<\/td>\n<\/tr>\n<tr>\n<td>Programa -SEJUST-<\/td>\n<td>Sin movimiento<\/td>\n<\/tr>\n<\/table>\n<table>\n<tr>\n<td>julio<\/td>\n<\/tr>\n<tr>\n<td>Secretar\u00eda Ejecutiva de la ICMSJ<\/td>\n<td>Sin movimiento<\/td>\n<\/tr>\n<tr>\n<td>Programa -AECID-<\/td>\n<td>Sin movimiento<\/td>\n<\/tr>\n<tr>\n<td>Programa -BID-<\/td>\n<td>Sin movimiento<\/td>\n<\/tr>\n<tr>\n<td>Programa -SEJUST-<\/td>\n<td>Sin movimiento<\/td>\n<\/tr>\n<\/table>\n<table>\n<tr>\n<td>agosto<\/td>\n<\/tr>\n<tr>\n<td>Secretar\u00eda Ejecutiva de la ICMSJ<\/td>\n<td><a href=\"..\/_2017_\/agosto\/numeral10\/N10SEIJ.pdf\">Descargar<\/td>\n<\/tr>\n<tr>\n<td>Programa -AECID-<\/td>\n<td>Sin movimiento<\/td>\n<\/tr>\n<tr>\n<td>Programa -BID-<\/td>\n<td>Sin movimiento<\/td>\n<\/tr>\n<tr>\n<td>Programa -SEJUST-<\/td>\n<td>Sin movimiento<\/td>\n<\/tr>\n<\/table>\n<table>\n<tr>\n<td>septiembre<\/td>\n<\/tr>\n<tr>\n<td>Secretar\u00eda Ejecutiva de la ICMSJ<\/td>\n<td><a href=\"..\/_2017_\/septiembre\/numeral10\/Num10seij.pdf\">Descargar<\/td>\n<\/tr>\n<tr>\n<td>Programa -AECID-<\/td>\n<td>Sin movimiento<\/td>\n<\/tr>\n<tr>\n<td>Programa -BID-<\/td>\n<td>Sin movimiento<\/td>\n<\/tr>\n<tr>\n<td>Programa -SEJUST-<\/td>\n<td>Sin movimiento<\/td>\n<\/tr>\n<\/table>\n<table>\n<tr>\n<td>octubre<\/td>\n<\/tr>\n<tr>\n<td>Secretar\u00eda Ejecutiva de la ICMSJ<\/td>\n<td>Sin movimiento<\/td>\n<\/tr>\n<tr>\n<td>Programa -AECID-<\/td>\n<td>Sin movimiento<\/td>\n<\/tr>\n<tr>\n<td>Programa -BID-<\/td>\n<td>Sin movimiento<\/td>\n<\/tr>\n<tr>\n<td>Programa -SEJUST-<\/td>\n<td>Sin movimiento<\/td>\n<\/tr>\n<\/table>\n<table>\n<tr>\n<td>noviembre<\/td>\n<\/tr>\n<tr>\n<td>Secretar\u00eda Ejecutiva de la ICMSJ<\/td>\n<td>Sin movimiento<\/td>\n<\/tr>\n<tr>\n<td>Programa -AECID-<\/td>\n<td>Sin movimiento<\/td>\n<\/tr>\n<tr>\n<td>Programa -BID-<\/td>\n<td>Sin movimiento<\/td>\n<\/tr>\n<tr>\n<td>Programa -SEJUST-<\/td>\n<td>Sin movimiento<\/td>\n<\/tr>\n<\/table>\n<table>\n<tr>\n<td>diciembre<\/td>\n<\/tr>\n<tr>\n<td>Secretar\u00eda Ejecutiva de la ICMSJ<\/td>\n<td>Sin movimiento<\/td>\n<\/tr>\n<tr>\n<td>Programa -AECID-<\/td>\n<td>Sin movimiento<\/td>\n<\/tr>\n<tr>\n<td>Programa -BID-<\/td>\n<td>Sin movimiento<\/td>\n<\/tr>\n<tr>\n<td>Programa -SEJUST-<\/td>\n<td>Sin movimiento<\/td>\n<\/tr>\n<\/table>\n","protected":false},"excerpt":{"rendered":"<p>Procesos de cotizaci\u00f3n y licitaci\u00f3n para programas del sujeto obligado que tengan beneficiarios directos e indirecto Secretar\u00eda Ejecutiva de la ICMSJ Sin movimiento Programa -AECID- Sin movimiento Programa -BID- Sin movimiento Programa -SEJUST- Sin movimiento febrero Secretar\u00eda Ejecutiva de la ICMSJ Descargar Programa -AECID- Sin movimiento Programa -BID- Sin movimiento Programa -SEJUST- Sin movimiento marzo [&hellip;]<\/p>\n","protected":false},"author":1,"featured_media":0,"parent":0,"menu_order":0,"comment_status":"closed","ping_status":"closed","template":"","meta":{"_et_pb_use_builder":"","_et_pb_old_content":"","_et_gb_content_width":"","footnotes":""},"class_list":["post-1250","page","type-page","status-publish","hentry"],"nelio_popups_active_popup":"","_links":{"self":[{"href":"https:\/\/seij.gob.gt\/udisep\/wp-json\/wp\/v2\/pages\/1250","targetHints":{"allow":["GET"]}}],"collection":[{"href":"https:\/\/seij.gob.gt\/udisep\/wp-json\/wp\/v2\/pages"}],"about":[{"href":"https:\/\/seij.gob.gt\/udisep\/wp-json\/wp\/v2\/types\/page"}],"author":[{"embeddable":true,"href":"https:\/\/seij.gob.gt\/udisep\/wp-json\/wp\/v2\/users\/1"}],"replies":[{"embeddable":true,"href":"https:\/\/seij.gob.gt\/udisep\/wp-json\/wp\/v2\/comments?post=1250"}],"version-history":[{"count":12,"href":"https:\/\/seij.gob.gt\/udisep\/wp-json\/wp\/v2\/pages\/1250\/revisions"}],"predecessor-version":[{"id":1276,"href":"https:\/\/seij.gob.gt\/udisep\/wp-json\/wp\/v2\/pages\/1250\/revisions\/1276"}],"wp:attachment":[{"href":"https:\/\/seij.gob.gt\/udisep\/wp-json\/wp\/v2\/media?parent=1250"}],"curies":[{"name":"wp","href":"https:\/\/api.w.org\/{rel}","templated":true}]}}