{"id":1360,"date":"2017-05-11T20:37:52","date_gmt":"2017-05-11T20:37:52","guid":{"rendered":"http:\/\/seij.gob.gt\/udisep\/?page_id=1360"},"modified":"2018-01-10T22:01:56","modified_gmt":"2018-01-10T22:01:56","slug":"numeral-14","status":"publish","type":"page","link":"https:\/\/seij.gob.gt\/udisep\/numeral-14\/","title":{"rendered":"Numeral 14"},"content":{"rendered":"<h1>Informaci\u00f3n sobre los contratos de mantenimiento de equipo, veh\u00edculos, inmuebles, plantas e instalaciones de todos los sujetos obligados<\/h1>\n<table>\n<tr>\n<td>enero<\/td>\n<\/tr>\n<tr>\n<td>Secretar\u00eda de la ICMSJ<\/td>\n<td>No hay movimiento<\/td>\n<\/tr>\n<tr>\n<td>Programa -AECID-<\/td>\n<td>No hay movimiento<\/td>\n<\/tr>\n<tr>\n<td>Programa -BID-<\/td>\n<td>No hay movimiento<\/td>\n<\/tr>\n<tr>\n<td>Programa -SEJUST-<\/td>\n<td>No hay movimiento<\/td>\n<\/tr>\n<\/table>\n<table>\n<tr>\n<td>febrero<\/td>\n<\/tr>\n<tr>\n<td>Secretar\u00eda de la ICMSJ<\/td>\n<td>No hay movimiento<\/td>\n<\/tr>\n<tr>\n<td>Programa -AECID-<\/td>\n<td>No hay movimiento<\/td>\n<\/tr>\n<tr>\n<td>Programa -BID-<\/td>\n<td>No hay movimiento<\/td>\n<\/tr>\n<tr>\n<td>Programa -SEJUST-<\/td>\n<td>No hay movimiento<\/td>\n<\/tr>\n<\/table>\n<table>\n<tr>\n<td>marzo<\/td>\n<\/tr>\n<tr>\n<td>Secretar\u00eda de la ICMSJ<\/td>\n<td>No hay movimiento<\/td>\n<\/tr>\n<tr>\n<td>Programa -AECID-<\/td>\n<td>No hay movimiento<\/td>\n<\/tr>\n<tr>\n<td>Programa -BID-<\/td>\n<td>No hay movimiento<\/td>\n<\/tr>\n<tr>\n<td>Programa -SEJUST-<\/td>\n<td>No hay movimiento<\/td>\n<\/tr>\n<\/table>\n<table>\n<tr>\n<td>abril<\/td>\n<\/tr>\n<tr>\n<td>Secretar\u00eda de la ICMSJ<\/td>\n<td>No hay movimiento<\/td>\n<\/tr>\n<tr>\n<td>Programa -AECID-<\/td>\n<td>No hay movimiento<\/td>\n<\/tr>\n<tr>\n<td>Programa -BID-<\/td>\n<td>No hay movimiento<\/td>\n<\/tr>\n<tr>\n<td>Programa -SEJUST-<\/td>\n<td>No hay movimiento<\/td>\n<\/tr>\n<\/table>\n<table>\n<tr>\n<td>mayo<\/td>\n<\/tr>\n<tr>\n<td>Secretar\u00eda de la ICMSJ<\/td>\n<td>No hay movimiento<\/td>\n<\/tr>\n<tr>\n<td>Programa -AECID-<\/td>\n<td>No hay movimiento<\/td>\n<\/tr>\n<tr>\n<td>Programa -BID-<\/td>\n<td>No hay movimiento<\/td>\n<\/tr>\n<tr>\n<td>Programa -SEJUST-<\/td>\n<td>No hay movimiento<\/td>\n<\/tr>\n<\/table>\n<table>\n<tr>\n<td>junio<\/td>\n<\/tr>\n<tr>\n<td>Secretar\u00eda de la ICMSJ<\/td>\n<td>No hay movimiento<\/td>\n<\/tr>\n<tr>\n<td>Programa -AECID-<\/td>\n<td>No hay movimiento<\/td>\n<\/tr>\n<tr>\n<td>Programa -BID-<\/td>\n<td>No hay movimiento<\/td>\n<\/tr>\n<tr>\n<td>Programa -SEJUST-<\/td>\n<td>No hay movimiento<\/td>\n<\/tr>\n<\/table>\n<table>\n<tr>\n<td>julio<\/td>\n<\/tr>\n<tr>\n<td>Secretar\u00eda de la ICMSJ<\/td>\n<td>No hay movimiento<\/td>\n<\/tr>\n<tr>\n<td>Programa -AECID-<\/td>\n<td>No hay movimiento<\/td>\n<\/tr>\n<tr>\n<td>Programa -BID-<\/td>\n<td>No hay movimiento<\/td>\n<\/tr>\n<tr>\n<td>Programa -SEJUST-<\/td>\n<td>No hay movimiento<\/td>\n<\/tr>\n<\/table>\n<table>\n<tr>\n<td>agosto<\/td>\n<\/tr>\n<tr>\n<td>Secretar\u00eda de la ICMSJ<\/td>\n<td>No hay movimiento<\/td>\n<\/tr>\n<tr>\n<td>Programa -AECID-<\/td>\n<td>No hay movimiento<\/td>\n<\/tr>\n<tr>\n<td>Programa -BID-<\/td>\n<td>No hay movimiento<\/td>\n<\/tr>\n<tr>\n<td>Programa -SEJUST-<\/td>\n<td>No hay movimiento<\/td>\n<\/tr>\n<\/table>\n<table>\n<tr>\n<td>septiembre<\/td>\n<\/tr>\n<tr>\n<td>Secretar\u00eda de la ICMSJ<\/td>\n<td>No hay movimiento<\/td>\n<\/tr>\n<tr>\n<td>Programa -AECID-<\/td>\n<td>No hay movimiento<\/td>\n<\/tr>\n<tr>\n<td>Programa -BID-<\/td>\n<td>No hay movimiento<\/td>\n<\/tr>\n<tr>\n<td>Programa -SEJUST-<\/td>\n<td>No hay movimiento<\/td>\n<\/tr>\n<\/table>\n<table>\n<tr>\n<td>octubre<\/td>\n<\/tr>\n<tr>\n<td>Secretar\u00eda de la ICMSJ<\/td>\n<td>No hay movimiento<\/td>\n<\/tr>\n<tr>\n<td>Programa -AECID-<\/td>\n<td>No hay movimiento<\/td>\n<\/tr>\n<tr>\n<td>Programa -BID-<\/td>\n<td>No hay movimiento<\/td>\n<\/tr>\n<tr>\n<td>Programa -SEJUST-<\/td>\n<td>No hay movimiento<\/td>\n<\/tr>\n<\/table>\n<table>\n<tr>\n<td>noviembre<\/td>\n<\/tr>\n<tr>\n<td>Secretar\u00eda de la ICMSJ<\/td>\n<td>No hay movimiento<\/td>\n<\/tr>\n<tr>\n<td>Programa -AECID-<\/td>\n<td>No hay movimiento<\/td>\n<\/tr>\n<tr>\n<td>Programa -BID-<\/td>\n<td>No hay movimiento<\/td>\n<\/tr>\n<tr>\n<td>Programa -SEJUST-<\/td>\n<td>No hay movimiento<\/td>\n<\/tr>\n<\/table>\n<table>\n<tr>\n<td>diciembre<\/td>\n<\/tr>\n<tr>\n<td>Secretar\u00eda de la ICMSJ<\/td>\n<td>No hay movimiento<\/td>\n<\/tr>\n<tr>\n<td>Programa -AECID-<\/td>\n<td>No hay movimiento<\/td>\n<\/tr>\n<tr>\n<td>Programa -BID-<\/td>\n<td>No hay movimiento<\/td>\n<\/tr>\n<tr>\n<td>Programa -SEJUST-<\/td>\n<td>No hay movimiento<\/td>\n<\/tr>\n<\/table>\n","protected":false},"excerpt":{"rendered":"<p>Informaci\u00f3n sobre los contratos de mantenimiento de equipo, veh\u00edculos, inmuebles, plantas e instalaciones de todos los sujetos obligados enero Secretar\u00eda de la ICMSJ No hay movimiento Programa -AECID- No hay movimiento Programa -BID- No hay movimiento Programa -SEJUST- No hay movimiento febrero Secretar\u00eda de la ICMSJ No hay movimiento Programa -AECID- No hay movimiento Programa [&hellip;]<\/p>\n","protected":false},"author":1,"featured_media":0,"parent":0,"menu_order":0,"comment_status":"closed","ping_status":"closed","template":"","meta":{"_et_pb_use_builder":"","_et_pb_old_content":"","_et_gb_content_width":"","footnotes":""},"class_list":["post-1360","page","type-page","status-publish","hentry"],"nelio_popups_active_popup":"","_links":{"self":[{"href":"https:\/\/seij.gob.gt\/udisep\/wp-json\/wp\/v2\/pages\/1360","targetHints":{"allow":["GET"]}}],"collection":[{"href":"https:\/\/seij.gob.gt\/udisep\/wp-json\/wp\/v2\/pages"}],"about":[{"href":"https:\/\/seij.gob.gt\/udisep\/wp-json\/wp\/v2\/types\/page"}],"author":[{"embeddable":true,"href":"https:\/\/seij.gob.gt\/udisep\/wp-json\/wp\/v2\/users\/1"}],"replies":[{"embeddable":true,"href":"https:\/\/seij.gob.gt\/udisep\/wp-json\/wp\/v2\/comments?post=1360"}],"version-history":[{"count":11,"href":"https:\/\/seij.gob.gt\/udisep\/wp-json\/wp\/v2\/pages\/1360\/revisions"}],"predecessor-version":[{"id":1660,"href":"https:\/\/seij.gob.gt\/udisep\/wp-json\/wp\/v2\/pages\/1360\/revisions\/1660"}],"wp:attachment":[{"href":"https:\/\/seij.gob.gt\/udisep\/wp-json\/wp\/v2\/media?parent=1360"}],"curies":[{"name":"wp","href":"https:\/\/api.w.org\/{rel}","templated":true}]}}