{"id":1409,"date":"2017-06-26T21:46:48","date_gmt":"2017-06-26T21:46:48","guid":{"rendered":"http:\/\/seij.gob.gt\/udisep\/?page_id=1409"},"modified":"2024-08-27T10:04:11","modified_gmt":"2024-08-27T16:04:11","slug":"numeral-29","status":"publish","type":"page","link":"https:\/\/seij.gob.gt\/udisep\/numeral-29\/","title":{"rendered":"Numeral 29"},"content":{"rendered":"<p><a href=\"https:\/\/seij.gob.gt\/udisep\/wp-content\/uploads\/2024\/08\/29.jpg\"><img fetchpriority=\"high\" fetchpriority=\"high\" decoding=\"async\" class=\"aligncenter size-full wp-image-6067\" src=\"https:\/\/seij.gob.gt\/udisep\/wp-content\/uploads\/2024\/08\/29.jpg\" alt=\"\" width=\"1920\" height=\"1080\" srcset=\"https:\/\/seij.gob.gt\/udisep\/wp-content\/uploads\/2024\/08\/29.jpg 1920w, https:\/\/seij.gob.gt\/udisep\/wp-content\/uploads\/2024\/08\/29-1280x720.jpg 1280w, https:\/\/seij.gob.gt\/udisep\/wp-content\/uploads\/2024\/08\/29-980x551.jpg 980w, https:\/\/seij.gob.gt\/udisep\/wp-content\/uploads\/2024\/08\/29-480x270.jpg 480w\" sizes=\"(min-width: 0px) and (max-width: 480px) 480px, (min-width: 481px) and (max-width: 980px) 980px, (min-width: 981px) and (max-width: 1280px) 1280px, (min-width: 1281px) 1920px, 100vw\" \/><\/a><\/p>\n<table style=\"height: 1171px; width: 65.3399%;\" width=\"604\">\n<tbody>\n<tr style=\"height: 51px;\">\n<td style=\"width: 329px; text-align: center; height: 51px;\"><span style=\"font-family: 'arial black', sans-serif; color: #000080; font-size: 14pt;\">Descripci\u00f3n\u00a0<\/span><\/td>\n<td style=\"width: 160px; text-align: center; height: 51px;\"><span style=\"font-family: 'arial black', sans-serif; color: #000080; font-size: 14pt;\">Descargar Informaci\u00f3n<\/span><\/td>\n<\/tr>\n<tr style=\"height: 78px;\">\n<td style=\"width: 329px; height: 78px;\"><span style=\"font-family: arial, helvetica, sans-serif; color: #000080;\"><span style=\"font-size: 14pt;\">Ejecuci\u00f3n de Fondo Rotativo Programa -PREVI- (mayo 2023)<\/span><\/span><\/td>\n<td style=\"width: 160px; height: 78px;\"><a href=\"..\/\/_2023_\/informacion_publica\/mayo\/NUMERAL 29\/INFORMACI\u00d3N RELEVANTE PREVI.pdf\"><img decoding=\"async\" class=\"aligncenter wp-image-3229\" src=\"https:\/\/seij.gob.gt\/udisep\/wp-content\/uploads\/2020\/02\/pdf_3.jpg\" alt=\"\" width=\"72\" height=\"78\" \/><\/a><\/td>\n<\/tr>\n<tr style=\"height: 78px;\">\n<td style=\"width: 329px; height: 78px;\"><span style=\"font-family: arial, helvetica, sans-serif; color: #000080;\"><span style=\"font-size: 14pt;\">Ejecuci\u00f3n de Fondo Rotativo Programa -PREVI-<\/span><\/span><\/td>\n<td style=\"width: 160px; height: 78px;\"><a href=\"..\/\/_2023_\/informacion_publica\/marzo\/NUMERAL 29\/INFORMACI\u00d3N RELEVANTE PREVI.pdf\"><img decoding=\"async\" class=\"aligncenter wp-image-3229\" src=\"https:\/\/seij.gob.gt\/udisep\/wp-content\/uploads\/2020\/02\/pdf_3.jpg\" alt=\"\" width=\"72\" height=\"78\" \/><\/a><\/td>\n<\/tr>\n<tr style=\"height: 131px;\">\n<td style=\"width: 329px; height: 131px;\">&nbsp;<\/p>\n<p><span style=\"font-family: arial, helvetica, sans-serif; color: #000080;\"><span style=\"font-size: 14pt;\">Liquidaci\u00f3n de ingresos, egresos y cierre contable a\u00f1o 2,021<\/span><\/span><\/td>\n<td style=\"width: 160px; height: 131px;\"><a href=\"..\/\/_2022_\/informacion publica\/enero\/NUMERAL 29\/LIQUDACION A\u00d1O 2021.pdf\"><img decoding=\"async\" class=\"aligncenter wp-image-3229\" src=\"https:\/\/seij.gob.gt\/udisep\/wp-content\/uploads\/2020\/02\/pdf_3.jpg\" alt=\"\" width=\"72\" height=\"78\" \/><\/a><\/td>\n<\/tr>\n<tr style=\"height: 131px;\">\n<td style=\"width: 329px; height: 131px;\">&nbsp;<\/p>\n<p><span style=\"font-family: arial, helvetica, sans-serif; color: #000080;\"><span style=\"font-size: 14pt;\">Liquidaci\u00f3n de ingresos, egresos y cierre contable a\u00f1o 2,020<\/span>\u00a0<\/span><\/td>\n<td style=\"width: 160px; height: 131px;\"><a href=\"..\/\/_2021_\/informacion publica\/febrero\/NUM29\/CIERRE CONTABLE 2020.pdf\"><img decoding=\"async\" class=\"aligncenter wp-image-3229\" src=\"https:\/\/seij.gob.gt\/udisep\/wp-content\/uploads\/2020\/02\/pdf_3.jpg\" alt=\"\" width=\"72\" height=\"78\" \/><\/a><\/td>\n<\/tr>\n<tr style=\"height: 104px;\">\n<td style=\"width: 329px; height: 104px;\">&nbsp;<\/p>\n<p><span style=\"color: #000080; font-size: 14pt; font-family: arial, helvetica, sans-serif;\">Ejecuci\u00f3n 1er. cuatrimestre 2,020<\/span><\/td>\n<td style=\"width: 160px; height: 104px;\"><a href=\"https:\/\/seij.gob.gt\/udisep\/\/_2020_\/Informacion%20Publica\/mayo\/Articulo%208%20y%2017%20bis%20de%20la%20Ley.pdf\"><img decoding=\"async\" class=\"aligncenter wp-image-3229\" src=\"https:\/\/seij.gob.gt\/udisep\/wp-content\/uploads\/2020\/02\/pdf_3.jpg\" alt=\"\" width=\"72\" height=\"78\" \/><\/a><\/td>\n<\/tr>\n<tr style=\"height: 104px;\">\n<td style=\"width: 329px; height: 104px;\">&nbsp;<\/p>\n<p><span style=\"color: #000080; font-size: 14pt; font-family: arial, helvetica, sans-serif;\">Cierre Fiscal 2,019<\/span><\/td>\n<td style=\"width: 160px; height: 104px;\"><a href=\"..\/\/_2020_\/Informacion Publica\/febrero\/numeral 29\/CIERRE CONTABLE 2019.pdf\"><img decoding=\"async\" class=\"aligncenter wp-image-3229\" src=\"https:\/\/seij.gob.gt\/udisep\/wp-content\/uploads\/2020\/02\/pdf_3.jpg\" alt=\"\" width=\"72\" height=\"78\" \/><\/a><\/td>\n<\/tr>\n<tr style=\"height: 104px;\">\n<td style=\"width: 329px; height: 104px;\">&nbsp;<\/p>\n<p><span style=\"color: #000080; font-size: 14pt; font-family: arial, helvetica, sans-serif;\">Ejecuci\u00f3n 3er cuatrimestre 2,019<\/span><\/td>\n<td style=\"width: 160px; height: 104px;\"><a href=\"https:\/\/seij.gob.gt\/udisep\/\/_2019_\/informacion%20publica\/diciembre\/NUM29_SEIJ_DIC19\/SEICMSJ-CFIP00249.pdf\"><img decoding=\"async\" class=\"aligncenter wp-image-3229\" src=\"https:\/\/seij.gob.gt\/udisep\/wp-content\/uploads\/2020\/02\/pdf_3.jpg\" alt=\"\" width=\"72\" height=\"78\" \/><\/a><\/td>\n<\/tr>\n<tr style=\"height: 104px;\">\n<td style=\"width: 329px; height: 104px;\">&nbsp;<\/p>\n<p><span style=\"color: #000080; font-size: 14pt; font-family: arial, helvetica, sans-serif;\">Cierre Fiscal 2,018<\/span><\/td>\n<td style=\"width: 160px; height: 104px;\"><a href=\"https:\/\/seij.gob.gt\/udisep\/_2019_\/informacion%20publica\/marzo\/NUM29_MAR19\/Informe%20de%20ejecuci%C3%B3n%20presupuestaria%20y%20financiera%202018.PDF\"><img decoding=\"async\" class=\"aligncenter wp-image-3229\" src=\"https:\/\/seij.gob.gt\/udisep\/wp-content\/uploads\/2020\/02\/pdf_3.jpg\" alt=\"\" width=\"72\" height=\"78\" \/><\/a><\/td>\n<\/tr>\n<tr style=\"height: 104px;\">\n<td style=\"width: 329px; height: 104px;\">&nbsp;<\/p>\n<p><span style=\"color: #000080; font-size: 14pt; font-family: arial, helvetica, sans-serif;\">Cierre Fiscal 2,017<\/span><\/td>\n<td style=\"width: 160px; height: 104px;\"><a href=\"https:\/\/seij.gob.gt\/udisep\/_2018_\/numeral29\/INFORME%20DE%20LIQUIDACION%20EJERCICIO%20FISCAL%202017%20SEICMSJ.pdf\"><img decoding=\"async\" class=\"aligncenter wp-image-3229\" src=\"https:\/\/seij.gob.gt\/udisep\/wp-content\/uploads\/2020\/02\/pdf_3.jpg\" alt=\"\" width=\"72\" height=\"78\" \/><\/a><\/td>\n<\/tr>\n<tr style=\"height: 104px;\">\n<td style=\"width: 329px; height: 104px;\">&nbsp;<\/p>\n<p><span style=\"color: #000080; font-size: 14pt; font-family: arial, helvetica, sans-serif;\">Cierre Fiscal<\/span><\/td>\n<td style=\"width: 160px; height: 104px;\"><a href=\"https:\/\/seij.gob.gt\/udisep\/_2017_\/marzo\/numeral%2029\/Cierre%20Ejercicio%20Fiscal%202016.pdf\"><img decoding=\"async\" class=\"aligncenter wp-image-3229\" src=\"https:\/\/seij.gob.gt\/udisep\/wp-content\/uploads\/2020\/02\/pdf_3.jpg\" alt=\"\" width=\"72\" height=\"78\" \/><\/a><\/td>\n<\/tr>\n<\/tbody>\n<\/table>\n<p>&nbsp;<\/p>\n","protected":false},"excerpt":{"rendered":"<p>Descripci\u00f3n\u00a0 Descargar Informaci\u00f3n Ejecuci\u00f3n de Fondo Rotativo Programa -PREVI- (mayo 2023) Ejecuci\u00f3n de Fondo Rotativo Programa -PREVI- &nbsp; Liquidaci\u00f3n de ingresos, egresos y cierre contable a\u00f1o 2,021 &nbsp; Liquidaci\u00f3n de ingresos, egresos y cierre contable a\u00f1o 2,020\u00a0 &nbsp; Ejecuci\u00f3n 1er. cuatrimestre 2,020 &nbsp; Cierre Fiscal 2,019 &nbsp; Ejecuci\u00f3n 3er cuatrimestre 2,019 &nbsp; Cierre Fiscal 2,018 [&hellip;]<\/p>\n","protected":false},"author":1,"featured_media":0,"parent":0,"menu_order":0,"comment_status":"closed","ping_status":"closed","template":"","meta":{"_et_pb_use_builder":"","_et_pb_old_content":"","_et_gb_content_width":"","footnotes":""},"class_list":["post-1409","page","type-page","status-publish","hentry"],"nelio_popups_active_popup":"","_links":{"self":[{"href":"https:\/\/seij.gob.gt\/udisep\/wp-json\/wp\/v2\/pages\/1409","targetHints":{"allow":["GET"]}}],"collection":[{"href":"https:\/\/seij.gob.gt\/udisep\/wp-json\/wp\/v2\/pages"}],"about":[{"href":"https:\/\/seij.gob.gt\/udisep\/wp-json\/wp\/v2\/types\/page"}],"author":[{"embeddable":true,"href":"https:\/\/seij.gob.gt\/udisep\/wp-json\/wp\/v2\/users\/1"}],"replies":[{"embeddable":true,"href":"https:\/\/seij.gob.gt\/udisep\/wp-json\/wp\/v2\/comments?post=1409"}],"version-history":[{"count":22,"href":"https:\/\/seij.gob.gt\/udisep\/wp-json\/wp\/v2\/pages\/1409\/revisions"}],"predecessor-version":[{"id":6068,"href":"https:\/\/seij.gob.gt\/udisep\/wp-json\/wp\/v2\/pages\/1409\/revisions\/6068"}],"wp:attachment":[{"href":"https:\/\/seij.gob.gt\/udisep\/wp-json\/wp\/v2\/media?parent=1409"}],"curies":[{"name":"wp","href":"https:\/\/api.w.org\/{rel}","templated":true}]}}