{"id":1878,"date":"2018-02-06T23:32:10","date_gmt":"2018-02-06T23:32:10","guid":{"rendered":"http:\/\/seij.gob.gt\/udisep\/?page_id=1878"},"modified":"2019-01-10T03:02:01","modified_gmt":"2019-01-10T03:02:01","slug":"numeral-2-ano-2018","status":"publish","type":"page","link":"https:\/\/seij.gob.gt\/udisep\/numeral-2-ano-2018\/","title":{"rendered":"Numeral 2 a\u00f1o 2018"},"content":{"rendered":"<h1>Direcci\u00f3n y tel\u00e9fono de la entidad y dependencias<\/h1>\n<table>\n<tbody>\n<tr>\n<th align=\"center\"><span style=\"color: #000000;\">Mes de Enero<\/span><\/th>\n<\/tr>\n<tr>\n<td><a href=\"..\/_2018_\/Inforrmacion_publica_2018\/enero num 2\/Num_2_seij_enero_18.pdf\">Secretar\u00eda Ejecutiva de la ICMSJ<\/a><\/td>\n<\/tr>\n<tr>\n<td><a href=\"..\/_2018_\/Inforrmacion_publica_2018\/enero num 2\/Num2_aecid_enero_18.pdf\">Programa -AECID-<\/a><\/td>\n<\/tr>\n<tr>\n<td><a href=\"..\/_2018_\/Inforrmacion_publica_2018\/enero num 2\/Num2_bid_enero_18.pdf\">Programa -BID-<\/a><\/td>\n<\/tr>\n<tr>\n<td><a href=\"..\/_2018_\/Inforrmacion_publica_2018\/enero num 2\/Num2_sejust_enero_18.pdf\">Programa -SEJUST-<\/a><\/td>\n<\/tr>\n<tr>\n<th align=\"center\"><span style=\"color: #000000;\">Mes de Febrero<\/span><\/th>\n<\/tr>\n<tr>\n<td><a href=\"..\/_2018_\/Inforrmacion_publica_2018\/febrero\/num02\/Num2-SEIJ-feb18.pdf\">Secretar\u00eda Ejecutiva de la ICMSJ<\/a><\/td>\n<\/tr>\n<tr>\n<td><a href=\"..\/_2018_\/Inforrmacion_publica_2018\/febrero\/num02\/Num2-AECID-FASE II-feb18.pdf\">Programa -AECID-<\/a><\/td>\n<\/tr>\n<tr>\n<td><a href=\"..\/_2018_\/Inforrmacion_publica_2018\/febrero\/num02\/Num2-BID-feb18.pdf\">Programa -BID-<\/a><\/td>\n<\/tr>\n<tr>\n<td><a href=\"..\/_2018_\/Inforrmacion_publica_2018\/febrero\/num02\/corregido_Num2_SEJUST_feb18.pdf\">Programa -SEJUST-<\/a><\/td>\n<\/tr>\n<tr>\n<th align=\"center\"><span style=\"color: #000000;\">Mes de Marzo<\/span><\/th>\n<\/tr>\n<tr>\n<td><a href=\"..\/_2018_\/Inforrmacion_publica_2018\/marzo\/numeral_2\/Num2_SEIJ_mar18.pdf\">Secretar\u00eda Ejecutiva de la ICMSJ<\/a><\/td>\n<\/tr>\n<tr>\n<td><a href=\"..\/_2018_\/Inforrmacion_publica_2018\/marzo\/numeral_2\/Num 2 AECID.pdf\">Programa -AECID-<\/a><\/td>\n<\/tr>\n<tr>\n<td><a href=\"..\/_2018_\/Inforrmacion_publica_2018\/marzo\/numeral_2\/Num2_BID_mar18.pdf\">Programa -BID-<\/a><\/td>\n<\/tr>\n<tr>\n<td><a href=\"..\/_2018_\/Inforrmacion_publica_2018\/marzo\/numeral_2\/corregido_Num2_SEJUST_mar18.pdf\">Programa -SEJUST-<\/a><\/td>\n<\/tr>\n<tr>\n<th align=\"center\"><span style=\"color: #000000;\">Mes de Abril<\/span><\/th>\n<\/tr>\n<tr>\n<td><a href=\"..\/_2018_\/Inforrmacion_publica_2018\/abril\/numeral 2\/Num2_SEIJ_ab18.pdf\">Secretar\u00eda Ejecutiva de la ICMSJ<\/a><\/td>\n<\/tr>\n<tr>\n<td><a href=\"..\/_2018_\/Inforrmacion_publica_2018\/abril\/numeral 2\/Num2 AECID_ab 18.pdf\">Programa -AECID-<\/a><\/td>\n<\/tr>\n<tr>\n<td><a href=\"..\/_2018_\/Inforrmacion_publica_2018\/abril\/numeral 2\/Num2_BID_ab18.pdf\">Programa -BID-<\/a><\/td>\n<\/tr>\n<tr>\n<td><a href=\"..\/_2018_\/Inforrmacion_publica_2018\/abril\/numeral 2\/Num2_SEJUST_ab18.pdf\">Programa -SEJUST-<\/a><\/td>\n<\/tr>\n<tr>\n<th align=\"center\"><span style=\"color: #000000;\">Mes de Mayo<\/span><\/th>\n<\/tr>\n<tr>\n<td><a href=\"..\/_2018_\/Inforrmacion_publica_2018\/mayo\/Num2\/Num2_SEIJ_may18.pdf\">Secretar\u00eda Ejecutiva de la ICMSJ<\/a><\/td>\n<\/tr>\n<tr>\n<td><a href=\"..\/_2018_\/Inforrmacion_publica_2018\/mayo\/Num2\/Num2_AECID_may18.pdf\">Programa -AECID-<\/a><\/td>\n<\/tr>\n<tr>\n<td><a href=\"..\/_2018_\/Inforrmacion_publica_2018\/mayo\/Num2\/Num2_BID_may18.pdf\">Programa -BID-<\/a><\/td>\n<\/tr>\n<tr>\n<td><a href=\"..\/_2018_\/Inforrmacion_publica_2018\/mayo\/Num2\/Num2_SEJUST_may18.pdf\">Programa -SEJUST-<\/a><\/td>\n<\/tr>\n<tr>\n<th align=\"center\"><span style=\"color: #000000;\">Mes de Junio<\/span><\/th>\n<\/tr>\n<tr>\n<td><a href=\"..\/_2018_\/Inforrmacion_publica_2018\/Junio\/Num2\/Num2_seij_jun18.pdf\">Secretar\u00eda Ejecutiva de la ICMSJ<\/a><\/td>\n<\/tr>\n<tr>\n<td><a href=\"..\/_2018_\/Inforrmacion_publica_2018\/Junio\/Num2\/Num2_AECID_jun18.pdf\">Programa -AECID-<\/a><\/td>\n<\/tr>\n<tr>\n<td><a href=\"..\/_2018_\/Inforrmacion_publica_2018\/Junio\/Num2\/Num2_bid_jun18.pdf\">Programa -BID-<\/a><\/td>\n<\/tr>\n<tr>\n<td><a href=\"..\/_2018_\/Inforrmacion_publica_2018\/Junio\/Num2\/Num2_SEJUST_jun18.pdf\">Programa -SEJUST-<\/a><\/td>\n<\/tr>\n<tr>\n<th align=\"center\"><span style=\"color: #000000;\">Mes de Julio<\/span><\/th>\n<\/tr>\n<tr>\n<td><a href=\"..\/_2018_\/Inforrmacion_publica_2018\/Julio\/Num2\/Num2_SEIJ_jul18.pdf\">Secretar\u00eda Ejecutiva de la ICMSJ<\/a><\/td>\n<\/tr>\n<tr>\n<td><a href=\"..\/_2018_\/Inforrmacion_publica_2018\/Julio\/Num2\/Num2_AECID_jul18.pdf\">Programa -AECID-<\/a><\/td>\n<\/tr>\n<tr>\n<td><a href=\"..\/_2018_\/Inforrmacion_publica_2018\/Julio\/Num2\/Num2_BID_jul18.pdf\">Programa -BID-<\/a><\/td>\n<\/tr>\n<tr>\n<td><a href=\"..\/_2018_\/Inforrmacion_publica_2018\/Julio\/Num2\/Num2_SEJUST_jul18.pdf\">Programa -SEJUST-<\/a><\/td>\n<\/tr>\n<tr>\n<th align=\"center\"><span style=\"color: #000000;\">Mes de Agosto<\/span><\/th>\n<\/tr>\n<tr>\n<td><a href=\"..\/_2018_\/Inforrmacion_publica_2018\/agosto\/Numeral_2\/NUM2_SEIJ_AGO18.pdf\">Secretar\u00eda Ejecutiva de la ICMSJ<\/a><\/td>\n<\/tr>\n<tr>\n<td><a href=\"..\/_2018_\/Inforrmacion_publica_2018\/agosto\/Numeral_2\/Num2_AECID_AGO18.pdf\">Programa -AECID-<\/a><\/td>\n<\/tr>\n<tr>\n<td><a href=\"..\/_2018_\/Inforrmacion_publica_2018\/agosto\/Numeral_2\/Num2_BID_ago18.pdf\">Programa -BID-<\/a><\/td>\n<\/tr>\n<tr>\n<td><a href=\"..\/_2018_\/Inforrmacion_publica_2018\/agosto\/Numeral_2\/NUM2_SEJUST_AGO18.pdf\">Programa -SEJUST-<\/a><\/td>\n<\/tr>\n<tr>\n<td><a href=\"..\/_2018_\/Inforrmacion_publica_2018\/agosto\/Numeral_2\/NUM2_PREVENCION_AGO18.pdf\">Prevenci\u00f3n de la Violencia y el Delito<\/a><\/td>\n<\/tr>\n<tr>\n<th align=\"center\"><span style=\"color: #000000;\">Mes de Septiembre<\/span><\/th>\n<\/tr>\n<tr>\n<td><a href=\"..\/_2018_\/Inforrmacion_publica_2018\/Septiembre\/Num2\/NUMERAL2_SEIJ_SEP18.pdf\">Secretar\u00eda Ejecutiva de la ICMSJ<\/a><\/td>\n<\/tr>\n<tr>\n<td><a href=\"..\/_2018_\/Inforrmacion_publica_2018\/Septiembre\/Num2\/NUM2_AECID_SEP18.pdf\">Programa -AECID-<\/a><\/td>\n<\/tr>\n<tr>\n<td><a href=\"..\/_2018_\/Inforrmacion_publica_2018\/Septiembre\/Num2\/NUM2_BID_SEP18.pdf\">Programa -BID-<\/a><\/td>\n<\/tr>\n<tr>\n<td><a href=\"..\/_2018_\/Inforrmacion_publica_2018\/Septiembre\/Num2\/NUM2_SEJUST_SEP18.pdf\">Programa -SEJUST-<\/a><\/td>\n<\/tr>\n<tr>\n<td><a href=\"..\/_2018_\/Inforrmacion_publica_2018\/Septiembre\/Num2\/NUM2_PREVENCION_SEP18.pdf\">Prevenci\u00f3n de la Violencia y el Delito<\/a><\/td>\n<\/tr>\n<tr>\n<th align=\"center\"><span style=\"color: #000000;\">Mes de Octubre<\/span><\/th>\n<\/tr>\n<tr>\n<td><a href=\"..\/_2018_\/Inforrmacion_publica_2018\/octubre\/NUM2_OCT18\/NUM2_SEIJ_OCT18.pdf\">Secretar\u00eda Ejecutiva de la ICMSJ<\/a><\/td>\n<\/tr>\n<tr>\n<td><a href=\"..\/_2018_\/Inforrmacion_publica_2018\/octubre\/NUM2_OCT18\/NUM_AECID_OCT18.pdf\">Programa -AECID-<\/a><\/td>\n<\/tr>\n<tr>\n<td><span style=\"color: #ff0000;\"><strong><a style=\"color: #ff0000;\">Programa -BID- Cierre de Operaciones<\/a><\/strong><\/span><\/td>\n<\/tr>\n<tr>\n<td><a href=\"..\/_2018_\/Inforrmacion_publica_2018\/octubre\/NUM2_OCT18\/NUM2_SEJUST_OCT18.pdf\">Programa -SEJUST-<\/a><\/td>\n<\/tr>\n<tr>\n<td><a href=\"..\/_2018_\/Inforrmacion_publica_2018\/octubre\/NUM2_OCT18\/NUM2_PREVENCION_OCT18.pdf\">Prevenci\u00f3n de la Violencia y el Delito<\/a><\/td>\n<\/tr>\n<tr>\n<th align=\"center\"><span style=\"color: #000000;\">Mes de Noviembre<\/span><\/th>\n<\/tr>\n<tr>\n<td><a href=\"..\/_2018_\/Inforrmacion_publica_2018\/Noviembre\/NUM2_NOV18\/NUM2_SEIJ_NOV18.pdf\">Secretar\u00eda Ejecutiva de la ICMSJ<\/a><\/td>\n<\/tr>\n<tr>\n<td><a href=\"..\/_2018_\/Inforrmacion_publica_2018\/Noviembre\/NUM2_NOV18\/NUM2_AECID_NOV18.pdf\">Programa -AECID-<\/a><\/td>\n<\/tr>\n<tr>\n<td><a href=\"..\/_2018_\/Inforrmacion_publica_2018\/Noviembre\/NUM2_NOV18\/NUM2_SEJUST_NOV18.pdf\">Programa -SEJUST-<\/a><\/td>\n<\/tr>\n<tr>\n<td><a href=\"..\/_2018_\/Inforrmacion_publica_2018\/Noviembre\/NUM2_NOV18\/NUM2_PVC_NOV18.pdf\">Prevenci\u00f3n de la Violencia y el Delito<\/a><\/td>\n<\/tr>\n<tr>\n<th align=\"center\"><span style=\"color: #000000;\">Mes de Diciembre<\/span><\/th>\n<\/tr>\n<tr>\n<td><a href=\"..\/_2018_\/Inforrmacion_publica_2018\/diciembre\/NUM2_DIC18\/NUM2_SEIJ_DIC18.pdf\">Secretar\u00eda Ejecutiva de la ICMSJ<\/a><\/td>\n<\/tr>\n<tr>\n<td><a href=\"..\/_2018_\/Inforrmacion_publica_2018\/diciembre\/NUM2_DIC18\/Num2_AECID_DIC18.pdf\">Programa -AECID-<\/a><\/td>\n<\/tr>\n<tr>\n<td><a href=\"..\/_2018_\/Inforrmacion_publica_2018\/diciembre\/NUM2_DIC18\/NUM2_SEJUST_DIC18.pdf\">Programa -SEJUST-<\/a><\/td>\n<\/tr>\n<tr>\n<td><a href=\"..\/_2018_\/Inforrmacion_publica_2018\/diciembre\/NUM2_DIC18\/NUM2_PVC_DIC18.pdf\">Prevenci\u00f3n de la Violencia y el Delito<\/a><\/td>\n<\/tr>\n<\/tbody>\n<\/table>\n","protected":false},"excerpt":{"rendered":"<p>Direcci\u00f3n y tel\u00e9fono de la entidad y dependencias Mes de Enero Secretar\u00eda Ejecutiva de la ICMSJ Programa -AECID- Programa -BID- Programa -SEJUST- Mes de Febrero Secretar\u00eda Ejecutiva de la ICMSJ Programa -AECID- Programa -BID- Programa -SEJUST- Mes de Marzo Secretar\u00eda Ejecutiva de la ICMSJ Programa -AECID- Programa -BID- Programa -SEJUST- Mes de Abril Secretar\u00eda Ejecutiva [&hellip;]<\/p>\n","protected":false},"author":1,"featured_media":0,"parent":0,"menu_order":0,"comment_status":"closed","ping_status":"closed","template":"","meta":{"_et_pb_use_builder":"","_et_pb_old_content":"","_et_gb_content_width":"","footnotes":""},"class_list":["post-1878","page","type-page","status-publish","hentry"],"nelio_popups_active_popup":"","_links":{"self":[{"href":"https:\/\/seij.gob.gt\/udisep\/wp-json\/wp\/v2\/pages\/1878","targetHints":{"allow":["GET"]}}],"collection":[{"href":"https:\/\/seij.gob.gt\/udisep\/wp-json\/wp\/v2\/pages"}],"about":[{"href":"https:\/\/seij.gob.gt\/udisep\/wp-json\/wp\/v2\/types\/page"}],"author":[{"embeddable":true,"href":"https:\/\/seij.gob.gt\/udisep\/wp-json\/wp\/v2\/users\/1"}],"replies":[{"embeddable":true,"href":"https:\/\/seij.gob.gt\/udisep\/wp-json\/wp\/v2\/comments?post=1878"}],"version-history":[{"count":24,"href":"https:\/\/seij.gob.gt\/udisep\/wp-json\/wp\/v2\/pages\/1878\/revisions"}],"predecessor-version":[{"id":2175,"href":"https:\/\/seij.gob.gt\/udisep\/wp-json\/wp\/v2\/pages\/1878\/revisions\/2175"}],"wp:attachment":[{"href":"https:\/\/seij.gob.gt\/udisep\/wp-json\/wp\/v2\/media?parent=1878"}],"curies":[{"name":"wp","href":"https:\/\/api.w.org\/{rel}","templated":true}]}}