{"id":1885,"date":"2018-02-07T00:31:29","date_gmt":"2018-02-07T00:31:29","guid":{"rendered":"http:\/\/seij.gob.gt\/udisep\/?page_id=1885"},"modified":"2019-01-10T03:07:47","modified_gmt":"2019-01-10T03:07:47","slug":"numeral-3-ano-2018","status":"publish","type":"page","link":"https:\/\/seij.gob.gt\/udisep\/numeral-3-ano-2018\/","title":{"rendered":"Numeral 3 a\u00f1o 2018"},"content":{"rendered":"<h1>Directorio de empleados y servidores p\u00fablicos<\/h1>\n<p>&nbsp;<\/p>\n<table>\n<tbody>\n<tr>\n<td><strong><span style=\"color: #000000;\">Enero<\/span><\/strong><\/td>\n<\/tr>\n<tr>\n<td><a href=\"..\/_2018_\/Inforrmacion_publica_2018\/enero num 3\/Num3_seij_enero_18.pdf\">Secretar\u00eda Ejecutiva de la ICMSJ<\/a><\/td>\n<\/tr>\n<tr>\n<td><a href=\"..\/_2018_\/Inforrmacion_publica_2018\/enero num 3\/Num3_aecid_enero18.pdf\">Programa -AECID-<\/a><\/td>\n<\/tr>\n<tr>\n<td><a href=\"..\/_2018_\/Inforrmacion_publica_2018\/enero num 3\/Num3_aecid_enero_18.pdf\">Programa -AECID-<\/a><\/td>\n<\/tr>\n<tr>\n<td><a href=\"..\/_2018_\/Inforrmacion_publica_2018\/enero num 3\/Num_3_bid_enero_18.pdf\">Programa -BID-<\/a><\/td>\n<\/tr>\n<tr>\n<td><a href=\"..\/_2018_\/Inforrmacion_publica_2018\/enero num 3\/Num3_sejust_enero_18.pdf\">Programa -SEJUST-<\/a><\/td>\n<\/tr>\n<tr>\n<td><strong><span style=\"color: #000000;\">Febrero<\/span><\/strong><\/td>\n<\/tr>\n<tr>\n<td><a href=\"..\/_2018_\/Inforrmacion_publica_2018\/febrero\/num03\/Num3-SEIJ-feb18.pdf\">Secretar\u00eda Ejecutiva de la ICMSJ<\/a><\/td>\n<\/tr>\n<tr>\n<td><a href=\"..\/_2018_\/Inforrmacion_publica_2018\/febrero\/num03\/Num3-AECID-feb18.pdf\">Programa -AECID-<\/a><\/td>\n<\/tr>\n<tr>\n<td><a href=\"..\/_2018_\/Inforrmacion_publica_2018\/febrero\/num03\/Num3-AECID-FASE II-feb18.pdf\">Programa -AECID-<\/a><\/td>\n<\/tr>\n<tr>\n<td><a href=\"..\/_2018_\/Inforrmacion_publica_2018\/febrero\/num03\/Num3-BID-feb18.pdf\">Programa -BID-<\/a><\/td>\n<\/tr>\n<tr>\n<td><a href=\"..\/_2018_\/Inforrmacion_publica_2018\/febrero\/num03\/corregido_Num3_SEJUST_feb18.pdf\">Programa -SEJUST-<\/a><\/td>\n<\/tr>\n<tr>\n<td><strong><span style=\"color: #000000;\">Marzo<\/span><\/strong><\/td>\n<\/tr>\n<tr>\n<td><a href=\"..\/_2018_\/Inforrmacion_publica_2018\/marzo\/numeral_3\/Num3_SEIJ_mar18.pdf\">Secretar\u00eda Ejecutiva de la ICMSJ<\/a><\/td>\n<\/tr>\n<tr>\n<td><a href=\"..\/_2018_\/Inforrmacion_publica_2018\/marzo\/numeral_3\/Num3_AECID_F1_mar18.pdf\">Programa -AECID-<\/a><\/td>\n<\/tr>\n<tr>\n<td><a href=\"..\/_2018_\/Inforrmacion_publica_2018\/marzo\/numeral_3\/Num3_AECID_F2_mar18.pdf\">Programa -AECID-<\/a><\/td>\n<\/tr>\n<tr>\n<td><a href=\"..\/_2018_\/Inforrmacion_publica_2018\/marzo\/numeral_3\/Num3_BID_mar18.pdf\">Programa -BID-<\/a><\/td>\n<\/tr>\n<tr>\n<td><a href=\"..\/_2018_\/Inforrmacion_publica_2018\/marzo\/numeral_3\/corregido_Num3_SEJUST_mar18.pdf\">Programa -SEJUST-<\/a><\/td>\n<\/tr>\n<tr>\n<td><strong><span style=\"color: #000000;\">Abril<\/span><\/strong><\/td>\n<\/tr>\n<tr>\n<td><a href=\"..\/_2018_\/Inforrmacion_publica_2018\/abril\/numeral 3\/Num3_SEIJ_ab18.pdf\">Secretar\u00eda Ejecutiva de la ICMSJ<\/a><\/td>\n<\/tr>\n<tr>\n<td><a href=\"..\/_2018_\/Inforrmacion_publica_2018\/abril\/numeral 3\/Num 3 AECID ab 18.pdf\">Programa -AECID-<\/a><\/td>\n<\/tr>\n<tr>\n<td><a href=\"..\/_2018_\/Inforrmacion_publica_2018\/abril\/numeral 3\/Num3_BID_ab18.pdf\">Programa -BID-<\/a><\/td>\n<\/tr>\n<tr>\n<td><a href=\"..\/_2018_\/Inforrmacion_publica_2018\/abril\/numeral 3\/Num3_SEJUST_ab18.pdf\">Programa -SEJUST-<\/a><\/td>\n<\/tr>\n<tr>\n<td><strong><span style=\"color: #000000;\">Mayo<\/span><\/strong><\/td>\n<\/tr>\n<tr>\n<td><a href=\"..\/_2018_\/Inforrmacion_publica_2018\/mayo\/Num3\/Num3_SEIJ_may18.pdf\">Secretar\u00eda Ejecutiva de la ICMSJ<\/a><\/td>\n<\/tr>\n<tr>\n<td><a href=\"..\/_2018_\/Inforrmacion_publica_2018\/mayo\/Num3\/Num_3_AECID_may18.pdf\">Programa -AECID-<\/a><\/td>\n<\/tr>\n<tr>\n<td><a href=\"..\/_2018_\/Inforrmacion_publica_2018\/mayo\/Num3\/Num3_BID_may18.pdf\">Programa -BID-<\/a><\/td>\n<\/tr>\n<tr>\n<td><a href=\"..\/_2018_\/Inforrmacion_publica_2018\/mayo\/Num3\/Num3_SEJUST_may18.pdf\">Programa -SEJUST-<\/a><\/td>\n<\/tr>\n<tr>\n<td><strong><span style=\"color: #000000;\">Junio<\/span><\/strong><\/td>\n<\/tr>\n<tr>\n<td><a href=\"..\/_2018_\/Inforrmacion_publica_2018\/Junio\/Num3\/Num3_seij_jun18.pdf\">Secretar\u00eda Ejecutiva de la ICMSJ<\/a><\/td>\n<\/tr>\n<tr>\n<td><a href=\"..\/_2018_\/Inforrmacion_publica_2018\/Junio\/Num3\/Num3_AECID_jun18.pdf\">Programa -AECID-<\/a><\/td>\n<\/tr>\n<tr>\n<td><a href=\"..\/_2018_\/Inforrmacion_publica_2018\/Junio\/Num3\/Num3_bid_jun18.pdf\">Programa -BID-<\/a><\/td>\n<\/tr>\n<tr>\n<td><a href=\"..\/_2018_\/Inforrmacion_publica_2018\/Junio\/Num3\/Num3_SEJUST_jun18.pdf\">Programa -SEJUST-<\/a><\/td>\n<\/tr>\n<tr>\n<td><strong><span style=\"color: #000000;\">Julio<\/span><\/strong><\/td>\n<\/tr>\n<tr>\n<td><a href=\"..\/_2018_\/Inforrmacion_publica_2018\/Julio\/Num3\/Num3_SEIJ_jul18.pdf\">Secretar\u00eda Ejecutiva de la ICMSJ<\/a><\/td>\n<\/tr>\n<tr>\n<td><a href=\"..\/_2018_\/Inforrmacion_publica_2018\/Julio\/Num3\/Num3_AECID_jul18.pdf\">Programa -AECID-<\/a><\/td>\n<\/tr>\n<tr>\n<td><a href=\"..\/_2018_\/Inforrmacion_publica_2018\/Julio\/Num3\/Num3_BID_jul18.pdf\">Programa -BID-<\/a><\/td>\n<\/tr>\n<tr>\n<td><a href=\"..\/_2018_\/Inforrmacion_publica_2018\/Julio\/Num3\/Num3_SEJUST_jul18.pdf\">Programa -SEJUST-<\/a><\/td>\n<\/tr>\n<tr>\n<td><strong><span style=\"color: #000000;\">Agosto<\/span><\/strong><\/td>\n<\/tr>\n<tr>\n<td><a href=\"..\/_2018_\/Inforrmacion_publica_2018\/agosto\/Numeral_3\/NUM3_SEIJ_AGO18.pdf\">Secretar\u00eda Ejecutiva de la ICMSJ<\/a><\/td>\n<\/tr>\n<tr>\n<td><a href=\"..\/_2018_\/Inforrmacion_publica_2018\/agosto\/Numeral_3\/Num3_AECID_AGO18.pdf\">Programa -AECID-<\/a><\/td>\n<\/tr>\n<tr>\n<td><a href=\"..\/_2018_\/Inforrmacion_publica_2018\/agosto\/Numeral_3\/Num3_BID_ago18.pdf\">Programa -BID-<\/a><\/td>\n<\/tr>\n<tr>\n<td><a href=\"..\/_2018_\/Inforrmacion_publica_2018\/agosto\/Numeral_3\/NUM3_SEJUST_AGO18.pdf\">Programa -SEJUST-<\/a><\/td>\n<\/tr>\n<tr>\n<td><a href=\"..\/_2018_\/Inforrmacion_publica_2018\/agosto\/Numeral_3\/NUM3_PREVENCION_AGO18.pdf\">Prevenci\u00f3n de la Violencia y el Delito<\/a><\/td>\n<\/tr>\n<tr>\n<td><strong><span style=\"color: #000000;\">Septiembre<\/span><\/strong><\/td>\n<\/tr>\n<tr>\n<td><a href=\"..\/_2018_\/Inforrmacion_publica_2018\/Septiembre\/Num3\/NUM3_SEIJ_SEP18.pdf\">Secretar\u00eda Ejecutiva de la ICMSJ<\/a><\/td>\n<\/tr>\n<tr>\n<td><a href=\"..\/_2018_\/Inforrmacion_publica_2018\/Septiembre\/Num3\/NUM3_AECID_SEP18.pdf\">Programa -AECID-<\/a><\/td>\n<\/tr>\n<tr>\n<td><a href=\"..\/_2018_\/Inforrmacion_publica_2018\/Septiembre\/Num3\/NUM3_BID_SEP18.pdf\">Programa -BID-<\/a><\/td>\n<\/tr>\n<tr>\n<td><a href=\"..\/_2018_\/Inforrmacion_publica_2018\/Septiembre\/Num3\/NUM3_SEJUST_SEP18.pdf\">Programa -SEJUST-<\/a><\/td>\n<\/tr>\n<tr>\n<td><a href=\"..\/_2018_\/Inforrmacion_publica_2018\/Septiembre\/Num3\/NUM3_PREVENCION_SEP18.pdf\">Prevenci\u00f3n de la Violencia y el Delito<\/a><\/td>\n<\/tr>\n<tr>\n<td><strong><span style=\"color: #000000;\">Octubre<\/span><\/strong><\/td>\n<\/tr>\n<tr>\n<td><a href=\"..\/_2018_\/Inforrmacion_publica_2018\/octubre\/NUM3_OCT18\/NUM3_SEIJ_OCT18.pdf\">Secretar\u00eda Ejecutiva de la ICMSJ<\/a><\/td>\n<\/tr>\n<tr>\n<td><a href=\"..\/_2018_\/Inforrmacion_publica_2018\/octubre\/NUM3_OCT18\/NUM3_AECID_OCT18.pdf\">Programa -AECID-<\/a><\/td>\n<\/tr>\n<tr>\n<td><span style=\"color: #ff0000;\"><a style=\"color: #ff0000;\">Programa -BID- Cierre de operaciones<\/a><\/span><\/td>\n<\/tr>\n<tr>\n<td><a href=\"..\/_2018_\/Inforrmacion_publica_2018\/octubre\/NUM3_OCT18\/NUM3_SEJUST_OCT18.pdf\">Programa -SEJUST-<\/a><\/td>\n<\/tr>\n<tr>\n<td><a href=\"..\/_2018_\/Inforrmacion_publica_2018\/octubre\/NUM3_OCT18\/NUM3_PREVENCION_OCT18.pdf\">Prevenci\u00f3n de la Violencia y el Delito<\/a><\/td>\n<\/tr>\n<tr>\n<td><strong><span style=\"color: #000000;\">Noviembre<\/span><\/strong><\/td>\n<\/tr>\n<tr>\n<td><a href=\"..\/_2018_\/Inforrmacion_publica_2018\/Noviembre\/NUM3_NOV18\/NUM3_SEIJ_NOV18.pdf\">Secretar\u00eda Ejecutiva de la ICMSJ<\/a><\/td>\n<\/tr>\n<tr>\n<td><a href=\"..\/_2018_\/Inforrmacion_publica_2018\/Noviembre\/NUM3_NOV18\/NUM3_AECID_NOV18.pdf\">Programa -AECID-<\/a><\/td>\n<\/tr>\n<tr>\n<td><a href=\"..\/_2018_\/Inforrmacion_publica_2018\/Noviembre\/NUM3_NOV18\/NUM3_SEJUST_NOV18.pdf\">Programa -SEJUST-<\/a><\/td>\n<\/tr>\n<tr>\n<td><a href=\"..\/_2018_\/Inforrmacion_publica_2018\/Noviembre\/NUM3_NOV18\/NUM3_PVC_NOV18.pdf\">Prevenci\u00f3n de la Violencia y el Delito<\/a><\/td>\n<\/tr>\n<tr>\n<td><strong><span style=\"color: #000000;\">Diciembre<\/span><\/strong><\/td>\n<\/tr>\n<tr>\n<td><a href=\"..\/_2018_\/Inforrmacion_publica_2018\/diciembre\/NUM3_DIC18\/NUM3_SEIJ_DIC18.pdf\">Secretar\u00eda Ejecutiva de la ICMSJ<\/a><\/td>\n<\/tr>\n<tr>\n<td><a href=\"..\/_2018_\/Inforrmacion_publica_2018\/diciembre\/NUM3_DIC18\/Num3_AECID_Dic18.pdf\">Programa -AECID-<\/a><\/td>\n<\/tr>\n<tr>\n<td><a href=\"..\/_2018_\/Inforrmacion_publica_2018\/diciembre\/NUM3_DIC18\/NUM3_SEJUST_DIC18.pdf\">Programa -SEJUST-<\/a><\/td>\n<\/tr>\n<tr>\n<td><a href=\"..\/_2018_\/Inforrmacion_publica_2018\/diciembre\/NUM3_DIC18\/NUM3_PVC_DIC18.pdf\">Prevenci\u00f3n de la Violencia y el Delito<\/a><\/td>\n<\/tr>\n<\/tbody>\n<\/table>\n","protected":false},"excerpt":{"rendered":"<p>Directorio de empleados y servidores p\u00fablicos &nbsp; Enero Secretar\u00eda Ejecutiva de la ICMSJ Programa -AECID- Programa -AECID- Programa -BID- Programa -SEJUST- Febrero Secretar\u00eda Ejecutiva de la ICMSJ Programa -AECID- Programa -AECID- Programa -BID- Programa -SEJUST- Marzo Secretar\u00eda Ejecutiva de la ICMSJ Programa -AECID- Programa -AECID- Programa -BID- Programa -SEJUST- Abril Secretar\u00eda Ejecutiva de la ICMSJ [&hellip;]<\/p>\n","protected":false},"author":1,"featured_media":0,"parent":0,"menu_order":0,"comment_status":"closed","ping_status":"closed","template":"","meta":{"_et_pb_use_builder":"","_et_pb_old_content":"","_et_gb_content_width":"","footnotes":""},"class_list":["post-1885","page","type-page","status-publish","hentry"],"nelio_popups_active_popup":"","_links":{"self":[{"href":"https:\/\/seij.gob.gt\/udisep\/wp-json\/wp\/v2\/pages\/1885","targetHints":{"allow":["GET"]}}],"collection":[{"href":"https:\/\/seij.gob.gt\/udisep\/wp-json\/wp\/v2\/pages"}],"about":[{"href":"https:\/\/seij.gob.gt\/udisep\/wp-json\/wp\/v2\/types\/page"}],"author":[{"embeddable":true,"href":"https:\/\/seij.gob.gt\/udisep\/wp-json\/wp\/v2\/users\/1"}],"replies":[{"embeddable":true,"href":"https:\/\/seij.gob.gt\/udisep\/wp-json\/wp\/v2\/comments?post=1885"}],"version-history":[{"count":18,"href":"https:\/\/seij.gob.gt\/udisep\/wp-json\/wp\/v2\/pages\/1885\/revisions"}],"predecessor-version":[{"id":2400,"href":"https:\/\/seij.gob.gt\/udisep\/wp-json\/wp\/v2\/pages\/1885\/revisions\/2400"}],"wp:attachment":[{"href":"https:\/\/seij.gob.gt\/udisep\/wp-json\/wp\/v2\/media?parent=1885"}],"curies":[{"name":"wp","href":"https:\/\/api.w.org\/{rel}","templated":true}]}}