{"id":1890,"date":"2018-02-07T01:11:43","date_gmt":"2018-02-07T01:11:43","guid":{"rendered":"http:\/\/seij.gob.gt\/udisep\/?page_id=1890"},"modified":"2019-01-10T04:25:13","modified_gmt":"2019-01-10T04:25:13","slug":"numeral-4-ano-2018","status":"publish","type":"page","link":"https:\/\/seij.gob.gt\/udisep\/numeral-4-ano-2018\/","title":{"rendered":"Numeral 4 a\u00f1o 2018"},"content":{"rendered":"<h1>N\u00famero y nombre de funcionarios, servidores p\u00fablicos, empleados y asesores que laboran en el sujeto obligado<\/h1>\n<table>\n<tbody>\n<tr>\n<th align=\"center\"><span style=\"color: #000000;\"><strong>Enero<\/strong><\/span><\/th>\n<\/tr>\n<tr>\n<td><a href=\"..\/_2018_\/Inforrmacion_publica_2018\/enero num 4\/Num4_seij_enero_18.pdf\">Secretar\u00eda Ejecutiva de la ICMSJ<\/a><\/td>\n<\/tr>\n<tr>\n<td><a href=\"..\/_2018_\/Inforrmacion_publica_2018\/enero num 4\/Num4_aecid_enero_2018.pdf\">Programa -AECID-<\/a><\/td>\n<\/tr>\n<tr>\n<td><a href=\"..\/_2018_\/Inforrmacion_publica_2018\/enero num 4\/Num4_aecid_enero_18.pdf\">Programa -AECID-<\/a><\/td>\n<\/tr>\n<tr>\n<td><a href=\"..\/_2018_\/Inforrmacion_publica_2018\/enero num 4\/Num4_bid_enero_18.pdf\">Programa -BID-<\/a><\/td>\n<\/tr>\n<tr>\n<td><a href=\"..\/_2018_\/Inforrmacion_publica_2018\/enero num 4\/Num4_sejust_enero_18.pdf\">Programa -SEJUST-<\/a><\/td>\n<\/tr>\n<tr>\n<th align=\"center\"><strong><span style=\"color: #000000;\">Febrero<\/span><\/strong><\/th>\n<\/tr>\n<tr>\n<td><a href=\"..\/_2018_\/Inforrmacion_publica_2018\/febrero\/num04\/Num4-SEIJ-feb18.pdf\">Secretar\u00eda Ejecutiva de la ICMSJ<\/a><\/td>\n<\/tr>\n<tr>\n<td><a href=\"..\/_2018_\/Inforrmacion_publica_2018\/febrero\/num04\/Num4-AECID-feb18.pdf\">Programa -AECID-<\/a><\/td>\n<\/tr>\n<tr>\n<td><a href=\"..\/_2018_\/Inforrmacion_publica_2018\/febrero\/num04\/Num4-AECID-FASE II-feb18.pdf\">Programa -AECID-<\/a><\/td>\n<\/tr>\n<tr>\n<td><a href=\"..\/_2018_\/Inforrmacion_publica_2018\/febrero\/num04\/Num4-BID-feb18.pdf\">Programa -BID-<\/a><\/td>\n<\/tr>\n<tr>\n<td><a href=\"..\/_2018_\/Inforrmacion_publica_2018\/febrero\/num04\/corregido_Num4_SEJUST_feb18.pdf\">Programa -SEJUST-<\/a><\/td>\n<\/tr>\n<tr>\n<th align=\"center\"><span style=\"color: #000000;\"><strong>Marzo<\/strong><\/span><\/th>\n<\/tr>\n<tr>\n<td><a href=\"..\/_2018_\/Inforrmacion_publica_2018\/marzo\/numeral_4\/Num4_SEIJ_mar18.pdf\">Secretar\u00eda Ejecutiva de la ICMSJ<\/a><\/td>\n<\/tr>\n<tr>\n<td><a href=\"..\/_2018_\/Inforrmacion_publica_2018\/marzo\/numeral_4\/Num4_AECID_F1_mar18.pdf\">Programa -AECID-<\/a><\/td>\n<\/tr>\n<tr>\n<td><a href=\"..\/_2018_\/Inforrmacion_publica_2018\/marzo\/numeral_4\/Num4_AECID_F2_mar18.pdf\">Programa -AECID-<\/a><\/td>\n<\/tr>\n<tr>\n<td><a href=\"..\/_2018_\/Inforrmacion_publica_2018\/marzo\/numeral_4\/Num4_BID_mar18.pdf\">Programa -BID-<\/a><\/td>\n<\/tr>\n<tr>\n<td><a href=\"..\/_2018_\/Inforrmacion_publica_2018\/marzo\/numeral_4\/corregido_Num4_SEJUST_mar18.pdf\">Programa -SEJUST-<\/a><\/td>\n<\/tr>\n<tr>\n<th align=\"center\"><span style=\"color: #000000;\"><strong>Abril<\/strong><\/span><\/th>\n<\/tr>\n<tr>\n<td><a href=\"..\/_2018_\/Inforrmacion_publica_2018\/abril\/numeral 4\/Num4_SEIJ_ab18.pdf\">Secretar\u00eda Ejecutiva de la ICMSJ<\/a><\/td>\n<\/tr>\n<tr>\n<td><a href=\"..\/_2018_\/Inforrmacion_publica_2018\/abril\/numeral 4\/Num 4_AECID_ab 18.pdf\">Programa -AECID-<\/a><\/td>\n<\/tr>\n<tr>\n<td><a href=\"..\/_2018_\/Inforrmacion_publica_2018\/abril\/numeral 4\/Num4_BID_ab18.pdf\">Programa -BID-<\/a><\/td>\n<\/tr>\n<tr>\n<td><a href=\"..\/_2018_\/Inforrmacion_publica_2018\/abril\/numeral 4\/Num4_SEJUST_ab18.pdf\">Programa -SEJUST-<\/a><\/td>\n<\/tr>\n<tr>\n<th align=\"center\"><strong><span style=\"color: #000000;\">Mayo<\/span><\/strong><\/th>\n<\/tr>\n<tr>\n<td><a href=\"..\/_2018_\/Inforrmacion_publica_2018\/mayo\/Num4\/Num4_SEJUST_may18.pdf\">Secretar\u00eda Ejecutiva de la ICMSJ<\/a><\/td>\n<\/tr>\n<tr>\n<td><a href=\"..\/_2018_\/Inforrmacion_publica_2018\/mayo\/Num4\/Num4_AECID_may18.pdf\">Programa -AECID-<\/a><\/td>\n<\/tr>\n<tr>\n<td><a href=\"..\/_2018_\/Inforrmacion_publica_2018\/mayo\/Num4\/Num4_BID_may18.pdf\">Programa -BID-<\/a><\/td>\n<\/tr>\n<tr>\n<td><a href=\"..\/_2018_\/Inforrmacion_publica_2018\/mayo\/Num4\/Num4_SEJUST_may18.pdf\">Programa -SEJUST-<\/a><\/td>\n<\/tr>\n<tr>\n<th align=\"center\"><strong><span style=\"color: #000000;\">Junio<\/span><\/strong><\/th>\n<\/tr>\n<tr>\n<td><a href=\"..\/_2018_\/Inforrmacion_publica_2018\/Junio\/Num4\/Num4__SEIJ_jun18.pdf\">Secretar\u00eda Ejecutiva de la ICMSJ<\/a><\/td>\n<\/tr>\n<tr>\n<td><a href=\"..\/_2018_\/Inforrmacion_publica_2018\/Junio\/Num4\/Num4_AECID_jun18.pdf\">Programa -AECID-<\/a><\/td>\n<\/tr>\n<tr>\n<td><a href=\"..\/_2018_\/Inforrmacion_publica_2018\/Junio\/Num4\/Num4_bid_jun18.pdf\">Programa -BID-<\/a><\/td>\n<\/tr>\n<tr>\n<td><a href=\"..\/_2018_\/Inforrmacion_publica_2018\/Junio\/Num4\/Num4_SEJUST_jun18.pdf\">Programa -SEJUST-<\/a><\/td>\n<\/tr>\n<tr>\n<th align=\"center\"><strong><span style=\"color: #000000;\">Julio<\/span><\/strong><\/th>\n<\/tr>\n<tr>\n<td><a href=\"..\/_2018_\/Inforrmacion_publica_2018\/Julio\/Num4\/Num4_SEIJ.jul18.pdf\">Secretar\u00eda Ejecutiva de la ICMSJ<\/a><\/td>\n<\/tr>\n<tr>\n<td><a href=\"..\/_2018_\/Inforrmacion_publica_2018\/Julio\/Num4\/Num4_AECID_jul18.pdf\">Programa -AECID-<\/a><\/td>\n<\/tr>\n<tr>\n<td><a href=\"..\/_2018_\/Inforrmacion_publica_2018\/Julio\/Num4\/Num4_BID_jul18.pdf\">Programa -BID-<\/a><\/td>\n<\/tr>\n<tr>\n<td><a href=\"..\/_2018_\/Inforrmacion_publica_2018\/Julio\/Num4\/Num4_SEJUST_jul18.pdf\">Programa -SEJUST-<\/a><\/td>\n<\/tr>\n<tr>\n<th align=\"center\"><strong><span style=\"color: #000000;\">Agosto<\/span><\/strong><\/th>\n<\/tr>\n<tr>\n<td><a href=\"..\/_2018_\/Inforrmacion_publica_2018\/agosto\/Numeral_4\/NUM4_SEIJ_AGO18.pdf\">Secretar\u00eda Ejecutiva de la ICMSJ<\/a><\/td>\n<\/tr>\n<tr>\n<td><a href=\"..\/_2018_\/Inforrmacion_publica_2018\/agosto\/Numeral_4\/Num4_AECID_AGO18.pdf\">Programa -AECID-<\/a><\/td>\n<\/tr>\n<tr>\n<td><a href=\"..\/_2018_\/Inforrmacion_publica_2018\/agosto\/Numeral_4\/Num4_BID_ago18.pdf\">Programa -BID-<\/a><\/td>\n<\/tr>\n<tr>\n<td><a href=\"..\/_2018_\/Inforrmacion_publica_2018\/agosto\/Numeral_4\/Num4_sejust_ago18.pdf\">Programa -SEJUST-<\/a><\/td>\n<\/tr>\n<tr>\n<td><a href=\"..\/_2018_\/Inforrmacion_publica_2018\/agosto\/Numeral_4\/NUM4_PREVENCION_AGO18.pdf\">Prevenci\u00f3n de la violencia y el delito<\/a><\/td>\n<\/tr>\n<tr>\n<th align=\"center\"><strong><span style=\"color: #000000;\">Septiembre<\/span><\/strong><\/th>\n<\/tr>\n<tr>\n<td><a href=\"..\/_2018_\/Inforrmacion_publica_2018\/Septiembre\/Num4\/NUM4_SEIJ_SEP18.pdf\">Secretar\u00eda Ejecutiva de la ICMSJ<\/a><\/td>\n<\/tr>\n<tr>\n<td><a href=\"..\/_2018_\/Inforrmacion_publica_2018\/Septiembre\/Num4\/NUM4_AECID_SEP18.pdf\">Programa -AECID-<\/a><\/td>\n<\/tr>\n<tr>\n<td><a href=\"..\/_2018_\/Inforrmacion_publica_2018\/Septiembre\/Num4\/NUM4_BID_SEP18.pdf\">Programa -BID-<\/a><\/td>\n<\/tr>\n<tr>\n<td><a href=\"..\/_2018_\/Inforrmacion_publica_2018\/Septiembre\/Num4\/NUM4_SEJUST_SEP18.pdf\">Programa -SEJUST-<\/a><\/td>\n<\/tr>\n<tr>\n<td><a href=\"..\/_2018_\/Inforrmacion_publica_2018\/Septiembre\/Num4\/NUM4_PREVENCION_SEP18.pdf\">Prevenci\u00f3n de la Violencia y el Delito<\/a><\/td>\n<\/tr>\n<tr>\n<th align=\"center\"><strong><span style=\"color: #000000;\">Octubre<\/span><\/strong><\/th>\n<\/tr>\n<tr>\n<td><a href=\"..\/_2018_\/Inforrmacion_publica_2018\/octubre\/NUM4_OCT18\/NUM4_SEIJ_OCT18.pdf\">Secretar\u00eda Ejecutiva de la ICMSJ<\/a><\/td>\n<\/tr>\n<tr>\n<td><a href=\"..\/_2018_\/Inforrmacion_publica_2018\/octubre\/NUM4_OCT18\/NUM4_AECID_OCT18.pdf\">Programa -AECID-<\/a><\/td>\n<\/tr>\n<tr>\n<td><span style=\"color: #ff0000;\"><a style=\"color: #ff0000;\">Programa -BID- Cierre de operaciones<\/a><\/span><\/td>\n<\/tr>\n<tr>\n<td><a href=\"..\/_2018_\/Inforrmacion_publica_2018\/octubre\/NUM4_OCT18\/NUM4_SEJUST_OCT18.pdf\">Programa -SEJUST-<\/a><\/td>\n<\/tr>\n<tr>\n<td><a href=\"..\/_2018_\/Inforrmacion_publica_2018\/octubre\/NUM4_OCT18\/NUM4_PREVENCION_OCT18.pdf\">Prevenci\u00f3n de la Violencia y el Delito<\/a><\/td>\n<\/tr>\n<tr>\n<th align=\"center\"><strong><span style=\"color: #000000;\">Noviembre<\/span><\/strong><\/th>\n<\/tr>\n<tr>\n<td><a href=\"..\/_2018_\/Inforrmacion_publica_2018\/Noviembre\/NUM4_NOV18\/NUM4_SEIJ_NOV18.pdf\">Secretar\u00eda Ejecutiva de la ICMSJ<\/a><\/td>\n<\/tr>\n<tr>\n<td><a href=\"..\/_2018_\/Inforrmacion_publica_2018\/Noviembre\/NUM4_NOV18\/NUM4_AECID_NOV18.pdf\">Programa -AECID-<\/a><\/td>\n<\/tr>\n<tr>\n<td><a href=\"..\/_2018_\/Inforrmacion_publica_2018\/Noviembre\/NUM4_NOV18\/NUM4_SEJUST_NOV18.pdf\">Programa -SEJUST-<\/a><\/td>\n<\/tr>\n<tr>\n<td><a href=\"..\/_2018_\/Inforrmacion_publica_2018\/Noviembre\/NUM4_NOV18\/NUM4_PVC_NOV18.pdf\">Prevenci\u00f3n de la Violencia y el Delito<\/a><\/td>\n<\/tr>\n<tr>\n<th align=\"center\"><strong><span style=\"color: #000000;\">Diciembre<\/span><\/strong><\/th>\n<\/tr>\n<tr>\n<td><a href=\"..\/_2018_\/Inforrmacion_publica_2018\/diciembre\/NUM4_DIC18\/NUM4_SEIJ_DIC18.pdf\">Secretar\u00eda Ejecutiva de la ICMSJ<\/a><\/td>\n<\/tr>\n<tr>\n<td><a href=\"..\/_2018_\/Inforrmacion_publica_2018\/diciembre\/NUM4_DIC18\/NUM4_AECID_DIC2018.pdf\">Programa -AECID-<\/a><\/td>\n<\/tr>\n<tr>\n<td><a href=\"..\/_2018_\/Inforrmacion_publica_2018\/diciembre\/NUM4_DIC18\/NUM4_SEJUST_OCT18.pdf\">Programa -SEJUST-<\/a><\/td>\n<\/tr>\n<tr>\n<td><a href=\"..\/_2018_\/Inforrmacion_publica_2018\/diciembre\/NUM4_DIC18\/NUM4_PVC_DIC18.pdf\">Prevenci\u00f3n de la Violencia y el Delito<\/a><\/td>\n<\/tr>\n<\/tbody>\n<\/table>\n","protected":false},"excerpt":{"rendered":"<p>N\u00famero y nombre de funcionarios, servidores p\u00fablicos, empleados y asesores que laboran en el sujeto obligado Enero Secretar\u00eda Ejecutiva de la ICMSJ Programa -AECID- Programa -AECID- Programa -BID- Programa -SEJUST- Febrero Secretar\u00eda Ejecutiva de la ICMSJ Programa -AECID- Programa -AECID- Programa -BID- Programa -SEJUST- Marzo Secretar\u00eda Ejecutiva de la ICMSJ Programa -AECID- Programa -AECID- Programa [&hellip;]<\/p>\n","protected":false},"author":1,"featured_media":0,"parent":0,"menu_order":0,"comment_status":"closed","ping_status":"closed","template":"","meta":{"_et_pb_use_builder":"","_et_pb_old_content":"","_et_gb_content_width":"","footnotes":""},"class_list":["post-1890","page","type-page","status-publish","hentry"],"nelio_popups_active_popup":"","_links":{"self":[{"href":"https:\/\/seij.gob.gt\/udisep\/wp-json\/wp\/v2\/pages\/1890","targetHints":{"allow":["GET"]}}],"collection":[{"href":"https:\/\/seij.gob.gt\/udisep\/wp-json\/wp\/v2\/pages"}],"about":[{"href":"https:\/\/seij.gob.gt\/udisep\/wp-json\/wp\/v2\/types\/page"}],"author":[{"embeddable":true,"href":"https:\/\/seij.gob.gt\/udisep\/wp-json\/wp\/v2\/users\/1"}],"replies":[{"embeddable":true,"href":"https:\/\/seij.gob.gt\/udisep\/wp-json\/wp\/v2\/comments?post=1890"}],"version-history":[{"count":16,"href":"https:\/\/seij.gob.gt\/udisep\/wp-json\/wp\/v2\/pages\/1890\/revisions"}],"predecessor-version":[{"id":2412,"href":"https:\/\/seij.gob.gt\/udisep\/wp-json\/wp\/v2\/pages\/1890\/revisions\/2412"}],"wp:attachment":[{"href":"https:\/\/seij.gob.gt\/udisep\/wp-json\/wp\/v2\/media?parent=1890"}],"curies":[{"name":"wp","href":"https:\/\/api.w.org\/{rel}","templated":true}]}}