{"id":1907,"date":"2018-02-07T17:10:00","date_gmt":"2018-02-07T17:10:00","guid":{"rendered":"http:\/\/seij.gob.gt\/udisep\/?page_id=1907"},"modified":"2019-01-10T03:30:16","modified_gmt":"2019-01-10T03:30:16","slug":"numeral-9-ano-2018","status":"publish","type":"page","link":"https:\/\/seij.gob.gt\/udisep\/numeral-9-ano-2018\/","title":{"rendered":"Numeral 9 a\u00f1o 2018"},"content":{"rendered":"<h1>Dep\u00f3sitos constituidos con fondos p\u00fablicos<\/h1>\n<table>\n<tr>\n<th align=\"center\">2018<\/th>\n<\/tr>\n<tr>\n<td><a href=\"..\/_2018_\/Inforrmacion_publica_2018\/enero num 9\/Num9_enero_18.pdf\">Enero<\/a><\/td>\n<\/tr>\n<tr>\n<td><a href=\"..\/_2018_\/Inforrmacion_publica_2018\/febrero\/num09\/NUM-9-FEB-18.pdf\">Febrero<\/a><\/td>\n<\/tr>\n<tr>\n<td><a href=\"..\/_2018_\/Inforrmacion_publica_2018\/marzo\/numeral_9\/Num9_mar18.pdf\">Marzo<\/a><\/td>\n<\/tr>\n<tr>\n<td><a href=\"..\/_2018_\/Inforrmacion_publica_2018\/abril\/numeral 9\/Num9_ab18.pdf\">Abril<\/a><\/td>\n<\/tr>\n<tr>\n<td><a href=\"..\/_2018_\/Inforrmacion_publica_2018\/mayo\/Num9\/Num9_may18.pdf\">Mayo<\/a><\/td>\n<\/tr>\n<td><a href=\"..\/_2018_\/Inforrmacion_publica_2018\/Junio\/Num9\/Num9_jun18.pdf\">Junio<\/a><\/td>\n<\/tr>\n<td><a href=\"..\/_2018_\/Inforrmacion_publica_2018\/Julio\/Num9\/Num9_jul18.pdf\">Julio<\/a><\/td>\n<\/tr>\n<td><a href=\"..\/_2018_\/Inforrmacion_publica_2018\/agosto\/Numeral_9\/NUM9_AGO18.pdf\">Agosto<\/a><\/td>\n<\/tr>\n<td><a href=\"..\/_2018_\/Inforrmacion_publica_2018\/Septiembre\/Num9\/NUM9_SEP18.pdf\">Septiembre<\/a><\/td>\n<\/tr>\n<td><a href=\"..\/_2018_\/Inforrmacion_publica_2018\/octubre\/NUM9_OCT18\/NUM9_OCT18.PDF\">Octubre<\/a><\/td>\n<\/tr>\n<td><a href=\"..\/_2018_\/Inforrmacion_publica_2018\/Noviembre\/NUM9_NOV18\/NUM9_NOV18.pdf\">Noviembre<\/a><\/td>\n<\/tr>\n<td><a href=\"..\/_2018_\/Inforrmacion_publica_2018\/diciembre\/NUM9_DIC18\/NUM9_DIC18.pdf\">Diciembre<\/a><\/td>\n<\/tr>\n<table\/>\n","protected":false},"excerpt":{"rendered":"<p>Dep\u00f3sitos constituidos con fondos p\u00fablicos 2018 Enero Febrero Marzo Abril Mayo Junio Julio Agosto Septiembre Octubre Noviembre Diciembre<\/p>\n","protected":false},"author":1,"featured_media":0,"parent":0,"menu_order":0,"comment_status":"closed","ping_status":"closed","template":"","meta":{"_et_pb_use_builder":"","_et_pb_old_content":"","_et_gb_content_width":"","footnotes":""},"class_list":["post-1907","page","type-page","status-publish","hentry"],"nelio_popups_active_popup":"","_links":{"self":[{"href":"https:\/\/seij.gob.gt\/udisep\/wp-json\/wp\/v2\/pages\/1907","targetHints":{"allow":["GET"]}}],"collection":[{"href":"https:\/\/seij.gob.gt\/udisep\/wp-json\/wp\/v2\/pages"}],"about":[{"href":"https:\/\/seij.gob.gt\/udisep\/wp-json\/wp\/v2\/types\/page"}],"author":[{"embeddable":true,"href":"https:\/\/seij.gob.gt\/udisep\/wp-json\/wp\/v2\/users\/1"}],"replies":[{"embeddable":true,"href":"https:\/\/seij.gob.gt\/udisep\/wp-json\/wp\/v2\/comments?post=1907"}],"version-history":[{"count":15,"href":"https:\/\/seij.gob.gt\/udisep\/wp-json\/wp\/v2\/pages\/1907\/revisions"}],"predecessor-version":[{"id":2405,"href":"https:\/\/seij.gob.gt\/udisep\/wp-json\/wp\/v2\/pages\/1907\/revisions\/2405"}],"wp:attachment":[{"href":"https:\/\/seij.gob.gt\/udisep\/wp-json\/wp\/v2\/media?parent=1907"}],"curies":[{"name":"wp","href":"https:\/\/api.w.org\/{rel}","templated":true}]}}