{"id":1937,"date":"2018-02-07T18:21:38","date_gmt":"2018-02-07T18:21:38","guid":{"rendered":"http:\/\/seij.gob.gt\/udisep\/?page_id=1937"},"modified":"2019-01-10T16:10:11","modified_gmt":"2019-01-10T16:10:11","slug":"numeral-14-ano-2018","status":"publish","type":"page","link":"https:\/\/seij.gob.gt\/udisep\/numeral-14-ano-2018\/","title":{"rendered":"Numeral 14 a\u00f1o 2018"},"content":{"rendered":"<h1>Informaci\u00f3n sobre los contratos de mantenimiento de equipo, veh\u00edculos, inmuebles, plantas e instalaciones de todos los sujetos obligados.<\/h1>\n<table>\n<tbody>\n<tr>\n<td><strong><span style=\"color: #000000;\">Enero<\/span><\/strong><\/td>\n<\/tr>\n<tr>\n<td>Secretar\u00eda de la ICMSJ<\/td>\n<td>Sin movimiento<\/td>\n<\/tr>\n<tr>\n<td>Programa -AECID-<\/td>\n<td>Sin movimiento<\/td>\n<\/tr>\n<tr>\n<td>Programa -BID-<\/td>\n<td>Sin movimiento<\/td>\n<\/tr>\n<tr>\n<td>Programa -SEJUST-<\/td>\n<td>Sin movimiento<\/td>\n<\/tr>\n<\/tbody>\n<\/table>\n<table>\n<tbody>\n<tr>\n<td><strong><span style=\"color: #000000;\">Febrero<\/span><\/strong><\/td>\n<\/tr>\n<tr>\n<td>Secretar\u00eda de la ICMSJ<\/td>\n<td>Sin movimiento<\/td>\n<\/tr>\n<tr>\n<td>Programa -AECID-<\/td>\n<td>Sin movimiento<\/td>\n<\/tr>\n<tr>\n<td>Programa -BID-<\/td>\n<td>Sin movimiento<\/td>\n<\/tr>\n<tr>\n<td>Programa -SEJUST-<\/td>\n<td>Sin movimiento<\/td>\n<\/tr>\n<\/tbody>\n<\/table>\n<table>\n<tbody>\n<tr>\n<td><strong><span style=\"color: #000000;\">Marzo<\/span><\/strong><\/td>\n<\/tr>\n<tr>\n<td>Secretar\u00eda de la ICMSJ<\/td>\n<td>Sin movimiento<\/td>\n<\/tr>\n<tr>\n<td>Programa -AECID-<\/td>\n<td>Sin movimiento<\/td>\n<\/tr>\n<tr>\n<td>Programa -BID-<\/td>\n<td>Sin movimiento<\/td>\n<\/tr>\n<tr>\n<td>Programa -SEJUST-<\/td>\n<td>Sin movimiento<\/td>\n<\/tr>\n<\/tbody>\n<\/table>\n<table>\n<tbody>\n<tr>\n<td><strong><span style=\"color: #000000;\">Abril<\/span><\/strong><\/td>\n<\/tr>\n<tr>\n<td>Secretar\u00eda de la ICMSJ<\/td>\n<td>Sin movimiento<\/td>\n<\/tr>\n<tr>\n<td>Programa -AECID-<\/td>\n<td>Sin movimiento<\/td>\n<\/tr>\n<tr>\n<td>Programa -BID-<\/td>\n<td>Sin movimiento<\/td>\n<\/tr>\n<tr>\n<td>Programa -SEJUST-<\/td>\n<td>Sin movimiento<\/td>\n<\/tr>\n<\/tbody>\n<\/table>\n<table>\n<tbody>\n<tr>\n<td><strong><span style=\"color: #000000;\">Mayo<\/span><\/strong><\/td>\n<\/tr>\n<tr>\n<td>Secretar\u00eda de la ICMSJ<\/td>\n<td>Sin movimiento<\/td>\n<\/tr>\n<tr>\n<td>Programa -AECID-<\/td>\n<td>Sin movimiento<\/td>\n<\/tr>\n<tr>\n<td>Programa -BID-<\/td>\n<td>Sin movimiento<\/td>\n<\/tr>\n<tr>\n<td>Programa -SEJUST-<\/td>\n<td>Sin movimiento<\/td>\n<\/tr>\n<\/tbody>\n<\/table>\n<table>\n<tbody>\n<tr>\n<td><strong><span style=\"color: #000000;\">Junio<\/span><\/strong><\/td>\n<\/tr>\n<tr>\n<td>Secretar\u00eda de la ICMSJ<\/td>\n<td>Sin movimiento<\/td>\n<\/tr>\n<tr>\n<td>Programa -AECID-<\/td>\n<td>Sin movimiento<\/td>\n<\/tr>\n<tr>\n<td>Programa -BID-<\/td>\n<td>Sin movimiento<\/td>\n<\/tr>\n<tr>\n<td>Programa -SEJUST-<\/td>\n<td>Sin movimiento<\/td>\n<\/tr>\n<\/tbody>\n<\/table>\n<table>\n<tbody>\n<tr>\n<td><strong><span style=\"color: #000000;\">Julio<\/span><\/strong><\/td>\n<\/tr>\n<tr>\n<td>Secretar\u00eda de la ICMSJ<\/td>\n<td>Sin movimiento<\/td>\n<\/tr>\n<tr>\n<td>Programa -AECID-<\/td>\n<td>Sin movimiento<\/td>\n<\/tr>\n<tr>\n<td>Programa -BID-<\/td>\n<td>Sin movimiento<\/td>\n<\/tr>\n<tr>\n<td>Programa -SEJUST-<\/td>\n<td>Sin movimiento<\/td>\n<\/tr>\n<\/tbody>\n<\/table>\n<table>\n<tbody>\n<tr>\n<td><strong><span style=\"color: #000000;\">Agosto<\/span><\/strong><\/td>\n<\/tr>\n<tr>\n<td>Secretar\u00eda de la ICMSJ<\/td>\n<td>Sin movimiento<\/td>\n<\/tr>\n<tr>\n<td>Programa -AECID-<\/td>\n<td>Sin movimiento<\/td>\n<\/tr>\n<tr>\n<td>Programa -BID-<\/td>\n<td>Sin movimiento<\/td>\n<\/tr>\n<tr>\n<td>Programa -SEJUST-<\/td>\n<td>Sin movimiento<\/td>\n<\/tr>\n<tr>\n<td>Programa Prevenci\u00f3n de la violencia y el delito<\/td>\n<td>Sin movimiento<\/td>\n<\/tr>\n<\/tbody>\n<\/table>\n<table>\n<tbody>\n<tr>\n<td><strong><span style=\"color: #000000;\">Septiembre<\/span><\/strong><\/td>\n<\/tr>\n<tr>\n<td>Secretar\u00eda de la ICMSJ<\/td>\n<td>Sin movimiento<\/td>\n<\/tr>\n<tr>\n<td>Programa -AECID-<\/td>\n<td>Sin movimiento<\/td>\n<\/tr>\n<tr>\n<td>Programa -BID-<\/td>\n<td>Sin movimiento<\/td>\n<\/tr>\n<tr>\n<td>Programa -SEJUST-<\/td>\n<td>Sin movimiento<\/td>\n<\/tr>\n<tr>\n<td>Programa Prevenci\u00f3n de la Violencia y el Delito<\/td>\n<td>Sin movimiento<\/td>\n<\/tr>\n<\/tbody>\n<\/table>\n<table>\n<tbody>\n<tr>\n<td><span style=\"color: #000000;\"><strong>Octubre<\/strong><\/span><\/td>\n<\/tr>\n<tr>\n<td>Secretar\u00eda de la ICMSJ<\/td>\n<td>Sin movimiento<\/td>\n<\/tr>\n<tr>\n<td>Programa -AECID-<\/td>\n<td>Sin movimiento<\/td>\n<\/tr>\n<tr>\n<td>Programa -BID-<\/td>\n<td><span style=\"color: #ff0000;\">Sin movimiento \/ Cierre de operaciones<\/span><\/td>\n<\/tr>\n<tr>\n<td>Programa -SEJUST-<\/td>\n<td>Sin movimiento<\/td>\n<\/tr>\n<tr>\n<td>Programa Prevenci\u00f3n de la Violencia y el Delito<\/td>\n<td>Sin movimiento<\/td>\n<\/tr>\n<\/tbody>\n<\/table>\n<table>\n<tbody>\n<tr>\n<td><span style=\"color: #000000;\"><strong>Noviembre<\/strong><\/span><\/td>\n<\/tr>\n<tr>\n<td>Secretar\u00eda de la ICMSJ<\/td>\n<td>Sin movimiento<\/td>\n<\/tr>\n<tr>\n<td>Programa -AECID-<\/td>\n<td>Sin movimiento<\/td>\n<\/tr>\n<tr>\n<td>Programa -SEJUST-<\/td>\n<td>Sin movimiento<\/td>\n<\/tr>\n<tr>\n<td>Programa Prevenci\u00f3n de la Violencia y el Delito<\/td>\n<td>Sin movimiento<\/td>\n<\/tr>\n<\/tbody>\n<\/table>\n<table>\n<tbody>\n<tr>\n<td><span style=\"color: #000000;\"><strong>Diciembre<\/strong><\/span><\/td>\n<\/tr>\n<tr>\n<td>Secretar\u00eda de la ICMSJ<\/td>\n<td>Sin movimiento<\/td>\n<\/tr>\n<tr>\n<td>Programa -AECID-<\/td>\n<td>Sin movimiento<\/td>\n<\/tr>\n<tr>\n<td>Programa -SEJUST-<\/td>\n<td>Sin movimiento<\/td>\n<\/tr>\n<tr>\n<td>Programa Prevenci\u00f3n de la Violencia y el Delito<\/td>\n<td>Sin movimiento<\/td>\n<\/tr>\n<\/tbody>\n<\/table>\n","protected":false},"excerpt":{"rendered":"<p>Informaci\u00f3n sobre los contratos de mantenimiento de equipo, veh\u00edculos, inmuebles, plantas e instalaciones de todos los sujetos obligados. Enero Secretar\u00eda de la ICMSJ Sin movimiento Programa -AECID- Sin movimiento Programa -BID- Sin movimiento Programa -SEJUST- Sin movimiento Febrero Secretar\u00eda de la ICMSJ Sin movimiento Programa -AECID- Sin movimiento Programa -BID- Sin movimiento Programa -SEJUST- Sin [&hellip;]<\/p>\n","protected":false},"author":1,"featured_media":0,"parent":0,"menu_order":0,"comment_status":"closed","ping_status":"closed","template":"","meta":{"_et_pb_use_builder":"","_et_pb_old_content":"","_et_gb_content_width":"","footnotes":""},"class_list":["post-1937","page","type-page","status-publish","hentry"],"nelio_popups_active_popup":"","_links":{"self":[{"href":"https:\/\/seij.gob.gt\/udisep\/wp-json\/wp\/v2\/pages\/1937","targetHints":{"allow":["GET"]}}],"collection":[{"href":"https:\/\/seij.gob.gt\/udisep\/wp-json\/wp\/v2\/pages"}],"about":[{"href":"https:\/\/seij.gob.gt\/udisep\/wp-json\/wp\/v2\/types\/page"}],"author":[{"embeddable":true,"href":"https:\/\/seij.gob.gt\/udisep\/wp-json\/wp\/v2\/users\/1"}],"replies":[{"embeddable":true,"href":"https:\/\/seij.gob.gt\/udisep\/wp-json\/wp\/v2\/comments?post=1937"}],"version-history":[{"count":13,"href":"https:\/\/seij.gob.gt\/udisep\/wp-json\/wp\/v2\/pages\/1937\/revisions"}],"predecessor-version":[{"id":2418,"href":"https:\/\/seij.gob.gt\/udisep\/wp-json\/wp\/v2\/pages\/1937\/revisions\/2418"}],"wp:attachment":[{"href":"https:\/\/seij.gob.gt\/udisep\/wp-json\/wp\/v2\/media?parent=1937"}],"curies":[{"name":"wp","href":"https:\/\/api.w.org\/{rel}","templated":true}]}}