{"id":1959,"date":"2018-02-08T01:50:12","date_gmt":"2018-02-08T01:50:12","guid":{"rendered":"http:\/\/seij.gob.gt\/udisep\/?page_id=1959"},"modified":"2019-01-10T04:12:16","modified_gmt":"2019-01-10T04:12:16","slug":"numeral-22-ano-2018","status":"publish","type":"page","link":"https:\/\/seij.gob.gt\/udisep\/numeral-22-ano-2018\/","title":{"rendered":"Numeral 22 a\u00f1o 2018"},"content":{"rendered":"<h1>Compras directas<\/h1>\n<table>\n<tbody>\n<tr>\n<th align=\"center\"><strong><span style=\"color: #000000;\">Enero<\/span><\/strong><\/th>\n<\/tr>\n<tr>\n<td><a href=\"..\/_2018_\/Inforrmacion_publica_2018\/enero num 22\/Num22_seij_enero_18.pdf\">Secretar\u00eda Ejecutiva de la ICMSJ<\/a><\/td>\n<\/tr>\n<tr>\n<td><a href=\"..\/_2018_\/Inforrmacion_publica_2018\/enero num 22\/Num22_aecid_enero_2018.pdf\">Programa -AECID-<\/a><\/td>\n<\/tr>\n<tr>\n<td><a href=\"..\/_2018_\/Inforrmacion_publica_2018\/enero num 22\/Num22_bid_enero_18.pdf\">Programa -BID-<\/a><\/td>\n<\/tr>\n<tr>\n<td><a href=\"..\/_2018_\/Inforrmacion_publica_2018\/enero num 22\/Num22_sejust_enero_18.pdf\">Programa -SEJUST-<\/a><\/td>\n<\/tr>\n<\/tbody>\n<\/table>\n<table>\n<tbody>\n<tr>\n<th align=\"center\"><strong><span style=\"color: #000000;\">Febrero<\/span><\/strong><\/th>\n<\/tr>\n<tr>\n<td><a href=\"..\/_2018_\/Inforrmacion_publica_2018\/febrero\/num22\/Num22-SEIJ-feb18.pdf\">Secretar\u00eda Ejecutiva de la ICMSJ<\/a><\/td>\n<\/tr>\n<tr>\n<td><a href=\"..\/_2018_\/Inforrmacion_publica_2018\/febrero\/num22\/Num22 AECID Feb 2018 (unido).pdf\">Programa -AECID-<\/a><\/td>\n<\/tr>\n<tr>\n<td><a href=\"..\/_2018_\/Inforrmacion_publica_2018\/febrero\/num22\/Num22-BID-feb18.pdf\">Programa -BID-<\/a><\/td>\n<\/tr>\n<tr>\n<td><a href=\"..\/_2018_\/Inforrmacion_publica_2018\/febrero\/num22\/corregido_Num22_SEJUST_feb18.pdf\">Programa -SEJUST-<\/a><\/td>\n<\/tr>\n<\/tbody>\n<\/table>\n<table>\n<tbody>\n<tr>\n<th align=\"center\"><strong><span style=\"color: #000000;\">Marzo<\/span><\/strong><\/th>\n<\/tr>\n<tr>\n<td><a href=\"..\/_2018_\/Inforrmacion_publica_2018\/marzo\/numeral_22\/Num22_SEIJ_mar18.pdf\">Secretar\u00eda Ejecutiva de la ICMSJ<\/a><\/td>\n<\/tr>\n<tr>\n<td><a href=\"..\/_2018_\/Inforrmacion_publica_2018\/marzo\/numeral_22\/Num_22 AECID_U mar2018.pdf\">Programa -AECID-<\/a><\/td>\n<\/tr>\n<tr>\n<td><a href=\"..\/_2018_\/Inforrmacion_publica_2018\/marzo\/numeral_22\/Num22_BID_mar18.pdf\">Programa -BID-<\/a><\/td>\n<\/tr>\n<tr>\n<td><a href=\"..\/_2018_\/Inforrmacion_publica_2018\/marzo\/numeral_22\/corregido_Num22_SEJUST_mar18.pdf\">Programa -SEJUST-<\/a><\/td>\n<\/tr>\n<\/tbody>\n<\/table>\n<table>\n<tbody>\n<tr>\n<th align=\"center\"><strong><span style=\"color: #000000;\">Abril<\/span><\/strong><\/th>\n<\/tr>\n<tr>\n<td><a href=\"..\/_2018_\/Inforrmacion_publica_2018\/abril\/numeral 22\/Num22_SEIJ_ab18.pdf\">Secretar\u00eda Ejecutiva de la ICMSJ<\/a><\/td>\n<\/tr>\n<tr>\n<td><a href=\"..\/_2018_\/Inforrmacion_publica_2018\/abril\/numeral 22\/Num 22_AECID_ab 18.pdf\">Programa -AECID-<\/a><\/td>\n<\/tr>\n<tr>\n<td><a href=\"..\/_2018_\/Inforrmacion_publica_2018\/abril\/numeral 22\/Num22_BID_ab18.pdf\">Programa -BID-<\/a><\/td>\n<\/tr>\n<tr>\n<td><a href=\"..\/_2018_\/Inforrmacion_publica_2018\/abril\/numeral 22\/Num22_SEJUST_ab18.pdf\">Programa -SEJUST-<\/a><\/td>\n<\/tr>\n<\/tbody>\n<\/table>\n<table>\n<tbody>\n<tr>\n<th align=\"center\"><strong><span style=\"color: #000000;\">Mayo<\/span><\/strong><\/th>\n<\/tr>\n<tr>\n<td><a href=\"..\/_2018_\/Inforrmacion_publica_2018\/mayo\/Num22\/Num22_SEIJ_may18.pdf\">Secretar\u00eda Ejecutiva de la ICMSJ<\/a><\/td>\n<\/tr>\n<tr>\n<td><a href=\"..\/_2018_\/Inforrmacion_publica_2018\/mayo\/Num22\/Num22_AECID_may18.pdf\">Programa -AECID-<\/a><\/td>\n<\/tr>\n<tr>\n<td><a href=\"..\/_2018_\/Inforrmacion_publica_2018\/mayo\/Num22\/Num22_BID_may18.pdf\">Programa -BID-<\/a><\/td>\n<\/tr>\n<tr>\n<td><a href=\"..\/_2018_\/Inforrmacion_publica_2018\/mayo\/Num22\/Num22_SEJUST_may18.pdf\">Programa -SEJUST-<\/a><\/td>\n<\/tr>\n<\/tbody>\n<\/table>\n<table>\n<tbody>\n<tr>\n<th align=\"center\"><strong><span style=\"color: #000000;\">Junio<\/span><\/strong><\/th>\n<\/tr>\n<tr>\n<td><a href=\"..\/_2018_\/Inforrmacion_publica_2018\/Junio\/Num22\/Num22_SEIJ_jun18.pdf\">Secretar\u00eda Ejecutiva de la ICMSJ<\/a><\/td>\n<\/tr>\n<tr>\n<td><a href=\"..\/_2018_\/Inforrmacion_publica_2018\/Junio\/Num22\/Num22_AECID_jun18.pdf\">Programa -AECID-<\/a><\/td>\n<\/tr>\n<tr>\n<td><a href=\"..\/_2018_\/Inforrmacion_publica_2018\/Junio\/Num22\/Num22_bid_jun18.pdf\">Programa -BID-<\/a><\/td>\n<\/tr>\n<tr>\n<td><a href=\"..\/_2018_\/Inforrmacion_publica_2018\/Junio\/Num22\/Num22_SEJUST_jun18.pdf\">Programa -SEJUST-<\/a><\/td>\n<\/tr>\n<\/tbody>\n<\/table>\n<table>\n<tbody>\n<tr>\n<th align=\"center\"><strong><span style=\"color: #000000;\">Julio<\/span><\/strong><\/th>\n<\/tr>\n<tr>\n<td><a href=\"..\/_2018_\/Inforrmacion_publica_2018\/Julio\/Num22\/Num22_SEIJ.jul18.pdf\">Secretar\u00eda Ejecutiva de la ICMSJ<\/a><\/td>\n<\/tr>\n<tr>\n<td><a href=\"..\/_2018_\/Inforrmacion_publica_2018\/Julio\/Num22\/Num22_AECID_jul18.pdf\">Programa -AECID-<\/a><\/td>\n<\/tr>\n<tr>\n<td><a href=\"..\/_2018_\/Inforrmacion_publica_2018\/Julio\/Num22\/Num22_BID_jul18.pdf\">Programa -BID-<\/a><\/td>\n<\/tr>\n<tr>\n<td><a href=\"..\/_2018_\/Inforrmacion_publica_2018\/Julio\/Num22\/Num22_SEJUST_jul18.pdf\">Programa -SEJUST-<\/a><\/td>\n<\/tr>\n<\/tbody>\n<\/table>\n<table>\n<tbody>\n<tr>\n<th align=\"center\"><strong><span style=\"color: #000000;\">Agosto<\/span><\/strong><\/th>\n<\/tr>\n<tr>\n<td><a href=\"..\/_2018_\/Inforrmacion_publica_2018\/agosto\/Numeral_22\/NUM22_SEIJ_AGO18.pdf\">Secretar\u00eda Ejecutiva de la ICMSJ<\/a><\/td>\n<\/tr>\n<tr>\n<td><a href=\"..\/_2018_\/Inforrmacion_publica_2018\/agosto\/Numeral_22\/NUM22_AECID_AGO18.pdf\">Programa -AECID-<\/a><\/td>\n<\/tr>\n<tr>\n<td><a href=\"..\/_2018_\/Inforrmacion_publica_2018\/agosto\/Numeral_22\/Num22_BID_ago18.pdf\">Programa -BID-<\/a><\/td>\n<\/tr>\n<tr>\n<td><a href=\"..\/_2018_\/Inforrmacion_publica_2018\/agosto\/Numeral_22\/NUM22_SEJUST_AGO18.pdf\">Programa -SEJUST-<\/a><\/td>\n<\/tr>\n<tr>\n<td><a href=\"..\/_2018_\/Inforrmacion_publica_2018\/agosto\/Numeral_22\/NUM22_PREVENCION_AGO18.pdf\">Programa Prevenci\u00f3n de la Violencia y el Delito<\/a><\/td>\n<\/tr>\n<\/tbody>\n<\/table>\n<table>\n<tbody>\n<tr>\n<th align=\"center\"><strong><span style=\"color: #000000;\">Septiembre<\/span><\/strong><\/th>\n<\/tr>\n<tr>\n<td><a href=\"..\/_2018_\/Inforrmacion_publica_2018\/Septiembre\/Num22\/NUM22_SEIJ_SEP18.pdf\">Secretar\u00eda Ejecutiva de la ICMSJ<\/a><\/td>\n<\/tr>\n<tr>\n<td><a href=\"..\/_2018_\/Inforrmacion_publica_2018\/Septiembre\/Num22\/NUM22_AECID_SEP18.pdf\">Programa -AECID-<\/a><\/td>\n<\/tr>\n<tr>\n<td><a href=\"..\/_2018_\/Inforrmacion_publica_2018\/Septiembre\/Num22\/NUM22_BID_SEP18.pdf\">Programa -BID-<\/a><\/td>\n<\/tr>\n<tr>\n<td><a href=\"..\/_2018_\/Inforrmacion_publica_2018\/Septiembre\/Num22\/NUM22_SEJUST_SEP18.pdf\">Programa -SEJUST-<\/a><\/td>\n<\/tr>\n<tr>\n<td><a href=\"..\/_2018_\/Inforrmacion_publica_2018\/Septiembre\/Num22\/NUM22_PREVENCION_SEP18.pdf\">Programa Prevenci\u00f3n de la Violencia y el Delito<\/a><\/td>\n<\/tr>\n<\/tbody>\n<\/table>\n<table>\n<tbody>\n<tr>\n<th align=\"center\"><strong><span style=\"color: #000000;\">Octubre<\/span><\/strong><\/th>\n<\/tr>\n<tr>\n<td><a href=\"..\/_2018_\/Inforrmacion_publica_2018\/octubre\/NUM22_OCT18\/NUM22_SEIJ_OCT18.pdf\">Secretar\u00eda Ejecutiva de la ICMSJ<\/a><\/td>\n<\/tr>\n<tr>\n<td><a href=\"..\/_2018_\/Inforrmacion_publica_2018\/octubre\/NUM22_OCT18\/NUM22_AECID_F3_OCT18.pdf\">Programa -AECID-<\/a><\/td>\n<\/tr>\n<tr>\n<td><span style=\"color: #ff0000;\"><a style=\"color: #ff0000;\">Programa -BID- Cierre de operaciones<\/a><\/span><\/td>\n<\/tr>\n<tr>\n<td><a href=\"..\/_2018_\/Inforrmacion_publica_2018\/octubre\/NUM22_OCT18\/NUM22_SEJUST_OCT18.pdf\">Programa -SEJUST-<\/a><\/td>\n<\/tr>\n<tr>\n<td><a href=\"..\/_2018_\/Inforrmacion_publica_2018\/octubre\/NUM22_OCT18\/NUM22_PREVENCION_OCT18.pdf\">Programa Prevenci\u00f3n de la Violencia y el Delito<\/a><\/td>\n<\/tr>\n<\/tbody>\n<\/table>\n<table>\n<tbody>\n<tr>\n<th align=\"center\"><strong><span style=\"color: #000000;\">Noviembre<\/span><\/strong><\/th>\n<\/tr>\n<tr>\n<td><a href=\"..\/_2018_\/Inforrmacion_publica_2018\/Noviembre\/NUM22_NOV18\/\">Secretar\u00eda Ejecutiva de la ICMSJ<\/a><\/td>\n<\/tr>\n<tr>\n<td><a href=\"..\/_2018_\/Inforrmacion_publica_2018\/Noviembre\/NUM22_NOV18\/NUM22_AECID_NOV18.pdf\">Programa -AECID-<\/a><\/td>\n<\/tr>\n<tr>\n<td><a href=\"..\/_2018_\/Inforrmacion_publica_2018\/Noviembre\/NUM22_NOV18\/NUM22_SEJUST_NOV18.pdf\">Programa -SEJUST-<\/a><\/td>\n<\/tr>\n<tr>\n<td><a href=\"..\/_2018_\/Inforrmacion_publica_2018\/Noviembre\/NUM22_NOV18\/NUM22_PVC_NOV18.pdf\">Programa Prevenci\u00f3n de la Violencia y el Delito<\/a><\/td>\n<\/tr>\n<\/tbody>\n<\/table>\n<table>\n<tbody>\n<tr>\n<th align=\"center\"><strong><span style=\"color: #000000;\">Diciembre<\/span><\/strong><\/th>\n<\/tr>\n<tr>\n<td><a href=\"..\/_2018_\/Inforrmacion_publica_2018\/diciembre\/NUM22_DIC18\/NUM22_SEIJ_DIC18.pdf\">Secretar\u00eda Ejecutiva de la ICMSJ<\/a><\/td>\n<\/tr>\n<tr>\n<td><a href=\"..\/_2018_\/Inforrmacion_publica_2018\/diciembre\/NUM22_DIC18\/NUM22_AECID_DIC18.pdf\">Programa -AECID-<\/a><\/td>\n<\/tr>\n<tr>\n<td><a href=\"..\/_2018_\/Inforrmacion_publica_2018\/diciembre\/NUM22_DIC18\/NUM22_SEJUST_DIC18.pdf\">Programa -SEJUST-<\/a><\/td>\n<\/tr>\n<tr>\n<td><a href=\"..\/_2018_\/Inforrmacion_publica_2018\/diciembre\/NUM22_DIC18\/NUM22_PVC_DIC18 (2).pdf\">Programa Prevenci\u00f3n de la Violencia y el Delito<\/a><\/td>\n<\/tr>\n<\/tbody>\n<\/table>\n","protected":false},"excerpt":{"rendered":"<p>Compras directas Enero Secretar\u00eda Ejecutiva de la ICMSJ Programa -AECID- Programa -BID- Programa -SEJUST- Febrero Secretar\u00eda Ejecutiva de la ICMSJ Programa -AECID- Programa -BID- Programa -SEJUST- Marzo Secretar\u00eda Ejecutiva de la ICMSJ Programa -AECID- Programa -BID- Programa -SEJUST- Abril Secretar\u00eda Ejecutiva de la ICMSJ Programa -AECID- Programa -BID- Programa -SEJUST- Mayo Secretar\u00eda Ejecutiva de la [&hellip;]<\/p>\n","protected":false},"author":1,"featured_media":0,"parent":0,"menu_order":0,"comment_status":"closed","ping_status":"closed","template":"","meta":{"_et_pb_use_builder":"","_et_pb_old_content":"","_et_gb_content_width":"","footnotes":""},"class_list":["post-1959","page","type-page","status-publish","hentry"],"nelio_popups_active_popup":"","_links":{"self":[{"href":"https:\/\/seij.gob.gt\/udisep\/wp-json\/wp\/v2\/pages\/1959","targetHints":{"allow":["GET"]}}],"collection":[{"href":"https:\/\/seij.gob.gt\/udisep\/wp-json\/wp\/v2\/pages"}],"about":[{"href":"https:\/\/seij.gob.gt\/udisep\/wp-json\/wp\/v2\/types\/page"}],"author":[{"embeddable":true,"href":"https:\/\/seij.gob.gt\/udisep\/wp-json\/wp\/v2\/users\/1"}],"replies":[{"embeddable":true,"href":"https:\/\/seij.gob.gt\/udisep\/wp-json\/wp\/v2\/comments?post=1959"}],"version-history":[{"count":31,"href":"https:\/\/seij.gob.gt\/udisep\/wp-json\/wp\/v2\/pages\/1959\/revisions"}],"predecessor-version":[{"id":2411,"href":"https:\/\/seij.gob.gt\/udisep\/wp-json\/wp\/v2\/pages\/1959\/revisions\/2411"}],"wp:attachment":[{"href":"https:\/\/seij.gob.gt\/udisep\/wp-json\/wp\/v2\/media?parent=1959"}],"curies":[{"name":"wp","href":"https:\/\/api.w.org\/{rel}","templated":true}]}}