{"id":1977,"date":"2018-02-08T02:39:20","date_gmt":"2018-02-08T02:39:20","guid":{"rendered":"http:\/\/seij.gob.gt\/udisep\/?page_id=1977"},"modified":"2019-01-10T22:11:37","modified_gmt":"2019-01-10T22:11:37","slug":"numeral-28-ano-2018","status":"publish","type":"page","link":"https:\/\/seij.gob.gt\/udisep\/numeral-28-ano-2018\/","title":{"rendered":"Numeral 28 a\u00f1o 2018"},"content":{"rendered":"<h1>Pertenencia socio-ling\u00fc\u00edstica de los usuarios de sus servicios.<\/h1>\n<table>\n<tbody>\n<tr>\n<th><span style=\"color: #000000;\"><strong>Enero<\/strong><\/span><\/th>\n<\/tr>\n<tr>\n<td><a href=\"..\/_2018_\/Inforrmacion_publica_2018\/enero num 28_\/Num28_CAJ IXCHIGU\u00c1N SAN MARCOS_enero_18.pdf\">Informe Ixchigu\u00e1n, San Marcos<\/a><\/td>\n<\/tr>\n<tr>\n<td><a href=\"..\/_2018_\/Inforrmacion_publica_2018\/enero num 28_\/Num28_CAJ NEBAJ QUICH\u00c9_enero_18.pdf\">Informe Nebaj, Quich\u00e9<\/a><\/td>\n<\/tr>\n<tr>\n<td><a href=\"..\/_2018_\/Inforrmacion_publica_2018\/enero num 28_\/Num28_CAJ PLAYA GRANDE IXCAN QUICH\u00c9_enero_18.pdf\">Informe Playa Grande, Ixc\u00e1n Quich\u00e9 <\/a><\/td>\n<\/tr>\n<tr>\n<td><a href=\"..\/_2018_\/Inforrmacion_publica_2018\/enero num 28_\/Num28_CAJ SANTIAGO ATITL\u00c1N_enero_18.pdf\">Informe Santiago Atitl\u00e1n Solol\u00e1<\/a><\/td>\n<\/tr>\n<tr>\n<td><a href=\"..\/_2018_\/Inforrmacion_publica_2018\/enero num 28_\/Num28_CAJ SANTA EULALIA HUEHUETENANGO_enero_18.pdf\">Informe Santa Eulalia, Huehuetenango<\/a><\/td>\n<\/tr>\n<\/tbody>\n<\/table>\n<table>\n<tbody>\n<tr>\n<th><strong><span style=\"color: #000000;\">Febrero<\/span><\/strong><\/th>\n<\/tr>\n<tr>\n<td><a href=\"..\/_2018_\/Inforrmacion_publica_2018\/febrero\/num28\/Num28-CAJ-Ixchigu\u00e1n-feb18.pdf\">Informe Ixchigu\u00e1n, San Marcos<\/a><\/td>\n<\/tr>\n<tr>\n<td><a href=\"..\/_2018_\/Inforrmacion_publica_2018\/febrero\/num28\/Num28-CAJ-Nebaj-feb18.pdf\">Informe Nebaj, Quich\u00e9<\/a><\/td>\n<\/tr>\n<tr>\n<td><a href=\"..\/_2018_\/Inforrmacion_publica_2018\/febrero\/num28\/Num28-CAJ-IXCAN-feb18.pdf\">Informe Playa Grande Ixc\u00e1n, Quiche<\/a><\/td>\n<\/tr>\n<tr>\n<td><a href=\"..\/_2018_\/Inforrmacion_publica_2018\/febrero\/num28\/Num28-CAJ-Santiago-feb18.pdf\">Informe Santiago Atitl\u00e1n, Solol\u00e1<\/a><\/td>\n<\/tr>\n<tr>\n<td><a href=\"..\/_2018_\/Inforrmacion_publica_2018\/febrero\/num28\/Num28-CAJ-Sta. Eulalia-feb18.pdf\">Informe Santa Eulalia, Huehuetenango<\/a><\/td>\n<\/tr>\n<\/tbody>\n<\/table>\n<table>\n<tbody>\n<tr>\n<th><strong><span style=\"color: #000000;\">Marzo<\/span><\/strong><\/th>\n<\/tr>\n<tr>\n<td><a href=\"..\/_2018_\/Inforrmacion_publica_2018\/marzo\/numeral_28\/Num28_Ixchigu\u00e1nSanMarcos_mar18.pdf\">Informe Ixchigu\u00e1n, San Marcos<\/a><\/td>\n<\/tr>\n<tr>\n<td><a href=\"..\/_2018_\/Inforrmacion_publica_2018\/marzo\/numeral_28\/Num28_NEBAJQUICH\u00c9_mar18.pdf\">Informe Nebaj, Quich\u00e9<\/a><\/td>\n<\/tr>\n<tr>\n<td><a href=\"..\/_2018_\/Inforrmacion_publica_2018\/marzo\/numeral_28\/Num28_PlayaGrandeIxc\u00e1n_mar18.pdf\">Informe Playa Grande Ixc\u00e1n, Quiche<\/a><\/td>\n<\/tr>\n<tr>\n<td><a href=\"..\/_2018_\/Inforrmacion_publica_2018\/marzo\/numeral_28\/Num28_SantiagoAtitl\u00e1n_mar18.pdf\">Informe Santiago Atitl\u00e1n, Solol\u00e1<\/a><\/td>\n<\/tr>\n<tr>\n<td><a href=\"..\/_2018_\/Inforrmacion_publica_2018\/marzo\/numeral_28\/Num28_StaEulaliaHuehuetenango_mar18.pdf\">Informe Santa Eulalia, Huehuetenango<\/a><\/td>\n<\/tr>\n<\/tbody>\n<\/table>\n<table>\n<tbody>\n<tr>\n<th><strong><span style=\"color: #000000;\">Abril<\/span><\/strong><\/th>\n<\/tr>\n<tr>\n<td><a href=\"..\/_2018_\/Inforrmacion_publica_2018\/abril\/numeral 28\/Num28_Ixchigu\u00e1n_ab18.pdf\">Informe Ixchigu\u00e1n, San Marcos<\/a><\/td>\n<\/tr>\n<tr>\n<td><a href=\"..\/_2018_\/Inforrmacion_publica_2018\/abril\/numeral 28\/Num28_Nebaj_ab18.pdf\">Informe Nebaj, Quich\u00e9<\/a><\/td>\n<\/tr>\n<tr>\n<td><a href=\"..\/_2018_\/Inforrmacion_publica_2018\/abril\/numeral 28\/Num28_Ixcan_ab18.pdf\">Informe Playa Grande Ixc\u00e1n, Quiche<\/a><\/td>\n<\/tr>\n<tr>\n<td><a href=\"..\/_2018_\/Inforrmacion_publica_2018\/abril\/numeral 28\/Num28_Santiago_ab18.pdf\">Informe Santiago Atitl\u00e1n, Solol\u00e1<\/a><\/td>\n<\/tr>\n<tr>\n<td><a href=\"..\/_2018_\/Inforrmacion_publica_2018\/abril\/numeral 28\/Num28_Sta.Eulalia_ab18.pdf\">Informe Santa Eulalia, Huehuetenango<\/a><\/td>\n<\/tr>\n<\/tbody>\n<\/table>\n<table>\n<tbody>\n<tr>\n<th><strong><span style=\"color: #000000;\">Mayo<\/span><\/strong><\/th>\n<\/tr>\n<tr>\n<td><a href=\"..\/_2018_\/Inforrmacion_publica_2018\/mayo\/Num28\/Num28_IXCHIGUAN_may18.pdf\">Informe Ixchigu\u00e1n, San Marcos<\/a><\/td>\n<\/tr>\n<tr>\n<td><a href=\"..\/_2018_\/Inforrmacion_publica_2018\/mayo\/Num28\/Num28_NEBAJ_may18.pdf\">Informe Nebaj, Quich\u00e9<\/a><\/td>\n<\/tr>\n<tr>\n<td><a href=\"..\/_2018_\/Inforrmacion_publica_2018\/mayo\/Num28\/Num28_IXCAN_may18.pdf\">Informe Playa Grande Ixc\u00e1n, Quiche<\/a><\/td>\n<\/tr>\n<tr>\n<td><a href=\"..\/_2018_\/Inforrmacion_publica_2018\/mayo\/Num28\/Num28_SANTIAGO_may18.pdf\">Informe Santiago Atitl\u00e1n, Solol\u00e1<\/a><\/td>\n<\/tr>\n<tr>\n<td><a href=\"..\/_2018_\/Inforrmacion_publica_2018\/mayo\/Num28\/Num28_Sta.Eulalia_may18.pdf\">Informe Santa Eulalia, Huehuetenango<\/a><\/td>\n<\/tr>\n<\/tbody>\n<\/table>\n<table>\n<tbody>\n<tr>\n<th><strong><span style=\"color: #000000;\">Junio<\/span><\/strong><\/th>\n<\/tr>\n<tr>\n<td><a href=\"..\/_2018_\/Inforrmacion_publica_2018\/Junio\/Num28\/Num28_IXCHIGUAN_jun18.pdf\">Informe Ixchigu\u00e1n, San Marcos<\/a><\/td>\n<\/tr>\n<tr>\n<td><a href=\"..\/_2018_\/Inforrmacion_publica_2018\/Junio\/Num28\/Num28_Nebaj_Jun18.pdf\">Informe Nebaj, Quich\u00e9<\/a><\/td>\n<\/tr>\n<tr>\n<td><a href=\"..\/_2018_\/Inforrmacion_publica_2018\/Junio\/Num28\/Num28_IXCAN_jun18.pdf\">Informe Playa Grande Ixc\u00e1n, Quiche<\/a><\/td>\n<\/tr>\n<tr>\n<td><a href=\"..\/_2018_\/Inforrmacion_publica_2018\/Junio\/Num28\/Num28_Santiago_junio18.pdf\">Informe Santiago Atitl\u00e1n, Solol\u00e1<\/a><\/td>\n<\/tr>\n<tr>\n<td><a href=\"..\/_2018_\/Inforrmacion_publica_2018\/Junio\/Num28\/Num28_Sta. Eulalia_jun18.pdf\">Informe Santa Eulalia, Huehuetenango<\/a><\/td>\n<\/tr>\n<\/tbody>\n<\/table>\n<table>\n<tbody>\n<tr>\n<th><strong><span style=\"color: #000000;\">Julio<\/span><\/strong><\/th>\n<\/tr>\n<tr>\n<td><a href=\"..\/_2018_\/Inforrmacion_publica_2018\/Julio\/Num28\/Num28_IXCHIGU\u00c0N_jul18.pdf\">Informe Ixchigu\u00e1n, San Marcos<\/a><\/td>\n<\/tr>\n<tr>\n<td><a href=\"..\/_2018_\/Inforrmacion_publica_2018\/Julio\/Num28\/Num28_NEBAJ_jul18.pdf\">Informe Nebaj, Quich\u00e9<\/a><\/td>\n<\/tr>\n<tr>\n<td><a href=\"..\/_2018_\/Inforrmacion_publica_2018\/Julio\/Num28\/Num28_IXCAN.pdf\">Informe Playa Grande Ixc\u00e1n, Quiche<\/a><\/td>\n<\/tr>\n<tr>\n<td><a href=\"..\/_2018_\/Inforrmacion_publica_2018\/Julio\/Num28\/Num28_Atitl\u00e0n_jul18.pdf\">Informe Santiago Atitl\u00e1n, Solol\u00e1<\/a><\/td>\n<\/tr>\n<tr>\n<td><a href=\"..\/_2018_\/Inforrmacion_publica_2018\/Julio\/Num28\/Num28_STA.EULALIA_jul18.pdf\">Informe Santa Eulalia, Huehuetenango<\/a><\/td>\n<\/tr>\n<\/tbody>\n<\/table>\n<table>\n<tbody>\n<tr>\n<th><strong><span style=\"color: #000000;\">Agosto<\/span><\/strong><\/th>\n<\/tr>\n<tr>\n<td><a href=\"..\/_2018_\/Inforrmacion_publica_2018\/agosto\/Numeral_28\/NUM28_CAJ_IXCHIGUAN_AGO18.pdf\">Informe Ixchigu\u00e1n, San Marcos<\/a><\/td>\n<\/tr>\n<tr>\n<td><a href=\"..\/_2018_\/Inforrmacion_publica_2018\/agosto\/Numeral_28\/NUM28_CAJ_NEBAJ_AGO18.pdf\">Informe Nebaj, Quich\u00e9<\/a><\/td>\n<\/tr>\n<tr>\n<td><a href=\"..\/_2018_\/Inforrmacion_publica_2018\/agosto\/Numeral_28\/NUM28_CAJ_IXCAN_AGO18.pdf\">Informe Playa Grande Ixc\u00e1n, Quiche<\/a><\/td>\n<\/tr>\n<tr>\n<td><a href=\"..\/_2018_\/Inforrmacion_publica_2018\/agosto\/Numeral_28\/NUM28_CAJ_SANTIAGO_AGO18.pdf\">Informe Santiago Atitl\u00e1n, Solol\u00e1<\/a><\/td>\n<\/tr>\n<tr>\n<td><a href=\"..\/_2018_\/Inforrmacion_publica_2018\/agosto\/Numeral_28\/NUM28_CAJ_STA_EULALIA_AGO18.pdf\">Informe Santa Eulalia, Huehuetenango<\/a><\/td>\n<\/tr>\n<\/tbody>\n<\/table>\n<table>\n<tbody>\n<tr>\n<th><strong><span style=\"color: #000000;\">Septiembre<\/span><\/strong><\/th>\n<\/tr>\n<tr>\n<td><a href=\"..\/_2018_\/Inforrmacion_publica_2018\/Septiembre\/Num28\/NUM28_IXCHIGUAN_SEP18.pdf\">Informe Ixchigu\u00e1n, San Marcos<\/a><\/td>\n<\/tr>\n<tr>\n<td><a href=\"..\/_2018_\/Inforrmacion_publica_2018\/Septiembre\/Num28\/NUM28_NEBAJ_SEP18.pdf\">Informe Nebaj, Quich\u00e9<\/a><\/td>\n<\/tr>\n<tr>\n<td><a href=\"..\/_2018_\/Inforrmacion_publica_2018\/Septiembre\/Num28\/NUM28_IXCAN_SEP18.pdf\">Informe Playa Grande Ixc\u00e1n, Quiche<\/a><\/td>\n<\/tr>\n<tr>\n<td><a href=\"..\/_2018_\/Inforrmacion_publica_2018\/Septiembre\/Num28\/NUM28_ATITLAN_SEP18.pdf\">Informe Santiago Atitl\u00e1n, Solol\u00e1<\/a><\/td>\n<\/tr>\n<tr>\n<td><a href=\"..\/_2018_\/Inforrmacion_publica_2018\/Septiembre\/Num28\/NUM28_HUEHUETENANGO_SEP18.pdf\">Informe Santa Eulalia, Huehuetenango<\/a><\/td>\n<\/tr>\n<\/tbody>\n<\/table>\n<table>\n<tbody>\n<tr>\n<th><strong><span style=\"color: #000000;\">Octubre<\/span><\/strong><\/th>\n<\/tr>\n<tr>\n<td><a href=\"..\/_2018_\/Inforrmacion_publica_2018\/octubre\/NUM28_OCT18\/NUM28_IXCHIGUAN_OCT18.pdf\">Informe Ixchigu\u00e1n, San Marcos<\/a><\/td>\n<\/tr>\n<tr>\n<td><a href=\"..\/_2018_\/Inforrmacion_publica_2018\/octubre\/NUM28_OCT18\/NUM28_NEBAJ_OCT18.pdf\">Informe Nebaj, Quich\u00e9<\/a><\/td>\n<\/tr>\n<tr>\n<td><a href=\"..\/_2018_\/Inforrmacion_publica_2018\/octubre\/NUM28_OCT18\/NUM28_IXCAN_OCT18.pdf\">Informe Playa Grande Ixc\u00e1n, Quiche<\/a><\/td>\n<\/tr>\n<tr>\n<td><a href=\"..\/_2018_\/Inforrmacion_publica_2018\/octubre\/NUM28_OCT18\/NUM28_ATITL\u00c1N_OCT18.pdf\">Informe Santiago Atitl\u00e1n, Solol\u00e1<\/a><\/td>\n<\/tr>\n<tr>\n<td><a href=\"..\/_2018_\/Inforrmacion_publica_2018\/octubre\/NUM28_OCT18\/NUM28_STA_EULALIA_OCT18.pdf\">Informe Santa Eulalia, Huehuetenango<\/a><\/td>\n<\/tr>\n<\/tbody>\n<\/table>\n<table>\n<tbody>\n<tr>\n<th><strong><span style=\"color: #000000;\">Noviembre<\/span><\/strong><\/th>\n<\/tr>\n<tr>\n<td><a href=\"..\/_2018_\/Inforrmacion_publica_2018\/Noviembre\/NUM28_NOV18\/NUM28_IXCHIGUAN_NOV18.pdf\">Informe Ixchigu\u00e1n, San Marcos<\/a><\/td>\n<\/tr>\n<tr>\n<td><a href=\"..\/_2018_\/Inforrmacion_publica_2018\/Noviembre\/NUM28_NOV18\/\">Informe Nebaj, Quich\u00e9<\/a><\/td>\n<\/tr>\n<tr>\n<td><a href=\"..\/_2018_\/Inforrmacion_publica_2018\/Noviembre\/NUM28_NOV18\/NUM28_IXCAN_NOV18.pdf\">Informe Playa Grande Ixc\u00e1n, Quiche<\/a><\/td>\n<\/tr>\n<tr>\n<td><a href=\"..\/_2018_\/Inforrmacion_publica_2018\/Noviembre\/NUM28_NOV18\/NUM28_SANTIAGO ATITLAN_NOV18.pdf\">Informe Santiago Atitl\u00e1n, Solol\u00e1<\/a><\/td>\n<\/tr>\n<tr>\n<td><a href=\"..\/_2018_\/Inforrmacion_publica_2018\/Noviembre\/NUM28_NOV18\/NUM28_STA_EULALIA_NOV18.pdf\">Informe Santa Eulalia, Huehuetenango<\/a><\/td>\n<\/tr>\n<\/tbody>\n<\/table>\n<table>\n<tbody>\n<tr>\n<th><strong><span style=\"color: #000000;\">Diciembre<\/span><\/strong><\/th>\n<\/tr>\n<tr>\n<td><a href=\"..\/_2018_\/Inforrmacion_publica_2018\/diciembre\/NUM28_DIC18\/NUM28_IXCHIGUAN_DIC18.pdf\">Informe Ixchigu\u00e1n, San Marcos<\/a><\/td>\n<\/tr>\n<tr>\n<td><a href=\"..\/_2018_\/Inforrmacion_publica_2018\/diciembre\/NUM28_DIC18\/NUM28_NEBAJ_DIC18.pdf\">Informe Nebaj, Quich\u00e9<\/a><\/td>\n<\/tr>\n<tr>\n<td><a href=\"..\/_2018_\/Inforrmacion_publica_2018\/diciembre\/NUM28_DIC18\/NUM28_IXCAN_DIC18.pdf\">Informe Playa Grande Ixc\u00e1n, Quiche<\/a><\/td>\n<\/tr>\n<tr>\n<td><a href=\"..\/_2018_\/Inforrmacion_publica_2018\/diciembre\/NUM28_DIC18\/NUM28_SANTIAGO.pdf\">Informe Santiago Atitl\u00e1n, Solol\u00e1<\/a><\/td>\n<\/tr>\n<tr>\n<td><a href=\"..\/_2018_\/Inforrmacion_publica_2018\/diciembre\/NUM28_DIC18\/NUM28_STA_EULALIA_DIC18.pdf\">Informe Santa Eulalia, Huehuetenango<\/a><\/td>\n<\/tr>\n<\/tbody>\n<\/table>\n","protected":false},"excerpt":{"rendered":"<p>Pertenencia socio-ling\u00fc\u00edstica de los usuarios de sus servicios. Enero Informe Ixchigu\u00e1n, San Marcos Informe Nebaj, Quich\u00e9 Informe Playa Grande, Ixc\u00e1n Quich\u00e9 Informe Santiago Atitl\u00e1n Solol\u00e1 Informe Santa Eulalia, Huehuetenango Febrero Informe Ixchigu\u00e1n, San Marcos Informe Nebaj, Quich\u00e9 Informe Playa Grande Ixc\u00e1n, Quiche Informe Santiago Atitl\u00e1n, Solol\u00e1 Informe Santa Eulalia, Huehuetenango Marzo Informe Ixchigu\u00e1n, San Marcos [&hellip;]<\/p>\n","protected":false},"author":1,"featured_media":0,"parent":0,"menu_order":0,"comment_status":"closed","ping_status":"closed","template":"","meta":{"_et_pb_use_builder":"","_et_pb_old_content":"","_et_gb_content_width":"","footnotes":""},"class_list":["post-1977","page","type-page","status-publish","hentry"],"nelio_popups_active_popup":"","_links":{"self":[{"href":"https:\/\/seij.gob.gt\/udisep\/wp-json\/wp\/v2\/pages\/1977","targetHints":{"allow":["GET"]}}],"collection":[{"href":"https:\/\/seij.gob.gt\/udisep\/wp-json\/wp\/v2\/pages"}],"about":[{"href":"https:\/\/seij.gob.gt\/udisep\/wp-json\/wp\/v2\/types\/page"}],"author":[{"embeddable":true,"href":"https:\/\/seij.gob.gt\/udisep\/wp-json\/wp\/v2\/users\/1"}],"replies":[{"embeddable":true,"href":"https:\/\/seij.gob.gt\/udisep\/wp-json\/wp\/v2\/comments?post=1977"}],"version-history":[{"count":21,"href":"https:\/\/seij.gob.gt\/udisep\/wp-json\/wp\/v2\/pages\/1977\/revisions"}],"predecessor-version":[{"id":2420,"href":"https:\/\/seij.gob.gt\/udisep\/wp-json\/wp\/v2\/pages\/1977\/revisions\/2420"}],"wp:attachment":[{"href":"https:\/\/seij.gob.gt\/udisep\/wp-json\/wp\/v2\/media?parent=1977"}],"curies":[{"name":"wp","href":"https:\/\/api.w.org\/{rel}","templated":true}]}}