{"id":2444,"date":"2019-01-29T20:29:33","date_gmt":"2019-01-29T20:29:33","guid":{"rendered":"http:\/\/seij.gob.gt\/udisep\/?page_id=2444"},"modified":"2019-10-03T20:47:45","modified_gmt":"2019-10-03T20:47:45","slug":"informacion-publica-ano-2019","status":"publish","type":"page","link":"https:\/\/seij.gob.gt\/udisep\/informacion-publica-ano-2019\/","title":{"rendered":"Informaci\u00f3n Publica a\u00f1o 2019"},"content":{"rendered":"<ul>\n<li><span style=\"font-family: 'book antiqua', palatino, serif; font-size: 14pt; color: #0085ba;\"><a style=\"color: #0085ba;\" href=\"https:\/\/seij.gob.gt\/udisep\/numeral-1\/\">01. Estructura Org\u00e1nica, Funciones y Marco Normativo.<\/a><\/span><\/li>\n<li><span style=\"font-family: 'book antiqua', palatino, serif; font-size: 14pt; color: #0085ba;\"><a style=\"color: #0085ba;\" href=\"https:\/\/seij.gob.gt\/udisep\/numeral-2-ano-2019\/\">02. Direcciones y tel\u00e9fonos de las <span style=\"color: #0085ba;\">dependencias.<\/span><\/a><\/span><\/li>\n<li><span style=\"font-family: 'book antiqua', palatino, serif; font-size: 14pt;\"><a style=\"color: #0085ba;\" href=\"https:\/\/seij.gob.gt\/udisep\/numeral-3ano-2019\/\">03. Directorio de Empleados.<\/a><\/span><\/li>\n<li><span style=\"font-family: 'book antiqua', palatino, serif; font-size: 14pt;\"><a style=\"color: #0085ba;\" href=\"https:\/\/seij.gob.gt\/udisep\/numeral-4-ano-2019\/\">04. Sueldos y honorarios.<\/a><\/span><\/li>\n<li><span style=\"font-family: 'book antiqua', palatino, serif; font-size: 14pt;\"><a style=\"color: #0085ba;\" href=\"https:\/\/seij.gob.gt\/udisep\/art05\/\">05. Misi\u00f3n, Visi\u00f3n y Objetivos.<\/a><\/span><\/li>\n<li><span style=\"font-family: 'book antiqua', palatino, serif; font-size: 14pt;\"><a style=\"color: #0085ba;\" href=\"https:\/\/seij.gob.gt\/udisep\/06-manuales-procedimientos-administrativos-operativos\/\">06. Manuales y procedimientos.<\/a><\/span><\/li>\n<li><span style=\"font-family: 'book antiqua', palatino, serif; font-size: 14pt;\"><a style=\"color: #0085ba;\" href=\"https:\/\/seij.gob.gt\/udisep\/numeral-7-ano-2019\/\">07. Presupuesto de Ingresos y Egresos.<\/a><\/span><\/li>\n<li><span style=\"font-family: 'book antiqua', palatino, serif; font-size: 14pt;\"><a style=\"color: #0085ba;\" href=\"https:\/\/seij.gob.gt\/udisep\/numeral-8-ano-2019\/\">08. Informes de Ejecuci\u00f3n Presupuestaria.<\/a><\/span><\/li>\n<li><span style=\"font-family: 'book antiqua', palatino, serif; font-size: 14pt;\"><a style=\"color: #0085ba;\" href=\"https:\/\/seij.gob.gt\/udisep\/numeral-9-ano-2019\/\">09. Dep\u00f3sitos con fondos p\u00fablicos.<\/a><\/span><\/li>\n<li><span style=\"font-family: 'book antiqua', palatino, serif; font-size: 14pt;\"><a style=\"color: #0085ba;\" href=\"https:\/\/seij.gob.gt\/udisep\/numeral-10-ano-2019\/\">10. Proceso de Cotizaci\u00f3n y Licitaci\u00f3n.<\/a><\/span><\/li>\n<li><span style=\"font-family: 'book antiqua', palatino, serif; font-size: 14pt;\"><a style=\"color: #0085ba;\" href=\"https:\/\/seij.gob.gt\/udisep\/numeral-11-ano-2019\/\">11. Contrataciones de bienes y servicios.<\/a><\/span><\/li>\n<li><span style=\"font-family: 'book antiqua', palatino, serif; font-size: 14pt;\"><a style=\"color: #0085ba;\" href=\"https:\/\/seij.gob.gt\/udisep\/numeral-12-ano-2019\/\/\">12. Listado de Viajes Nacionales e Internacionales.<\/a><\/span><\/li>\n<li><span style=\"font-family: 'book antiqua', palatino, serif; font-size: 14pt;\"><a style=\"color: #0085ba;\" href=\"https:\/\/seij.gob.gt\/udisep\/numeral-13-ano-2019\/\">13. Inventario de bienes.<\/a><\/span><\/li>\n<li><span style=\"font-family: 'book antiqua', palatino, serif; font-size: 14pt;\"><a style=\"color: #0085ba;\" href=\"https:\/\/seij.gob.gt\/udisep\/numeral-14-ano-2019\/\">14. Contratos de Mantenimiento.<\/a><\/span><\/li>\n<li><span style=\"font-family: 'book antiqua', palatino, serif; font-size: 14pt;\">15. Transferencias otorgados con fondos p\u00fablicos.<\/span><\/li>\n<li style=\"color: red; font-size: 16px;\"><span style=\"font-family: 'book antiqua', palatino, serif; font-size: 14pt;\">NOTA: El presente numeral no aplica para la Secretar\u00eda Ejecutiva de la ICMSJ en vista de que no se manejan programas de subsidio, becas o transferencias.<\/span><\/li>\n<li><span style=\"font-family: 'book antiqua', palatino, serif; font-size: 14pt;\">16. Contratos de usufructo.<\/span><\/li>\n<li style=\"color: red; font-size: 16px;\"><span style=\"font-family: 'book antiqua', palatino, serif; font-size: 14pt;\">El presente numeral no aplica para la Secretar\u00eda Ejecutiva de la ICMSJ en vista que no se han suscrito contratos de usufructo ni es titular de licencias o concesiones para la explotaci\u00f3n de bienes del Estado.<\/span><\/li>\n<li><span style=\"font-family: 'book antiqua', palatino, serif; font-size: 14pt;\">17. Listado de empresas para obras p\u00fablicas.<\/span><\/li>\n<li style=\"color: red; font-size: 16px;\"><span style=\"font-family: 'book antiqua', palatino, serif; font-size: 14pt;\">NOTA: El presente numeral no aplica para la Secretar\u00eda Ejecutiva de la ICMSJ por no contar a la fecha con empresas precalificadas para tales fines.<\/span><\/li>\n<li><span style=\"font-family: 'book antiqua', palatino, serif; font-size: 14pt;\">18. Listado de obras en ejecucion o ejecutadas.<\/span><\/li>\n<li style=\"color: red; font-size: 16px;\"><span style=\"font-family: 'book antiqua', palatino, serif; font-size: 14pt;\">NOTA: La Secretar\u00eda Ejecutiva de la ICMSJ a la fecha no efect\u00faa obras de esta naturaleza.<\/span><\/li>\n<li><span style=\"font-family: 'book antiqua', palatino, serif; font-size: 14pt;\"><a style=\"color: #0085ba;\" href=\"https:\/\/seij.gob.gt\/udisep\/numeral-19-ano-2019\/\">19. Contratos de arrendamiento.<\/a><\/span><\/li>\n<li><span style=\"font-family: 'book antiqua', palatino, serif; font-size: 14pt;\"><a style=\"color: #0085ba;\" href=\"https:\/\/seij.gob.gt\/udisep\/numeral-20-ano-2019\/\">20. Cotizaciones y licitaciones.<\/a><\/span><\/li>\n<li><span style=\"font-family: 'book antiqua', palatino, serif; font-size: 14pt;\">21. Fideicomisos.<\/span><\/li>\n<li style=\"color: red; font-size: 16px;\"><span style=\"font-family: 'book antiqua', palatino, serif; font-size: 14pt;\">NOTA: El presente numeral no aplica puesto que la Secretar\u00eda Ejecutiva de la ICMSJ no ha constituido fideicomisos con fondos p\u00fablicos.<\/span><\/li>\n<li><span style=\"font-family: 'book antiqua', palatino, serif; font-size: 14pt;\"><a style=\"color: #0085ba;\" href=\"https:\/\/seij.gob.gt\/udisep\/numeral-22-ano-2019\/\">22. Listados de Compras directas.<\/a><\/span><\/li>\n<li><span style=\"font-family: 'book antiqua', palatino, serif; font-size: 14pt;\"><a style=\"color: #0085ba;\" href=\"https:\/\/seij.gob.gt\/udisep\/art23-2\/\">23. Informe de Auditorias.<\/a><\/span><\/li>\n<li><span style=\"font-family: 'book antiqua', palatino, serif; font-size: 14pt;\">24. Entidades Internacionales.<\/span><\/li>\n<li style=\"color: red; font-size: 16px;\"><span style=\"font-family: 'book antiqua', palatino, serif; font-size: 14pt;\">NOTA: El presente numeral no aplica a la Secretar\u00eda Ejecutiva de la ICMSJ por no ser una entidad internacional.<\/span><\/li>\n<li><span style=\"font-family: 'book antiqua', palatino, serif; font-size: 14pt;\">25. Entidades no gubernamentales.<\/span><\/li>\n<li style=\"color: red; font-size: 16px;\"><span style=\"font-family: 'book antiqua', palatino, serif; font-size: 14pt;\">NOTA: El presente numeral no aplica a la Secretar\u00eda Ejecutiva de la ICMSJ por no ser una entidad no gubernamental.<\/span><\/li>\n<li><span style=\"font-family: 'book antiqua', palatino, serif; font-size: 14pt;\"><a style=\"color: #0085ba;\" href=\"https:\/\/seij.gob.gt\/udisep\/numeral-26-ano-2019\/\">26. Funcionamiento y finalidad del Archivo.<\/a><\/span><\/li>\n<li><span style=\"font-family: 'book antiqua', palatino, serif; font-size: 14pt;\">27. Indice de informaci\u00f3n clasificada.<\/span><\/li>\n<li style=\"color: red; font-size: 16px;\"><span style=\"font-family: 'book antiqua', palatino, serif; font-size: 14pt;\">NOTA: El presente numeral no aplica para la Secretar\u00eda Ejecutiva de la ICMSJ ya que a la fecha no se han emitido resoluciones para declarar como reservada o confidencial ninguna informaci\u00f3n.<\/span><\/li>\n<li><span style=\"font-family: 'book antiqua', palatino, serif; font-size: 14pt;\"><a style=\"color: #0085ba;\" href=\"https:\/\/seij.gob.gt\/udisep\/numeral-28-ano-2019\/\">28. Informe sobre pertenencia socioling\u00fc\u00edstica.<\/a><\/span><\/li>\n<li><span style=\"font-family: 'book antiqua', palatino, serif; font-size: 14pt;\"><a style=\"color: #0085ba;\" href=\"https:\/\/seij.gob.gt\/udisep\/numeral-29\/\">29. Otra Informaci\u00f3n.<\/a><\/span><\/li>\n<\/ul>\n","protected":false},"excerpt":{"rendered":"<p>01. Estructura Org\u00e1nica, Funciones y Marco Normativo. 02. Direcciones y tel\u00e9fonos de las dependencias. 03. Directorio de Empleados. 04. Sueldos y honorarios. 05. Misi\u00f3n, Visi\u00f3n y Objetivos. 06. Manuales y procedimientos. 07. Presupuesto de Ingresos y Egresos. 08. Informes de Ejecuci\u00f3n Presupuestaria. 09. Dep\u00f3sitos con fondos p\u00fablicos. 10. Proceso de Cotizaci\u00f3n y Licitaci\u00f3n. 11. Contrataciones [&hellip;]<\/p>\n","protected":false},"author":1,"featured_media":0,"parent":0,"menu_order":0,"comment_status":"closed","ping_status":"closed","template":"","meta":{"_et_pb_use_builder":"","_et_pb_old_content":"","_et_gb_content_width":"","footnotes":""},"class_list":["post-2444","page","type-page","status-publish","hentry"],"nelio_popups_active_popup":"","_links":{"self":[{"href":"https:\/\/seij.gob.gt\/udisep\/wp-json\/wp\/v2\/pages\/2444","targetHints":{"allow":["GET"]}}],"collection":[{"href":"https:\/\/seij.gob.gt\/udisep\/wp-json\/wp\/v2\/pages"}],"about":[{"href":"https:\/\/seij.gob.gt\/udisep\/wp-json\/wp\/v2\/types\/page"}],"author":[{"embeddable":true,"href":"https:\/\/seij.gob.gt\/udisep\/wp-json\/wp\/v2\/users\/1"}],"replies":[{"embeddable":true,"href":"https:\/\/seij.gob.gt\/udisep\/wp-json\/wp\/v2\/comments?post=2444"}],"version-history":[{"count":33,"href":"https:\/\/seij.gob.gt\/udisep\/wp-json\/wp\/v2\/pages\/2444\/revisions"}],"predecessor-version":[{"id":2449,"href":"https:\/\/seij.gob.gt\/udisep\/wp-json\/wp\/v2\/pages\/2444\/revisions\/2449"}],"wp:attachment":[{"href":"https:\/\/seij.gob.gt\/udisep\/wp-json\/wp\/v2\/media?parent=2444"}],"curies":[{"name":"wp","href":"https:\/\/api.w.org\/{rel}","templated":true}]}}