{"id":2486,"date":"2019-01-31T16:04:07","date_gmt":"2019-01-31T16:04:07","guid":{"rendered":"http:\/\/seij.gob.gt\/udisep\/?page_id=2486"},"modified":"2020-01-09T20:37:18","modified_gmt":"2020-01-09T20:37:18","slug":"numeral-14-ano-2019","status":"publish","type":"page","link":"https:\/\/seij.gob.gt\/udisep\/numeral-14-ano-2019\/","title":{"rendered":"Numeral 14 a\u00f1o 2019"},"content":{"rendered":"<h1 style=\"text-align: center;\"><span style=\"font-family: helvetica, arial, sans-serif; color: #000080;\">Informaci\u00f3n sobre los contratos de mantenimiento de equipo, veh\u00edculos, inmuebles, plantas e instalaciones de todos los sujetos obligados.<\/span><\/h1>\n<table style=\"height: 125px; width: 399px;\">\n<tbody>\n<tr style=\"height: 23px;\">\n<td style=\"text-align: center; height: 23px; width: 264px;\"><span style=\"color: #000080; font-family: helvetica, arial, sans-serif;\"><strong>Enero 2019<\/strong><\/span><\/td>\n<\/tr>\n<tr style=\"height: 23px;\">\n<td style=\"height: 23px; width: 264px;\"><span style=\"font-family: helvetica, arial, sans-serif;\">Secretar\u00eda Ejecutiva de la ICMSJ<\/span><\/td>\n<td style=\"height: 23px; width: 120px;\"><span style=\"font-family: helvetica, arial, sans-serif;\">Sin movimiento<\/span><\/td>\n<\/tr>\n<tr style=\"height: 23px;\">\n<td style=\"height: 23px; width: 264px;\"><span style=\"font-family: helvetica, arial, sans-serif;\">Programa -AECID-<\/span><\/td>\n<td style=\"height: 23px; width: 120px;\"><span style=\"font-family: helvetica, arial, sans-serif;\">Sin movimiento<\/span><\/td>\n<\/tr>\n<tr style=\"height: 23px;\">\n<td style=\"height: 23px; width: 264px;\"><span style=\"font-family: helvetica, arial, sans-serif;\">Programa -SEJUST-<\/span><\/td>\n<td style=\"height: 23px; width: 120px;\"><span style=\"font-family: helvetica, arial, sans-serif;\">Sin movimiento<\/span><\/td>\n<\/tr>\n<tr style=\"height: 33px;\">\n<td style=\"height: 33px; width: 264px;\"><span style=\"font-family: helvetica, arial, sans-serif;\">Prevenci\u00f3n de la Violencia y el Delito<\/span><\/td>\n<td style=\"height: 33px; width: 120px;\"><span style=\"font-family: helvetica, arial, sans-serif;\">Sin movimiento<\/span><\/td>\n<\/tr>\n<\/tbody>\n<\/table>\n<table style=\"height: 125px; width: 399px;\">\n<tbody>\n<tr style=\"height: 23px;\">\n<td style=\"text-align: center; height: 23px; width: 264px;\"><span style=\"color: #000080; font-family: helvetica, arial, sans-serif;\"><strong>Febrero 2019<\/strong><\/span><\/td>\n<\/tr>\n<tr style=\"height: 23px;\">\n<td style=\"height: 23px; width: 264px;\"><span style=\"font-family: helvetica, arial, sans-serif;\">Secretar\u00eda Ejecutiva de la ICMSJ<\/span><\/td>\n<td style=\"height: 23px; width: 120px;\"><span style=\"font-family: helvetica, arial, sans-serif;\">Sin movimiento<\/span><\/td>\n<\/tr>\n<tr style=\"height: 23px;\">\n<td style=\"height: 23px; width: 264px;\"><span style=\"font-family: helvetica, arial, sans-serif;\">Programa -AECID-<\/span><\/td>\n<td style=\"height: 23px; width: 120px;\"><span style=\"font-family: helvetica, arial, sans-serif;\">Sin movimiento<\/span><\/td>\n<\/tr>\n<tr style=\"height: 23px;\">\n<td style=\"height: 23px; width: 264px;\"><span style=\"font-family: helvetica, arial, sans-serif;\">Programa -SEJUST-<\/span><\/td>\n<td style=\"height: 23px; width: 120px;\"><span style=\"font-family: helvetica, arial, sans-serif;\">Sin movimiento<\/span><\/td>\n<\/tr>\n<tr style=\"height: 33px;\">\n<td style=\"height: 33px; width: 264px;\"><span style=\"font-family: helvetica, arial, sans-serif;\">Prevenci\u00f3n de la Violencia y el Delito<\/span><\/td>\n<td style=\"height: 33px; width: 120px;\"><span style=\"font-family: helvetica, arial, sans-serif;\">Sin movimiento<\/span><\/td>\n<\/tr>\n<\/tbody>\n<\/table>\n<table style=\"height: 125px; width: 399px;\">\n<tbody>\n<tr style=\"height: 23px;\">\n<td style=\"text-align: center; height: 23px; width: 264px;\"><span style=\"color: #000080; font-family: helvetica, arial, sans-serif;\"><strong>Marzo 2019<\/strong><\/span><\/td>\n<\/tr>\n<tr style=\"height: 23px;\">\n<td style=\"height: 23px; width: 264px;\"><span style=\"font-family: helvetica, arial, sans-serif;\">Secretar\u00eda Ejecutiva de la ICMSJ<\/span><\/td>\n<td style=\"height: 23px; width: 120px;\"><span style=\"font-family: helvetica, arial, sans-serif;\">Sin movimiento<\/span><\/td>\n<\/tr>\n<tr style=\"height: 23px;\">\n<td style=\"height: 23px; width: 264px;\"><span style=\"font-family: helvetica, arial, sans-serif;\">Programa -AECID-<\/span><\/td>\n<td style=\"height: 23px; width: 120px;\"><span style=\"font-family: helvetica, arial, sans-serif;\">Sin movimiento<\/span><\/td>\n<\/tr>\n<tr style=\"height: 23px;\">\n<td style=\"height: 23px; width: 264px;\"><span style=\"font-family: helvetica, arial, sans-serif;\">Programa -SEJUST-<\/span><\/td>\n<td style=\"height: 23px; width: 120px;\"><span style=\"font-family: helvetica, arial, sans-serif;\">Sin movimiento<\/span><\/td>\n<\/tr>\n<tr style=\"height: 33px;\">\n<td style=\"height: 33px; width: 264px;\"><span style=\"font-family: helvetica, arial, sans-serif;\">Prevenci\u00f3n de la Violencia y el Delito<\/span><\/td>\n<td style=\"height: 33px; width: 120px;\"><span style=\"font-family: helvetica, arial, sans-serif;\">Sin movimiento<\/span><\/td>\n<\/tr>\n<\/tbody>\n<\/table>\n<table style=\"height: 125px; width: 399px;\">\n<tbody>\n<tr style=\"height: 23px;\">\n<td style=\"text-align: center; height: 23px; width: 264px;\"><span style=\"color: #000080; font-family: helvetica, arial, sans-serif;\"><strong>Abril 2019<\/strong><\/span><\/td>\n<\/tr>\n<tr style=\"height: 23px;\">\n<td style=\"height: 23px; width: 264px;\"><span style=\"font-family: helvetica, arial, sans-serif;\">Secretar\u00eda Ejecutiva de la ICMSJ<\/span><\/td>\n<td style=\"height: 23px; width: 120px;\"><span style=\"font-family: helvetica, arial, sans-serif;\">Sin movimiento<\/span><\/td>\n<\/tr>\n<tr style=\"height: 23px;\">\n<td style=\"height: 23px; width: 264px;\"><span style=\"font-family: helvetica, arial, sans-serif;\">Programa -AECID-<\/span><\/td>\n<td style=\"height: 23px; width: 120px;\"><span style=\"font-family: helvetica, arial, sans-serif;\">Sin movimiento<\/span><\/td>\n<\/tr>\n<tr style=\"height: 23px;\">\n<td style=\"height: 23px; width: 264px;\"><span style=\"font-family: helvetica, arial, sans-serif;\">Programa -SEJUST-<\/span><\/td>\n<td style=\"height: 23px; width: 120px;\"><a href=\"..\/\/_2019_\/informacion publica\/septiembre\/NUM14\/NUM14_SEJUST_ABRIL19.pdf\"><span style=\"font-family: helvetica, arial, sans-serif; color: #ff0000;\">Descargar <span style=\"font-size: 14pt;\">pdf<\/span><\/span><\/a><\/td>\n<\/tr>\n<tr style=\"height: 33px;\">\n<td style=\"height: 33px; width: 264px;\"><span style=\"font-family: helvetica, arial, sans-serif;\">Prevenci\u00f3n de la Violencia y el Delito<\/span><\/td>\n<td style=\"height: 33px; width: 120px;\"><span style=\"font-family: helvetica, arial, sans-serif;\">Sin movimiento<\/span><\/td>\n<\/tr>\n<\/tbody>\n<\/table>\n<table>\n<tbody>\n<tr style=\"height: 23px;\">\n<td style=\"text-align: center; height: 23px; width: 264px;\"><span style=\"color: #000080; font-family: helvetica, arial, sans-serif;\"><strong>Mayo 2019<\/strong><\/span><\/td>\n<td><\/td>\n<\/tr>\n<tr style=\"height: 23px;\">\n<td style=\"height: 23px; width: 264px;\"><span style=\"font-family: helvetica, arial, sans-serif;\">Secretar\u00eda Ejecutiva de la ICMSJ<\/span><\/td>\n<td style=\"height: 23px; width: 120px;\"><span style=\"font-family: helvetica, arial, sans-serif;\">Sin movimiento<\/span><\/td>\n<\/tr>\n<tr style=\"height: 23px;\">\n<td style=\"height: 23px; width: 264px;\"><span style=\"font-family: helvetica, arial, sans-serif;\">Programa -AECID-<\/span><\/td>\n<td style=\"height: 23px; width: 120px;\"><span style=\"font-family: helvetica, arial, sans-serif;\">Sin movimiento<\/span><\/td>\n<\/tr>\n<tr style=\"height: 23px;\">\n<td style=\"height: 23px; width: 264px;\"><span style=\"font-family: helvetica, arial, sans-serif;\">Programa -SEJUST-<\/span><\/td>\n<td style=\"height: 23px; width: 120px;\"><a href=\"..\/\/_2019_\/informacion publica\/septiembre\/NUM14\/NUM14_SEJUST_MAYO19.pdf\"><span style=\"font-family: helvetica, arial, sans-serif; color: #ff0000;\">Descargar <span style=\"font-size: 14pt;\">pdf<\/span><\/span><\/a><\/td>\n<\/tr>\n<tr style=\"height: 33px;\">\n<td style=\"height: 33px; width: 264px;\"><span style=\"font-family: helvetica, arial, sans-serif;\">Prevenci\u00f3n de la Violencia y el Delito<\/span><\/td>\n<td style=\"height: 33px; width: 120px;\"><span style=\"font-family: helvetica, arial, sans-serif;\">Sin movimiento<\/span><\/td>\n<\/tr>\n<\/tbody>\n<\/table>\n<table>\n<tbody>\n<tr style=\"height: 23px;\">\n<td style=\"text-align: center; height: 23px; width: 264px;\"><span style=\"color: #000080; font-family: helvetica, arial, sans-serif;\"><strong>Junio 2019<\/strong><\/span><\/td>\n<td><\/td>\n<\/tr>\n<tr style=\"height: 23px;\">\n<td style=\"height: 23px; width: 264px;\"><span style=\"font-family: helvetica, arial, sans-serif;\">Secretar\u00eda Ejecutiva de la ICMSJ<\/span><\/td>\n<td style=\"height: 23px; width: 120px;\"><span style=\"font-family: helvetica, arial, sans-serif;\">Sin movimiento<\/span><\/td>\n<\/tr>\n<tr style=\"height: 23px;\">\n<td style=\"height: 23px; width: 264px;\"><span style=\"font-family: helvetica, arial, sans-serif;\">Programa -AECID-<\/span><\/td>\n<td style=\"height: 23px; width: 120px;\"><span style=\"font-family: helvetica, arial, sans-serif;\">Sin movimiento<\/span><\/td>\n<\/tr>\n<tr style=\"height: 23px;\">\n<td style=\"height: 23px; width: 264px;\"><span style=\"font-family: helvetica, arial, sans-serif;\">Programa -SEJUST-<\/span><\/td>\n<td style=\"height: 23px; width: 120px;\"><span style=\"font-family: helvetica, arial, sans-serif;\">Sin movimiento<\/span><\/td>\n<\/tr>\n<tr style=\"height: 33px;\">\n<td style=\"height: 33px; width: 264px;\"><span style=\"font-family: helvetica, arial, sans-serif;\">Prevenci\u00f3n de la Violencia y el Delito<\/span><\/td>\n<td style=\"height: 33px; width: 120px;\"><span style=\"font-family: helvetica, arial, sans-serif;\">Sin movimiento<\/span><\/td>\n<\/tr>\n<\/tbody>\n<\/table>\n<table>\n<tbody>\n<tr style=\"height: 23px;\">\n<td style=\"text-align: center; height: 23px; width: 264px;\"><span style=\"color: #000080; font-family: helvetica, arial, sans-serif;\"><strong>Julio 2019<\/strong><\/span><\/td>\n<td><\/td>\n<\/tr>\n<tr style=\"height: 23px;\">\n<td style=\"height: 23px; width: 264px;\"><span style=\"font-family: helvetica, arial, sans-serif;\">Secretar\u00eda Ejecutiva de la ICMSJ<\/span><\/td>\n<td style=\"height: 23px; width: 120px; text-align: center;\"><span style=\"font-family: helvetica, arial, sans-serif;\">Sin movimiento<\/span><\/td>\n<\/tr>\n<tr style=\"height: 23px;\">\n<td style=\"height: 23px; width: 264px;\"><span style=\"font-family: helvetica, arial, sans-serif;\">Programa -AECID-<\/span><\/td>\n<td style=\"height: 23px; width: 120px; text-align: center;\"><span style=\"font-family: helvetica, arial, sans-serif;\">Sin movimiento<\/span><\/td>\n<\/tr>\n<tr style=\"height: 23px;\">\n<td style=\"height: 23px; width: 264px;\"><span style=\"font-family: helvetica, arial, sans-serif;\">Programa -SEJUST-<\/span><\/td>\n<td style=\"height: 23px; width: 120px; text-align: center;\"><a href=\"..\/\/_2019_\/informacion publica\/julio\/NUMERAL_14_JUL19\/NUM14_SEJUST_JUL19.pdf\"><span style=\"font-family: helvetica, arial, sans-serif; color: #ff0000;\">Descargar <span style=\"font-size: 14pt;\">pdf<\/span><\/span><\/a><\/td>\n<\/tr>\n<tr style=\"height: 33px;\">\n<td style=\"height: 33px; width: 264px;\"><span style=\"font-family: helvetica, arial, sans-serif;\">Prevenci\u00f3n de la Violencia y el Delito<\/span><\/td>\n<td style=\"height: 33px; width: 120px; text-align: center;\"><span style=\"font-family: helvetica, arial, sans-serif;\">Sin movimiento<\/span><\/td>\n<\/tr>\n<\/tbody>\n<\/table>\n<table style=\"height: 125px;\">\n<tbody>\n<tr style=\"height: 23px;\">\n<td style=\"text-align: center; height: 23px; width: 264px;\"><span style=\"color: #000080; font-family: helvetica, arial, sans-serif;\"><strong>Agosto 2019<\/strong><\/span><\/td>\n<td style=\"height: 23px; width: 120px;\"><\/td>\n<\/tr>\n<tr style=\"height: 23px;\">\n<td style=\"height: 23px; width: 264px;\"><span style=\"font-family: helvetica, arial, sans-serif;\">Secretar\u00eda Ejecutiva de la ICMSJ<\/span><\/td>\n<td style=\"height: 23px; width: 120px; text-align: center;\"><span style=\"font-family: helvetica, arial, sans-serif;\">Sin movimiento<\/span><\/td>\n<\/tr>\n<tr style=\"height: 23px;\">\n<td style=\"height: 23px; width: 264px;\"><span style=\"font-family: helvetica, arial, sans-serif;\">Programa -AECID-<\/span><\/td>\n<td style=\"height: 23px; width: 120px; text-align: center;\"><span style=\"font-family: helvetica, arial, sans-serif;\">Sin movimiento<\/span><\/td>\n<\/tr>\n<tr style=\"height: 23px;\">\n<td style=\"height: 23px; width: 264px;\"><span style=\"font-family: helvetica, arial, sans-serif;\">Programa -SEJUST-<\/span><\/td>\n<td style=\"height: 23px; width: 120px; text-align: center;\"><a href=\"..\/\/_2019_\/informacion publica\/agosto\/NUMERAL_14_AGO19\/NUM14_SEJUST_AGO19.pdf\"><span style=\"font-family: helvetica, arial, sans-serif; color: #ff0000;\">Descargar <span style=\"font-size: 14pt;\">pdf<\/span><\/span><\/a><\/td>\n<\/tr>\n<tr style=\"height: 33px;\">\n<td style=\"height: 33px; width: 264px;\"><span style=\"font-family: helvetica, arial, sans-serif;\">Prevenci\u00f3n de la Violencia y el Delito<\/span><\/td>\n<td style=\"height: 33px; width: 120px; text-align: center;\"><span style=\"font-family: helvetica, arial, sans-serif;\">Sin movimiento<\/span><\/td>\n<\/tr>\n<\/tbody>\n<\/table>\n<table>\n<tbody>\n<tr style=\"height: 23px;\">\n<td style=\"text-align: center; height: 23px; width: 264px;\"><span style=\"color: #000080; font-family: helvetica, arial, sans-serif;\"><strong>Septiembre 2019<\/strong><\/span><\/td>\n<td><\/td>\n<\/tr>\n<tr style=\"height: 23px;\">\n<td style=\"height: 23px; width: 264px;\"><span style=\"font-family: helvetica, arial, sans-serif;\">Secretar\u00eda Ejecutiva de la ICMSJ<\/span><\/td>\n<td style=\"height: 23px; width: 120px; text-align: center;\"><span style=\"font-family: helvetica, arial, sans-serif;\">Sin movimiento<\/span><\/td>\n<\/tr>\n<tr style=\"height: 23px;\">\n<td style=\"height: 23px; width: 264px;\"><span style=\"font-family: helvetica, arial, sans-serif;\">Programa -AECID-<\/span><\/td>\n<td style=\"height: 23px; width: 120px; text-align: center;\"><span style=\"font-family: helvetica, arial, sans-serif;\">Sin movimiento<\/span><\/td>\n<\/tr>\n<tr style=\"height: 23px;\">\n<td style=\"height: 23px; width: 264px;\"><span style=\"font-family: helvetica, arial, sans-serif;\">Programa -SEJUST-<\/span><\/td>\n<td style=\"height: 23px; width: 120px; text-align: center;\"><a href=\"..\/\/_2019_\/informacion publica\/septiembre\/NUM14\/NUM14_SEJUST_SEP19.pdf\"><span style=\"font-family: helvetica, arial, sans-serif; color: #ff0000;\">Descargar <span style=\"font-size: 14pt;\">pdf<\/span><\/span><\/a><\/td>\n<\/tr>\n<tr style=\"height: 33px;\">\n<td style=\"height: 33px; width: 264px;\"><span style=\"font-family: helvetica, arial, sans-serif;\">Prevenci\u00f3n de la Violencia y el Delito<\/span><\/td>\n<td style=\"height: 33px; width: 120px; text-align: center;\"><a href=\"..\/\/_2019_\/informacion publica\/septiembre\/NUM14\/NUM14_PREVI_SEP19.pdf\"><span style=\"font-family: helvetica, arial, sans-serif; color: #ff0000;\">Descargar <span style=\"font-size: 14pt;\">pdf<\/span><\/span><\/a><\/td>\n<\/tr>\n<\/tbody>\n<\/table>\n<table>\n<tbody>\n<tr style=\"height: 23px;\">\n<td style=\"text-align: center; height: 23px; width: 264px;\"><span style=\"color: #000080; font-family: helvetica, arial, sans-serif;\"><strong>Octubre 2019<\/strong><\/span><\/td>\n<td><\/td>\n<\/tr>\n<tr style=\"height: 23px;\">\n<td style=\"height: 23px; width: 264px;\"><span style=\"font-family: helvetica, arial, sans-serif;\">Secretar\u00eda Ejecutiva de la ICMSJ<\/span><\/td>\n<td style=\"height: 23px; width: 120px; text-align: center;\"><a href=\"..\/\/_2019_\/informacion publica\/octubre\/NUM14_OCT_2019\/NUM14_SEIJ_OCT19.pdf\"><span style=\"font-family: helvetica, arial, sans-serif; color: #ff0000;\">Descargar <span style=\"font-size: 14pt;\">pdf<\/span><\/span><\/a><\/td>\n<\/tr>\n<tr style=\"height: 23px;\">\n<td style=\"height: 23px; width: 264px;\"><span style=\"font-family: helvetica, arial, sans-serif;\">Programa -AECID-<\/span><\/td>\n<td style=\"height: 23px; width: 120px; text-align: center;\"><a href=\"..\/\/_2019_\/informacion publica\/octubre\/NUM14_OCT_2019\/NUM14_AECID_OCT19.pdf\"><span style=\"font-family: helvetica, arial, sans-serif; color: #ff0000;\">Descargar <span style=\"font-size: 14pt;\">pdf<\/span><\/span><\/a><\/td>\n<\/tr>\n<tr style=\"height: 23px;\">\n<td style=\"height: 23px; width: 264px;\"><span style=\"font-family: helvetica, arial, sans-serif;\">Programa -SEJUST-<\/span><\/td>\n<td style=\"height: 23px; width: 120px; text-align: center;\"><a href=\"..\/\/_2019_\/informacion publica\/octubre\/NUM14_OCT_2019\/NUM14_SEJUST_OCT19.pdf\"><span style=\"font-family: helvetica, arial, sans-serif; color: #ff0000;\">Descargar <span style=\"font-size: 14pt;\">pdf<\/span><\/span><\/a><\/td>\n<\/tr>\n<tr style=\"height: 33px;\">\n<td style=\"height: 33px; width: 264px;\"><span style=\"font-family: helvetica, arial, sans-serif;\">Prevenci\u00f3n de la Violencia y el Delito<\/span><\/td>\n<td style=\"height: 33px; width: 120px; text-align: center;\"><a href=\"..\/\/_2019_\/informacion publica\/octubre\/NUM14_OCT_2019\/NUM14_PREVI_OCT19.pdf\"><span style=\"font-family: helvetica, arial, sans-serif; color: #ff0000;\">Descargar <span style=\"font-size: 14pt;\">pdf<\/span><\/span><\/a><\/td>\n<\/tr>\n<\/tbody>\n<\/table>\n<table>\n<tbody>\n<tr style=\"height: 23px;\">\n<td style=\"text-align: center; height: 23px; width: 264px;\"><span style=\"color: #000080; font-family: helvetica, arial, sans-serif;\"><strong>Noviembre 2019<\/strong><\/span><\/td>\n<td><\/td>\n<\/tr>\n<tr style=\"height: 23px;\">\n<td style=\"height: 23px; width: 264px;\"><span style=\"font-family: helvetica, arial, sans-serif;\">Secretar\u00eda Ejecutiva de la ICMSJ<\/span><\/td>\n<td style=\"height: 23px; width: 120px; text-align: center;\"><span style=\"font-family: helvetica, arial, sans-serif;\">Sin movimiento<\/span><\/td>\n<\/tr>\n<tr style=\"height: 23px;\">\n<td style=\"height: 23px; width: 264px;\"><span style=\"font-family: helvetica, arial, sans-serif;\">Programa -AECID-<\/span><\/td>\n<td style=\"height: 23px; width: 120px; text-align: center;\"><a href=\"..\/\/_2019_\/informacion publica\/noviembre\/NUMERAL14_NOV19\/NUM14_AECID_NOV19.pdf\"><span style=\"font-family: helvetica, arial, sans-serif; color: #ff0000;\">Descargar <span style=\"font-size: 14pt;\">pdf<\/span><\/span><\/a><\/td>\n<\/tr>\n<tr style=\"height: 23px;\">\n<td style=\"height: 23px; width: 264px;\"><span style=\"font-family: helvetica, arial, sans-serif;\">Programa -SEJUST-<\/span><\/td>\n<td style=\"height: 23px; width: 120px; text-align: center;\"><a href=\"..\/\/_2019_\/informacion publica\/noviembre\/NUMERAL14_NOV19\/NUM14_SEJSUT_NOV19.pdf\"><span style=\"font-family: helvetica, arial, sans-serif; color: #ff0000;\">Descargar <span style=\"font-size: 14pt;\">pdf<\/span><\/span><\/a><\/td>\n<\/tr>\n<tr style=\"height: 33px;\">\n<td style=\"height: 33px; width: 264px;\"><span style=\"font-family: helvetica, arial, sans-serif;\">Prevenci\u00f3n de la Violencia y el Delito<\/span><\/td>\n<td style=\"height: 33px; width: 120px; text-align: center;\"><a href=\"..\/\/_2019_\/informacion publica\/noviembre\/NUMERAL14_NOV19\/NUM14_PREVI_NOV19.pdf\"><span style=\"font-family: helvetica, arial, sans-serif; color: #ff0000;\">Descargar <span style=\"font-size: 14pt;\">pdf<\/span><\/span><\/a><\/td>\n<\/tr>\n<\/tbody>\n<\/table>\n<table>\n<tbody>\n<tr style=\"height: 23px;\">\n<td style=\"text-align: center; height: 23px; width: 264px;\"><span style=\"color: #000080; font-family: helvetica, arial, sans-serif;\"><strong>Diciembre 2019<\/strong><\/span><\/td>\n<td><\/td>\n<\/tr>\n<tr style=\"height: 23px;\">\n<td style=\"height: 23px; width: 264px;\"><span style=\"font-family: helvetica, arial, sans-serif;\">Secretar\u00eda Ejecutiva de la ICMSJ<\/span><\/td>\n<td style=\"height: 23px; width: 120px; text-align: center;\"><span style=\"font-family: helvetica, arial, sans-serif;\">Sin movimiento<\/span><\/td>\n<\/tr>\n<tr style=\"height: 23px;\">\n<td style=\"height: 23px; width: 264px;\"><span style=\"font-family: helvetica, arial, sans-serif;\">Programa -SEJUST-<\/span><\/td>\n<td style=\"height: 23px; width: 120px; text-align: center;\"><a href=\"..\/\/_2019_\/informacion publica\/diciembre\/NUM14_DIC19\/NUM14_SEJUST_DIC19.pdf\"><span style=\"font-family: helvetica, arial, sans-serif; color: #ff0000;\">Descargar <span style=\"font-size: 14pt;\">pdf<\/span><\/span><\/a><\/td>\n<\/tr>\n<tr style=\"height: 33px;\">\n<td style=\"height: 33px; width: 264px;\"><span style=\"font-family: helvetica, arial, sans-serif;\">Prevenci\u00f3n de la Violencia y el Delito<\/span><\/td>\n<td style=\"height: 33px; width: 120px; text-align: center;\"><a href=\"..\/\/_2019_\/informacion publica\/diciembre\/NUM14_DIC19\/NUM14_PREVI_DIC19.pdf\"><span style=\"font-family: helvetica, arial, sans-serif; color: #ff0000;\">Descargar <span style=\"font-size: 14pt;\">pdf<\/span><\/span><\/a><\/td>\n<\/tr>\n<\/tbody>\n<\/table>\n","protected":false},"excerpt":{"rendered":"<p>Informaci\u00f3n sobre los contratos de mantenimiento de equipo, veh\u00edculos, inmuebles, plantas e instalaciones de todos los sujetos obligados. Enero 2019 Secretar\u00eda Ejecutiva de la ICMSJ Sin movimiento Programa -AECID- Sin movimiento Programa -SEJUST- Sin movimiento Prevenci\u00f3n de la Violencia y el Delito Sin movimiento Febrero 2019 Secretar\u00eda Ejecutiva de la ICMSJ Sin movimiento Programa -AECID- [&hellip;]<\/p>\n","protected":false},"author":1,"featured_media":0,"parent":0,"menu_order":0,"comment_status":"closed","ping_status":"closed","template":"","meta":{"_et_pb_use_builder":"","_et_pb_old_content":"","_et_gb_content_width":"","footnotes":""},"class_list":["post-2486","page","type-page","status-publish","hentry"],"nelio_popups_active_popup":"","_links":{"self":[{"href":"https:\/\/seij.gob.gt\/udisep\/wp-json\/wp\/v2\/pages\/2486","targetHints":{"allow":["GET"]}}],"collection":[{"href":"https:\/\/seij.gob.gt\/udisep\/wp-json\/wp\/v2\/pages"}],"about":[{"href":"https:\/\/seij.gob.gt\/udisep\/wp-json\/wp\/v2\/types\/page"}],"author":[{"embeddable":true,"href":"https:\/\/seij.gob.gt\/udisep\/wp-json\/wp\/v2\/users\/1"}],"replies":[{"embeddable":true,"href":"https:\/\/seij.gob.gt\/udisep\/wp-json\/wp\/v2\/comments?post=2486"}],"version-history":[{"count":16,"href":"https:\/\/seij.gob.gt\/udisep\/wp-json\/wp\/v2\/pages\/2486\/revisions"}],"predecessor-version":[{"id":3095,"href":"https:\/\/seij.gob.gt\/udisep\/wp-json\/wp\/v2\/pages\/2486\/revisions\/3095"}],"wp:attachment":[{"href":"https:\/\/seij.gob.gt\/udisep\/wp-json\/wp\/v2\/media?parent=2486"}],"curies":[{"name":"wp","href":"https:\/\/api.w.org\/{rel}","templated":true}]}}