{"id":2498,"date":"2019-01-31T16:10:00","date_gmt":"2019-01-31T16:10:00","guid":{"rendered":"http:\/\/seij.gob.gt\/udisep\/?page_id=2498"},"modified":"2020-01-10T21:20:29","modified_gmt":"2020-01-10T21:20:29","slug":"numeral-28-ano-2019","status":"publish","type":"page","link":"https:\/\/seij.gob.gt\/udisep\/numeral-28-ano-2019\/","title":{"rendered":"Numeral 28 a\u00f1o 2019"},"content":{"rendered":"<h1 style=\"text-align: center;\"><span style=\"font-family: helvetica, arial, sans-serif; color: #000080;\">Pertenencia socio-ling\u00fc\u00edstica de los usuarios de sus servicios.<\/span><\/h1>\n<table style=\"height: 1311px; border-style: none; width: 721px; border-color: #000000;\" width=\"716\">\n<tbody>\n<tr>\n<td style=\"width: 236px;\">\n<p style=\"text-align: center;\"><span style=\"font-family: helvetica, arial, sans-serif; color: #000000;\">Enero<\/span><\/p>\n<hr \/>\n<p><span style=\"font-size: 10pt;\"><a href=\"..\/_2019_\/informacion publica\/enero\/Num28_enero_19\/NUM28_IXCHIGUAN_ENE19..pdf\"><span style=\"font-family: helvetica, arial, sans-serif; color: #0085ba;\">Informe Ixchiguan, San Marcos<\/span><\/a><\/span><\/p>\n<p><span style=\"font-size: 10pt;\"><a href=\"..\/_2019_\/informacion publica\/enero\/Num28_enero_19\/NUM28_NEBAJ_ENE19.pdf\"><span style=\"font-family: helvetica, arial, sans-serif; color: #0085ba;\">Informe Nebaj, Quich\u00e9<\/span><\/a><\/span><\/p>\n<p><span style=\"font-size: 10pt;\"><a href=\"..\/_2019_\/informacion publica\/enero\/Num28_enero_19\/NUM28_IXCAN_ENE19.pdf\"><span style=\"font-family: helvetica, arial, sans-serif; color: #0085ba;\">Informe Playa Grande, Ixcan Quich\u00e9<\/span><\/a><\/span><\/p>\n<p><span style=\"font-family: helvetica, arial, sans-serif; color: #0085ba; font-size: 10pt;\">Informe Santiago Atitl\u00e1n, Solol\u00e1<\/span><\/p>\n<p><span style=\"font-size: 10pt;\"><a href=\"..\/_2019_\/informacion publica\/enero\/Num28_enero_19\/NUM28_STA_EULALIA_ENE19.pdf\"><span style=\"font-family: helvetica, arial, sans-serif; color: #0085ba;\">Informe Santa Eulalia, Huehuetenango<\/span><\/a><\/span><\/td>\n<td style=\"width: 231px;\">\n<p style=\"text-align: center;\"><span style=\"font-family: helvetica, arial, sans-serif; color: #000000;\">Febrero<\/span><\/p>\n<hr \/>\n<p><span style=\"font-size: 10pt;\"><a href=\"..\/_2019_\/informacion publica\/febrero\/NUM28_FEB19\/NUM28_IXCHIGUAN_FEB19.pdf\"><span style=\"font-family: helvetica, arial, sans-serif; color: #0085ba;\">Informe Ixchiguan, San Marcos<\/span><\/a><\/span><\/p>\n<p><span style=\"font-size: 10pt;\"><a href=\"..\/_2019_\/informacion publica\/febrero\/NUM28_FEB19\/NUM28_NEBAJ_FEB19.pdf\"><span style=\"font-family: helvetica, arial, sans-serif; color: #0085ba;\">Informe Nebaj, Quich\u00e9<\/span><\/a><\/span><\/p>\n<p><span style=\"font-size: 10pt;\"><a href=\"..\/_2019_\/informacion publica\/febrero\/NUM28_FEB19\/NUM28_IXCAN_FEB19.pdf\"><span style=\"font-family: helvetica, arial, sans-serif; color: #0085ba;\">Informe Playa Grande, Ixcan Quich\u00e9<\/span><\/a><\/span><\/p>\n<p><span style=\"font-size: 10pt;\"><a href=\"..\/_2019_\/informacion publica\/febrero\/NUM28_FEB19\/NUM28_SANTIAGO_FEB19.pdf\"><span style=\"font-family: helvetica, arial, sans-serif; color: #0085ba;\">Informe Santiago Atitl\u00e1n, Solol\u00e1<\/span><\/a><\/span><\/p>\n<p><span style=\"font-size: 10pt;\"><a href=\"..\/_2019_\/informacion publica\/febrero\/NUM28_FEB19\/NUM28_STA_EULALIA_FEB19.pdf\"><span style=\"font-family: helvetica, arial, sans-serif; color: #0085ba;\">Informe Santa Eulalia, Huehuetenango<\/span><\/a><\/span><\/td>\n<td style=\"width: 234px;\">\n<p style=\"text-align: center;\"><span style=\"font-family: helvetica, arial, sans-serif; color: #000000;\">Marzo<\/span><\/p>\n<hr \/>\n<p><a href=\"..\/_2019_\/informacion publica\/marzo\/NUM28_MAR19\/NUM28_IXCHIGU\u00c1N_MAR19.pdf\"><span style=\"font-family: helvetica, arial, sans-serif; color: #0085ba; font-size: 10pt;\">Informe Ixchiguan, San Marcos<\/span><\/a><\/p>\n<p><a href=\"..\/_2019_\/informacion publica\/marzo\/NUM28_MAR19\/NUM28_NEBAJ_MAR19+}.pdf\"><span style=\"font-family: helvetica, arial, sans-serif; color: #0085ba; font-size: 10pt;\">Informe Nebaj, Quich\u00e9<\/span><\/a><\/p>\n<p><a href=\"..\/_2019_\/informacion publica\/marzo\/NUM28_MAR19\/NUM28_IXC\u00c1N_MAR19.pdf\"><span style=\"font-family: helvetica, arial, sans-serif; color: #0085ba; font-size: 10pt;\">Informe Playa Grande, Ixcan Quich\u00e9<\/span><\/a><\/p>\n<p><a href=\"..\/_2019_\/informacion publica\/marzo\/NUM28_MAR19\/NUM28_ATITL\u00c1N_MAR19.pdf\"><span style=\"font-family: helvetica, arial, sans-serif; color: #0085ba; font-size: 10pt;\">Informe Santiago Atitl\u00e1n, Solol\u00e1<\/span><\/a><\/p>\n<p><a href=\"..\/_2019_\/informacion publica\/marzo\/NUM28_MAR19\/NUM28_HUEHUETENANGO_MAR19.pdf\"><span style=\"font-family: helvetica, arial, sans-serif; color: #0085ba; font-size: 10pt;\">Informe Santa Eulalia, Huehuetenango<\/span><\/a><\/td>\n<\/tr>\n<tr>\n<td style=\"width: 236px;\">\n<p style=\"text-align: center;\"><span style=\"font-family: helvetica, arial, sans-serif; color: #333333;\">Abril<\/span><\/p>\n<hr \/>\n<p><a href=\"..\/_2019_\/informacion publica\/abril\/NUM28_ABR19\/NUM28_IXCHIGUAN_ABR19.pdf\"><span style=\"font-family: helvetica, arial, sans-serif; color: #0085ba; font-size: 10pt;\">Informe Ixchiguan, San Marcos<\/span><\/a><\/p>\n<p><a href=\"..\/_2019_\/informacion publica\/abril\/NUM28_ABR19\/NUM28_NEBAJ_ABR19.pdf\"><span style=\"font-family: helvetica, arial, sans-serif; color: #0085ba; font-size: 10pt;\">Informe Nebaj, Quich\u00e9<\/span><\/a><\/p>\n<p><a href=\"..\/_2019_\/informacion publica\/abril\/NUM28_ABR19\/NUM28_IXCAN_ABR19.pdf\"><span style=\"font-family: helvetica, arial, sans-serif; color: #0085ba; font-size: 10pt;\">Informe Playa Grande, Ixcan Quich\u00e9<\/span><\/a><\/p>\n<p><a href=\"..\/_2019_\/informacion publica\/abril\/NUM28_ABR19\/NUM28_ATITL\u00c0N_ABR19.pdf\"><span style=\"font-family: helvetica, arial, sans-serif; color: #0085ba; font-size: 10pt;\">Informe Santiago Atitl\u00e1n, Solol\u00e1<\/span><\/a><\/p>\n<p><a href=\"..\/_2019_\/informacion publica\/abril\/NUM28_ABR19\/NUM28_HUEHUETENANGO_ABR19.pdf\"><span style=\"font-family: helvetica, arial, sans-serif; color: #0085ba; font-size: 10pt;\">Informe Santa Eulalia, Huehuetenango<\/span><\/a><\/td>\n<td style=\"width: 231px;\">\n<p style=\"text-align: center;\"><span style=\"font-family: helvetica, arial, sans-serif; color: #000000;\">Mayo<\/span><\/p>\n<hr \/>\n<p><a href=\"..\/\/_2019_\/informacion publica\/mayo\/NUMERAL_28_MAY19\/NUM28_IXCHIGU\u00c1N_MAY19.pdf\"><span style=\"font-family: helvetica, arial, sans-serif; color: #0085ba; font-size: 10pt;\">Informe Ixchiguan, San Marcos<\/span><\/a><\/p>\n<p><a href=\"..\/\/_2019_\/informacion publica\/mayo\/NUMERAL_28_MAY19\/NUM28_NEBAJ_MAY19.pdf\"><span style=\"font-family: helvetica, arial, sans-serif; color: #0085ba; font-size: 10pt;\">Informe Nebaj, Quich\u00e9<\/span><\/a><\/p>\n<p><a href=\"..\/\/_2019_\/informacion publica\/mayo\/NUMERAL_28_MAY19\/NUM28_IXC\u00c0N_MAY19.pdf\"><span style=\"font-family: helvetica, arial, sans-serif; color: #0085ba; font-size: 10pt;\">Informe Playa Grande, Ixc\u00e1n Quich\u00e9<\/span><\/a><\/p>\n<p><a href=\"..\/\/_2019_\/informacion publica\/mayo\/NUMERAL_28_MAY19\/NUM28_ATITL\u00c0N_MAY19.pdf\"><span style=\"font-family: helvetica, arial, sans-serif; color: #0085ba; font-size: 10pt;\">Informe Santiago Atitl\u00e1n, Solol\u00e1<\/span><\/a><\/p>\n<p><a href=\"..\/\/_2019_\/informacion publica\/mayo\/NUMERAL_28_MAY19\/NUM28_STA_EULALIA_MAY19.pdf\"><span style=\"font-family: helvetica, arial, sans-serif; color: #0085ba; font-size: 10pt;\">Informe Santa Eulalia, Huehuetenango<\/span><\/a><\/td>\n<td style=\"width: 234px;\">\n<p style=\"text-align: center;\"><span style=\"font-family: helvetica, arial, sans-serif; color: #000000;\">Junio<\/span><\/p>\n<hr \/>\n<p><a href=\"..\/\/_2019_\/informacion publica\/junio\/NUM28_JUN19\/NUM28_IXCHIGUAN_JUN19.pdf\"><span style=\"font-family: helvetica, arial, sans-serif; color: #0085ba; font-size: 10pt;\">Informe Ixchiguan, San Marcos<\/span><\/a><\/p>\n<p><a href=\"..\/\/_2019_\/informacion publica\/junio\/NUM28_JUN19\/NUM28_NEBAJ_JUN19.pdf\"><span style=\"font-family: helvetica, arial, sans-serif; color: #0085ba; font-size: 10pt;\">Informe Nebaj, Quich\u00e9<\/span><\/a><\/p>\n<p><a href=\"..\/\/_2019_\/informacion publica\/junio\/NUM28_JUN19\/NUM28_IXCAN_JUN19.pdf\"><span style=\"font-family: helvetica, arial, sans-serif; color: #0085ba; font-size: 10pt;\">Informe Playa Grande, Ixcan Quich\u00e9<\/span><\/a><\/p>\n<p><a href=\"..\/\/_2019_\/informacion publica\/junio\/NUM28_JUN19\/NUM28_ATITL\u00c1N_JUN19.pdf\"><span style=\"font-family: helvetica, arial, sans-serif; color: #0085ba; font-size: 10pt;\">Informe Santiago Atitl\u00e1n, Solol\u00e1<\/span><\/a><\/p>\n<p><a href=\"..\/\/_2019_\/informacion publica\/junio\/NUM28_JUN19\/NUM28_HUEHUETENANGO_JUN19.pdf\"><span style=\"font-family: helvetica, arial, sans-serif; color: #0085ba; font-size: 10pt;\">Informe Santa Eulalia, Huehuetenango<\/span><\/a><\/td>\n<\/tr>\n<tr>\n<td style=\"width: 236px;\">\n<p style=\"text-align: center;\"><span style=\"font-family: helvetica, arial, sans-serif; color: #000000;\">Julio<\/span><\/p>\n<hr \/>\n<p><a href=\"..\/\/_2019_\/informacion publica\/julio\/NUMERAL_28_JUL19\/NUM28_IXCHIGU\u00c0N_JUL19.pdf\"><span style=\"font-family: helvetica, arial, sans-serif; color: #0085ba; font-size: 10pt;\">Informe Ixchiguan, San Marcos<\/span><\/a><\/p>\n<p><a href=\"..\/\/_2019_\/informacion publica\/julio\/NUMERAL_28_JUL19\/NUM28_NEBAJ_JUL19.pdf\"><span style=\"font-family: helvetica, arial, sans-serif; color: #0085ba; font-size: 10pt;\">Informe Nebaj, Quich\u00e9<\/span><\/a><\/p>\n<p><a href=\"..\/\/_2019_\/informacion publica\/julio\/NUMERAL_28_JUL19\/NUM28_IXC\u00c0N_JUL19.pdf\"><span style=\"font-family: helvetica, arial, sans-serif; color: #0085ba; font-size: 10pt;\">Informe Playa Grande, Ixcan Quich\u00e9<\/span><\/a><\/p>\n<p><span style=\"font-family: helvetica, arial, sans-serif; color: #0085ba; font-size: 10pt;\">Informe Santiago Atitl\u00e1n, Solol\u00e1<\/span><\/p>\n<p><a href=\"..\/\/_2019_\/informacion publica\/julio\/NUMERAL_28_JUL19\/NUM28_HUEHUETENANGO_JUL1919.pdf\"><span style=\"font-family: helvetica, arial, sans-serif; color: #0085ba; font-size: 10pt;\">Informe Santa Eulalia, Huehuetenango<\/span><\/a><\/td>\n<td style=\"width: 231px;\">\n<p style=\"text-align: center;\"><span style=\"font-family: helvetica, arial, sans-serif; color: #000000;\">Agosto<\/span><\/p>\n<hr \/>\n<p><a href=\"..\/\/_2019_\/informacion publica\/julio\/NUMERAL_28_JUL19\/NUM28_IXCHIGU\u00c0N_JUL19.pdf\"><span style=\"font-family: helvetica, arial, sans-serif; color: #0085ba; font-size: 10pt;\">Informe Ixchiguan, San Marcos<\/span><\/a><\/p>\n<p><a href=\"..\/\/_2019_\/informacion publica\/julio\/NUMERAL_28_JUL19\/NUM28_NEBAJ_JUL19.pdf\"><span style=\"font-family: helvetica, arial, sans-serif; color: #0085ba; font-size: 10pt;\">Informe Nebaj, Quich\u00e9<\/span><\/a><\/p>\n<p><a href=\"..\/\/_2019_\/informacion publica\/julio\/NUMERAL_28_JUL19\/NUM28_IXC\u00c0N_JUL19.pdf\"><span style=\"font-family: helvetica, arial, sans-serif; color: #0085ba; font-size: 10pt;\">Informe Playa Grande, Ixcan Quich\u00e9<\/span><\/a><\/p>\n<p><a href=\"..\/\/_2019_\/informacion publica\/julio\/NUMERAL_28_JUL19\/NUM28_ATITL\u00c0N_JUL19.pdf\"><span style=\"font-family: helvetica, arial, sans-serif; color: #0085ba; font-size: 10pt;\">Informe Santiago Atitl\u00e1n, Solol\u00e1<\/span><\/a><\/p>\n<p><a href=\"..\/\/_2019_\/informacion publica\/julio\/NUMERAL_28_JUL19\/NUM28_HUEHUETENANGO_JUL1919.pdf\"><span style=\"font-family: helvetica, arial, sans-serif; color: #0085ba; font-size: 10pt;\">Informe Santa Eulalia, Huehuetenango<\/span><\/a><\/td>\n<td style=\"width: 234px;\">\n<p style=\"text-align: center;\"><span style=\"font-family: helvetica, arial, sans-serif; color: #000000;\">Septiembre<\/span><\/p>\n<hr \/>\n<p><a href=\"..\/\/_2019_\/informacion publica\/septiembre\/NUM28\/NUM28_IXCHIGU\u00c1N_SEP19.pdf\"><span style=\"font-family: helvetica, arial, sans-serif; color: #0085ba; font-size: 10pt;\">Informe Ixchiguan, San Marcos<\/span><\/a><\/p>\n<p><a href=\"..\/\/_2019_\/informacion publica\/septiembre\/NUM28\/NUM28_NEBAJ_SEP19.pdf\"><span style=\"font-family: helvetica, arial, sans-serif; color: #0085ba; font-size: 10pt;\">Informe Nebaj, Quich\u00e9<\/span><\/a><\/p>\n<p><a href=\"..\/\/_2019_\/informacion publica\/septiembre\/NUM28\/NUM28_IXC\u00c1N_SEP19.pdf\"><span style=\"font-family: helvetica, arial, sans-serif; color: #0085ba; font-size: 10pt;\">Informe Playa Grande, Ixcan Quich\u00e9<\/span><\/a><\/p>\n<p><a href=\"..\/\/_2019_\/informacion publica\/septiembre\/NUM28\/NUM28_SANTIAGO_SEP19.pdf\"><span style=\"font-family: helvetica, arial, sans-serif; color: #0085ba; font-size: 10pt;\">Informe Santiago Atitl\u00e1n, Solol\u00e1<\/span><\/a><\/p>\n<p><a href=\"..\/\/_2019_\/informacion publica\/septiembre\/NUM28\/NUM28_STA_EULALIA_HUEHUETENANGO_SEP19.pdf\"><span style=\"font-family: helvetica, arial, sans-serif; color: #0085ba; font-size: 10pt;\">Informe Santa Eulalia, Huehuetenango<\/span><\/a><\/td>\n<\/tr>\n<tr>\n<td style=\"width: 236px;\">\n<p style=\"text-align: center;\"><span style=\"font-family: helvetica, arial, sans-serif; color: #999999;\">Octubre<\/span><\/p>\n<hr \/>\n<p><a href=\"..\/\/_2019_\/informacion publica\/octubre\/NUM28_OCT_2019\/NUM28_IXCHIGUAN_OCT19.pdf\"><span style=\"font-family: helvetica, arial, sans-serif; color: #0085ba; font-size: 10pt;\">Informe Ixchiguan, San Marcos<\/span><\/a><\/p>\n<p><a href=\"..\/\/_2019_\/informacion publica\/octubre\/NUM28_OCT_2019\/NUM28_NEBAJ_OCT19.pdf\"><span style=\"font-family: helvetica, arial, sans-serif; color: #0085ba; font-size: 10pt;\">Informe Nebaj, Quich\u00e9<\/span><\/a><\/p>\n<p><a href=\"..\/\/_2019_\/informacion publica\/octubre\/NUM28_OCT_2019\/NUM28_IXCAN_OCT19.pdf\"><span style=\"font-family: helvetica, arial, sans-serif; color: #0085ba; font-size: 10pt;\">Informe Playa Grande, Ixcan Quich\u00e9<\/span><\/a><\/p>\n<p><a href=\"..\/\/_2019_\/informacion publica\/octubre\/NUM28_OCT_2019\/NUM28_SANTIAGO_OCT_2019.pdf\"><span style=\"font-family: helvetica, arial, sans-serif; color: #0085ba; font-size: 10pt;\">Informe Santiago Atitl\u00e1n, Solol\u00e1<\/span><\/a><\/p>\n<p><a href=\"..\/\/_2019_\/informacion publica\/octubre\/NUM28_OCT_2019\/NUM28_HUEHUETENANGO_OCT19.pdf\"><span style=\"font-family: helvetica, arial, sans-serif; color: #0085ba; font-size: 10pt;\">Informe Santa Eulalia, Huehuetenango<\/span><\/a><\/td>\n<td style=\"width: 231px;\">\n<p style=\"text-align: center;\"><span style=\"font-family: helvetica, arial, sans-serif; color: #999999;\">Noviembre<\/span><\/p>\n<hr \/>\n<p><a href=\"..\/\/_2019_\/informacion publica\/noviembre\/NUMERAL28_NOV19\/NUM28_IXCHIGUAN_NOV19.pdf\"><span style=\"font-family: helvetica, arial, sans-serif; color: #0085ba; font-size: 10pt;\">Informe Ixchiguan, San Marcos<\/span><\/a><\/p>\n<p><a href=\"..\/\/_2019_\/informacion publica\/noviembre\/NUMERAL28_NOV19\/NUM28_NEBAJ_NOV19.pdf\"><span style=\"font-family: helvetica, arial, sans-serif; color: #0085ba; font-size: 10pt;\">Informe Nebaj, Quich\u00e9<\/span><\/a><\/p>\n<p><a href=\"..\/\/_2019_\/informacion publica\/noviembre\/NUMERAL28_NOV19\/NUM28_IXC\u00c1N_NOV19.PDF\"><span style=\"font-family: helvetica, arial, sans-serif; color: #0085ba; font-size: 10pt;\">Informe Playa Grande, Ixcan Quich\u00e9<\/span><\/a><\/p>\n<p><a href=\"..\/\/_2019_\/informacion publica\/noviembre\/NUMERAL28_NOV19\/NUM28_ATITL\u00c1N_NOV19.pdf\"><span style=\"font-family: helvetica, arial, sans-serif; color: #0085ba; font-size: 10pt;\">Informe Santiago Atitl\u00e1n, Solol\u00e1<\/span><\/a><\/p>\n<p><a href=\"..\/\/_2019_\/informacion publica\/noviembre\/NUMERAL28_NOV19\/NUM28_HUEHUETENANGO_NOV19.pdf\"><span style=\"font-family: helvetica, arial, sans-serif; color: #0085ba; font-size: 10pt;\">Informe Santa Eulalia, Huehuetenango<\/span><\/a><\/td>\n<td style=\"width: 234px;\">\n<p style=\"text-align: center;\"><span style=\"font-family: helvetica, arial, sans-serif; color: #999999;\">Diciembre<\/span><\/p>\n<hr \/>\n<p><span style=\"font-family: helvetica, arial, sans-serif; color: #999999; font-size: 10pt;\">Informe Ixchiguan, San Marcos<\/span><\/p>\n<p><span style=\"font-family: helvetica, arial, sans-serif; color: #999999; font-size: 10pt;\">Informe Nebaj, Quich\u00e9<\/span><\/p>\n<p><span style=\"font-family: helvetica, arial, sans-serif; color: #999999; font-size: 10pt;\">Informe Playa Grande, Ixcan Quich\u00e9<\/span><\/p>\n<p><span style=\"color: #0085ba;\"><a style=\"color: #0085ba;\" href=\"..\/\/_2019_\/informacion publica\/diciembre\/NUM28_\/NUM28_ATITL\u00c1N_DIC19.pdf\"><span style=\"font-family: helvetica, arial, sans-serif; font-size: 10pt;\">Informe Santiago Atitl\u00e1n, Solol\u00e1<\/span><\/a><\/span><\/p>\n<p><span style=\"color: #0085ba;\"><a style=\"color: #0085ba;\" href=\"..\/\/_2019_\/informacion publica\/diciembre\/NUM28_\/NUM28_HUEHUETENANGO_DIC19.pdf\"><span style=\"font-family: helvetica, arial, sans-serif; font-size: 10pt;\">Informe Santa Eulalia, Huehuetenango<\/span><\/a><\/span><\/td>\n<\/tr>\n<\/tbody>\n<\/table>\n","protected":false},"excerpt":{"rendered":"<p>Pertenencia socio-ling\u00fc\u00edstica de los usuarios de sus servicios. Enero Informe Ixchiguan, San Marcos Informe Nebaj, Quich\u00e9 Informe Playa Grande, Ixcan Quich\u00e9 Informe Santiago Atitl\u00e1n, Solol\u00e1 Informe Santa Eulalia, Huehuetenango Febrero Informe Ixchiguan, San Marcos Informe Nebaj, Quich\u00e9 Informe Playa Grande, Ixcan Quich\u00e9 Informe Santiago Atitl\u00e1n, Solol\u00e1 Informe Santa Eulalia, Huehuetenango Marzo Informe Ixchiguan, San Marcos [&hellip;]<\/p>\n","protected":false},"author":1,"featured_media":0,"parent":0,"menu_order":0,"comment_status":"closed","ping_status":"closed","template":"","meta":{"_et_pb_use_builder":"","_et_pb_old_content":"","_et_gb_content_width":"","footnotes":""},"class_list":["post-2498","page","type-page","status-publish","hentry"],"nelio_popups_active_popup":"","_links":{"self":[{"href":"https:\/\/seij.gob.gt\/udisep\/wp-json\/wp\/v2\/pages\/2498","targetHints":{"allow":["GET"]}}],"collection":[{"href":"https:\/\/seij.gob.gt\/udisep\/wp-json\/wp\/v2\/pages"}],"about":[{"href":"https:\/\/seij.gob.gt\/udisep\/wp-json\/wp\/v2\/types\/page"}],"author":[{"embeddable":true,"href":"https:\/\/seij.gob.gt\/udisep\/wp-json\/wp\/v2\/users\/1"}],"replies":[{"embeddable":true,"href":"https:\/\/seij.gob.gt\/udisep\/wp-json\/wp\/v2\/comments?post=2498"}],"version-history":[{"count":17,"href":"https:\/\/seij.gob.gt\/udisep\/wp-json\/wp\/v2\/pages\/2498\/revisions"}],"predecessor-version":[{"id":3099,"href":"https:\/\/seij.gob.gt\/udisep\/wp-json\/wp\/v2\/pages\/2498\/revisions\/3099"}],"wp:attachment":[{"href":"https:\/\/seij.gob.gt\/udisep\/wp-json\/wp\/v2\/media?parent=2498"}],"curies":[{"name":"wp","href":"https:\/\/api.w.org\/{rel}","templated":true}]}}