{"id":2917,"date":"2019-09-09T19:57:25","date_gmt":"2019-09-09T19:57:25","guid":{"rendered":"http:\/\/seij.gob.gt\/udisep\/?page_id=2917"},"modified":"2021-09-20T09:00:39","modified_gmt":"2021-09-20T15:00:39","slug":"clasificadores-telematicos-ano-2019","status":"publish","type":"page","link":"https:\/\/seij.gob.gt\/udisep\/clasificadores-telematicos-ano-2019\/","title":{"rendered":"Clasificadores Tem\u00e1ticos 2019"},"content":{"rendered":"<h1 style=\"text-align: center;\"><span style=\"color: #000080; font-family: helvetica, arial, sans-serif;\">Clasificadores Tem\u00e1ticos<\/span><\/h1>\n<p>&nbsp;<\/p>\n<table style=\"height: 38px;\" width=\"738\">\n<tbody>\n<tr>\n<td style=\"width: 557px; text-align: center;\" colspan=\"2\"><span style=\"font-size: 14pt; font-family: 'arial black', sans-serif; color: #000080;\"><em>2019<\/em><\/span><\/td>\n<\/tr>\n<tr style=\"height: 38px;\">\n<td style=\"width: 557px; height: 38px;\"><span style=\"font-family: helvetica, arial, sans-serif; color: #000080; font-size: 14pt;\">Clasificadores Tem\u00e1ticos 1er. cuatrimestre<\/span><\/td>\n<td style=\"width: 165px; text-align: center; height: 38px;\"><a href=\"..\/\/_2019_\/Calificadores Telematicos\/3-. CLASIFICADOR TEMATICO 1er. CUATRIMESTRE 2019.pdf\"><span style=\"font-size: 14pt;\"><em><span style=\"color: #ff0000;\">descargar <strong>pdf<\/strong><\/span><\/em><\/span><\/a><\/td>\n<\/tr>\n<tr>\n<td style=\"width: 557px;\"><span style=\"font-family: helvetica, arial, sans-serif; color: #000080; font-size: 14pt;\">Clasificador Tem\u00e1ticos mayo-agosto<\/span><\/td>\n<td style=\"width: 165px; text-align: center;\"><a href=\"..\/\/_2019_\/Calificadores Telematicos\/II Informe Clasificador Tem\u00e1tico Cuatrimestral mayo-agosto.pdf\"><span style=\"font-size: 14pt;\"><em><span style=\"color: #ff0000;\">descargar <b>pdf<\/b><\/span><\/em><\/span><\/a><\/td>\n<\/tr>\n<tr>\n<td style=\"width: 557px;\"><span style=\"font-family: helvetica, arial, sans-serif; color: #000080; font-size: 14pt;\">Clasificador Tem\u00e1ticos 3do. cuatrimestre<\/span><\/td>\n<td style=\"width: 165px; text-align: center;\"><a href=\"..\/\/_2019_\/Calificadores Telematicos\/CLASIFICADRO TEMATICO 3DO. CUATRIMESTRE 2019 f.pdf\"><span style=\"font-size: 14pt;\"><em><span style=\"color: #ff0000;\">descargar <strong>pdf<\/strong><\/span><\/em><\/span><\/a><\/td>\n<\/tr>\n<\/tbody>\n<\/table>\n","protected":false},"excerpt":{"rendered":"<p>Clasificadores Tem\u00e1ticos &nbsp; 2019 Clasificadores Tem\u00e1ticos 1er. cuatrimestre descargar pdf Clasificador Tem\u00e1ticos mayo-agosto descargar pdf Clasificador Tem\u00e1ticos 3do. cuatrimestre descargar pdf<\/p>\n","protected":false},"author":1,"featured_media":0,"parent":0,"menu_order":0,"comment_status":"closed","ping_status":"closed","template":"","meta":{"_et_pb_use_builder":"","_et_pb_old_content":"","_et_gb_content_width":"","footnotes":""},"class_list":["post-2917","page","type-page","status-publish","hentry"],"nelio_popups_active_popup":"","_links":{"self":[{"href":"https:\/\/seij.gob.gt\/udisep\/wp-json\/wp\/v2\/pages\/2917","targetHints":{"allow":["GET"]}}],"collection":[{"href":"https:\/\/seij.gob.gt\/udisep\/wp-json\/wp\/v2\/pages"}],"about":[{"href":"https:\/\/seij.gob.gt\/udisep\/wp-json\/wp\/v2\/types\/page"}],"author":[{"embeddable":true,"href":"https:\/\/seij.gob.gt\/udisep\/wp-json\/wp\/v2\/users\/1"}],"replies":[{"embeddable":true,"href":"https:\/\/seij.gob.gt\/udisep\/wp-json\/wp\/v2\/comments?post=2917"}],"version-history":[{"count":8,"href":"https:\/\/seij.gob.gt\/udisep\/wp-json\/wp\/v2\/pages\/2917\/revisions"}],"predecessor-version":[{"id":4198,"href":"https:\/\/seij.gob.gt\/udisep\/wp-json\/wp\/v2\/pages\/2917\/revisions\/4198"}],"wp:attachment":[{"href":"https:\/\/seij.gob.gt\/udisep\/wp-json\/wp\/v2\/media?parent=2917"}],"curies":[{"name":"wp","href":"https:\/\/api.w.org\/{rel}","templated":true}]}}