{"id":2993,"date":"2019-10-10T15:40:36","date_gmt":"2019-10-10T15:40:36","guid":{"rendered":"http:\/\/seij.gob.gt\/udisep\/?page_id=2993"},"modified":"2021-03-25T10:47:04","modified_gmt":"2021-03-25T16:47:04","slug":"marco-normativo","status":"publish","type":"page","link":"https:\/\/seij.gob.gt\/udisep\/marco-normativo\/","title":{"rendered":"Marco normativo"},"content":{"rendered":"<p>&nbsp;<\/p>\n<ul style=\"list-style-type: disc;\">\n<li><a href=\"..\/\/_2019_\/informacion publica\/septiembre\/NUM 1\/Carta de Intenci\u00f3n ICMSJ.pdf\"><span style=\"font-family: helvetica, arial, sans-serif; color: #000080; font-size: 14pt;\">Carta de intenci\u00f3n<\/span><\/a><\/li>\n<li><span style=\"font-family: helvetica, arial, sans-serif;\"><a href=\"..\/\/_2019_\/informacion publica\/septiembre\/NUM 1\/Convenio Interinstitucional SEICMSJ.pdf\"><span style=\"color: #000080; font-size: 14pt;\">Convenio interinstitucional<\/span><\/a><\/span><\/li>\n<li><span style=\"color: #000080; font-size: 14pt; font-family: helvetica, arial, sans-serif;\"><a style=\"color: #000080;\" href=\"..\/\/_2019_\/informacion publica\/septiembre\/NUM 1\/Decreto 89-98.pdf\">Decreto 89-98<\/a><\/span><\/li>\n<li><span style=\"color: #000080;\"><a style=\"color: #000080;\" href=\"..\/\/_2020_\/Decreto 9-2019\/Reforma Decreto 89-98 (Decreto-9-2019).pdf\"><span style=\"font-family: arial, helvetica, sans-serif; font-size: 14pt;\">Reforma Decreto N\u00famero 89-98 (9-2019)<\/span><\/a><\/span><\/li>\n<li><a href=\"..\/_2016_\/_Art.06_\/MANUAL7.pdf\"><span style=\"font-family: arial, helvetica, sans-serif; color: #000080; font-size: 14pt;\">Ley de Acceso a la Informaci\u00f3n P\u00fablica<\/span><\/a><\/li>\n<li><a href=\"https:\/\/seij.gob.gt\/udisep\/acuerdos\/\"><span style=\"font-family: arial, helvetica, sans-serif; font-size: 14pt; color: #000080;\">Acuerdos<\/span><\/a><\/li>\n<\/ul>\n","protected":false},"excerpt":{"rendered":"<p>&nbsp; Carta de intenci\u00f3n Convenio interinstitucional Decreto 89-98 Reforma Decreto N\u00famero 89-98 (9-2019) Ley de Acceso a la Informaci\u00f3n P\u00fablica Acuerdos<\/p>\n","protected":false},"author":1,"featured_media":0,"parent":0,"menu_order":0,"comment_status":"closed","ping_status":"closed","template":"","meta":{"_et_pb_use_builder":"","_et_pb_old_content":"","_et_gb_content_width":"","footnotes":""},"class_list":["post-2993","page","type-page","status-publish","hentry"],"nelio_popups_active_popup":"","_links":{"self":[{"href":"https:\/\/seij.gob.gt\/udisep\/wp-json\/wp\/v2\/pages\/2993","targetHints":{"allow":["GET"]}}],"collection":[{"href":"https:\/\/seij.gob.gt\/udisep\/wp-json\/wp\/v2\/pages"}],"about":[{"href":"https:\/\/seij.gob.gt\/udisep\/wp-json\/wp\/v2\/types\/page"}],"author":[{"embeddable":true,"href":"https:\/\/seij.gob.gt\/udisep\/wp-json\/wp\/v2\/users\/1"}],"replies":[{"embeddable":true,"href":"https:\/\/seij.gob.gt\/udisep\/wp-json\/wp\/v2\/comments?post=2993"}],"version-history":[{"count":9,"href":"https:\/\/seij.gob.gt\/udisep\/wp-json\/wp\/v2\/pages\/2993\/revisions"}],"predecessor-version":[{"id":3892,"href":"https:\/\/seij.gob.gt\/udisep\/wp-json\/wp\/v2\/pages\/2993\/revisions\/3892"}],"wp:attachment":[{"href":"https:\/\/seij.gob.gt\/udisep\/wp-json\/wp\/v2\/media?parent=2993"}],"curies":[{"name":"wp","href":"https:\/\/api.w.org\/{rel}","templated":true}]}}