{"id":3202,"date":"2020-02-06T16:13:14","date_gmt":"2020-02-06T16:13:14","guid":{"rendered":"http:\/\/seij.gob.gt\/udisep\/?page_id=3202"},"modified":"2021-01-11T08:11:00","modified_gmt":"2021-01-11T14:11:00","slug":"numeral-2-ano-2020","status":"publish","type":"page","link":"https:\/\/seij.gob.gt\/udisep\/numeral-2-ano-2020\/","title":{"rendered":"Numeral 2 a\u00f1o 2020"},"content":{"rendered":"<p><span style=\"font-family: arial black, sans-serif; color: #333399; font-size: 24pt;\"><span style=\"font-family: arial, helvetica, sans-serif;\">Directorio y t\u00e9lefono de la entidad y todas las dependencias que la conforman<\/span><\/span><\/p>\n<table style=\"height: 24px; width: 449px;\" width=\"543\">\n<tbody>\n<tr>\n<td style=\"width: 439.8px; text-align: center;\"><span style=\"font-family: arial black, sans-serif; color: #333399; font-size: 18pt;\">Enero<\/span><\/td>\n<\/tr>\n<\/tbody>\n<\/table>\n<table class=\" alignleft\" style=\"height: 194px; width: 450px; background-color: #ffffff; border-color: #ffffff;\" width=\"542\" cellpadding=\"grove\">\n<tbody>\n<tr>\n<td style=\"width: 335.017px; border-style: groove; text-align: center;\">&nbsp;<\/p>\n<p style=\"text-align: left;\"><span style=\"font-family: arial, helvetica, sans-serif; color: #333399; font-size: 14pt;\">Secretar\u00eda Ejecutiva de la ICMSJ<\/span><\/p>\n<\/td>\n<td style=\"width: 100.183px;\"><a href=\"..\/\/_2020_\/Informacion Publica\/enero\/NUM2_ENE_2020\/NUM2_SEIJ_ENE2020.pdf\"><img decoding=\"async\" class=\"alignleft wp-image-3229\" src=\"https:\/\/seij.gob.gt\/udisep\/wp-content\/uploads\/2020\/02\/pdf_3.jpg\" alt=\"\" width=\"79\" height=\"86\" \/><\/a><\/td>\n<\/tr>\n<tr>\n<td style=\"width: 335.017px; text-align: center;\">&nbsp;<\/p>\n<p style=\"text-align: left;\"><span style=\"font-family: arial, helvetica, sans-serif; color: #333399; font-size: 14pt;\">Prevenci\u00f3n de la Violencia y el Delito<\/span><\/p>\n<\/td>\n<td style=\"width: 100.183px;\"><a href=\"..\/\/_2020_\/Informacion Publica\/enero\/NUM2_ENE_2020\/NUM2_PREVI_ENE2020.pdf\"><img decoding=\"async\" class=\"alignleft wp-image-3229\" src=\"https:\/\/seij.gob.gt\/udisep\/wp-content\/uploads\/2020\/02\/pdf_3.jpg\" alt=\"\" width=\"79\" height=\"86\" \/><\/a><\/td>\n<\/tr>\n<\/tbody>\n<\/table>\n<p>&nbsp;<\/p>\n<p>&nbsp;<\/p>\n<p>&nbsp;<\/p>\n<p>&nbsp;<\/p>\n<p>&nbsp;<\/p>\n<p>&nbsp;<\/p>\n<table style=\"height: 24px; width: 449px;\" width=\"543\">\n<tbody>\n<tr>\n<td style=\"width: 439.8px; text-align: center;\"><span style=\"font-family: arial black, sans-serif; color: #333399; font-size: 18pt;\">Febrero<\/span><\/td>\n<\/tr>\n<\/tbody>\n<\/table>\n<table class=\" alignleft\" style=\"height: 194px; width: 450px; background-color: #ffffff; border-color: #ffffff;\" width=\"542\" cellpadding=\"grove\">\n<tbody>\n<tr>\n<td style=\"width: 335.017px; border-style: groove; text-align: center;\">&nbsp;<\/p>\n<p style=\"text-align: left;\"><span style=\"font-family: arial, helvetica, sans-serif; color: #333399; font-size: 14pt;\">Secretar\u00eda Ejecutiva de la ICMSJ<\/span><\/p>\n<\/td>\n<td style=\"width: 100.183px;\"><a href=\"..\/\/_2020_\/Informacion Publica\/febrero\/NUM2_FEB2020\/NUM2_SEIJ_FEB2020.pdf\"><img decoding=\"async\" class=\"alignleft wp-image-3229\" src=\"https:\/\/seij.gob.gt\/udisep\/wp-content\/uploads\/2020\/02\/pdf_3.jpg\" alt=\"\" width=\"79\" height=\"86\" \/><\/a><\/td>\n<\/tr>\n<tr>\n<td style=\"width: 335.017px; text-align: center;\">&nbsp;<\/p>\n<p style=\"text-align: left;\"><span style=\"font-family: arial, helvetica, sans-serif; color: #333399; font-size: 14pt;\">Prevenci\u00f3n de la Violencia y el Delito<\/span><\/p>\n<\/td>\n<td style=\"width: 100.183px;\"><a href=\"..\/\/_2020_\/Informacion Publica\/febrero\/NUM2_FEB2020\/NUM2_PREVI_FEB2020.pdf\"><img decoding=\"async\" class=\"alignleft wp-image-3229\" src=\"https:\/\/seij.gob.gt\/udisep\/wp-content\/uploads\/2020\/02\/pdf_3.jpg\" alt=\"\" width=\"79\" height=\"86\" \/><\/a><\/td>\n<\/tr>\n<\/tbody>\n<\/table>\n<p>&nbsp;<\/p>\n<p>&nbsp;<\/p>\n<p>&nbsp;<\/p>\n<p>&nbsp;<\/p>\n<p>&nbsp;<\/p>\n<p>&nbsp;<\/p>\n<table style=\"width: 450px;\" width=\"543\">\n<tbody>\n<tr>\n<td style=\"width: 440px; text-align: center;\"><span style=\"color: #333399; font-family: arial black, sans-serif; font-size: 18pt;\">Marzo<\/span><\/td>\n<\/tr>\n<\/tbody>\n<\/table>\n<table class=\" alignleft\" style=\"width: 451px;\" width=\"542\" cellpadding=\"grove\">\n<tbody>\n<tr>\n<td style=\"width: 342.783px;\">&nbsp;<\/p>\n<p><span style=\"color: #333399; font-family: arial, helvetica, sans-serif; font-size: 14pt;\">Secretar\u00eda Ejecutiva de la ICMSJ<\/span><\/td>\n<td style=\"width: 92.2167px;\"><a href=\"..\/\/_2020_\/Informacion Publica\/marzo\/NUM2_MARZO_2020\/NUM2_SEIJ_MAR2020.pdf\"><img decoding=\"async\" class=\"alignleft wp-image-3229\" src=\"https:\/\/seij.gob.gt\/udisep\/wp-content\/uploads\/2020\/02\/pdf_3.jpg\" alt=\"\" width=\"79\" height=\"86\" \/><\/a><\/td>\n<\/tr>\n<tr>\n<td style=\"width: 342.783px;\">&nbsp;<\/p>\n<p><span style=\"color: #333399; font-family: arial, helvetica, sans-serif; font-size: 14pt;\">Prevenci\u00f3n de la Violencia y el Delito<\/span><\/td>\n<td style=\"width: 92.2167px;\"><a href=\"..\/\/_2020_\/Informacion Publica\/marzo\/NUM2_MARZO_2020\/NUM2_PREVI_MAR2020.pdf\"><img decoding=\"async\" class=\"alignleft wp-image-3229\" src=\"https:\/\/seij.gob.gt\/udisep\/wp-content\/uploads\/2020\/02\/pdf_3.jpg\" alt=\"\" width=\"79\" height=\"86\" \/><\/a><\/td>\n<\/tr>\n<\/tbody>\n<\/table>\n<p>&nbsp;<\/p>\n<p>&nbsp;<\/p>\n<p>&nbsp;<\/p>\n<p>&nbsp;<\/p>\n<p>&nbsp;<\/p>\n<table style=\"width: 450px;\" width=\"543\">\n<tbody>\n<tr>\n<td style=\"width: 440px; text-align: center;\"><span style=\"color: #333399; font-family: arial black, sans-serif; font-size: 18pt;\">Abril<\/span><\/td>\n<\/tr>\n<\/tbody>\n<\/table>\n<table class=\" alignleft\" style=\"width: 451px;\" width=\"542\" cellpadding=\"grove\">\n<tbody>\n<tr>\n<td style=\"width: 342.783px;\">&nbsp;<\/p>\n<p><span style=\"color: #333399; font-family: arial, helvetica, sans-serif; font-size: 14pt;\">Secretar\u00eda Ejecutiva de la ICMSJ<\/span><\/td>\n<td style=\"width: 92.2167px;\"><a href=\"..\/\/_2020_\/Informacion Publica\/abril\/NUM2_ABRIL_2020\/NUM2_SEIJ_ABR2020.pdf\"><img decoding=\"async\" class=\"alignleft wp-image-3229\" src=\"https:\/\/seij.gob.gt\/udisep\/wp-content\/uploads\/2020\/02\/pdf_3.jpg\" alt=\"\" width=\"79\" height=\"86\" \/><\/a><\/td>\n<\/tr>\n<tr>\n<td style=\"width: 342.783px;\">&nbsp;<\/p>\n<p><span style=\"color: #333399; font-family: arial, helvetica, sans-serif; font-size: 14pt;\">Prevenci\u00f3n de la Violencia y el Delito<\/span><\/td>\n<td style=\"width: 92.2167px;\"><a href=\"..\/\/_2020_\/Informacion Publica\/abril\/NUM2_ABRIL_2020\/NUM2_PREVI_ABR2020.pdf\"><img decoding=\"async\" class=\"alignleft wp-image-3229\" src=\"https:\/\/seij.gob.gt\/udisep\/wp-content\/uploads\/2020\/02\/pdf_3.jpg\" alt=\"\" width=\"79\" height=\"86\" \/><\/a><\/td>\n<\/tr>\n<\/tbody>\n<\/table>\n<p>&nbsp;<\/p>\n<p>&nbsp;<\/p>\n<p>&nbsp;<\/p>\n<p>&nbsp;<\/p>\n<p>&nbsp;<\/p>\n<p>&nbsp;<\/p>\n<table style=\"width: 450px;\" width=\"543\">\n<tbody>\n<tr>\n<td style=\"width: 440px; text-align: center;\"><span style=\"color: #333399; font-family: arial black, sans-serif; font-size: 18pt;\">Mayo<\/span><\/td>\n<\/tr>\n<\/tbody>\n<\/table>\n<table class=\" alignleft\" style=\"width: 451px;\" width=\"542\" cellpadding=\"grove\">\n<tbody>\n<tr>\n<td style=\"width: 342.783px;\">&nbsp;<\/p>\n<p><span style=\"color: #333399; font-family: arial, helvetica, sans-serif; font-size: 14pt;\">Secretar\u00eda Ejecutiva de la ICMSJ<\/span><\/td>\n<td style=\"width: 92.2167px;\"><a href=\"..\/\/_2020_\/Informacion Publica\/mayo\/NUM2_MAY2020\/NUM2_SEIJ_MAY2020.pdf\"><img decoding=\"async\" class=\"alignleft wp-image-3229\" src=\"https:\/\/seij.gob.gt\/udisep\/wp-content\/uploads\/2020\/02\/pdf_3.jpg\" alt=\"\" width=\"79\" height=\"86\" \/><\/a><\/td>\n<\/tr>\n<tr>\n<td style=\"width: 342.783px;\">&nbsp;<\/p>\n<p><span style=\"color: #333399; font-family: arial, helvetica, sans-serif; font-size: 14pt;\">Prevenci\u00f3n de la Violencia y el Delito<\/span><\/td>\n<td style=\"width: 92.2167px;\"><a href=\"..\/\/_2020_\/Informacion Publica\/mayo\/NUM2_MAY2020\/NUM2_PREVI_MAY2020.pdf\"><img decoding=\"async\" class=\"alignleft wp-image-3229\" src=\"https:\/\/seij.gob.gt\/udisep\/wp-content\/uploads\/2020\/02\/pdf_3.jpg\" alt=\"\" width=\"79\" height=\"86\" \/><\/a><\/td>\n<\/tr>\n<\/tbody>\n<\/table>\n<p>&nbsp;<\/p>\n<p>&nbsp;<\/p>\n<p>&nbsp;<\/p>\n<p>&nbsp;<\/p>\n<p>&nbsp;<\/p>\n<p>&nbsp;<\/p>\n<table style=\"width: 450px; border-style: none;\" width=\"450\">\n<tbody>\n<tr>\n<td style=\"width: 440px; border-style: solid; text-align: center;\"><span style=\"color: #333399; font-family: arial black, sans-serif; font-size: 18pt;\">Junio<\/span><\/td>\n<\/tr>\n<\/tbody>\n<\/table>\n<table class=\" alignleft\" style=\"width: 451px; border-style: none;\" width=\"451\" cellpadding=\"grove\">\n<tbody>\n<tr>\n<td style=\"width: 342.783px; border-style: solid;\">&nbsp;<\/p>\n<p><span style=\"color: #333399; font-family: arial, helvetica, sans-serif; font-size: 14pt;\">Secretar\u00eda Ejecutiva de la ICMSJ<\/span><\/td>\n<td style=\"width: 92.2167px; border-style: solid;\"><a href=\"..\\\\_2020_\/Informacion Publica\/junio\/NUM2_JUN2020\\NUM2_SEIJ_JUN2020.pdf\"><img decoding=\"async\" class=\"alignleft wp-image-3229\" src=\"https:\/\/seij.gob.gt\/udisep\/wp-content\/uploads\/2020\/02\/pdf_3.jpg\" alt=\"\" width=\"79\" height=\"86\" \/><\/a><\/td>\n<\/tr>\n<tr>\n<td style=\"width: 342.783px;\">&nbsp;<\/p>\n<p><span style=\"color: #333399; font-family: arial, helvetica, sans-serif; font-size: 14pt;\">Prevenci\u00f3n de la Violencia y el Delito<\/span><\/td>\n<td style=\"width: 92.2167px;\"><a href=\"..\\\\_2020_\/Informacion Publica\/junio\/NUM2_JUN2020\\NUM2_PREVI_JUN2020.pdf\"><img decoding=\"async\" class=\"alignleft wp-image-3229\" src=\"https:\/\/seij.gob.gt\/udisep\/wp-content\/uploads\/2020\/02\/pdf_3.jpg\" alt=\"\" width=\"79\" height=\"86\" \/><\/a><\/td>\n<\/tr>\n<\/tbody>\n<\/table>\n<p>&nbsp;<\/p>\n<p>&nbsp;<\/p>\n<p>&nbsp;<\/p>\n<p>&nbsp;<\/p>\n<p>&nbsp;<\/p>\n<table style=\"width: 450px; border-style: none;\" width=\"450\">\n<tbody>\n<tr>\n<td style=\"width: 440px; border-style: solid; text-align: center;\"><span style=\"color: #333399; font-family: arial black, sans-serif; font-size: 18pt;\">Julio<\/span><\/td>\n<\/tr>\n<\/tbody>\n<\/table>\n<table class=\" alignleft\" style=\"width: 451px; border-style: none;\" width=\"451\" cellpadding=\"grove\">\n<tbody>\n<tr>\n<td style=\"width: 342.783px; border-style: solid;\">&nbsp;<\/p>\n<p><span style=\"color: #333399; font-family: arial, helvetica, sans-serif; font-size: 14pt;\">Secretar\u00eda Ejecutiva de la ICMSJ<\/span><\/td>\n<td style=\"width: 92.2167px; border-style: solid;\"><a href=\"..\/\/_2020_\/Informacion Publica\/julio\/NUM2_JUL_2020\/NUM2_SEIJ_JUL_2020.pdf\"><img decoding=\"async\" class=\"alignleft wp-image-3229\" src=\"https:\/\/seij.gob.gt\/udisep\/wp-content\/uploads\/2020\/02\/pdf_3.jpg\" alt=\"\" width=\"79\" height=\"86\" \/><\/a><\/td>\n<\/tr>\n<tr>\n<td style=\"width: 342.783px;\">&nbsp;<\/p>\n<p><span style=\"color: #333399; font-family: arial, helvetica, sans-serif; font-size: 14pt;\">Prevenci\u00f3n de la Violencia y el Delito<\/span><\/td>\n<td style=\"width: 92.2167px;\"><a href=\"..\/\/_2020_\/Informacion Publica\/julio\/NUM2_JUL_2020\/NUM2_PREVI_JUL_2020.pdf\"><img decoding=\"async\" class=\"alignleft wp-image-3229\" src=\"https:\/\/seij.gob.gt\/udisep\/wp-content\/uploads\/2020\/02\/pdf_3.jpg\" alt=\"\" width=\"79\" height=\"86\" \/><\/a><\/td>\n<\/tr>\n<\/tbody>\n<\/table>\n<p>&nbsp;<\/p>\n<table style=\"width: 450px; border-style: none;\" width=\"450\">\n<tbody>\n<tr>\n<td style=\"width: 440px; border-style: solid; text-align: center;\"><span style=\"color: #333399; font-family: arial black, sans-serif; font-size: 18pt;\">Agosto<\/span><\/td>\n<\/tr>\n<\/tbody>\n<\/table>\n<table class=\" alignleft\" style=\"width: 451px; border-style: none;\" cellpadding=\"grove\">\n<tbody>\n<tr>\n<td style=\"width: 342.783px; border-style: solid;\">&nbsp;<\/p>\n<p><span style=\"color: #333399; font-family: arial, helvetica, sans-serif; font-size: 14pt;\">Secretar\u00eda Ejecutiva de la ICMSJ<\/span><\/td>\n<td style=\"width: 92.2167px; border-style: solid;\"><a href=\"..\/\/_2020_\/Informacion Publica\/agosto\/NUM2_AGOSTO_2020\/NUM2_SEIJ_AGOS_2020.pdf\"><img decoding=\"async\" class=\"alignleft wp-image-3229\" src=\"https:\/\/seij.gob.gt\/udisep\/wp-content\/uploads\/2020\/02\/pdf_3.jpg\" alt=\"\" width=\"79\" height=\"86\" \/><\/a><\/td>\n<\/tr>\n<tr>\n<td style=\"width: 342.783px;\">&nbsp;<\/p>\n<p><span style=\"color: #333399; font-family: arial, helvetica, sans-serif; font-size: 14pt;\">Prevenci\u00f3n de la Violencia y el Delito<\/span><\/td>\n<td style=\"width: 92.2167px;\"><a href=\"..\/\/_2020_\/Informacion Publica\/agosto\/NUM2_AGOSTO_2020\/NUM2_PREVI_AGOS_2020.pdf\"><img decoding=\"async\" class=\"alignleft wp-image-3229\" src=\"https:\/\/seij.gob.gt\/udisep\/wp-content\/uploads\/2020\/02\/pdf_3.jpg\" alt=\"\" width=\"79\" height=\"86\" \/><\/a><\/td>\n<\/tr>\n<\/tbody>\n<\/table>\n<p>&nbsp;<\/p>\n<p>&nbsp;<\/p>\n<p>&nbsp;<\/p>\n<p>&nbsp;<\/p>\n<p>&nbsp;<\/p>\n<p>&nbsp;<\/p>\n<table style=\"width: 450px; border-style: none;\" width=\"450\">\n<tbody>\n<tr>\n<td style=\"width: 440px; border-style: solid; text-align: center;\"><span style=\"color: #333399; font-family: arial black, sans-serif; font-size: 18pt;\">Septiembre<\/span><\/td>\n<\/tr>\n<\/tbody>\n<\/table>\n<table class=\" alignleft\" style=\"width: 451px; border-style: none;\" cellpadding=\"grove\">\n<tbody>\n<tr>\n<td style=\"width: 342.783px; border-style: solid;\">&nbsp;<\/p>\n<p><span style=\"color: #333399; font-family: arial, helvetica, sans-serif; font-size: 14pt;\">Secretar\u00eda Ejecutiva de la ICMSJ<\/span><\/td>\n<td style=\"width: 92.2167px; border-style: solid;\"><a href=\"..\/\/_2020_\/Informacion Publica\/septiembre\/NUM_2_SEP_2020\/NUM2_SEICMSJ SEP20.pdf\"><img decoding=\"async\" class=\"alignleft wp-image-3229\" src=\"https:\/\/seij.gob.gt\/udisep\/wp-content\/uploads\/2020\/02\/pdf_3.jpg\" alt=\"\" width=\"79\" height=\"86\" \/><\/a><\/td>\n<\/tr>\n<tr>\n<td style=\"width: 342.783px;\">&nbsp;<\/p>\n<p><span style=\"color: #333399; font-family: arial, helvetica, sans-serif; font-size: 14pt;\">Prevenci\u00f3n de la Violencia y el Delito<\/span><\/td>\n<td style=\"width: 92.2167px;\"><a href=\"..\/\/_2020_\/Informacion Publica\/septiembre\/NUM_2_SEP_2020\/NUM2_PREVI SEP20.pdf\"><img decoding=\"async\" class=\"alignleft wp-image-3229\" src=\"https:\/\/seij.gob.gt\/udisep\/wp-content\/uploads\/2020\/02\/pdf_3.jpg\" alt=\"\" width=\"79\" height=\"86\" \/><\/a><\/td>\n<\/tr>\n<\/tbody>\n<\/table>\n<p>&nbsp;<\/p>\n<p>&nbsp;<\/p>\n<p>&nbsp;<\/p>\n<p>&nbsp;<\/p>\n<p>&nbsp;<\/p>\n<p>&nbsp;<\/p>\n<table style=\"width: 450px; border-style: none;\" width=\"450\">\n<tbody>\n<tr>\n<td style=\"width: 440px; border-style: solid; text-align: center;\"><span style=\"color: #333399; font-family: arial black, sans-serif; font-size: 18pt;\">Octubre<\/span><\/td>\n<\/tr>\n<\/tbody>\n<\/table>\n<table class=\" alignleft\" style=\"width: 451px; border-style: none;\" cellpadding=\"grove\">\n<tbody>\n<tr>\n<td style=\"width: 342.783px; border-style: solid;\">&nbsp;<\/p>\n<p><span style=\"color: #333399; font-family: arial, helvetica, sans-serif; font-size: 14pt;\">Secretar\u00eda Ejecutiva de la ICMSJ<\/span><\/td>\n<td style=\"width: 92.2167px; border-style: solid;\"><a href=\"..\/\/_2020_\/Informacion Publica\/octubre\/NUM_ 2\/NUM2_SEICMSJ OCT 20.pdf\"><img decoding=\"async\" class=\"alignleft wp-image-3229\" src=\"https:\/\/seij.gob.gt\/udisep\/wp-content\/uploads\/2020\/02\/pdf_3.jpg\" alt=\"\" width=\"79\" height=\"86\" \/><\/a><\/td>\n<\/tr>\n<tr>\n<td style=\"width: 342.783px;\">&nbsp;<\/p>\n<p><span style=\"color: #333399; font-family: arial, helvetica, sans-serif; font-size: 14pt;\">Prevenci\u00f3n de la Violencia y el Delito<\/span><\/td>\n<td style=\"width: 92.2167px;\"><a href=\"..\/\/_2020_\/Informacion Publica\/octubre\/NUM_ 2\/NUM2_PREVI OCT20.pdf\"><img decoding=\"async\" class=\"alignleft wp-image-3229\" src=\"https:\/\/seij.gob.gt\/udisep\/wp-content\/uploads\/2020\/02\/pdf_3.jpg\" alt=\"\" width=\"79\" height=\"86\" \/><\/a><\/td>\n<\/tr>\n<\/tbody>\n<\/table>\n<p>&nbsp;<\/p>\n<p>&nbsp;<\/p>\n<p>&nbsp;<\/p>\n<p>&nbsp;<\/p>\n<p>&nbsp;<\/p>\n<p>&nbsp;<\/p>\n<table style=\"width: 450px; border-style: none;\" width=\"450\">\n<tbody>\n<tr>\n<td style=\"width: 440px; border-style: solid; text-align: center;\"><span style=\"color: #333399; font-family: arial black, sans-serif; font-size: 18pt;\">Noviembre<\/span><\/td>\n<\/tr>\n<\/tbody>\n<\/table>\n<table class=\" alignleft\" style=\"width: 451px; border-style: none;\" cellpadding=\"grove\">\n<tbody>\n<tr>\n<td style=\"width: 342.783px; border-style: solid;\">&nbsp;<\/p>\n<p><span style=\"color: #333399; font-family: arial, helvetica, sans-serif; font-size: 14pt;\">Secretar\u00eda Ejecutiva de la ICMSJ<\/span><\/td>\n<td style=\"width: 92.2167px; border-style: solid;\"><a href=\"..\/\/_2020_\/Informacion Publica\/noviembre\/NUM_2\/NUM2_SEICMSJ NOV 20.pdf\"><img decoding=\"async\" class=\"alignleft wp-image-3229\" src=\"https:\/\/seij.gob.gt\/udisep\/wp-content\/uploads\/2020\/02\/pdf_3.jpg\" alt=\"\" width=\"79\" height=\"86\" \/><\/a><\/td>\n<\/tr>\n<tr>\n<td style=\"width: 342.783px;\">&nbsp;<\/p>\n<p><span style=\"color: #333399; font-family: arial, helvetica, sans-serif; font-size: 14pt;\">Prevenci\u00f3n de la Violencia y el Delito<\/span><\/td>\n<td style=\"width: 92.2167px;\"><a href=\"..\/\/_2020_\/Informacion Publica\/noviembre\/NUM_2\/NUM2_PREVI NOV 20.pdf\"><img decoding=\"async\" class=\"alignleft wp-image-3229\" src=\"https:\/\/seij.gob.gt\/udisep\/wp-content\/uploads\/2020\/02\/pdf_3.jpg\" alt=\"\" width=\"79\" height=\"86\" \/><\/a><\/td>\n<\/tr>\n<\/tbody>\n<\/table>\n<p>&nbsp;<\/p>\n<p>&nbsp;<\/p>\n<p>&nbsp;<\/p>\n<p>&nbsp;<\/p>\n<p>&nbsp;<\/p>\n<p>&nbsp;<\/p>\n<table style=\"width: 450px; border-style: none;\" width=\"450\">\n<tbody>\n<tr>\n<td style=\"width: 440px; border-style: solid; text-align: center;\"><span style=\"color: #333399; font-family: arial black, sans-serif; font-size: 18pt;\">Diciembre<\/span><\/td>\n<\/tr>\n<\/tbody>\n<\/table>\n<table class=\" alignleft\" style=\"width: 451px; border-style: none;\" cellpadding=\"grove\">\n<tbody>\n<tr>\n<td style=\"width: 342.783px; border-style: solid;\">&nbsp;<\/p>\n<p><span style=\"color: #333399; font-family: arial, helvetica, sans-serif; font-size: 14pt;\">Secretar\u00eda Ejecutiva de la ICMSJ<\/span><\/td>\n<td style=\"width: 92.2167px; border-style: solid;\"><a href=\"..\/\/_2020_\/Informacion Publica\/diciembre\/NUM2_DIC2020\/NUM2_SEICMSJ DICIEMBRE 2020.pdf\"><img decoding=\"async\" class=\"alignleft wp-image-3229\" src=\"https:\/\/seij.gob.gt\/udisep\/wp-content\/uploads\/2020\/02\/pdf_3.jpg\" alt=\"\" width=\"79\" height=\"86\" \/><\/a><\/td>\n<\/tr>\n<tr>\n<td style=\"width: 342.783px;\">&nbsp;<\/p>\n<p><span style=\"color: #333399; font-family: arial, helvetica, sans-serif; font-size: 14pt;\">Prevenci\u00f3n de la Violencia y el Delito<\/span><\/td>\n<td style=\"width: 92.2167px;\"><a href=\"..\/\/_2020_\/Informacion Publica\/diciembre\/NUM2_DIC2020\/NUM2_PREVI DICIEMBRE 2020.pdf\"><img decoding=\"async\" class=\"alignleft wp-image-3229\" src=\"https:\/\/seij.gob.gt\/udisep\/wp-content\/uploads\/2020\/02\/pdf_3.jpg\" alt=\"\" width=\"79\" height=\"86\" \/><\/a><\/td>\n<\/tr>\n<\/tbody>\n<\/table>\n","protected":false},"excerpt":{"rendered":"<p>Directorio y t\u00e9lefono de la entidad y todas las dependencias que la conforman Enero &nbsp; Secretar\u00eda Ejecutiva de la ICMSJ &nbsp; Prevenci\u00f3n de la Violencia y el Delito &nbsp; &nbsp; &nbsp; &nbsp; &nbsp; &nbsp; Febrero &nbsp; Secretar\u00eda Ejecutiva de la ICMSJ &nbsp; Prevenci\u00f3n de la Violencia y el Delito &nbsp; &nbsp; &nbsp; &nbsp; &nbsp; &nbsp; [&hellip;]<\/p>\n","protected":false},"author":1,"featured_media":0,"parent":0,"menu_order":0,"comment_status":"closed","ping_status":"closed","template":"","meta":{"_et_pb_use_builder":"","_et_pb_old_content":"","_et_gb_content_width":"","footnotes":""},"class_list":["post-3202","page","type-page","status-publish","hentry"],"nelio_popups_active_popup":"","_links":{"self":[{"href":"https:\/\/seij.gob.gt\/udisep\/wp-json\/wp\/v2\/pages\/3202","targetHints":{"allow":["GET"]}}],"collection":[{"href":"https:\/\/seij.gob.gt\/udisep\/wp-json\/wp\/v2\/pages"}],"about":[{"href":"https:\/\/seij.gob.gt\/udisep\/wp-json\/wp\/v2\/types\/page"}],"author":[{"embeddable":true,"href":"https:\/\/seij.gob.gt\/udisep\/wp-json\/wp\/v2\/users\/1"}],"replies":[{"embeddable":true,"href":"https:\/\/seij.gob.gt\/udisep\/wp-json\/wp\/v2\/comments?post=3202"}],"version-history":[{"count":20,"href":"https:\/\/seij.gob.gt\/udisep\/wp-json\/wp\/v2\/pages\/3202\/revisions"}],"predecessor-version":[{"id":3213,"href":"https:\/\/seij.gob.gt\/udisep\/wp-json\/wp\/v2\/pages\/3202\/revisions\/3213"}],"wp:attachment":[{"href":"https:\/\/seij.gob.gt\/udisep\/wp-json\/wp\/v2\/media?parent=3202"}],"curies":[{"name":"wp","href":"https:\/\/api.w.org\/{rel}","templated":true}]}}