{"id":3215,"date":"2020-02-06T17:52:48","date_gmt":"2020-02-06T17:52:48","guid":{"rendered":"http:\/\/seij.gob.gt\/udisep\/?page_id=3215"},"modified":"2021-01-27T15:40:12","modified_gmt":"2021-01-27T21:40:12","slug":"numeral-4-ano-2020","status":"publish","type":"page","link":"https:\/\/seij.gob.gt\/udisep\/numeral-4-ano-2020\/","title":{"rendered":"Numeral 4 a\u00f1o 2020"},"content":{"rendered":"<p><span style=\"font-size: 18pt; color: #333399; font-family: arial, helvetica, sans-serif;\">N\u00famero y nombre de consutores que laboran en el sujeto obligado y todas sus dependencias<\/span><\/p>\n<p>&nbsp;<\/p>\n<table style=\"height: 136px; width: 455px;\" width=\"455\">\n<tbody>\n<tr style=\"height: 58px;\">\n<td style=\"width: 445.8px; text-align: center; height: 58px;\" colspan=\"2\"><span style=\"font-family: arial black, sans-serif; font-size: 18pt; color: #333399;\">Enero<\/span><\/td>\n<\/tr>\n<tr style=\"height: 39px;\">\n<td style=\"width: 332.15px; height: 39px;\">&nbsp;<\/p>\n<p><span style=\"font-family: arial, helvetica, sans-serif; font-size: 14pt; color: #333399;\">Secretar\u00eda Ejecutiva de la ICMSJ<\/span><\/td>\n<td style=\"width: 108.05px; height: 39px;\"><a href=\"..\/\/_2020_\/Informacion Publica\/enero\/NUM4_ENE_2020\/NUM4_SEIJ_ENE2020.pdf\"><img decoding=\"async\" class=\"alignleft wp-image-3229\" src=\"https:\/\/seij.gob.gt\/udisep\/wp-content\/uploads\/2020\/02\/pdf_3.jpg\" alt=\"\" width=\"78\" height=\"85\" \/><\/a><\/td>\n<\/tr>\n<tr style=\"height: 39px;\">\n<td style=\"width: 332.15px; height: 39px;\">&nbsp;<\/p>\n<p><span style=\"font-family: arial, helvetica, sans-serif; font-size: 14pt; color: #333399;\">Prevenci\u00f3n de la Violencia y el Delito<\/span><\/td>\n<td style=\"width: 108.05px; height: 39px;\"><a href=\"..\/\/_2020_\/Informacion Publica\/enero\/NUM4_ENE_2020\/NUM4_PREVI_ENE_2020.pdf\"><img decoding=\"async\" class=\"alignleft wp-image-3229\" src=\"https:\/\/seij.gob.gt\/udisep\/wp-content\/uploads\/2020\/02\/pdf_3.jpg\" alt=\"\" width=\"78\" height=\"85\" \/><\/a><\/td>\n<\/tr>\n<\/tbody>\n<\/table>\n<table style=\"width: 452px;\">\n<tbody>\n<tr style=\"height: 58px;\">\n<td style=\"width: 442px; text-align: center; height: 58px;\" colspan=\"2\"><span style=\"font-family: arial black, sans-serif; font-size: 18pt; color: #333399;\">Febrero<\/span><\/td>\n<\/tr>\n<tr style=\"height: 39px;\">\n<td style=\"width: 327px; height: 39px;\">&nbsp;<\/p>\n<p><span style=\"font-family: arial, helvetica, sans-serif; font-size: 14pt; color: #333399;\">Secretar\u00eda Ejecutiva de la ICMSJ<\/span><\/td>\n<td style=\"width: 109px; height: 39px;\"><a href=\"..\/\/_2020_\/Informacion Publica\/febrero\/NUM4_FEB2020\/NUM4_SEIJ_FEB2020.pdf\"><img decoding=\"async\" class=\"alignleft wp-image-3229\" src=\"https:\/\/seij.gob.gt\/udisep\/wp-content\/uploads\/2020\/02\/pdf_3.jpg\" alt=\"\" width=\"78\" height=\"85\" \/><\/a><\/td>\n<\/tr>\n<tr style=\"height: 39px;\">\n<td style=\"width: 327px; height: 39px;\">&nbsp;<\/p>\n<p><span style=\"font-family: arial, helvetica, sans-serif; font-size: 14pt; color: #333399;\">Prevenci\u00f3n de la Violencia y el Delito<\/span><\/td>\n<td style=\"width: 109px; height: 39px;\"><a href=\"..\/\/_2020_\/Informacion Publica\/febrero\/NUM4_FEB2020\/NUM4_PREVI_FEB2020.pdf\"><img decoding=\"async\" class=\"alignleft wp-image-3229\" src=\"https:\/\/seij.gob.gt\/udisep\/wp-content\/uploads\/2020\/02\/pdf_3.jpg\" alt=\"\" width=\"78\" height=\"85\" \/><\/a><\/td>\n<\/tr>\n<\/tbody>\n<\/table>\n<table style=\"height: 258px;\" width=\"453\">\n<tbody>\n<tr>\n<td style=\"width: 443px; text-align: center;\" colspan=\"2\"><span style=\"font-family: arial black, sans-serif; color: #333399; font-size: 18pt;\">Marzo<\/span><\/td>\n<\/tr>\n<tr>\n<td style=\"width: 320.867px;\">&nbsp;<\/p>\n<p><span style=\"font-family: arial, helvetica, sans-serif; color: #333399; font-size: 14pt;\">Secretar\u00eda Ejecutiva de la ICMSJ<\/span><\/td>\n<td style=\"width: 116.133px;\"><a href=\"..\/\/_2020_\/Informacion Publica\/marzo\/NUM4_MARZO_2020\/NUM4_SEIJ_MAR2020.pdf\"><img decoding=\"async\" class=\"alignleft wp-image-3229\" src=\"https:\/\/seij.gob.gt\/udisep\/wp-content\/uploads\/2020\/02\/pdf_3.jpg\" alt=\"\" width=\"78\" height=\"85\" \/><\/a><\/td>\n<\/tr>\n<tr>\n<td style=\"width: 320.867px;\">&nbsp;<\/p>\n<p><span style=\"font-family: arial, helvetica, sans-serif; color: #333399; font-size: 14pt;\">Prevenci\u00f3n de la Violencia y el Delito<\/span><\/td>\n<td style=\"width: 116.133px;\"><a href=\"..\/\/_2020_\/Informacion Publica\/marzo\/NUM4_MARZO_2020\/NUM4_PREVI_MAR2020.pdf\"><img decoding=\"async\" class=\"alignleft wp-image-3229\" src=\"https:\/\/seij.gob.gt\/udisep\/wp-content\/uploads\/2020\/02\/pdf_3.jpg\" alt=\"\" width=\"78\" height=\"85\" \/><\/a><\/td>\n<\/tr>\n<\/tbody>\n<\/table>\n<table>\n<tbody>\n<tr>\n<td style=\"width: 443px; text-align: center;\" colspan=\"2\"><span style=\"font-family: arial black, sans-serif; color: #333399; font-size: 18pt;\">Abril<\/span><\/td>\n<\/tr>\n<tr>\n<td style=\"width: 320.867px;\">&nbsp;<\/p>\n<p><span style=\"font-family: arial, helvetica, sans-serif; color: #333399; font-size: 14pt;\">Secretar\u00eda Ejecutiva de la ICMSJ<\/span><\/td>\n<td style=\"width: 116.133px;\"><a href=\"..\/\/_2020_\/Informacion Publica\/abril\/NUM4_ABRIL_2020\/NUM4_SEIJ_ABR2020.pdf\"><img decoding=\"async\" class=\"alignleft wp-image-3229\" src=\"https:\/\/seij.gob.gt\/udisep\/wp-content\/uploads\/2020\/02\/pdf_3.jpg\" alt=\"\" width=\"78\" height=\"85\" \/><\/a><\/td>\n<\/tr>\n<tr>\n<td style=\"width: 320.867px;\">&nbsp;<\/p>\n<p><span style=\"font-family: arial, helvetica, sans-serif; color: #333399; font-size: 14pt;\">Prevenci\u00f3n de la Violencia y el Delito<\/span><\/td>\n<td style=\"width: 116.133px;\"><a href=\"..\/\/_2020_\/Informacion Publica\/abril\/NUM4_ABRIL_2020\/NUM4_PREVI_ABR2020.pdf\"><img decoding=\"async\" class=\"alignleft wp-image-3229\" src=\"https:\/\/seij.gob.gt\/udisep\/wp-content\/uploads\/2020\/02\/pdf_3.jpg\" alt=\"\" width=\"78\" height=\"85\" \/><\/a><\/td>\n<\/tr>\n<\/tbody>\n<\/table>\n<table>\n<tbody>\n<tr>\n<td style=\"width: 443px; text-align: center;\" colspan=\"2\"><span style=\"font-family: arial black, sans-serif; color: #333399; font-size: 18pt;\">Mayo<\/span><\/td>\n<\/tr>\n<tr>\n<td style=\"width: 320.867px;\">&nbsp;<\/p>\n<p><span style=\"font-family: arial, helvetica, sans-serif; color: #333399; font-size: 14pt;\">Secretar\u00eda Ejecutiva de la ICMSJ<\/span><\/td>\n<td style=\"width: 116.133px;\"><a href=\"..\/\/_2020_\/Informacion Publica\/mayo\/NUM4_MAY2020\/NUM4_SEIJ_MAY2020.pdf\"><img decoding=\"async\" class=\"alignleft wp-image-3229\" src=\"https:\/\/seij.gob.gt\/udisep\/wp-content\/uploads\/2020\/02\/pdf_3.jpg\" alt=\"\" width=\"78\" height=\"85\" \/><\/a><\/td>\n<\/tr>\n<tr>\n<td style=\"width: 320.867px;\">&nbsp;<\/p>\n<p><span style=\"font-family: arial, helvetica, sans-serif; color: #333399; font-size: 14pt;\">Prevenci\u00f3n de la Violencia y el Delito<\/span><\/td>\n<td style=\"width: 116.133px;\"><a href=\"..\/\/_2020_\/Informacion Publica\/mayo\/NUM4_MAY2020\/NUM4_PEVI_MAY2020.pdf\"><img decoding=\"async\" class=\"alignleft wp-image-3229\" src=\"https:\/\/seij.gob.gt\/udisep\/wp-content\/uploads\/2020\/02\/pdf_3.jpg\" alt=\"\" width=\"78\" height=\"85\" \/><\/a><\/td>\n<\/tr>\n<\/tbody>\n<\/table>\n<table>\n<tbody>\n<tr>\n<td style=\"width: 443px; text-align: center;\" colspan=\"2\"><span style=\"font-family: arial black, sans-serif; color: #333399; font-size: 18pt;\">Junio<\/span><\/td>\n<\/tr>\n<tr>\n<td style=\"width: 320.867px;\">&nbsp;<\/p>\n<p><span style=\"font-family: arial, helvetica, sans-serif; color: #333399; font-size: 14pt;\">Secretar\u00eda Ejecutiva de la ICMSJ<\/span><\/td>\n<td style=\"width: 116.133px;\"><a href=\"..\/\/_2020_\/Informacion Publica\/junio\/NUM4_JUN2020\/NUM4_SEIJ_JUN2020.pdf\"><img decoding=\"async\" class=\"alignleft wp-image-3229\" src=\"https:\/\/seij.gob.gt\/udisep\/wp-content\/uploads\/2020\/02\/pdf_3.jpg\" alt=\"\" width=\"78\" height=\"85\" \/><\/a><\/td>\n<\/tr>\n<tr>\n<td style=\"width: 320.867px;\">&nbsp;<\/p>\n<p><span style=\"font-family: arial, helvetica, sans-serif; color: #333399; font-size: 14pt;\">Prevenci\u00f3n de la Violencia y el Delito<\/span><\/td>\n<td style=\"width: 116.133px;\"><a href=\"..\/\/_2020_\/Informacion Publica\/junio\/NUM4_JUN2020\/NUM4_PREVI_JUN2020.pdf\"><img decoding=\"async\" class=\"alignleft wp-image-3229\" src=\"https:\/\/seij.gob.gt\/udisep\/wp-content\/uploads\/2020\/02\/pdf_3.jpg\" alt=\"\" width=\"78\" height=\"85\" \/><\/a><\/td>\n<\/tr>\n<\/tbody>\n<\/table>\n<table>\n<tbody>\n<tr>\n<td style=\"width: 443px; text-align: center;\" colspan=\"2\"><span style=\"font-family: arial black, sans-serif; color: #333399; font-size: 18pt;\">Julio<\/span><\/td>\n<\/tr>\n<tr>\n<td style=\"width: 320.867px;\">&nbsp;<\/p>\n<p><span style=\"font-family: arial, helvetica, sans-serif; color: #333399; font-size: 14pt;\">Secretar\u00eda Ejecutiva de la ICMSJ<\/span><\/td>\n<td style=\"width: 116.133px;\"><a href=\"..\/\/_2020_\/Informacion Publica\/julio\/NUM4_JUL_2020\/NUM4_SEIJ_JUL_2020.pdf\"><img decoding=\"async\" class=\"alignleft wp-image-3229\" src=\"https:\/\/seij.gob.gt\/udisep\/wp-content\/uploads\/2020\/02\/pdf_3.jpg\" alt=\"\" width=\"78\" height=\"85\" \/><\/a><\/td>\n<\/tr>\n<tr>\n<td style=\"width: 320.867px;\">&nbsp;<\/p>\n<p><span style=\"font-family: arial, helvetica, sans-serif; color: #333399; font-size: 14pt;\">Prevenci\u00f3n de la Violencia y el Delito<\/span><\/td>\n<td style=\"width: 116.133px;\"><a href=\"..\/\/_2020_\/Informacion Publica\/julio\/NUM4_JUL_2020\/NUM4_PREVI_JUL_2020.pdf\"><img decoding=\"async\" class=\"alignleft wp-image-3229\" src=\"https:\/\/seij.gob.gt\/udisep\/wp-content\/uploads\/2020\/02\/pdf_3.jpg\" alt=\"\" width=\"78\" height=\"85\" \/><\/a><\/td>\n<\/tr>\n<\/tbody>\n<\/table>\n<table>\n<tbody>\n<tr>\n<td style=\"width: 443px; text-align: center;\" colspan=\"2\"><span style=\"font-family: arial black, sans-serif; color: #333399; font-size: 18pt;\">Agosto<\/span><\/td>\n<\/tr>\n<tr>\n<td style=\"width: 320.867px;\">&nbsp;<\/p>\n<p><span style=\"font-family: arial, helvetica, sans-serif; color: #333399; font-size: 14pt;\">Secretar\u00eda Ejecutiva de la ICMSJ<\/span><\/td>\n<td style=\"width: 116.133px;\"><a href=\"..\/\/_2020_\/Informacion Publica\/agosto\/NUM4_AGOSTO_2020\/NUM4_SEIJ_AGOS_2020.pdf\"><img decoding=\"async\" class=\"alignleft wp-image-3229\" src=\"https:\/\/seij.gob.gt\/udisep\/wp-content\/uploads\/2020\/02\/pdf_3.jpg\" alt=\"\" width=\"78\" height=\"85\" \/><\/a><\/td>\n<\/tr>\n<tr>\n<td style=\"width: 320.867px;\">&nbsp;<\/p>\n<p><span style=\"font-family: arial, helvetica, sans-serif; color: #333399; font-size: 14pt;\">Prevenci\u00f3n de la Violencia y el Delito<\/span><\/td>\n<td style=\"width: 116.133px;\"><a href=\"..\/\/_2020_\/Informacion Publica\/agosto\/NUM4_AGOSTO_2020\/NUM4_PREVI_AGOS_2020.pdf\"><img decoding=\"async\" class=\"alignleft wp-image-3229\" src=\"https:\/\/seij.gob.gt\/udisep\/wp-content\/uploads\/2020\/02\/pdf_3.jpg\" alt=\"\" width=\"78\" height=\"85\" \/><\/a><\/td>\n<\/tr>\n<\/tbody>\n<\/table>\n<table>\n<tbody>\n<tr>\n<td style=\"width: 443px; text-align: center;\" colspan=\"2\"><span style=\"font-family: arial black, sans-serif; color: #333399; font-size: 18pt;\">Septiembre<\/span><\/td>\n<\/tr>\n<tr>\n<td style=\"width: 320.867px;\">&nbsp;<\/p>\n<p><span style=\"font-family: arial, helvetica, sans-serif; color: #333399; font-size: 14pt;\">Secretar\u00eda Ejecutiva de la ICMSJ<\/span><\/td>\n<td style=\"width: 116.133px;\"><a href=\"..\/\/_2020_\/Informacion Publica\/septiembre\/NUM_4_SEP_2020\/NUM4_SEICMSJ SEP 20.pdf\"><img decoding=\"async\" class=\"alignleft wp-image-3229\" src=\"https:\/\/seij.gob.gt\/udisep\/wp-content\/uploads\/2020\/02\/pdf_3.jpg\" alt=\"\" width=\"78\" height=\"85\" \/><\/a><\/td>\n<\/tr>\n<tr>\n<td style=\"width: 320.867px;\">&nbsp;<\/p>\n<p><span style=\"font-family: arial, helvetica, sans-serif; color: #333399; font-size: 14pt;\">Prevenci\u00f3n de la Violencia y el Delito<\/span><\/td>\n<td style=\"width: 116.133px;\"><a href=\"..\/\/_2020_\/Informacion Publica\/septiembre\/NUM_4_SEP_2020\/NUM4_PREVI SEP20.pdf\"><img decoding=\"async\" class=\"alignleft wp-image-3229\" src=\"https:\/\/seij.gob.gt\/udisep\/wp-content\/uploads\/2020\/02\/pdf_3.jpg\" alt=\"\" width=\"78\" height=\"85\" \/><\/a><\/td>\n<\/tr>\n<\/tbody>\n<\/table>\n<table>\n<tbody>\n<tr>\n<td style=\"width: 443px; text-align: center;\" colspan=\"2\"><span style=\"font-family: arial black, sans-serif; color: #333399; font-size: 18pt;\">Octubre<\/span><\/td>\n<\/tr>\n<tr>\n<td style=\"width: 320.867px;\">&nbsp;<\/p>\n<p><span style=\"font-family: arial, helvetica, sans-serif; color: #333399; font-size: 14pt;\">Secretar\u00eda Ejecutiva de la ICMSJ<\/span><\/td>\n<td style=\"width: 116.133px;\"><a href=\"..\/\/_2020_\/Informacion Publica\/octubre\/NUM_ 4\/NUM4_SEICMSJ OCT 20.pdf\"><img decoding=\"async\" class=\"alignleft wp-image-3229\" src=\"https:\/\/seij.gob.gt\/udisep\/wp-content\/uploads\/2020\/02\/pdf_3.jpg\" alt=\"\" width=\"78\" height=\"85\" \/><\/a><\/td>\n<\/tr>\n<tr>\n<td style=\"width: 320.867px;\">&nbsp;<\/p>\n<p><span style=\"font-family: arial, helvetica, sans-serif; color: #333399; font-size: 14pt;\">Prevenci\u00f3n de la Violencia y el Delito<\/span><\/td>\n<td style=\"width: 116.133px;\"><a href=\"..\/\/_2020_\/Informacion Publica\/octubre\/NUM_ 4\/NUM4_PREVI OCT 20.pdf\"><img decoding=\"async\" class=\"alignleft wp-image-3229\" src=\"https:\/\/seij.gob.gt\/udisep\/wp-content\/uploads\/2020\/02\/pdf_3.jpg\" alt=\"\" width=\"78\" height=\"85\" \/><\/a><\/td>\n<\/tr>\n<\/tbody>\n<\/table>\n<table>\n<tbody>\n<tr>\n<td style=\"width: 443px; text-align: center;\" colspan=\"2\"><span style=\"font-family: arial black, sans-serif; color: #333399; font-size: 18pt;\">Noviembre<\/span><\/td>\n<\/tr>\n<tr>\n<td style=\"width: 320.867px;\">&nbsp;<\/p>\n<p><span style=\"font-family: arial, helvetica, sans-serif; color: #333399; font-size: 14pt;\">Secretar\u00eda Ejecutiva de la ICMSJ<\/span><\/td>\n<td style=\"width: 116.133px;\"><a href=\"..\/\/_2020_\/Informacion Publica\/noviembre\/NUM_4\/NUM4_SEICMSJ NOV 20.pdf\"><img decoding=\"async\" class=\"alignleft wp-image-3229\" src=\"https:\/\/seij.gob.gt\/udisep\/wp-content\/uploads\/2020\/02\/pdf_3.jpg\" alt=\"\" width=\"78\" height=\"85\" \/><\/a><\/td>\n<\/tr>\n<tr>\n<td style=\"width: 320.867px;\">&nbsp;<\/p>\n<p><span style=\"font-family: arial, helvetica, sans-serif; color: #333399; font-size: 14pt;\">Prevenci\u00f3n de la Violencia y el Delito<\/span><\/td>\n<td style=\"width: 116.133px;\"><a href=\"..\/\/_2020_\/Informacion Publica\/noviembre\/NUM_4\/NUM 4_PREVI NOV 20.pdf\"><img decoding=\"async\" class=\"alignleft wp-image-3229\" src=\"https:\/\/seij.gob.gt\/udisep\/wp-content\/uploads\/2020\/02\/pdf_3.jpg\" alt=\"\" width=\"78\" height=\"85\" \/><\/a><\/td>\n<\/tr>\n<\/tbody>\n<\/table>\n<table>\n<tbody>\n<tr>\n<td style=\"width: 443px; text-align: center;\" colspan=\"2\"><span style=\"font-family: arial black, sans-serif; color: #333399; font-size: 18pt;\">Diciembre<\/span><\/td>\n<\/tr>\n<tr>\n<td style=\"width: 320.867px;\">&nbsp;<\/p>\n<p><span style=\"font-family: arial, helvetica, sans-serif; color: #333399; font-size: 14pt;\">Secretar\u00eda Ejecutiva de la ICMSJ<\/span><\/td>\n<td style=\"width: 116.133px;\"><a href=\"..\/\/_2020_\/Informacion Publica\/diciembre\/NUM4_DIC2020\/NUM4_SEICMSJ DICIEMBRE 2020.pdf\"><img decoding=\"async\" class=\"alignleft wp-image-3229\" src=\"https:\/\/seij.gob.gt\/udisep\/wp-content\/uploads\/2020\/02\/pdf_3.jpg\" alt=\"\" width=\"78\" height=\"85\" \/><\/a><\/td>\n<\/tr>\n<tr>\n<td style=\"width: 320.867px;\">&nbsp;<\/p>\n<p><span style=\"font-family: arial, helvetica, sans-serif; color: #333399; font-size: 14pt;\">Prevenci\u00f3n de la Violencia y el Delito<\/span><\/td>\n<td style=\"width: 116.133px;\"><a href=\"..\/\/_2020_\/Informacion Publica\/diciembre\/NUM4_DIC2020\/NUM4_PREVI DICIEMBRE 2020 .pdf\"><img decoding=\"async\" class=\"alignleft wp-image-3229\" src=\"https:\/\/seij.gob.gt\/udisep\/wp-content\/uploads\/2020\/02\/pdf_3.jpg\" alt=\"\" width=\"78\" height=\"85\" \/><\/a><\/td>\n<\/tr>\n<\/tbody>\n<\/table>\n","protected":false},"excerpt":{"rendered":"<p>N\u00famero y nombre de consutores que laboran en el sujeto obligado y todas sus dependencias &nbsp; Enero &nbsp; Secretar\u00eda Ejecutiva de la ICMSJ &nbsp; Prevenci\u00f3n de la Violencia y el Delito Febrero &nbsp; Secretar\u00eda Ejecutiva de la ICMSJ &nbsp; Prevenci\u00f3n de la Violencia y el Delito Marzo &nbsp; Secretar\u00eda Ejecutiva de la ICMSJ &nbsp; Prevenci\u00f3n [&hellip;]<\/p>\n","protected":false},"author":1,"featured_media":0,"parent":0,"menu_order":0,"comment_status":"closed","ping_status":"closed","template":"","meta":{"_et_pb_use_builder":"","_et_pb_old_content":"","_et_gb_content_width":"","footnotes":""},"class_list":["post-3215","page","type-page","status-publish","hentry"],"nelio_popups_active_popup":"","_links":{"self":[{"href":"https:\/\/seij.gob.gt\/udisep\/wp-json\/wp\/v2\/pages\/3215","targetHints":{"allow":["GET"]}}],"collection":[{"href":"https:\/\/seij.gob.gt\/udisep\/wp-json\/wp\/v2\/pages"}],"about":[{"href":"https:\/\/seij.gob.gt\/udisep\/wp-json\/wp\/v2\/types\/page"}],"author":[{"embeddable":true,"href":"https:\/\/seij.gob.gt\/udisep\/wp-json\/wp\/v2\/users\/1"}],"replies":[{"embeddable":true,"href":"https:\/\/seij.gob.gt\/udisep\/wp-json\/wp\/v2\/comments?post=3215"}],"version-history":[{"count":18,"href":"https:\/\/seij.gob.gt\/udisep\/wp-json\/wp\/v2\/pages\/3215\/revisions"}],"predecessor-version":[{"id":3769,"href":"https:\/\/seij.gob.gt\/udisep\/wp-json\/wp\/v2\/pages\/3215\/revisions\/3769"}],"wp:attachment":[{"href":"https:\/\/seij.gob.gt\/udisep\/wp-json\/wp\/v2\/media?parent=3215"}],"curies":[{"name":"wp","href":"https:\/\/api.w.org\/{rel}","templated":true}]}}