{"id":3254,"date":"2020-02-06T21:56:01","date_gmt":"2020-02-06T21:56:01","guid":{"rendered":"http:\/\/seij.gob.gt\/udisep\/?page_id=3254"},"modified":"2020-02-06T21:58:24","modified_gmt":"2020-02-06T21:58:24","slug":"numeral-10-ano-2020","status":"publish","type":"page","link":"https:\/\/seij.gob.gt\/udisep\/numeral-10-ano-2020\/","title":{"rendered":"Numeral 10 a\u00f1o 2020"},"content":{"rendered":"<h1 style=\"text-align: center;\"><span style=\"font-family: helvetica, arial, sans-serif; font-size: 24pt; color: #000080;\">Procesos de cotizaci\u00f3n y licitaci\u00f3n para programas del sujeto obligado que tengan beneficiarios directos e indirecto.<\/span><\/h1>\n<p>&nbsp;<\/p>\n<p style=\"text-align: center;\"><span style=\"font-family: helvetica, arial, sans-serif; font-size: 18pt;\"><strong>NUMERAL 10<\/strong><\/span><\/p>\n<p style=\"text-align: justify;\">En cumplimiento con el art\u00edculo 10, numeral 10 de la Ley de Acceso a la Informaci\u00f3n P\u00fablica: La Secretar\u00eda Ejecutiva de la Instancia Coordinadora de la Modernizaci\u00f3n del Sector Justicia conforme a sus funciones, No realiza procesos de cotizaci\u00f3n y licitaci\u00f3n para la adquisici\u00f3n de bienes destinados a programadas de educaci\u00f3n, salud, seguridad, desarrollo rural y todos aquellos que tienen dentro de sus caracter\u00edsticas la entrega de dicho bienes a beneficiarios directos o indirectos.<\/p>\n","protected":false},"excerpt":{"rendered":"<p>Procesos de cotizaci\u00f3n y licitaci\u00f3n para programas del sujeto obligado que tengan beneficiarios directos e indirecto. &nbsp; NUMERAL 10 En cumplimiento con el art\u00edculo 10, numeral 10 de la Ley de Acceso a la Informaci\u00f3n P\u00fablica: La Secretar\u00eda Ejecutiva de la Instancia Coordinadora de la Modernizaci\u00f3n del Sector Justicia conforme a sus funciones, No realiza [&hellip;]<\/p>\n","protected":false},"author":1,"featured_media":0,"parent":0,"menu_order":0,"comment_status":"closed","ping_status":"closed","template":"","meta":{"_et_pb_use_builder":"","_et_pb_old_content":"","_et_gb_content_width":"","footnotes":""},"class_list":["post-3254","page","type-page","status-publish","hentry"],"nelio_popups_active_popup":"","_links":{"self":[{"href":"https:\/\/seij.gob.gt\/udisep\/wp-json\/wp\/v2\/pages\/3254","targetHints":{"allow":["GET"]}}],"collection":[{"href":"https:\/\/seij.gob.gt\/udisep\/wp-json\/wp\/v2\/pages"}],"about":[{"href":"https:\/\/seij.gob.gt\/udisep\/wp-json\/wp\/v2\/types\/page"}],"author":[{"embeddable":true,"href":"https:\/\/seij.gob.gt\/udisep\/wp-json\/wp\/v2\/users\/1"}],"replies":[{"embeddable":true,"href":"https:\/\/seij.gob.gt\/udisep\/wp-json\/wp\/v2\/comments?post=3254"}],"version-history":[{"count":8,"href":"https:\/\/seij.gob.gt\/udisep\/wp-json\/wp\/v2\/pages\/3254\/revisions"}],"predecessor-version":[{"id":3263,"href":"https:\/\/seij.gob.gt\/udisep\/wp-json\/wp\/v2\/pages\/3254\/revisions\/3263"}],"wp:attachment":[{"href":"https:\/\/seij.gob.gt\/udisep\/wp-json\/wp\/v2\/media?parent=3254"}],"curies":[{"name":"wp","href":"https:\/\/api.w.org\/{rel}","templated":true}]}}