{"id":3265,"date":"2020-02-07T15:16:51","date_gmt":"2020-02-07T15:16:51","guid":{"rendered":"http:\/\/seij.gob.gt\/udisep\/?page_id=3265"},"modified":"2021-01-11T08:36:00","modified_gmt":"2021-01-11T14:36:00","slug":"numeral-11-ano-2020","status":"publish","type":"page","link":"https:\/\/seij.gob.gt\/udisep\/numeral-11-ano-2020\/","title":{"rendered":"Numeral 11 a\u00f1o 2020"},"content":{"rendered":"<p><span style=\"font-size: 18pt; font-family: arial, helvetica, sans-serif; color: #000080;\">Contrataciones de bienes y servicios.<\/span><\/p>\n<table style=\"height: 136px; width: 455px;\" width=\"455\">\n<tbody>\n<tr style=\"height: 58px;\">\n<td style=\"width: 445.8px; text-align: center; height: 58px;\" colspan=\"2\"><span style=\"font-family: arial black, sans-serif; font-size: 18pt; color: #333399;\">Enero<\/span><\/td>\n<\/tr>\n<tr style=\"height: 39px;\">\n<td style=\"width: 332.15px; height: 39px;\">&nbsp;<\/p>\n<p><span style=\"font-family: arial, helvetica, sans-serif; font-size: 14pt; color: #333399;\">Secretar\u00eda Ejecutiva de la ICMSJ<\/span><\/td>\n<td style=\"width: 108.05px; height: 39px;\"><a href=\"..\/\/_2020_\/Informacion Publica\/enero\/NUM11_ENE_2020\/NUM11_SEIJ_ENE2020.pdf\"><img decoding=\"async\" class=\"alignleft wp-image-3229\" src=\"https:\/\/seij.gob.gt\/udisep\/wp-content\/uploads\/2020\/02\/pdf_3.jpg\" alt=\"\" width=\"78\" height=\"85\" \/><\/a><\/td>\n<\/tr>\n<tr style=\"height: 39px;\">\n<td style=\"width: 332.15px; height: 39px;\">&nbsp;<\/p>\n<p><span style=\"font-family: arial, helvetica, sans-serif; font-size: 14pt; color: #333399;\">Prevenci\u00f3n de la Violencia y el Delito<\/span><\/td>\n<td style=\"width: 108.05px; height: 39px;\"><a href=\"..\/\/_2020_\/Informacion Publica\/enero\/NUM11_ENE_2020\/NUM11_PREVI_ENE2020.pdf\"><img decoding=\"async\" class=\"alignleft wp-image-3229\" src=\"https:\/\/seij.gob.gt\/udisep\/wp-content\/uploads\/2020\/02\/pdf_3.jpg\" alt=\"\" width=\"78\" height=\"85\" \/><\/a><\/td>\n<\/tr>\n<\/tbody>\n<\/table>\n<table>\n<tbody>\n<tr style=\"height: 58px;\">\n<td style=\"width: 445.8px; text-align: center; height: 58px;\" colspan=\"2\"><span style=\"font-family: arial black, sans-serif; font-size: 18pt; color: #333399;\">Febrero<\/span><\/td>\n<\/tr>\n<tr style=\"height: 39px;\">\n<td style=\"width: 332.15px; height: 39px;\">&nbsp;<\/p>\n<p><span style=\"font-family: arial, helvetica, sans-serif; font-size: 14pt; color: #333399;\">Secretar\u00eda Ejecutiva de la ICMSJ<\/span><\/td>\n<td style=\"width: 108.05px; height: 39px;\"><a href=\"..\/\/_2020_\/Informacion Publica\/febrero\/NUM11_FEB2020\/NUM11_SEIJ_FEB2020.pdf\"><img decoding=\"async\" class=\"alignleft wp-image-3229\" src=\"https:\/\/seij.gob.gt\/udisep\/wp-content\/uploads\/2020\/02\/pdf_3.jpg\" alt=\"\" width=\"78\" height=\"85\" \/><\/a><\/td>\n<\/tr>\n<tr style=\"height: 39px;\">\n<td style=\"width: 332.15px; height: 39px;\">&nbsp;<\/p>\n<p><span style=\"font-family: arial, helvetica, sans-serif; font-size: 14pt; color: #333399;\">Prevenci\u00f3n de la Violencia y el Delito<\/span><\/td>\n<td style=\"width: 108.05px; height: 39px;\"><a href=\"..\/\/_2020_\/Informacion Publica\/febrero\/NUM11_FEB2020\/NUM11_PREVI_FEB2020.pdf\"><img decoding=\"async\" class=\"alignleft wp-image-3229\" src=\"https:\/\/seij.gob.gt\/udisep\/wp-content\/uploads\/2020\/02\/pdf_3.jpg\" alt=\"\" width=\"78\" height=\"85\" \/><\/a><\/td>\n<\/tr>\n<tr>\n<td style=\"width: 332.15px;\" colspan=\"2\">\n<p style=\"text-align: center;\"><span style=\"font-family: arial black, sans-serif; font-size: 18pt; color: #333399;\">Marzo<\/span><\/p>\n<\/td>\n<\/tr>\n<tr>\n<td style=\"width: 332.15px;\">&nbsp;<\/p>\n<p><span style=\"font-family: arial, helvetica, sans-serif; font-size: 14pt; color: #333399;\">Secretar\u00eda Ejecutiva de la ICMSJ<\/span><\/td>\n<td style=\"width: 108.05px;\"><a href=\"..\/\/_2020_\/Informacion Publica\/marzo\/Num11\/NUM11_SEIJ_MAR.2020.pdf\"><img decoding=\"async\" class=\"alignleft wp-image-3229\" src=\"https:\/\/seij.gob.gt\/udisep\/wp-content\/uploads\/2020\/02\/pdf_3.jpg\" alt=\"\" width=\"78\" height=\"85\" \/><\/a><\/td>\n<\/tr>\n<tr>\n<td style=\"width: 332.15px;\">&nbsp;<\/p>\n<p><span style=\"font-family: arial, helvetica, sans-serif; font-size: 14pt; color: #333399;\">Prevenci\u00f3n de la Violencia y el Delito<\/span><\/td>\n<td style=\"width: 108.05px;\"><a href=\"..\/\/_2020_\/Informacion Publica\/marzo\/Num11\/NUM11_PREVI_MAR2020.pdf\"><img decoding=\"async\" class=\"alignleft wp-image-3229\" src=\"https:\/\/seij.gob.gt\/udisep\/wp-content\/uploads\/2020\/02\/pdf_3.jpg\" alt=\"\" width=\"78\" height=\"85\" \/><\/a><\/td>\n<\/tr>\n<\/tbody>\n<\/table>\n<table>\n<tbody>\n<tr>\n<td style=\"width: 332.15px;\" colspan=\"2\">\n<p style=\"text-align: center;\"><span style=\"font-family: arial black, sans-serif; font-size: 18pt; color: #333399;\">Abril<\/span><\/p>\n<\/td>\n<\/tr>\n<tr>\n<td style=\"width: 332.15px;\">&nbsp;<\/p>\n<p><span style=\"font-family: arial, helvetica, sans-serif; font-size: 14pt; color: #333399;\">Secretar\u00eda Ejecutiva de la ICMSJ<\/span><\/td>\n<td style=\"width: 108.05px;\"><a href=\"..\/\/_2020_\/Informacion Publica\/abril\/NUM11_ABRIL_2020\/NUM11_SEIJ_ABR2020.pdf\"><img decoding=\"async\" class=\"alignleft wp-image-3229\" src=\"https:\/\/seij.gob.gt\/udisep\/wp-content\/uploads\/2020\/02\/pdf_3.jpg\" alt=\"\" width=\"78\" height=\"85\" \/><\/a><\/td>\n<\/tr>\n<tr>\n<td style=\"width: 332.15px;\">&nbsp;<\/p>\n<p><span style=\"font-family: arial, helvetica, sans-serif; font-size: 14pt; color: #333399;\">Prevenci\u00f3n de la Violencia y el Delito<\/span><\/td>\n<td style=\"width: 108.05px;\"><a href=\"..\/\/_2020_\/Informacion Publica\/abril\/NUM11_ABRIL_2020\/NUM11_PREVI_ABR2020.pdf\"><img decoding=\"async\" class=\"alignleft wp-image-3229\" src=\"https:\/\/seij.gob.gt\/udisep\/wp-content\/uploads\/2020\/02\/pdf_3.jpg\" alt=\"\" width=\"78\" height=\"85\" \/><\/a><\/td>\n<\/tr>\n<\/tbody>\n<\/table>\n<table>\n<tbody>\n<tr>\n<td style=\"width: 332.15px;\" colspan=\"2\">\n<p style=\"text-align: center;\"><span style=\"font-family: arial black, sans-serif; font-size: 18pt; color: #333399;\">Mayo<\/span><\/p>\n<\/td>\n<\/tr>\n<tr>\n<td style=\"width: 332.15px;\">&nbsp;<\/p>\n<p><span style=\"font-family: arial, helvetica, sans-serif; font-size: 14pt; color: #333399;\">Secretar\u00eda Ejecutiva de la ICMSJ<\/span><\/td>\n<td style=\"width: 108.05px;\"><a href=\"..\/\/_2020_\/Informacion Publica\/mayo\/NUM11_MAY2020\/NUM11_SEIJ_MAY2020.pdf\"><img decoding=\"async\" class=\"alignleft wp-image-3229\" src=\"https:\/\/seij.gob.gt\/udisep\/wp-content\/uploads\/2020\/02\/pdf_3.jpg\" alt=\"\" width=\"78\" height=\"85\" \/><\/a><\/td>\n<\/tr>\n<tr>\n<td style=\"width: 332.15px;\">&nbsp;<\/p>\n<p><span style=\"font-family: arial, helvetica, sans-serif; font-size: 14pt; color: #333399;\">Prevenci\u00f3n de la Violencia y el Delito<\/span><\/td>\n<td style=\"width: 108.05px;\"><a href=\"..\/\/_2020_\/Informacion Publica\/mayo\/NUM11_MAY2020\/NUM11_PREVI_MAY2020.pdf\"><img decoding=\"async\" class=\"alignleft wp-image-3229\" src=\"https:\/\/seij.gob.gt\/udisep\/wp-content\/uploads\/2020\/02\/pdf_3.jpg\" alt=\"\" width=\"78\" height=\"85\" \/><\/a><\/td>\n<\/tr>\n<\/tbody>\n<\/table>\n<table>\n<tbody>\n<tr>\n<td style=\"width: 332.15px;\" colspan=\"2\">\n<p style=\"text-align: center;\"><span style=\"font-family: arial black, sans-serif; font-size: 18pt; color: #333399;\">Junio<\/span><\/p>\n<\/td>\n<\/tr>\n<tr>\n<td style=\"width: 332.15px;\">&nbsp;<\/p>\n<p><span style=\"font-family: arial, helvetica, sans-serif; font-size: 14pt; color: #333399;\">Secretar\u00eda Ejecutiva de la ICMSJ<\/span><\/td>\n<td style=\"width: 108.05px;\"><a href=\"..\/\/_2020_\/Informacion Publica\/junio\/NUM11_JUN2020\/NUM11_SEIJ_JUN2020.pdf\"><img decoding=\"async\" class=\"alignleft wp-image-3229\" src=\"https:\/\/seij.gob.gt\/udisep\/wp-content\/uploads\/2020\/02\/pdf_3.jpg\" alt=\"\" width=\"78\" height=\"85\" \/><\/a><\/td>\n<\/tr>\n<tr>\n<td style=\"width: 332.15px;\">&nbsp;<\/p>\n<p><span style=\"font-family: arial, helvetica, sans-serif; font-size: 14pt; color: #333399;\">Prevenci\u00f3n de la Violencia y el Delito<\/span><\/td>\n<td style=\"width: 108.05px;\"><a href=\"..\/\/_2020_\/Informacion Publica\/junio\/NUM11_JUN2020\/NUM11_PREVI_JUN2020.pdf\"><img decoding=\"async\" class=\"alignleft wp-image-3229\" src=\"https:\/\/seij.gob.gt\/udisep\/wp-content\/uploads\/2020\/02\/pdf_3.jpg\" alt=\"\" width=\"78\" height=\"85\" \/><\/a><\/td>\n<\/tr>\n<\/tbody>\n<\/table>\n<table>\n<tbody>\n<tr>\n<td style=\"width: 332.15px;\" colspan=\"2\">\n<p style=\"text-align: center;\"><span style=\"font-family: arial black, sans-serif; font-size: 18pt; color: #333399;\">Julio<\/span><\/p>\n<\/td>\n<\/tr>\n<tr>\n<td style=\"width: 332.15px;\">&nbsp;<\/p>\n<p><span style=\"font-family: arial, helvetica, sans-serif; font-size: 14pt; color: #333399;\">Secretar\u00eda Ejecutiva de la ICMSJ<\/span><\/td>\n<td style=\"width: 108.05px;\"><a href=\"..\/\/_2020_\/Informacion Publica\/julio\/NUM11_JUL_2020\/NUM11_SEIJ_JUL_2020.pdf\"><img decoding=\"async\" class=\"alignleft wp-image-3229\" src=\"https:\/\/seij.gob.gt\/udisep\/wp-content\/uploads\/2020\/02\/pdf_3.jpg\" alt=\"\" width=\"78\" height=\"85\" \/><\/a><\/td>\n<\/tr>\n<tr>\n<td style=\"width: 332.15px;\">&nbsp;<\/p>\n<p><span style=\"font-family: arial, helvetica, sans-serif; font-size: 14pt; color: #333399;\">Prevenci\u00f3n de la Violencia y el Delito<\/span><\/td>\n<td style=\"width: 108.05px;\"><a href=\"..\/\/_2020_\/Informacion Publica\/julio\/NUM11_JUL_2020\/NUM11_PREVI_JUL_2020.pdf\"><img decoding=\"async\" class=\"alignleft wp-image-3229\" src=\"https:\/\/seij.gob.gt\/udisep\/wp-content\/uploads\/2020\/02\/pdf_3.jpg\" alt=\"\" width=\"78\" height=\"85\" \/><\/a><\/td>\n<\/tr>\n<\/tbody>\n<\/table>\n<table>\n<tbody>\n<tr>\n<td style=\"width: 332.15px;\" colspan=\"2\">\n<p style=\"text-align: center;\"><span style=\"font-family: arial black, sans-serif; font-size: 18pt; color: #333399;\">Agosto<\/span><\/p>\n<\/td>\n<\/tr>\n<tr>\n<td style=\"width: 332.15px;\">&nbsp;<\/p>\n<p><span style=\"font-family: arial, helvetica, sans-serif; font-size: 14pt; color: #333399;\">Secretar\u00eda Ejecutiva de la ICMSJ<\/span><\/td>\n<td style=\"width: 108.05px;\"><a href=\"..\/\/_2020_\/Informacion Publica\/agosto\/NUM11_AGOSTO_2020\/NUM11_SEIJ_AGOS_2020.pdf\"><img decoding=\"async\" class=\"alignleft wp-image-3229\" src=\"https:\/\/seij.gob.gt\/udisep\/wp-content\/uploads\/2020\/02\/pdf_3.jpg\" alt=\"\" width=\"78\" height=\"85\" \/><\/a><\/td>\n<\/tr>\n<tr>\n<td style=\"width: 332.15px;\">&nbsp;<\/p>\n<p><span style=\"font-family: arial, helvetica, sans-serif; font-size: 14pt; color: #333399;\">Prevenci\u00f3n de la Violencia y el Delito<\/span><\/td>\n<td style=\"width: 108.05px;\"><a href=\"..\/\/_2020_\/Informacion Publica\/agosto\/NUM11_AGOSTO_2020\/NUM11_PREVI_AGOS_2020.pdf\"><img decoding=\"async\" class=\"alignleft wp-image-3229\" src=\"https:\/\/seij.gob.gt\/udisep\/wp-content\/uploads\/2020\/02\/pdf_3.jpg\" alt=\"\" width=\"78\" height=\"85\" \/><\/a><\/td>\n<\/tr>\n<\/tbody>\n<\/table>\n<table>\n<tbody>\n<tr>\n<td style=\"width: 332.15px;\" colspan=\"2\">\n<p style=\"text-align: center;\"><span style=\"font-family: arial black, sans-serif; font-size: 18pt; color: #333399;\">Septiembre<\/span><\/p>\n<\/td>\n<\/tr>\n<tr>\n<td style=\"width: 332.15px;\">&nbsp;<\/p>\n<p><span style=\"font-family: arial, helvetica, sans-serif; font-size: 14pt; color: #333399;\">Secretar\u00eda Ejecutiva de la ICMSJ<\/span><\/td>\n<td style=\"width: 108.05px;\"><a href=\"..\/\/_2020_\/Informacion Publica\/septiembre\/NUM_11_SEP_2020\/NUM11_SEICMSJ SEP 2020.pdf\"><img decoding=\"async\" class=\"alignleft wp-image-3229\" src=\"https:\/\/seij.gob.gt\/udisep\/wp-content\/uploads\/2020\/02\/pdf_3.jpg\" alt=\"\" width=\"78\" height=\"85\" \/><\/a><\/td>\n<\/tr>\n<tr>\n<td style=\"width: 332.15px;\">&nbsp;<\/p>\n<p><span style=\"font-family: arial, helvetica, sans-serif; font-size: 14pt; color: #333399;\">Prevenci\u00f3n de la Violencia y el Delito<\/span><\/td>\n<td style=\"width: 108.05px;\"><a href=\"..\/\/_2020_\/Informacion Publica\/septiembre\/NUM_11_SEP_2020\/NUM11_PREVI SEP2020.pdf\"><img decoding=\"async\" class=\"alignleft wp-image-3229\" src=\"https:\/\/seij.gob.gt\/udisep\/wp-content\/uploads\/2020\/02\/pdf_3.jpg\" alt=\"\" width=\"78\" height=\"85\" \/><\/a><\/td>\n<\/tr>\n<\/tbody>\n<\/table>\n<table>\n<tbody>\n<tr>\n<td style=\"width: 332.15px;\" colspan=\"2\">\n<p style=\"text-align: center;\"><span style=\"font-family: arial black, sans-serif; font-size: 18pt; color: #333399;\">Octubre<\/span><\/p>\n<\/td>\n<\/tr>\n<tr>\n<td style=\"width: 332.15px;\">&nbsp;<\/p>\n<p><span style=\"font-family: arial, helvetica, sans-serif; font-size: 14pt; color: #333399;\">Secretar\u00eda Ejecutiva de la ICMSJ<\/span><\/td>\n<td style=\"width: 108.05px;\"><a href=\"..\/\/_2020_\/Informacion Publica\/octubre\/NUM_11\/NUM11_SEICMSJ OCT 20.pdf\"><img decoding=\"async\" class=\"alignleft wp-image-3229\" src=\"https:\/\/seij.gob.gt\/udisep\/wp-content\/uploads\/2020\/02\/pdf_3.jpg\" alt=\"\" width=\"78\" height=\"85\" \/><\/a><\/td>\n<\/tr>\n<tr>\n<td style=\"width: 332.15px;\">&nbsp;<\/p>\n<p><span style=\"font-family: arial, helvetica, sans-serif; font-size: 14pt; color: #333399;\">Prevenci\u00f3n de la Violencia y el Delito<\/span><\/td>\n<td style=\"width: 108.05px;\"><a href=\"..\/\/_2020_\/Informacion Publica\/octubre\/NUM_11\/NUM11_PREVI OCT 20.pdf\"><img decoding=\"async\" class=\"alignleft wp-image-3229\" src=\"https:\/\/seij.gob.gt\/udisep\/wp-content\/uploads\/2020\/02\/pdf_3.jpg\" alt=\"\" width=\"78\" height=\"85\" \/><\/a><\/td>\n<\/tr>\n<\/tbody>\n<\/table>\n<table>\n<tbody>\n<tr>\n<td style=\"width: 332.15px;\" colspan=\"2\">\n<p style=\"text-align: center;\"><span style=\"font-family: arial black, sans-serif; font-size: 18pt; color: #333399;\">Noviembre<\/span><\/p>\n<\/td>\n<\/tr>\n<tr>\n<td style=\"width: 332.15px;\">&nbsp;<\/p>\n<p><span style=\"font-family: arial, helvetica, sans-serif; font-size: 14pt; color: #333399;\">Secretar\u00eda Ejecutiva de la ICMSJ<\/span><\/td>\n<td style=\"width: 108.05px;\"><a href=\"..\/\/_2020_\/Informacion Publica\/noviembre\/NUM_11\/NUM11_SEICMSJ NOV 20.pdf\"><img decoding=\"async\" class=\"alignleft wp-image-3229\" src=\"https:\/\/seij.gob.gt\/udisep\/wp-content\/uploads\/2020\/02\/pdf_3.jpg\" alt=\"\" width=\"78\" height=\"85\" \/><\/a><\/td>\n<\/tr>\n<tr>\n<td style=\"width: 332.15px;\">&nbsp;<\/p>\n<p><span style=\"font-family: arial, helvetica, sans-serif; font-size: 14pt; color: #333399;\">Prevenci\u00f3n de la Violencia y el Delito<\/span><\/td>\n<td style=\"width: 108.05px;\"><a href=\"..\/\/_2020_\/Informacion Publica\/noviembre\/NUM_11\/NUM11_PREVI NOV 20.pdf\"><img decoding=\"async\" class=\"alignleft wp-image-3229\" src=\"https:\/\/seij.gob.gt\/udisep\/wp-content\/uploads\/2020\/02\/pdf_3.jpg\" alt=\"\" width=\"78\" height=\"85\" \/><\/a><\/td>\n<\/tr>\n<\/tbody>\n<\/table>\n<table>\n<tbody>\n<tr>\n<td style=\"width: 332.15px;\" colspan=\"2\">\n<p style=\"text-align: center;\"><span style=\"font-family: arial black, sans-serif; font-size: 18pt; color: #333399;\">Diciembre<\/span><\/p>\n<\/td>\n<\/tr>\n<tr>\n<td style=\"width: 332.15px;\">&nbsp;<\/p>\n<p><span style=\"font-family: arial, helvetica, sans-serif; font-size: 14pt; color: #333399;\">Secretar\u00eda Ejecutiva de la ICMSJ<\/span><\/td>\n<td style=\"width: 108.05px;\"><a href=\"..\/\/_2020_\/Informacion Publica\/diciembre\/NUM11_2020\/NUM11_SEICMSJ DICIEMBRE 2020.pdf\"><img decoding=\"async\" class=\"alignleft wp-image-3229\" src=\"https:\/\/seij.gob.gt\/udisep\/wp-content\/uploads\/2020\/02\/pdf_3.jpg\" alt=\"\" width=\"78\" height=\"85\" \/><\/a><\/td>\n<\/tr>\n<tr>\n<td style=\"width: 332.15px;\">&nbsp;<\/p>\n<p><span style=\"font-family: arial, helvetica, sans-serif; font-size: 14pt; color: #333399;\">Prevenci\u00f3n de la Violencia y el Delito<\/span><\/td>\n<td style=\"width: 108.05px;\"><a href=\"..\/\/_2020_\/Informacion Publica\/diciembre\/NUM11_2020\/NUM 11_PREVI DICIEMBRE 2020.pdf\"><img decoding=\"async\" class=\"alignleft wp-image-3229\" src=\"https:\/\/seij.gob.gt\/udisep\/wp-content\/uploads\/2020\/02\/pdf_3.jpg\" alt=\"\" width=\"78\" height=\"85\" \/><\/a><\/td>\n<\/tr>\n<\/tbody>\n<\/table>\n<p>&nbsp;<\/p>\n","protected":false},"excerpt":{"rendered":"<p>Contrataciones de bienes y servicios. Enero &nbsp; Secretar\u00eda Ejecutiva de la ICMSJ &nbsp; Prevenci\u00f3n de la Violencia y el Delito Febrero &nbsp; Secretar\u00eda Ejecutiva de la ICMSJ &nbsp; Prevenci\u00f3n de la Violencia y el Delito Marzo &nbsp; Secretar\u00eda Ejecutiva de la ICMSJ &nbsp; Prevenci\u00f3n de la Violencia y el Delito Abril &nbsp; Secretar\u00eda Ejecutiva de [&hellip;]<\/p>\n","protected":false},"author":1,"featured_media":0,"parent":0,"menu_order":0,"comment_status":"closed","ping_status":"closed","template":"","meta":{"_et_pb_use_builder":"","_et_pb_old_content":"","_et_gb_content_width":"","footnotes":""},"class_list":["post-3265","page","type-page","status-publish","hentry"],"nelio_popups_active_popup":"","_links":{"self":[{"href":"https:\/\/seij.gob.gt\/udisep\/wp-json\/wp\/v2\/pages\/3265","targetHints":{"allow":["GET"]}}],"collection":[{"href":"https:\/\/seij.gob.gt\/udisep\/wp-json\/wp\/v2\/pages"}],"about":[{"href":"https:\/\/seij.gob.gt\/udisep\/wp-json\/wp\/v2\/types\/page"}],"author":[{"embeddable":true,"href":"https:\/\/seij.gob.gt\/udisep\/wp-json\/wp\/v2\/users\/1"}],"replies":[{"embeddable":true,"href":"https:\/\/seij.gob.gt\/udisep\/wp-json\/wp\/v2\/comments?post=3265"}],"version-history":[{"count":20,"href":"https:\/\/seij.gob.gt\/udisep\/wp-json\/wp\/v2\/pages\/3265\/revisions"}],"predecessor-version":[{"id":3659,"href":"https:\/\/seij.gob.gt\/udisep\/wp-json\/wp\/v2\/pages\/3265\/revisions\/3659"}],"wp:attachment":[{"href":"https:\/\/seij.gob.gt\/udisep\/wp-json\/wp\/v2\/media?parent=3265"}],"curies":[{"name":"wp","href":"https:\/\/api.w.org\/{rel}","templated":true}]}}