{"id":3270,"date":"2020-02-07T15:24:55","date_gmt":"2020-02-07T15:24:55","guid":{"rendered":"http:\/\/seij.gob.gt\/udisep\/?page_id=3270"},"modified":"2021-01-29T10:40:23","modified_gmt":"2021-01-29T16:40:23","slug":"numeral-12-ano-2020","status":"publish","type":"page","link":"https:\/\/seij.gob.gt\/udisep\/numeral-12-ano-2020\/","title":{"rendered":"Numeral 12 a\u00f1o 2020"},"content":{"rendered":"<p><span style=\"font-size: 18pt; font-family: arial, helvetica, sans-serif; color: #000080;\">Listado de viajes nacionales e internacionales.<\/span><\/p>\n<p>&nbsp;<\/p>\n<table style=\"height: 136px; width: 455px;\" width=\"455\">\n<tbody>\n<tr style=\"height: 58px;\">\n<td style=\"width: 445.8px; text-align: center; height: 58px;\" colspan=\"2\"><span style=\"font-family: arial black, sans-serif; font-size: 18pt; color: #333399;\">Enero<\/span><\/td>\n<\/tr>\n<tr style=\"height: 39px;\">\n<td style=\"width: 332.15px; height: 39px;\">&nbsp;<\/p>\n<p><span style=\"font-family: arial, helvetica, sans-serif; font-size: 14pt; color: #333399;\">Secretar\u00eda Ejecutiva de la ICMSJ<\/span><\/td>\n<td style=\"width: 108.05px; height: 39px;\"><a href=\"..\/\/_2020_\/Informacion Publica\/enero\/NUM12_ENE_2020\/NUM12_SEIJ_ENE2020.pdf\"><img decoding=\"async\" class=\"alignleft wp-image-3229\" src=\"https:\/\/seij.gob.gt\/udisep\/wp-content\/uploads\/2020\/02\/pdf_3.jpg\" alt=\"\" width=\"78\" height=\"85\" \/><\/a><\/td>\n<\/tr>\n<tr style=\"height: 39px;\">\n<td style=\"width: 332.15px; height: 39px;\">&nbsp;<\/p>\n<p><span style=\"font-family: arial, helvetica, sans-serif; font-size: 14pt; color: #333399;\">Prevenci\u00f3n de la Violencia y el Delito<\/span><\/td>\n<td style=\"width: 108.05px; height: 39px;\"><a href=\"..\/\/_2020_\/Informacion Publica\/enero\/NUM12_ENE_2020\/NUM12_PREVI_ENE2020.pdf\"><img decoding=\"async\" class=\"alignleft wp-image-3229\" src=\"https:\/\/seij.gob.gt\/udisep\/wp-content\/uploads\/2020\/02\/pdf_3.jpg\" alt=\"\" width=\"78\" height=\"85\" \/><\/a><\/td>\n<\/tr>\n<\/tbody>\n<\/table>\n<table>\n<tbody>\n<tr style=\"height: 58px;\">\n<td style=\"width: 445.8px; text-align: center; height: 58px;\" colspan=\"2\"><span style=\"font-family: arial black, sans-serif; font-size: 18pt; color: #333399;\">Febrero<\/span><\/td>\n<\/tr>\n<tr style=\"height: 39px;\">\n<td style=\"width: 332.15px; height: 39px;\">&nbsp;<\/p>\n<p><span style=\"font-family: arial, helvetica, sans-serif; font-size: 14pt; color: #333399;\">Secretar\u00eda Ejecutiva de la ICMSJ<\/span><\/td>\n<td style=\"width: 108.05px; height: 39px;\"><a href=\"..\/\/_2020_\/Informacion Publica\/febrero\/NUM12_FEB2020\/NUM12_SEIJ_FEB2020.pdf\"><img decoding=\"async\" class=\"alignleft wp-image-3229\" src=\"https:\/\/seij.gob.gt\/udisep\/wp-content\/uploads\/2020\/02\/pdf_3.jpg\" alt=\"\" width=\"78\" height=\"85\" \/><\/a><\/td>\n<\/tr>\n<tr style=\"height: 39px;\">\n<td style=\"width: 332.15px; height: 39px;\">&nbsp;<\/p>\n<p><span style=\"font-family: arial, helvetica, sans-serif; font-size: 14pt; color: #333399;\">Prevenci\u00f3n de la Violencia y el Delito<\/span><\/td>\n<td style=\"width: 108.05px; height: 39px;\"><a href=\"..\/\/_2020_\/Informacion Publica\/febrero\/NUM12_FEB2020\/NUM12_PREVI_FEB2020.pdf\"><img decoding=\"async\" class=\"alignleft wp-image-3229\" src=\"https:\/\/seij.gob.gt\/udisep\/wp-content\/uploads\/2020\/02\/pdf_3.jpg\" alt=\"\" width=\"78\" height=\"85\" \/><\/a><\/td>\n<\/tr>\n<\/tbody>\n<\/table>\n<table>\n<tbody>\n<tr style=\"height: 58px;\">\n<td style=\"width: 445.8px; text-align: center; height: 58px;\" colspan=\"2\"><span style=\"font-family: arial black, sans-serif; font-size: 18pt; color: #333399;\">Marzo<\/span><\/td>\n<\/tr>\n<tr style=\"height: 39px;\">\n<td style=\"width: 332.15px; height: 39px;\">&nbsp;<\/p>\n<p><span style=\"font-family: arial, helvetica, sans-serif; font-size: 14pt; color: #333399;\">Secretar\u00eda Ejecutiva de la ICMSJ<\/span><\/td>\n<td style=\"width: 108.05px; height: 39px;\"><a href=\"..\/\/_2020_\/Informacion Publica\/marzo\/num12\/NUM12_SEIJ_MAR2020.pdf\"><img decoding=\"async\" class=\"alignleft wp-image-3229\" src=\"https:\/\/seij.gob.gt\/udisep\/wp-content\/uploads\/2020\/02\/pdf_3.jpg\" alt=\"\" width=\"78\" height=\"85\" \/><\/a><\/td>\n<\/tr>\n<tr style=\"height: 39px;\">\n<td style=\"width: 332.15px; height: 39px;\">&nbsp;<\/p>\n<p><span style=\"font-family: arial, helvetica, sans-serif; font-size: 14pt; color: #333399;\">Prevenci\u00f3n de la Violencia y el Delito<\/span><\/td>\n<td style=\"width: 108.05px; height: 39px;\"><a href=\"..\/\/_2020_\/Informacion Publica\/marzo\/num12\/NUM12_PREVI_MAR2020.pdf\"><img decoding=\"async\" class=\"alignleft wp-image-3229\" src=\"https:\/\/seij.gob.gt\/udisep\/wp-content\/uploads\/2020\/02\/pdf_3.jpg\" alt=\"\" width=\"78\" height=\"85\" \/><\/a><\/td>\n<\/tr>\n<\/tbody>\n<\/table>\n<table>\n<tbody>\n<tr style=\"height: 58px;\">\n<td style=\"width: 445.8px; text-align: center; height: 58px;\" colspan=\"2\"><span style=\"font-family: arial black, sans-serif; font-size: 18pt; color: #333399;\">Abril<\/span><\/td>\n<\/tr>\n<tr style=\"height: 39px;\">\n<td style=\"width: 332.15px; height: 39px;\">&nbsp;<\/p>\n<p><span style=\"font-family: arial, helvetica, sans-serif; font-size: 14pt; color: #333399;\">Secretar\u00eda Ejecutiva de la ICMSJ<\/span><\/td>\n<td style=\"width: 108.05px; height: 39px;\"><a href=\"..\/\/_2020_\/Informacion Publica\/abril\/NUM12_ABRIL_2020\/NUM12_SEIJ_ABR2020.pdf\"><img decoding=\"async\" class=\"alignleft wp-image-3229\" src=\"https:\/\/seij.gob.gt\/udisep\/wp-content\/uploads\/2020\/02\/pdf_3.jpg\" alt=\"\" width=\"78\" height=\"85\" \/><\/a><\/td>\n<\/tr>\n<tr style=\"height: 39px;\">\n<td style=\"width: 332.15px; height: 39px;\">&nbsp;<\/p>\n<p><span style=\"font-family: arial, helvetica, sans-serif; font-size: 14pt; color: #333399;\">Prevenci\u00f3n de la Violencia y el Delito<\/span><\/td>\n<td style=\"width: 108.05px; height: 39px;\"><a href=\"..\/\/_2020_\/Informacion Publica\/abril\/NUM12_ABRIL_2020\/NUM12_PREVI_ABR2020.pdf\"><img decoding=\"async\" class=\"alignleft wp-image-3229\" src=\"https:\/\/seij.gob.gt\/udisep\/wp-content\/uploads\/2020\/02\/pdf_3.jpg\" alt=\"\" width=\"78\" height=\"85\" \/><\/a><\/td>\n<\/tr>\n<\/tbody>\n<\/table>\n<table>\n<tbody>\n<tr style=\"height: 58px;\">\n<td style=\"width: 445.8px; text-align: center; height: 58px;\" colspan=\"2\"><span style=\"font-family: arial black, sans-serif; font-size: 18pt; color: #333399;\">Mayo<\/span><\/td>\n<\/tr>\n<tr style=\"height: 39px;\">\n<td style=\"width: 332.15px; height: 39px;\">&nbsp;<\/p>\n<p><span style=\"font-family: arial, helvetica, sans-serif; font-size: 14pt; color: #333399;\">Secretar\u00eda Ejecutiva de la ICMSJ<\/span><\/td>\n<td style=\"width: 108.05px; height: 39px;\"><a href=\"..\/\/_2020_\/Informacion Publica\/mayo\/NUM12_MAY2020\/NUM12_SEIJ_MAY2020.pdf\"><img decoding=\"async\" class=\"alignleft wp-image-3229\" src=\"https:\/\/seij.gob.gt\/udisep\/wp-content\/uploads\/2020\/02\/pdf_3.jpg\" alt=\"\" width=\"78\" height=\"85\" \/><\/a><\/td>\n<\/tr>\n<tr style=\"height: 39px;\">\n<td style=\"width: 332.15px; height: 39px;\">&nbsp;<\/p>\n<p><span style=\"font-family: arial, helvetica, sans-serif; font-size: 14pt; color: #333399;\">Prevenci\u00f3n de la Violencia y el Delito<\/span><\/td>\n<td style=\"width: 108.05px; height: 39px;\"><a href=\"..\/\/_2020_\/Informacion Publica\/mayo\/NUM12_MAY2020\/NUM12_PREVI_MAY2020.pdf\"><img decoding=\"async\" class=\"alignleft wp-image-3229\" src=\"https:\/\/seij.gob.gt\/udisep\/wp-content\/uploads\/2020\/02\/pdf_3.jpg\" alt=\"\" width=\"78\" height=\"85\" \/><\/a><\/td>\n<\/tr>\n<\/tbody>\n<\/table>\n<table>\n<tbody>\n<tr style=\"height: 58px;\">\n<td style=\"width: 445.8px; text-align: center; height: 58px;\" colspan=\"2\"><span style=\"font-family: arial black, sans-serif; font-size: 18pt; color: #333399;\">Junio<\/span><\/td>\n<\/tr>\n<tr style=\"height: 39px;\">\n<td style=\"width: 332.15px; height: 39px;\">&nbsp;<\/p>\n<p><span style=\"font-family: arial, helvetica, sans-serif; font-size: 14pt; color: #333399;\">Secretar\u00eda Ejecutiva de la ICMSJ<\/span><\/td>\n<td style=\"width: 108.05px; height: 39px;\"><a href=\"..\/\/_2020_\/Informacion Publica\/junio\/NUM12_JUN2020\/NUM12_SEIJ_JUN2020.pdf\"><img decoding=\"async\" class=\"alignleft wp-image-3229\" src=\"https:\/\/seij.gob.gt\/udisep\/wp-content\/uploads\/2020\/02\/pdf_3.jpg\" alt=\"\" width=\"78\" height=\"85\" \/><\/a><\/td>\n<\/tr>\n<tr style=\"height: 39px;\">\n<td style=\"width: 332.15px; height: 39px;\">&nbsp;<\/p>\n<p><span style=\"font-family: arial, helvetica, sans-serif; font-size: 14pt; color: #333399;\">Prevenci\u00f3n de la Violencia y el Delito<\/span><\/td>\n<td style=\"width: 108.05px; height: 39px;\"><a href=\"..\/\/_2020_\/Informacion Publica\/junio\/NUM12_JUN2020\/NUM12_PREVI_JUN2020.pdf\"><img decoding=\"async\" class=\"alignleft wp-image-3229\" src=\"https:\/\/seij.gob.gt\/udisep\/wp-content\/uploads\/2020\/02\/pdf_3.jpg\" alt=\"\" width=\"78\" height=\"85\" \/><\/a><\/td>\n<\/tr>\n<\/tbody>\n<\/table>\n<table>\n<tbody>\n<tr style=\"height: 58px;\">\n<td style=\"width: 445.8px; text-align: center; height: 58px;\" colspan=\"2\"><span style=\"font-family: arial black, sans-serif; font-size: 18pt; color: #333399;\">Julio<\/span><\/td>\n<\/tr>\n<tr style=\"height: 39px;\">\n<td style=\"width: 332.15px; height: 39px;\">&nbsp;<\/p>\n<p><span style=\"font-family: arial, helvetica, sans-serif; font-size: 14pt; color: #333399;\">Secretar\u00eda Ejecutiva de la ICMSJ<\/span><\/td>\n<td style=\"width: 108.05px; height: 39px;\"><a href=\"..\/\/_2020_\/Informacion Publica\/julio\/NUM12_JUL_2020\/NUM12_SEIJ_JUL_2020.pdf\"><img decoding=\"async\" class=\"alignleft wp-image-3229\" src=\"https:\/\/seij.gob.gt\/udisep\/wp-content\/uploads\/2020\/02\/pdf_3.jpg\" alt=\"\" width=\"78\" height=\"85\" \/><\/a><\/td>\n<\/tr>\n<tr style=\"height: 39px;\">\n<td style=\"width: 332.15px; height: 39px;\">&nbsp;<\/p>\n<p><span style=\"font-family: arial, helvetica, sans-serif; font-size: 14pt; color: #333399;\">Prevenci\u00f3n de la Violencia y el Delito<\/span><\/td>\n<td style=\"width: 108.05px; height: 39px;\"><a href=\"..\/\/_2020_\/Informacion Publica\/julio\/NUM12_JUL_2020\/NUM12_PREVI_JUL_2020.pdf\"><img decoding=\"async\" class=\"alignleft wp-image-3229\" src=\"https:\/\/seij.gob.gt\/udisep\/wp-content\/uploads\/2020\/02\/pdf_3.jpg\" alt=\"\" width=\"78\" height=\"85\" \/><\/a><\/td>\n<\/tr>\n<\/tbody>\n<\/table>\n<table>\n<tbody>\n<tr style=\"height: 58px;\">\n<td style=\"width: 445.8px; text-align: center; height: 58px;\" colspan=\"2\"><span style=\"font-family: arial black, sans-serif; font-size: 18pt; color: #333399;\">Agosto<\/span><\/td>\n<\/tr>\n<tr style=\"height: 39px;\">\n<td style=\"width: 332.15px; height: 39px;\">&nbsp;<\/p>\n<p><span style=\"font-family: arial, helvetica, sans-serif; font-size: 14pt; color: #333399;\">Secretar\u00eda Ejecutiva de la ICMSJ<\/span><\/td>\n<td style=\"width: 108.05px; height: 39px;\"><a href=\"..\/\/_2020_\/Informacion Publica\/agosto\/NUM12_AGOSTO_2020\/NUMERAL 12 SEIJ AGOSTO 2020.pdf\"><img decoding=\"async\" class=\"alignleft wp-image-3229\" src=\"https:\/\/seij.gob.gt\/udisep\/wp-content\/uploads\/2020\/02\/pdf_3.jpg\" alt=\"\" width=\"78\" height=\"85\" \/><\/a><\/td>\n<\/tr>\n<tr style=\"height: 39px;\">\n<td style=\"width: 332.15px; height: 39px;\">&nbsp;<\/p>\n<p><span style=\"font-family: arial, helvetica, sans-serif; font-size: 14pt; color: #333399;\">Prevenci\u00f3n de la Violencia y el Delito<\/span><\/td>\n<td style=\"width: 108.05px; height: 39px;\"><a href=\"..\/\/_2020_\/Informacion Publica\/agosto\/NUM12_AGOSTO_2020\/NUM12_PREVI_AGOS_2020.pdf\"><img decoding=\"async\" class=\"alignleft wp-image-3229\" src=\"https:\/\/seij.gob.gt\/udisep\/wp-content\/uploads\/2020\/02\/pdf_3.jpg\" alt=\"\" width=\"78\" height=\"85\" \/><\/a><\/td>\n<\/tr>\n<\/tbody>\n<\/table>\n<table>\n<tbody>\n<tr style=\"height: 58px;\">\n<td style=\"width: 445.8px; text-align: center; height: 58px;\" colspan=\"2\"><span style=\"font-family: arial black, sans-serif; font-size: 18pt; color: #333399;\">Septiembre<\/span><\/td>\n<\/tr>\n<tr style=\"height: 39px;\">\n<td style=\"width: 332.15px; height: 39px;\">&nbsp;<\/p>\n<p><span style=\"font-family: arial, helvetica, sans-serif; font-size: 14pt; color: #333399;\">Secretar\u00eda Ejecutiva de la ICMSJ<\/span><\/td>\n<td style=\"width: 108.05px; height: 39px;\"><a href=\"..\/\/_2020_\/Informacion Publica\/septiembre\/NUM_12_SEP_2020\/NUM12_SEICMSJ SEP 2020.pdf\"><img decoding=\"async\" class=\"alignleft wp-image-3229\" src=\"https:\/\/seij.gob.gt\/udisep\/wp-content\/uploads\/2020\/02\/pdf_3.jpg\" alt=\"\" width=\"78\" height=\"85\" \/><\/a><\/td>\n<\/tr>\n<tr style=\"height: 39px;\">\n<td style=\"width: 332.15px; height: 39px;\">&nbsp;<\/p>\n<p><span style=\"font-family: arial, helvetica, sans-serif; font-size: 14pt; color: #333399;\">Prevenci\u00f3n de la Violencia y el Delito<\/span><\/td>\n<td style=\"width: 108.05px; height: 39px;\"><a href=\"..\/\/_2020_\/Informacion Publica\/septiembre\/NUM_12_SEP_2020\/NUM12_PREVI SEP 2020.pdf\"><img decoding=\"async\" class=\"alignleft wp-image-3229\" src=\"https:\/\/seij.gob.gt\/udisep\/wp-content\/uploads\/2020\/02\/pdf_3.jpg\" alt=\"\" width=\"78\" height=\"85\" \/><\/a><\/td>\n<\/tr>\n<\/tbody>\n<\/table>\n<table>\n<tbody>\n<tr style=\"height: 58px;\">\n<td style=\"width: 445.8px; text-align: center; height: 58px;\" colspan=\"2\"><span style=\"font-family: arial black, sans-serif; font-size: 18pt; color: #333399;\">Octubre<\/span><\/td>\n<\/tr>\n<tr style=\"height: 39px;\">\n<td style=\"width: 332.15px; height: 39px;\">&nbsp;<\/p>\n<p><span style=\"font-family: arial, helvetica, sans-serif; font-size: 14pt; color: #333399;\">Secretar\u00eda Ejecutiva de la ICMSJ<\/span><\/td>\n<td style=\"width: 108.05px; height: 39px;\"><a href=\"..\/\/_2020_\/Informacion Publica\/octubre\/NUM_12\/NUM12_SEICMSJ OCT 20.pdf\"><img decoding=\"async\" class=\"alignleft wp-image-3229\" src=\"https:\/\/seij.gob.gt\/udisep\/wp-content\/uploads\/2020\/02\/pdf_3.jpg\" alt=\"\" width=\"78\" height=\"85\" \/><\/a><\/td>\n<\/tr>\n<tr style=\"height: 39px;\">\n<td style=\"width: 332.15px; height: 39px;\">&nbsp;<\/p>\n<p><span style=\"font-family: arial, helvetica, sans-serif; font-size: 14pt; color: #333399;\">Prevenci\u00f3n de la Violencia y el Delito<\/span><\/td>\n<td style=\"width: 108.05px; height: 39px;\"><a href=\"..\/\/_2020_\/Informacion Publica\/octubre\/NUM_12\/NUM12_PREVI OCT 20_1.pdf\"><img decoding=\"async\" class=\"alignleft wp-image-3229\" src=\"https:\/\/seij.gob.gt\/udisep\/wp-content\/uploads\/2020\/02\/pdf_3.jpg\" alt=\"\" width=\"78\" height=\"85\" \/><\/a><\/td>\n<\/tr>\n<\/tbody>\n<\/table>\n<table>\n<tbody>\n<tr style=\"height: 58px;\">\n<td style=\"width: 445.8px; text-align: center; height: 58px;\" colspan=\"2\"><span style=\"font-family: arial black, sans-serif; font-size: 18pt; color: #333399;\">Noviembre<\/span><\/td>\n<\/tr>\n<tr style=\"height: 39px;\">\n<td style=\"width: 332.15px; height: 39px;\">&nbsp;<\/p>\n<p><span style=\"font-family: arial, helvetica, sans-serif; font-size: 14pt; color: #333399;\">Secretar\u00eda Ejecutiva de la ICMSJ<\/span><\/td>\n<td style=\"width: 108.05px; height: 39px;\"><a href=\"..\/\/_2020_\/Informacion Publica\/noviembre\/NUM_12\/NUM12_SEICMSJ NOV 20.pdf\"><img decoding=\"async\" class=\"alignleft wp-image-3229\" src=\"https:\/\/seij.gob.gt\/udisep\/wp-content\/uploads\/2020\/02\/pdf_3.jpg\" alt=\"\" width=\"78\" height=\"85\" \/><\/a><\/td>\n<\/tr>\n<tr style=\"height: 39px;\">\n<td style=\"width: 332.15px; height: 39px;\">&nbsp;<\/p>\n<p><span style=\"font-family: arial, helvetica, sans-serif; font-size: 14pt; color: #333399;\">Prevenci\u00f3n de la Violencia y el Delito<\/span><\/td>\n<td style=\"width: 108.05px; height: 39px;\"><a href=\"..\/\/_2020_\/Informacion Publica\/noviembre\/NUM_12\/NUM12_PREVI NOV 20.pdf\"><img decoding=\"async\" class=\"alignleft wp-image-3229\" src=\"https:\/\/seij.gob.gt\/udisep\/wp-content\/uploads\/2020\/02\/pdf_3.jpg\" alt=\"\" width=\"78\" height=\"85\" \/><\/a><\/td>\n<\/tr>\n<\/tbody>\n<\/table>\n<table>\n<tbody>\n<tr style=\"height: 58px;\">\n<td style=\"width: 445.8px; text-align: center; height: 58px;\" colspan=\"2\"><span style=\"font-family: arial black, sans-serif; font-size: 18pt; color: #333399;\">Diciembre<\/span><\/td>\n<\/tr>\n<tr style=\"height: 39px;\">\n<td style=\"width: 332.15px; height: 39px;\">&nbsp;<\/p>\n<p><span style=\"font-family: arial, helvetica, sans-serif; font-size: 14pt; color: #333399;\">Secretar\u00eda Ejecutiva de la ICMSJ<\/span><\/td>\n<td style=\"width: 108.05px; height: 39px;\"><a href=\"..\/\/_2020_\/Informacion Publica\/diciembre\/NUM12_2020\/NUM12_SEIJ_DIC2020.pdf\"><img decoding=\"async\" class=\"alignleft wp-image-3229\" src=\"https:\/\/seij.gob.gt\/udisep\/wp-content\/uploads\/2020\/02\/pdf_3.jpg\" alt=\"\" width=\"78\" height=\"85\" \/><\/a><\/td>\n<\/tr>\n<tr style=\"height: 39px;\">\n<td style=\"width: 332.15px; height: 39px;\">&nbsp;<\/p>\n<p><span style=\"font-family: arial, helvetica, sans-serif; font-size: 14pt; color: #333399;\">Prevenci\u00f3n de la Violencia y el Delito<\/span><\/td>\n<td style=\"width: 108.05px; height: 39px;\"><a href=\"..\/\/_2020_\/Informacion Publica\/diciembre\/NUM12_2020\/NUM 12_PREVI DICIEMBRE 2020.pdf\"><img decoding=\"async\" class=\"alignleft wp-image-3229\" src=\"https:\/\/seij.gob.gt\/udisep\/wp-content\/uploads\/2020\/02\/pdf_3.jpg\" alt=\"\" width=\"78\" height=\"85\" \/><\/a><\/td>\n<\/tr>\n<\/tbody>\n<\/table>\n<p>&nbsp;<\/p>\n","protected":false},"excerpt":{"rendered":"<p>Listado de viajes nacionales e internacionales. &nbsp; Enero &nbsp; Secretar\u00eda Ejecutiva de la ICMSJ &nbsp; Prevenci\u00f3n de la Violencia y el Delito Febrero &nbsp; Secretar\u00eda Ejecutiva de la ICMSJ &nbsp; Prevenci\u00f3n de la Violencia y el Delito Marzo &nbsp; Secretar\u00eda Ejecutiva de la ICMSJ &nbsp; Prevenci\u00f3n de la Violencia y el Delito Abril &nbsp; Secretar\u00eda [&hellip;]<\/p>\n","protected":false},"author":1,"featured_media":0,"parent":0,"menu_order":0,"comment_status":"closed","ping_status":"closed","template":"","meta":{"_et_pb_use_builder":"","_et_pb_old_content":"","_et_gb_content_width":"","footnotes":""},"class_list":["post-3270","page","type-page","status-publish","hentry"],"nelio_popups_active_popup":"","_links":{"self":[{"href":"https:\/\/seij.gob.gt\/udisep\/wp-json\/wp\/v2\/pages\/3270","targetHints":{"allow":["GET"]}}],"collection":[{"href":"https:\/\/seij.gob.gt\/udisep\/wp-json\/wp\/v2\/pages"}],"about":[{"href":"https:\/\/seij.gob.gt\/udisep\/wp-json\/wp\/v2\/types\/page"}],"author":[{"embeddable":true,"href":"https:\/\/seij.gob.gt\/udisep\/wp-json\/wp\/v2\/users\/1"}],"replies":[{"embeddable":true,"href":"https:\/\/seij.gob.gt\/udisep\/wp-json\/wp\/v2\/comments?post=3270"}],"version-history":[{"count":20,"href":"https:\/\/seij.gob.gt\/udisep\/wp-json\/wp\/v2\/pages\/3270\/revisions"}],"predecessor-version":[{"id":3771,"href":"https:\/\/seij.gob.gt\/udisep\/wp-json\/wp\/v2\/pages\/3270\/revisions\/3771"}],"wp:attachment":[{"href":"https:\/\/seij.gob.gt\/udisep\/wp-json\/wp\/v2\/media?parent=3270"}],"curies":[{"name":"wp","href":"https:\/\/api.w.org\/{rel}","templated":true}]}}