{"id":3297,"date":"2020-02-07T16:04:40","date_gmt":"2020-02-07T16:04:40","guid":{"rendered":"http:\/\/seij.gob.gt\/udisep\/?page_id=3297"},"modified":"2021-01-11T08:59:32","modified_gmt":"2021-01-11T14:59:32","slug":"numeral-20-ano-2020","status":"publish","type":"page","link":"https:\/\/seij.gob.gt\/udisep\/numeral-20-ano-2020\/","title":{"rendered":"Numeral 20 a\u00f1o 2020"},"content":{"rendered":"<h1><span style=\"font-family: arial, helvetica, sans-serif; color: #333399;\">Procesos de cotizaci\u00f3n y licitaci\u00f3n y sus contratos respectivos<\/span><\/h1>\n<table style=\"height: 136px; width: 430px;\" width=\"455\">\n<tbody>\n<tr style=\"height: 58px;\">\n<td style=\"width: 420.8px; text-align: center; height: 58px;\" colspan=\"2\"><span style=\"font-family: arial black, sans-serif; font-size: 18pt; color: #333399;\">Enero<\/span><\/td>\n<\/tr>\n<tr style=\"height: 39px;\">\n<td style=\"width: 320.983px; height: 39px;\">&nbsp;<\/p>\n<p><span style=\"font-family: arial, helvetica, sans-serif; font-size: 14pt; color: #333399;\">Secretar\u00eda Ejecutiva de la ICMSJ<\/span><\/td>\n<td style=\"width: 94.2167px; height: 39px;\"><a href=\"..\/\/_2020_\/Informacion Publica\/enero\/NUM20_ENE_2020\/NUM20_SEIJ_ENE2020.pdf\"><img decoding=\"async\" class=\"alignleft wp-image-3229\" src=\"https:\/\/seij.gob.gt\/udisep\/wp-content\/uploads\/2020\/02\/pdf_3.jpg\" alt=\"\" width=\"78\" height=\"85\" \/><\/a><\/td>\n<\/tr>\n<tr style=\"height: 39px;\">\n<td style=\"width: 320.983px; height: 39px;\">&nbsp;<\/p>\n<p><span style=\"font-family: arial, helvetica, sans-serif; font-size: 14pt; color: #333399;\">Prevenci\u00f3n de la Violencia y el Delito<\/span><\/td>\n<td style=\"width: 94.2167px; height: 39px;\"><a href=\"..\/\/_2020_\/Informacion Publica\/enero\/NUM20_ENE_2020\/NUM20_PREVI_ENE2020.pdf\"><img decoding=\"async\" class=\"alignleft wp-image-3229\" src=\"https:\/\/seij.gob.gt\/udisep\/wp-content\/uploads\/2020\/02\/pdf_3.jpg\" alt=\"\" width=\"78\" height=\"85\" \/><\/a><\/td>\n<\/tr>\n<\/tbody>\n<\/table>\n<table>\n<tbody>\n<tr style=\"height: 58px;\">\n<td style=\"width: 420.8px; text-align: center; height: 58px;\" colspan=\"2\"><span style=\"font-family: arial black, sans-serif; font-size: 18pt; color: #333399;\">Febrero<\/span><\/td>\n<\/tr>\n<tr style=\"height: 39px;\">\n<td style=\"width: 320.983px; height: 39px;\">&nbsp;<\/p>\n<p><span style=\"font-family: arial, helvetica, sans-serif; font-size: 14pt; color: #333399;\">Secretar\u00eda Ejecutiva de la ICMSJ<\/span><\/td>\n<td style=\"width: 94.2167px; height: 39px;\"><a href=\"..\/\/_2020_\/Informacion Publica\/febrero\/NUM20_FEB2020\/NUM20_SEIJ_FEB2020.pdf\"><img decoding=\"async\" class=\"alignleft wp-image-3229\" src=\"https:\/\/seij.gob.gt\/udisep\/wp-content\/uploads\/2020\/02\/pdf_3.jpg\" alt=\"\" width=\"78\" height=\"85\" \/><\/a><\/td>\n<\/tr>\n<tr style=\"height: 39px;\">\n<td style=\"width: 320.983px; height: 39px;\">&nbsp;<\/p>\n<p><span style=\"font-family: arial, helvetica, sans-serif; font-size: 14pt; color: #333399;\">Prevenci\u00f3n de la Violencia y el Delito<\/span><\/td>\n<td style=\"width: 94.2167px; height: 39px;\"><a href=\"..\/\/_2020_\/Informacion Publica\/febrero\/NUM20_FEB2020\/NUM20_PREVI_FEB2020.pdf\"><img decoding=\"async\" class=\"alignleft wp-image-3229\" src=\"https:\/\/seij.gob.gt\/udisep\/wp-content\/uploads\/2020\/02\/pdf_3.jpg\" alt=\"\" width=\"78\" height=\"85\" \/><\/a><\/td>\n<\/tr>\n<\/tbody>\n<\/table>\n<table style=\"height: 256px;\" width=\"433\">\n<tbody>\n<tr>\n<td style=\"text-align: center; width: 423px;\" colspan=\"2\"><span style=\"font-family: arial black, sans-serif; color: #333399; font-size: 18pt;\">Marzo<\/span><\/td>\n<\/tr>\n<tr>\n<td style=\"width: 320.767px;\">&nbsp;<\/p>\n<p><span style=\"font-family: arial, helvetica, sans-serif; font-size: 14pt; color: #333399;\">Secretar\u00eda Ejecutiva de la ICMSJ<\/span><\/td>\n<td style=\"width: 96.2333px;\"><a href=\"..\/\/_2020_\/Informacion Publica\/marzo\/NUM20\/NUM20_SEIJ_MAR2020.pdf\"><img decoding=\"async\" class=\"alignleft wp-image-3229\" src=\"https:\/\/seij.gob.gt\/udisep\/wp-content\/uploads\/2020\/02\/pdf_3.jpg\" alt=\"\" width=\"78\" height=\"85\" \/><\/a><\/td>\n<\/tr>\n<tr>\n<td style=\"width: 320.767px;\">&nbsp;<\/p>\n<p><span style=\"font-family: arial, helvetica, sans-serif; font-size: 14pt; color: #333399;\">Prevenci\u00f3n de la Violencia y el Delito<\/span><\/td>\n<td style=\"width: 96.2333px;\"><a href=\"..\/\/_2020_\/Informacion Publica\/marzo\/NUM20\/NUM20_PREVI_MAR2020.pdf\"><img decoding=\"async\" class=\"alignleft wp-image-3229\" src=\"https:\/\/seij.gob.gt\/udisep\/wp-content\/uploads\/2020\/02\/pdf_3.jpg\" alt=\"\" width=\"78\" height=\"85\" \/><\/a><\/td>\n<\/tr>\n<\/tbody>\n<\/table>\n<table>\n<tbody>\n<tr>\n<td style=\"text-align: center; width: 423px;\" colspan=\"2\"><span style=\"font-family: arial black, sans-serif; color: #333399; font-size: 18pt;\">Abril<\/span><\/td>\n<\/tr>\n<tr>\n<td style=\"width: 320.767px;\">&nbsp;<\/p>\n<p><span style=\"font-family: arial, helvetica, sans-serif; font-size: 14pt; color: #333399;\">Secretar\u00eda Ejecutiva de la ICMSJ<\/span><\/td>\n<td style=\"width: 96.2333px;\"><a href=\"..\/\/_2020_\/Informacion Publica\/abril\/num20\/NUM20_SEIJ_ABR2020.pdf\"><img decoding=\"async\" class=\"alignleft wp-image-3229\" src=\"https:\/\/seij.gob.gt\/udisep\/wp-content\/uploads\/2020\/02\/pdf_3.jpg\" alt=\"\" width=\"78\" height=\"85\" \/><\/a><\/td>\n<\/tr>\n<tr>\n<td style=\"width: 320.767px;\">&nbsp;<\/p>\n<p><span style=\"font-family: arial, helvetica, sans-serif; font-size: 14pt; color: #333399;\">Prevenci\u00f3n de la Violencia y el Delito<\/span><\/td>\n<td style=\"width: 96.2333px;\"><img decoding=\"async\" class=\"alignleft wp-image-3229\" src=\"https:\/\/seij.gob.gt\/udisep\/wp-content\/uploads\/2020\/02\/pdf_3.jpg\" alt=\"\" width=\"78\" height=\"85\" \/><\/td>\n<\/tr>\n<\/tbody>\n<\/table>\n<table>\n<tbody>\n<tr>\n<td style=\"text-align: center; width: 423px;\" colspan=\"2\"><span style=\"font-family: arial black, sans-serif; color: #333399; font-size: 18pt;\">Mayo<\/span><\/td>\n<\/tr>\n<tr>\n<td style=\"width: 320.767px;\">&nbsp;<\/p>\n<p><span style=\"font-family: arial, helvetica, sans-serif; font-size: 14pt; color: #333399;\">Secretar\u00eda Ejecutiva de la ICMSJ<\/span><\/td>\n<td style=\"width: 96.2333px;\"><a href=\"..\/\/_2020_\/Informacion Publica\/mayo\/NUM20_MAY2020\/NUM20_SEIJ_MAY2020.pdf\"><img decoding=\"async\" class=\"alignleft wp-image-3229\" src=\"https:\/\/seij.gob.gt\/udisep\/wp-content\/uploads\/2020\/02\/pdf_3.jpg\" alt=\"\" width=\"78\" height=\"85\" \/><\/a><\/td>\n<\/tr>\n<tr>\n<td style=\"width: 320.767px;\">&nbsp;<\/p>\n<p><span style=\"font-family: arial, helvetica, sans-serif; font-size: 14pt; color: #333399;\">Prevenci\u00f3n de la Violencia y el Delito<\/span><\/td>\n<td style=\"width: 96.2333px;\"><a href=\"..\/\/_2020_\/Informacion Publica\/mayo\/NUM20_MAY2020\/NUM20_PREVI_MAY2020.pdf\"><img decoding=\"async\" class=\"alignleft wp-image-3229\" src=\"https:\/\/seij.gob.gt\/udisep\/wp-content\/uploads\/2020\/02\/pdf_3.jpg\" alt=\"\" width=\"78\" height=\"85\" \/><\/a><\/td>\n<\/tr>\n<\/tbody>\n<\/table>\n<table>\n<tbody>\n<tr>\n<td style=\"text-align: center; width: 423px;\" colspan=\"2\"><span style=\"font-family: arial black, sans-serif; color: #333399; font-size: 18pt;\">Junio<\/span><\/td>\n<\/tr>\n<tr>\n<td style=\"width: 320.767px;\">&nbsp;<\/p>\n<p><span style=\"font-family: arial, helvetica, sans-serif; font-size: 14pt; color: #333399;\">Secretar\u00eda Ejecutiva de la ICMSJ<\/span><\/td>\n<td style=\"width: 96.2333px;\"><a href=\"..\/\/_2020_\/Informacion Publica\/junio\/NUM20_JUN2020\/NUM20_SEIJ_JUN2020.pdf\"><img decoding=\"async\" class=\"alignleft wp-image-3229\" src=\"https:\/\/seij.gob.gt\/udisep\/wp-content\/uploads\/2020\/02\/pdf_3.jpg\" alt=\"\" width=\"78\" height=\"85\" \/><\/a><\/td>\n<\/tr>\n<tr>\n<td style=\"width: 320.767px;\">&nbsp;<\/p>\n<p><span style=\"font-family: arial, helvetica, sans-serif; font-size: 14pt; color: #333399;\">Prevenci\u00f3n de la Violencia y el Delito<\/span><\/td>\n<td style=\"width: 96.2333px;\"><a href=\"..\/\/_2020_\/Informacion Publica\/junio\/NUM20_JUN2020\/NUM20_PREVI_JUN2020.pdf\"><img decoding=\"async\" class=\"alignleft wp-image-3229\" src=\"https:\/\/seij.gob.gt\/udisep\/wp-content\/uploads\/2020\/02\/pdf_3.jpg\" alt=\"\" width=\"78\" height=\"85\" \/><\/a><\/td>\n<\/tr>\n<\/tbody>\n<\/table>\n<table>\n<tbody>\n<tr>\n<td style=\"text-align: center; width: 423px;\" colspan=\"2\"><span style=\"font-family: arial black, sans-serif; color: #333399; font-size: 18pt;\">Julio<\/span><\/td>\n<\/tr>\n<tr>\n<td style=\"width: 320.767px;\">&nbsp;<\/p>\n<p><span style=\"font-family: arial, helvetica, sans-serif; font-size: 14pt; color: #333399;\">Secretar\u00eda Ejecutiva de la ICMSJ<\/span><\/td>\n<td style=\"width: 96.2333px;\"><a href=\"..\/\/_2020_\/Informacion Publica\/julio\/NUM20_JUL_2020\/NUM20_SEIJ_JUL2020.pdf\"><img decoding=\"async\" class=\"alignleft wp-image-3229\" src=\"https:\/\/seij.gob.gt\/udisep\/wp-content\/uploads\/2020\/02\/pdf_3.jpg\" alt=\"\" width=\"78\" height=\"85\" \/><\/a><\/td>\n<\/tr>\n<tr>\n<td style=\"width: 320.767px;\">&nbsp;<\/p>\n<p><span style=\"font-family: arial, helvetica, sans-serif; font-size: 14pt; color: #333399;\">Prevenci\u00f3n de la Violencia y el Delito<\/span><\/td>\n<td style=\"width: 96.2333px;\"><a href=\"..\/\/_2020_\/Informacion Publica\/julio\/NUM20_JUL_2020\/NUM20_PREVI_JUL_2020.pdf\"><img decoding=\"async\" class=\"alignleft wp-image-3229\" src=\"https:\/\/seij.gob.gt\/udisep\/wp-content\/uploads\/2020\/02\/pdf_3.jpg\" alt=\"\" width=\"78\" height=\"85\" \/><\/a><\/td>\n<\/tr>\n<\/tbody>\n<\/table>\n<table>\n<tbody>\n<tr>\n<td style=\"text-align: center; width: 423px;\" colspan=\"2\"><span style=\"font-family: arial black, sans-serif; color: #333399; font-size: 18pt;\">Agosto<\/span><\/td>\n<\/tr>\n<tr>\n<td style=\"width: 320.767px;\">&nbsp;<\/p>\n<p><span style=\"font-family: arial, helvetica, sans-serif; font-size: 14pt; color: #333399;\">Secretar\u00eda Ejecutiva de la ICMSJ<\/span><\/td>\n<td style=\"width: 96.2333px;\"><a href=\"..\/\/_2020_\/Informacion Publica\/agosto\/NUM20_AGOSTO_2020\/NUM20_SEIJ_AGOS_2020.pdf\"><img decoding=\"async\" class=\"alignleft wp-image-3229\" src=\"https:\/\/seij.gob.gt\/udisep\/wp-content\/uploads\/2020\/02\/pdf_3.jpg\" alt=\"\" width=\"78\" height=\"85\" \/><\/a><\/td>\n<\/tr>\n<tr>\n<td style=\"width: 320.767px;\">&nbsp;<\/p>\n<p><span style=\"font-family: arial, helvetica, sans-serif; font-size: 14pt; color: #333399;\">Prevenci\u00f3n de la Violencia y el Delito<\/span><\/td>\n<td style=\"width: 96.2333px;\"><a href=\"..\/\/_2020_\/Informacion Publica\/agosto\/NUM20_AGOSTO_2020\/NUM20_PREVI_AGOS_2020.pdf\"><img decoding=\"async\" class=\"alignleft wp-image-3229\" src=\"https:\/\/seij.gob.gt\/udisep\/wp-content\/uploads\/2020\/02\/pdf_3.jpg\" alt=\"\" width=\"78\" height=\"85\" \/><\/a><\/td>\n<\/tr>\n<\/tbody>\n<\/table>\n<table>\n<tbody>\n<tr>\n<td style=\"text-align: center; width: 423px;\" colspan=\"2\"><span style=\"font-family: arial black, sans-serif; color: #333399; font-size: 18pt;\">Septiembre<\/span><\/td>\n<\/tr>\n<tr>\n<td style=\"width: 320.767px;\">&nbsp;<\/p>\n<p><span style=\"font-family: arial, helvetica, sans-serif; font-size: 14pt; color: #333399;\">Secretar\u00eda Ejecutiva de la ICMSJ<\/span><\/td>\n<td style=\"width: 96.2333px;\"><a href=\"..\/\/_2020_\/Informacion Publica\/septiembre\/NUM_20_SEP_2020\/NUM20_SEICMSJ SEP 2020.pdf\"><img decoding=\"async\" class=\"alignleft wp-image-3229\" src=\"https:\/\/seij.gob.gt\/udisep\/wp-content\/uploads\/2020\/02\/pdf_3.jpg\" alt=\"\" width=\"78\" height=\"85\" \/><\/a><\/td>\n<\/tr>\n<tr>\n<td style=\"width: 320.767px;\">&nbsp;<\/p>\n<p><span style=\"font-family: arial, helvetica, sans-serif; font-size: 14pt; color: #333399;\">Prevenci\u00f3n de la Violencia y el Delito<\/span><\/td>\n<td style=\"width: 96.2333px;\"><a href=\"..\/\/_2020_\/Informacion Publica\/septiembre\/NUM_20_SEP_2020\/NUM20_PREVI SEP2020.pdf\"><img decoding=\"async\" class=\"alignleft wp-image-3229\" src=\"https:\/\/seij.gob.gt\/udisep\/wp-content\/uploads\/2020\/02\/pdf_3.jpg\" alt=\"\" width=\"78\" height=\"85\" \/><\/a><\/td>\n<\/tr>\n<\/tbody>\n<\/table>\n<table>\n<tbody>\n<tr>\n<td style=\"text-align: center; width: 423px;\" colspan=\"2\"><span style=\"font-family: arial black, sans-serif; color: #333399; font-size: 18pt;\">Octubre<\/span><\/td>\n<\/tr>\n<tr>\n<td style=\"width: 320.767px;\">&nbsp;<\/p>\n<p><span style=\"font-family: arial, helvetica, sans-serif; font-size: 14pt; color: #333399;\">Secretar\u00eda Ejecutiva de la ICMSJ<\/span><\/td>\n<td style=\"width: 96.2333px;\"><a href=\"..\/\/_2020_\/Informacion Publica\/octubre\/NUM_20\/NUM20_SEICMSJ OCT 20.pdf\"><img decoding=\"async\" class=\"alignleft wp-image-3229\" src=\"https:\/\/seij.gob.gt\/udisep\/wp-content\/uploads\/2020\/02\/pdf_3.jpg\" alt=\"\" width=\"78\" height=\"85\" \/><\/a><\/td>\n<\/tr>\n<tr>\n<td style=\"width: 320.767px;\">&nbsp;<\/p>\n<p><span style=\"font-family: arial, helvetica, sans-serif; font-size: 14pt; color: #333399;\">Prevenci\u00f3n de la Violencia y el Delito<\/span><\/td>\n<td style=\"width: 96.2333px;\"><a href=\"..\/\/_2020_\/Informacion Publica\/octubre\/NUM_20\/NUM20_PREVI OCT 20.pdf\"><img decoding=\"async\" class=\"alignleft wp-image-3229\" src=\"https:\/\/seij.gob.gt\/udisep\/wp-content\/uploads\/2020\/02\/pdf_3.jpg\" alt=\"\" width=\"78\" height=\"85\" \/><\/a><\/td>\n<\/tr>\n<\/tbody>\n<\/table>\n<table>\n<tbody>\n<tr>\n<td style=\"text-align: center; width: 423px;\" colspan=\"2\"><span style=\"font-family: arial black, sans-serif; color: #333399; font-size: 18pt;\">Noviembre<\/span><\/td>\n<\/tr>\n<tr>\n<td style=\"width: 320.767px;\">&nbsp;<\/p>\n<p><span style=\"font-family: arial, helvetica, sans-serif; font-size: 14pt; color: #333399;\">Secretar\u00eda Ejecutiva de la ICMSJ<\/span><\/td>\n<td style=\"width: 96.2333px;\"><a href=\"..\/\/_2020_\/Informacion Publica\/noviembre\/NUM_20\/NUM20_SEICMSJ NOV 20.pdf\"><img decoding=\"async\" class=\"alignleft wp-image-3229\" src=\"https:\/\/seij.gob.gt\/udisep\/wp-content\/uploads\/2020\/02\/pdf_3.jpg\" alt=\"\" width=\"78\" height=\"85\" \/><\/a><\/td>\n<\/tr>\n<tr>\n<td style=\"width: 320.767px;\">&nbsp;<\/p>\n<p><span style=\"font-family: arial, helvetica, sans-serif; font-size: 14pt; color: #333399;\">Prevenci\u00f3n de la Violencia y el Delito<\/span><\/td>\n<td style=\"width: 96.2333px;\"><a href=\"..\/\/_2020_\/Informacion Publica\/noviembre\/NUM_20\/NUM20_PREVI NOV 20.pdf\"><img decoding=\"async\" class=\"alignleft wp-image-3229\" src=\"https:\/\/seij.gob.gt\/udisep\/wp-content\/uploads\/2020\/02\/pdf_3.jpg\" alt=\"\" width=\"78\" height=\"85\" \/><\/a><\/td>\n<\/tr>\n<\/tbody>\n<\/table>\n<table>\n<tbody>\n<tr>\n<td style=\"text-align: center; width: 423px;\" colspan=\"2\"><span style=\"font-family: arial black, sans-serif; color: #333399; font-size: 18pt;\">Diciembre<\/span><\/td>\n<\/tr>\n<tr>\n<td style=\"width: 320.767px;\">&nbsp;<\/p>\n<p><span style=\"font-family: arial, helvetica, sans-serif; font-size: 14pt; color: #333399;\">Secretar\u00eda Ejecutiva de la ICMSJ<\/span><\/td>\n<td style=\"width: 96.2333px;\"><a href=\"..\/\/_2020_\/Informacion Publica\/diciembre\/NUM20_2020\/NUM20_SEICMSJ DICIEMBRE 2020.pdf\"><img decoding=\"async\" class=\"alignleft wp-image-3229\" src=\"https:\/\/seij.gob.gt\/udisep\/wp-content\/uploads\/2020\/02\/pdf_3.jpg\" alt=\"\" width=\"78\" height=\"85\" \/><\/a><\/td>\n<\/tr>\n<tr>\n<td style=\"width: 320.767px;\">&nbsp;<\/p>\n<p><span style=\"font-family: arial, helvetica, sans-serif; font-size: 14pt; color: #333399;\">Prevenci\u00f3n de la Violencia y el Delito<\/span><\/td>\n<td style=\"width: 96.2333px;\"><a href=\"..\/\/_2020_\/Informacion Publica\/diciembre\/NUM20_2020\/NUM20_PREVI DICIEMBRE 2020.pdf\"><img decoding=\"async\" class=\"alignleft wp-image-3229\" src=\"https:\/\/seij.gob.gt\/udisep\/wp-content\/uploads\/2020\/02\/pdf_3.jpg\" alt=\"\" width=\"78\" height=\"85\" \/><\/a><\/td>\n<\/tr>\n<\/tbody>\n<\/table>\n<p>&nbsp;<\/p>\n","protected":false},"excerpt":{"rendered":"<p>Procesos de cotizaci\u00f3n y licitaci\u00f3n y sus contratos respectivos Enero &nbsp; Secretar\u00eda Ejecutiva de la ICMSJ &nbsp; Prevenci\u00f3n de la Violencia y el Delito Febrero &nbsp; Secretar\u00eda Ejecutiva de la ICMSJ &nbsp; Prevenci\u00f3n de la Violencia y el Delito Marzo &nbsp; Secretar\u00eda Ejecutiva de la ICMSJ &nbsp; Prevenci\u00f3n de la Violencia y el Delito Abril [&hellip;]<\/p>\n","protected":false},"author":1,"featured_media":0,"parent":0,"menu_order":0,"comment_status":"closed","ping_status":"closed","template":"","meta":{"_et_pb_use_builder":"","_et_pb_old_content":"","_et_gb_content_width":"","footnotes":""},"class_list":["post-3297","page","type-page","status-publish","hentry"],"nelio_popups_active_popup":"","_links":{"self":[{"href":"https:\/\/seij.gob.gt\/udisep\/wp-json\/wp\/v2\/pages\/3297","targetHints":{"allow":["GET"]}}],"collection":[{"href":"https:\/\/seij.gob.gt\/udisep\/wp-json\/wp\/v2\/pages"}],"about":[{"href":"https:\/\/seij.gob.gt\/udisep\/wp-json\/wp\/v2\/types\/page"}],"author":[{"embeddable":true,"href":"https:\/\/seij.gob.gt\/udisep\/wp-json\/wp\/v2\/users\/1"}],"replies":[{"embeddable":true,"href":"https:\/\/seij.gob.gt\/udisep\/wp-json\/wp\/v2\/comments?post=3297"}],"version-history":[{"count":18,"href":"https:\/\/seij.gob.gt\/udisep\/wp-json\/wp\/v2\/pages\/3297\/revisions"}],"predecessor-version":[{"id":3664,"href":"https:\/\/seij.gob.gt\/udisep\/wp-json\/wp\/v2\/pages\/3297\/revisions\/3664"}],"wp:attachment":[{"href":"https:\/\/seij.gob.gt\/udisep\/wp-json\/wp\/v2\/media?parent=3297"}],"curies":[{"name":"wp","href":"https:\/\/api.w.org\/{rel}","templated":true}]}}