{"id":3509,"date":"2020-07-10T12:45:07","date_gmt":"2020-07-10T18:45:07","guid":{"rendered":"http:\/\/seij.gob.gt\/udisep\/?page_id=3509"},"modified":"2021-09-20T09:03:05","modified_gmt":"2021-09-20T15:03:05","slug":"clasificadores-tematicos-2020","status":"publish","type":"page","link":"https:\/\/seij.gob.gt\/udisep\/clasificadores-tematicos-2020\/","title":{"rendered":"Clasificadores Tem\u00e1ticos 2020"},"content":{"rendered":"<p style=\"text-align: center;\"><span style=\"font-family: arial, helvetica, sans-serif; font-size: 18pt; color: #000080;\">Calificadores Tem\u00e1ticos<\/span><\/p>\n<table style=\"height: 92px; width: 700px;\" width=\"548\">\n<tbody>\n<tr style=\"height: 37px;\">\n<td style=\"width: 690px; text-align: center; height: 37px;\" colspan=\"3\"><span style=\"font-family: 'arial black', sans-serif; color: #000080; font-size: 18pt;\">2020<\/span><\/td>\n<\/tr>\n<tr style=\"height: 55px;\">\n<td style=\"width: 458px; height: 55px;\">&nbsp;<\/p>\n<p style=\"text-align: left;\"><span style=\"font-family: arial, helvetica, sans-serif; font-size: 18pt; color: #000080;\">Clasificadores tem\u00e1ticos 1er. Cuatrimestre<\/span><\/p>\n<\/td>\n<td style=\"width: 104px; height: 55px;\"><a href=\"..\/\/_2020_\/calificadores telematicos\/Clasificador Tematico 1er. Cuatrimestre 2020.pdf\"><img decoding=\"async\" class=\"wp-image-3229 aligncenter\" src=\"https:\/\/seij.gob.gt\/udisep\/wp-content\/uploads\/2020\/02\/pdf_3.jpg\" alt=\"\" width=\"71\" height=\"77\" \/><\/a><\/td>\n<td style=\"width: 116px; height: 55px;\"><a href=\"..\/\/_2020_\/calificadores telematicos\/Copia de CLASIFICADOR TEMATICO 1er. CUATRIMESTRE 2020.xlsx\"><img decoding=\"async\" class=\"wp-image-3226 aligncenter\" src=\"https:\/\/seij.gob.gt\/udisep\/wp-content\/uploads\/2020\/02\/excel_1.jpg\" alt=\"\" width=\"77\" height=\"80\" \/><\/a><\/td>\n<\/tr>\n<tr>\n<td style=\"width: 458px;\">&nbsp;<\/p>\n<p><span style=\"font-family: arial, helvetica, sans-serif; font-size: 18pt; color: #000080;\">Clasificadores tem\u00e1ticos 2do.Cuatrimestre\u00a0<\/span><\/td>\n<td style=\"width: 104px;\"><a href=\"..\/\/_2020_\/calificadores telematicos\/2020. Informe Clasificadores Tem\u00e1ticos 2do. cuatrimestre.pdf\"><img decoding=\"async\" class=\"wp-image-3229 aligncenter\" src=\"https:\/\/seij.gob.gt\/udisep\/wp-content\/uploads\/2020\/02\/pdf_3.jpg\" alt=\"\" width=\"71\" height=\"77\" \/><\/a><\/td>\n<td style=\"width: 116px;\"><a href=\"..\/\/_2020_\/calificadores telematicos\/2020. Informe Clasificadores Tem\u00e1ticos 2do. cuatrimestre.xlsx\"><img decoding=\"async\" class=\"wp-image-3226 aligncenter\" src=\"https:\/\/seij.gob.gt\/udisep\/wp-content\/uploads\/2020\/02\/excel_1.jpg\" alt=\"\" width=\"77\" height=\"80\" \/><\/a><\/td>\n<\/tr>\n<tr>\n<td style=\"width: 458px;\">&nbsp;<\/p>\n<p><span style=\"font-family: arial, helvetica, sans-serif; font-size: 18pt; color: #000080;\">Clasificadores tem\u00e1ticos 3er. Cuatrimestre\u00a0<\/span><\/td>\n<td style=\"width: 104px;\"><a href=\"..\/\/_2020_\/calificadores telematicos\/2020. Informe Clasificadores Tem\u00e1ticos 3er. cuatrimestre Programa PREVI.pdf\"><img decoding=\"async\" class=\"wp-image-3229 aligncenter\" src=\"https:\/\/seij.gob.gt\/udisep\/wp-content\/uploads\/2020\/02\/pdf_3.jpg\" alt=\"\" width=\"71\" height=\"77\" \/><\/a><\/td>\n<td style=\"width: 116px;\"><a href=\"..\/\/_2020_\/calificadores telematicos\/2020. Informe Clasificadores Tem\u00e1ticos 3er. cuatrimestre Programa PREVI.xlsx\"><img decoding=\"async\" class=\"wp-image-3226 aligncenter\" src=\"https:\/\/seij.gob.gt\/udisep\/wp-content\/uploads\/2020\/02\/excel_1.jpg\" alt=\"\" width=\"77\" height=\"80\" \/><\/a><\/td>\n<\/tr>\n<\/tbody>\n<\/table>\n","protected":false},"excerpt":{"rendered":"<p>Calificadores Tem\u00e1ticos 2020 &nbsp; Clasificadores tem\u00e1ticos 1er. Cuatrimestre &nbsp; Clasificadores tem\u00e1ticos 2do.Cuatrimestre\u00a0 &nbsp; Clasificadores tem\u00e1ticos 3er. Cuatrimestre\u00a0<\/p>\n","protected":false},"author":1,"featured_media":0,"parent":0,"menu_order":0,"comment_status":"closed","ping_status":"closed","template":"","meta":{"_et_pb_use_builder":"","_et_pb_old_content":"","_et_gb_content_width":"","footnotes":""},"class_list":["post-3509","page","type-page","status-publish","hentry"],"nelio_popups_active_popup":"","_links":{"self":[{"href":"https:\/\/seij.gob.gt\/udisep\/wp-json\/wp\/v2\/pages\/3509","targetHints":{"allow":["GET"]}}],"collection":[{"href":"https:\/\/seij.gob.gt\/udisep\/wp-json\/wp\/v2\/pages"}],"about":[{"href":"https:\/\/seij.gob.gt\/udisep\/wp-json\/wp\/v2\/types\/page"}],"author":[{"embeddable":true,"href":"https:\/\/seij.gob.gt\/udisep\/wp-json\/wp\/v2\/users\/1"}],"replies":[{"embeddable":true,"href":"https:\/\/seij.gob.gt\/udisep\/wp-json\/wp\/v2\/comments?post=3509"}],"version-history":[{"count":6,"href":"https:\/\/seij.gob.gt\/udisep\/wp-json\/wp\/v2\/pages\/3509\/revisions"}],"predecessor-version":[{"id":4200,"href":"https:\/\/seij.gob.gt\/udisep\/wp-json\/wp\/v2\/pages\/3509\/revisions\/4200"}],"wp:attachment":[{"href":"https:\/\/seij.gob.gt\/udisep\/wp-json\/wp\/v2\/media?parent=3509"}],"curies":[{"name":"wp","href":"https:\/\/api.w.org\/{rel}","templated":true}]}}