{"id":3717,"date":"2021-01-11T15:44:09","date_gmt":"2021-01-11T21:44:09","guid":{"rendered":"http:\/\/seij.gob.gt\/udisep\/?page_id=3717"},"modified":"2022-01-10T14:40:42","modified_gmt":"2022-01-10T20:40:42","slug":"029-diciembre-2021","status":"publish","type":"page","link":"https:\/\/seij.gob.gt\/udisep\/029-diciembre-2021\/","title":{"rendered":"029 diciembre 2021"},"content":{"rendered":"<p><span style=\"font-family: 'arial black', sans-serif; color: #000080; font-size: 18pt;\">Informe y facturas personal 029\u00a0<\/span><\/p>\n<table width=\"510\">\n<tbody>\n<tr>\n<td style=\"text-align: center;\" colspan=\"2\"><span style=\"font-family: 'arial black', sans-serif; font-size: 14pt; color: #000080;\">Diciembre 2,021<\/span><\/td>\n<\/tr>\n<tr>\n<td><span style=\"color: #000080; font-family: arial, helvetica, sans-serif; font-size: 14pt;\">\u00a0<\/span><\/p>\n<p><span style=\"color: #000080; font-family: arial, helvetica, sans-serif; font-size: 14pt;\">CARLOS ARMANDO SOSA QUINTANA<\/span><\/td>\n<td><a href=\"..\/\/_2021_\/029\/diciembre\/Factura Informe mensual Carta e Informe Final - Carlos Armando Sosa Quin....pdf\"><img decoding=\"async\" class=\"aligncenter wp-image-3229\" src=\"https:\/\/seij.gob.gt\/udisep\/wp-content\/uploads\/2020\/02\/pdf_3.jpg\" alt=\"\" width=\"99\" height=\"107\" \/><\/a><\/td>\n<\/tr>\n<tr>\n<td><span style=\"color: #000080; font-family: arial, helvetica, sans-serif; font-size: 14pt;\">\u00a0<\/span><\/p>\n<p><span style=\"color: #000080; font-family: arial, helvetica, sans-serif; font-size: 14pt;\">D\u00c1MARIS ABIGAIL ALACH\u00c1N L\u00d3PEZ<\/span><\/td>\n<td><a href=\"..\/\/_2021_\/029\/diciembre\/Factura Informe mensual Carta e Informe Final - D\u00e1maris Abigail Alch\u00e1n L....pdf\"><img decoding=\"async\" class=\"aligncenter wp-image-3229\" src=\"https:\/\/seij.gob.gt\/udisep\/wp-content\/uploads\/2020\/02\/pdf_3.jpg\" alt=\"\" width=\"99\" height=\"107\" \/><\/a><\/td>\n<\/tr>\n<tr>\n<td><span style=\"color: #000080; font-family: arial, helvetica, sans-serif; font-size: 14pt;\">\u00a0<\/span><\/p>\n<p><span style=\"color: #000080; font-family: arial, helvetica, sans-serif; font-size: 14pt;\">DANIEL ENRIQUE ZAMORA BALTODANO<\/span><\/td>\n<td><a href=\"..\/\/_2021_\/029\/diciembre\/Factura Informe mensual Carta e Informe Final - Daniel Enrique Zamora Ba....pdf\"><img decoding=\"async\" class=\"aligncenter wp-image-3229\" src=\"https:\/\/seij.gob.gt\/udisep\/wp-content\/uploads\/2020\/02\/pdf_3.jpg\" alt=\"\" width=\"99\" height=\"107\" \/><\/a><\/td>\n<\/tr>\n<tr>\n<td><span style=\"color: #000080; font-family: arial, helvetica, sans-serif; font-size: 14pt;\">\u00a0<\/span><\/p>\n<p><span style=\"color: #000080; font-family: arial, helvetica, sans-serif; font-size: 14pt;\">DIANA ROCIO FUENTES CANEL\u00a0<\/span><\/td>\n<td><a href=\"..\/\/_2021_\/029\/diciembre\/Factura Informe mensual Carta e Informe Final - Diana Roc\u00edo Fuentes Cane....pdf\"><img decoding=\"async\" class=\"aligncenter wp-image-3229\" src=\"https:\/\/seij.gob.gt\/udisep\/wp-content\/uploads\/2020\/02\/pdf_3.jpg\" alt=\"\" width=\"99\" height=\"107\" \/><\/a><\/td>\n<\/tr>\n<tr>\n<td><span style=\"color: #000080; font-family: arial, helvetica, sans-serif; font-size: 14pt;\">\u00a0<\/span><\/p>\n<p><span style=\"color: #000080; font-family: arial, helvetica, sans-serif; font-size: 14pt;\">JOSE ADELSO LEIVA GARCIA<\/span><\/td>\n<td><a href=\"..\/\/_2021_\/029\/diciembre\/Factura Informe mensual Carta e Informe Final - Jos\u00e9 Adelso Leiva Garc\u00eda....pdf\"><img decoding=\"async\" class=\"aligncenter wp-image-3229\" src=\"https:\/\/seij.gob.gt\/udisep\/wp-content\/uploads\/2020\/02\/pdf_3.jpg\" alt=\"\" width=\"99\" height=\"107\" \/><\/a><\/td>\n<\/tr>\n<tr>\n<td><span style=\"color: #000080; font-family: arial, helvetica, sans-serif; font-size: 14pt;\">\u00a0<\/span><\/p>\n<p><span style=\"color: #000080; font-family: arial, helvetica, sans-serif; font-size: 14pt;\">LUIS PEDRO LEONARDO CORONADO<\/span><\/td>\n<td><a href=\"..\/\/_2021_\/029\/diciembre\/Factura Informe mensual Carta e Informe Final - Luis Pedro Leonardo Coro....pdf\"><img decoding=\"async\" class=\"aligncenter wp-image-3229\" src=\"https:\/\/seij.gob.gt\/udisep\/wp-content\/uploads\/2020\/02\/pdf_3.jpg\" alt=\"\" width=\"99\" height=\"107\" \/><\/a><\/td>\n<\/tr>\n<tr>\n<td><span style=\"color: #000080; font-family: arial, helvetica, sans-serif; font-size: 14pt;\">\u00a0<\/span><\/p>\n<p><span style=\"color: #000080; font-family: arial, helvetica, sans-serif; font-size: 14pt;\">MARIA ALEJANDRA SOSA CASTELLANOS<\/span><\/td>\n<td><a href=\"..\/\/_2021_\/029\/diciembre\/Factura Informe mensual Carta e Informe Final - Mar\u00eda Alejandra Sosa Cas....pdf\"><img decoding=\"async\" class=\"aligncenter wp-image-3229\" src=\"https:\/\/seij.gob.gt\/udisep\/wp-content\/uploads\/2020\/02\/pdf_3.jpg\" alt=\"\" width=\"99\" height=\"107\" \/><\/a><\/td>\n<\/tr>\n<tr>\n<td><span style=\"color: #000080; font-family: arial, helvetica, sans-serif; font-size: 14pt;\">\u00a0<\/span><\/p>\n<p><span style=\"color: #000080; font-family: arial, helvetica, sans-serif; font-size: 14pt;\">TOM\u00c1S XOY\u00d3N AC\u00c1N<\/span><\/td>\n<td><a href=\"..\/\/_2021_\/029\/diciembre\/Factura Informe mensual Carta e Informe Final - Tom\u00e1s Xoy\u00f3n Ac\u00e1n.pdf\"><img decoding=\"async\" class=\"aligncenter wp-image-3229\" src=\"https:\/\/seij.gob.gt\/udisep\/wp-content\/uploads\/2020\/02\/pdf_3.jpg\" alt=\"\" width=\"99\" height=\"107\" \/><\/a><\/td>\n<\/tr>\n<\/tbody>\n<\/table>\n","protected":false},"excerpt":{"rendered":"<p>Informe y facturas personal 029\u00a0 Diciembre 2,021 \u00a0 CARLOS ARMANDO SOSA QUINTANA \u00a0 D\u00c1MARIS ABIGAIL ALACH\u00c1N L\u00d3PEZ \u00a0 DANIEL ENRIQUE ZAMORA BALTODANO \u00a0 DIANA ROCIO FUENTES CANEL\u00a0 \u00a0 JOSE ADELSO LEIVA GARCIA \u00a0 LUIS PEDRO LEONARDO CORONADO \u00a0 MARIA ALEJANDRA SOSA CASTELLANOS \u00a0 TOM\u00c1S XOY\u00d3N AC\u00c1N<\/p>\n","protected":false},"author":1,"featured_media":0,"parent":0,"menu_order":0,"comment_status":"closed","ping_status":"closed","template":"","meta":{"_et_pb_use_builder":"","_et_pb_old_content":"","_et_gb_content_width":"","footnotes":""},"class_list":["post-3717","page","type-page","status-publish","hentry"],"nelio_popups_active_popup":"","_links":{"self":[{"href":"https:\/\/seij.gob.gt\/udisep\/wp-json\/wp\/v2\/pages\/3717","targetHints":{"allow":["GET"]}}],"collection":[{"href":"https:\/\/seij.gob.gt\/udisep\/wp-json\/wp\/v2\/pages"}],"about":[{"href":"https:\/\/seij.gob.gt\/udisep\/wp-json\/wp\/v2\/types\/page"}],"author":[{"embeddable":true,"href":"https:\/\/seij.gob.gt\/udisep\/wp-json\/wp\/v2\/users\/1"}],"replies":[{"embeddable":true,"href":"https:\/\/seij.gob.gt\/udisep\/wp-json\/wp\/v2\/comments?post=3717"}],"version-history":[{"count":3,"href":"https:\/\/seij.gob.gt\/udisep\/wp-json\/wp\/v2\/pages\/3717\/revisions"}],"predecessor-version":[{"id":4338,"href":"https:\/\/seij.gob.gt\/udisep\/wp-json\/wp\/v2\/pages\/3717\/revisions\/4338"}],"wp:attachment":[{"href":"https:\/\/seij.gob.gt\/udisep\/wp-json\/wp\/v2\/media?parent=3717"}],"curies":[{"name":"wp","href":"https:\/\/api.w.org\/{rel}","templated":true}]}}