{"id":3729,"date":"2021-01-12T10:02:57","date_gmt":"2021-01-12T16:02:57","guid":{"rendered":"http:\/\/seij.gob.gt\/udisep\/?page_id=3729"},"modified":"2022-01-10T12:27:39","modified_gmt":"2022-01-10T18:27:39","slug":"numeral-02-ano-2021","status":"publish","type":"page","link":"https:\/\/seij.gob.gt\/udisep\/numeral-02-ano-2021\/","title":{"rendered":"Numeral 02 a\u00f1o 2021"},"content":{"rendered":"<p style=\"text-align: center;\"><span style=\"font-size: 18pt; font-family: 'arial black', sans-serif; color: #000080;\">Directorio y tel\u00e9fono de la entidad y todas las dependencias que la conforman<\/span><\/p>\n<table style=\"height: 37px;\" width=\"550\">\n<tbody>\n<tr>\n<td style=\"width: 540px; text-align: center;\" colspan=\"2\"><span style=\"font-family: 'arial black', sans-serif; font-size: 14pt; color: #000080;\">Diciembre<\/span><\/td>\n<\/tr>\n<\/tbody>\n<\/table>\n<table class=\" alignleft\" style=\"width: 550px;\" cellpadding=\"grove\">\n<tbody>\n<tr>\n<td style=\"width: 326px;\">&nbsp;<\/p>\n<p><span style=\"font-size: 14pt; color: #000080; font-family: arial, helvetica, sans-serif;\">Secretar\u00eda Ejecutiva de la ICMSJ<\/span><\/td>\n<td style=\"width: 104px;\"><a href=\"..\/\/_2021_\/informacion publica\/diciembre\/NUMERAL 2\/DIRECTORIO DE LA ENTIDAD SEICMSJ.pdf\"><img decoding=\"async\" class=\"wp-image-3229 aligncenter\" src=\"https:\/\/seij.gob.gt\/udisep\/wp-content\/uploads\/2020\/02\/pdf_3.jpg\" alt=\"\" width=\"79\" height=\"86\" \/><\/a><\/td>\n<td style=\"width: 104px;\"><a href=\"..\/\/_2021_\/informacion publica\/diciembre\/NUMERAL 2\/DIRECTORIO DE LA ENTIDAD SEICMSJ.xlsx\"><img decoding=\"async\" class=\"aligncenter wp-image-3226\" src=\"https:\/\/seij.gob.gt\/udisep\/wp-content\/uploads\/2020\/02\/excel_1.jpg\" alt=\"\" width=\"87\" height=\"90\" \/><\/a><\/td>\n<\/tr>\n<tr>\n<td style=\"width: 326px;\">&nbsp;<\/p>\n<p><span style=\"font-size: 14pt; color: #000080; font-family: arial, helvetica, sans-serif;\">Prevenci\u00f3n de la Violencia y el Delito<\/span><\/td>\n<td style=\"width: 104px;\"><a href=\"..\/\/_2021_\/informacion publica\/diciembre\/NUMERAL 2\/DIRECTORIO DE LA ENTIDAD PREVI.pdf\"><img decoding=\"async\" class=\"wp-image-3229 aligncenter\" src=\"https:\/\/seij.gob.gt\/udisep\/wp-content\/uploads\/2020\/02\/pdf_3.jpg\" alt=\"\" width=\"79\" height=\"86\" \/><\/a><\/td>\n<td style=\"width: 104px;\"><a href=\"..\/\/_2021_\/informacion publica\/diciembre\/NUMERAL 2\/DIRECTORIO DE LA ENTIDAD PREVI.xls\"><img decoding=\"async\" class=\"aligncenter wp-image-3226\" src=\"https:\/\/seij.gob.gt\/udisep\/wp-content\/uploads\/2020\/02\/excel_1.jpg\" alt=\"\" width=\"87\" height=\"90\" \/><\/a><\/td>\n<\/tr>\n<\/tbody>\n<\/table>\n<p>&nbsp;<\/p>\n<p>&nbsp;<\/p>\n<table style=\"height: 37px;\" width=\"550\">\n<tbody>\n<tr>\n<td style=\"width: 540px; text-align: center;\" colspan=\"2\"><span style=\"font-family: 'arial black', sans-serif; font-size: 14pt; color: #000080;\">Noviembre<\/span><\/td>\n<\/tr>\n<\/tbody>\n<\/table>\n<table class=\" alignleft\" style=\"width: 550px;\" cellpadding=\"grove\">\n<tbody>\n<tr>\n<td style=\"width: 326px;\">&nbsp;<\/p>\n<p><span style=\"font-size: 14pt; color: #000080; font-family: arial, helvetica, sans-serif;\">Secretar\u00eda Ejecutiva de la ICMSJ<\/span><\/td>\n<td style=\"width: 104px;\"><a href=\"..\/\/_2021_\/informacion publica\/noviembre\/NUMERAL 2\/DIRECTORIO DE LA INSTITUCI\u00d3N SEICMSJ.pdf\"><img decoding=\"async\" class=\"wp-image-3229 aligncenter\" src=\"https:\/\/seij.gob.gt\/udisep\/wp-content\/uploads\/2020\/02\/pdf_3.jpg\" alt=\"\" width=\"79\" height=\"86\" \/><\/a><\/td>\n<td style=\"width: 104px;\"><a href=\"..\/\/_2021_\/informacion publica\/noviembre\/NUMERAL 2\/DIRECTORIO DE LA INSTITUCI\u00d3N SEICMSJ.xlsx\"><img decoding=\"async\" class=\"aligncenter wp-image-3226\" src=\"https:\/\/seij.gob.gt\/udisep\/wp-content\/uploads\/2020\/02\/excel_1.jpg\" alt=\"\" width=\"87\" height=\"90\" \/><\/a><\/td>\n<\/tr>\n<tr>\n<td style=\"width: 326px;\">&nbsp;<\/p>\n<p><span style=\"font-size: 14pt; color: #000080; font-family: arial, helvetica, sans-serif;\">Prevenci\u00f3n de la Violencia y el Delito<\/span><\/td>\n<td style=\"width: 104px;\"><a href=\"..\/\/_2021_\/informacion publica\/noviembre\/NUMERAL 2\/DIRECTORIO DE LA INSTITUCI\u00d3N PREVI.pdf\"><img decoding=\"async\" class=\"wp-image-3229 aligncenter\" src=\"https:\/\/seij.gob.gt\/udisep\/wp-content\/uploads\/2020\/02\/pdf_3.jpg\" alt=\"\" width=\"79\" height=\"86\" \/><\/a><\/td>\n<td style=\"width: 104px;\"><a href=\"..\/\/_2021_\/informacion publica\/noviembre\/NUMERAL 2\/DIRECTORIO DE LA INSTITUCI\u00d3N PREVI.xls\"><img decoding=\"async\" class=\"aligncenter wp-image-3226\" src=\"https:\/\/seij.gob.gt\/udisep\/wp-content\/uploads\/2020\/02\/excel_1.jpg\" alt=\"\" width=\"87\" height=\"90\" \/><\/a><\/td>\n<\/tr>\n<\/tbody>\n<\/table>\n<table style=\"height: 37px;\" width=\"550\">\n<tbody>\n<tr>\n<td style=\"width: 540px; text-align: center;\" colspan=\"2\"><span style=\"font-family: 'arial black', sans-serif; font-size: 14pt; color: #000080;\">Octubre<\/span><\/td>\n<\/tr>\n<\/tbody>\n<\/table>\n<table class=\" alignleft\" style=\"width: 550px;\" cellpadding=\"grove\">\n<tbody>\n<tr>\n<td style=\"width: 326px;\">&nbsp;<\/p>\n<p><span style=\"font-size: 14pt; color: #000080; font-family: arial, helvetica, sans-serif;\">Secretar\u00eda Ejecutiva de la ICMSJ<\/span><\/td>\n<td style=\"width: 104px;\"><a href=\"..\/\/_2021_\/informacion publica\/octubre\/NUMERAL 2\/DIRECTORIO DE LA ENTIDAD SEICMSJ.pdf\"><img decoding=\"async\" class=\"wp-image-3229 aligncenter\" src=\"https:\/\/seij.gob.gt\/udisep\/wp-content\/uploads\/2020\/02\/pdf_3.jpg\" alt=\"\" width=\"79\" height=\"86\" \/><\/a><\/td>\n<td style=\"width: 104px;\"><a href=\"..\/\/_2021_\/informacion publica\/octubre\/NUMERAL 2\/DIRECTORIO DE LA ENTIDAD SEICMSJ.xlsx\"><img decoding=\"async\" class=\"aligncenter wp-image-3226\" src=\"https:\/\/seij.gob.gt\/udisep\/wp-content\/uploads\/2020\/02\/excel_1.jpg\" alt=\"\" width=\"87\" height=\"90\" \/><\/a><\/td>\n<\/tr>\n<tr>\n<td style=\"width: 326px;\">&nbsp;<\/p>\n<p><span style=\"font-size: 14pt; color: #000080; font-family: arial, helvetica, sans-serif;\">Prevenci\u00f3n de la Violencia y el Delito<\/span><\/td>\n<td style=\"width: 104px;\"><a href=\"..\/\/_2021_\/informacion publica\/octubre\/NUMERAL 2\/DIRECTORIO DE LA ENTIDAD PREVI.pdf\"><img decoding=\"async\" class=\"wp-image-3229 aligncenter\" src=\"https:\/\/seij.gob.gt\/udisep\/wp-content\/uploads\/2020\/02\/pdf_3.jpg\" alt=\"\" width=\"79\" height=\"86\" \/><\/a><\/td>\n<td style=\"width: 104px;\"><a href=\"..\/\/_2021_\/informacion publica\/octubre\/NUMERAL 2\/DIRECTORIO DE LA ENTIDAD PREVI.xls\"><img decoding=\"async\" class=\"aligncenter wp-image-3226\" src=\"https:\/\/seij.gob.gt\/udisep\/wp-content\/uploads\/2020\/02\/excel_1.jpg\" alt=\"\" width=\"87\" height=\"90\" \/><\/a><\/td>\n<\/tr>\n<\/tbody>\n<\/table>\n<table style=\"height: 37px;\" width=\"550\">\n<tbody>\n<tr>\n<td style=\"width: 540px; text-align: center;\" colspan=\"2\"><span style=\"font-family: 'arial black', sans-serif; font-size: 14pt; color: #000080;\">Septiembre<\/span><\/td>\n<\/tr>\n<\/tbody>\n<\/table>\n<table class=\" alignleft\" style=\"width: 550px;\" cellpadding=\"grove\">\n<tbody>\n<tr>\n<td style=\"width: 326px;\">&nbsp;<\/p>\n<p><span style=\"font-size: 14pt; color: #000080; font-family: arial, helvetica, sans-serif;\">Secretar\u00eda Ejecutiva de la ICMSJ<\/span><\/td>\n<td style=\"width: 104px;\"><a href=\"..\/\/_2021_\/informacion publica\/septiembre\/NUMERAL 2\/DIRECTORIO DE LA ENTIDAD SEICMSJ.pdf\"><img decoding=\"async\" class=\"wp-image-3229 aligncenter\" src=\"https:\/\/seij.gob.gt\/udisep\/wp-content\/uploads\/2020\/02\/pdf_3.jpg\" alt=\"\" width=\"79\" height=\"86\" \/><\/a><\/td>\n<td style=\"width: 104px;\"><a href=\"..\/\/_2021_\/informacion publica\/septiembre\/NUMERAL 2\/DIRECTORIO DE LA ENTIDAD SEICMSJ.xlsx\"><img decoding=\"async\" class=\"aligncenter wp-image-3226\" src=\"https:\/\/seij.gob.gt\/udisep\/wp-content\/uploads\/2020\/02\/excel_1.jpg\" alt=\"\" width=\"87\" height=\"90\" \/><\/a><\/td>\n<\/tr>\n<tr>\n<td style=\"width: 326px;\">&nbsp;<\/p>\n<p><span style=\"font-size: 14pt; color: #000080; font-family: arial, helvetica, sans-serif;\">Prevenci\u00f3n de la Violencia y el Delito<\/span><\/td>\n<td style=\"width: 104px;\"><a href=\"..\/\/_2021_\/informacion publica\/septiembre\/NUMERAL 2\/DIRECTORIO DE ENTIDAD PREVI.pdf\"><img decoding=\"async\" class=\"wp-image-3229 aligncenter\" src=\"https:\/\/seij.gob.gt\/udisep\/wp-content\/uploads\/2020\/02\/pdf_3.jpg\" alt=\"\" width=\"79\" height=\"86\" \/><\/a><\/td>\n<td style=\"width: 104px;\"><a href=\"..\/\/_2021_\/informacion publica\/septiembre\/NUMERAL 2\/DIRECTORIO DE ENTIDAD PREVI.xls\"><img decoding=\"async\" class=\"aligncenter wp-image-3226\" src=\"https:\/\/seij.gob.gt\/udisep\/wp-content\/uploads\/2020\/02\/excel_1.jpg\" alt=\"\" width=\"87\" height=\"90\" \/><\/a><\/td>\n<\/tr>\n<\/tbody>\n<\/table>\n<table style=\"height: 37px;\" width=\"550\">\n<tbody>\n<tr>\n<td style=\"width: 540px; text-align: center;\" colspan=\"2\"><span style=\"font-family: 'arial black', sans-serif; font-size: 14pt; color: #000080;\">Agosto<\/span><\/td>\n<\/tr>\n<\/tbody>\n<\/table>\n<table class=\" alignleft\" style=\"width: 550px;\" cellpadding=\"grove\">\n<tbody>\n<tr>\n<td style=\"width: 326px;\">&nbsp;<\/p>\n<p><span style=\"font-size: 14pt; color: #000080; font-family: arial, helvetica, sans-serif;\">Secretar\u00eda Ejecutiva de la ICMSJ<\/span><\/td>\n<td style=\"width: 104px;\"><a href=\"..\/\/_2021_\/informacion publica\/agosto\/NUMERAL 2\/DIRECTORIO DE LA INSTITUCI\u00d3N SEICMSJ.pdf\"><img decoding=\"async\" class=\"wp-image-3229 aligncenter\" src=\"https:\/\/seij.gob.gt\/udisep\/wp-content\/uploads\/2020\/02\/pdf_3.jpg\" alt=\"\" width=\"79\" height=\"86\" \/><\/a><\/td>\n<td style=\"width: 104px;\"><a href=\"..\/\/_2021_\/informacion publica\/agosto\/NUMERAL 2\/DIRECTORIO DE LA INSTITUCI\u00d3N SEICMSJ.xlsx\"><img decoding=\"async\" class=\"aligncenter wp-image-3226\" src=\"https:\/\/seij.gob.gt\/udisep\/wp-content\/uploads\/2020\/02\/excel_1.jpg\" alt=\"\" width=\"87\" height=\"90\" \/><\/a><\/td>\n<\/tr>\n<tr>\n<td style=\"width: 326px;\">&nbsp;<\/p>\n<p><span style=\"font-size: 14pt; color: #000080; font-family: arial, helvetica, sans-serif;\">Prevenci\u00f3n de la Violencia y el Delito<\/span><\/td>\n<td style=\"width: 104px;\"><a href=\"..\/\/_2021_\/informacion publica\/agosto\/NUMERAL 2\/DIRECOTRIO DE LA INSTITUCI\u00d3N PREVI.pdf\"><img decoding=\"async\" class=\"wp-image-3229 aligncenter\" src=\"https:\/\/seij.gob.gt\/udisep\/wp-content\/uploads\/2020\/02\/pdf_3.jpg\" alt=\"\" width=\"79\" height=\"86\" \/><\/a><\/td>\n<td style=\"width: 104px;\"><a href=\"..\/\/_2021_\/informacion publica\/agosto\/NUMERAL 2\/DIRECOTRIO DE LA INSTITUCI\u00d3N PREVI.xlsx\"><img decoding=\"async\" class=\"aligncenter wp-image-3226\" src=\"https:\/\/seij.gob.gt\/udisep\/wp-content\/uploads\/2020\/02\/excel_1.jpg\" alt=\"\" width=\"87\" height=\"90\" \/><\/a><\/td>\n<\/tr>\n<\/tbody>\n<\/table>\n<table style=\"height: 37px;\" width=\"550\">\n<tbody>\n<tr>\n<td style=\"width: 540px; text-align: center;\" colspan=\"2\"><span style=\"font-family: 'arial black', sans-serif; font-size: 14pt; color: #000080;\">Julio<\/span><\/td>\n<\/tr>\n<\/tbody>\n<\/table>\n<table class=\" alignleft\" style=\"width: 550px;\" cellpadding=\"grove\">\n<tbody>\n<tr>\n<td style=\"width: 326px;\">&nbsp;<\/p>\n<p><span style=\"font-size: 14pt; color: #000080; font-family: arial, helvetica, sans-serif;\">Secretar\u00eda Ejecutiva de la ICMSJ<\/span><\/td>\n<td style=\"width: 104px;\"><a href=\"..\/\/_2021_\/informacion publica\/julio\/NUMERAL 2\/DIRECTORIO DE LA INSTITUCI\u00d3N SEICMSJ.pdf\"><img decoding=\"async\" class=\"wp-image-3229 aligncenter\" src=\"https:\/\/seij.gob.gt\/udisep\/wp-content\/uploads\/2020\/02\/pdf_3.jpg\" alt=\"\" width=\"79\" height=\"86\" \/><\/a><\/td>\n<td style=\"width: 104px;\"><a href=\"..\/\/_2021_\/informacion publica\/julio\/NUMERAL 2\/DIRECTORIO DE LA INSTITUCI\u00d3N SEICMSJ.xlsx\"><img decoding=\"async\" class=\"aligncenter wp-image-3226\" src=\"https:\/\/seij.gob.gt\/udisep\/wp-content\/uploads\/2020\/02\/excel_1.jpg\" alt=\"\" width=\"87\" height=\"90\" \/><\/a><\/td>\n<\/tr>\n<tr>\n<td style=\"width: 326px;\">&nbsp;<\/p>\n<p><span style=\"font-size: 14pt; color: #000080; font-family: arial, helvetica, sans-serif;\">Prevenci\u00f3n de la Violencia y el Delito<\/span><\/td>\n<td style=\"width: 104px;\"><a href=\"..\/\/_2021_\/informacion publica\/julio\/NUMERAL 2\/DIRECTORIO INSTITUCIONAL PREVI .pdf\"><img decoding=\"async\" class=\"wp-image-3229 aligncenter\" src=\"https:\/\/seij.gob.gt\/udisep\/wp-content\/uploads\/2020\/02\/pdf_3.jpg\" alt=\"\" width=\"79\" height=\"86\" \/><\/a><\/td>\n<td style=\"width: 104px;\"><a href=\"..\/\/_2021_\/informacion publica\/julio\/NUMERAL 2\/DIRECTORIO INSTITUCIONAL PREVI.xls\"><img decoding=\"async\" class=\"aligncenter wp-image-3226\" src=\"https:\/\/seij.gob.gt\/udisep\/wp-content\/uploads\/2020\/02\/excel_1.jpg\" alt=\"\" width=\"87\" height=\"90\" \/><\/a><\/td>\n<\/tr>\n<\/tbody>\n<\/table>\n<table style=\"height: 37px;\" width=\"550\">\n<tbody>\n<tr>\n<td style=\"width: 540px; text-align: center;\" colspan=\"2\"><span style=\"font-family: 'arial black', sans-serif; font-size: 14pt; color: #000080;\">Junio<\/span><\/td>\n<\/tr>\n<\/tbody>\n<\/table>\n<table class=\" alignleft\" style=\"width: 550px;\" cellpadding=\"grove\">\n<tbody>\n<tr>\n<td style=\"width: 326px;\">&nbsp;<\/p>\n<p><span style=\"font-size: 14pt; color: #000080; font-family: arial, helvetica, sans-serif;\">Secretar\u00eda Ejecutiva de la ICMSJ<\/span><\/td>\n<td style=\"width: 104px;\"><a href=\"..\/\/_2021_\/informacion publica\/junio\/NUMERAL 2\/DIRECTORIO DE LA INSTITUCI\u00d3N SEICMSJ.pdf\"><img decoding=\"async\" class=\"wp-image-3229 aligncenter\" src=\"https:\/\/seij.gob.gt\/udisep\/wp-content\/uploads\/2020\/02\/pdf_3.jpg\" alt=\"\" width=\"79\" height=\"86\" \/><\/a><\/td>\n<td style=\"width: 104px;\"><a href=\"..\/\/_2021_\/informacion publica\/junio\/NUMERAL 2\/DIRECTORIO DE LA INSTITUCI\u00d3N SEICMSJ.xlsx\"><img decoding=\"async\" class=\"aligncenter wp-image-3226\" src=\"https:\/\/seij.gob.gt\/udisep\/wp-content\/uploads\/2020\/02\/excel_1.jpg\" alt=\"\" width=\"87\" height=\"90\" \/><\/a><\/td>\n<\/tr>\n<tr>\n<td style=\"width: 326px;\">&nbsp;<\/p>\n<p><span style=\"font-size: 14pt; color: #000080; font-family: arial, helvetica, sans-serif;\">Prevenci\u00f3n de la Violencia y el Delito<\/span><\/td>\n<td style=\"width: 104px;\"><a href=\"..\/\/_2021_\/informacion publica\/junio\/NUMERAL 2\/DIRECTORIO DE LA INSTITUCI\u00d3N PREVI.pdf\"><img decoding=\"async\" class=\"wp-image-3229 aligncenter\" src=\"https:\/\/seij.gob.gt\/udisep\/wp-content\/uploads\/2020\/02\/pdf_3.jpg\" alt=\"\" width=\"79\" height=\"86\" \/><\/a><\/td>\n<td style=\"width: 104px;\"><a href=\"..\/\/_2021_\/informacion publica\/junio\/NUMERAL 2\/DIRECTORIO DE LA INSTITUCI\u00d3N PREVI.xls\"><img decoding=\"async\" class=\"aligncenter wp-image-3226\" src=\"https:\/\/seij.gob.gt\/udisep\/wp-content\/uploads\/2020\/02\/excel_1.jpg\" alt=\"\" width=\"87\" height=\"90\" \/><\/a><\/td>\n<\/tr>\n<\/tbody>\n<\/table>\n<table style=\"height: 37px;\" width=\"550\">\n<tbody>\n<tr>\n<td style=\"width: 540px; text-align: center;\" colspan=\"2\"><span style=\"font-family: 'arial black', sans-serif; font-size: 14pt; color: #000080;\">Mayo<\/span><\/td>\n<\/tr>\n<\/tbody>\n<\/table>\n<table class=\" alignleft\" style=\"width: 550px;\" cellpadding=\"grove\">\n<tbody>\n<tr>\n<td style=\"width: 326px;\">&nbsp;<\/p>\n<p><span style=\"font-size: 14pt; color: #000080; font-family: arial, helvetica, sans-serif;\">Secretar\u00eda Ejecutiva de la ICMSJ<\/span><\/td>\n<td style=\"width: 104px;\"><a href=\"..\/\/_2021_\/informacion publica\/mayo\/NUMERAL 2\/DIRECTORIO DE LA INSTITUCI\u00d3N SEICMSJ.pdf\"><img decoding=\"async\" class=\"wp-image-3229 aligncenter\" src=\"https:\/\/seij.gob.gt\/udisep\/wp-content\/uploads\/2020\/02\/pdf_3.jpg\" alt=\"\" width=\"79\" height=\"86\" \/><\/a><\/td>\n<td style=\"width: 104px;\"><a href=\"..\/\/_2021_\/informacion publica\/mayo\/NUMERAL 2\/DIRECTORIO DE LA INSTITUCI\u00d3N SEICMSJ.xlsx\"><img decoding=\"async\" class=\"aligncenter wp-image-3226\" src=\"https:\/\/seij.gob.gt\/udisep\/wp-content\/uploads\/2020\/02\/excel_1.jpg\" alt=\"\" width=\"87\" height=\"90\" \/><\/a><\/td>\n<\/tr>\n<tr>\n<td style=\"width: 326px;\">&nbsp;<\/p>\n<p><span style=\"font-size: 14pt; color: #000080; font-family: arial, helvetica, sans-serif;\">Prevenci\u00f3n de la Violencia y el Delito<\/span><\/td>\n<td style=\"width: 104px;\"><a href=\"..\/\/_2021_\/informacion publica\/mayo\/NUMERAL 2\/DIRECTORIO DE LA INSTITUCI\u00d3N PREVI.pdf\"><img decoding=\"async\" class=\"wp-image-3229 aligncenter\" src=\"https:\/\/seij.gob.gt\/udisep\/wp-content\/uploads\/2020\/02\/pdf_3.jpg\" alt=\"\" width=\"79\" height=\"86\" \/><\/a><\/td>\n<td style=\"width: 104px;\"><a href=\"..\/\/_2021_\/informacion publica\/mayo\/NUMERAL 2\/DIRECTORIO DE LA INSTITUCI\u00d3N PREVI.xls\"><img decoding=\"async\" class=\"aligncenter wp-image-3226\" src=\"https:\/\/seij.gob.gt\/udisep\/wp-content\/uploads\/2020\/02\/excel_1.jpg\" alt=\"\" width=\"87\" height=\"90\" \/><\/a><\/td>\n<\/tr>\n<\/tbody>\n<\/table>\n<table style=\"height: 37px;\" width=\"550\">\n<tbody>\n<tr>\n<td style=\"width: 540px; text-align: center;\" colspan=\"2\"><span style=\"font-family: 'arial black', sans-serif; font-size: 14pt; color: #000080;\">Abril<\/span><\/td>\n<\/tr>\n<\/tbody>\n<\/table>\n<table class=\" alignleft\" style=\"width: 550px;\" cellpadding=\"grove\">\n<tbody>\n<tr>\n<td style=\"width: 326px;\">&nbsp;<\/p>\n<p><span style=\"font-size: 14pt; color: #000080; font-family: arial, helvetica, sans-serif;\">Secretar\u00eda Ejecutiva de la ICMSJ<\/span><\/td>\n<td style=\"width: 104px;\"><a href=\"..\/\/_2021_\/informacion publica\/abril\/NUMERAL 2\/DIRECTORIO DE LA INSTITUCI\u00d3N SEICMSJ ABRIL.pdf\"><img decoding=\"async\" class=\"wp-image-3229 aligncenter\" src=\"https:\/\/seij.gob.gt\/udisep\/wp-content\/uploads\/2020\/02\/pdf_3.jpg\" alt=\"\" width=\"79\" height=\"86\" \/><\/a><\/td>\n<td style=\"width: 104px;\"><a href=\"..\/\/_2021_\/informacion publica\/abril\/NUMERAL 2\/DIRECTORIO DE LA INSTITUCI\u00d3N SEICMSJ ABRIL.xlsx\"><img decoding=\"async\" class=\"aligncenter wp-image-3226\" src=\"https:\/\/seij.gob.gt\/udisep\/wp-content\/uploads\/2020\/02\/excel_1.jpg\" alt=\"\" width=\"87\" height=\"90\" \/><\/a><\/td>\n<\/tr>\n<tr>\n<td style=\"width: 326px;\">&nbsp;<\/p>\n<p><span style=\"font-size: 14pt; color: #000080; font-family: arial, helvetica, sans-serif;\">Prevenci\u00f3n de la Violencia y el Delito<\/span><\/td>\n<td style=\"width: 104px;\"><a href=\"..\/\/_2021_\/informacion publica\/abril\/NUMERAL 2\/DIRECTORIO DE LA ENTIDAD PREVI.pdf\"><img decoding=\"async\" class=\"wp-image-3229 aligncenter\" src=\"https:\/\/seij.gob.gt\/udisep\/wp-content\/uploads\/2020\/02\/pdf_3.jpg\" alt=\"\" width=\"79\" height=\"86\" \/><\/a><\/td>\n<td style=\"width: 104px;\"><a href=\"..\/\/_2021_\/informacion publica\/abril\/NUMERAL 2\/DIRECTORIO DE LA ENTIDAD PREVI.xls\"><img decoding=\"async\" class=\"aligncenter wp-image-3226\" src=\"https:\/\/seij.gob.gt\/udisep\/wp-content\/uploads\/2020\/02\/excel_1.jpg\" alt=\"\" width=\"87\" height=\"90\" \/><\/a><\/td>\n<\/tr>\n<\/tbody>\n<\/table>\n<table style=\"height: 37px;\" width=\"550\">\n<tbody>\n<tr>\n<td style=\"width: 540px; text-align: center;\" colspan=\"2\"><span style=\"font-family: 'arial black', sans-serif; font-size: 14pt; color: #000080;\">Marzo<\/span><\/td>\n<\/tr>\n<\/tbody>\n<\/table>\n<table class=\" alignleft\" style=\"width: 550px;\" cellpadding=\"grove\">\n<tbody>\n<tr>\n<td style=\"width: 326px;\">&nbsp;<\/p>\n<p><span style=\"font-size: 14pt; color: #000080; font-family: arial, helvetica, sans-serif;\">Secretar\u00eda Ejecutiva de la ICMSJ<\/span><\/td>\n<td style=\"width: 104px;\"><a href=\"..\/\/_2021_\/informacion publica\/marzo\/NUMERAL 2\/DIRECTORIO DE LA INSTITUCI\u00d3N SEICMSJ.pdf\"><img decoding=\"async\" class=\"wp-image-3229 aligncenter\" src=\"https:\/\/seij.gob.gt\/udisep\/wp-content\/uploads\/2020\/02\/pdf_3.jpg\" alt=\"\" width=\"79\" height=\"86\" \/><\/a><\/td>\n<td style=\"width: 104px;\"><a href=\"..\/\/_2021_\/informacion publica\/marzo\/NUMERAL 2\/DIRECTORIO DE LA INSTITUCI\u00d3N SEICMSJ.xlsx\"><img decoding=\"async\" class=\"aligncenter wp-image-3226\" src=\"https:\/\/seij.gob.gt\/udisep\/wp-content\/uploads\/2020\/02\/excel_1.jpg\" alt=\"\" width=\"87\" height=\"90\" \/><\/a><\/td>\n<\/tr>\n<tr>\n<td style=\"width: 326px;\">&nbsp;<\/p>\n<p><span style=\"font-size: 14pt; color: #000080; font-family: arial, helvetica, sans-serif;\">Prevenci\u00f3n de la Violencia y el Delito<\/span><\/td>\n<td style=\"width: 104px;\"><a href=\"..\/\/_2021_\/informacion publica\/marzo\/NUMERAL 2\/DIRECTORIO DE LA INSTITUCI\u00d3N PREVI.pdf\"><img decoding=\"async\" class=\"wp-image-3229 aligncenter\" src=\"https:\/\/seij.gob.gt\/udisep\/wp-content\/uploads\/2020\/02\/pdf_3.jpg\" alt=\"\" width=\"79\" height=\"86\" \/><\/a><\/td>\n<td style=\"width: 104px;\"><a href=\"..\/\/_2021_\/informacion publica\/marzo\/NUMERAL 2\/DIRECTORIO DE LA INSTITUCI\u00d3N PREVI.xls\"><img decoding=\"async\" class=\"aligncenter wp-image-3226\" src=\"https:\/\/seij.gob.gt\/udisep\/wp-content\/uploads\/2020\/02\/excel_1.jpg\" alt=\"\" width=\"87\" height=\"90\" \/><\/a><\/td>\n<\/tr>\n<\/tbody>\n<\/table>\n<table style=\"height: 30px;\" width=\"469\">\n<tbody>\n<tr>\n<td style=\"width: 226px; text-align: center;\" colspan=\"2\"><span style=\"font-family: 'arial black', sans-serif; font-size: 14pt; color: #000080;\">Febrero<\/span><\/td>\n<\/tr>\n<\/tbody>\n<\/table>\n<table class=\" alignleft\" cellpadding=\"grove\">\n<tbody>\n<tr>\n<td style=\"width: 329px;\">&nbsp;<\/p>\n<p><span style=\"font-size: 14pt; color: #000080; font-family: arial, helvetica, sans-serif;\">Secretar\u00eda Ejecutiva de la ICMSJ<\/span><\/td>\n<td style=\"width: 126px;\"><a href=\"..\/\/_2021_\/informacion publica\/febrero\/NUMERAL 2\/SEIJ_FEB_2021.pdf\"><img decoding=\"async\" class=\"wp-image-3229 aligncenter\" src=\"https:\/\/seij.gob.gt\/udisep\/wp-content\/uploads\/2020\/02\/pdf_3.jpg\" alt=\"\" width=\"79\" height=\"86\" \/><\/a><\/td>\n<\/tr>\n<tr>\n<td style=\"width: 329px;\">&nbsp;<\/p>\n<p><span style=\"font-size: 14pt; color: #000080; font-family: arial, helvetica, sans-serif;\">Prevenci\u00f3n de la Violencia y el Delito<\/span><\/td>\n<td style=\"width: 126px;\"><a href=\"..\/\/_2021_\/informacion publica\/febrero\/NUMERAL 2\/PREVI_FEB2021.pdf\"><img decoding=\"async\" class=\"wp-image-3229 aligncenter\" src=\"https:\/\/seij.gob.gt\/udisep\/wp-content\/uploads\/2020\/02\/pdf_3.jpg\" alt=\"\" width=\"79\" height=\"86\" \/><\/a><\/td>\n<\/tr>\n<\/tbody>\n<\/table>\n<table style=\"height: 40px; width: 470px;\" width=\"429\">\n<tbody>\n<tr>\n<td style=\"text-align: center; width: 460px;\"><span style=\"font-family: 'arial black', sans-serif; font-size: 14pt; color: #000080;\">Enero<\/span><\/td>\n<\/tr>\n<\/tbody>\n<\/table>\n<table class=\" alignleft\" style=\"height: 246px;\" width=\"467\" cellpadding=\"grove\">\n<tbody>\n<tr>\n<td style=\"width: 321px;\">&nbsp;<\/p>\n<p><span style=\"font-size: 14pt; color: #000080; font-family: arial, helvetica, sans-serif;\">Secretar\u00eda Ejecutiva de la ICMSJ<\/span><\/td>\n<td style=\"width: 134px;\"><a href=\"..\/\/_2021_\/informacion publica\/enero\/NUM2\/NUMERAL 2 ENERO.pdf\"><img decoding=\"async\" class=\"wp-image-3229 aligncenter\" src=\"https:\/\/seij.gob.gt\/udisep\/wp-content\/uploads\/2020\/02\/pdf_3.jpg\" alt=\"\" width=\"79\" height=\"86\" \/><\/a><\/td>\n<\/tr>\n<tr>\n<td style=\"width: 321px;\">&nbsp;<\/p>\n<p><span style=\"font-size: 14pt; color: #000080; font-family: arial, helvetica, sans-serif;\">Prevenci\u00f3n de la Violencia y el Delito<\/span><\/td>\n<td style=\"width: 134px;\"><a href=\"..\/\/_2021_\/informacion publica\/enero\/NUM2\/NUMERAL 2 PREVI.pdf\"><img decoding=\"async\" class=\"wp-image-3229 aligncenter\" src=\"https:\/\/seij.gob.gt\/udisep\/wp-content\/uploads\/2020\/02\/pdf_3.jpg\" alt=\"\" width=\"79\" height=\"86\" \/><\/a><\/td>\n<\/tr>\n<\/tbody>\n<\/table>\n<p>&nbsp;<\/p>\n<p>&nbsp;<\/p>\n<p>&nbsp;<\/p>\n<p>&nbsp;<\/p>\n<p>&nbsp;<\/p>\n<p>&nbsp;<\/p>\n<p>&nbsp;<\/p>\n","protected":false},"excerpt":{"rendered":"<p>Directorio y tel\u00e9fono de la entidad y todas las dependencias que la conforman Diciembre &nbsp; Secretar\u00eda Ejecutiva de la ICMSJ &nbsp; Prevenci\u00f3n de la Violencia y el Delito &nbsp; &nbsp; Noviembre &nbsp; Secretar\u00eda Ejecutiva de la ICMSJ &nbsp; Prevenci\u00f3n de la Violencia y el Delito Octubre &nbsp; Secretar\u00eda Ejecutiva de la ICMSJ &nbsp; Prevenci\u00f3n de [&hellip;]<\/p>\n","protected":false},"author":1,"featured_media":0,"parent":0,"menu_order":0,"comment_status":"closed","ping_status":"closed","template":"","meta":{"_et_pb_use_builder":"","_et_pb_old_content":"","_et_gb_content_width":"","footnotes":""},"class_list":["post-3729","page","type-page","status-publish","hentry"],"nelio_popups_active_popup":"","_links":{"self":[{"href":"https:\/\/seij.gob.gt\/udisep\/wp-json\/wp\/v2\/pages\/3729","targetHints":{"allow":["GET"]}}],"collection":[{"href":"https:\/\/seij.gob.gt\/udisep\/wp-json\/wp\/v2\/pages"}],"about":[{"href":"https:\/\/seij.gob.gt\/udisep\/wp-json\/wp\/v2\/types\/page"}],"author":[{"embeddable":true,"href":"https:\/\/seij.gob.gt\/udisep\/wp-json\/wp\/v2\/users\/1"}],"replies":[{"embeddable":true,"href":"https:\/\/seij.gob.gt\/udisep\/wp-json\/wp\/v2\/comments?post=3729"}],"version-history":[{"count":27,"href":"https:\/\/seij.gob.gt\/udisep\/wp-json\/wp\/v2\/pages\/3729\/revisions"}],"predecessor-version":[{"id":3774,"href":"https:\/\/seij.gob.gt\/udisep\/wp-json\/wp\/v2\/pages\/3729\/revisions\/3774"}],"wp:attachment":[{"href":"https:\/\/seij.gob.gt\/udisep\/wp-json\/wp\/v2\/media?parent=3729"}],"curies":[{"name":"wp","href":"https:\/\/api.w.org\/{rel}","templated":true}]}}