{"id":3736,"date":"2021-01-12T11:58:46","date_gmt":"2021-01-12T17:58:46","guid":{"rendered":"http:\/\/seij.gob.gt\/udisep\/?page_id=3736"},"modified":"2022-01-10T12:36:49","modified_gmt":"2022-01-10T18:36:49","slug":"numeral-04-ano-2021","status":"publish","type":"page","link":"https:\/\/seij.gob.gt\/udisep\/numeral-04-ano-2021\/","title":{"rendered":"Numeral 04 a\u00f1o 2021"},"content":{"rendered":"<h1 style=\"text-align: center;\"><span style=\"font-family: arial black, sans-serif; color: #000080;\">Sueldos y honorarios<\/span><\/h1>\n<p>&nbsp;<\/p>\n<table>\n<tbody>\n<tr style=\"height: 28px;\">\n<td style=\"width: 566px; text-align: center; height: 28px;\" colspan=\"3\"><span style=\"font-size: 14pt; font-family: 'arial black', sans-serif; color: #000080;\">Diciembre<\/span><\/td>\n<\/tr>\n<tr style=\"height: 100px;\">\n<td style=\"width: 318.844px; height: 100px;\">&nbsp;<\/p>\n<p><span style=\"font-size: 14pt; font-family: arial, helvetica, sans-serif; color: #000080;\">Secretar\u00eda Ejecutiva de la ICMSJ<\/span><\/td>\n<td style=\"width: 120.094px; height: 100px;\"><a href=\"..\/\/_2021_\/informacion publica\/diciembre\/NUMERAL 4\/SALARIOS DE EMPLEADOS Y SERVIDORES P\u00daBLICOS SEICMSJ.pdf\"><img decoding=\"async\" class=\"aligncenter wp-image-3229\" src=\"https:\/\/seij.gob.gt\/udisep\/wp-content\/uploads\/2020\/02\/pdf_3.jpg\" alt=\"\" width=\"85\" height=\"93\" \/><\/a><\/td>\n<td style=\"width: 115.062px; height: 100px;\"><a href=\"..\/\/_2021_\/informacion publica\/diciembre\/NUMERAL 4\/SALARIOS DE EMPLEADOS Y SERVIDORES P\u00daBLICOS SEICMSJ.xlsx\"><img decoding=\"async\" class=\"aligncenter wp-image-3226\" src=\"https:\/\/seij.gob.gt\/udisep\/wp-content\/uploads\/2020\/02\/excel_1.jpg\" alt=\"\" width=\"95\" height=\"99\" \/><\/a><\/td>\n<\/tr>\n<tr style=\"height: 100px;\">\n<td style=\"width: 318.844px; height: 100px;\">&nbsp;<\/p>\n<p><span style=\"font-size: 14pt; color: #000080; font-family: arial, helvetica, sans-serif;\">Prevenci\u00f3n de la Violencia y el Delito<\/span><\/td>\n<td style=\"width: 120.094px; height: 100px;\"><a href=\"..\/\/_2021_\/informacion publica\/diciembre\/NUMERAL 4\/SALARIOS DE EMPLEADOS Y SERVIDORES PREVI.pdf\"><img decoding=\"async\" class=\"aligncenter wp-image-3229\" src=\"https:\/\/seij.gob.gt\/udisep\/wp-content\/uploads\/2020\/02\/pdf_3.jpg\" alt=\"\" width=\"85\" height=\"93\" \/><\/a><\/td>\n<td style=\"width: 115.062px; height: 100px;\"><a href=\"..\/\/_2021_\/informacion publica\/diciembre\/NUMERAL 4\/SALARIOS DE EMPLEADOS Y SERVIDORES P\u00daBLICOS PREVI.xls\"><img decoding=\"async\" class=\"aligncenter wp-image-3226\" src=\"https:\/\/seij.gob.gt\/udisep\/wp-content\/uploads\/2020\/02\/excel_1.jpg\" alt=\"\" width=\"95\" height=\"99\" \/><\/a><\/td>\n<\/tr>\n<\/tbody>\n<\/table>\n<p>&nbsp;<\/p>\n<table>\n<tbody>\n<tr style=\"height: 28px;\">\n<td style=\"width: 566px; text-align: center; height: 28px;\" colspan=\"3\"><span style=\"font-size: 14pt; font-family: 'arial black', sans-serif; color: #000080;\">Noviembre<\/span><\/td>\n<\/tr>\n<tr style=\"height: 100px;\">\n<td style=\"width: 318.844px; height: 100px;\">&nbsp;<\/p>\n<p><span style=\"font-size: 14pt; font-family: arial, helvetica, sans-serif; color: #000080;\">Secretar\u00eda Ejecutiva de la ICMSJ<\/span><\/td>\n<td style=\"width: 120.094px; height: 100px;\"><a href=\"..\/\/_2021_\/informacion publica\/noviembre\/NUMERAL 4\/SALARIOS DE EMPLEADOS P\u00daBLICOS, FUNCIONARIOS Y ASESORES SEICMSJ.pdf\"><img decoding=\"async\" class=\"aligncenter wp-image-3229\" src=\"https:\/\/seij.gob.gt\/udisep\/wp-content\/uploads\/2020\/02\/pdf_3.jpg\" alt=\"\" width=\"85\" height=\"93\" \/><\/a><\/td>\n<td style=\"width: 115.062px; height: 100px;\"><a href=\"..\/\/_2021_\/informacion publica\/noviembre\/NUMERAL 4\/\"><img decoding=\"async\" class=\"aligncenter wp-image-3226\" src=\"https:\/\/seij.gob.gt\/udisep\/wp-content\/uploads\/2020\/02\/excel_1.jpg\" alt=\"\" width=\"95\" height=\"99\" \/><\/a><\/td>\n<\/tr>\n<tr style=\"height: 100px;\">\n<td style=\"width: 318.844px; height: 100px;\">&nbsp;<\/p>\n<p><span style=\"font-size: 14pt; color: #000080; font-family: arial, helvetica, sans-serif;\">Prevenci\u00f3n de la Violencia y el Delito<\/span><\/td>\n<td style=\"width: 120.094px; height: 100px;\"><a href=\"..\/\/_2021_\/informacion publica\/noviembre\/NUMERAL 4\/SALARIOS DE EMPLEADOS P\u00daBLICOS, FUNCIONARIOS Y ASESORES PREVI.pdf\"><img decoding=\"async\" class=\"aligncenter wp-image-3229\" src=\"https:\/\/seij.gob.gt\/udisep\/wp-content\/uploads\/2020\/02\/pdf_3.jpg\" alt=\"\" width=\"85\" height=\"93\" \/><\/a><\/td>\n<td style=\"width: 115.062px; height: 100px;\"><a href=\"..\/\/_2021_\/informacion publica\/noviembre\/NUMERAL 4\/SALARIOS DE EMPLEADOS P\u00daBLICOS, FUNCIONARIOS Y ASESORES PREVI.xls\"><img decoding=\"async\" class=\"aligncenter wp-image-3226\" src=\"https:\/\/seij.gob.gt\/udisep\/wp-content\/uploads\/2020\/02\/excel_1.jpg\" alt=\"\" width=\"95\" height=\"99\" \/><\/a><\/td>\n<\/tr>\n<\/tbody>\n<\/table>\n<table style=\"height: 228px;\">\n<tbody>\n<tr style=\"height: 28px;\">\n<td style=\"width: 566px; text-align: center; height: 28px;\" colspan=\"3\"><span style=\"font-size: 14pt; font-family: 'arial black', sans-serif; color: #000080;\">Octubre<\/span><\/td>\n<\/tr>\n<tr style=\"height: 100px;\">\n<td style=\"width: 318.844px; height: 100px;\">&nbsp;<\/p>\n<p><span style=\"font-size: 14pt; font-family: arial, helvetica, sans-serif; color: #000080;\">Secretar\u00eda Ejecutiva de la ICMSJ<\/span><\/td>\n<td style=\"width: 120.094px; height: 100px;\"><a href=\"..\/\/_2021_\/informacion publica\/octubre\/NUMERAL 4\/SALARIOS DE SERVIDORES P\u00daBLICOS SEICMSJ.pdf\"><img decoding=\"async\" class=\"aligncenter wp-image-3229\" src=\"https:\/\/seij.gob.gt\/udisep\/wp-content\/uploads\/2020\/02\/pdf_3.jpg\" alt=\"\" width=\"85\" height=\"93\" \/><\/a><\/td>\n<td style=\"width: 115.062px; height: 100px;\"><a href=\"..\/\/_2021_\/informacion publica\/octubre\/NUMERAL 4\/SALARIOS DE SERVIDORES P\u00daBLICOS SEICMSJ.xlsx\"><img decoding=\"async\" class=\"aligncenter wp-image-3226\" src=\"https:\/\/seij.gob.gt\/udisep\/wp-content\/uploads\/2020\/02\/excel_1.jpg\" alt=\"\" width=\"95\" height=\"99\" \/><\/a><\/td>\n<\/tr>\n<tr style=\"height: 100px;\">\n<td style=\"width: 318.844px; height: 100px;\">&nbsp;<\/p>\n<p><span style=\"font-size: 14pt; color: #000080; font-family: arial, helvetica, sans-serif;\">Prevenci\u00f3n de la Violencia y el Delito<\/span><\/td>\n<td style=\"width: 120.094px; height: 100px;\"><a href=\"..\/\/_2021_\/informacion publica\/octubre\/NUMERAL 4\/SALARIOS DE SERVIDORES P\u00daBLICOS Y EMPLEADOS PREVI.pdf\"><img decoding=\"async\" class=\"aligncenter wp-image-3229\" src=\"https:\/\/seij.gob.gt\/udisep\/wp-content\/uploads\/2020\/02\/pdf_3.jpg\" alt=\"\" width=\"85\" height=\"93\" \/><\/a><\/td>\n<td style=\"width: 115.062px; height: 100px;\"><a href=\"..\/\/_2021_\/informacion publica\/octubre\/NUMERAL 4\/SALARIOS DE SERVIDORES P\u00daBLICOS Y EMPLEADOS PREVI.xls\"><img decoding=\"async\" class=\"aligncenter wp-image-3226\" src=\"https:\/\/seij.gob.gt\/udisep\/wp-content\/uploads\/2020\/02\/excel_1.jpg\" alt=\"\" width=\"95\" height=\"99\" \/><\/a><\/td>\n<\/tr>\n<\/tbody>\n<\/table>\n<table>\n<tbody>\n<tr>\n<td style=\"width: 566px; text-align: center;\" colspan=\"3\"><span style=\"font-size: 14pt; font-family: 'arial black', sans-serif; color: #000080;\">Septiembre<\/span><\/td>\n<\/tr>\n<tr>\n<td style=\"width: 318.844px;\">&nbsp;<\/p>\n<p><span style=\"font-size: 14pt; font-family: arial, helvetica, sans-serif; color: #000080;\">Secretar\u00eda Ejecutiva de la ICMSJ<\/span><\/td>\n<td style=\"width: 120.094px;\"><a href=\"..\/\/_2021_\/informacion publica\/septiembre\/NUMERAL 4\/SALRIOS DE EMPLEADOS Y SERVIDORES P\u00daBLICOS SEICMSJ.pdf\"><img decoding=\"async\" class=\"aligncenter wp-image-3229\" src=\"https:\/\/seij.gob.gt\/udisep\/wp-content\/uploads\/2020\/02\/pdf_3.jpg\" alt=\"\" width=\"85\" height=\"93\" \/><\/a><\/td>\n<td style=\"width: 115.062px;\"><a href=\"..\/\/_2021_\/informacion publica\/septiembre\/NUMERAL 4\/SALARIOS DE EMPLEADOS Y SERVIDORES P\u00daBLICOS SEICMSJ.xlsx\"><img decoding=\"async\" class=\"aligncenter wp-image-3226\" src=\"https:\/\/seij.gob.gt\/udisep\/wp-content\/uploads\/2020\/02\/excel_1.jpg\" alt=\"\" width=\"95\" height=\"99\" \/><\/a><\/td>\n<\/tr>\n<tr>\n<td style=\"width: 318.844px;\">&nbsp;<\/p>\n<p><span style=\"font-size: 14pt; color: #000080; font-family: arial, helvetica, sans-serif;\">Prevenci\u00f3n de la Violencia y el Delito<\/span><\/td>\n<td style=\"width: 120.094px;\"><a href=\"..\/\/_2021_\/informacion publica\/septiembre\/NUMERAL 4\/SALARIOS DE EMPLEADOS Y SERVIDORES P\u00daBLICOS PREVI.pdf\"><img decoding=\"async\" class=\"aligncenter wp-image-3229\" src=\"https:\/\/seij.gob.gt\/udisep\/wp-content\/uploads\/2020\/02\/pdf_3.jpg\" alt=\"\" width=\"85\" height=\"93\" \/><\/a><\/td>\n<td style=\"width: 115.062px;\"><a href=\"..\/\/_2021_\/informacion publica\/septiembre\/NUMERAL 4\/SALARIOS DE EMPLEADOS Y SERVIDORES P\u00daBLICOS PREVI.xls\"><img decoding=\"async\" class=\"aligncenter wp-image-3226\" src=\"https:\/\/seij.gob.gt\/udisep\/wp-content\/uploads\/2020\/02\/excel_1.jpg\" alt=\"\" width=\"95\" height=\"99\" \/><\/a><\/td>\n<\/tr>\n<\/tbody>\n<\/table>\n<table>\n<tbody>\n<tr>\n<td style=\"width: 566px; text-align: center;\" colspan=\"3\"><span style=\"font-size: 14pt; font-family: 'arial black', sans-serif; color: #000080;\">Agosto<\/span><\/td>\n<\/tr>\n<tr>\n<td style=\"width: 318.844px;\">&nbsp;<\/p>\n<p><span style=\"font-size: 14pt; font-family: arial, helvetica, sans-serif; color: #000080;\">Secretar\u00eda Ejecutiva de la ICMSJ<\/span><\/td>\n<td style=\"width: 120.094px;\"><a href=\"..\/\/_2021_\/informacion publica\/agosto\/NUMERAL 4\/SALARIOS DE SERVIDORES P\u00daBLICOS SEICMSJ.pdf\"><img decoding=\"async\" class=\"aligncenter wp-image-3229\" src=\"https:\/\/seij.gob.gt\/udisep\/wp-content\/uploads\/2020\/02\/pdf_3.jpg\" alt=\"\" width=\"85\" height=\"93\" \/><\/a><\/td>\n<td style=\"width: 115.062px;\"><a href=\"..\/\/_2021_\/informacion publica\/agosto\/NUMERAL 4\/SALARIOS DE SERVIDORES P\u00daBLICOS SEICMSJ.xlsx\"><img decoding=\"async\" class=\"aligncenter wp-image-3226\" src=\"https:\/\/seij.gob.gt\/udisep\/wp-content\/uploads\/2020\/02\/excel_1.jpg\" alt=\"\" width=\"95\" height=\"99\" \/><\/a><\/td>\n<\/tr>\n<tr>\n<td style=\"width: 318.844px;\">&nbsp;<\/p>\n<p><span style=\"font-size: 14pt; color: #000080; font-family: arial, helvetica, sans-serif;\">Prevenci\u00f3n de la Violencia y el Delito<\/span><\/td>\n<td style=\"width: 120.094px;\"><a href=\"..\/\/_2021_\/informacion publica\/agosto\/NUMERAL 4\/SALARIOS DE SERVIDORES P\u00daBLICOS PREVI.pdf\"><img decoding=\"async\" class=\"aligncenter wp-image-3229\" src=\"https:\/\/seij.gob.gt\/udisep\/wp-content\/uploads\/2020\/02\/pdf_3.jpg\" alt=\"\" width=\"85\" height=\"93\" \/><\/a><\/td>\n<td style=\"width: 115.062px;\"><a href=\"..\/\/_2021_\/informacion publica\/agosto\/NUMERAL 4\/SALARIOS DE SERVIDORES P\u00daBLICOS PREVI.xls\"><img decoding=\"async\" class=\"aligncenter wp-image-3226\" src=\"https:\/\/seij.gob.gt\/udisep\/wp-content\/uploads\/2020\/02\/excel_1.jpg\" alt=\"\" width=\"95\" height=\"99\" \/><\/a><\/td>\n<\/tr>\n<\/tbody>\n<\/table>\n<table>\n<tbody>\n<tr>\n<td style=\"width: 566px; text-align: center;\" colspan=\"3\"><span style=\"font-size: 14pt; font-family: 'arial black', sans-serif; color: #000080;\">Julio<\/span><\/td>\n<\/tr>\n<tr>\n<td style=\"width: 318.844px;\">&nbsp;<\/p>\n<p><span style=\"font-size: 14pt; font-family: arial, helvetica, sans-serif; color: #000080;\">Secretar\u00eda Ejecutiva de la ICMSJ<\/span><\/td>\n<td style=\"width: 120.094px;\"><a href=\"..\/\/_2021_\/informacion publica\/julio\/NUMERAL 4\/SALARIOS, HONORARIOS DE EMPLEADOS SEICMSJ.pdf\"><img decoding=\"async\" class=\"aligncenter wp-image-3229\" src=\"https:\/\/seij.gob.gt\/udisep\/wp-content\/uploads\/2020\/02\/pdf_3.jpg\" alt=\"\" width=\"85\" height=\"93\" \/><\/a><\/td>\n<td style=\"width: 115.062px;\"><a href=\"..\/\/_2021_\/informacion publica\/julio\/NUMERAL 4\/SALARIOS, HONORARIOS DE EMPLEADOS SEICMSJ.xlsx\"><img decoding=\"async\" class=\"aligncenter wp-image-3226\" src=\"https:\/\/seij.gob.gt\/udisep\/wp-content\/uploads\/2020\/02\/excel_1.jpg\" alt=\"\" width=\"95\" height=\"99\" \/><\/a><\/td>\n<\/tr>\n<tr>\n<td style=\"width: 318.844px;\">&nbsp;<\/p>\n<p><span style=\"font-size: 14pt; color: #000080; font-family: arial, helvetica, sans-serif;\">Prevenci\u00f3n de la Violencia y el Delito<\/span><\/td>\n<td style=\"width: 120.094px;\"><a href=\"..\/\/_2021_\/informacion publica\/julio\/NUMERAL 4\/SALARIOS DE SERVIDORES P\u00daBLICOS PREVI.pdf\"><img decoding=\"async\" class=\"aligncenter wp-image-3229\" src=\"https:\/\/seij.gob.gt\/udisep\/wp-content\/uploads\/2020\/02\/pdf_3.jpg\" alt=\"\" width=\"85\" height=\"93\" \/><\/a><\/td>\n<td style=\"width: 115.062px;\"><a href=\"..\/\/_2021_\/informacion publica\/julio\/NUMERAL 4\/SALARIOS DE SERVIDORES P\u00daBLICOS PREVI.xls\"><img decoding=\"async\" class=\"aligncenter wp-image-3226\" src=\"https:\/\/seij.gob.gt\/udisep\/wp-content\/uploads\/2020\/02\/excel_1.jpg\" alt=\"\" width=\"95\" height=\"99\" \/><\/a><\/td>\n<\/tr>\n<\/tbody>\n<\/table>\n<table>\n<tbody>\n<tr>\n<td style=\"width: 566px; text-align: center;\" colspan=\"3\"><span style=\"font-size: 14pt; font-family: 'arial black', sans-serif; color: #000080;\">Junio<\/span><\/td>\n<\/tr>\n<tr>\n<td style=\"width: 318.844px;\">&nbsp;<\/p>\n<p><span style=\"font-size: 14pt; font-family: arial, helvetica, sans-serif; color: #000080;\">Secretar\u00eda Ejecutiva de la ICMSJ<\/span><\/td>\n<td style=\"width: 120.094px;\"><a href=\"..\/\/_2021_\/informacion publica\/junio\/NUMERAL 4\/SLARIOS DE EMPLEADOS SEICMSJ.pdf\"><img decoding=\"async\" class=\"aligncenter wp-image-3229\" src=\"https:\/\/seij.gob.gt\/udisep\/wp-content\/uploads\/2020\/02\/pdf_3.jpg\" alt=\"\" width=\"85\" height=\"93\" \/><\/a><\/td>\n<td style=\"width: 115.062px;\"><a href=\"..\/\/_2021_\/informacion publica\/junio\/NUMERAL 4\/SALARIOS DE EMPLEADOS SEICMSJ.xlsx\"><img decoding=\"async\" class=\"aligncenter wp-image-3226\" src=\"https:\/\/seij.gob.gt\/udisep\/wp-content\/uploads\/2020\/02\/excel_1.jpg\" alt=\"\" width=\"95\" height=\"99\" \/><\/a><\/td>\n<\/tr>\n<tr>\n<td style=\"width: 318.844px;\">&nbsp;<\/p>\n<p><span style=\"font-size: 14pt; color: #000080; font-family: arial, helvetica, sans-serif;\">Prevenci\u00f3n de la Violencia y el Delito<\/span><\/td>\n<td style=\"width: 120.094px;\"><a href=\"..\/\/_2021_\/informacion publica\/junio\/NUMERAL 4\/SALARIOS DE EMPLEADOS PREVI.pdf\"><img decoding=\"async\" class=\"aligncenter wp-image-3229\" src=\"https:\/\/seij.gob.gt\/udisep\/wp-content\/uploads\/2020\/02\/pdf_3.jpg\" alt=\"\" width=\"85\" height=\"93\" \/><\/a><\/td>\n<td style=\"width: 115.062px;\"><a href=\"..\/\/_2021_\/informacion publica\/junio\/NUMERAL 4\/SALARIOS DE EMPLEADOS PREVI.xls\"><img decoding=\"async\" class=\"aligncenter wp-image-3226\" src=\"https:\/\/seij.gob.gt\/udisep\/wp-content\/uploads\/2020\/02\/excel_1.jpg\" alt=\"\" width=\"95\" height=\"99\" \/><\/a><\/td>\n<\/tr>\n<\/tbody>\n<\/table>\n<table style=\"height: 250px;\" width=\"576\">\n<tbody>\n<tr>\n<td style=\"width: 566px; text-align: center;\" colspan=\"3\"><span style=\"font-size: 14pt; font-family: 'arial black', sans-serif; color: #000080;\">Mayo<\/span><\/td>\n<\/tr>\n<tr>\n<td style=\"width: 318.844px;\">&nbsp;<\/p>\n<p><span style=\"font-size: 14pt; font-family: arial, helvetica, sans-serif; color: #000080;\">Secretar\u00eda Ejecutiva de la ICMSJ<\/span><\/td>\n<td style=\"width: 120.094px;\"><a href=\"..\/\/_2021_\/informacion publica\/mayo\/NUMERAL 4\/SALARIOS DE MEPLEADOS SEICMSJ.pdf\"><img decoding=\"async\" class=\"aligncenter wp-image-3229\" src=\"https:\/\/seij.gob.gt\/udisep\/wp-content\/uploads\/2020\/02\/pdf_3.jpg\" alt=\"\" width=\"85\" height=\"93\" \/><\/a><\/td>\n<td style=\"width: 115.062px;\"><a href=\"..\/\/_2021_\/informacion publica\/mayo\/NUMERAL 4\/SALARIOS DE MEPLEADOS SEICMSJ.xlsx\"><img decoding=\"async\" class=\"aligncenter wp-image-3226\" src=\"https:\/\/seij.gob.gt\/udisep\/wp-content\/uploads\/2020\/02\/excel_1.jpg\" alt=\"\" width=\"95\" height=\"99\" \/><\/a><\/td>\n<\/tr>\n<tr>\n<td style=\"width: 318.844px;\">&nbsp;<\/p>\n<p><span style=\"font-size: 14pt; color: #000080; font-family: arial, helvetica, sans-serif;\">Prevenci\u00f3n de la Violencia y el Delito<\/span><\/td>\n<td style=\"width: 120.094px;\"><a href=\"..\/\/_2021_\/informacion publica\/mayo\/NUMERAL 4\/N\u00d3MINAS DE EMPLEADOS PREVI.pdf\"><img decoding=\"async\" class=\"aligncenter wp-image-3229\" src=\"https:\/\/seij.gob.gt\/udisep\/wp-content\/uploads\/2020\/02\/pdf_3.jpg\" alt=\"\" width=\"85\" height=\"93\" \/><\/a><\/td>\n<td style=\"width: 115.062px;\"><a href=\"..\/\/_2021_\/informacion publica\/mayo\/NUMERAL 4\/N\u00d3MINAS DE EMPLEADOS PREVI.xls\"><img decoding=\"async\" class=\"aligncenter wp-image-3226\" src=\"https:\/\/seij.gob.gt\/udisep\/wp-content\/uploads\/2020\/02\/excel_1.jpg\" alt=\"\" width=\"95\" height=\"99\" \/><\/a><\/td>\n<\/tr>\n<\/tbody>\n<\/table>\n<table style=\"height: 282px; width: 571px;\" width=\"575\">\n<tbody>\n<tr>\n<td style=\"width: 561px; text-align: center;\" colspan=\"3\"><span style=\"font-size: 14pt; font-family: 'arial black', sans-serif; color: #000080;\">Abril<\/span><\/td>\n<\/tr>\n<tr>\n<td style=\"width: 316px;\">&nbsp;<\/p>\n<p><span style=\"font-size: 14pt; font-family: arial, helvetica, sans-serif; color: #000080;\">Secretar\u00eda Ejecutiva de la ICMSJ<\/span><\/td>\n<td style=\"width: 119px;\"><a href=\"..\/\/_2021_\/informacion publica\/abril\/NUMERAL 4\/SALARIOS DE EMEPLEADOS SEICMSJ_1.pdf\"><img decoding=\"async\" class=\"aligncenter wp-image-3229\" src=\"https:\/\/seij.gob.gt\/udisep\/wp-content\/uploads\/2020\/02\/pdf_3.jpg\" alt=\"\" width=\"85\" height=\"93\" \/><\/a><\/td>\n<td style=\"width: 114px;\"><a href=\"..\/\/_2021_\/informacion publica\/abril\/NUMERAL 4\/SUELDOS Y HONORARIOS SEICMSJ_1.xlsx\"><img decoding=\"async\" class=\"aligncenter wp-image-3226\" src=\"https:\/\/seij.gob.gt\/udisep\/wp-content\/uploads\/2020\/02\/excel_1.jpg\" alt=\"\" width=\"95\" height=\"99\" \/><\/a><\/td>\n<\/tr>\n<tr>\n<td style=\"width: 316px;\">&nbsp;<\/p>\n<p><span style=\"font-size: 14pt; color: #000080; font-family: arial, helvetica, sans-serif;\">Prevenci\u00f3n de la Violencia y el Delito<\/span><\/td>\n<td style=\"width: 119px;\"><a href=\"..\/\/_2021_\/informacion publica\/abril\/NUMERAL 4\/N\u00d3MINA DE SALARIOS PREVI.pdf\"><img decoding=\"async\" class=\"aligncenter wp-image-3229\" src=\"https:\/\/seij.gob.gt\/udisep\/wp-content\/uploads\/2020\/02\/pdf_3.jpg\" alt=\"\" width=\"85\" height=\"93\" \/><\/a><\/td>\n<td style=\"width: 114px;\"><a href=\"..\/\/_2021_\/informacion publica\/abril\/NUMERAL 4\/N\u00d3MINA DE SALARIOS PREVI.xls\"><img decoding=\"async\" class=\"aligncenter wp-image-3226\" src=\"https:\/\/seij.gob.gt\/udisep\/wp-content\/uploads\/2020\/02\/excel_1.jpg\" alt=\"\" width=\"95\" height=\"99\" \/><\/a><\/td>\n<\/tr>\n<\/tbody>\n<\/table>\n<table style=\"height: 48px;\" width=\"572\">\n<tbody>\n<tr>\n<td style=\"width: 562px; text-align: center;\" colspan=\"3\"><span style=\"font-size: 14pt; font-family: 'arial black', sans-serif; color: #000080;\">Marzo<\/span><\/td>\n<\/tr>\n<tr>\n<td style=\"width: 317px;\">&nbsp;<\/p>\n<p><span style=\"font-size: 14pt; font-family: arial, helvetica, sans-serif; color: #000080;\">Secretar\u00eda Ejecutiva de la ICMSJ<\/span><\/td>\n<td style=\"width: 119px;\"><a href=\"..\/\/_2021_\/informacion publica\/marzo\/NUMERAL 4\/N\u00d3MINA DFE SERVIDORES P\u00daBLICOS SEICMSJ.pdf\"><img decoding=\"async\" class=\"aligncenter wp-image-3229\" src=\"https:\/\/seij.gob.gt\/udisep\/wp-content\/uploads\/2020\/02\/pdf_3.jpg\" alt=\"\" width=\"85\" height=\"93\" \/><\/a><\/td>\n<td style=\"width: 114px;\"><a href=\"..\/\/_2021_\/informacion publica\/marzo\/NUMERAL 4\/N\u00d3MINA DE SERVIDORES P\u00daBLICOS SEICMSJ.xlsx\"><img decoding=\"async\" class=\"aligncenter wp-image-3226\" src=\"https:\/\/seij.gob.gt\/udisep\/wp-content\/uploads\/2020\/02\/excel_1.jpg\" alt=\"\" width=\"95\" height=\"99\" \/><\/a><\/td>\n<\/tr>\n<tr>\n<td style=\"width: 317px;\">&nbsp;<\/p>\n<p><span style=\"font-size: 14pt; color: #000080; font-family: arial, helvetica, sans-serif;\">Prevenci\u00f3n de la Violencia y el Delito<\/span><\/td>\n<td style=\"width: 119px;\"><a href=\"..\/\/_2021_\/informacion publica\/marzo\/NUMERAL 4\/N\u00d3MINA DE SERVIDORES P\u00daBLICOS PREVI.pdf\"><img decoding=\"async\" class=\"aligncenter wp-image-3229\" src=\"https:\/\/seij.gob.gt\/udisep\/wp-content\/uploads\/2020\/02\/pdf_3.jpg\" alt=\"\" width=\"85\" height=\"93\" \/><\/a><\/td>\n<td style=\"width: 114px;\"><a href=\"..\/\/_2021_\/informacion publica\/marzo\/NUMERAL 4\/N\u00d3MINA DE SERVIDORES P\u00daBLICOS PREVI.xls\"><img decoding=\"async\" class=\"aligncenter wp-image-3226\" src=\"https:\/\/seij.gob.gt\/udisep\/wp-content\/uploads\/2020\/02\/excel_1.jpg\" alt=\"\" width=\"95\" height=\"99\" \/><\/a><\/td>\n<\/tr>\n<\/tbody>\n<\/table>\n<table>\n<tbody>\n<tr>\n<td style=\"width: 481px; text-align: center;\" colspan=\"2\"><span style=\"font-size: 14pt; font-family: 'arial black', sans-serif; color: #000080;\">Febrero<\/span><\/td>\n<\/tr>\n<tr>\n<td style=\"width: 359px;\">&nbsp;<\/p>\n<p><span style=\"font-size: 14pt; font-family: arial, helvetica, sans-serif; color: #000080;\">Secretar\u00eda Ejecutiva de la ICMSJ<\/span><\/td>\n<td style=\"width: 116px;\"><a href=\"..\/\/_2021_\/informacion publica\/febrero\/NUMERAL 4\/SEIJ_FEB2021.pdf\"><img decoding=\"async\" class=\"aligncenter wp-image-3229\" src=\"https:\/\/seij.gob.gt\/udisep\/wp-content\/uploads\/2020\/02\/pdf_3.jpg\" alt=\"\" width=\"85\" height=\"93\" \/><\/a><\/td>\n<\/tr>\n<tr>\n<td style=\"width: 359px;\">&nbsp;<\/p>\n<p><span style=\"font-size: 14pt; color: #000080; font-family: arial, helvetica, sans-serif;\">Prevenci\u00f3n de la Violencia y el Delito<\/span><\/td>\n<td style=\"width: 116px;\"><a href=\"..\/\/_2021_\/informacion publica\/febrero\/NUMERAL 4\/PREVI_FEB2021.pdf\"><img decoding=\"async\" class=\"aligncenter wp-image-3229\" src=\"https:\/\/seij.gob.gt\/udisep\/wp-content\/uploads\/2020\/02\/pdf_3.jpg\" alt=\"\" width=\"85\" height=\"93\" \/><\/a><\/td>\n<\/tr>\n<\/tbody>\n<\/table>\n<table style=\"height: 101px;\" width=\"491\">\n<tbody>\n<tr>\n<td style=\"width: 481px; text-align: center;\" colspan=\"2\"><span style=\"font-size: 14pt; font-family: 'arial black', sans-serif; color: #000080;\">Enero<\/span><\/td>\n<\/tr>\n<tr>\n<td style=\"width: 359px;\">&nbsp;<\/p>\n<p><span style=\"font-size: 14pt; font-family: arial, helvetica, sans-serif; color: #000080;\">Secretar\u00eda Ejecutiva de la ICMSJ<\/span><\/td>\n<td style=\"width: 116px;\"><a href=\"..\/\/_2021_\/informacion publica\/enero\/NUM4\/NUMERAL 4 SEIJ.pdf\"><img decoding=\"async\" class=\"aligncenter wp-image-3229\" src=\"https:\/\/seij.gob.gt\/udisep\/wp-content\/uploads\/2020\/02\/pdf_3.jpg\" alt=\"\" width=\"85\" height=\"93\" \/><\/a><\/td>\n<\/tr>\n<tr>\n<td style=\"width: 359px;\">&nbsp;<\/p>\n<p><span style=\"font-size: 14pt; color: #000080; font-family: arial, helvetica, sans-serif;\">Prevenci\u00f3n de la Violencia y el Delito<\/span><\/td>\n<td style=\"width: 116px;\"><a href=\"..\/\/_2021_\/informacion publica\/enero\/NUM4\/NUMERAL 4 PREVI_1.pdf\"><img decoding=\"async\" class=\"aligncenter wp-image-3229\" src=\"https:\/\/seij.gob.gt\/udisep\/wp-content\/uploads\/2020\/02\/pdf_3.jpg\" alt=\"\" width=\"85\" height=\"93\" \/><\/a><\/td>\n<\/tr>\n<\/tbody>\n<\/table>\n","protected":false},"excerpt":{"rendered":"<p>Sueldos y honorarios &nbsp; Diciembre &nbsp; Secretar\u00eda Ejecutiva de la ICMSJ &nbsp; Prevenci\u00f3n de la Violencia y el Delito &nbsp; Noviembre &nbsp; Secretar\u00eda Ejecutiva de la ICMSJ &nbsp; Prevenci\u00f3n de la Violencia y el Delito Octubre &nbsp; Secretar\u00eda Ejecutiva de la ICMSJ &nbsp; Prevenci\u00f3n de la Violencia y el Delito Septiembre &nbsp; Secretar\u00eda Ejecutiva de [&hellip;]<\/p>\n","protected":false},"author":1,"featured_media":0,"parent":0,"menu_order":0,"comment_status":"closed","ping_status":"closed","template":"","meta":{"_et_pb_use_builder":"","_et_pb_old_content":"","_et_gb_content_width":"","footnotes":""},"class_list":["post-3736","page","type-page","status-publish","hentry"],"nelio_popups_active_popup":"","_links":{"self":[{"href":"https:\/\/seij.gob.gt\/udisep\/wp-json\/wp\/v2\/pages\/3736","targetHints":{"allow":["GET"]}}],"collection":[{"href":"https:\/\/seij.gob.gt\/udisep\/wp-json\/wp\/v2\/pages"}],"about":[{"href":"https:\/\/seij.gob.gt\/udisep\/wp-json\/wp\/v2\/types\/page"}],"author":[{"embeddable":true,"href":"https:\/\/seij.gob.gt\/udisep\/wp-json\/wp\/v2\/users\/1"}],"replies":[{"embeddable":true,"href":"https:\/\/seij.gob.gt\/udisep\/wp-json\/wp\/v2\/comments?post=3736"}],"version-history":[{"count":25,"href":"https:\/\/seij.gob.gt\/udisep\/wp-json\/wp\/v2\/pages\/3736\/revisions"}],"predecessor-version":[{"id":4336,"href":"https:\/\/seij.gob.gt\/udisep\/wp-json\/wp\/v2\/pages\/3736\/revisions\/4336"}],"wp:attachment":[{"href":"https:\/\/seij.gob.gt\/udisep\/wp-json\/wp\/v2\/media?parent=3736"}],"curies":[{"name":"wp","href":"https:\/\/api.w.org\/{rel}","templated":true}]}}