{"id":3753,"date":"2021-01-12T15:47:49","date_gmt":"2021-01-12T21:47:49","guid":{"rendered":"http:\/\/seij.gob.gt\/udisep\/?page_id=3753"},"modified":"2022-01-10T11:10:43","modified_gmt":"2022-01-10T17:10:43","slug":"numeral-14-ano-2021","status":"publish","type":"page","link":"https:\/\/seij.gob.gt\/udisep\/numeral-14-ano-2021\/","title":{"rendered":"Numeral 14 a\u00f1o 2021"},"content":{"rendered":"<h1 style=\"text-align: center;\"><span style=\"font-family: arial black, sans-serif; color: #000080;\">Informaci\u00f3n sobre los contratos de mantenimiento de equipo, veh\u00edculos, inmuebles, plantas e instalaciones de todos los sujetos obligados.<\/span><\/h1>\n<p>&nbsp;<\/p>\n<p>&nbsp;<\/p>\n<table>\n<tbody>\n<tr>\n<td style=\"width: 521px; text-align: center;\" colspan=\"3\"><span style=\"font-family: 'arial black', sans-serif; font-size: 18pt; color: #000080;\">Diciembre<\/span><\/td>\n<\/tr>\n<tr>\n<td style=\"width: 317.297px;\">&nbsp;<\/p>\n<p><span style=\"color: #000080; font-size: 14pt; font-family: arial, helvetica, sans-serif;\">Secretar\u00eda Ejecutiva de la ICMSJ<\/span><\/td>\n<td style=\"width: 94.3125px;\"><a href=\"..\/\/_2021_\/informacion publica\/diciembre\/NUMERAL 14\/CONTRATOS DE MATENIMIENTO SEICMSJ.pdf\"><span style=\"font-family: 'arial black', sans-serif; font-size: 18pt; color: #000080;\"><img decoding=\"async\" class=\"aligncenter wp-image-3229\" src=\"https:\/\/seij.gob.gt\/udisep\/wp-content\/uploads\/2020\/02\/pdf_3.jpg\" alt=\"\" width=\"84\" height=\"92\" \/><\/span><\/a><\/td>\n<td style=\"width: 97.3906px;\"><a href=\"..\/\/_2021_\/informacion publica\/diciembre\/NUMERAL 14\/CONTRATOS DE MATENIMIENTO SEICMSJ.xlsx\"><img decoding=\"async\" width=\"139\" height=\"144\" class=\"aligncenter size-full wp-image-3226\" src=\"https:\/\/seij.gob.gt\/udisep\/wp-content\/uploads\/2020\/02\/excel_1.jpg\" alt=\"\" \/><\/a><\/td>\n<\/tr>\n<tr>\n<td style=\"width: 317.297px;\">&nbsp;<\/p>\n<p><span style=\"color: #000080; font-size: 14pt; font-family: arial, helvetica, sans-serif;\">Prevenci\u00f3n de la Violencia y el Delito<\/span><\/td>\n<td style=\"width: 94.3125px;\"><a href=\"..\/\/_2021_\/informacion publica\/diciembre\/NUMERAL 14\/CONTRATOS DE MANTENIMIENTO PREVI.pdf\"><span style=\"font-family: 'arial black', sans-serif; font-size: 18pt; color: #000080;\"><img decoding=\"async\" class=\"aligncenter wp-image-3229\" src=\"https:\/\/seij.gob.gt\/udisep\/wp-content\/uploads\/2020\/02\/pdf_3.jpg\" alt=\"\" width=\"84\" height=\"92\" \/><\/span><\/a><\/td>\n<td style=\"width: 97.3906px;\"><a href=\"..\/\/_2021_\/informacion publica\/diciembre\/NUMERAL 14\/CONTRATOS DE MANTENIMIENTO PREVI.xls\"><img decoding=\"async\" width=\"139\" height=\"144\" class=\"aligncenter size-full wp-image-3226\" src=\"https:\/\/seij.gob.gt\/udisep\/wp-content\/uploads\/2020\/02\/excel_1.jpg\" alt=\"\" \/><\/a><\/td>\n<\/tr>\n<\/tbody>\n<\/table>\n<table>\n<tbody>\n<tr>\n<td style=\"width: 521px; text-align: center;\" colspan=\"3\"><span style=\"font-family: 'arial black', sans-serif; font-size: 18pt; color: #000080;\">Noviembre<\/span><\/td>\n<\/tr>\n<tr>\n<td style=\"width: 317.297px;\">&nbsp;<\/p>\n<p><span style=\"color: #000080; font-size: 14pt; font-family: arial, helvetica, sans-serif;\">Secretar\u00eda Ejecutiva de la ICMSJ<\/span><\/td>\n<td style=\"width: 94.3125px;\"><a href=\"..\/\/_2021_\/informacion publica\/noviembre\/NUMERAL 14\/CONTRATOS DE MANTENIMIENTO SEICMSJ.pdf\"><span style=\"font-family: 'arial black', sans-serif; font-size: 18pt; color: #000080;\"><img decoding=\"async\" class=\"aligncenter wp-image-3229\" src=\"https:\/\/seij.gob.gt\/udisep\/wp-content\/uploads\/2020\/02\/pdf_3.jpg\" alt=\"\" width=\"84\" height=\"92\" \/><\/span><\/a><\/td>\n<td style=\"width: 97.3906px;\"><a href=\"..\/\/_2021_\/informacion publica\/noviembre\/NUMERAL 14\/CONTRATOS DE MANTENIMIENTO SEICMSJ.xlsx\"><img decoding=\"async\" width=\"139\" height=\"144\" class=\"aligncenter size-full wp-image-3226\" src=\"https:\/\/seij.gob.gt\/udisep\/wp-content\/uploads\/2020\/02\/excel_1.jpg\" alt=\"\" \/><\/a><\/td>\n<\/tr>\n<tr>\n<td style=\"width: 317.297px;\">&nbsp;<\/p>\n<p><span style=\"color: #000080; font-size: 14pt; font-family: arial, helvetica, sans-serif;\">Prevenci\u00f3n de la Violencia y el Delito<\/span><\/td>\n<td style=\"width: 94.3125px;\"><a href=\"..\/\/_2021_\/informacion publica\/noviembre\/NUMERAL 14\/CONTRATOS POR MANTENIMIENTO PREVI.pdf\"><span style=\"font-family: 'arial black', sans-serif; font-size: 18pt; color: #000080;\"><img decoding=\"async\" class=\"aligncenter wp-image-3229\" src=\"https:\/\/seij.gob.gt\/udisep\/wp-content\/uploads\/2020\/02\/pdf_3.jpg\" alt=\"\" width=\"84\" height=\"92\" \/><\/span><\/a><\/td>\n<td style=\"width: 97.3906px;\"><a href=\"..\/\/_2021_\/informacion publica\/noviembre\/NUMERAL 14\/CONTRATOS POR MANTENIMIENTO PREVI.xls\"><img decoding=\"async\" width=\"139\" height=\"144\" class=\"aligncenter size-full wp-image-3226\" src=\"https:\/\/seij.gob.gt\/udisep\/wp-content\/uploads\/2020\/02\/excel_1.jpg\" alt=\"\" \/><\/a><\/td>\n<\/tr>\n<\/tbody>\n<\/table>\n<table>\n<tbody>\n<tr>\n<td style=\"width: 521px; text-align: center;\" colspan=\"3\"><span style=\"font-family: 'arial black', sans-serif; font-size: 18pt; color: #000080;\">Octubre<\/span><\/td>\n<\/tr>\n<tr>\n<td style=\"width: 317.297px;\">&nbsp;<\/p>\n<p><span style=\"color: #000080; font-size: 14pt; font-family: arial, helvetica, sans-serif;\">Secretar\u00eda Ejecutiva de la ICMSJ<\/span><\/td>\n<td style=\"width: 94.3125px;\"><a href=\"..\/\/_2021_\/informacion publica\/octubre\/NUMERAL 14\/CONTRATOS POR MANTENIMIENTO SEICMSJ.pdf\"><span style=\"font-family: 'arial black', sans-serif; font-size: 18pt; color: #000080;\"><img decoding=\"async\" class=\"aligncenter wp-image-3229\" src=\"https:\/\/seij.gob.gt\/udisep\/wp-content\/uploads\/2020\/02\/pdf_3.jpg\" alt=\"\" width=\"84\" height=\"92\" \/><\/span><\/a><\/td>\n<td style=\"width: 97.3906px;\"><a href=\"..\/\/_2021_\/informacion publica\/octubre\/NUMERAL 14\/CONTRATOS POR MANTENIMIENTO SEICMSJ.xlsx\"><img decoding=\"async\" width=\"139\" height=\"144\" class=\"aligncenter size-full wp-image-3226\" src=\"https:\/\/seij.gob.gt\/udisep\/wp-content\/uploads\/2020\/02\/excel_1.jpg\" alt=\"\" \/><\/a><\/td>\n<\/tr>\n<tr>\n<td style=\"width: 317.297px;\">&nbsp;<\/p>\n<p><span style=\"color: #000080; font-size: 14pt; font-family: arial, helvetica, sans-serif;\">Prevenci\u00f3n de la Violencia y el Delito<\/span><\/td>\n<td style=\"width: 94.3125px;\"><a href=\"..\/\/_2021_\/informacion publica\/octubre\/NUMERAL 14\/CONTRATOS DE MANTENIMIENTO PREVI.pdf\"><span style=\"font-family: 'arial black', sans-serif; font-size: 18pt; color: #000080;\"><img decoding=\"async\" class=\"aligncenter wp-image-3229\" src=\"https:\/\/seij.gob.gt\/udisep\/wp-content\/uploads\/2020\/02\/pdf_3.jpg\" alt=\"\" width=\"84\" height=\"92\" \/><\/span><\/a><\/td>\n<td style=\"width: 97.3906px;\"><a href=\"..\/\/_2021_\/informacion publica\/octubre\/NUMERAL 14\/_2021_\/informacion publica\/octubre\/NUMERAL 14\"><img decoding=\"async\" width=\"139\" height=\"144\" class=\"aligncenter size-full wp-image-3226\" src=\"https:\/\/seij.gob.gt\/udisep\/wp-content\/uploads\/2020\/02\/excel_1.jpg\" alt=\"\" \/><\/a><\/td>\n<\/tr>\n<\/tbody>\n<\/table>\n<table>\n<tbody>\n<tr>\n<td style=\"width: 521px; text-align: center;\" colspan=\"3\"><span style=\"font-family: 'arial black', sans-serif; font-size: 18pt; color: #000080;\">Septiembre<\/span><\/td>\n<\/tr>\n<tr>\n<td style=\"width: 317.297px;\">&nbsp;<\/p>\n<p><span style=\"color: #000080; font-size: 14pt; font-family: arial, helvetica, sans-serif;\">Secretar\u00eda Ejecutiva de la ICMSJ<\/span><\/td>\n<td style=\"width: 94.3125px;\"><a href=\"..\/\/_2021_\/informacion publica\/septiembre\/NUMERAL 14\/CONTRATOS DE MANTENIMIENTO SEICMSJ.pdf\"><span style=\"font-family: 'arial black', sans-serif; font-size: 18pt; color: #000080;\"><img decoding=\"async\" class=\"aligncenter wp-image-3229\" src=\"https:\/\/seij.gob.gt\/udisep\/wp-content\/uploads\/2020\/02\/pdf_3.jpg\" alt=\"\" width=\"84\" height=\"92\" \/><\/span><\/a><\/td>\n<td style=\"width: 97.3906px;\"><a href=\"..\/\/_2021_\/informacion publica\/septiembre\/NUMERAL 14\/CONTRATOS DE MANTENIMIENTO SEICMSJ.xlsx\"><img decoding=\"async\" width=\"139\" height=\"144\" class=\"aligncenter size-full wp-image-3226\" src=\"https:\/\/seij.gob.gt\/udisep\/wp-content\/uploads\/2020\/02\/excel_1.jpg\" alt=\"\" \/><\/a><\/td>\n<\/tr>\n<tr>\n<td style=\"width: 317.297px;\">&nbsp;<\/p>\n<p><span style=\"color: #000080; font-size: 14pt; font-family: arial, helvetica, sans-serif;\">Prevenci\u00f3n de la Violencia y el Delito<\/span><\/td>\n<td style=\"width: 94.3125px;\"><a href=\"..\/\/_2021_\/informacion publica\/septiembre\/NUMERAL 14\/CONTRATOS DE MANTIMIENTO PREVI.pdf\"><span style=\"font-family: 'arial black', sans-serif; font-size: 18pt; color: #000080;\"><img decoding=\"async\" class=\"aligncenter wp-image-3229\" src=\"https:\/\/seij.gob.gt\/udisep\/wp-content\/uploads\/2020\/02\/pdf_3.jpg\" alt=\"\" width=\"84\" height=\"92\" \/><\/span><\/a><\/td>\n<td style=\"width: 97.3906px;\"><a href=\"..\/\/_2021_\/informacion publica\/septiembre\/NUMERAL 14\/CONTRATOS DE MANTIMIENTO PREVI.xls\"><img decoding=\"async\" width=\"139\" height=\"144\" class=\"aligncenter size-full wp-image-3226\" src=\"https:\/\/seij.gob.gt\/udisep\/wp-content\/uploads\/2020\/02\/excel_1.jpg\" alt=\"\" \/><\/a><\/td>\n<\/tr>\n<\/tbody>\n<\/table>\n<table>\n<tbody>\n<tr>\n<td style=\"width: 521px; text-align: center;\" colspan=\"3\"><span style=\"font-family: 'arial black', sans-serif; font-size: 18pt; color: #000080;\">Agosto<\/span><\/td>\n<\/tr>\n<tr>\n<td style=\"width: 317.297px;\">&nbsp;<\/p>\n<p><span style=\"color: #000080; font-size: 14pt; font-family: arial, helvetica, sans-serif;\">Secretar\u00eda Ejecutiva de la ICMSJ<\/span><\/td>\n<td style=\"width: 94.3125px;\"><a href=\"..\/\/_2021_\/informacion publica\/agosto\/NUMERAL 14\/CONTRATOS DE MANTENIMIENTO SEICMSJ.pdf\"><span style=\"font-family: 'arial black', sans-serif; font-size: 18pt; color: #000080;\"><img decoding=\"async\" class=\"aligncenter wp-image-3229\" src=\"https:\/\/seij.gob.gt\/udisep\/wp-content\/uploads\/2020\/02\/pdf_3.jpg\" alt=\"\" width=\"84\" height=\"92\" \/><\/span><\/a><\/td>\n<td style=\"width: 97.3906px;\"><a href=\"..\/\/_2021_\/informacion publica\/agosto\/NUMERAL 14\/CONTRATOS DE MANTENIMIENTO SEICMSJ.xlsx\"><img decoding=\"async\" width=\"139\" height=\"144\" class=\"aligncenter size-full wp-image-3226\" src=\"https:\/\/seij.gob.gt\/udisep\/wp-content\/uploads\/2020\/02\/excel_1.jpg\" alt=\"\" \/><\/a><\/td>\n<\/tr>\n<tr>\n<td style=\"width: 317.297px;\">&nbsp;<\/p>\n<p><span style=\"color: #000080; font-size: 14pt; font-family: arial, helvetica, sans-serif;\">Prevenci\u00f3n de la Violencia y el Delito<\/span><\/td>\n<td style=\"width: 94.3125px;\"><a href=\"..\/\/_2021_\/informacion publica\/agosto\/NUMERAL 14\/CONTRATOS DE MANTENIMIENTO PREVI.pdf\"><span style=\"font-family: 'arial black', sans-serif; font-size: 18pt; color: #000080;\"><img decoding=\"async\" class=\"aligncenter wp-image-3229\" src=\"https:\/\/seij.gob.gt\/udisep\/wp-content\/uploads\/2020\/02\/pdf_3.jpg\" alt=\"\" width=\"84\" height=\"92\" \/><\/span><\/a><\/td>\n<td style=\"width: 97.3906px;\"><a href=\"..\/\/_2021_\/informacion publica\/agosto\/NUMERAL 14\/CONTRATOS DE MANTENIMIENTO PREVI.xls\"><img decoding=\"async\" width=\"139\" height=\"144\" class=\"aligncenter size-full wp-image-3226\" src=\"https:\/\/seij.gob.gt\/udisep\/wp-content\/uploads\/2020\/02\/excel_1.jpg\" alt=\"\" \/><\/a><\/td>\n<\/tr>\n<\/tbody>\n<\/table>\n<table>\n<tbody>\n<tr>\n<td style=\"width: 521px; text-align: center;\" colspan=\"3\"><span style=\"font-family: 'arial black', sans-serif; font-size: 18pt; color: #000080;\">Julio<\/span><\/td>\n<\/tr>\n<tr>\n<td style=\"width: 317.297px;\">&nbsp;<\/p>\n<p><span style=\"color: #000080; font-size: 14pt; font-family: arial, helvetica, sans-serif;\">Secretar\u00eda Ejecutiva de la ICMSJ<\/span><\/td>\n<td style=\"width: 94.3125px;\"><a href=\"..\/\/_2021_\/informacion publica\/julio\/NUMERAL 14\/CONTRATOS DE MANTENIMIENTO SEICMSJ.pdf\"><span style=\"font-family: 'arial black', sans-serif; font-size: 18pt; color: #000080;\"><img decoding=\"async\" class=\"aligncenter wp-image-3229\" src=\"https:\/\/seij.gob.gt\/udisep\/wp-content\/uploads\/2020\/02\/pdf_3.jpg\" alt=\"\" width=\"84\" height=\"92\" \/><\/span><\/a><\/td>\n<td style=\"width: 97.3906px;\"><a href=\"..\/\/_2021_\/informacion publica\/julio\/NUMERAL 14\/CONTRATOS DE MANTENIMIENTO SEICMSJ.xlsx\"><img decoding=\"async\" width=\"139\" height=\"144\" class=\"aligncenter size-full wp-image-3226\" src=\"https:\/\/seij.gob.gt\/udisep\/wp-content\/uploads\/2020\/02\/excel_1.jpg\" alt=\"\" \/><\/a><\/td>\n<\/tr>\n<tr>\n<td style=\"width: 317.297px;\">&nbsp;<\/p>\n<p><span style=\"color: #000080; font-size: 14pt; font-family: arial, helvetica, sans-serif;\">Prevenci\u00f3n de la Violencia y el Delito<\/span><\/td>\n<td style=\"width: 94.3125px;\"><a href=\"..\/\/_2021_\/informacion publica\/julio\/NUMERAL 14\/CONTRATOS DE MANTENIMIENTO PREVI.pdf\"><span style=\"font-family: 'arial black', sans-serif; font-size: 18pt; color: #000080;\"><img decoding=\"async\" class=\"aligncenter wp-image-3229\" src=\"https:\/\/seij.gob.gt\/udisep\/wp-content\/uploads\/2020\/02\/pdf_3.jpg\" alt=\"\" width=\"84\" height=\"92\" \/><\/span><\/a><\/td>\n<td style=\"width: 97.3906px;\"><a href=\"..\/\/_2021_\/informacion publica\/julio\/NUMERAL 14\/CONTRATOS DE MANTENIMIENTO PREVI.xls\"><img decoding=\"async\" width=\"139\" height=\"144\" class=\"aligncenter size-full wp-image-3226\" src=\"https:\/\/seij.gob.gt\/udisep\/wp-content\/uploads\/2020\/02\/excel_1.jpg\" alt=\"\" \/><\/a><\/td>\n<\/tr>\n<\/tbody>\n<\/table>\n<table style=\"height: 236px;\" width=\"531\">\n<tbody>\n<tr style=\"height: 36px;\">\n<td style=\"width: 521px; text-align: center; height: 36px;\" colspan=\"3\"><span style=\"font-family: 'arial black', sans-serif; font-size: 18pt; color: #000080;\">Junio<\/span><\/td>\n<\/tr>\n<tr style=\"height: 100px;\">\n<td style=\"width: 317.297px; height: 100px;\">&nbsp;<\/p>\n<p><span style=\"color: #000080; font-size: 14pt; font-family: arial, helvetica, sans-serif;\">Secretar\u00eda Ejecutiva de la ICMSJ<\/span><\/td>\n<td style=\"width: 94.3125px; height: 100px;\"><a href=\"..\/\/_2021_\/informacion publica\/junio\/NUMERAL 14\/CONTRATOS DE MANTENIMIENTO SEICMSJ.pdf\"><span style=\"font-family: 'arial black', sans-serif; font-size: 18pt; color: #000080;\"><img decoding=\"async\" class=\"aligncenter wp-image-3229\" src=\"https:\/\/seij.gob.gt\/udisep\/wp-content\/uploads\/2020\/02\/pdf_3.jpg\" alt=\"\" width=\"84\" height=\"92\" \/><\/span><\/a><\/td>\n<td style=\"width: 97.3906px; height: 100px;\"><a href=\"..\/\/_2021_\/informacion publica\/junio\/NUMERAL 14\/CONTRATOS POR SERVICIOS SEICMSJ.xlsx\"><img decoding=\"async\" width=\"139\" height=\"144\" class=\"aligncenter size-full wp-image-3226\" src=\"https:\/\/seij.gob.gt\/udisep\/wp-content\/uploads\/2020\/02\/excel_1.jpg\" alt=\"\" \/><\/a><\/td>\n<\/tr>\n<tr style=\"height: 100px;\">\n<td style=\"width: 317.297px; height: 100px;\">&nbsp;<\/p>\n<p><span style=\"color: #000080; font-size: 14pt; font-family: arial, helvetica, sans-serif;\">Prevenci\u00f3n de la Violencia y el Delito<\/span><\/td>\n<td style=\"width: 94.3125px; height: 100px;\"><a href=\"..\/\/_2021_\/informacion publica\/junio\/NUMERAL 14\/CONTRATOS DE MANTENIMIENTO PREVI.pdf\"><span style=\"font-family: 'arial black', sans-serif; font-size: 18pt; color: #000080;\"><img decoding=\"async\" class=\"aligncenter wp-image-3229\" src=\"https:\/\/seij.gob.gt\/udisep\/wp-content\/uploads\/2020\/02\/pdf_3.jpg\" alt=\"\" width=\"84\" height=\"92\" \/><\/span><\/a><\/td>\n<td style=\"width: 97.3906px; height: 100px;\"><a href=\"..\/\/_2021_\/informacion publica\/junio\/NUMERAL 14\/CONTRATOS POR MANTENIMIENTO PREVI.xls\"><img decoding=\"async\" width=\"139\" height=\"144\" class=\"aligncenter size-full wp-image-3226\" src=\"https:\/\/seij.gob.gt\/udisep\/wp-content\/uploads\/2020\/02\/excel_1.jpg\" alt=\"\" \/><\/a><\/td>\n<\/tr>\n<\/tbody>\n<\/table>\n<table style=\"height: 258px;\" width=\"527\">\n<tbody>\n<tr>\n<td style=\"width: 517px; text-align: center;\" colspan=\"3\"><span style=\"font-family: 'arial black', sans-serif; font-size: 18pt; color: #000080;\">Mayo<\/span><\/td>\n<\/tr>\n<tr>\n<td style=\"width: 314.844px;\">&nbsp;<\/p>\n<p><span style=\"color: #000080; font-size: 14pt; font-family: arial, helvetica, sans-serif;\">Secretar\u00eda Ejecutiva de la ICMSJ<\/span><\/td>\n<td style=\"width: 93.5625px;\"><a href=\"..\/\/_2021_\/informacion publica\/mayo\/NUMERAL 14\/CONTRATOS DE MANTENIMIENTO SEICMSJ.pdf\"><span style=\"font-family: 'arial black', sans-serif; font-size: 18pt; color: #000080;\"><img decoding=\"async\" class=\"aligncenter wp-image-3229\" src=\"https:\/\/seij.gob.gt\/udisep\/wp-content\/uploads\/2020\/02\/pdf_3.jpg\" alt=\"\" width=\"84\" height=\"92\" \/><\/span><\/a><\/td>\n<td style=\"width: 96.5938px;\"><a href=\"..\/\/_2021_\/informacion publica\/mayo\/NUMERAL 14\/CONTRATOS DE MANTENIMIENTO SEICMSJ.xlsx\"><img decoding=\"async\" width=\"139\" height=\"144\" class=\"aligncenter size-full wp-image-3226\" src=\"https:\/\/seij.gob.gt\/udisep\/wp-content\/uploads\/2020\/02\/excel_1.jpg\" alt=\"\" \/><\/a><\/td>\n<\/tr>\n<tr>\n<td style=\"width: 314.844px;\">&nbsp;<\/p>\n<p><span style=\"color: #000080; font-size: 14pt; font-family: arial, helvetica, sans-serif;\">Prevenci\u00f3n de la Violencia y el Delito<\/span><\/td>\n<td style=\"width: 93.5625px;\"><a href=\"..\/\/_2021_\/informacion publica\/mayo\/NUMERAL 14\/CONTRATOS DE MATENIMIENTO PREVI.pdf\"><span style=\"font-family: 'arial black', sans-serif; font-size: 18pt; color: #000080;\"><img decoding=\"async\" class=\"aligncenter wp-image-3229\" src=\"https:\/\/seij.gob.gt\/udisep\/wp-content\/uploads\/2020\/02\/pdf_3.jpg\" alt=\"\" width=\"84\" height=\"92\" \/><\/span><\/a><\/td>\n<td style=\"width: 96.5938px;\"><a href=\"..\/\/_2021_\/informacion publica\/mayo\/NUMERAL 14\/CONTRATOS DE MATENIMIENTO PREVI.xls\"><img decoding=\"async\" width=\"139\" height=\"144\" class=\"aligncenter size-full wp-image-3226\" src=\"https:\/\/seij.gob.gt\/udisep\/wp-content\/uploads\/2020\/02\/excel_1.jpg\" alt=\"\" \/><\/a><\/td>\n<\/tr>\n<\/tbody>\n<\/table>\n<table style=\"height: 259px;\" width=\"524\">\n<tbody>\n<tr>\n<td style=\"width: 514px; text-align: center;\" colspan=\"3\"><span style=\"font-family: 'arial black', sans-serif; font-size: 18pt; color: #000080;\">Abril<\/span><\/td>\n<\/tr>\n<tr>\n<td style=\"width: 313px;\">&nbsp;<\/p>\n<p><span style=\"color: #000080; font-size: 14pt; font-family: arial, helvetica, sans-serif;\">Secretar\u00eda Ejecutiva de la ICMSJ<\/span><\/td>\n<td style=\"width: 93px;\"><a href=\"..\/\/_2021_\/informacion publica\/abril\/NUMERAL 14\/CONTRATOS DE MANTENIMIENTO SEICMSJ.pdf\"><span style=\"font-family: 'arial black', sans-serif; font-size: 18pt; color: #000080;\"><img decoding=\"async\" class=\"aligncenter wp-image-3229\" src=\"https:\/\/seij.gob.gt\/udisep\/wp-content\/uploads\/2020\/02\/pdf_3.jpg\" alt=\"\" width=\"84\" height=\"92\" \/><\/span><\/a><\/td>\n<td style=\"width: 96px;\"><a href=\"..\/\/_2021_\/informacion publica\/abril\/NUMERAL 14\/CONTRATOS DE MANTENIMIENTO SEICMSJ.xlsx\"><img decoding=\"async\" width=\"139\" height=\"144\" class=\"aligncenter size-full wp-image-3226\" src=\"https:\/\/seij.gob.gt\/udisep\/wp-content\/uploads\/2020\/02\/excel_1.jpg\" alt=\"\" \/><\/a><\/td>\n<\/tr>\n<tr>\n<td style=\"width: 313px;\">&nbsp;<\/p>\n<p><span style=\"color: #000080; font-size: 14pt; font-family: arial, helvetica, sans-serif;\">Prevenci\u00f3n de la Violencia y el Delito<\/span><\/td>\n<td style=\"width: 93px;\"><a href=\"..\/\/_2021_\/informacion publica\/abril\/NUMERAL 14\/CONTRATOS DE MATENIMIENTO PREVI.pdf\"><span style=\"font-family: 'arial black', sans-serif; font-size: 18pt; color: #000080;\"><img decoding=\"async\" class=\"aligncenter wp-image-3229\" src=\"https:\/\/seij.gob.gt\/udisep\/wp-content\/uploads\/2020\/02\/pdf_3.jpg\" alt=\"\" width=\"84\" height=\"92\" \/><\/span><\/a><\/td>\n<td style=\"width: 96px;\"><a href=\"..\/\/_2021_\/informacion publica\/abril\/NUMERAL 14\/CONTRATOS DE MATENIMIENTO PREVI.xls\"><img decoding=\"async\" width=\"139\" height=\"144\" class=\"aligncenter size-full wp-image-3226\" src=\"https:\/\/seij.gob.gt\/udisep\/wp-content\/uploads\/2020\/02\/excel_1.jpg\" alt=\"\" \/><\/a><\/td>\n<\/tr>\n<\/tbody>\n<\/table>\n<table style=\"height: 88px;\" width=\"522\">\n<tbody>\n<tr>\n<td style=\"width: 512px; text-align: center;\" colspan=\"3\"><span style=\"font-family: 'arial black', sans-serif; font-size: 18pt; color: #000080;\">Marzo<\/span><\/td>\n<\/tr>\n<tr>\n<td style=\"width: 312px;\">&nbsp;<\/p>\n<p><span style=\"color: #000080; font-size: 14pt; font-family: arial, helvetica, sans-serif;\">Secretar\u00eda Ejecutiva de la ICMSJ<\/span><\/td>\n<td style=\"width: 93px;\"><a href=\"..\/\/_2021_\/informacion publica\/marzo\/NUMERAL 14\/CONTRATOS DE MANTENIMIENTO SEICMSJ.pdf\"><span style=\"font-family: 'arial black', sans-serif; font-size: 18pt; color: #000080;\"><img decoding=\"async\" class=\"aligncenter wp-image-3229\" src=\"https:\/\/seij.gob.gt\/udisep\/wp-content\/uploads\/2020\/02\/pdf_3.jpg\" alt=\"\" width=\"84\" height=\"92\" \/><\/span><\/a><\/td>\n<td style=\"width: 95px;\"><a href=\"..\/\/_2021_\/informacion publica\/marzo\/NUMERAL 14\/CONTRATOS DE MANTENIMIENTO SEICMSJ.xlsx\"><img decoding=\"async\" width=\"139\" height=\"144\" class=\"aligncenter size-full wp-image-3226\" src=\"https:\/\/seij.gob.gt\/udisep\/wp-content\/uploads\/2020\/02\/excel_1.jpg\" alt=\"\" \/><\/a><\/td>\n<\/tr>\n<tr>\n<td style=\"width: 312px;\">&nbsp;<\/p>\n<p><span style=\"color: #000080; font-size: 14pt; font-family: arial, helvetica, sans-serif;\">Prevenci\u00f3n de la Violencia y el Delito<\/span><\/td>\n<td style=\"width: 93px;\"><a href=\"..\/\/_2021_\/informacion publica\/marzo\/NUMERAL 14\/CONTRATOS DE MANTENIMIENTO PREVI.pdf\"><span style=\"font-family: 'arial black', sans-serif; font-size: 18pt; color: #000080;\"><img decoding=\"async\" class=\"aligncenter wp-image-3229\" src=\"https:\/\/seij.gob.gt\/udisep\/wp-content\/uploads\/2020\/02\/pdf_3.jpg\" alt=\"\" width=\"84\" height=\"92\" \/><\/span><\/a><\/td>\n<td style=\"width: 95px;\"><a href=\"..\/\/_2021_\/informacion publica\/marzo\/NUMERAL 14\/CONTRATOS DE MANTENIMIENTO PREVI.xls\"><img decoding=\"async\" width=\"139\" height=\"144\" class=\"aligncenter size-full wp-image-3226\" src=\"https:\/\/seij.gob.gt\/udisep\/wp-content\/uploads\/2020\/02\/excel_1.jpg\" alt=\"\" \/><\/a><\/td>\n<\/tr>\n<\/tbody>\n<\/table>\n<table style=\"height: 97px; width: 439px;\" width=\"543\">\n<tbody>\n<tr>\n<td style=\"width: 429px; text-align: center;\" colspan=\"2\"><span style=\"font-family: 'arial black', sans-serif; font-size: 18pt; color: #000080;\">Febrero<\/span><\/td>\n<\/tr>\n<tr>\n<td style=\"text-align: center; width: 316px;\"><span style=\"font-family: 'arial black', sans-serif; font-size: 18pt; color: #000080;\">\u00a0<\/span><\/p>\n<p><span style=\"color: #000080; font-size: 14pt; font-family: arial, helvetica, sans-serif;\">Secretar\u00eda Ejecutiva de la ICMSJ<\/span><\/td>\n<td style=\"text-align: center; width: 107px;\"><a href=\"..\/\/_2021_\/informacion publica\/febrero\/NUMERAL 14\/SEIJ_FEB2021.pdf\"><span style=\"font-family: 'arial black', sans-serif; font-size: 18pt; color: #000080;\"><img decoding=\"async\" class=\"aligncenter wp-image-3229\" src=\"https:\/\/seij.gob.gt\/udisep\/wp-content\/uploads\/2020\/02\/pdf_3.jpg\" alt=\"\" width=\"84\" height=\"92\" \/><\/span><\/a><\/td>\n<\/tr>\n<tr>\n<td style=\"text-align: center; width: 316px;\"><span style=\"font-family: 'arial black', sans-serif; font-size: 18pt; color: #000080;\">\u00a0<\/span><\/p>\n<p><span style=\"color: #000080; font-size: 14pt; font-family: arial, helvetica, sans-serif;\">Prevenci\u00f3n de la Violencia y el Delito<\/span><\/td>\n<td style=\"text-align: center; width: 107px;\"><a href=\"..\/\/_2021_\/informacion publica\/febrero\/NUMERAL 14\/PREVI_FEB2021.pdf\"><span style=\"font-family: 'arial black', sans-serif; font-size: 18pt; color: #000080;\"><img decoding=\"async\" class=\"aligncenter wp-image-3229\" src=\"https:\/\/seij.gob.gt\/udisep\/wp-content\/uploads\/2020\/02\/pdf_3.jpg\" alt=\"\" width=\"84\" height=\"92\" \/><\/span><\/a><\/td>\n<\/tr>\n<tr>\n<td style=\"text-align: center; width: 429px;\" colspan=\"2\"><span style=\"font-family: 'arial black', sans-serif; font-size: 18pt; color: #000080;\">Enero<\/span><\/td>\n<\/tr>\n<tr>\n<td style=\"width: 316px;\">&nbsp;<\/p>\n<p><span style=\"color: #000080; font-size: 14pt; font-family: arial, helvetica, sans-serif;\">Secretar\u00eda Ejecutiva de la ICMSJ<\/span><\/td>\n<td style=\"width: 107px;\"><a href=\"..\/\/_2021_\/informacion publica\/enero\/NUM14\/NUMERAL 14.pdf\"><img decoding=\"async\" class=\"aligncenter wp-image-3229\" src=\"https:\/\/seij.gob.gt\/udisep\/wp-content\/uploads\/2020\/02\/pdf_3.jpg\" alt=\"\" width=\"84\" height=\"92\" \/><\/a><\/td>\n<\/tr>\n<tr>\n<td style=\"width: 316px;\">&nbsp;<\/p>\n<p><span style=\"color: #000080; font-size: 14pt; font-family: arial, helvetica, sans-serif;\">Prevenci\u00f3n de la Violencia y el Delito<\/span><\/td>\n<td style=\"width: 107px;\"><a href=\"..\/\/_2021_\/informacion publica\/enero\/NUM14\/NUMERAL 14 PREVI.pdf\"><img decoding=\"async\" class=\"aligncenter wp-image-3229\" src=\"https:\/\/seij.gob.gt\/udisep\/wp-content\/uploads\/2020\/02\/pdf_3.jpg\" alt=\"\" width=\"84\" height=\"92\" \/><\/a><\/td>\n<\/tr>\n<\/tbody>\n<\/table>\n<p>&nbsp;<\/p>\n","protected":false},"excerpt":{"rendered":"<p>Informaci\u00f3n sobre los contratos de mantenimiento de equipo, veh\u00edculos, inmuebles, plantas e instalaciones de todos los sujetos obligados. &nbsp; &nbsp; Diciembre &nbsp; Secretar\u00eda Ejecutiva de la ICMSJ &nbsp; Prevenci\u00f3n de la Violencia y el Delito Noviembre &nbsp; Secretar\u00eda Ejecutiva de la ICMSJ &nbsp; Prevenci\u00f3n de la Violencia y el Delito Octubre &nbsp; Secretar\u00eda Ejecutiva de [&hellip;]<\/p>\n","protected":false},"author":1,"featured_media":0,"parent":0,"menu_order":0,"comment_status":"closed","ping_status":"closed","template":"","meta":{"_et_pb_use_builder":"","_et_pb_old_content":"","_et_gb_content_width":"","footnotes":""},"class_list":["post-3753","page","type-page","status-publish","hentry"],"nelio_popups_active_popup":"","_links":{"self":[{"href":"https:\/\/seij.gob.gt\/udisep\/wp-json\/wp\/v2\/pages\/3753","targetHints":{"allow":["GET"]}}],"collection":[{"href":"https:\/\/seij.gob.gt\/udisep\/wp-json\/wp\/v2\/pages"}],"about":[{"href":"https:\/\/seij.gob.gt\/udisep\/wp-json\/wp\/v2\/types\/page"}],"author":[{"embeddable":true,"href":"https:\/\/seij.gob.gt\/udisep\/wp-json\/wp\/v2\/users\/1"}],"replies":[{"embeddable":true,"href":"https:\/\/seij.gob.gt\/udisep\/wp-json\/wp\/v2\/comments?post=3753"}],"version-history":[{"count":18,"href":"https:\/\/seij.gob.gt\/udisep\/wp-json\/wp\/v2\/pages\/3753\/revisions"}],"predecessor-version":[{"id":4328,"href":"https:\/\/seij.gob.gt\/udisep\/wp-json\/wp\/v2\/pages\/3753\/revisions\/4328"}],"wp:attachment":[{"href":"https:\/\/seij.gob.gt\/udisep\/wp-json\/wp\/v2\/media?parent=3753"}],"curies":[{"name":"wp","href":"https:\/\/api.w.org\/{rel}","templated":true}]}}