{"id":3884,"date":"2021-03-25T09:58:03","date_gmt":"2021-03-25T15:58:03","guid":{"rendered":"http:\/\/seij.gob.gt\/udisep\/?page_id=3884"},"modified":"2022-11-29T16:21:52","modified_gmt":"2022-11-29T22:21:52","slug":"acuerdos","status":"publish","type":"page","link":"https:\/\/seij.gob.gt\/udisep\/acuerdos\/","title":{"rendered":"Acuerdos"},"content":{"rendered":"<p><span style=\"font-family: 'arial black', sans-serif; font-size: 24pt; color: #000080;\">\u00a0 \u00a0 \u00a0 \u00a0 \u00a0 \u00a0 \u00a0 \u00a0 Acuerdos<\/span><\/p>\n<table style=\"height: 339px; width: 525px;\" width=\"455\">\n<tbody>\n<tr>\n<td style=\"width: 396px; text-align: left;\">&nbsp;<\/p>\n<p><span style=\"font-size: 14pt; font-family: arial, helvetica, sans-serif; color: #3366ff;\">Acuerdo de aprobaci\u00f3n de POA, PEI Y POM<\/span><\/td>\n<td style=\"width: 113px;\"><a href=\"..\/\/_2022_\/informacion publica\/noviembre\/Acuerdo SEICMSJ 002-2022 (aprobaci\u00f3n de PEI, POM, POA 2,022).pdf\"><img decoding=\"async\" class=\"aligncenter wp-image-3229\" src=\"https:\/\/seij.gob.gt\/udisep\/wp-content\/uploads\/2020\/02\/pdf_3.jpg\" alt=\"\" width=\"74\" height=\"81\" \/><\/a><\/td>\n<\/tr>\n<tr>\n<td style=\"width: 396px; text-align: left;\">&nbsp;<\/p>\n<p><span style=\"font-size: 14pt; font-family: arial, helvetica, sans-serif; color: #3366ff;\">Acuerdo R\u00e9gimen del Fondo Rotativo Institucional, Fondos Rotativos Internos y Cajas Chicas<\/span><\/td>\n<td style=\"width: 113px;\"><a href=\"..\/\/_2022_\/manuales y acuerdos\/enero\/Acuerdo de regimen del FR 036.2012 y 006.2015.pdf\"><img decoding=\"async\" class=\"aligncenter wp-image-3229\" src=\"https:\/\/seij.gob.gt\/udisep\/wp-content\/uploads\/2020\/02\/pdf_3.jpg\" alt=\"\" width=\"74\" height=\"81\" \/><\/a><\/td>\n<\/tr>\n<tr>\n<td style=\"width: 396px; text-align: left;\">&nbsp;<\/p>\n<p><span style=\"font-size: 14pt; font-family: arial, helvetica, sans-serif; color: #3366ff;\">Acuerdo R\u00e9gimen del Fondo Rotativo de Pr\u00e9stamos y Donaciones y Cajas Chicas<\/span><\/td>\n<td style=\"width: 113px;\"><a href=\"..\/\/_2022_\/manuales y acuerdos\/enero\/Acuerdo 040-2012 para Programas.pdf\"><img decoding=\"async\" class=\"aligncenter wp-image-3229\" src=\"https:\/\/seij.gob.gt\/udisep\/wp-content\/uploads\/2020\/02\/pdf_3.jpg\" alt=\"\" width=\"74\" height=\"81\" \/><\/a><\/td>\n<\/tr>\n<tr>\n<td style=\"width: 396px; text-align: left;\">&nbsp;<\/p>\n<p><span style=\"font-size: 14pt; font-family: arial, helvetica, sans-serif; color: #3366ff;\">Modificaci\u00f3n Acuerdo SEICMSJ 040-2012<\/span><\/td>\n<td style=\"width: 113px;\"><a href=\"..\/\/_2022_\/manuales y acuerdos\/enero\/Acuerdo 040-2012 para Programas.pdf\"><img decoding=\"async\" class=\"aligncenter wp-image-3229\" src=\"https:\/\/seij.gob.gt\/udisep\/wp-content\/uploads\/2020\/02\/pdf_3.jpg\" alt=\"\" width=\"74\" height=\"81\" \/><\/a><\/td>\n<\/tr>\n<tr>\n<td style=\"width: 396px; text-align: left;\">&nbsp;<\/p>\n<p><span style=\"font-size: 14pt; font-family: arial, helvetica, sans-serif; color: #3366ff;\">Acuerdo SEICMSJ 17-2021<\/span><\/td>\n<td style=\"width: 113px;\"><a href=\"https:\/\/seij.gob.gt\/udisep\/wp-content\/uploads\/2022\/02\/ACUERDO-SEICMSJ-17-2021.pdf\"><img decoding=\"async\" class=\"aligncenter wp-image-3229\" src=\"https:\/\/seij.gob.gt\/udisep\/wp-content\/uploads\/2020\/02\/pdf_3.jpg\" alt=\"\" width=\"74\" height=\"81\" \/><\/a><\/td>\n<\/tr>\n<tr style=\"height: 56px;\">\n<td style=\"width: 396px; text-align: left; height: 56px;\">&nbsp;<\/p>\n<p><span style=\"font-size: 14pt; font-family: arial, helvetica, sans-serif; color: #3366ff;\">Acuerdo SEICMSJ 002-2021<\/span><\/td>\n<td style=\"width: 113px; height: 56px;\"><a href=\"..\/\/_2021_\/manuales y acuerdos\/Acuerdo SEICMSJ 02-2021.pdf\"><img decoding=\"async\" class=\"aligncenter wp-image-3229\" src=\"https:\/\/seij.gob.gt\/udisep\/wp-content\/uploads\/2020\/02\/pdf_3.jpg\" alt=\"\" width=\"74\" height=\"81\" \/><\/a><\/td>\n<\/tr>\n<tr style=\"height: 24px;\">\n<td style=\"width: 396px; height: 24px;\">&nbsp;<\/p>\n<p><span style=\"color: #3366ff; font-family: arial, helvetica, sans-serif; font-size: 14pt;\">Acuerdo SEICMSJ 008-2018<\/span><\/td>\n<td style=\"width: 113px; height: 24px;\"><a href=\"..\/_2018_\/Manuales y Acuerdos\/acuerdo SEICMSJ-008-2018.PDF\"><img decoding=\"async\" class=\"aligncenter wp-image-3229\" src=\"https:\/\/seij.gob.gt\/udisep\/wp-content\/uploads\/2020\/02\/pdf_3.jpg\" alt=\"\" width=\"74\" height=\"81\" \/><\/a><\/td>\n<\/tr>\n<tr style=\"height: 24px;\">\n<td style=\"width: 396px; height: 24px;\">&nbsp;<\/p>\n<p><span style=\"color: #3366ff; font-size: 14pt; font-family: arial, helvetica, sans-serif;\">Acuerdo Manual 026-2017<\/span><\/td>\n<td style=\"width: 113px; height: 24px;\"><a href=\"..\/_2018_\/Manuales y Acuerdos\/ACUERDO MANUAL 26-201720180412_10291200.pdf\"><img decoding=\"async\" class=\"aligncenter wp-image-3229\" src=\"https:\/\/seij.gob.gt\/udisep\/wp-content\/uploads\/2020\/02\/pdf_3.jpg\" alt=\"\" width=\"74\" height=\"81\" \/><\/a><\/td>\n<\/tr>\n<tr style=\"height: 24px;\">\n<td style=\"width: 396px; height: 24px;\">&nbsp;<\/p>\n<p><span style=\"font-family: arial, helvetica, sans-serif; font-size: 14pt; color: #3366ff;\">ACUERDO SEICMSJ 025-2017<\/span><\/td>\n<td style=\"width: 113px; height: 24px;\"><a href=\"..\/_2017_\/Manuales\/PF\/ASEICMSJ-025-2017.pdf\"><img decoding=\"async\" class=\"aligncenter wp-image-3229\" src=\"https:\/\/seij.gob.gt\/udisep\/wp-content\/uploads\/2020\/02\/pdf_3.jpg\" alt=\"\" width=\"74\" height=\"81\" \/><\/a><\/td>\n<\/tr>\n<tr style=\"height: 24px;\">\n<td style=\"width: 396px; height: 24px;\">&nbsp;<\/p>\n<p><span style=\"font-family: arial, helvetica, sans-serif; font-size: 14pt; color: #3366ff;\">ACUERDO SEICMSJ 022-2017<\/span><\/td>\n<td style=\"width: 113px; height: 24px;\"><a href=\"..\/_2017_\/Manuales\/PF\/ASEICMSJ-022-20172.pdf\"><img decoding=\"async\" class=\"aligncenter wp-image-3229\" src=\"https:\/\/seij.gob.gt\/udisep\/wp-content\/uploads\/2020\/02\/pdf_3.jpg\" alt=\"\" width=\"74\" height=\"81\" \/><\/a><\/td>\n<\/tr>\n<tr style=\"height: 24px;\">\n<td style=\"width: 396px; height: 24px;\">&nbsp;<\/p>\n<p><span style=\"font-family: arial, helvetica, sans-serif; font-size: 14pt; color: #3366ff;\">ACUERDO SEICMSJ 019-2017<\/span><\/td>\n<td style=\"width: 113px; height: 24px;\"><a href=\"..\/_2017_\/Manuales\/PF\/ASEICMSJ019-2017.pdf\"><img decoding=\"async\" class=\"aligncenter wp-image-3229\" src=\"https:\/\/seij.gob.gt\/udisep\/wp-content\/uploads\/2020\/02\/pdf_3.jpg\" alt=\"\" width=\"74\" height=\"81\" \/><\/a><\/td>\n<\/tr>\n<tr style=\"height: 24px;\">\n<td style=\"width: 396px; height: 24px;\">&nbsp;<\/p>\n<p><span style=\"font-family: arial, helvetica, sans-serif; font-size: 14pt; color: #3366ff;\">ACUERDO SEICMSJ 014-2017<\/span><\/td>\n<td style=\"width: 113px; height: 24px;\"><a href=\"..\/_2017_\/Manuales\/PF\/ASEICMSJ014-2017.pdf\"><img decoding=\"async\" class=\"aligncenter wp-image-3229\" src=\"https:\/\/seij.gob.gt\/udisep\/wp-content\/uploads\/2020\/02\/pdf_3.jpg\" alt=\"\" width=\"74\" height=\"81\" \/><\/a><\/td>\n<\/tr>\n<tr style=\"height: 24px;\">\n<td style=\"width: 396px; height: 24px;\">&nbsp;<\/p>\n<p><span style=\"color: #3366ff; font-family: arial, helvetica, sans-serif; font-size: 14pt;\">Acuerdo ICMSJ-001-2006 (Reglamento Operativo SE)<\/span><\/td>\n<td style=\"width: 113px; height: 24px;\"><a href=\"..\/_2016_\/_Art.06_\/MANUAL2.pdf\"><img decoding=\"async\" class=\"aligncenter wp-image-3229\" src=\"https:\/\/seij.gob.gt\/udisep\/wp-content\/uploads\/2020\/02\/pdf_3.jpg\" alt=\"\" width=\"74\" height=\"81\" \/><\/a><\/td>\n<\/tr>\n<tr style=\"height: 24px;\">\n<td style=\"width: 396px; height: 24px;\">&nbsp;<\/p>\n<p><span style=\"color: #3366ff; font-family: arial, helvetica, sans-serif; font-size: 14pt;\">Acuerdo SEICMSJ 006-2013<\/span><\/td>\n<td style=\"width: 113px; height: 24px;\"><a href=\"..\/_2016_\/_Art.06_\/Acuerdo 006-2013.pdf\"><img decoding=\"async\" class=\"aligncenter wp-image-3229\" src=\"https:\/\/seij.gob.gt\/udisep\/wp-content\/uploads\/2020\/02\/pdf_3.jpg\" alt=\"\" width=\"74\" height=\"81\" \/><\/a><\/td>\n<\/tr>\n<\/tbody>\n<\/table>\n","protected":false},"excerpt":{"rendered":"<p>\u00a0 \u00a0 \u00a0 \u00a0 \u00a0 \u00a0 \u00a0 \u00a0 Acuerdos &nbsp; Acuerdo de aprobaci\u00f3n de POA, PEI Y POM &nbsp; Acuerdo R\u00e9gimen del Fondo Rotativo Institucional, Fondos Rotativos Internos y Cajas Chicas &nbsp; Acuerdo R\u00e9gimen del Fondo Rotativo de Pr\u00e9stamos y Donaciones y Cajas Chicas &nbsp; Modificaci\u00f3n Acuerdo SEICMSJ 040-2012 &nbsp; Acuerdo SEICMSJ 17-2021 &nbsp; Acuerdo [&hellip;]<\/p>\n","protected":false},"author":1,"featured_media":0,"parent":0,"menu_order":0,"comment_status":"closed","ping_status":"closed","template":"","meta":{"_et_pb_use_builder":"","_et_pb_old_content":"","_et_gb_content_width":"","footnotes":""},"class_list":["post-3884","page","type-page","status-publish","hentry"],"nelio_popups_active_popup":"","_links":{"self":[{"href":"https:\/\/seij.gob.gt\/udisep\/wp-json\/wp\/v2\/pages\/3884","targetHints":{"allow":["GET"]}}],"collection":[{"href":"https:\/\/seij.gob.gt\/udisep\/wp-json\/wp\/v2\/pages"}],"about":[{"href":"https:\/\/seij.gob.gt\/udisep\/wp-json\/wp\/v2\/types\/page"}],"author":[{"embeddable":true,"href":"https:\/\/seij.gob.gt\/udisep\/wp-json\/wp\/v2\/users\/1"}],"replies":[{"embeddable":true,"href":"https:\/\/seij.gob.gt\/udisep\/wp-json\/wp\/v2\/comments?post=3884"}],"version-history":[{"count":7,"href":"https:\/\/seij.gob.gt\/udisep\/wp-json\/wp\/v2\/pages\/3884\/revisions"}],"predecessor-version":[{"id":4930,"href":"https:\/\/seij.gob.gt\/udisep\/wp-json\/wp\/v2\/pages\/3884\/revisions\/4930"}],"wp:attachment":[{"href":"https:\/\/seij.gob.gt\/udisep\/wp-json\/wp\/v2\/media?parent=3884"}],"curies":[{"name":"wp","href":"https:\/\/api.w.org\/{rel}","templated":true}]}}