{"id":394,"date":"2015-12-18T18:30:08","date_gmt":"2015-12-18T18:30:08","guid":{"rendered":"http:\/\/seij.gob.gt\/udisep\/?page_id=394"},"modified":"2016-01-29T15:38:54","modified_gmt":"2016-01-29T15:38:54","slug":"art4","status":"publish","type":"page","link":"https:\/\/seij.gob.gt\/udisep\/art4\/","title":{"rendered":"04. N\u00famero y nombres sueldos y honorarios"},"content":{"rendered":"<table>\n<tbody>\n<tr>\n<td colspan=\"2\"><span style=\"color: #3366ff;\"><strong>Instancia Coordinadora de la Modernizaci\u00f3n del Sector Justicia<\/strong><\/span><\/td>\n<\/tr>\n<tr>\n<td>Correspondiente de enero a diciembre Regl\u00f3n 022<\/td>\n<td style=\"text-align: center;\"><a href=\"..\/_Dip_\/_art4_\/1EnaDic022SICMSJ.pdf\">Descargar<\/a><\/td>\n<\/tr>\n<tr>\n<td>Correspondiente de enero a diciembre Regl\u00f3n 029<\/td>\n<td style=\"text-align: center;\"><a href=\"..\/_Dip_\/_art4_\/2EnaSepRe029SEICMSJ.pdf\">Descargar<\/a><\/td>\n<\/tr>\n<\/tbody>\n<\/table>\n<p>&nbsp;<\/p>\n<table>\n<tbody>\n<tr>\n<td colspan=\"2\"><span style=\"color: #3366ff;\"><strong>Programa de Apoyo a la Seguridad y Justicia en Guatemala<\/strong><\/span><\/td>\n<\/tr>\n<tr>\n<td>Correspondiente de enero a diciembre<\/td>\n<td style=\"text-align: center;\"><a href=\"..\/_Dip_\/_art4_\/4EnaDicSEJUST.pdf\">Descargar<\/a><\/td>\n<\/tr>\n<\/tbody>\n<\/table>\n<p>&nbsp;<\/p>\n<table>\n<tbody>\n<tr>\n<td colspan=\"2\"><span style=\"color: #3366ff;\"><strong>Proyecto Reducci\u00f3n de muertes violentas de mujeres en 12 Municipios\u00a0del Departamento de Solol\u00e1<\/strong><\/span><\/td>\n<\/tr>\n<tr>\n<td>Correspondiente de enero a diciembre<\/td>\n<td style=\"text-align: center;\"><a href=\"..\/_Dip_\/_art4_\/3EnaDicAECID.pdf\">Descargar<\/a><\/td>\n<\/tr>\n<\/tbody>\n<\/table>\n<p>&nbsp;<\/p>\n<table>\n<tbody>\n<tr>\n<td colspan=\"2\"><span style=\"color: #3366ff;\"><strong>Programa de Apoyo al Sector Justicia Penal Pr\u00e9stamo No. 1905\/OC-GU<\/strong><\/span><\/td>\n<\/tr>\n<tr>\n<td>Correspondiente de enero a diciembre<\/td>\n<td style=\"text-align: center;\"><a href=\"..\/_Dip_\/_art4_\/5EnaDicBID.pdf\">Descargar<\/a><\/td>\n<\/tr>\n<\/tbody>\n<\/table>\n","protected":false},"excerpt":{"rendered":"<p>Instancia Coordinadora de la Modernizaci\u00f3n del Sector Justicia Correspondiente de enero a diciembre Regl\u00f3n 022 Descargar Correspondiente de enero a diciembre Regl\u00f3n 029 Descargar &nbsp; Programa de Apoyo a la Seguridad y Justicia en Guatemala Correspondiente de enero a diciembre Descargar &nbsp; Proyecto Reducci\u00f3n de muertes violentas de mujeres en 12 Municipios\u00a0del Departamento de Solol\u00e1 [&hellip;]<\/p>\n","protected":false},"author":1,"featured_media":0,"parent":0,"menu_order":0,"comment_status":"closed","ping_status":"closed","template":"","meta":{"_et_pb_use_builder":"","_et_pb_old_content":"","_et_gb_content_width":"","footnotes":""},"class_list":["post-394","page","type-page","status-publish","hentry"],"nelio_popups_active_popup":"","_links":{"self":[{"href":"https:\/\/seij.gob.gt\/udisep\/wp-json\/wp\/v2\/pages\/394","targetHints":{"allow":["GET"]}}],"collection":[{"href":"https:\/\/seij.gob.gt\/udisep\/wp-json\/wp\/v2\/pages"}],"about":[{"href":"https:\/\/seij.gob.gt\/udisep\/wp-json\/wp\/v2\/types\/page"}],"author":[{"embeddable":true,"href":"https:\/\/seij.gob.gt\/udisep\/wp-json\/wp\/v2\/users\/1"}],"replies":[{"embeddable":true,"href":"https:\/\/seij.gob.gt\/udisep\/wp-json\/wp\/v2\/comments?post=394"}],"version-history":[{"count":10,"href":"https:\/\/seij.gob.gt\/udisep\/wp-json\/wp\/v2\/pages\/394\/revisions"}],"predecessor-version":[{"id":531,"href":"https:\/\/seij.gob.gt\/udisep\/wp-json\/wp\/v2\/pages\/394\/revisions\/531"}],"wp:attachment":[{"href":"https:\/\/seij.gob.gt\/udisep\/wp-json\/wp\/v2\/media?parent=394"}],"curies":[{"name":"wp","href":"https:\/\/api.w.org\/{rel}","templated":true}]}}