{"id":3940,"date":"2021-04-15T14:56:18","date_gmt":"2021-04-15T20:56:18","guid":{"rendered":"http:\/\/seij.gob.gt\/udisep\/?page_id=3940"},"modified":"2021-10-21T09:44:09","modified_gmt":"2021-10-21T15:44:09","slug":"articulo-8","status":"publish","type":"page","link":"https:\/\/seij.gob.gt\/udisep\/articulo-8\/","title":{"rendered":"Art\u00edculo 8"},"content":{"rendered":"<p>&nbsp;<\/p>\n<table style=\"height: 266px;\" width=\"581\">\n<tbody>\n<tr>\n<td style=\"width: 406px;\" colspan=\"2\">\n<p style=\"text-align: center;\"><span style=\"font-family: 'arial black', sans-serif; font-size: 24pt; color: #000080;\">2,021<\/span><\/p>\n<\/td>\n<\/tr>\n<tr>\n<td style=\"width: 406px;\">&nbsp;<\/p>\n<p><span style=\"font-family: arial, helvetica, sans-serif; font-size: 14pt; color: #000080;\">Ejecuci\u00f3n anal\u00edtica del presupuesto septiembre<\/span><\/td>\n<td style=\"width: 159px;\"><a href=\"..\/\/_2021_\/articulo 8\/Ejecucion Fisica y Financiera Septiembre 2021.pdf\"><img decoding=\"async\" class=\"aligncenter wp-image-3229\" src=\"https:\/\/seij.gob.gt\/udisep\/wp-content\/uploads\/2020\/02\/pdf_3.jpg\" alt=\"\" width=\"90\" height=\"98\" \/><\/a><\/td>\n<\/tr>\n<tr>\n<td style=\"width: 406px;\">&nbsp;<\/p>\n<p><span style=\"font-family: arial, helvetica, sans-serif; font-size: 14pt; color: #000080;\">Ejecuci\u00f3n anal\u00edtica del presupuesto agosto<\/span><\/td>\n<td style=\"width: 159px;\"><a href=\"..\/\/_2021_\/articulo 8\/Ejecucion F\u00edsica y Financiera agosto 2021.pdf\"><img decoding=\"async\" class=\"aligncenter wp-image-3229\" src=\"https:\/\/seij.gob.gt\/udisep\/wp-content\/uploads\/2020\/02\/pdf_3.jpg\" alt=\"\" width=\"90\" height=\"98\" \/><\/a><\/td>\n<\/tr>\n<tr>\n<td style=\"width: 406px;\">&nbsp;<\/p>\n<p><span style=\"font-family: arial, helvetica, sans-serif; font-size: 14pt; color: #000080;\">Ejecuci\u00f3n anal\u00edtica del presupuesto julio<\/span><\/td>\n<td style=\"width: 159px;\"><a href=\"..\/\/_2021_\/articulo 8\/Ejecucion Fisica y Financiera julio 2021.pdf\"><img decoding=\"async\" class=\"aligncenter wp-image-3229\" src=\"https:\/\/seij.gob.gt\/udisep\/wp-content\/uploads\/2020\/02\/pdf_3.jpg\" alt=\"\" width=\"90\" height=\"98\" \/><\/a><\/td>\n<\/tr>\n<tr>\n<td style=\"width: 406px;\">&nbsp;<\/p>\n<p><span style=\"font-family: arial, helvetica, sans-serif; font-size: 14pt; color: #000080;\">Ejecuci\u00f3n anal\u00edtica del presupuesto junio<\/span><\/td>\n<td style=\"width: 159px;\"><a href=\"..\/\/_2021_\/articulo 8\/Ejecucion Fisica y Financiera junio 2021.pdf\"><img decoding=\"async\" class=\"aligncenter wp-image-3229\" src=\"https:\/\/seij.gob.gt\/udisep\/wp-content\/uploads\/2020\/02\/pdf_3.jpg\" alt=\"\" width=\"90\" height=\"98\" \/><\/a><\/td>\n<\/tr>\n<tr>\n<td style=\"width: 406px;\">&nbsp;<\/p>\n<p><span style=\"font-family: arial, helvetica, sans-serif; font-size: 14pt; color: #000080;\">Ejecuci\u00f3n anal\u00edtica del presupuesto mayo<\/span><\/td>\n<td style=\"width: 159px;\"><a href=\"..\/\/_2021_\/articulo 8\/Ejecucion Fisica y Financiera mayo 2021.pdf\"><img decoding=\"async\" class=\"aligncenter wp-image-3229\" src=\"https:\/\/seij.gob.gt\/udisep\/wp-content\/uploads\/2020\/02\/pdf_3.jpg\" alt=\"\" width=\"90\" height=\"98\" \/><\/a><\/td>\n<\/tr>\n<tr>\n<td style=\"width: 406px;\">&nbsp;<\/p>\n<p><span style=\"font-family: arial, helvetica, sans-serif; font-size: 14pt; color: #000080;\">Ejecuci\u00f3n anal\u00edtica del presupuesto abril<\/span><\/td>\n<td style=\"width: 159px;\"><a href=\"..\/\/_2021_\/articulo 8\/EJECUCI\u00d3N DEL PRESUPUESTO ABRIL.pdf\"><img decoding=\"async\" class=\"aligncenter wp-image-3229\" src=\"https:\/\/seij.gob.gt\/udisep\/wp-content\/uploads\/2020\/02\/pdf_3.jpg\" alt=\"\" width=\"90\" height=\"98\" \/><\/a><\/td>\n<\/tr>\n<tr>\n<td style=\"width: 406px;\">&nbsp;<\/p>\n<p><span style=\"font-family: arial, helvetica, sans-serif; font-size: 14pt; color: #000080;\">Ejecuci\u00f3n anal\u00edtica del presupuesto marzo<\/span><\/td>\n<td style=\"width: 159px;\"><a href=\"..\/\/_2021_\/articulo 8\/Informe Ejecucion Fisica y Financiera marzo 2021.pdf\"><img decoding=\"async\" class=\"aligncenter wp-image-3229\" src=\"https:\/\/seij.gob.gt\/udisep\/wp-content\/uploads\/2020\/02\/pdf_3.jpg\" alt=\"\" width=\"90\" height=\"98\" \/><\/a><\/td>\n<\/tr>\n<tr>\n<td style=\"width: 406px;\">&nbsp;<\/p>\n<p><span style=\"font-family: arial, helvetica, sans-serif; font-size: 14pt; color: #000080;\">Ejecuci\u00f3n anal\u00edtica del presupuesto febrero<\/span><\/td>\n<td style=\"width: 159px;\"><a href=\"..\/\/_2021_\/articulo 8\/Ejecucion Fisica y Financiera febrero 2021.pdf\"><img decoding=\"async\" class=\"aligncenter wp-image-3229\" src=\"https:\/\/seij.gob.gt\/udisep\/wp-content\/uploads\/2020\/02\/pdf_3.jpg\" alt=\"\" width=\"90\" height=\"98\" \/><\/a><\/td>\n<\/tr>\n<tr>\n<td style=\"width: 406px;\">&nbsp;<\/p>\n<p><span style=\"font-family: arial, helvetica, sans-serif; font-size: 14pt; color: #000080;\">Ejecuci\u00f3n anal\u00edtica del presupuesto enero<\/span><\/td>\n<td style=\"width: 159px;\"><a href=\"..\/\/_2021_\/articulo 8\/Ejecucion Fisica y Financiera Enero 2021.pdf\"><img decoding=\"async\" class=\"aligncenter wp-image-3229\" src=\"https:\/\/seij.gob.gt\/udisep\/wp-content\/uploads\/2020\/02\/pdf_3.jpg\" alt=\"\" width=\"90\" height=\"98\" \/><\/a><\/td>\n<\/tr>\n<\/tbody>\n<\/table>\n","protected":false},"excerpt":{"rendered":"<p>&nbsp; 2,021 &nbsp; Ejecuci\u00f3n anal\u00edtica del presupuesto septiembre &nbsp; Ejecuci\u00f3n anal\u00edtica del presupuesto agosto &nbsp; Ejecuci\u00f3n anal\u00edtica del presupuesto julio &nbsp; Ejecuci\u00f3n anal\u00edtica del presupuesto junio &nbsp; Ejecuci\u00f3n anal\u00edtica del presupuesto mayo &nbsp; Ejecuci\u00f3n anal\u00edtica del presupuesto abril &nbsp; Ejecuci\u00f3n anal\u00edtica del presupuesto marzo &nbsp; Ejecuci\u00f3n anal\u00edtica del presupuesto febrero &nbsp; Ejecuci\u00f3n anal\u00edtica del presupuesto [&hellip;]<\/p>\n","protected":false},"author":1,"featured_media":0,"parent":0,"menu_order":0,"comment_status":"closed","ping_status":"closed","template":"","meta":{"_et_pb_use_builder":"","_et_pb_old_content":"","_et_gb_content_width":"","footnotes":""},"class_list":["post-3940","page","type-page","status-publish","hentry"],"nelio_popups_active_popup":"","_links":{"self":[{"href":"https:\/\/seij.gob.gt\/udisep\/wp-json\/wp\/v2\/pages\/3940","targetHints":{"allow":["GET"]}}],"collection":[{"href":"https:\/\/seij.gob.gt\/udisep\/wp-json\/wp\/v2\/pages"}],"about":[{"href":"https:\/\/seij.gob.gt\/udisep\/wp-json\/wp\/v2\/types\/page"}],"author":[{"embeddable":true,"href":"https:\/\/seij.gob.gt\/udisep\/wp-json\/wp\/v2\/users\/1"}],"replies":[{"embeddable":true,"href":"https:\/\/seij.gob.gt\/udisep\/wp-json\/wp\/v2\/comments?post=3940"}],"version-history":[{"count":10,"href":"https:\/\/seij.gob.gt\/udisep\/wp-json\/wp\/v2\/pages\/3940\/revisions"}],"predecessor-version":[{"id":4248,"href":"https:\/\/seij.gob.gt\/udisep\/wp-json\/wp\/v2\/pages\/3940\/revisions\/4248"}],"wp:attachment":[{"href":"https:\/\/seij.gob.gt\/udisep\/wp-json\/wp\/v2\/media?parent=3940"}],"curies":[{"name":"wp","href":"https:\/\/api.w.org\/{rel}","templated":true}]}}