{"id":4005,"date":"2021-05-12T09:07:55","date_gmt":"2021-05-12T15:07:55","guid":{"rendered":"http:\/\/seij.gob.gt\/udisep\/?page_id=4005"},"modified":"2021-10-07T12:23:25","modified_gmt":"2021-10-07T18:23:25","slug":"abril-contratos-029","status":"publish","type":"page","link":"https:\/\/seij.gob.gt\/udisep\/abril-contratos-029\/","title":{"rendered":"Contratos 029 a\u00f1o 2,021"},"content":{"rendered":"<p><span style=\"font-size: 24pt; font-family: 'arial black', sans-serif; color: #000080;\">Contratos 029 2,021<\/span><\/p>\n<p>&nbsp;<\/p>\n<table>\n<tbody>\n<tr>\n<td style=\"width: 221px;\" colspan=\"2\">\n<p style=\"text-align: center;\"><span style=\"color: #000080; font-size: 18pt; font-family: 'arial black', sans-serif;\">Septiembre\u00a0<\/span><\/p>\n<\/td>\n<\/tr>\n<tr style=\"height: 100px;\">\n<td style=\"width: 221px; height: 100px;\">&nbsp;<\/p>\n<p><span style=\"font-family: arial, helvetica, sans-serif; font-size: 14pt; color: #000080;\">SEICMSJ 029-018-2021<\/span><\/td>\n<td style=\"width: 137px; height: 100px;\"><a href=\"..\/\/_2021_\/CONTRATOS 029 2021\/septiembre\/JOSE ADELSO LEIVA GARCIA_SEICMSJ 029 018 2021.pdf\"><img decoding=\"async\" class=\"aligncenter wp-image-3229\" src=\"https:\/\/seij.gob.gt\/udisep\/wp-content\/uploads\/2020\/02\/pdf_3.jpg\" alt=\"\" width=\"85\" height=\"93\" \/><\/a><\/td>\n<\/tr>\n<tr style=\"height: 83px;\">\n<td style=\"width: 221px; height: 83px;\">&nbsp;<\/p>\n<p><span style=\"font-family: arial, helvetica, sans-serif; font-size: 14pt; color: #000080;\">SEICMSJ 029-019-2021<\/span><\/td>\n<td style=\"width: 137px; height: 83px;\"><a href=\"..\/\/_2021_\/CONTRATOS 029 2021\/septiembre\/LUIS PEDRO LEONARDO CORONADO_SEICMSJ 029 019 2021.pdf\"><img decoding=\"async\" class=\"aligncenter wp-image-3229\" src=\"https:\/\/seij.gob.gt\/udisep\/wp-content\/uploads\/2020\/02\/pdf_3.jpg\" alt=\"\" width=\"86\" height=\"94\" \/><\/a><\/td>\n<\/tr>\n<tr style=\"height: 83px;\">\n<td style=\"width: 221px; height: 83px;\">&nbsp;<\/p>\n<p><span style=\"font-family: arial, helvetica, sans-serif; font-size: 14pt; color: #000080;\">SEICMSJ 029-020-2021<\/span><\/td>\n<td style=\"width: 137px; height: 83px;\"><a href=\"..\/\/_2021_\/CONTRATOS 029 2021\/septiembre\/TOM\u00c1S XOY\u00d3N AC\u00c1N_SEICMSJ 029 020 2021.pdf\"><img decoding=\"async\" class=\"aligncenter wp-image-3229\" src=\"https:\/\/seij.gob.gt\/udisep\/wp-content\/uploads\/2020\/02\/pdf_3.jpg\" alt=\"\" width=\"76\" height=\"83\" \/><\/a><\/td>\n<\/tr>\n<tr style=\"height: 83px;\">\n<td style=\"width: 221px; height: 83px;\">&nbsp;<\/p>\n<p><span style=\"font-family: arial, helvetica, sans-serif; font-size: 14pt; color: #000080;\">SEICMSJ 029-021-2021<\/span><\/td>\n<td style=\"width: 137px; height: 83px;\"><a href=\"..\/\/_2021_\/CONTRATOS 029 2021\/septiembre\/DANIEL ENRIQUE ZAMORA BALTODANO_SEICMSJ 029 021 2021.pdf\"><img decoding=\"async\" class=\"aligncenter wp-image-3229\" src=\"https:\/\/seij.gob.gt\/udisep\/wp-content\/uploads\/2020\/02\/pdf_3.jpg\" alt=\"\" width=\"76\" height=\"83\" \/><\/a><\/td>\n<\/tr>\n<tr style=\"height: 83px;\">\n<td style=\"width: 221px; height: 83px;\">&nbsp;<\/p>\n<p><span style=\"font-family: arial, helvetica, sans-serif; font-size: 14pt; color: #000080;\">SEICMSJ 029-022-2021<\/span><\/td>\n<td style=\"width: 137px; height: 83px;\"><a href=\"..\/\/_2021_\/CONTRATOS 029 2021\/septiembre\/CARLOS ARMANDO SOSA QUINTANA_SEICMSJ 029 022 2021.pdf\"><img decoding=\"async\" class=\"aligncenter wp-image-3229\" src=\"https:\/\/seij.gob.gt\/udisep\/wp-content\/uploads\/2020\/02\/pdf_3.jpg\" alt=\"\" width=\"76\" height=\"83\" \/><\/a><\/td>\n<\/tr>\n<tr style=\"height: 83px;\">\n<td style=\"width: 221px; height: 83px;\">&nbsp;<\/p>\n<p><span style=\"font-family: arial, helvetica, sans-serif; font-size: 14pt; color: #000080;\">SEICMSJ 029-023-2021<\/span><\/td>\n<td style=\"width: 137px; height: 83px;\"><a href=\"..\/\/_2021_\/CONTRATOS 029 2021\/septiembre\/DAMARIS ABIGAIL ALACHAN LOPEZ_SEICMSJ 029 023 2021.pdf\"><img decoding=\"async\" class=\"aligncenter wp-image-3229\" src=\"https:\/\/seij.gob.gt\/udisep\/wp-content\/uploads\/2020\/02\/pdf_3.jpg\" alt=\"\" width=\"76\" height=\"83\" \/><\/a><\/td>\n<\/tr>\n<tr style=\"height: 83px;\">\n<td style=\"width: 221px; height: 83px;\">&nbsp;<\/p>\n<p><span style=\"font-family: arial, helvetica, sans-serif; font-size: 14pt; color: #000080;\">SEICMSJ 029-024-2021<\/span><\/td>\n<td style=\"width: 137px; height: 83px;\"><a href=\"..\/\/_2021_\/CONTRATOS 029 2021\/septiembre\/DIANA ROCIO FUENTES CANEL_SEICMSJ 029 024 2021.pdf\"><img decoding=\"async\" class=\"aligncenter wp-image-3229\" src=\"https:\/\/seij.gob.gt\/udisep\/wp-content\/uploads\/2020\/02\/pdf_3.jpg\" alt=\"\" width=\"76\" height=\"83\" \/><\/a><\/td>\n<\/tr>\n<tr style=\"height: 28px;\">\n<td style=\"width: 221px; height: 28px;\">&nbsp;<\/p>\n<p><span style=\"font-family: arial, helvetica, sans-serif; font-size: 14pt; color: #000080;\">SEICMSJ 029-025-2021<\/span><\/td>\n<td style=\"width: 137px; height: 28px;\"><a href=\"..\/\/_2021_\/CONTRATOS 029 2021\/septiembre\/MAR\u00cdA ALEJANDRA SOSA CASTELLANOS_SEICMSJ 029 025 2021.pdf\"><img decoding=\"async\" class=\"aligncenter wp-image-3229\" src=\"https:\/\/seij.gob.gt\/udisep\/wp-content\/uploads\/2020\/02\/pdf_3.jpg\" alt=\"\" width=\"76\" height=\"83\" \/><\/a><\/td>\n<\/tr>\n<\/tbody>\n<\/table>\n<table style=\"height: 843px;\" width=\"374\">\n<tbody>\n<tr>\n<td style=\"width: 221px;\" colspan=\"2\">\n<p style=\"text-align: center;\"><span style=\"color: #000080; font-size: 18pt; font-family: 'arial black', sans-serif;\">Abril\u00a0<\/span><\/p>\n<\/td>\n<\/tr>\n<tr style=\"height: 100px;\">\n<td style=\"width: 221px; height: 100px;\">&nbsp;<\/p>\n<p><span style=\"font-family: arial, helvetica, sans-serif; font-size: 14pt; color: #000080;\">SEICMSJ 029-009-2021<\/span><\/td>\n<td style=\"width: 137px; height: 100px;\"><a href=\"..\/\/_2021_\/CONTRATOS 029 2021\/SEICMSJ 029 009 2021.pdf\"><img decoding=\"async\" class=\"aligncenter wp-image-3229\" src=\"https:\/\/seij.gob.gt\/udisep\/wp-content\/uploads\/2020\/02\/pdf_3.jpg\" alt=\"\" width=\"85\" height=\"93\" \/><\/a><\/td>\n<\/tr>\n<tr style=\"height: 83px;\">\n<td style=\"width: 221px; height: 83px;\">&nbsp;<\/p>\n<p><span style=\"font-family: arial, helvetica, sans-serif; font-size: 14pt; color: #000080;\">SEICMSJ 029-010-2021<\/span><\/td>\n<td style=\"width: 137px; height: 83px;\"><a href=\"..\/\/_2021_\/CONTRATOS 029 2021\/SEICMSJ 029 010 2021.pdf\"><img decoding=\"async\" class=\"aligncenter wp-image-3229\" src=\"https:\/\/seij.gob.gt\/udisep\/wp-content\/uploads\/2020\/02\/pdf_3.jpg\" alt=\"\" width=\"86\" height=\"94\" \/><\/a><\/td>\n<\/tr>\n<tr style=\"height: 83px;\">\n<td style=\"width: 221px; height: 83px;\">&nbsp;<\/p>\n<p><span style=\"font-family: arial, helvetica, sans-serif; font-size: 14pt; color: #000080;\">SEICMSJ 029-011-2021<\/span><\/td>\n<td style=\"width: 137px; height: 83px;\"><a href=\"..\/\/_2021_\/CONTRATOS 029 2021\/SEICMSJ 029 011 2021.pdf\"><img decoding=\"async\" class=\"aligncenter wp-image-3229\" src=\"https:\/\/seij.gob.gt\/udisep\/wp-content\/uploads\/2020\/02\/pdf_3.jpg\" alt=\"\" width=\"76\" height=\"83\" \/><\/a><\/td>\n<\/tr>\n<tr style=\"height: 83px;\">\n<td style=\"width: 221px; height: 83px;\">&nbsp;<\/p>\n<p><span style=\"font-family: arial, helvetica, sans-serif; font-size: 14pt; color: #000080;\">SEICMSJ 029-012-2021<\/span><\/td>\n<td style=\"width: 137px; height: 83px;\"><a href=\"..\/\/_2021_\/CONTRATOS 029 2021\/SEICMSJ 029 012 2021.pdf\"><img decoding=\"async\" class=\"aligncenter wp-image-3229\" src=\"https:\/\/seij.gob.gt\/udisep\/wp-content\/uploads\/2020\/02\/pdf_3.jpg\" alt=\"\" width=\"76\" height=\"83\" \/><\/a><\/td>\n<\/tr>\n<tr style=\"height: 83px;\">\n<td style=\"width: 221px; height: 83px;\">&nbsp;<\/p>\n<p><span style=\"font-family: arial, helvetica, sans-serif; font-size: 14pt; color: #000080;\">SEICMSJ 029-013-2021<\/span><\/td>\n<td style=\"width: 137px; height: 83px;\"><a href=\"..\/\/_2021_\/CONTRATOS 029 2021\/SEICMSJ 029 013 2021.pdf\"><img decoding=\"async\" class=\"aligncenter wp-image-3229\" src=\"https:\/\/seij.gob.gt\/udisep\/wp-content\/uploads\/2020\/02\/pdf_3.jpg\" alt=\"\" width=\"76\" height=\"83\" \/><\/a><\/td>\n<\/tr>\n<tr style=\"height: 83px;\">\n<td style=\"width: 221px; height: 83px;\">&nbsp;<\/p>\n<p><span style=\"font-family: arial, helvetica, sans-serif; font-size: 14pt; color: #000080;\">SEICMSJ 029-014-2021<\/span><\/td>\n<td style=\"width: 137px; height: 83px;\"><a href=\"..\/\/_2021_\/CONTRATOS 029 2021\/SEICMSJ 029 014 2021.pdf\"><img decoding=\"async\" class=\"aligncenter wp-image-3229\" src=\"https:\/\/seij.gob.gt\/udisep\/wp-content\/uploads\/2020\/02\/pdf_3.jpg\" alt=\"\" width=\"76\" height=\"83\" \/><\/a><\/td>\n<\/tr>\n<tr style=\"height: 83px;\">\n<td style=\"width: 221px; height: 83px;\">&nbsp;<\/p>\n<p><span style=\"font-family: arial, helvetica, sans-serif; font-size: 14pt; color: #000080;\">SEICMSJ 029-015-2021<\/span><\/td>\n<td style=\"width: 137px; height: 83px;\"><a href=\"..\/\/_2021_\/CONTRATOS 029 2021\/SEICMSJ 029 015 2021.pdf\"><img decoding=\"async\" class=\"aligncenter wp-image-3229\" src=\"https:\/\/seij.gob.gt\/udisep\/wp-content\/uploads\/2020\/02\/pdf_3.jpg\" alt=\"\" width=\"76\" height=\"83\" \/><\/a><\/td>\n<\/tr>\n<tr style=\"height: 28px;\">\n<td style=\"width: 221px; height: 28px;\">&nbsp;<\/p>\n<p><span style=\"font-family: arial, helvetica, sans-serif; font-size: 14pt; color: #000080;\">SEICMSJ 029-016-2021<\/span><\/td>\n<td style=\"width: 137px; height: 28px;\"><a href=\"..\/\/_2021_\/CONTRATOS 029 2021\/SEICMSJ 029 016 2021.pdf\"><img decoding=\"async\" class=\"aligncenter wp-image-3229\" src=\"https:\/\/seij.gob.gt\/udisep\/wp-content\/uploads\/2020\/02\/pdf_3.jpg\" alt=\"\" width=\"76\" height=\"83\" \/><\/a><\/td>\n<\/tr>\n<\/tbody>\n<\/table>\n","protected":false},"excerpt":{"rendered":"<p>Contratos 029 2,021 &nbsp; Septiembre\u00a0 &nbsp; SEICMSJ 029-018-2021 &nbsp; SEICMSJ 029-019-2021 &nbsp; SEICMSJ 029-020-2021 &nbsp; SEICMSJ 029-021-2021 &nbsp; SEICMSJ 029-022-2021 &nbsp; SEICMSJ 029-023-2021 &nbsp; SEICMSJ 029-024-2021 &nbsp; SEICMSJ 029-025-2021 Abril\u00a0 &nbsp; SEICMSJ 029-009-2021 &nbsp; SEICMSJ 029-010-2021 &nbsp; SEICMSJ 029-011-2021 &nbsp; SEICMSJ 029-012-2021 &nbsp; SEICMSJ 029-013-2021 &nbsp; SEICMSJ 029-014-2021 &nbsp; SEICMSJ 029-015-2021 &nbsp; SEICMSJ 029-016-2021<\/p>\n","protected":false},"author":1,"featured_media":0,"parent":0,"menu_order":0,"comment_status":"closed","ping_status":"closed","template":"","meta":{"_et_pb_use_builder":"","_et_pb_old_content":"","_et_gb_content_width":"","footnotes":""},"class_list":["post-4005","page","type-page","status-publish","hentry"],"nelio_popups_active_popup":"","_links":{"self":[{"href":"https:\/\/seij.gob.gt\/udisep\/wp-json\/wp\/v2\/pages\/4005","targetHints":{"allow":["GET"]}}],"collection":[{"href":"https:\/\/seij.gob.gt\/udisep\/wp-json\/wp\/v2\/pages"}],"about":[{"href":"https:\/\/seij.gob.gt\/udisep\/wp-json\/wp\/v2\/types\/page"}],"author":[{"embeddable":true,"href":"https:\/\/seij.gob.gt\/udisep\/wp-json\/wp\/v2\/users\/1"}],"replies":[{"embeddable":true,"href":"https:\/\/seij.gob.gt\/udisep\/wp-json\/wp\/v2\/comments?post=4005"}],"version-history":[{"count":5,"href":"https:\/\/seij.gob.gt\/udisep\/wp-json\/wp\/v2\/pages\/4005\/revisions"}],"predecessor-version":[{"id":4233,"href":"https:\/\/seij.gob.gt\/udisep\/wp-json\/wp\/v2\/pages\/4005\/revisions\/4233"}],"wp:attachment":[{"href":"https:\/\/seij.gob.gt\/udisep\/wp-json\/wp\/v2\/media?parent=4005"}],"curies":[{"name":"wp","href":"https:\/\/api.w.org\/{rel}","templated":true}]}}