{"id":4373,"date":"2022-02-08T08:52:40","date_gmt":"2022-02-08T14:52:40","guid":{"rendered":"http:\/\/seij.gob.gt\/udisep\/?page_id=4373"},"modified":"2022-11-14T11:09:40","modified_gmt":"2022-11-14T17:09:40","slug":"informacion-publica-2022","status":"publish","type":"page","link":"https:\/\/seij.gob.gt\/udisep\/informacion-publica-2022\/","title":{"rendered":"Informaci\u00f3n P\u00fablica 2022"},"content":{"rendered":"<ul>\n<li><a href=\"https:\/\/seij.gob.gt\/udisep\/numeral-1\/\"><span style=\"font-family: arial, helvetica, sans-serif; font-size: 14pt; color: #0085ba;\">01. Estructura Org\u00e1nica, Funciones y Marco Normativo.<\/span><\/a><\/li>\n<li><a href=\"https:\/\/seij.gob.gt\/udisep\/numeral-02-ano-2022\/\"><span style=\"font-family: arial, helvetica, sans-serif; font-size: 14pt; color: #0085ba;\">02. Direcciones y tel\u00e9fonos de las dependencias.<\/span><\/a><\/li>\n<li><a href=\"https:\/\/seij.gob.gt\/udisep\/numeral-03-ano-2022\/\"><span style=\"font-family: arial, helvetica, sans-serif; font-size: 14pt; color: #0085ba;\">03. Directorio de Empleados.<\/span><\/a><\/li>\n<li><a href=\"https:\/\/seij.gob.gt\/udisep\/numeral-04-ano-2022\/\"><span style=\"font-family: arial, helvetica, sans-serif; font-size: 14pt; color: #0085ba;\">04. Sueldos y honorarios.<\/span><\/a><\/li>\n<li><a href=\"https:\/\/seij.gob.gt\/udisep\/numeral-05-ano-2022\/\"><span style=\"font-family: arial, helvetica, sans-serif; font-size: 14pt; color: #0085ba;\">05. Misi\u00f3n, Visi\u00f3n y Objetivos.<\/span><\/a><\/li>\n<li><a href=\"https:\/\/seij.gob.gt\/udisep\/06-manuales-procedimientos-administrativos-operativos\/\"><span style=\"font-family: arial, helvetica, sans-serif; font-size: 14pt; color: #0085ba;\">06. Manuales y procedimientos.<\/span><\/a><\/li>\n<li><a href=\"https:\/\/seij.gob.gt\/udisep\/numeral-07-ano-2022\/\"><span style=\"font-family: arial, helvetica, sans-serif; font-size: 14pt; color: #0085ba;\">07. Presupuesto de Ingresos y Egresos.<\/span><\/a><\/li>\n<li><a href=\"https:\/\/seij.gob.gt\/udisep\/numeral-08-ano-2022\/\"><span style=\"font-family: arial, helvetica, sans-serif; font-size: 14pt; color: #0085ba;\">08. Informes de Ejecuci\u00f3n Presupuestaria.<\/span><\/a><\/li>\n<li><a href=\"https:\/\/seij.gob.gt\/udisep\/numeral-09-ano-2022\/\"><span style=\"font-family: arial, helvetica, sans-serif; font-size: 14pt; color: #0085ba;\">09. Dep\u00f3sitos con fondos p\u00fablicos.<\/span><\/a><\/li>\n<li><a href=\"https:\/\/seij.gob.gt\/udisep\/numeral-10-ano-2022\/\"><span style=\"font-family: arial, helvetica, sans-serif; font-size: 14pt; color: #0085ba;\">10. Proceso de Cotizaci\u00f3n y Licitaci\u00f3n.<\/span><\/a><\/li>\n<li><a href=\"https:\/\/seij.gob.gt\/udisep\/numeral-11-ano-2022\/\"><span style=\"font-family: arial, helvetica, sans-serif; font-size: 14pt; color: #0085ba;\">11. Contrataciones de bienes y servicios.<\/span><\/a><\/li>\n<li><a href=\"https:\/\/seij.gob.gt\/udisep\/numeral-12-ano-2022\/\"><span style=\"font-family: arial, helvetica, sans-serif; font-size: 14pt; color: #0085ba;\">12. Listado de Viajes Nacionales e Internacionales.<\/span><\/a><\/li>\n<li><a href=\"https:\/\/seij.gob.gt\/udisep\/numeral-13-ano-2022\/\"><span style=\"font-family: arial, helvetica, sans-serif; font-size: 14pt; color: #0085ba;\">13. Inventario de bienes.<\/span><\/a><\/li>\n<li><a href=\"https:\/\/seij.gob.gt\/udisep\/numeral-14-ano-2022\/\"><span style=\"font-family: arial, helvetica, sans-serif; font-size: 14pt; color: #0085ba;\">14. Contratos de Mantenimiento.<\/span><\/a><\/li>\n<li><span style=\"font-family: arial, helvetica, sans-serif; font-size: 14pt;\">15. Transferencias otorgados con fondos p\u00fablicos.<\/span><\/li>\n<li><em><span style=\"font-family: arial, helvetica, sans-serif; font-size: 14pt; color: #ff0000;\">NOTA: El presente numeral no aplica para la Secretar\u00eda Ejecutiva de la ICMSJ en vista de que no se manejan programas de subsidio, becas o transferencias.<\/span><\/em><\/li>\n<li><span style=\"font-family: arial, helvetica, sans-serif; font-size: 14pt;\">16. Contratos de usufructo.<\/span><\/li>\n<li><span style=\"color: #ff0000;\"><em><span style=\"font-family: arial, helvetica, sans-serif; font-size: 14pt;\">El presente numeral no aplica para la Secretar\u00eda Ejecutiva de la ICMSJ en vista que no se han suscrito contratos de usufructo ni es titular de licencias o concesiones para la explotaci\u00f3n de bienes del Estado.<\/span><\/em><\/span><\/li>\n<li><span style=\"font-family: arial, helvetica, sans-serif; font-size: 14pt;\">17. Listado de empresas para obras p\u00fablicas.<\/span><\/li>\n<li><em><span style=\"font-family: arial, helvetica, sans-serif; font-size: 14pt; color: #ff0000;\">NOTA: El presente numeral no aplica para la Secretar\u00eda Ejecutiva de la ICMSJ por no contar a la fecha con empresas precalificadas para tales fines.<\/span><\/em><\/li>\n<li><span style=\"font-family: arial, helvetica, sans-serif; font-size: 14pt;\">18. Listado de obras en ejecuci\u00f3n o ejecutadas.<\/span><\/li>\n<li><em><span style=\"font-family: arial, helvetica, sans-serif; font-size: 14pt; color: #ff0000;\">NOTA: La Secretar\u00eda Ejecutiva de la ICMSJ a la fecha no efect\u00faa obras de esta naturaleza.<\/span><\/em><\/li>\n<li><a href=\"https:\/\/seij.gob.gt\/udisep\/4445-2\/\"><span style=\"font-family: arial, helvetica, sans-serif; font-size: 14pt; color: #0085ba;\">19. Contratos de arrendamiento.<\/span><\/a><\/li>\n<li><a href=\"https:\/\/seij.gob.gt\/udisep\/numeral-20-ano-2022\/\"><span style=\"font-family: arial, helvetica, sans-serif; font-size: 14pt; color: #0085ba;\">20. Cotizaciones y licitaciones.<\/span><\/a><\/li>\n<li><span style=\"font-family: arial, helvetica, sans-serif; font-size: 14pt;\">21. Fideicomisos.<\/span><\/li>\n<li><span style=\"color: #ff0000;\"><em><span style=\"font-family: arial, helvetica, sans-serif; font-size: 14pt;\">NOTA: El presente numeral no aplica puesto que la Secretar\u00eda Ejecutiva de la ICMSJ no ha constituido fideicomisos con fondos p\u00fablicos.<\/span><\/em><\/span><\/li>\n<li><a href=\"https:\/\/seij.gob.gt\/udisep\/numeral-22-ano-2022\/\"><span style=\"font-family: arial, helvetica, sans-serif; font-size: 14pt; color: #0085ba;\">22. Listados de Compras directas.<\/span><\/a><\/li>\n<li><span style=\"font-family: arial, helvetica, sans-serif; font-size: 14pt; color: #0085ba;\"><a style=\"color: #0085ba;\" href=\"https:\/\/seij.gob.gt\/udisep\/art23-2\/\">23. Informe de Auditorias.<\/a><\/span><\/li>\n<li><span style=\"font-family: arial, helvetica, sans-serif; font-size: 14pt;\">24. Entidades Internacionales.<\/span><\/li>\n<li><em><span style=\"font-family: arial, helvetica, sans-serif; font-size: 14pt; color: #ff0000;\">NOTA: El presente numeral no aplica a la Secretar\u00eda Ejecutiva de la ICMSJ por no ser una entidad internacional.<\/span><\/em><\/li>\n<li><span style=\"font-family: arial, helvetica, sans-serif; font-size: 14pt;\">25. Entidades no gubernamentales.<\/span><\/li>\n<li><span style=\"color: #ff0000;\"><em><span style=\"font-family: arial, helvetica, sans-serif; font-size: 14pt;\">NOTA: El presente numeral no aplica a la Secretar\u00eda Ejecutiva de la ICMSJ por no ser una entidad no gubernamental.<\/span><\/em><\/span><\/li>\n<li><a href=\"https:\/\/seij.gob.gt\/udisep\/numeral-26-ano-2022\/\"><span style=\"font-family: arial, helvetica, sans-serif; font-size: 14pt; color: #0085ba;\">26. Funcionamiento y finalidad del Archivo.<\/span><\/a><\/li>\n<li><span style=\"font-family: arial, helvetica, sans-serif; font-size: 14pt;\">27. \u00cdndice de informaci\u00f3n clasificada.<\/span><\/li>\n<li><em><span style=\"font-family: arial, helvetica, sans-serif; font-size: 14pt; color: #ff0000;\">NOTA: El presente numeral no aplica para la Secretar\u00eda Ejecutiva de la ICMSJ ya que a la fecha no se han emitido resoluciones para declarar como reservada o confidencial ninguna informaci\u00f3n.<\/span><\/em><\/li>\n<li><a href=\"https:\/\/seij.gob.gt\/udisep\/numeral-28-ano-2022\/\"><span style=\"font-family: arial, helvetica, sans-serif; font-size: 14pt; color: #0085ba;\">28. Informe sobre pertenencia socioling\u00fc\u00edstica.<\/span><\/a><\/li>\n<li><span style=\"font-family: arial, helvetica, sans-serif; font-size: 14pt; color: #0085ba;\"><a style=\"color: #0085ba;\" href=\"https:\/\/seij.gob.gt\/udisep\/numeral-29\/\">29. Otra Informaci\u00f3n.<\/a><\/span><\/li>\n<\/ul>\n","protected":false},"excerpt":{"rendered":"<p>01. Estructura Org\u00e1nica, Funciones y Marco Normativo. 02. Direcciones y tel\u00e9fonos de las dependencias. 03. Directorio de Empleados. 04. Sueldos y honorarios. 05. Misi\u00f3n, Visi\u00f3n y Objetivos. 06. Manuales y procedimientos. 07. Presupuesto de Ingresos y Egresos. 08. Informes de Ejecuci\u00f3n Presupuestaria. 09. Dep\u00f3sitos con fondos p\u00fablicos. 10. Proceso de Cotizaci\u00f3n y Licitaci\u00f3n. 11. Contrataciones [&hellip;]<\/p>\n","protected":false},"author":1,"featured_media":0,"parent":0,"menu_order":0,"comment_status":"closed","ping_status":"closed","template":"","meta":{"_et_pb_use_builder":"","_et_pb_old_content":"","_et_gb_content_width":"","footnotes":""},"class_list":["post-4373","page","type-page","status-publish","hentry"],"nelio_popups_active_popup":"","_links":{"self":[{"href":"https:\/\/seij.gob.gt\/udisep\/wp-json\/wp\/v2\/pages\/4373","targetHints":{"allow":["GET"]}}],"collection":[{"href":"https:\/\/seij.gob.gt\/udisep\/wp-json\/wp\/v2\/pages"}],"about":[{"href":"https:\/\/seij.gob.gt\/udisep\/wp-json\/wp\/v2\/types\/page"}],"author":[{"embeddable":true,"href":"https:\/\/seij.gob.gt\/udisep\/wp-json\/wp\/v2\/users\/1"}],"replies":[{"embeddable":true,"href":"https:\/\/seij.gob.gt\/udisep\/wp-json\/wp\/v2\/comments?post=4373"}],"version-history":[{"count":12,"href":"https:\/\/seij.gob.gt\/udisep\/wp-json\/wp\/v2\/pages\/4373\/revisions"}],"predecessor-version":[{"id":4918,"href":"https:\/\/seij.gob.gt\/udisep\/wp-json\/wp\/v2\/pages\/4373\/revisions\/4918"}],"wp:attachment":[{"href":"https:\/\/seij.gob.gt\/udisep\/wp-json\/wp\/v2\/media?parent=4373"}],"curies":[{"name":"wp","href":"https:\/\/api.w.org\/{rel}","templated":true}]}}