{"id":4380,"date":"2022-02-08T09:15:41","date_gmt":"2022-02-08T15:15:41","guid":{"rendered":"http:\/\/seij.gob.gt\/udisep\/?page_id=4380"},"modified":"2023-01-13T11:50:20","modified_gmt":"2023-01-13T17:50:20","slug":"numeral-02-ano-2022","status":"publish","type":"page","link":"https:\/\/seij.gob.gt\/udisep\/numeral-02-ano-2022\/","title":{"rendered":"Numeral 02 a\u00f1o 2022"},"content":{"rendered":"<p style=\"text-align: center;\"><span style=\"font-size: 24pt; font-family: arial black, sans-serif; color: #000080;\">Directorio y tel\u00e9fono de la entidad y todas las dependencias que la conforman<\/span><\/p>\n<table class=\" alignleft\" cellpadding=\"grove\">\n<tbody>\n<tr>\n<td style=\"width: 726px;\" colspan=\"3\">\n<p style=\"text-align: center;\"><span style=\"color: #000080; font-size: 14pt; font-family: arial, helvetica, sans-serif;\"><strong><span style=\"font-size: 18pt;\">Diciembre<\/span><\/strong><br \/>\n<\/span><\/p>\n<\/td>\n<\/tr>\n<tr>\n<td style=\"width: 436.922px;\">&nbsp;<\/p>\n<p><span style=\"color: #000080; font-size: 14pt; font-family: arial, helvetica, sans-serif;\">Secretar\u00eda Ejecutiva de la ICMSJ<\/span><\/td>\n<td style=\"width: 133.875px;\"><a href=\"..\/\/_2022_\/informacion publica\/diciembre\/NUMERAL 2\/DIRECTORIO DE LA ENTIDAD SEICMSJ.pdf\"><img decoding=\"async\" class=\"wp-image-3229 aligncenter\" src=\"https:\/\/seij.gob.gt\/udisep\/wp-content\/uploads\/2020\/02\/pdf_3.jpg\" alt=\"\" width=\"79\" height=\"86\" \/><\/a><\/td>\n<td style=\"width: 147.203px;\"><a href=\"..\/\/_2022_\/informacion publica\/diciembre\/NUMERAL 2\/DIRECTORIO DE LA ENTIDAD SEICMSJ.xlsx\"><img decoding=\"async\" class=\"aligncenter wp-image-3226\" src=\"https:\/\/seij.gob.gt\/udisep\/wp-content\/uploads\/2020\/02\/excel_1.jpg\" alt=\"\" width=\"87\" height=\"90\" \/><\/a><\/td>\n<\/tr>\n<tr>\n<td style=\"width: 436.922px;\">&nbsp;<\/p>\n<p><span style=\"color: #000080; font-size: 14pt; font-family: arial, helvetica, sans-serif;\">Prevenci\u00f3n de la Violencia y el Delito<\/span><\/td>\n<td style=\"width: 133.875px;\"><a href=\"..\/\/_2022_\/informacion publica\/diciembre\/NUMERAL 2\/DIRECTORIO DE LA ENTIDAD PREVI.pdf\"><img decoding=\"async\" class=\"wp-image-3229 aligncenter\" src=\"https:\/\/seij.gob.gt\/udisep\/wp-content\/uploads\/2020\/02\/pdf_3.jpg\" alt=\"\" width=\"79\" height=\"86\" \/><\/a><\/td>\n<td style=\"width: 147.203px;\"><a href=\"..\/\/_2022_\/informacion publica\/diciembre\/NUMERAL 2\/DIRECTORIO DE LA ENTIDAD PREVI.xls\"><img decoding=\"async\" class=\"aligncenter wp-image-3226\" src=\"https:\/\/seij.gob.gt\/udisep\/wp-content\/uploads\/2020\/02\/excel_1.jpg\" alt=\"\" width=\"87\" height=\"90\" \/><\/a><\/td>\n<\/tr>\n<\/tbody>\n<\/table>\n<table class=\" alignleft\" cellpadding=\"grove\">\n<tbody>\n<tr>\n<td style=\"width: 726px;\" colspan=\"3\">\n<p style=\"text-align: center;\"><span style=\"color: #000080; font-size: 14pt; font-family: arial, helvetica, sans-serif;\"><strong><span style=\"font-size: 18pt;\">Noviembre<\/span><\/strong><br \/>\n<\/span><\/p>\n<\/td>\n<\/tr>\n<tr>\n<td style=\"width: 436.922px;\">&nbsp;<\/p>\n<p><span style=\"color: #000080; font-size: 14pt; font-family: arial, helvetica, sans-serif;\">Secretar\u00eda Ejecutiva de la ICMSJ<\/span><\/td>\n<td style=\"width: 133.875px;\"><a href=\"..\/\/_2022_\/informacion publica\/noviembre\/NUEMRAL 2\/DIRECTORIO DE LA ENTIDAD SEICMSJ.pdf\"><img decoding=\"async\" class=\"wp-image-3229 aligncenter\" src=\"https:\/\/seij.gob.gt\/udisep\/wp-content\/uploads\/2020\/02\/pdf_3.jpg\" alt=\"\" width=\"79\" height=\"86\" \/><\/a><\/td>\n<td style=\"width: 147.203px;\"><a href=\"..\/\/_2022_\/informacion publica\/noviembre\/NUEMRAL 2\/DIRECTORIO DE LA ENTIDAD SEICMSJ.xlsx\"><img decoding=\"async\" class=\"aligncenter wp-image-3226\" src=\"https:\/\/seij.gob.gt\/udisep\/wp-content\/uploads\/2020\/02\/excel_1.jpg\" alt=\"\" width=\"87\" height=\"90\" \/><\/a><\/td>\n<\/tr>\n<tr>\n<td style=\"width: 436.922px;\">&nbsp;<\/p>\n<p><span style=\"color: #000080; font-size: 14pt; font-family: arial, helvetica, sans-serif;\">Prevenci\u00f3n de la Violencia y el Delito<\/span><\/td>\n<td style=\"width: 133.875px;\"><a href=\"..\/\/_2022_\/informacion publica\/noviembre\/NUEMRAL 2\/DIRECTORIO DE LA ENTIDAD PREVI.pdf\"><img decoding=\"async\" class=\"wp-image-3229 aligncenter\" src=\"https:\/\/seij.gob.gt\/udisep\/wp-content\/uploads\/2020\/02\/pdf_3.jpg\" alt=\"\" width=\"79\" height=\"86\" \/><\/a><\/td>\n<td style=\"width: 147.203px;\"><a href=\"..\/\/_2022_\/informacion publica\/noviembre\/NUEMRAL 2\/DIRECTORIO DE LA ENTIDAD PREVI.xls\"><img decoding=\"async\" class=\"aligncenter wp-image-3226\" src=\"https:\/\/seij.gob.gt\/udisep\/wp-content\/uploads\/2020\/02\/excel_1.jpg\" alt=\"\" width=\"87\" height=\"90\" \/><\/a><\/td>\n<\/tr>\n<\/tbody>\n<\/table>\n<table class=\" alignleft\" cellpadding=\"grove\">\n<tbody>\n<tr>\n<td style=\"width: 726px;\" colspan=\"3\">\n<p style=\"text-align: center;\"><span style=\"color: #000080; font-size: 14pt; font-family: arial, helvetica, sans-serif;\"><strong><span style=\"font-size: 18pt;\">Octubre<\/span><\/strong><br \/>\n<\/span><\/p>\n<\/td>\n<\/tr>\n<tr>\n<td style=\"width: 436.922px;\">&nbsp;<\/p>\n<p><span style=\"color: #000080; font-size: 14pt; font-family: arial, helvetica, sans-serif;\">Secretar\u00eda Ejecutiva de la ICMSJ<\/span><\/td>\n<td style=\"width: 133.875px;\"><a href=\"..\/\/_2022_\/informacion publica\/octubre\/NUMERAL 2\/DIRECTORIO DE LA ENTIDAD SEICMSJ.pdf\"><img decoding=\"async\" class=\"wp-image-3229 aligncenter\" src=\"https:\/\/seij.gob.gt\/udisep\/wp-content\/uploads\/2020\/02\/pdf_3.jpg\" alt=\"\" width=\"79\" height=\"86\" \/><\/a><\/td>\n<td style=\"width: 147.203px;\"><a href=\"..\/\/_2022_\/informacion publica\/octubre\/NUMERAL 2\/DIRECTORIO DE LA ENTIDAD SEICMSJ.xlsx\"><img decoding=\"async\" class=\"aligncenter wp-image-3226\" src=\"https:\/\/seij.gob.gt\/udisep\/wp-content\/uploads\/2020\/02\/excel_1.jpg\" alt=\"\" width=\"87\" height=\"90\" \/><\/a><\/td>\n<\/tr>\n<tr>\n<td style=\"width: 436.922px;\">&nbsp;<\/p>\n<p><span style=\"color: #000080; font-size: 14pt; font-family: arial, helvetica, sans-serif;\">Prevenci\u00f3n de la Violencia y el Delito<\/span><\/td>\n<td style=\"width: 133.875px;\"><a href=\"..\/\/_2022_\/informacion publica\/octubre\/NUMERAL 2\/DIRECTORIO DE LA ENTIDAD PREVI.pdf\"><img decoding=\"async\" class=\"wp-image-3229 aligncenter\" src=\"https:\/\/seij.gob.gt\/udisep\/wp-content\/uploads\/2020\/02\/pdf_3.jpg\" alt=\"\" width=\"79\" height=\"86\" \/><\/a><\/td>\n<td style=\"width: 147.203px;\"><a href=\"..\/\/_2022_\/informacion publica\/octubre\/NUMERAL 2\/DIRECTORIO DE LA ENTIDAD PREVI.xls\"><img decoding=\"async\" class=\"aligncenter wp-image-3226\" src=\"https:\/\/seij.gob.gt\/udisep\/wp-content\/uploads\/2020\/02\/excel_1.jpg\" alt=\"\" width=\"87\" height=\"90\" \/><\/a><\/td>\n<\/tr>\n<\/tbody>\n<\/table>\n<table class=\" alignleft\" cellpadding=\"grove\">\n<tbody>\n<tr>\n<td style=\"width: 726px;\" colspan=\"3\">\n<p style=\"text-align: center;\"><span style=\"color: #000080; font-size: 14pt; font-family: arial, helvetica, sans-serif;\"><strong><span style=\"font-size: 18pt;\">Septiembre<\/span><\/strong><br \/>\n<\/span><\/p>\n<\/td>\n<\/tr>\n<tr>\n<td style=\"width: 436.922px;\">&nbsp;<\/p>\n<p><span style=\"color: #000080; font-size: 14pt; font-family: arial, helvetica, sans-serif;\">Secretar\u00eda Ejecutiva de la ICMSJ<\/span><\/td>\n<td style=\"width: 133.875px;\"><a href=\"..\/\/_2022_\/informacion publica\/septiembre\/NUMERAL 2\/DIRECTORIO DE LA ENTIDAD SEICMSJ.pdf\"><img decoding=\"async\" class=\"wp-image-3229 aligncenter\" src=\"https:\/\/seij.gob.gt\/udisep\/wp-content\/uploads\/2020\/02\/pdf_3.jpg\" alt=\"\" width=\"79\" height=\"86\" \/><\/a><\/td>\n<td style=\"width: 147.203px;\"><a href=\"..\/\/_2022_\/informacion publica\/septiembre\/NUMERAL 2\/DIRECTORIO DE LA ENTIDAD SEICMSJ.xlsx\"><img decoding=\"async\" class=\"aligncenter wp-image-3226\" src=\"https:\/\/seij.gob.gt\/udisep\/wp-content\/uploads\/2020\/02\/excel_1.jpg\" alt=\"\" width=\"87\" height=\"90\" \/><\/a><\/td>\n<\/tr>\n<tr>\n<td style=\"width: 436.922px;\">&nbsp;<\/p>\n<p><span style=\"color: #000080; font-size: 14pt; font-family: arial, helvetica, sans-serif;\">Prevenci\u00f3n de la Violencia y el Delito<\/span><\/td>\n<td style=\"width: 133.875px;\"><a href=\"..\/\/_2022_\/informacion publica\/septiembre\/NUMERAL 2\/DIRECTORIO DE LA ENTIDAD PREVI.pdf\"><img decoding=\"async\" class=\"wp-image-3229 aligncenter\" src=\"https:\/\/seij.gob.gt\/udisep\/wp-content\/uploads\/2020\/02\/pdf_3.jpg\" alt=\"\" width=\"79\" height=\"86\" \/><\/a><\/td>\n<td style=\"width: 147.203px;\"><a href=\"..\/\/_2022_\/informacion publica\/septiembre\/NUMERAL 2\/DIRECTORIO DE LA ENTIDAD PREVI.xls\"><img decoding=\"async\" class=\"aligncenter wp-image-3226\" src=\"https:\/\/seij.gob.gt\/udisep\/wp-content\/uploads\/2020\/02\/excel_1.jpg\" alt=\"\" width=\"87\" height=\"90\" \/><\/a><\/td>\n<\/tr>\n<\/tbody>\n<\/table>\n<table class=\" alignleft\" cellpadding=\"grove\">\n<tbody>\n<tr>\n<td style=\"width: 726px;\" colspan=\"3\">\n<p style=\"text-align: center;\"><span style=\"color: #000080; font-size: 14pt; font-family: arial, helvetica, sans-serif;\"><strong><span style=\"font-size: 18pt;\">Agosto<\/span><\/strong><br \/>\n<\/span><\/p>\n<\/td>\n<\/tr>\n<tr>\n<td style=\"width: 436.922px;\">&nbsp;<\/p>\n<p><span style=\"color: #000080; font-size: 14pt; font-family: arial, helvetica, sans-serif;\">Secretar\u00eda Ejecutiva de la ICMSJ<\/span><\/td>\n<td style=\"width: 133.875px;\"><a href=\"..\/\/_2022_\/informacion publica\/agosto\/NUMERAL 2\/DIRECTORIO DE LA ENTIDAD SEICMSJ.pdf\"><img decoding=\"async\" class=\"wp-image-3229 aligncenter\" src=\"https:\/\/seij.gob.gt\/udisep\/wp-content\/uploads\/2020\/02\/pdf_3.jpg\" alt=\"\" width=\"79\" height=\"86\" \/><\/a><\/td>\n<td style=\"width: 147.203px;\"><a href=\"..\/\/_2022_\/informacion publica\/agosto\/NUMERAL 2\/DIRECTORIO DE LA ENTIDAD SEICMSJ.xlsx\"><img decoding=\"async\" class=\"aligncenter wp-image-3226\" src=\"https:\/\/seij.gob.gt\/udisep\/wp-content\/uploads\/2020\/02\/excel_1.jpg\" alt=\"\" width=\"87\" height=\"90\" \/><\/a><\/td>\n<\/tr>\n<tr>\n<td style=\"width: 436.922px;\">&nbsp;<\/p>\n<p><span style=\"color: #000080; font-size: 14pt; font-family: arial, helvetica, sans-serif;\">Prevenci\u00f3n de la Violencia y el Delito<\/span><\/td>\n<td style=\"width: 133.875px;\"><a href=\"..\/\/_2022_\/informacion publica\/agosto\/NUMERAL 2\/DIRECTORIO DE LA ENTIDAD PREVI.pdf\"><img decoding=\"async\" class=\"wp-image-3229 aligncenter\" src=\"https:\/\/seij.gob.gt\/udisep\/wp-content\/uploads\/2020\/02\/pdf_3.jpg\" alt=\"\" width=\"79\" height=\"86\" \/><\/a><\/td>\n<td style=\"width: 147.203px;\"><a href=\"..\/\/_2022_\/informacion publica\/agosto\/NUMERAL 2\/DIRECTORIO DE LA ENTIDAD PREVI.xls\"><img decoding=\"async\" class=\"aligncenter wp-image-3226\" src=\"https:\/\/seij.gob.gt\/udisep\/wp-content\/uploads\/2020\/02\/excel_1.jpg\" alt=\"\" width=\"87\" height=\"90\" \/><\/a><\/td>\n<\/tr>\n<\/tbody>\n<\/table>\n<table class=\" alignleft\" cellpadding=\"grove\">\n<tbody>\n<tr>\n<td style=\"width: 726px;\" colspan=\"3\">\n<p style=\"text-align: center;\"><span style=\"color: #000080; font-size: 14pt; font-family: arial, helvetica, sans-serif;\"><strong><span style=\"font-size: 18pt;\">Julio<\/span><\/strong><br \/>\n<\/span><\/p>\n<\/td>\n<\/tr>\n<tr>\n<td style=\"width: 436.922px;\">&nbsp;<\/p>\n<p><span style=\"color: #000080; font-size: 14pt; font-family: arial, helvetica, sans-serif;\">Secretar\u00eda Ejecutiva de la ICMSJ<\/span><\/td>\n<td style=\"width: 133.875px;\"><a href=\"..\/\/_2022_\/informacion publica\/julio\/NUMERAL 2\/DIRECTORIO DE ENTIDAD SEICMSJ.pdf\"><img decoding=\"async\" class=\"wp-image-3229 aligncenter\" src=\"https:\/\/seij.gob.gt\/udisep\/wp-content\/uploads\/2020\/02\/pdf_3.jpg\" alt=\"\" width=\"79\" height=\"86\" \/><\/a><\/td>\n<td style=\"width: 147.203px;\"><a href=\"..\/\/_2022_\/informacion publica\/julio\/NUMERAL 2\/DIRECTORIO DE ENTIDAD SEICMSJ.xlsx\"><img decoding=\"async\" class=\"aligncenter wp-image-3226\" src=\"https:\/\/seij.gob.gt\/udisep\/wp-content\/uploads\/2020\/02\/excel_1.jpg\" alt=\"\" width=\"87\" height=\"90\" \/><\/a><\/td>\n<\/tr>\n<tr>\n<td style=\"width: 436.922px;\">&nbsp;<\/p>\n<p><span style=\"color: #000080; font-size: 14pt; font-family: arial, helvetica, sans-serif;\">Prevenci\u00f3n de la Violencia y el Delito<\/span><\/td>\n<td style=\"width: 133.875px;\"><a href=\"..\/\/_2022_\/informacion publica\/julio\/NUMERAL 2\/DIRECTORIO DE LA ENTIDAD PREVI.pdf\"><img decoding=\"async\" class=\"wp-image-3229 aligncenter\" src=\"https:\/\/seij.gob.gt\/udisep\/wp-content\/uploads\/2020\/02\/pdf_3.jpg\" alt=\"\" width=\"79\" height=\"86\" \/><\/a><\/td>\n<td style=\"width: 147.203px;\"><a href=\"..\/\/_2022_\/informacion publica\/julio\/NUMERAL 2\/DIRECTORIO DE LA ENTIDAD PREVI.xls\"><img decoding=\"async\" class=\"aligncenter wp-image-3226\" src=\"https:\/\/seij.gob.gt\/udisep\/wp-content\/uploads\/2020\/02\/excel_1.jpg\" alt=\"\" width=\"87\" height=\"90\" \/><\/a><\/td>\n<\/tr>\n<\/tbody>\n<\/table>\n<table class=\" alignleft\" cellpadding=\"grove\">\n<tbody>\n<tr>\n<td style=\"width: 726px;\" colspan=\"3\">\n<p style=\"text-align: center;\"><span style=\"color: #000080; font-size: 14pt; font-family: arial, helvetica, sans-serif;\"><strong><span style=\"font-size: 18pt;\">Junio<\/span><\/strong><br \/>\n<\/span><\/p>\n<\/td>\n<\/tr>\n<tr>\n<td style=\"width: 436.922px;\">&nbsp;<\/p>\n<p><span style=\"color: #000080; font-size: 14pt; font-family: arial, helvetica, sans-serif;\">Secretar\u00eda Ejecutiva de la ICMSJ<\/span><\/td>\n<td style=\"width: 133.875px;\"><a href=\"..\/\/_2022_\/informacion publica\/junio\/NUMERAL 2\/DIRECTORIO DE LA ENTIDAD SEICMSJ.pdf\"><img decoding=\"async\" class=\"wp-image-3229 aligncenter\" src=\"https:\/\/seij.gob.gt\/udisep\/wp-content\/uploads\/2020\/02\/pdf_3.jpg\" alt=\"\" width=\"79\" height=\"86\" \/><\/a><\/td>\n<td style=\"width: 147.203px;\"><a href=\"..\/\/_2022_\/informacion publica\/junio\/NUMERAL 2\/DIRECTORIO DE LA ENTIDAD SEICMSJ.xlsx\"><img decoding=\"async\" class=\"aligncenter wp-image-3226\" src=\"https:\/\/seij.gob.gt\/udisep\/wp-content\/uploads\/2020\/02\/excel_1.jpg\" alt=\"\" width=\"87\" height=\"90\" \/><\/a><\/td>\n<\/tr>\n<tr>\n<td style=\"width: 436.922px;\">&nbsp;<\/p>\n<p><span style=\"color: #000080; font-size: 14pt; font-family: arial, helvetica, sans-serif;\">Prevenci\u00f3n de la Violencia y el Delito<\/span><\/td>\n<td style=\"width: 133.875px;\"><a href=\"..\/\/_2022_\/informacion publica\/junio\/NUMERAL 2\/DIRECTORIO DE LA ENTIDAD PREVI.pdf\"><img decoding=\"async\" class=\"wp-image-3229 aligncenter\" src=\"https:\/\/seij.gob.gt\/udisep\/wp-content\/uploads\/2020\/02\/pdf_3.jpg\" alt=\"\" width=\"79\" height=\"86\" \/><\/a><\/td>\n<td style=\"width: 147.203px;\"><a href=\"..\/\/_2022_\/informacion publica\/junio\/NUMERAL 2\/DIRECTORIO DE LA ENTIDAD PREVI.xls\"><img decoding=\"async\" class=\"aligncenter wp-image-3226\" src=\"https:\/\/seij.gob.gt\/udisep\/wp-content\/uploads\/2020\/02\/excel_1.jpg\" alt=\"\" width=\"87\" height=\"90\" \/><\/a><\/td>\n<\/tr>\n<\/tbody>\n<\/table>\n<table class=\" alignleft\" cellpadding=\"grove\">\n<tbody>\n<tr>\n<td style=\"width: 726px;\" colspan=\"3\">\n<p style=\"text-align: center;\"><span style=\"color: #000080; font-size: 14pt; font-family: arial, helvetica, sans-serif;\"><strong><span style=\"font-size: 18pt;\">Mayo<\/span><\/strong><br \/>\n<\/span><\/p>\n<\/td>\n<\/tr>\n<tr>\n<td style=\"width: 436.922px;\">&nbsp;<\/p>\n<p><span style=\"color: #000080; font-size: 14pt; font-family: arial, helvetica, sans-serif;\">Secretar\u00eda Ejecutiva de la ICMSJ<\/span><\/td>\n<td style=\"width: 133.875px;\"><a href=\"..\/\/_2022_\/informacion publica\/mayo\/NUMERAL 2\/DIRECTORIO DE LA ENTIDAD SEICMSJ.pdf\"><img decoding=\"async\" class=\"wp-image-3229 aligncenter\" src=\"https:\/\/seij.gob.gt\/udisep\/wp-content\/uploads\/2020\/02\/pdf_3.jpg\" alt=\"\" width=\"79\" height=\"86\" \/><\/a><\/td>\n<td style=\"width: 147.203px;\"><a href=\"..\/\/_2022_\/informacion publica\/mayo\/NUMERAL 2\/DIRECTORIO DE LA ENTIDAD SEICMSJ.xlsx\"><img decoding=\"async\" class=\"aligncenter wp-image-3226\" src=\"https:\/\/seij.gob.gt\/udisep\/wp-content\/uploads\/2020\/02\/excel_1.jpg\" alt=\"\" width=\"87\" height=\"90\" \/><\/a><\/td>\n<\/tr>\n<tr>\n<td style=\"width: 436.922px;\">&nbsp;<\/p>\n<p><span style=\"color: #000080; font-size: 14pt; font-family: arial, helvetica, sans-serif;\">Prevenci\u00f3n de la Violencia y el Delito<\/span><\/td>\n<td style=\"width: 133.875px;\"><a href=\"..\/\/_2022_\/informacion publica\/mayo\/NUMERAL 2\/DIRECTORIO DE LA ENTIDAD PREVI.pdf\"><img decoding=\"async\" class=\"wp-image-3229 aligncenter\" src=\"https:\/\/seij.gob.gt\/udisep\/wp-content\/uploads\/2020\/02\/pdf_3.jpg\" alt=\"\" width=\"79\" height=\"86\" \/><\/a><\/td>\n<td style=\"width: 147.203px;\"><a href=\"..\/\/_2022_\/informacion publica\/mayo\/NUMERAL 2\/DIRECTORIO DE LA ENTIDAD PREVI.xls\"><img decoding=\"async\" class=\"aligncenter wp-image-3226\" src=\"https:\/\/seij.gob.gt\/udisep\/wp-content\/uploads\/2020\/02\/excel_1.jpg\" alt=\"\" width=\"87\" height=\"90\" \/><\/a><\/td>\n<\/tr>\n<\/tbody>\n<\/table>\n<table class=\" alignleft\" cellpadding=\"grove\">\n<tbody>\n<tr>\n<td style=\"width: 726px;\" colspan=\"3\">\n<p style=\"text-align: center;\"><span style=\"color: #000080; font-size: 14pt; font-family: arial, helvetica, sans-serif;\"><strong><span style=\"font-size: 18pt;\">Abril<\/span><\/strong><br \/>\n<\/span><\/p>\n<\/td>\n<\/tr>\n<tr>\n<td style=\"width: 436.922px;\">&nbsp;<\/p>\n<p><span style=\"color: #000080; font-size: 14pt; font-family: arial, helvetica, sans-serif;\">Secretar\u00eda Ejecutiva de la ICMSJ<\/span><\/td>\n<td style=\"width: 133.875px;\"><a href=\"..\/\/_2022_\/informacion publica\/abril\/NUMERAL 2\/DIRECTORIO DE ENTIDAD SEICMSJ.pdf\"><img decoding=\"async\" class=\"wp-image-3229 aligncenter\" src=\"https:\/\/seij.gob.gt\/udisep\/wp-content\/uploads\/2020\/02\/pdf_3.jpg\" alt=\"\" width=\"79\" height=\"86\" \/><\/a><\/td>\n<td style=\"width: 147.203px;\"><a href=\"..\/\/_2022_\/informacion publica\/abril\/NUMERAL 2\/DIRECTORIO DE ENTIDAD SEICMSJ.xlsx\"><img decoding=\"async\" class=\"aligncenter wp-image-3226\" src=\"https:\/\/seij.gob.gt\/udisep\/wp-content\/uploads\/2020\/02\/excel_1.jpg\" alt=\"\" width=\"87\" height=\"90\" \/><\/a><\/td>\n<\/tr>\n<tr>\n<td style=\"width: 436.922px;\">&nbsp;<\/p>\n<p><span style=\"color: #000080; font-size: 14pt; font-family: arial, helvetica, sans-serif;\">Prevenci\u00f3n de la Violencia y el Delito<\/span><\/td>\n<td style=\"width: 133.875px;\"><a href=\"..\/\/_2022_\/informacion publica\/abril\/NUMERAL 2\/DIRECTORIO DE LA ENTIDAD PREVI.pdf\"><img decoding=\"async\" class=\"wp-image-3229 aligncenter\" src=\"https:\/\/seij.gob.gt\/udisep\/wp-content\/uploads\/2020\/02\/pdf_3.jpg\" alt=\"\" width=\"79\" height=\"86\" \/><\/a><\/td>\n<td style=\"width: 147.203px;\"><a href=\"..\/\/_2022_\/informacion publica\/abril\/NUMERAL 2\/DIRECTORIO DE LA ENTIDAD PREVI.xlsx\"><img decoding=\"async\" class=\"aligncenter wp-image-3226\" src=\"https:\/\/seij.gob.gt\/udisep\/wp-content\/uploads\/2020\/02\/excel_1.jpg\" alt=\"\" width=\"87\" height=\"90\" \/><\/a><\/td>\n<\/tr>\n<\/tbody>\n<\/table>\n<table class=\" alignleft\" cellpadding=\"grove\">\n<tbody>\n<tr>\n<td style=\"width: 726px;\" colspan=\"3\">\n<p style=\"text-align: center;\"><span style=\"color: #000080; font-size: 14pt; font-family: arial, helvetica, sans-serif;\"><strong><span style=\"font-size: 18pt;\">Marzo<\/span><\/strong><br \/>\n<\/span><\/p>\n<\/td>\n<\/tr>\n<tr>\n<td style=\"width: 436.922px;\">&nbsp;<\/p>\n<p><span style=\"color: #000080; font-size: 14pt; font-family: arial, helvetica, sans-serif;\">Secretar\u00eda Ejecutiva de la ICMSJ<\/span><\/td>\n<td style=\"width: 133.875px;\"><a href=\"..\/\/_2022_\/informacion publica\/marzo\/NUMERAL 2\/DIRECTORIO DE ENTIDAD SEICMSJ.pdf\"><img decoding=\"async\" class=\"wp-image-3229 aligncenter\" src=\"https:\/\/seij.gob.gt\/udisep\/wp-content\/uploads\/2020\/02\/pdf_3.jpg\" alt=\"\" width=\"79\" height=\"86\" \/><\/a><\/td>\n<td style=\"width: 147.203px;\"><a href=\"..\/\/_2022_\/informacion publica\/marzo\/NUMERAL 2\/DIRECTORIO DE ENTIDAD SEICMSJ.xlsx\"><img decoding=\"async\" class=\"aligncenter wp-image-3226\" src=\"https:\/\/seij.gob.gt\/udisep\/wp-content\/uploads\/2020\/02\/excel_1.jpg\" alt=\"\" width=\"87\" height=\"90\" \/><\/a><\/td>\n<\/tr>\n<tr>\n<td style=\"width: 436.922px;\">&nbsp;<\/p>\n<p><span style=\"color: #000080; font-size: 14pt; font-family: arial, helvetica, sans-serif;\">Prevenci\u00f3n de la Violencia y el Delito<\/span><\/td>\n<td style=\"width: 133.875px;\"><a href=\"..\/\/_2022_\/informacion publica\/marzo\/NUMERAL 2\/DIRECTORIO DE LA ENTIDAD PREVI.pdf\"><img decoding=\"async\" class=\"wp-image-3229 aligncenter\" src=\"https:\/\/seij.gob.gt\/udisep\/wp-content\/uploads\/2020\/02\/pdf_3.jpg\" alt=\"\" width=\"79\" height=\"86\" \/><\/a><\/td>\n<td style=\"width: 147.203px;\"><a href=\"..\/\/_2022_\/informacion publica\/marzo\/NUMERAL 2\/DIRECTORIO DE LA ENTIDAD PREVI.xlsx\"><img decoding=\"async\" class=\"aligncenter wp-image-3226\" src=\"https:\/\/seij.gob.gt\/udisep\/wp-content\/uploads\/2020\/02\/excel_1.jpg\" alt=\"\" width=\"87\" height=\"90\" \/><\/a><\/td>\n<\/tr>\n<\/tbody>\n<\/table>\n<p>&nbsp;<\/p>\n<p>&nbsp;<\/p>\n<p>&nbsp;<\/p>\n<table class=\" alignleft\" style=\"height: 301px;\" width=\"734\" cellpadding=\"grove\">\n<tbody>\n<tr>\n<td style=\"width: 726px;\" colspan=\"3\">\n<p style=\"text-align: center;\"><span style=\"color: #000080; font-size: 14pt; font-family: arial, helvetica, sans-serif;\"><strong><span style=\"font-size: 18pt;\">Febrero<\/span><\/strong><br \/>\n<\/span><\/p>\n<\/td>\n<\/tr>\n<tr>\n<td style=\"width: 436.922px;\">&nbsp;<\/p>\n<p><span style=\"color: #000080; font-size: 14pt; font-family: arial, helvetica, sans-serif;\">Secretar\u00eda Ejecutiva de la ICMSJ<\/span><\/td>\n<td style=\"width: 133.875px;\"><a href=\"..\/\/_2022_\/informacion publica\/febrero\/NUMERAL 2\/DIRECTORIO DE LA INSTITUCI\u00d3N SEICMSJ.pdf\"><img decoding=\"async\" class=\"wp-image-3229 aligncenter\" src=\"https:\/\/seij.gob.gt\/udisep\/wp-content\/uploads\/2020\/02\/pdf_3.jpg\" alt=\"\" width=\"79\" height=\"86\" \/><\/a><\/td>\n<td style=\"width: 147.203px;\"><a href=\"..\/\/_2022_\/informacion publica\/febrero\/NUMERAL 2\/DIRECTORIO DE LA INSTITUCI\u00d3N SEICMSJ.xlsx\"><img decoding=\"async\" class=\"aligncenter wp-image-3226\" src=\"https:\/\/seij.gob.gt\/udisep\/wp-content\/uploads\/2020\/02\/excel_1.jpg\" alt=\"\" width=\"87\" height=\"90\" \/><\/a><\/td>\n<\/tr>\n<tr>\n<td style=\"width: 436.922px;\">&nbsp;<\/p>\n<p><span style=\"color: #000080; font-size: 14pt; font-family: arial, helvetica, sans-serif;\">Prevenci\u00f3n de la Violencia y el Delito<\/span><\/td>\n<td style=\"width: 133.875px;\"><a href=\"..\/\/_2022_\/informacion publica\/febrero\/NUMERAL 2\/DIRECTORIO DE LA INSTITUCI\u00d3N PREVI.pdf\"><img decoding=\"async\" class=\"wp-image-3229 aligncenter\" src=\"https:\/\/seij.gob.gt\/udisep\/wp-content\/uploads\/2020\/02\/pdf_3.jpg\" alt=\"\" width=\"79\" height=\"86\" \/><\/a><\/td>\n<td style=\"width: 147.203px;\"><a href=\"..\/\/_2022_\/informacion publica\/febrero\/NUMERAL 2\/DIRECTORIO DE LA INSTITUCI\u00d3N PREVI.xls\"><img decoding=\"async\" class=\"aligncenter wp-image-3226\" src=\"https:\/\/seij.gob.gt\/udisep\/wp-content\/uploads\/2020\/02\/excel_1.jpg\" alt=\"\" width=\"87\" height=\"90\" \/><\/a><\/td>\n<\/tr>\n<\/tbody>\n<\/table>\n<table class=\" alignleft\" style=\"height: 239px;\" width=\"733\" cellpadding=\"grove\">\n<tbody>\n<tr>\n<td style=\"width: 433.65px;\" colspan=\"3\">\n<p style=\"text-align: center;\"><span style=\"color: #000080; font-size: 14pt; font-family: arial, helvetica, sans-serif;\"><strong><span style=\"font-size: 18pt;\">Enero<\/span><\/strong><br \/>\n<\/span><\/p>\n<\/td>\n<\/tr>\n<tr>\n<td style=\"width: 433.65px;\">&nbsp;<\/p>\n<p><span style=\"color: #000080; font-size: 14pt; font-family: arial, helvetica, sans-serif;\">Secretar\u00eda Ejecutiva de la ICMSJ<\/span><\/td>\n<td style=\"width: 132.867px;\"><a href=\"..\/\/_2022_\/informacion publica\/enero\/NUMERAL 2\/DIRECTORIO DE LA INSTITUCI\u00d3N SEICMSJ.pdf\"><img decoding=\"async\" class=\"wp-image-3229 aligncenter\" src=\"https:\/\/seij.gob.gt\/udisep\/wp-content\/uploads\/2020\/02\/pdf_3.jpg\" alt=\"\" width=\"79\" height=\"86\" \/><\/a><\/td>\n<td style=\"width: 146.083px;\"><a href=\"..\/\/_2022_\/informacion publica\/enero\/NUMERAL 2\/DIRECTORIO DE LA INSTITUCI\u00d3N SEICMSJ.xlsx\"><img decoding=\"async\" class=\"aligncenter wp-image-3226\" src=\"https:\/\/seij.gob.gt\/udisep\/wp-content\/uploads\/2020\/02\/excel_1.jpg\" alt=\"\" width=\"87\" height=\"90\" \/><\/a><\/td>\n<\/tr>\n<tr>\n<td style=\"width: 433.65px;\">&nbsp;<\/p>\n<p><span style=\"color: #000080; font-size: 14pt; font-family: arial, helvetica, sans-serif;\">Prevenci\u00f3n de la Violencia y el Delito<\/span><\/td>\n<td style=\"width: 132.867px;\"><a href=\"..\/\/_2022_\/informacion publica\/enero\/NUMERAL 2\/DIRECTORIO DE LA INSTITUCI\u00d3N PREVI.pdf\"><img decoding=\"async\" class=\"wp-image-3229 aligncenter\" src=\"https:\/\/seij.gob.gt\/udisep\/wp-content\/uploads\/2020\/02\/pdf_3.jpg\" alt=\"\" width=\"79\" height=\"86\" \/><\/a><\/td>\n<td style=\"width: 146.083px;\"><a href=\"..\/\/_2022_\/informacion publica\/enero\/NUMERAL 2\/DIRECTORIO DE LA INSTITUCI\u00d3N PREVI.xls\"><img decoding=\"async\" class=\"aligncenter wp-image-3226\" src=\"https:\/\/seij.gob.gt\/udisep\/wp-content\/uploads\/2020\/02\/excel_1.jpg\" alt=\"\" width=\"87\" height=\"90\" \/><\/a><\/td>\n<\/tr>\n<\/tbody>\n<\/table>\n","protected":false},"excerpt":{"rendered":"<p>Directorio y tel\u00e9fono de la entidad y todas las dependencias que la conforman Diciembre &nbsp; Secretar\u00eda Ejecutiva de la ICMSJ &nbsp; Prevenci\u00f3n de la Violencia y el Delito Noviembre &nbsp; Secretar\u00eda Ejecutiva de la ICMSJ &nbsp; Prevenci\u00f3n de la Violencia y el Delito Octubre &nbsp; Secretar\u00eda Ejecutiva de la ICMSJ &nbsp; Prevenci\u00f3n de la Violencia [&hellip;]<\/p>\n","protected":false},"author":1,"featured_media":0,"parent":0,"menu_order":0,"comment_status":"closed","ping_status":"closed","template":"","meta":{"_et_pb_use_builder":"","_et_pb_old_content":"","_et_gb_content_width":"","footnotes":""},"class_list":["post-4380","page","type-page","status-publish","hentry"],"nelio_popups_active_popup":"","_links":{"self":[{"href":"https:\/\/seij.gob.gt\/udisep\/wp-json\/wp\/v2\/pages\/4380","targetHints":{"allow":["GET"]}}],"collection":[{"href":"https:\/\/seij.gob.gt\/udisep\/wp-json\/wp\/v2\/pages"}],"about":[{"href":"https:\/\/seij.gob.gt\/udisep\/wp-json\/wp\/v2\/types\/page"}],"author":[{"embeddable":true,"href":"https:\/\/seij.gob.gt\/udisep\/wp-json\/wp\/v2\/users\/1"}],"replies":[{"embeddable":true,"href":"https:\/\/seij.gob.gt\/udisep\/wp-json\/wp\/v2\/comments?post=4380"}],"version-history":[{"count":19,"href":"https:\/\/seij.gob.gt\/udisep\/wp-json\/wp\/v2\/pages\/4380\/revisions"}],"predecessor-version":[{"id":4997,"href":"https:\/\/seij.gob.gt\/udisep\/wp-json\/wp\/v2\/pages\/4380\/revisions\/4997"}],"wp:attachment":[{"href":"https:\/\/seij.gob.gt\/udisep\/wp-json\/wp\/v2\/media?parent=4380"}],"curies":[{"name":"wp","href":"https:\/\/api.w.org\/{rel}","templated":true}]}}