{"id":4387,"date":"2022-02-08T09:19:50","date_gmt":"2022-02-08T15:19:50","guid":{"rendered":"http:\/\/seij.gob.gt\/udisep\/?page_id=4387"},"modified":"2023-01-10T13:48:53","modified_gmt":"2023-01-10T19:48:53","slug":"numeral-03-ano-2022","status":"publish","type":"page","link":"https:\/\/seij.gob.gt\/udisep\/numeral-03-ano-2022\/","title":{"rendered":"Numeral 03 a\u00f1o 2022"},"content":{"rendered":"<h1 style=\"text-align: center;\">\u00a0 \u00a0 <span style=\"color: #000080; font-family: arial black, sans-serif;\">Directorio de empleados<\/span><\/h1>\n<table>\n<tbody>\n<tr>\n<td style=\"width: 814px; text-align: center;\" colspan=\"3\"><span style=\"color: #000080; font-size: 18pt; font-family: arial black, sans-serif;\">Diciembre<\/span><\/td>\n<\/tr>\n<tr>\n<td style=\"width: 491.5px;\">&nbsp;<\/p>\n<p><span style=\"font-size: 14pt; color: #000080; font-family: arial, helvetica, sans-serif;\">Secretar\u00eda Ejecutiva de la ICMSJ<\/span><\/td>\n<td style=\"width: 146.094px;\"><a href=\"..\/\/_2022_\/informacion publica\/diciembre\/NUMERAL 3\/DIRECTORIO DE EMPLEADOS, SERVIDORES P\u00daBLICOS Y ASESORES SEICMSJ.pdf\"><img decoding=\"async\" class=\"aligncenter wp-image-3229\" src=\"https:\/\/seij.gob.gt\/udisep\/wp-content\/uploads\/2020\/02\/pdf_3.jpg\" alt=\"\" width=\"78\" height=\"85\" \/><\/a><\/td>\n<td style=\"width: 164.406px;\"><a href=\"..\/\/_2022_\/informacion publica\/diciembre\/NUMERAL 3\/DIRECTORIO DE EMPLEADOS, SERVIDORES P\u00daBLICOS Y ASESORES SEICMSJ.xlsx\"><img decoding=\"async\" class=\"aligncenter wp-image-3226\" src=\"https:\/\/seij.gob.gt\/udisep\/wp-content\/uploads\/2020\/02\/excel_1.jpg\" alt=\"\" width=\"88\" height=\"91\" \/><\/a><\/td>\n<\/tr>\n<tr>\n<td style=\"width: 491.5px;\">&nbsp;<\/p>\n<p><span style=\"font-family: arial, helvetica, sans-serif; color: #000080; font-size: 14pt;\">Prevenci\u00f3n de la Violencia y el Delito<\/span><\/td>\n<td style=\"width: 146.094px;\"><a href=\"..\/\/_2022_\/informacion publica\/diciembre\/NUMERAL 3\/DIRECTORIO DE EMPLEADOS, SERVIDORES P\u00daBLICOS Y ASESORES PREVI.pdf\"><img decoding=\"async\" class=\"aligncenter wp-image-3229\" src=\"https:\/\/seij.gob.gt\/udisep\/wp-content\/uploads\/2020\/02\/pdf_3.jpg\" alt=\"\" width=\"78\" height=\"85\" \/><\/a><\/td>\n<td style=\"width: 164.406px;\"><a href=\"..\/\/_2022_\/informacion publica\/diciembre\/NUMERAL 3\/DIRECTORIO DE EMPLEADOS, SERVIDORES P\u00daBLICOS Y ASESORES PREVI.xls\"><img decoding=\"async\" class=\"aligncenter wp-image-3226\" src=\"https:\/\/seij.gob.gt\/udisep\/wp-content\/uploads\/2020\/02\/excel_1.jpg\" alt=\"\" width=\"84\" height=\"87\" \/><\/a><\/td>\n<\/tr>\n<\/tbody>\n<\/table>\n<table>\n<tbody>\n<tr>\n<td style=\"width: 814px; text-align: center;\" colspan=\"3\"><span style=\"color: #000080; font-size: 18pt; font-family: arial black, sans-serif;\">Noviembre<\/span><\/td>\n<\/tr>\n<tr>\n<td style=\"width: 491.5px;\">&nbsp;<\/p>\n<p><span style=\"font-size: 14pt; color: #000080; font-family: arial, helvetica, sans-serif;\">Secretar\u00eda Ejecutiva de la ICMSJ<\/span><\/td>\n<td style=\"width: 146.094px;\"><a href=\"..\/\/_2022_\/informacion publica\/noviembre\/NUMERAL 3\/DIRECTORIO EMPLEADOS, SERVIDORES P\u00daBLICOS Y ASESORES SEICMSJ_1.pdf\"><img decoding=\"async\" class=\"aligncenter wp-image-3229\" src=\"https:\/\/seij.gob.gt\/udisep\/wp-content\/uploads\/2020\/02\/pdf_3.jpg\" alt=\"\" width=\"78\" height=\"85\" \/><\/a><\/td>\n<td style=\"width: 164.406px;\"><a href=\"..\/\/_2022_\/informacion publica\/noviembre\/NUMERAL 3\/DIRECTORIO EMPLEADOS, SERVIDORES P\u00daBLICOS Y ASESORES SEICMSJ_1.xlsx\"><img decoding=\"async\" class=\"aligncenter wp-image-3226\" src=\"https:\/\/seij.gob.gt\/udisep\/wp-content\/uploads\/2020\/02\/excel_1.jpg\" alt=\"\" width=\"88\" height=\"91\" \/><\/a><\/td>\n<\/tr>\n<tr>\n<td style=\"width: 491.5px;\">&nbsp;<\/p>\n<p><span style=\"font-family: arial, helvetica, sans-serif; color: #000080; font-size: 14pt;\">Prevenci\u00f3n de la Violencia y el Delito<\/span><\/td>\n<td style=\"width: 146.094px;\"><a href=\"..\/\/_2022_\/informacion publica\/noviembre\/NUMERAL 3\/DIRECTORIO DE EMPLEADOS, SERVIDORES P\u00daBLICOS Y ASESORES PREVI.pdf\"><img decoding=\"async\" class=\"aligncenter wp-image-3229\" src=\"https:\/\/seij.gob.gt\/udisep\/wp-content\/uploads\/2020\/02\/pdf_3.jpg\" alt=\"\" width=\"78\" height=\"85\" \/><\/a><\/td>\n<td style=\"width: 164.406px;\"><a href=\"..\/\/_2022_\/informacion publica\/noviembre\/NUMERAL 3\/DIRECTORIO DE EMPLEADOS, SERVIDORES P\u00daBLICOS Y ASESORES PREVI.xls\"><img decoding=\"async\" class=\"aligncenter wp-image-3226\" src=\"https:\/\/seij.gob.gt\/udisep\/wp-content\/uploads\/2020\/02\/excel_1.jpg\" alt=\"\" width=\"84\" height=\"87\" \/><\/a><\/td>\n<\/tr>\n<\/tbody>\n<\/table>\n<table>\n<tbody>\n<tr>\n<td style=\"width: 814px; text-align: center;\" colspan=\"3\"><span style=\"color: #000080; font-size: 18pt; font-family: arial black, sans-serif;\">Octubre<\/span><\/td>\n<\/tr>\n<tr>\n<td style=\"width: 491.5px;\">&nbsp;<\/p>\n<p><span style=\"font-size: 14pt; color: #000080; font-family: arial, helvetica, sans-serif;\">Secretar\u00eda Ejecutiva de la ICMSJ<\/span><\/td>\n<td style=\"width: 146.094px;\"><a href=\"..\/\/_2022_\/informacion publica\/octubre\/NUMERAL 3\/DIRECTORIO DE EMPLEADOS, SERVIDORES P\u00daBLICOS Y ASESORES SEICMSJ_1.pdf\"><img decoding=\"async\" class=\"aligncenter wp-image-3229\" src=\"https:\/\/seij.gob.gt\/udisep\/wp-content\/uploads\/2020\/02\/pdf_3.jpg\" alt=\"\" width=\"78\" height=\"85\" \/><\/a><\/td>\n<td style=\"width: 164.406px;\"><a href=\"..\/\/_2022_\/informacion publica\/octubre\/NUMERAL 3\/DIRECTORIO DE EMPLEADOS, SERVIDORES P\u00daBLICOS Y ASESORES SEICMSJ_1.xlsx\"><img decoding=\"async\" class=\"aligncenter wp-image-3226\" src=\"https:\/\/seij.gob.gt\/udisep\/wp-content\/uploads\/2020\/02\/excel_1.jpg\" alt=\"\" width=\"88\" height=\"91\" \/><\/a><\/td>\n<\/tr>\n<tr>\n<td style=\"width: 491.5px;\">&nbsp;<\/p>\n<p><span style=\"font-family: arial, helvetica, sans-serif; color: #000080; font-size: 14pt;\">Prevenci\u00f3n de la Violencia y el Delito<\/span><\/td>\n<td style=\"width: 146.094px;\"><a href=\"..\/\/_2022_\/informacion publica\/octubre\/NUMERAL 3\/DIRECTORIO DE EMPLEADOS, SERVIDORES P\u00daBLICOS Y ASESORES PREVI.pdf\"><img decoding=\"async\" class=\"aligncenter wp-image-3229\" src=\"https:\/\/seij.gob.gt\/udisep\/wp-content\/uploads\/2020\/02\/pdf_3.jpg\" alt=\"\" width=\"78\" height=\"85\" \/><\/a><\/td>\n<td style=\"width: 164.406px;\"><a href=\"..\/\/_2022_\/informacion publica\/octubre\/NUMERAL 3\/DIRECTORIO DE EMPLEADOS, SERVIDORES P\u00daBLICOS Y ASESORES PREVI.xls\"><img decoding=\"async\" class=\"aligncenter wp-image-3226\" src=\"https:\/\/seij.gob.gt\/udisep\/wp-content\/uploads\/2020\/02\/excel_1.jpg\" alt=\"\" width=\"84\" height=\"87\" \/><\/a><\/td>\n<\/tr>\n<\/tbody>\n<\/table>\n<table>\n<tbody>\n<tr>\n<td style=\"width: 814px; text-align: center;\" colspan=\"3\"><span style=\"color: #000080; font-size: 18pt; font-family: arial black, sans-serif;\">Septiembre<\/span><\/td>\n<\/tr>\n<tr>\n<td style=\"width: 491.5px;\">&nbsp;<\/p>\n<p><span style=\"font-size: 14pt; color: #000080; font-family: arial, helvetica, sans-serif;\">Secretar\u00eda Ejecutiva de la ICMSJ<\/span><\/td>\n<td style=\"width: 146.094px;\"><a href=\"..\/\/_2022_\/informacion publica\/septiembre\/NUMERAL 3\/DIRECTORIO DE EMPLEADOS, SERVIDORES P\u00daBLICOS Y ASESORES SEICMSJ (5).pdf\"><img decoding=\"async\" class=\"aligncenter wp-image-3229\" src=\"https:\/\/seij.gob.gt\/udisep\/wp-content\/uploads\/2020\/02\/pdf_3.jpg\" alt=\"\" width=\"78\" height=\"85\" \/><\/a><\/td>\n<td style=\"width: 164.406px;\"><a href=\"..\/\/_2022_\/informacion publica\/septiembre\/NUMERAL 3\/DIRECTORIO DE EMPLEADOS, SERVIDORES P\u00daBLICOS Y ASESORES SEICMSJ.xlsx\"><img decoding=\"async\" class=\"aligncenter wp-image-3226\" src=\"https:\/\/seij.gob.gt\/udisep\/wp-content\/uploads\/2020\/02\/excel_1.jpg\" alt=\"\" width=\"88\" height=\"91\" \/><\/a><\/td>\n<\/tr>\n<tr>\n<td style=\"width: 491.5px;\">&nbsp;<\/p>\n<p><span style=\"font-family: arial, helvetica, sans-serif; color: #000080; font-size: 14pt;\">Prevenci\u00f3n de la Violencia y el Delito<\/span><\/td>\n<td style=\"width: 146.094px;\"><a href=\"..\/\/_2022_\/informacion publica\/septiembre\/NUMERAL 3\/DIRECTORIO DE EMPLEADOS PREVI.pdf\"><img decoding=\"async\" class=\"aligncenter wp-image-3229\" src=\"https:\/\/seij.gob.gt\/udisep\/wp-content\/uploads\/2020\/02\/pdf_3.jpg\" alt=\"\" width=\"78\" height=\"85\" \/><\/a><\/td>\n<td style=\"width: 164.406px;\"><a href=\"..\/\/_2022_\/informacion publica\/septiembre\/NUMERAL 3\/DIRECTORIO DE EMPLEADOS PREVI.xls\"><img decoding=\"async\" class=\"aligncenter wp-image-3226\" src=\"https:\/\/seij.gob.gt\/udisep\/wp-content\/uploads\/2020\/02\/excel_1.jpg\" alt=\"\" width=\"84\" height=\"87\" \/><\/a><\/td>\n<\/tr>\n<\/tbody>\n<\/table>\n<table>\n<tbody>\n<tr>\n<td style=\"width: 814px; text-align: center;\" colspan=\"3\"><span style=\"color: #000080; font-size: 18pt; font-family: arial black, sans-serif;\">Agosto<\/span><\/td>\n<\/tr>\n<tr>\n<td style=\"width: 491.5px;\">&nbsp;<\/p>\n<p><span style=\"font-size: 14pt; color: #000080; font-family: arial, helvetica, sans-serif;\">Secretar\u00eda Ejecutiva de la ICMSJ<\/span><\/td>\n<td style=\"width: 146.094px;\"><a href=\"..\/\/_2022_\/informacion publica\/agosto\/NUMERAL 3\/DIRECTORIO DE EMPLEADOS, SERVIDORES P\u00daBLICOS Y ASESORES SEICMSJ (4).pdf\"><img decoding=\"async\" class=\"aligncenter wp-image-3229\" src=\"https:\/\/seij.gob.gt\/udisep\/wp-content\/uploads\/2020\/02\/pdf_3.jpg\" alt=\"\" width=\"78\" height=\"85\" \/><\/a><\/td>\n<td style=\"width: 164.406px;\"><a href=\"..\/\/_2022_\/informacion publica\/agosto\/NUMERAL 3\/DIRECTORIO DE EMPLEADOS, SERVIDORES P\u00daBLICOS Y ASESORES SEICMSJ.xlsx\"><img decoding=\"async\" class=\"aligncenter wp-image-3226\" src=\"https:\/\/seij.gob.gt\/udisep\/wp-content\/uploads\/2020\/02\/excel_1.jpg\" alt=\"\" width=\"88\" height=\"91\" \/><\/a><\/td>\n<\/tr>\n<tr>\n<td style=\"width: 491.5px;\">&nbsp;<\/p>\n<p><span style=\"font-family: arial, helvetica, sans-serif; color: #000080; font-size: 14pt;\">Prevenci\u00f3n de la Violencia y el Delito<\/span><\/td>\n<td style=\"width: 146.094px;\"><a href=\"..\/\/_2022_\/informacion publica\/agosto\/NUMERAL 3\/DIRECTORIO DE EMPLEADOS, SERVIDORES P\u00daBLICOS Y ASESORES PREVI.pdf\"><img decoding=\"async\" class=\"aligncenter wp-image-3229\" src=\"https:\/\/seij.gob.gt\/udisep\/wp-content\/uploads\/2020\/02\/pdf_3.jpg\" alt=\"\" width=\"78\" height=\"85\" \/><\/a><\/td>\n<td style=\"width: 164.406px;\"><a href=\"..\/\/_2022_\/informacion publica\/agosto\/NUMERAL 3\/DIRECTORIO DE EMPLEADOS, SERVIDORES P\u00daBLICOS Y ASESORES PREVI.xls\"><img decoding=\"async\" class=\"aligncenter wp-image-3226\" src=\"https:\/\/seij.gob.gt\/udisep\/wp-content\/uploads\/2020\/02\/excel_1.jpg\" alt=\"\" width=\"84\" height=\"87\" \/><\/a><\/td>\n<\/tr>\n<\/tbody>\n<\/table>\n<table>\n<tbody>\n<tr>\n<td style=\"width: 814px; text-align: center;\" colspan=\"3\"><span style=\"color: #000080; font-size: 18pt; font-family: arial black, sans-serif;\">Julio<\/span><\/td>\n<\/tr>\n<tr>\n<td style=\"width: 491.5px;\">&nbsp;<\/p>\n<p><span style=\"font-size: 14pt; color: #000080; font-family: arial, helvetica, sans-serif;\">Secretar\u00eda Ejecutiva de la ICMSJ<\/span><\/td>\n<td style=\"width: 146.094px;\"><a href=\"..\/\/_2022_\/informacion publica\/julio\/NUMERAL 3\/07 RRHH_JULIO 2022.pdf\"><img decoding=\"async\" class=\"aligncenter wp-image-3229\" src=\"https:\/\/seij.gob.gt\/udisep\/wp-content\/uploads\/2020\/02\/pdf_3.jpg\" alt=\"\" width=\"78\" height=\"85\" \/><\/a><\/td>\n<td style=\"width: 164.406px;\"><a href=\"..\/\/_2022_\/informacion publica\/julio\/NUMERAL 3\/07 RRHH_JULIO 2022.xlsx\"><img decoding=\"async\" class=\"aligncenter wp-image-3226\" src=\"https:\/\/seij.gob.gt\/udisep\/wp-content\/uploads\/2020\/02\/excel_1.jpg\" alt=\"\" width=\"88\" height=\"91\" \/><\/a><\/td>\n<\/tr>\n<tr>\n<td style=\"width: 491.5px;\">&nbsp;<\/p>\n<p><span style=\"font-family: arial, helvetica, sans-serif; color: #000080; font-size: 14pt;\">Prevenci\u00f3n de la Violencia y el Delito<\/span><\/td>\n<td style=\"width: 146.094px;\"><a href=\"..\/\/_2022_\/informacion publica\/julio\/NUMERAL 3\/DIRECOTORIO DE EMPLEADOS, SERVIDORES P\u00daBLICOS Y ASESORES PREVI.pdf\"><img decoding=\"async\" class=\"aligncenter wp-image-3229\" src=\"https:\/\/seij.gob.gt\/udisep\/wp-content\/uploads\/2020\/02\/pdf_3.jpg\" alt=\"\" width=\"78\" height=\"85\" \/><\/a><\/td>\n<td style=\"width: 164.406px;\"><a href=\"..\/\/_2022_\/informacion publica\/julio\/NUMERAL 3\/DIRECOTORIO DE EMPLEADOS, SERVIDORES P\u00daBLICOS Y ASESORES PREVI.xls\"><img decoding=\"async\" class=\"aligncenter wp-image-3226\" src=\"https:\/\/seij.gob.gt\/udisep\/wp-content\/uploads\/2020\/02\/excel_1.jpg\" alt=\"\" width=\"84\" height=\"87\" \/><\/a><\/td>\n<\/tr>\n<\/tbody>\n<\/table>\n<table>\n<tbody>\n<tr>\n<td style=\"width: 814px; text-align: center;\" colspan=\"3\"><span style=\"color: #000080; font-size: 18pt; font-family: arial black, sans-serif;\">Junio<\/span><\/td>\n<\/tr>\n<tr>\n<td style=\"width: 491.5px;\">&nbsp;<\/p>\n<p><span style=\"font-size: 14pt; color: #000080; font-family: arial, helvetica, sans-serif;\">Secretar\u00eda Ejecutiva de la ICMSJ<\/span><\/td>\n<td style=\"width: 146.094px;\"><a href=\"..\/\/_2022_\/informacion publica\/junio\/NUMERAL 3\/DIRECTORIO DE EMPLEADOS, SERVIDORES P\u00daBLICOS Y ASESORES SEICMSJ (2).pdf\"><img decoding=\"async\" class=\"aligncenter wp-image-3229\" src=\"https:\/\/seij.gob.gt\/udisep\/wp-content\/uploads\/2020\/02\/pdf_3.jpg\" alt=\"\" width=\"78\" height=\"85\" \/><\/a><\/td>\n<td style=\"width: 164.406px;\"><a href=\"..\/\/_2022_\/informacion publica\/junio\/NUMERAL 3\/DIRECTORIO DE EMPLEADOS, SERVIDORES P\u00daBLICOS Y ASESORES SEICMSJ.xlsx\"><img decoding=\"async\" class=\"aligncenter wp-image-3226\" src=\"https:\/\/seij.gob.gt\/udisep\/wp-content\/uploads\/2020\/02\/excel_1.jpg\" alt=\"\" width=\"88\" height=\"91\" \/><\/a><\/td>\n<\/tr>\n<tr>\n<td style=\"width: 491.5px;\">&nbsp;<\/p>\n<p><span style=\"font-family: arial, helvetica, sans-serif; color: #000080; font-size: 14pt;\">Prevenci\u00f3n de la Violencia y el Delito<\/span><\/td>\n<td style=\"width: 146.094px;\"><a href=\"..\/\/_2022_\/informacion publica\/junio\/NUMERAL 3\/DIRECTORIO DE EMPLEADOS, SERVIDORES P\u00daBLICOS Y ASESORES PREVI.pdf\"><img decoding=\"async\" class=\"aligncenter wp-image-3229\" src=\"https:\/\/seij.gob.gt\/udisep\/wp-content\/uploads\/2020\/02\/pdf_3.jpg\" alt=\"\" width=\"78\" height=\"85\" \/><\/a><\/td>\n<td style=\"width: 164.406px;\"><a href=\"..\/\/_2022_\/informacion publica\/junio\/NUMERAL 3\/DIRECTORIO DE EMPLEADOS, SERVIDORES P\u00daBLICOS Y ASESORES PREVI.xls\"><img decoding=\"async\" class=\"aligncenter wp-image-3226\" src=\"https:\/\/seij.gob.gt\/udisep\/wp-content\/uploads\/2020\/02\/excel_1.jpg\" alt=\"\" width=\"84\" height=\"87\" \/><\/a><\/td>\n<\/tr>\n<\/tbody>\n<\/table>\n<table>\n<tbody>\n<tr>\n<td style=\"width: 814px; text-align: center;\" colspan=\"3\"><span style=\"color: #000080; font-size: 18pt; font-family: arial black, sans-serif;\">Mayo<\/span><\/td>\n<\/tr>\n<tr>\n<td style=\"width: 491.5px;\">&nbsp;<\/p>\n<p><span style=\"font-size: 14pt; color: #000080; font-family: arial, helvetica, sans-serif;\">Secretar\u00eda Ejecutiva de la ICMSJ<\/span><\/td>\n<td style=\"width: 146.094px;\"><a href=\"..\/\/_2022_\/informacion publica\/mayo\/NUMERAL 3\/DIRECTORIO DE EMPLEADOS, ASESORES P\u00daBLICOS Y ASESORES SEICMSJ (1).pdf\"><img decoding=\"async\" class=\"aligncenter wp-image-3229\" src=\"https:\/\/seij.gob.gt\/udisep\/wp-content\/uploads\/2020\/02\/pdf_3.jpg\" alt=\"\" width=\"78\" height=\"85\" \/><\/a><\/td>\n<td style=\"width: 164.406px;\"><a href=\"..\/\/_2022_\/informacion publica\/mayo\/NUMERAL 3\/DIRECTORIO DE EMPLEADOS, ASESORES P\u00daBLICOS Y ASESORES SEICMSJ.xlsx\"><img decoding=\"async\" class=\"aligncenter wp-image-3226\" src=\"https:\/\/seij.gob.gt\/udisep\/wp-content\/uploads\/2020\/02\/excel_1.jpg\" alt=\"\" width=\"88\" height=\"91\" \/><\/a><\/td>\n<\/tr>\n<tr>\n<td style=\"width: 491.5px;\">&nbsp;<\/p>\n<p><span style=\"font-family: arial, helvetica, sans-serif; color: #000080; font-size: 14pt;\">Prevenci\u00f3n de la Violencia y el Delito<\/span><\/td>\n<td style=\"width: 146.094px;\"><a href=\"..\/\/_2022_\/informacion publica\/mayo\/NUMERAL 3\/DIRECTORIO DE EMPLEADOS, SERVIDORES P\u00daBLICOS Y ASESORES PREVI.pdf\"><img decoding=\"async\" class=\"aligncenter wp-image-3229\" src=\"https:\/\/seij.gob.gt\/udisep\/wp-content\/uploads\/2020\/02\/pdf_3.jpg\" alt=\"\" width=\"78\" height=\"85\" \/><\/a><\/td>\n<td style=\"width: 164.406px;\"><a href=\"..\/\/_2022_\/informacion publica\/mayo\/NUMERAL 3\/DIRECTORIO DE EMPLEADOS, SERVIDORES P\u00daBLICOS Y ASESORES PREVI.xls\"><img decoding=\"async\" class=\"aligncenter wp-image-3226\" src=\"https:\/\/seij.gob.gt\/udisep\/wp-content\/uploads\/2020\/02\/excel_1.jpg\" alt=\"\" width=\"84\" height=\"87\" \/><\/a><\/td>\n<\/tr>\n<\/tbody>\n<\/table>\n<table>\n<tbody>\n<tr>\n<td style=\"width: 814px; text-align: center;\" colspan=\"3\"><span style=\"color: #000080; font-size: 18pt; font-family: arial black, sans-serif;\">Abril<\/span><\/td>\n<\/tr>\n<tr>\n<td style=\"width: 491.5px;\">&nbsp;<\/p>\n<p><span style=\"font-size: 14pt; color: #000080; font-family: arial, helvetica, sans-serif;\">Secretar\u00eda Ejecutiva de la ICMSJ<\/span><\/td>\n<td style=\"width: 146.094px;\"><a href=\"..\/\/_2022_\/informacion publica\/abril\/NUMERAL 3\/DIRECTORIO DE EMPLEADOS, SERVIDORES P\u00daBLICOS Y ASESORES SEICMSJ.pdf\"><img decoding=\"async\" class=\"aligncenter wp-image-3229\" src=\"https:\/\/seij.gob.gt\/udisep\/wp-content\/uploads\/2020\/02\/pdf_3.jpg\" alt=\"\" width=\"78\" height=\"85\" \/><\/a><\/td>\n<td style=\"width: 164.406px;\"><a href=\"..\/\/_2022_\/informacion publica\/abril\/NUMERAL 3\/DIRECTORIO DE EMPLEADOS, SERVIDORES P\u00daBLICOS Y ASESORES SEICMSJ.xlsx\"><img decoding=\"async\" class=\"aligncenter wp-image-3226\" src=\"https:\/\/seij.gob.gt\/udisep\/wp-content\/uploads\/2020\/02\/excel_1.jpg\" alt=\"\" width=\"88\" height=\"91\" \/><\/a><\/td>\n<\/tr>\n<tr>\n<td style=\"width: 491.5px;\">&nbsp;<\/p>\n<p><span style=\"font-family: arial, helvetica, sans-serif; color: #000080; font-size: 14pt;\">Prevenci\u00f3n de la Violencia y el Delito<\/span><\/td>\n<td style=\"width: 146.094px;\"><a href=\"..\/\/_2022_\/informacion publica\/abril\/NUMERAL 3\/DIRECTORIO DE EMPLEADOS, SERVIDORES P\u00daBLICOS Y ASESORES PREVI.pdf\"><img decoding=\"async\" class=\"aligncenter wp-image-3229\" src=\"https:\/\/seij.gob.gt\/udisep\/wp-content\/uploads\/2020\/02\/pdf_3.jpg\" alt=\"\" width=\"78\" height=\"85\" \/><\/a><\/td>\n<td style=\"width: 164.406px;\"><a href=\"..\/\/_2022_\/informacion publica\/abril\/NUMERAL 3\/DIRECTORIO DE EMPLEADOS, SERVIDORES P\u00daBLICOS Y ASESORES PREVI.xlsx\"><img decoding=\"async\" class=\"aligncenter wp-image-3226\" src=\"https:\/\/seij.gob.gt\/udisep\/wp-content\/uploads\/2020\/02\/excel_1.jpg\" alt=\"\" width=\"84\" height=\"87\" \/><\/a><\/td>\n<\/tr>\n<\/tbody>\n<\/table>\n<table>\n<tbody>\n<tr>\n<td style=\"width: 814px; text-align: center;\" colspan=\"3\"><span style=\"color: #000080; font-size: 18pt; font-family: arial black, sans-serif;\">Marzo<\/span><\/td>\n<\/tr>\n<tr>\n<td style=\"width: 491.5px;\">&nbsp;<\/p>\n<p><span style=\"font-size: 14pt; color: #000080; font-family: arial, helvetica, sans-serif;\">Secretar\u00eda Ejecutiva de la ICMSJ<\/span><\/td>\n<td style=\"width: 146.094px;\"><a href=\"..\/\/_2022_\/informacion publica\/marzo\/NUMERAL 3\/DIRECTORIO DE EMPLEADOS, SERVIDORES P\u00daBLICOS Y ASESORES SEICMSJ.pdf\"><img decoding=\"async\" class=\"aligncenter wp-image-3229\" src=\"https:\/\/seij.gob.gt\/udisep\/wp-content\/uploads\/2020\/02\/pdf_3.jpg\" alt=\"\" width=\"78\" height=\"85\" \/><\/a><\/td>\n<td style=\"width: 164.406px;\"><a href=\"..\/\/_2022_\/informacion publica\/marzo\/NUMERAL 3\/DIRECTORIO DE EMPLEADOS, SERVIDORES P\u00daBLICOS Y ASESORES SEICMSJ.xlsx\"><img decoding=\"async\" class=\"aligncenter wp-image-3226\" src=\"https:\/\/seij.gob.gt\/udisep\/wp-content\/uploads\/2020\/02\/excel_1.jpg\" alt=\"\" width=\"88\" height=\"91\" \/><\/a><\/td>\n<\/tr>\n<tr>\n<td style=\"width: 491.5px;\">&nbsp;<\/p>\n<p><span style=\"font-family: arial, helvetica, sans-serif; color: #000080; font-size: 14pt;\">Prevenci\u00f3n de la Violencia y el Delito<\/span><\/td>\n<td style=\"width: 146.094px;\"><a href=\"..\/\/_2022_\/informacion publica\/marzo\/NUMERAL 3\/DIRECTORIO DE EMPLEADOS, SERVIDORES P\u00daBLICOS, ASESORES PREVI.pdf\"><img decoding=\"async\" class=\"aligncenter wp-image-3229\" src=\"https:\/\/seij.gob.gt\/udisep\/wp-content\/uploads\/2020\/02\/pdf_3.jpg\" alt=\"\" width=\"78\" height=\"85\" \/><\/a><\/td>\n<td style=\"width: 164.406px;\"><a href=\"..\/\/_2022_\/informacion publica\/marzo\/NUMERAL 3\/DIRECTORIO DE EMPLEADOS, SERVIDORES P\u00daBLICOS, ASESORES PREVI.xlsx\"><img decoding=\"async\" class=\"aligncenter wp-image-3226\" src=\"https:\/\/seij.gob.gt\/udisep\/wp-content\/uploads\/2020\/02\/excel_1.jpg\" alt=\"\" width=\"84\" height=\"87\" \/><\/a><\/td>\n<\/tr>\n<\/tbody>\n<\/table>\n<table>\n<tbody>\n<tr>\n<td style=\"width: 814px; text-align: center;\" colspan=\"3\"><span style=\"color: #000080; font-size: 18pt; font-family: arial black, sans-serif;\">Febrero<\/span><\/td>\n<\/tr>\n<tr>\n<td style=\"width: 491.5px;\">&nbsp;<\/p>\n<p><span style=\"font-size: 14pt; color: #000080; font-family: arial, helvetica, sans-serif;\">Secretar\u00eda Ejecutiva de la ICMSJ<\/span><\/td>\n<td style=\"width: 146.094px;\"><a href=\"..\/\/_2022_\/informacion publica\/febrero\/NUMERAL 3\/DIRECTORIO DE EMPLADOS, SERVIDORES P\u00daBLICOS Y ASESORES SEICMSJ.pdf\"><img decoding=\"async\" class=\"aligncenter wp-image-3229\" src=\"https:\/\/seij.gob.gt\/udisep\/wp-content\/uploads\/2020\/02\/pdf_3.jpg\" alt=\"\" width=\"78\" height=\"85\" \/><\/a><\/td>\n<td style=\"width: 164.406px;\"><a href=\"..\/\/_2022_\/informacion publica\/febrero\/NUMERAL 3\/DIRECTORIO DE EMPLADOS, SERVIDORES P\u00daBLICOS Y ASESORES SEICMSJ.xlsx\"><img decoding=\"async\" class=\"aligncenter wp-image-3226\" src=\"https:\/\/seij.gob.gt\/udisep\/wp-content\/uploads\/2020\/02\/excel_1.jpg\" alt=\"\" width=\"88\" height=\"91\" \/><\/a><\/td>\n<\/tr>\n<tr>\n<td style=\"width: 491.5px;\">&nbsp;<\/p>\n<p><span style=\"font-family: arial, helvetica, sans-serif; color: #000080; font-size: 14pt;\">Prevenci\u00f3n de la Violencia y el Delito<\/span><\/td>\n<td style=\"width: 146.094px;\"><a href=\"..\/\/_2022_\/informacion publica\/febrero\/NUMERAL 3\/DIRECTORIO DE EMPLEADOS Y SERVIDORES P\u00daBLICOS PREVI.pdf\"><img decoding=\"async\" class=\"aligncenter wp-image-3229\" src=\"https:\/\/seij.gob.gt\/udisep\/wp-content\/uploads\/2020\/02\/pdf_3.jpg\" alt=\"\" width=\"78\" height=\"85\" \/><\/a><\/td>\n<td style=\"width: 164.406px;\"><a href=\"..\/\/_2022_\/informacion publica\/febrero\/NUMERAL 3\/DIRECTORIO DE EMPLEADOS Y SERVIDORES P\u00daBLICOS PREVI.xls\"><img decoding=\"async\" class=\"aligncenter wp-image-3226\" src=\"https:\/\/seij.gob.gt\/udisep\/wp-content\/uploads\/2020\/02\/excel_1.jpg\" alt=\"\" width=\"84\" height=\"87\" \/><\/a><\/td>\n<\/tr>\n<\/tbody>\n<\/table>\n<table style=\"height: 269px;\" width=\"824\">\n<tbody>\n<tr>\n<td style=\"width: 814px; text-align: center;\" colspan=\"3\"><span style=\"color: #000080; font-size: 18pt; font-family: arial black, sans-serif;\">Enero<\/span><\/td>\n<\/tr>\n<tr>\n<td style=\"width: 491.5px;\">&nbsp;<\/p>\n<p><span style=\"font-size: 14pt; color: #000080; font-family: arial, helvetica, sans-serif;\">Secretar\u00eda Ejecutiva de la ICMSJ<\/span><\/td>\n<td style=\"width: 146.094px;\"><a href=\"..\/\/_2022_\/informacion publica\/enero\/NUMERAL 3\/DIRECRTORIO DE EMPLEADOS, SERVIDORES P\u00daBLICOS, ASESORES.pdf\"><img decoding=\"async\" class=\"aligncenter wp-image-3229\" src=\"https:\/\/seij.gob.gt\/udisep\/wp-content\/uploads\/2020\/02\/pdf_3.jpg\" alt=\"\" width=\"78\" height=\"85\" \/><\/a><\/td>\n<td style=\"width: 164.406px;\"><a href=\"..\/\/_2022_\/informacion publica\/enero\/NUMERAL 3\/DIRECRTORIO DE EMPLEADOS, SERVIDORES P\u00daBLICOS, ASESORES.xlsx\"><img decoding=\"async\" class=\"aligncenter wp-image-3226\" src=\"https:\/\/seij.gob.gt\/udisep\/wp-content\/uploads\/2020\/02\/excel_1.jpg\" alt=\"\" width=\"88\" height=\"91\" \/><\/a><\/td>\n<\/tr>\n<tr>\n<td style=\"width: 491.5px;\">&nbsp;<\/p>\n<p><span style=\"font-family: arial, helvetica, sans-serif; color: #000080; font-size: 14pt;\">Prevenci\u00f3n de la Violencia y el Delito<\/span><\/td>\n<td style=\"width: 146.094px;\"><a href=\"..\/\/_2022_\/informacion publica\/enero\/NUMERAL 3\/DIRECTORIO DE EMPLEADOS, SERVIDORES P\u00daBLICOS, ASESORES PREVI.pdf\"><img decoding=\"async\" class=\"aligncenter wp-image-3229\" src=\"https:\/\/seij.gob.gt\/udisep\/wp-content\/uploads\/2020\/02\/pdf_3.jpg\" alt=\"\" width=\"78\" height=\"85\" \/><\/a><\/td>\n<td style=\"width: 164.406px;\"><a href=\"..\/\/_2022_\/informacion publica\/enero\/NUMERAL 3\/DIRECTORIO DE EMPLEADOS, SERVIDORES P\u00daBLICOS, ASESORES PREVI.xls\"><img decoding=\"async\" class=\"aligncenter wp-image-3226\" src=\"https:\/\/seij.gob.gt\/udisep\/wp-content\/uploads\/2020\/02\/excel_1.jpg\" alt=\"\" width=\"84\" height=\"87\" \/><\/a><\/td>\n<\/tr>\n<\/tbody>\n<\/table>\n","protected":false},"excerpt":{"rendered":"<p>\u00a0 \u00a0 Directorio de empleados Diciembre &nbsp; Secretar\u00eda Ejecutiva de la ICMSJ &nbsp; Prevenci\u00f3n de la Violencia y el Delito Noviembre &nbsp; Secretar\u00eda Ejecutiva de la ICMSJ &nbsp; Prevenci\u00f3n de la Violencia y el Delito Octubre &nbsp; Secretar\u00eda Ejecutiva de la ICMSJ &nbsp; Prevenci\u00f3n de la Violencia y el Delito Septiembre &nbsp; Secretar\u00eda Ejecutiva de [&hellip;]<\/p>\n","protected":false},"author":1,"featured_media":0,"parent":0,"menu_order":0,"comment_status":"closed","ping_status":"closed","template":"","meta":{"_et_pb_use_builder":"","_et_pb_old_content":"","_et_gb_content_width":"","footnotes":""},"class_list":["post-4387","page","type-page","status-publish","hentry"],"nelio_popups_active_popup":"","_links":{"self":[{"href":"https:\/\/seij.gob.gt\/udisep\/wp-json\/wp\/v2\/pages\/4387","targetHints":{"allow":["GET"]}}],"collection":[{"href":"https:\/\/seij.gob.gt\/udisep\/wp-json\/wp\/v2\/pages"}],"about":[{"href":"https:\/\/seij.gob.gt\/udisep\/wp-json\/wp\/v2\/types\/page"}],"author":[{"embeddable":true,"href":"https:\/\/seij.gob.gt\/udisep\/wp-json\/wp\/v2\/users\/1"}],"replies":[{"embeddable":true,"href":"https:\/\/seij.gob.gt\/udisep\/wp-json\/wp\/v2\/comments?post=4387"}],"version-history":[{"count":22,"href":"https:\/\/seij.gob.gt\/udisep\/wp-json\/wp\/v2\/pages\/4387\/revisions"}],"predecessor-version":[{"id":4971,"href":"https:\/\/seij.gob.gt\/udisep\/wp-json\/wp\/v2\/pages\/4387\/revisions\/4971"}],"wp:attachment":[{"href":"https:\/\/seij.gob.gt\/udisep\/wp-json\/wp\/v2\/media?parent=4387"}],"curies":[{"name":"wp","href":"https:\/\/api.w.org\/{rel}","templated":true}]}}