{"id":4391,"date":"2022-02-08T09:25:31","date_gmt":"2022-02-08T15:25:31","guid":{"rendered":"http:\/\/seij.gob.gt\/udisep\/?page_id=4391"},"modified":"2023-01-10T13:52:12","modified_gmt":"2023-01-10T19:52:12","slug":"numeral-04-ano-2022","status":"publish","type":"page","link":"https:\/\/seij.gob.gt\/udisep\/numeral-04-ano-2022\/","title":{"rendered":"Numeral 04  a\u00f1o 2022"},"content":{"rendered":"<h1 style=\"text-align: center;\"><span style=\"color: #000080; font-family: arial black, sans-serif;\">Sueldos y honorarios<\/span><\/h1>\n<p>&nbsp;<\/p>\n<table style=\"width: 92.3988%;\">\n<tbody>\n<tr>\n<td style=\"width: 98.7995%; text-align: center;\" colspan=\"3\"><span style=\"font-size: 18pt; font-family: arial black, sans-serif; color: #000080;\">Diciembre<\/span><\/td>\n<\/tr>\n<tr>\n<td style=\"width: 58.4634%;\">&nbsp;<\/p>\n<p><span style=\"color: #000080; font-size: 14pt; font-family: arial, helvetica, sans-serif;\">Secretar\u00eda Ejecutiva de la ICMSJ<\/span><\/td>\n<td style=\"width: 19.0876%;\"><a href=\"..\/\/_2022_\/informacion publica\/diciembre\/NUMERAL 4\/REMUNERACIONES DE EMPLEADOS, SERVIDORES P\u00daBLICOS Y ASESORES SEICMSJ.pdf\"><img decoding=\"async\" class=\"aligncenter wp-image-3229\" src=\"https:\/\/seij.gob.gt\/udisep\/wp-content\/uploads\/2020\/02\/pdf_3.jpg\" alt=\"\" width=\"85\" height=\"93\" \/><\/a><\/td>\n<td style=\"width: 21.2485%;\"><a href=\"..\/\/_2022_\/informacion publica\/diciembre\/NUMERAL 4\/REMUNERACIONES DE EMPLEADOS, SERVIDORES P\u00daBLICOS Y ASESORES SEICMSJ.xlsx\"><img decoding=\"async\" class=\"aligncenter wp-image-3226\" src=\"https:\/\/seij.gob.gt\/udisep\/wp-content\/uploads\/2020\/02\/excel_1.jpg\" alt=\"\" width=\"95\" height=\"99\" \/><\/a><\/td>\n<\/tr>\n<tr>\n<td style=\"width: 58.4634%;\">&nbsp;<\/p>\n<p><span style=\"font-size: 14pt; color: #000080; font-family: arial, helvetica, sans-serif;\">Prevenci\u00f3n de la Violencia y el Delito<\/span><\/td>\n<td style=\"width: 19.0876%;\"><a href=\"..\/\/_2022_\/informacion publica\/diciembre\/NUMERAL 4\/REMUNERACIONES DE EMPLEADOS, SERVIDORES P\u00daBLICOS Y ASESORES PREVI.pdf\"><img decoding=\"async\" class=\"aligncenter wp-image-3229\" src=\"https:\/\/seij.gob.gt\/udisep\/wp-content\/uploads\/2020\/02\/pdf_3.jpg\" alt=\"\" width=\"85\" height=\"93\" \/><\/a><\/td>\n<td style=\"width: 21.2485%;\"><a href=\"..\/\/_2022_\/informacion publica\/diciembre\/NUMERAL 4\/REMUNERACIONES DE EMPLEADOS, SERVIDORES P\u00daBLICOS Y ASESORES PREVI.xls\"><img decoding=\"async\" class=\"aligncenter wp-image-3226\" src=\"https:\/\/seij.gob.gt\/udisep\/wp-content\/uploads\/2020\/02\/excel_1.jpg\" alt=\"\" width=\"95\" height=\"99\" \/><\/a><\/td>\n<\/tr>\n<\/tbody>\n<\/table>\n<table>\n<tbody>\n<tr>\n<td style=\"width: 819px; text-align: center;\" colspan=\"3\"><span style=\"font-size: 18pt; font-family: arial black, sans-serif; color: #000080;\">Noviembre<\/span><\/td>\n<\/tr>\n<tr>\n<td style=\"width: 481.156px;\">&nbsp;<\/p>\n<p><span style=\"color: #000080; font-size: 14pt; font-family: arial, helvetica, sans-serif;\">Secretar\u00eda Ejecutiva de la ICMSJ<\/span><\/td>\n<td style=\"width: 154.016px;\"><a href=\"..\/\/_2022_\/informacion publica\/noviembre\/NUMERAL 4\/REMUNERACIONES EMPLEADOS, SERVIDORES P\u00daBLICOS Y ASESORES SEICMSJ_1.pdf\"><img decoding=\"async\" class=\"aligncenter wp-image-3229\" src=\"https:\/\/seij.gob.gt\/udisep\/wp-content\/uploads\/2020\/02\/pdf_3.jpg\" alt=\"\" width=\"85\" height=\"93\" \/><\/a><\/td>\n<td style=\"width: 171.828px;\"><a href=\"..\/\/_2022_\/informacion publica\/noviembre\/NUMERAL 4\/REMUNERACIONES EMPLEADOS, SERVIDORES P\u00daBLICOS Y ASESORES SEICMSJ_1.xlsx\"><img decoding=\"async\" class=\"aligncenter wp-image-3226\" src=\"https:\/\/seij.gob.gt\/udisep\/wp-content\/uploads\/2020\/02\/excel_1.jpg\" alt=\"\" width=\"95\" height=\"99\" \/><\/a><\/td>\n<\/tr>\n<tr>\n<td style=\"width: 481.156px;\">&nbsp;<\/p>\n<p><span style=\"font-size: 14pt; color: #000080; font-family: arial, helvetica, sans-serif;\">Prevenci\u00f3n de la Violencia y el Delito<\/span><\/td>\n<td style=\"width: 154.016px;\"><a href=\"..\/\/_2022_\/informacion publica\/noviembre\/NUMERAL 4\/REMUNERACIONES EMPLEADOS, SERVIDORES P\u00daBLICOS Y ASESORES PREVI.pdf\"><img decoding=\"async\" class=\"aligncenter wp-image-3229\" src=\"https:\/\/seij.gob.gt\/udisep\/wp-content\/uploads\/2020\/02\/pdf_3.jpg\" alt=\"\" width=\"85\" height=\"93\" \/><\/a><\/td>\n<td style=\"width: 171.828px;\"><a href=\"..\/\/_2022_\/informacion publica\/noviembre\/NUMERAL 4\/REMUNERACIONES EMPLEADOS, SERVIDORES P\u00daBLICOS Y ASESORES PREVI.xls\"><img decoding=\"async\" class=\"aligncenter wp-image-3226\" src=\"https:\/\/seij.gob.gt\/udisep\/wp-content\/uploads\/2020\/02\/excel_1.jpg\" alt=\"\" width=\"95\" height=\"99\" \/><\/a><\/td>\n<\/tr>\n<\/tbody>\n<\/table>\n<table>\n<tbody>\n<tr>\n<td style=\"width: 819px; text-align: center;\" colspan=\"3\"><span style=\"font-size: 18pt; font-family: arial black, sans-serif; color: #000080;\">Octubre<\/span><\/td>\n<\/tr>\n<tr>\n<td style=\"width: 481.156px;\">&nbsp;<\/p>\n<p><span style=\"color: #000080; font-size: 14pt; font-family: arial, helvetica, sans-serif;\">Secretar\u00eda Ejecutiva de la ICMSJ<\/span><\/td>\n<td style=\"width: 154.016px;\"><a href=\"..\/\/_2022_\/informacion publica\/octubre\/NUMERAL 4\/REMUNERACIONES EMPLEADOS, SERVIDORES P\u00daBLICOS Y ASESORES SEICMSJ_1.pdf\"><img decoding=\"async\" class=\"aligncenter wp-image-3229\" src=\"https:\/\/seij.gob.gt\/udisep\/wp-content\/uploads\/2020\/02\/pdf_3.jpg\" alt=\"\" width=\"85\" height=\"93\" \/><\/a><\/td>\n<td style=\"width: 171.828px;\"><a href=\"..\/\/_2022_\/informacion publica\/octubre\/NUMERAL 4\/REMUNERACIONES EMPLEADOS, SERVIDORES P\u00daBLICOS Y ASESORES SEICMSJ_1.xlsx\"><img decoding=\"async\" class=\"aligncenter wp-image-3226\" src=\"https:\/\/seij.gob.gt\/udisep\/wp-content\/uploads\/2020\/02\/excel_1.jpg\" alt=\"\" width=\"95\" height=\"99\" \/><\/a><\/td>\n<\/tr>\n<tr>\n<td style=\"width: 481.156px;\">&nbsp;<\/p>\n<p><span style=\"font-size: 14pt; color: #000080; font-family: arial, helvetica, sans-serif;\">Prevenci\u00f3n de la Violencia y el Delito<\/span><\/td>\n<td style=\"width: 154.016px;\"><a href=\"..\/\/_2022_\/informacion publica\/octubre\/NUMERAL 4\/REMUNERACIONES EMPLEADOS, SERVIDORES P\u00daBLICOS Y ASESORES PREVI.pdf\"><img decoding=\"async\" class=\"aligncenter wp-image-3229\" src=\"https:\/\/seij.gob.gt\/udisep\/wp-content\/uploads\/2020\/02\/pdf_3.jpg\" alt=\"\" width=\"85\" height=\"93\" \/><\/a><\/td>\n<td style=\"width: 171.828px;\"><a href=\"..\/\/_2022_\/informacion publica\/octubre\/NUMERAL 4\/REMUNERACIONES EMPLEADOS, SERVIDORES P\u00daBLICOS Y ASESORES PREVI.xls\"><img decoding=\"async\" class=\"aligncenter wp-image-3226\" src=\"https:\/\/seij.gob.gt\/udisep\/wp-content\/uploads\/2020\/02\/excel_1.jpg\" alt=\"\" width=\"95\" height=\"99\" \/><\/a><\/td>\n<\/tr>\n<\/tbody>\n<\/table>\n<table>\n<tbody>\n<tr>\n<td style=\"width: 819px; text-align: center;\" colspan=\"3\"><span style=\"font-size: 18pt; font-family: arial black, sans-serif; color: #000080;\">Septiembre<\/span><\/td>\n<\/tr>\n<tr>\n<td style=\"width: 481.156px;\">&nbsp;<\/p>\n<p><span style=\"color: #000080; font-size: 14pt; font-family: arial, helvetica, sans-serif;\">Secretar\u00eda Ejecutiva de la ICMSJ<\/span><\/td>\n<td style=\"width: 154.016px;\"><a href=\"..\/\/_2022_\/informacion publica\/septiembre\/NUMERAL 4\/REMUNERACIONES DE EMPLEADOS, SERVIDORES P\u00daBLICOS Y ASESORES SEICMSJ.pdf\"><img decoding=\"async\" class=\"aligncenter wp-image-3229\" src=\"https:\/\/seij.gob.gt\/udisep\/wp-content\/uploads\/2020\/02\/pdf_3.jpg\" alt=\"\" width=\"85\" height=\"93\" \/><\/a><\/td>\n<td style=\"width: 171.828px;\"><a href=\"..\/\/_2022_\/informacion publica\/septiembre\/NUMERAL 4\/REMUNERACIONES DE EMPLEADOS, SERVIDORES P\u00daBLICOS Y ASESORES SEICMSJ.xlsx\"><img decoding=\"async\" class=\"aligncenter wp-image-3226\" src=\"https:\/\/seij.gob.gt\/udisep\/wp-content\/uploads\/2020\/02\/excel_1.jpg\" alt=\"\" width=\"95\" height=\"99\" \/><\/a><\/td>\n<\/tr>\n<tr>\n<td style=\"width: 481.156px;\">&nbsp;<\/p>\n<p><span style=\"font-size: 14pt; color: #000080; font-family: arial, helvetica, sans-serif;\">Prevenci\u00f3n de la Violencia y el Delito<\/span><\/td>\n<td style=\"width: 154.016px;\"><a href=\"..\/\/_2022_\/informacion publica\/septiembre\/NUMERAL 4\/REMUNERACIONES DE EMPLEADOS, SERVIDORES P\u00daBLICOS Y ASESORES PREVI.pdf\"><img decoding=\"async\" class=\"aligncenter wp-image-3229\" src=\"https:\/\/seij.gob.gt\/udisep\/wp-content\/uploads\/2020\/02\/pdf_3.jpg\" alt=\"\" width=\"85\" height=\"93\" \/><\/a><\/td>\n<td style=\"width: 171.828px;\"><a href=\"..\/\/_2022_\/informacion publica\/septiembre\/NUMERAL 4\/REMUNERACIONES DE EMPLEADOS, SERVIDORES P\u00daBLICOS Y ASESORES PREVI.xls\"><img decoding=\"async\" class=\"aligncenter wp-image-3226\" src=\"https:\/\/seij.gob.gt\/udisep\/wp-content\/uploads\/2020\/02\/excel_1.jpg\" alt=\"\" width=\"95\" height=\"99\" \/><\/a><\/td>\n<\/tr>\n<\/tbody>\n<\/table>\n<table>\n<tbody>\n<tr>\n<td style=\"width: 819px; text-align: center;\" colspan=\"3\"><span style=\"font-size: 18pt; font-family: arial black, sans-serif; color: #000080;\">Agosto<\/span><\/td>\n<\/tr>\n<tr>\n<td style=\"width: 481.156px;\">&nbsp;<\/p>\n<p><span style=\"color: #000080; font-size: 14pt; font-family: arial, helvetica, sans-serif;\">Secretar\u00eda Ejecutiva de la ICMSJ<\/span><\/td>\n<td style=\"width: 154.016px;\"><a href=\"..\/\/_2022_\/informacion publica\/agosto\/NUMERAL 4\/REMUNERACIONES EMPLEADOS, SERVIDORES P\u00daBLICOS Y ASESORES SEICMSJ.pdf\"><img decoding=\"async\" class=\"aligncenter wp-image-3229\" src=\"https:\/\/seij.gob.gt\/udisep\/wp-content\/uploads\/2020\/02\/pdf_3.jpg\" alt=\"\" width=\"85\" height=\"93\" \/><\/a><\/td>\n<td style=\"width: 171.828px;\"><a href=\"..\/\/_2022_\/informacion publica\/agosto\/NUMERAL 4\/REMUNERACIONES EMPLEADOS, SERVIDORES P\u00daBLICOS Y ASESORES SEICMSJ.xlsx\"><img decoding=\"async\" class=\"aligncenter wp-image-3226\" src=\"https:\/\/seij.gob.gt\/udisep\/wp-content\/uploads\/2020\/02\/excel_1.jpg\" alt=\"\" width=\"95\" height=\"99\" \/><\/a><\/td>\n<\/tr>\n<tr>\n<td style=\"width: 481.156px;\">&nbsp;<\/p>\n<p><span style=\"font-size: 14pt; color: #000080; font-family: arial, helvetica, sans-serif;\">Prevenci\u00f3n de la Violencia y el Delito<\/span><\/td>\n<td style=\"width: 154.016px;\"><a href=\"..\/\/_2022_\/informacion publica\/agosto\/NUMERAL 4\/REMUNERACIONES DE EMPLEADOS, SERVIDORES P\u00daBLICOS Y ASESORES PREVI.pdf\"><img decoding=\"async\" class=\"aligncenter wp-image-3229\" src=\"https:\/\/seij.gob.gt\/udisep\/wp-content\/uploads\/2020\/02\/pdf_3.jpg\" alt=\"\" width=\"85\" height=\"93\" \/><\/a><\/td>\n<td style=\"width: 171.828px;\"><a href=\"..\/\/_2022_\/informacion publica\/agosto\/NUMERAL 4\/REMUNERACIONES DE EMPLEADOS, SERVIDORES P\u00daBLICOS Y ASESORES PREVI.xls\"><img decoding=\"async\" class=\"aligncenter wp-image-3226\" src=\"https:\/\/seij.gob.gt\/udisep\/wp-content\/uploads\/2020\/02\/excel_1.jpg\" alt=\"\" width=\"95\" height=\"99\" \/><\/a><\/td>\n<\/tr>\n<\/tbody>\n<\/table>\n<table>\n<tbody>\n<tr>\n<td style=\"width: 819px; text-align: center;\" colspan=\"3\"><span style=\"font-size: 18pt; font-family: arial black, sans-serif; color: #000080;\">Julio<\/span><\/td>\n<\/tr>\n<tr>\n<td style=\"width: 481.156px;\">&nbsp;<\/p>\n<p><span style=\"color: #000080; font-size: 14pt; font-family: arial, helvetica, sans-serif;\">Secretar\u00eda Ejecutiva de la ICMSJ<\/span><\/td>\n<td style=\"width: 154.016px;\"><a href=\"..\/\/_2022_\/informacion publica\/julio\/NUMERAL 4\/SALARIOS EMPLEADOS, SERVIDORES P\u00daBLICOS Y ASESORES SEICMSJ.pdf\"><img decoding=\"async\" class=\"aligncenter wp-image-3229\" src=\"https:\/\/seij.gob.gt\/udisep\/wp-content\/uploads\/2020\/02\/pdf_3.jpg\" alt=\"\" width=\"85\" height=\"93\" \/><\/a><\/td>\n<td style=\"width: 171.828px;\"><a href=\"..\/\/_2022_\/informacion publica\/julio\/NUMERAL 4\/SALARIOS EMPLEADOS, SERVIDORES P\u00daBLICOS Y ASESORES SEICMSJ.xlsx\"><img decoding=\"async\" class=\"aligncenter wp-image-3226\" src=\"https:\/\/seij.gob.gt\/udisep\/wp-content\/uploads\/2020\/02\/excel_1.jpg\" alt=\"\" width=\"95\" height=\"99\" \/><\/a><\/td>\n<\/tr>\n<tr>\n<td style=\"width: 481.156px;\">&nbsp;<\/p>\n<p><span style=\"font-size: 14pt; color: #000080; font-family: arial, helvetica, sans-serif;\">Prevenci\u00f3n de la Violencia y el Delito<\/span><\/td>\n<td style=\"width: 154.016px;\"><a href=\"..\/\/_2022_\/informacion publica\/julio\/NUMERAL 4\/SALARIOS EMPLEADOS, SERVIDORES P\u00daBLICOS Y ASESORES PREVI.pdf\"><img decoding=\"async\" class=\"aligncenter wp-image-3229\" src=\"https:\/\/seij.gob.gt\/udisep\/wp-content\/uploads\/2020\/02\/pdf_3.jpg\" alt=\"\" width=\"85\" height=\"93\" \/><\/a><\/td>\n<td style=\"width: 171.828px;\"><a href=\"..\/\/_2022_\/informacion publica\/julio\/NUMERAL 4\/SALARIOS EMPLEADOS, SERVIDORES P\u00daBLICOS Y ASESORES PREVI.xls\"><img decoding=\"async\" class=\"aligncenter wp-image-3226\" src=\"https:\/\/seij.gob.gt\/udisep\/wp-content\/uploads\/2020\/02\/excel_1.jpg\" alt=\"\" width=\"95\" height=\"99\" \/><\/a><\/td>\n<\/tr>\n<\/tbody>\n<\/table>\n<table>\n<tbody>\n<tr>\n<td style=\"width: 819px; text-align: center;\" colspan=\"3\"><span style=\"font-size: 18pt; font-family: arial black, sans-serif; color: #000080;\">Junio<\/span><\/td>\n<\/tr>\n<tr>\n<td style=\"width: 481.156px;\">&nbsp;<\/p>\n<p><span style=\"color: #000080; font-size: 14pt; font-family: arial, helvetica, sans-serif;\">Secretar\u00eda Ejecutiva de la ICMSJ<\/span><\/td>\n<td style=\"width: 154.016px;\"><a href=\"..\/\/_2022_\/informacion publica\/junio\/NUMERAL 4\/REMUNERACIONES DE SERVIDORES P\u00daBLICOS, EMPLEADOS Y ASESORES SEICMSJ.pdf\"><img decoding=\"async\" class=\"aligncenter wp-image-3229\" src=\"https:\/\/seij.gob.gt\/udisep\/wp-content\/uploads\/2020\/02\/pdf_3.jpg\" alt=\"\" width=\"85\" height=\"93\" \/><\/a><\/td>\n<td style=\"width: 171.828px;\"><a href=\"..\/\/_2022_\/informacion publica\/junio\/NUMERAL 4\/REMUNERACIONES DE SERVIDORES P\u00daBLICOS, EMPLEADOS Y ASESORES SEICMSJ.xlsx\"><img decoding=\"async\" class=\"aligncenter wp-image-3226\" src=\"https:\/\/seij.gob.gt\/udisep\/wp-content\/uploads\/2020\/02\/excel_1.jpg\" alt=\"\" width=\"95\" height=\"99\" \/><\/a><\/td>\n<\/tr>\n<tr>\n<td style=\"width: 481.156px;\">&nbsp;<\/p>\n<p><span style=\"font-size: 14pt; color: #000080; font-family: arial, helvetica, sans-serif;\">Prevenci\u00f3n de la Violencia y el Delito<\/span><\/td>\n<td style=\"width: 154.016px;\"><a href=\"..\/\/_2022_\/informacion publica\/junio\/NUMERAL 4\/REMUNERACIONES EMPLEADOS, SERVIDORES P\u00daBLICOS Y ASESORES PREVI.pdf\"><img decoding=\"async\" class=\"aligncenter wp-image-3229\" src=\"https:\/\/seij.gob.gt\/udisep\/wp-content\/uploads\/2020\/02\/pdf_3.jpg\" alt=\"\" width=\"85\" height=\"93\" \/><\/a><\/td>\n<td style=\"width: 171.828px;\"><a href=\"..\/\/_2022_\/informacion publica\/junio\/NUMERAL 4\/REMUNERACIONES EMPLEADOS, SERVIDORES P\u00daBLICOS Y ASESORES PREVI.xls\"><img decoding=\"async\" class=\"aligncenter wp-image-3226\" src=\"https:\/\/seij.gob.gt\/udisep\/wp-content\/uploads\/2020\/02\/excel_1.jpg\" alt=\"\" width=\"95\" height=\"99\" \/><\/a><\/td>\n<\/tr>\n<\/tbody>\n<\/table>\n<table>\n<tbody>\n<tr>\n<td style=\"width: 819px; text-align: center;\" colspan=\"3\"><span style=\"font-size: 18pt; font-family: arial black, sans-serif; color: #000080;\">Mayo<\/span><\/td>\n<\/tr>\n<tr>\n<td style=\"width: 481.156px;\">&nbsp;<\/p>\n<p><span style=\"color: #000080; font-size: 14pt; font-family: arial, helvetica, sans-serif;\">Secretar\u00eda Ejecutiva de la ICMSJ<\/span><\/td>\n<td style=\"width: 154.016px;\"><a href=\"..\/\/_2022_\/informacion publica\/mayo\/NUMERAL 4\/REMUNERACIONES DE EMPLEADOS, SERVIDORES P\u00daBLICOS Y ASESORES SEICMSJ.pdf\"><img decoding=\"async\" class=\"aligncenter wp-image-3229\" src=\"https:\/\/seij.gob.gt\/udisep\/wp-content\/uploads\/2020\/02\/pdf_3.jpg\" alt=\"\" width=\"85\" height=\"93\" \/><\/a><\/td>\n<td style=\"width: 171.828px;\"><a href=\"..\/\/_2022_\/informacion publica\/mayo\/NUMERAL 4\/REMUNERACIONES DE EMPLEADOS, SERVIDORES P\u00daBLICOS Y ASESORES SEICMSJ.xlsx\"><img decoding=\"async\" class=\"aligncenter wp-image-3226\" src=\"https:\/\/seij.gob.gt\/udisep\/wp-content\/uploads\/2020\/02\/excel_1.jpg\" alt=\"\" width=\"95\" height=\"99\" \/><\/a><\/td>\n<\/tr>\n<tr>\n<td style=\"width: 481.156px;\">&nbsp;<\/p>\n<p><span style=\"font-size: 14pt; color: #000080; font-family: arial, helvetica, sans-serif;\">Prevenci\u00f3n de la Violencia y el Delito<\/span><\/td>\n<td style=\"width: 154.016px;\"><a href=\"..\/\/_2022_\/informacion publica\/mayo\/NUMERAL 4\/REMUNERACIONES EMPLEADOS, SERVIDORES P\u00daBLICOS Y ASESORES PREVI.pdf\"><img decoding=\"async\" class=\"aligncenter wp-image-3229\" src=\"https:\/\/seij.gob.gt\/udisep\/wp-content\/uploads\/2020\/02\/pdf_3.jpg\" alt=\"\" width=\"85\" height=\"93\" \/><\/a><\/td>\n<td style=\"width: 171.828px;\"><a href=\"..\/\/_2022_\/informacion publica\/mayo\/NUMERAL 4\/REMUNERACIONES EMPLEADOS, SERVIDORES P\u00daBLICOS Y ASESORES PREVI.xls\"><img decoding=\"async\" class=\"aligncenter wp-image-3226\" src=\"https:\/\/seij.gob.gt\/udisep\/wp-content\/uploads\/2020\/02\/excel_1.jpg\" alt=\"\" width=\"95\" height=\"99\" \/><\/a><\/td>\n<\/tr>\n<\/tbody>\n<\/table>\n<table>\n<tbody>\n<tr>\n<td style=\"width: 819px; text-align: center;\" colspan=\"3\"><span style=\"font-size: 18pt; font-family: arial black, sans-serif; color: #000080;\">Abril<\/span><\/td>\n<\/tr>\n<tr>\n<td style=\"width: 481.156px;\">&nbsp;<\/p>\n<p><span style=\"color: #000080; font-size: 14pt; font-family: arial, helvetica, sans-serif;\">Secretar\u00eda Ejecutiva de la ICMSJ<\/span><\/td>\n<td style=\"width: 154.016px;\"><a href=\"..\/\/_2022_\/informacion publica\/abril\/NUMERAL 4\/REMUNERACIONES DE EMPLEADOS, SERVIDORES P\u00daBLICOS Y ASESORES SEICMJS.pdf\"><img decoding=\"async\" class=\"aligncenter wp-image-3229\" src=\"https:\/\/seij.gob.gt\/udisep\/wp-content\/uploads\/2020\/02\/pdf_3.jpg\" alt=\"\" width=\"85\" height=\"93\" \/><\/a><\/td>\n<td style=\"width: 171.828px;\"><a href=\"..\/\/_2022_\/informacion publica\/abril\/NUMERAL 4\/REMUNERACIONES DE EMPLEADOS, SERVIDORES P\u00daBLICOS Y ASESORES SEICMJS.xlsx\"><img decoding=\"async\" class=\"aligncenter wp-image-3226\" src=\"https:\/\/seij.gob.gt\/udisep\/wp-content\/uploads\/2020\/02\/excel_1.jpg\" alt=\"\" width=\"95\" height=\"99\" \/><\/a><\/td>\n<\/tr>\n<tr>\n<td style=\"width: 481.156px;\">&nbsp;<\/p>\n<p><span style=\"font-size: 14pt; color: #000080; font-family: arial, helvetica, sans-serif;\">Prevenci\u00f3n de la Violencia y el Delito<\/span><\/td>\n<td style=\"width: 154.016px;\"><a href=\"..\/\/_2022_\/informacion publica\/abril\/NUMERAL 4\/REMUNERACIONES DE EMPLEADOS, SERVIDORES P\u00daBLICOS Y ASESORES PREVI.pdf\"><img decoding=\"async\" class=\"aligncenter wp-image-3229\" src=\"https:\/\/seij.gob.gt\/udisep\/wp-content\/uploads\/2020\/02\/pdf_3.jpg\" alt=\"\" width=\"85\" height=\"93\" \/><\/a><\/td>\n<td style=\"width: 171.828px;\"><a href=\"..\/\/_2022_\/informacion publica\/abril\/NUMERAL 4\/REMUNERACIONES DE EMPLEADOS, SERVIDORES P\u00daBLICOS Y ASESORES PREVI.xlsx\"><img decoding=\"async\" class=\"aligncenter wp-image-3226\" src=\"https:\/\/seij.gob.gt\/udisep\/wp-content\/uploads\/2020\/02\/excel_1.jpg\" alt=\"\" width=\"95\" height=\"99\" \/><\/a><\/td>\n<\/tr>\n<\/tbody>\n<\/table>\n<table>\n<tbody>\n<tr>\n<td style=\"width: 819px; text-align: center;\" colspan=\"3\"><span style=\"font-size: 18pt; font-family: arial black, sans-serif; color: #000080;\">Marzo<\/span><\/td>\n<\/tr>\n<tr>\n<td style=\"width: 481.156px;\">&nbsp;<\/p>\n<p><span style=\"color: #000080; font-size: 14pt; font-family: arial, helvetica, sans-serif;\">Secretar\u00eda Ejecutiva de la ICMSJ<\/span><\/td>\n<td style=\"width: 154.016px;\"><a href=\"..\/\/_2022_\/informacion publica\/marzo\/NUMERAL 4\/SALARIOS DE SERVIDORES P\u00daBLICOS, EMPLEADOS Y ASESORES SEICMSJ.pdf\"><img decoding=\"async\" class=\"aligncenter wp-image-3229\" src=\"https:\/\/seij.gob.gt\/udisep\/wp-content\/uploads\/2020\/02\/pdf_3.jpg\" alt=\"\" width=\"85\" height=\"93\" \/><\/a><\/td>\n<td style=\"width: 171.828px;\"><a href=\"..\/\/_2022_\/informacion publica\/marzo\/NUMERAL 4\/SALARIOS DE SERVIDORES P\u00daBLICOS, EMPLEADOS Y ASESORES SEICMSJ.xlsx\"><img decoding=\"async\" class=\"aligncenter wp-image-3226\" src=\"https:\/\/seij.gob.gt\/udisep\/wp-content\/uploads\/2020\/02\/excel_1.jpg\" alt=\"\" width=\"95\" height=\"99\" \/><\/a><\/td>\n<\/tr>\n<tr>\n<td style=\"width: 481.156px;\">&nbsp;<\/p>\n<p><span style=\"font-size: 14pt; color: #000080; font-family: arial, helvetica, sans-serif;\">Prevenci\u00f3n de la Violencia y el Delito<\/span><\/td>\n<td style=\"width: 154.016px;\"><a href=\"..\/\/_2022_\/informacion publica\/marzo\/NUMERAL 4\/SALARIOS DE SERVIDORES P\u00daBLICOS, ASESORES Y EMPLEADOS PREVI.pdf\"><img decoding=\"async\" class=\"aligncenter wp-image-3229\" src=\"https:\/\/seij.gob.gt\/udisep\/wp-content\/uploads\/2020\/02\/pdf_3.jpg\" alt=\"\" width=\"85\" height=\"93\" \/><\/a><\/td>\n<td style=\"width: 171.828px;\"><a href=\"..\/\/_2022_\/informacion publica\/marzo\/NUMERAL 4\/SALARIOS DE SERVIDORES P\u00daBLICOS, ASESORES Y EMPLEADOS PREVI.xlsx\"><img decoding=\"async\" class=\"aligncenter wp-image-3226\" src=\"https:\/\/seij.gob.gt\/udisep\/wp-content\/uploads\/2020\/02\/excel_1.jpg\" alt=\"\" width=\"95\" height=\"99\" \/><\/a><\/td>\n<\/tr>\n<\/tbody>\n<\/table>\n<table>\n<tbody>\n<tr>\n<td style=\"width: 819px; text-align: center;\" colspan=\"3\"><span style=\"font-size: 18pt; font-family: arial black, sans-serif; color: #000080;\">Febrero<\/span><\/td>\n<\/tr>\n<tr>\n<td style=\"width: 481.156px;\">&nbsp;<\/p>\n<p><span style=\"color: #000080; font-size: 14pt; font-family: arial, helvetica, sans-serif;\">Secretar\u00eda Ejecutiva de la ICMSJ<\/span><\/td>\n<td style=\"width: 154.016px;\"><a href=\"..\/\/_2022_\/informacion publica\/febrero\/NUMERAL 4\/SALARIOS DE EMPLEADOS, SERVIDORES P\u00daBLICOS Y ASESORES SEICMSJ_1.pdf\"><img decoding=\"async\" class=\"aligncenter wp-image-3229\" src=\"https:\/\/seij.gob.gt\/udisep\/wp-content\/uploads\/2020\/02\/pdf_3.jpg\" alt=\"\" width=\"85\" height=\"93\" \/><\/a><\/td>\n<td style=\"width: 171.828px;\"><a href=\"..\/\/_2022_\/informacion publica\/febrero\/NUMERAL 4\/SALARIOS DE EMPLEADOS, SERVIDORES P\u00daBLICOS Y ASESORES SEICMSJ.xlsx\"><img decoding=\"async\" class=\"aligncenter wp-image-3226\" src=\"https:\/\/seij.gob.gt\/udisep\/wp-content\/uploads\/2020\/02\/excel_1.jpg\" alt=\"\" width=\"95\" height=\"99\" \/><\/a><\/td>\n<\/tr>\n<tr>\n<td style=\"width: 481.156px;\">&nbsp;<\/p>\n<p><span style=\"font-size: 14pt; color: #000080; font-family: arial, helvetica, sans-serif;\">Prevenci\u00f3n de la Violencia y el Delito<\/span><\/td>\n<td style=\"width: 154.016px;\"><a href=\"..\/\/_2022_\/informacion publica\/febrero\/NUMERAL 4\/SALARIOS DE EMPLEADOS SERVIDORES P\u00daBLICOS Y ASESORES PREVI.pdf\"><img decoding=\"async\" class=\"aligncenter wp-image-3229\" src=\"https:\/\/seij.gob.gt\/udisep\/wp-content\/uploads\/2020\/02\/pdf_3.jpg\" alt=\"\" width=\"85\" height=\"93\" \/><\/a><\/td>\n<td style=\"width: 171.828px;\"><a href=\"..\/\/_2022_\/informacion publica\/febrero\/NUMERAL 4\/SALARIOS DE EMPLEADOS SERVIDORES P\u00daBLICOS Y ASESORES PREVI.xls\"><img decoding=\"async\" class=\"aligncenter wp-image-3226\" src=\"https:\/\/seij.gob.gt\/udisep\/wp-content\/uploads\/2020\/02\/excel_1.jpg\" alt=\"\" width=\"95\" height=\"99\" \/><\/a><\/td>\n<\/tr>\n<\/tbody>\n<\/table>\n<table style=\"height: 292px;\" width=\"829\">\n<tbody>\n<tr>\n<td style=\"width: 819px; text-align: center;\" colspan=\"3\"><span style=\"font-size: 18pt; font-family: arial black, sans-serif; color: #000080;\">Enero<\/span><\/td>\n<\/tr>\n<tr>\n<td style=\"width: 481.156px;\">&nbsp;<\/p>\n<p><span style=\"color: #000080; font-size: 14pt; font-family: arial, helvetica, sans-serif;\">Secretar\u00eda Ejecutiva de la ICMSJ<\/span><\/td>\n<td style=\"width: 154.016px;\"><a href=\"..\/\/_2022_\/informacion publica\/enero\/NUMERAL 4\/SALARIOS DE EMPLEADOS, SERVIDORES P\u00daBLICOS ASESORES SEICMSJ.pdf\"><img decoding=\"async\" class=\"aligncenter wp-image-3229\" src=\"https:\/\/seij.gob.gt\/udisep\/wp-content\/uploads\/2020\/02\/pdf_3.jpg\" alt=\"\" width=\"85\" height=\"93\" \/><\/a><\/td>\n<td style=\"width: 171.828px;\"><a href=\"..\/\/_2022_\/informacion publica\/enero\/NUMERAL 4\/SALARIOS DE EMPLEADOS, SERVIDORES P\u00daBLICOS ASESORES SEICMSJ.xlsx\"><img decoding=\"async\" class=\"aligncenter wp-image-3226\" src=\"https:\/\/seij.gob.gt\/udisep\/wp-content\/uploads\/2020\/02\/excel_1.jpg\" alt=\"\" width=\"95\" height=\"99\" \/><\/a><\/td>\n<\/tr>\n<tr>\n<td style=\"width: 481.156px;\">&nbsp;<\/p>\n<p><span style=\"font-size: 14pt; color: #000080; font-family: arial, helvetica, sans-serif;\">Prevenci\u00f3n de la Violencia y el Delito<\/span><\/td>\n<td style=\"width: 154.016px;\"><a href=\"..\/\/_2022_\/informacion publica\/enero\/NUMERAL 4\/SALARIOS DE EMPLEADOS, SERVIDORES P\u00daBLICOS, ASESORES, PREVI.pdf\"><img decoding=\"async\" class=\"aligncenter wp-image-3229\" src=\"https:\/\/seij.gob.gt\/udisep\/wp-content\/uploads\/2020\/02\/pdf_3.jpg\" alt=\"\" width=\"85\" height=\"93\" \/><\/a><\/td>\n<td style=\"width: 171.828px;\"><a href=\"..\/\/_2022_\/informacion publica\/enero\/NUMERAL 4\/SALARIOS DE EMPLEADOS, SERVIDORES P\u00daBLICOS ASESORES PREVI.xls\"><img decoding=\"async\" class=\"aligncenter wp-image-3226\" src=\"https:\/\/seij.gob.gt\/udisep\/wp-content\/uploads\/2020\/02\/excel_1.jpg\" alt=\"\" width=\"95\" height=\"99\" \/><\/a><\/td>\n<\/tr>\n<\/tbody>\n<\/table>\n","protected":false},"excerpt":{"rendered":"<p>Sueldos y honorarios &nbsp; Diciembre &nbsp; Secretar\u00eda Ejecutiva de la ICMSJ &nbsp; Prevenci\u00f3n de la Violencia y el Delito Noviembre &nbsp; Secretar\u00eda Ejecutiva de la ICMSJ &nbsp; Prevenci\u00f3n de la Violencia y el Delito Octubre &nbsp; Secretar\u00eda Ejecutiva de la ICMSJ &nbsp; Prevenci\u00f3n de la Violencia y el Delito Septiembre &nbsp; Secretar\u00eda Ejecutiva de la [&hellip;]<\/p>\n","protected":false},"author":1,"featured_media":0,"parent":0,"menu_order":0,"comment_status":"closed","ping_status":"closed","template":"","meta":{"_et_pb_use_builder":"","_et_pb_old_content":"","_et_gb_content_width":"","footnotes":""},"class_list":["post-4391","page","type-page","status-publish","hentry"],"nelio_popups_active_popup":"","_links":{"self":[{"href":"https:\/\/seij.gob.gt\/udisep\/wp-json\/wp\/v2\/pages\/4391","targetHints":{"allow":["GET"]}}],"collection":[{"href":"https:\/\/seij.gob.gt\/udisep\/wp-json\/wp\/v2\/pages"}],"about":[{"href":"https:\/\/seij.gob.gt\/udisep\/wp-json\/wp\/v2\/types\/page"}],"author":[{"embeddable":true,"href":"https:\/\/seij.gob.gt\/udisep\/wp-json\/wp\/v2\/users\/1"}],"replies":[{"embeddable":true,"href":"https:\/\/seij.gob.gt\/udisep\/wp-json\/wp\/v2\/comments?post=4391"}],"version-history":[{"count":20,"href":"https:\/\/seij.gob.gt\/udisep\/wp-json\/wp\/v2\/pages\/4391\/revisions"}],"predecessor-version":[{"id":4972,"href":"https:\/\/seij.gob.gt\/udisep\/wp-json\/wp\/v2\/pages\/4391\/revisions\/4972"}],"wp:attachment":[{"href":"https:\/\/seij.gob.gt\/udisep\/wp-json\/wp\/v2\/media?parent=4391"}],"curies":[{"name":"wp","href":"https:\/\/api.w.org\/{rel}","templated":true}]}}