{"id":4394,"date":"2022-02-08T09:30:16","date_gmt":"2022-02-08T15:30:16","guid":{"rendered":"http:\/\/seij.gob.gt\/udisep\/?page_id=4394"},"modified":"2023-01-19T14:31:48","modified_gmt":"2023-01-19T20:31:48","slug":"numeral-05-ano-2022","status":"publish","type":"page","link":"https:\/\/seij.gob.gt\/udisep\/numeral-05-ano-2022\/","title":{"rendered":"Numeral 05 a\u00f1o 2022"},"content":{"rendered":"<h1 style=\"text-align: center;\"><span style=\"color: #000080; font-family: arial black, sans-serif;\">Visi\u00f3n, Misi\u00f3n, Objetivos, Plan Operativo Anual y Resultados del -POA-<\/span><\/h1>\n<p>&nbsp;<\/p>\n<table style=\"height: 556px;\" width=\"836\">\n<tbody>\n<tr>\n<td style=\"width: 150.133px;\">\n<h2><\/h2>\n<h2 style=\"text-align: center;\"><span style=\"color: #000080;\">VISI\u00d3N<\/span><\/h2>\n<\/td>\n<td style=\"width: 671.067px;\"><span style=\"color: #000080; font-size: 14pt;\"><em>Ser el \u00f3rgano ejecutor y coordinador de los planes, programas y proyectos sectoriales acordados por la Instancia Coordinadora de la Modernizaci\u00f3n del Sector Justicia.<\/em><\/span><\/td>\n<\/tr>\n<tr>\n<td style=\"width: 150.133px;\">\n<h2><\/h2>\n<h2 style=\"text-align: center;\"><span style=\"color: #000080;\">MISI\u00d3N<\/span><\/h2>\n<\/td>\n<td style=\"width: 671.067px;\"><span style=\"color: #000080; font-size: 14pt;\"><em>Cumplir con lo encomendado por la Instancia Coordinadora de la Modernizaci\u00f3n del Sector Justicia, garantizando el acceso, la eficiencia y el fortalecimiento de la administraci\u00f3n de la justicia, a efecto de consolidar el Estado de Derecho.<\/em><\/span><\/td>\n<\/tr>\n<tr>\n<td style=\"width: 150.133px;\">\n<h2><\/h2>\n<h2><\/h2>\n<h2><\/h2>\n<h2><\/h2>\n<h2 style=\"text-align: center;\"><span style=\"color: #000080;\">OBJETIVOS<\/span><\/h2>\n<\/td>\n<td style=\"width: 671.067px;\">\n<ol>\n<li><span style=\"color: #000080; font-size: 14pt;\"><em>Coordinar actividades, procedimiento y programas que optimicen el empleo de los recursos humanos, materiales y t\u00e9cnicos, de manera integral, racional y permanente, para el fortalecimiento y la modernizaci\u00f3n de la justicia.<\/em><\/span><\/li>\n<li><span style=\"color: #000080; font-size: 14pt;\"><em>Apoyar a la Instancia Coordinadora de la Modernizaci\u00f3n del Sector Justicia en el fortalecimiento de la Justicia y en la modernizaci\u00f3n de las instituciones que la conforman.<\/em><\/span><\/li>\n<li><span style=\"color: #000080; font-size: 14pt;\"><em>\u00a0Promover el acceso a la justicia; y facilitar la participaci\u00f3n de la sociedad civil para lograr fortalecer las instituciones del sector justicia y seguridad.<\/em><\/span><\/li>\n<\/ol>\n<\/td>\n<\/tr>\n<\/tbody>\n<\/table>\n<hr \/>\n<table style=\"height: 133px;\" width=\"837\">\n<tbody>\n<tr>\n<td style=\"width: 827.8px;\" colspan=\"2\">\n<h2 style=\"text-align: center;\"><span style=\"font-family: arial black, sans-serif; color: #000080;\"><strong>2022<\/strong><\/span><\/h2>\n<\/td>\n<\/tr>\n<tr>\n<td style=\"width: 464.583px;\">&nbsp;<\/p>\n<p><span style=\"font-family: arial, helvetica, sans-serif; color: #000080; font-size: 14pt;\">Resultado POA tercer cuatrimestre<\/span><\/td>\n<td style=\"width: 357.617px;\"><a href=\"https:\/\/seij.gob.gt\/udisep\/wp-content\/uploads\/2023\/01\/Informe-Descriptivo-Tercer-Cuatrimestre-septiembre-diciembre-2022.pdf\"><img decoding=\"async\" class=\"aligncenter\" src=\"https:\/\/seij.gob.gt\/udisep\/wp-content\/uploads\/2020\/02\/pdf_3.jpg\" width=\"89\" height=\"97\" \/><\/a><\/td>\n<\/tr>\n<tr>\n<td style=\"width: 464.583px;\">&nbsp;<\/p>\n<p><span style=\"font-family: arial, helvetica, sans-serif; color: #000080; font-size: 14pt;\">Resultado POA segundo cuatrimestre<\/span><\/td>\n<td style=\"width: 357.617px;\"><a href=\"..\/\/_2022_\/informacion publica\/noviembre\/Informe Descriptivo Segundo Cuatrimestre (mayo-agosto) 2,022_1.pdf\"><img decoding=\"async\" class=\"aligncenter\" src=\"https:\/\/seij.gob.gt\/udisep\/wp-content\/uploads\/2020\/02\/pdf_3.jpg\" width=\"89\" height=\"97\" \/><\/a><\/td>\n<\/tr>\n<tr>\n<td style=\"width: 464.583px;\">&nbsp;<\/p>\n<p><span style=\"font-family: arial, helvetica, sans-serif; color: #000080; font-size: 14pt;\">Resultado Plan Operativo Anual 2022<\/span><\/td>\n<td style=\"width: 357.617px;\"><a href=\"..\/\/_2022_\/informacion publica\/noviembre\/Informe Descriptivo Primer Cuatrimestre (enero-abril) 2,022.pdf\"><img decoding=\"async\" class=\"aligncenter\" src=\"https:\/\/seij.gob.gt\/udisep\/wp-content\/uploads\/2020\/02\/pdf_3.jpg\" width=\"89\" height=\"97\" \/><\/a><\/td>\n<\/tr>\n<tr>\n<td style=\"width: 464.583px;\">&nbsp;<\/p>\n<p><span style=\"font-family: arial, helvetica, sans-serif; color: #000080; font-size: 14pt;\">Plan Estrat\u00e9gico Institucional -PEI- de la ICMSJ 2021 &#8211; 2025<\/span><\/td>\n<td style=\"width: 357.617px;\"><a href=\"..\/\/_2022_\/informacion publica\/enero\/NUMERAL 5\/1. Plan Estrat\u00e9gico Institucional -PEI- de la SEICMSJ 2,021 - 2,025 (ACTUALIZADO 28022022).pdf\"><img decoding=\"async\" class=\"aligncenter\" src=\"https:\/\/seij.gob.gt\/udisep\/wp-content\/uploads\/2020\/02\/pdf_3.jpg\" width=\"89\" height=\"97\" \/><\/a><\/td>\n<\/tr>\n<tr>\n<td style=\"width: 464.583px;\">&nbsp;<\/p>\n<p><span style=\"font-family: arial, helvetica, sans-serif; color: #000080; font-size: 14pt;\">Plan Operativo Multianual -POM- de la ICMSJ 2022 &#8211; 2025<\/span><\/td>\n<td style=\"width: 357.617px;\"><a href=\"..\/\/_2022_\/informacion publica\/enero\/NUMERAL 5\/2. Plan Operativo Multianual -POM- de la SEICMSJ 2,022 - 2,025 (ACTUALIZADO 28022022).pdf\"><img decoding=\"async\" class=\"aligncenter\" src=\"https:\/\/seij.gob.gt\/udisep\/wp-content\/uploads\/2020\/02\/pdf_3.jpg\" width=\"89\" height=\"97\" \/><\/a><\/td>\n<\/tr>\n<tr>\n<td style=\"width: 464.583px;\">&nbsp;<\/p>\n<p><span style=\"font-family: arial, helvetica, sans-serif; color: #000080; font-size: 14pt;\">Plan Operativo Anual -POA- de la SEICMSJ 2022<\/span><\/td>\n<td style=\"width: 357.617px;\"><a href=\"..\/\/_2022_\/informacion publica\/enero\/NUMERAL 5\/3. Plan Operativo Anual -POA- de la SEICMSJ 2,022 (ACTUALIZADO 28022022).pdf\"><img decoding=\"async\" class=\"aligncenter\" src=\"https:\/\/seij.gob.gt\/udisep\/wp-content\/uploads\/2020\/02\/pdf_3.jpg\" width=\"89\" height=\"97\" \/><\/a><\/td>\n<\/tr>\n<tr>\n<td style=\"width: 464.583px;\">&nbsp;<\/p>\n<p>&nbsp;<\/p>\n<p><span style=\"font-family: arial, helvetica, sans-serif; color: #000080; font-size: 14pt;\">Plan Operativo Multianual -POM- 2021 &#8211; 2022 Programa PREVI<\/span><\/td>\n<td style=\"width: 357.617px;\"><a href=\"..\/\/_2022_\/informacion publica\/enero\/NUMERAL 5\/Plan Operativo Multianual -POM- 2,021-2,022 Programa PREVI.xlsx\"><br \/>\n<img decoding=\"async\" class=\"aligncenter wp-image-3226\" src=\"https:\/\/seij.gob.gt\/udisep\/wp-content\/uploads\/2020\/02\/excel_1.jpg\" alt=\"\" width=\"103\" height=\"106\" \/><\/a><\/td>\n<\/tr>\n<\/tbody>\n<\/table>\n","protected":false},"excerpt":{"rendered":"<p>Visi\u00f3n, Misi\u00f3n, Objetivos, Plan Operativo Anual y Resultados del -POA- &nbsp; VISI\u00d3N Ser el \u00f3rgano ejecutor y coordinador de los planes, programas y proyectos sectoriales acordados por la Instancia Coordinadora de la Modernizaci\u00f3n del Sector Justicia. MISI\u00d3N Cumplir con lo encomendado por la Instancia Coordinadora de la Modernizaci\u00f3n del Sector Justicia, garantizando el acceso, la [&hellip;]<\/p>\n","protected":false},"author":1,"featured_media":0,"parent":0,"menu_order":0,"comment_status":"closed","ping_status":"closed","template":"","meta":{"_et_pb_use_builder":"","_et_pb_old_content":"","_et_gb_content_width":"","footnotes":""},"class_list":["post-4394","page","type-page","status-publish","hentry"],"nelio_popups_active_popup":"","_links":{"self":[{"href":"https:\/\/seij.gob.gt\/udisep\/wp-json\/wp\/v2\/pages\/4394","targetHints":{"allow":["GET"]}}],"collection":[{"href":"https:\/\/seij.gob.gt\/udisep\/wp-json\/wp\/v2\/pages"}],"about":[{"href":"https:\/\/seij.gob.gt\/udisep\/wp-json\/wp\/v2\/types\/page"}],"author":[{"embeddable":true,"href":"https:\/\/seij.gob.gt\/udisep\/wp-json\/wp\/v2\/users\/1"}],"replies":[{"embeddable":true,"href":"https:\/\/seij.gob.gt\/udisep\/wp-json\/wp\/v2\/comments?post=4394"}],"version-history":[{"count":15,"href":"https:\/\/seij.gob.gt\/udisep\/wp-json\/wp\/v2\/pages\/4394\/revisions"}],"predecessor-version":[{"id":5098,"href":"https:\/\/seij.gob.gt\/udisep\/wp-json\/wp\/v2\/pages\/4394\/revisions\/5098"}],"wp:attachment":[{"href":"https:\/\/seij.gob.gt\/udisep\/wp-json\/wp\/v2\/media?parent=4394"}],"curies":[{"name":"wp","href":"https:\/\/api.w.org\/{rel}","templated":true}]}}