{"id":4426,"date":"2022-02-08T10:24:13","date_gmt":"2022-02-08T16:24:13","guid":{"rendered":"http:\/\/seij.gob.gt\/udisep\/?page_id=4426"},"modified":"2023-01-10T14:26:29","modified_gmt":"2023-01-10T20:26:29","slug":"numeral-11-ano-2022","status":"publish","type":"page","link":"https:\/\/seij.gob.gt\/udisep\/numeral-11-ano-2022\/","title":{"rendered":"Numeral 11 a\u00f1o 2022"},"content":{"rendered":"<h1 style=\"text-align: center;\"><span style=\"font-family: arial black, sans-serif; color: #000080;\">Contrataciones de bienes y servicios<\/span><\/h1>\n<table>\n<tbody>\n<tr>\n<td style=\"width: 816px; text-align: center;\" colspan=\"3\"><span style=\"font-family: arial black, sans-serif; font-size: 18pt; color: #000080;\">Diciembre<\/span><\/td>\n<\/tr>\n<tr>\n<td style=\"width: 430.609px;\">&nbsp;<\/p>\n<p><span style=\"font-size: 14pt; font-family: arial, helvetica, sans-serif; color: #000080;\">Secretar\u00eda Ejecutiva de la ICMSJ<\/span><\/td>\n<td style=\"width: 145.281px;\"><a href=\"..\/\/_2022_\/informacion publica\/diciembre\/NUMERAL 11\/CONTRATACI\u00d3N DE BIENES Y SERVICIOS SEICMSJ.pdf\"><img decoding=\"async\" class=\"aligncenter wp-image-3229\" src=\"https:\/\/seij.gob.gt\/udisep\/wp-content\/uploads\/2020\/02\/pdf_3.jpg\" alt=\"\" width=\"101\" height=\"110\" \/><\/a><\/td>\n<td style=\"width: 228.109px;\"><a href=\"..\/\/_2022_\/informacion publica\/diciembre\/NUMERAL 11\/CONTRATACI\u00d3N DE BIENES Y SERVICIOS SEICMSJ.xlsx\"><img decoding=\"async\" class=\"aligncenter wp-image-3226\" src=\"https:\/\/seij.gob.gt\/udisep\/wp-content\/uploads\/2020\/02\/excel_1.jpg\" alt=\"\" width=\"109\" height=\"113\" \/><\/a><\/td>\n<\/tr>\n<tr>\n<td style=\"width: 430.609px;\">&nbsp;<\/p>\n<p><span style=\"color: #000080; font-family: arial, helvetica, sans-serif; font-size: 14pt;\">Prevenci\u00f3n de la Violencia y el Delito<\/span><\/td>\n<td style=\"width: 145.281px;\"><a href=\"..\/\/_2022_\/informacion publica\/diciembre\/NUMERAL 11\/CONTRATACI\u00d3N DE BIENES Y SERVICIOS PREVI.pdf\"><img decoding=\"async\" class=\"aligncenter wp-image-3229\" src=\"https:\/\/seij.gob.gt\/udisep\/wp-content\/uploads\/2020\/02\/pdf_3.jpg\" alt=\"\" width=\"102\" height=\"111\" \/><\/a><\/td>\n<td style=\"width: 228.109px;\"><a href=\"..\/\/_2022_\/informacion publica\/diciembre\/NUMERAL 11\/CONTRATACI\u00d3N DE BIENES Y SERVICIOS PREVI.xls\"><img decoding=\"async\" class=\"aligncenter wp-image-3226\" src=\"https:\/\/seij.gob.gt\/udisep\/wp-content\/uploads\/2020\/02\/excel_1.jpg\" alt=\"\" width=\"109\" height=\"113\" \/><\/a><\/td>\n<\/tr>\n<\/tbody>\n<\/table>\n<table>\n<tbody>\n<tr>\n<td style=\"width: 816px; text-align: center;\" colspan=\"3\"><span style=\"font-family: arial black, sans-serif; font-size: 18pt; color: #000080;\">Noviembre<\/span><\/td>\n<\/tr>\n<tr>\n<td style=\"width: 430.609px;\">&nbsp;<\/p>\n<p><span style=\"font-size: 14pt; font-family: arial, helvetica, sans-serif; color: #000080;\">Secretar\u00eda Ejecutiva de la ICMSJ<\/span><\/td>\n<td style=\"width: 145.281px;\"><a href=\"..\/\/_2022_\/informacion publica\/noviembre\/NUMERAL 11\/CONTRATACI\u00d3N DE BIENES Y SERVICIOS SEICMSJ.pdf\"><img decoding=\"async\" class=\"aligncenter wp-image-3229\" src=\"https:\/\/seij.gob.gt\/udisep\/wp-content\/uploads\/2020\/02\/pdf_3.jpg\" alt=\"\" width=\"101\" height=\"110\" \/><\/a><\/td>\n<td style=\"width: 228.109px;\"><a href=\"..\/\/_2022_\/informacion publica\/noviembre\/NUMERAL 11\/CONTRATACI\u00d3N DE BIENES Y SERVICIOS SEICMSJ.xlsx\"><img decoding=\"async\" class=\"aligncenter wp-image-3226\" src=\"https:\/\/seij.gob.gt\/udisep\/wp-content\/uploads\/2020\/02\/excel_1.jpg\" alt=\"\" width=\"109\" height=\"113\" \/><\/a><\/td>\n<\/tr>\n<tr>\n<td style=\"width: 430.609px;\">&nbsp;<\/p>\n<p><span style=\"color: #000080; font-family: arial, helvetica, sans-serif; font-size: 14pt;\">Prevenci\u00f3n de la Violencia y el Delito<\/span><\/td>\n<td style=\"width: 145.281px;\"><a href=\"..\/\/_2022_\/informacion publica\/noviembre\/NUMERAL 11\/CONTRATACION DE BIENES Y SERVICIOS PREVI.pdf\"><img decoding=\"async\" class=\"aligncenter wp-image-3229\" src=\"https:\/\/seij.gob.gt\/udisep\/wp-content\/uploads\/2020\/02\/pdf_3.jpg\" alt=\"\" width=\"102\" height=\"111\" \/><\/a><\/td>\n<td style=\"width: 228.109px;\"><a href=\"..\/\/_2022_\/informacion publica\/noviembre\/NUMERAL 11\/CONTRATACION DE BIENES Y SERVICIOS PREVI.xls\"><img decoding=\"async\" class=\"aligncenter wp-image-3226\" src=\"https:\/\/seij.gob.gt\/udisep\/wp-content\/uploads\/2020\/02\/excel_1.jpg\" alt=\"\" width=\"109\" height=\"113\" \/><\/a><\/td>\n<\/tr>\n<\/tbody>\n<\/table>\n<table>\n<tbody>\n<tr>\n<td style=\"width: 816px; text-align: center;\" colspan=\"3\"><span style=\"font-family: arial black, sans-serif; font-size: 18pt; color: #000080;\">Octubre<\/span><\/td>\n<\/tr>\n<tr>\n<td style=\"width: 430.609px;\">&nbsp;<\/p>\n<p><span style=\"font-size: 14pt; font-family: arial, helvetica, sans-serif; color: #000080;\">Secretar\u00eda Ejecutiva de la ICMSJ<\/span><\/td>\n<td style=\"width: 145.281px;\"><a href=\"..\/\/_2022_\/informacion publica\/octubre\/NUMERAL 11\/CONTRATACI\u00d3N DE BIENES Y SEVICIOS SEICMSJ.pdf\"><img decoding=\"async\" class=\"aligncenter wp-image-3229\" src=\"https:\/\/seij.gob.gt\/udisep\/wp-content\/uploads\/2020\/02\/pdf_3.jpg\" alt=\"\" width=\"101\" height=\"110\" \/><\/a><\/td>\n<td style=\"width: 228.109px;\"><a href=\"..\/\/_2022_\/informacion publica\/octubre\/NUMERAL 11\/CONTRATACI\u00d3N DE BIENES Y SEVICIOS SEICMSJ.xlsx\"><img decoding=\"async\" class=\"aligncenter wp-image-3226\" src=\"https:\/\/seij.gob.gt\/udisep\/wp-content\/uploads\/2020\/02\/excel_1.jpg\" alt=\"\" width=\"109\" height=\"113\" \/><\/a><\/td>\n<\/tr>\n<tr>\n<td style=\"width: 430.609px;\">&nbsp;<\/p>\n<p><span style=\"color: #000080; font-family: arial, helvetica, sans-serif; font-size: 14pt;\">Prevenci\u00f3n de la Violencia y el Delito<\/span><\/td>\n<td style=\"width: 145.281px;\"><a href=\"..\/\/_2022_\/informacion publica\/octubre\/NUMERAL 11\/CONTRATACI\u00d3N DE BIENES Y SERVICIOS PREVI.xls.pdf\"><img decoding=\"async\" class=\"aligncenter wp-image-3229\" src=\"https:\/\/seij.gob.gt\/udisep\/wp-content\/uploads\/2020\/02\/pdf_3.jpg\" alt=\"\" width=\"102\" height=\"111\" \/><\/a><\/td>\n<td style=\"width: 228.109px;\"><a href=\"..\/\/_2022_\/informacion publica\/octubre\/NUMERAL 11\/CONTRATACI\u00d3N DE BIENES Y SERVICIOS PREVI.xls\"><img decoding=\"async\" class=\"aligncenter wp-image-3226\" src=\"https:\/\/seij.gob.gt\/udisep\/wp-content\/uploads\/2020\/02\/excel_1.jpg\" alt=\"\" width=\"109\" height=\"113\" \/><\/a><\/td>\n<\/tr>\n<\/tbody>\n<\/table>\n<table>\n<tbody>\n<tr>\n<td style=\"width: 816px; text-align: center;\" colspan=\"3\"><span style=\"font-family: arial black, sans-serif; font-size: 18pt; color: #000080;\">Septiembre<\/span><\/td>\n<\/tr>\n<tr>\n<td style=\"width: 430.609px;\">&nbsp;<\/p>\n<p><span style=\"font-size: 14pt; font-family: arial, helvetica, sans-serif; color: #000080;\">Secretar\u00eda Ejecutiva de la ICMSJ<\/span><\/td>\n<td style=\"width: 145.281px;\"><a href=\"..\/\/_2022_\/informacion publica\/septiembre\/NUMERAL 11\/CONTRATACI\u00d3N DE BIENES Y SERVICIOS SEICMSJ.pdf\"><img decoding=\"async\" class=\"aligncenter wp-image-3229\" src=\"https:\/\/seij.gob.gt\/udisep\/wp-content\/uploads\/2020\/02\/pdf_3.jpg\" alt=\"\" width=\"101\" height=\"110\" \/><\/a><\/td>\n<td style=\"width: 228.109px;\"><a href=\"..\/\/_2022_\/informacion publica\/septiembre\/NUMERAL 11\/CONTRATACI\u00d3N DE BIENES Y SERVICIOS SEICMSJ.xlsx\"><img decoding=\"async\" class=\"aligncenter wp-image-3226\" src=\"https:\/\/seij.gob.gt\/udisep\/wp-content\/uploads\/2020\/02\/excel_1.jpg\" alt=\"\" width=\"109\" height=\"113\" \/><\/a><\/td>\n<\/tr>\n<tr>\n<td style=\"width: 430.609px;\">&nbsp;<\/p>\n<p><span style=\"color: #000080; font-family: arial, helvetica, sans-serif; font-size: 14pt;\">Prevenci\u00f3n de la Violencia y el Delito<\/span><\/td>\n<td style=\"width: 145.281px;\"><a href=\"..\/\/_2022_\/informacion publica\/septiembre\/NUMERAL 11\/CONTRATACI\u00d3N DE BIENES Y SERVICIOS PREVI.pdf\"><img decoding=\"async\" class=\"aligncenter wp-image-3229\" src=\"https:\/\/seij.gob.gt\/udisep\/wp-content\/uploads\/2020\/02\/pdf_3.jpg\" alt=\"\" width=\"102\" height=\"111\" \/><\/a><\/td>\n<td style=\"width: 228.109px;\"><a href=\"..\/\/_2022_\/informacion publica\/septiembre\/NUMERAL 11\/CONTRATACI\u00d3N DE BIENES Y SERVICIOS PREVI.xls\"><img decoding=\"async\" class=\"aligncenter wp-image-3226\" src=\"https:\/\/seij.gob.gt\/udisep\/wp-content\/uploads\/2020\/02\/excel_1.jpg\" alt=\"\" width=\"109\" height=\"113\" \/><\/a><\/td>\n<\/tr>\n<\/tbody>\n<\/table>\n<table>\n<tbody>\n<tr>\n<td style=\"width: 816px; text-align: center;\" colspan=\"3\"><span style=\"font-family: arial black, sans-serif; font-size: 18pt; color: #000080;\">Agosto<\/span><\/td>\n<\/tr>\n<tr>\n<td style=\"width: 430.609px;\">&nbsp;<\/p>\n<p><span style=\"font-size: 14pt; font-family: arial, helvetica, sans-serif; color: #000080;\">Secretar\u00eda Ejecutiva de la ICMSJ<\/span><\/td>\n<td style=\"width: 145.281px;\"><a href=\"..\/\/_2022_\/informacion publica\/agosto\/NUMERAL 11\/CONTRATACI\u00d3N DE BIENES Y SERVICIOS SEICMSJ.pdf\"><img decoding=\"async\" class=\"aligncenter wp-image-3229\" src=\"https:\/\/seij.gob.gt\/udisep\/wp-content\/uploads\/2020\/02\/pdf_3.jpg\" alt=\"\" width=\"101\" height=\"110\" \/><\/a><\/td>\n<td style=\"width: 228.109px;\"><a href=\"..\/\/_2022_\/informacion publica\/agosto\/NUMERAL 11\/CONTRATACI\u00d3N DE BIENES Y SERVICIOS SEICMSJ.xlsx\"><img decoding=\"async\" class=\"aligncenter wp-image-3226\" src=\"https:\/\/seij.gob.gt\/udisep\/wp-content\/uploads\/2020\/02\/excel_1.jpg\" alt=\"\" width=\"109\" height=\"113\" \/><\/a><\/td>\n<\/tr>\n<tr>\n<td style=\"width: 430.609px;\">&nbsp;<\/p>\n<p><span style=\"color: #000080; font-family: arial, helvetica, sans-serif; font-size: 14pt;\">Prevenci\u00f3n de la Violencia y el Delito<\/span><\/td>\n<td style=\"width: 145.281px;\"><a href=\"..\/\/_2022_\/informacion publica\/agosto\/NUMERAL 11\/CONTRATACI\u00d3N DE BIENES Y SERVICIOS PREVI.pdf\"><img decoding=\"async\" class=\"aligncenter wp-image-3229\" src=\"https:\/\/seij.gob.gt\/udisep\/wp-content\/uploads\/2020\/02\/pdf_3.jpg\" alt=\"\" width=\"102\" height=\"111\" \/><\/a><\/td>\n<td style=\"width: 228.109px;\"><a href=\"..\/\/_2022_\/informacion publica\/agosto\/NUMERAL 11\/CONTRATACI\u00d3N DE BIENES Y SERVICIOS PREVI.xls\"><img decoding=\"async\" class=\"aligncenter wp-image-3226\" src=\"https:\/\/seij.gob.gt\/udisep\/wp-content\/uploads\/2020\/02\/excel_1.jpg\" alt=\"\" width=\"109\" height=\"113\" \/><\/a><\/td>\n<\/tr>\n<\/tbody>\n<\/table>\n<table>\n<tbody>\n<tr>\n<td style=\"width: 816px; text-align: center;\" colspan=\"3\"><span style=\"font-family: arial black, sans-serif; font-size: 18pt; color: #000080;\">Julio<\/span><\/td>\n<\/tr>\n<tr>\n<td style=\"width: 430.609px;\">&nbsp;<\/p>\n<p><span style=\"font-size: 14pt; font-family: arial, helvetica, sans-serif; color: #000080;\">Secretar\u00eda Ejecutiva de la ICMSJ<\/span><\/td>\n<td style=\"width: 145.281px;\"><a href=\"..\/\/_2022_\/informacion publica\/julio\/NUMERAL 11\/CONTRATACI\u00d3N DE BIENES Y SERVICIOS SEICMSJ.pdf\"><img decoding=\"async\" class=\"aligncenter wp-image-3229\" src=\"https:\/\/seij.gob.gt\/udisep\/wp-content\/uploads\/2020\/02\/pdf_3.jpg\" alt=\"\" width=\"101\" height=\"110\" \/><\/a><\/td>\n<td style=\"width: 228.109px;\"><a href=\"..\/\/_2022_\/informacion publica\/julio\/NUMERAL 11\/CONTRATACI\u00d3N DE BIENES Y SERVICIOS SEICMSJ.xlsx\"><img decoding=\"async\" class=\"aligncenter wp-image-3226\" src=\"https:\/\/seij.gob.gt\/udisep\/wp-content\/uploads\/2020\/02\/excel_1.jpg\" alt=\"\" width=\"109\" height=\"113\" \/><\/a><\/td>\n<\/tr>\n<tr>\n<td style=\"width: 430.609px;\">&nbsp;<\/p>\n<p><span style=\"color: #000080; font-family: arial, helvetica, sans-serif; font-size: 14pt;\">Prevenci\u00f3n de la Violencia y el Delito<\/span><\/td>\n<td style=\"width: 145.281px;\"><a href=\"..\/\/_2022_\/informacion publica\/julio\/NUMERAL 11\/CONTRATACI\u00d3N DE BIENES Y SERVICIOS PREVI.pdf\"><img decoding=\"async\" class=\"aligncenter wp-image-3229\" src=\"https:\/\/seij.gob.gt\/udisep\/wp-content\/uploads\/2020\/02\/pdf_3.jpg\" alt=\"\" width=\"102\" height=\"111\" \/><\/a><\/td>\n<td style=\"width: 228.109px;\"><a href=\"..\/\/_2022_\/informacion publica\/julio\/NUMERAL 11\/CONTRATACI\u00d3N DE BIENES Y SERVICIOS PREVI.xls\"><img decoding=\"async\" class=\"aligncenter wp-image-3226\" src=\"https:\/\/seij.gob.gt\/udisep\/wp-content\/uploads\/2020\/02\/excel_1.jpg\" alt=\"\" width=\"109\" height=\"113\" \/><\/a><\/td>\n<\/tr>\n<\/tbody>\n<\/table>\n<table>\n<tbody>\n<tr>\n<td style=\"width: 816px; text-align: center;\" colspan=\"3\"><span style=\"font-family: arial black, sans-serif; font-size: 18pt; color: #000080;\">Junio<\/span><\/td>\n<\/tr>\n<tr>\n<td style=\"width: 430.609px;\">&nbsp;<\/p>\n<p><span style=\"font-size: 14pt; font-family: arial, helvetica, sans-serif; color: #000080;\">Secretar\u00eda Ejecutiva de la ICMSJ<\/span><\/td>\n<td style=\"width: 145.281px;\"><a href=\"..\/\/_2022_\/informacion publica\/junio\/NUMERAL 11\/CONTRATACI\u00d3N DE BIENES Y SERVICIOS SEICMSJ.pdf\"><img decoding=\"async\" class=\"aligncenter wp-image-3229\" src=\"https:\/\/seij.gob.gt\/udisep\/wp-content\/uploads\/2020\/02\/pdf_3.jpg\" alt=\"\" width=\"101\" height=\"110\" \/><\/a><\/td>\n<td style=\"width: 228.109px;\"><a href=\"..\/\/_2022_\/informacion publica\/junio\/NUMERAL 11\/CONTRATACI\u00d3N DE BIENES Y SERVICIOS SEICMSJ.xlsx\"><img decoding=\"async\" class=\"aligncenter wp-image-3226\" src=\"https:\/\/seij.gob.gt\/udisep\/wp-content\/uploads\/2020\/02\/excel_1.jpg\" alt=\"\" width=\"109\" height=\"113\" \/><\/a><\/td>\n<\/tr>\n<tr>\n<td style=\"width: 430.609px;\">&nbsp;<\/p>\n<p><span style=\"color: #000080; font-family: arial, helvetica, sans-serif; font-size: 14pt;\">Prevenci\u00f3n de la Violencia y el Delito<\/span><\/td>\n<td style=\"width: 145.281px;\"><a href=\"..\/\/_2022_\/informacion publica\/junio\/NUMERAL 11\/CONTRATACI\u00d2N DE BIENES Y SERVICIOS PREVI.pdf\"><img decoding=\"async\" class=\"aligncenter wp-image-3229\" src=\"https:\/\/seij.gob.gt\/udisep\/wp-content\/uploads\/2020\/02\/pdf_3.jpg\" alt=\"\" width=\"102\" height=\"111\" \/><\/a><\/td>\n<td style=\"width: 228.109px;\"><a href=\"..\/\/_2022_\/informacion publica\/junio\/NUMERAL 11\/CONTRATACI\u00d2N DE BIENES Y SERVICIOS PREVI.xls\"><img decoding=\"async\" class=\"aligncenter wp-image-3226\" src=\"https:\/\/seij.gob.gt\/udisep\/wp-content\/uploads\/2020\/02\/excel_1.jpg\" alt=\"\" width=\"109\" height=\"113\" \/><\/a><\/td>\n<\/tr>\n<\/tbody>\n<\/table>\n<table>\n<tbody>\n<tr>\n<td style=\"width: 816px; text-align: center;\" colspan=\"3\"><span style=\"font-family: arial black, sans-serif; font-size: 18pt; color: #000080;\">Mayo<\/span><\/td>\n<\/tr>\n<tr>\n<td style=\"width: 430.609px;\">&nbsp;<\/p>\n<p><span style=\"font-size: 14pt; font-family: arial, helvetica, sans-serif; color: #000080;\">Secretar\u00eda Ejecutiva de la ICMSJ<\/span><\/td>\n<td style=\"width: 145.281px;\"><a href=\"..\/\/_2022_\/informacion publica\/mayo\/NUMERAL 11\/CONTRATACI\u00d3N DE BIENES Y SERVICIOS SEICMSJ.pdf\"><img decoding=\"async\" class=\"aligncenter wp-image-3229\" src=\"https:\/\/seij.gob.gt\/udisep\/wp-content\/uploads\/2020\/02\/pdf_3.jpg\" alt=\"\" width=\"101\" height=\"110\" \/><\/a><\/td>\n<td style=\"width: 228.109px;\"><a href=\"..\/\/_2022_\/informacion publica\/mayo\/NUMERAL 11\/CONTRATACI\u00d3N DE BIENES Y SERVICIOS SEICMSJ.xlsx\"><img decoding=\"async\" class=\"aligncenter wp-image-3226\" src=\"https:\/\/seij.gob.gt\/udisep\/wp-content\/uploads\/2020\/02\/excel_1.jpg\" alt=\"\" width=\"109\" height=\"113\" \/><\/a><\/td>\n<\/tr>\n<tr>\n<td style=\"width: 430.609px;\">&nbsp;<\/p>\n<p><span style=\"color: #000080; font-family: arial, helvetica, sans-serif; font-size: 14pt;\">Prevenci\u00f3n de la Violencia y el Delito<\/span><\/td>\n<td style=\"width: 145.281px;\"><a href=\"..\/\/_2022_\/informacion publica\/mayo\/NUMERAL 11\/CONTRATACI\u00d3N DE BIENES Y SERVICIOS PREVI.pdf\"><img decoding=\"async\" class=\"aligncenter wp-image-3229\" src=\"https:\/\/seij.gob.gt\/udisep\/wp-content\/uploads\/2020\/02\/pdf_3.jpg\" alt=\"\" width=\"102\" height=\"111\" \/><\/a><\/td>\n<td style=\"width: 228.109px;\"><a href=\"..\/\/_2022_\/informacion publica\/mayo\/NUMERAL 11\/CONTRATACI\u00d3N DE BIENES Y SERVICIOS PREVI.xls\"><img decoding=\"async\" class=\"aligncenter wp-image-3226\" src=\"https:\/\/seij.gob.gt\/udisep\/wp-content\/uploads\/2020\/02\/excel_1.jpg\" alt=\"\" width=\"109\" height=\"113\" \/><\/a><\/td>\n<\/tr>\n<\/tbody>\n<\/table>\n<table>\n<tbody>\n<tr>\n<td style=\"width: 816px; text-align: center;\" colspan=\"3\"><span style=\"font-family: arial black, sans-serif; font-size: 18pt; color: #000080;\">Abril<\/span><\/td>\n<\/tr>\n<tr>\n<td style=\"width: 430.609px;\">&nbsp;<\/p>\n<p><span style=\"font-size: 14pt; font-family: arial, helvetica, sans-serif; color: #000080;\">Secretar\u00eda Ejecutiva de la ICMSJ<\/span><\/td>\n<td style=\"width: 145.281px;\"><a href=\"..\/\/_2022_\/informacion publica\/abril\/NUMERAL 11\/CONTRATACI\u00d3N DE BIENES Y SERVICIOS SEICMSJ.pdf\"><img decoding=\"async\" class=\"aligncenter wp-image-3229\" src=\"https:\/\/seij.gob.gt\/udisep\/wp-content\/uploads\/2020\/02\/pdf_3.jpg\" alt=\"\" width=\"101\" height=\"110\" \/><\/a><\/td>\n<td style=\"width: 228.109px;\"><a href=\"..\/\/_2022_\/informacion publica\/abril\/NUMERAL 11\/CONTRATACI\u00d3N DE BIENES Y SERVICIOS SEICMSJ.xlsx\"><img decoding=\"async\" class=\"aligncenter wp-image-3226\" src=\"https:\/\/seij.gob.gt\/udisep\/wp-content\/uploads\/2020\/02\/excel_1.jpg\" alt=\"\" width=\"109\" height=\"113\" \/><\/a><\/td>\n<\/tr>\n<tr>\n<td style=\"width: 430.609px;\">&nbsp;<\/p>\n<p><span style=\"color: #000080; font-family: arial, helvetica, sans-serif; font-size: 14pt;\">Prevenci\u00f3n de la Violencia y el Delito<\/span><\/td>\n<td style=\"width: 145.281px;\"><a href=\"..\/\/_2022_\/informacion publica\/abril\/NUMERAL 11\/CONTRATACI\u00d3N DE BIENES Y SERVICIOS PREVI.pdf\"><img decoding=\"async\" class=\"aligncenter wp-image-3229\" src=\"https:\/\/seij.gob.gt\/udisep\/wp-content\/uploads\/2020\/02\/pdf_3.jpg\" alt=\"\" width=\"102\" height=\"111\" \/><\/a><\/td>\n<td style=\"width: 228.109px;\"><a href=\"..\/\/_2022_\/informacion publica\/abril\/NUMERAL 11\/CONTRATACI\u00d3N DE BIENES Y SERVICIOS PREVI.xlsx\"><img decoding=\"async\" class=\"aligncenter wp-image-3226\" src=\"https:\/\/seij.gob.gt\/udisep\/wp-content\/uploads\/2020\/02\/excel_1.jpg\" alt=\"\" width=\"109\" height=\"113\" \/><\/a><\/td>\n<\/tr>\n<\/tbody>\n<\/table>\n<table>\n<tbody>\n<tr>\n<td style=\"width: 816px; text-align: center;\" colspan=\"3\"><span style=\"font-family: arial black, sans-serif; font-size: 18pt; color: #000080;\">Marzo<\/span><\/td>\n<\/tr>\n<tr>\n<td style=\"width: 430.609px;\">&nbsp;<\/p>\n<p><span style=\"font-size: 14pt; font-family: arial, helvetica, sans-serif; color: #000080;\">Secretar\u00eda Ejecutiva de la ICMSJ<\/span><\/td>\n<td style=\"width: 145.281px;\"><a href=\"..\/\/_2022_\/informacion publica\/marzo\/NUMERAL 11\/CONTRATACI\u00d3N DE BIENES Y SERVICIOS SEICMSJ.pdf\"><img decoding=\"async\" class=\"aligncenter wp-image-3229\" src=\"https:\/\/seij.gob.gt\/udisep\/wp-content\/uploads\/2020\/02\/pdf_3.jpg\" alt=\"\" width=\"101\" height=\"110\" \/><\/a><\/td>\n<td style=\"width: 228.109px;\"><a href=\"..\/\/_2022_\/informacion publica\/marzo\/NUMERAL 11\/CONTRATACI\u00d3N DE BIENES Y SERVICIOS SEICMSJ.xlsx\"><img decoding=\"async\" class=\"aligncenter wp-image-3226\" src=\"https:\/\/seij.gob.gt\/udisep\/wp-content\/uploads\/2020\/02\/excel_1.jpg\" alt=\"\" width=\"109\" height=\"113\" \/><\/a><\/td>\n<\/tr>\n<tr>\n<td style=\"width: 430.609px;\">&nbsp;<\/p>\n<p><span style=\"color: #000080; font-family: arial, helvetica, sans-serif; font-size: 14pt;\">Prevenci\u00f3n de la Violencia y el Delito<\/span><\/td>\n<td style=\"width: 145.281px;\"><a href=\"..\/\/_2022_\/informacion publica\/marzo\/NUMERAL 11\/CONTRATACI\u00d3N DE BIENES Y SERVICIOS PREVI.pdf\"><img decoding=\"async\" class=\"aligncenter wp-image-3229\" src=\"https:\/\/seij.gob.gt\/udisep\/wp-content\/uploads\/2020\/02\/pdf_3.jpg\" alt=\"\" width=\"102\" height=\"111\" \/><\/a><\/td>\n<td style=\"width: 228.109px;\"><a href=\"..\/\/_2022_\/informacion publica\/marzo\/NUMERAL 11\/CONTRATACI\u00d3N DE BIENES Y SERVICIOS PREVI.xlsx\"><img decoding=\"async\" class=\"aligncenter wp-image-3226\" src=\"https:\/\/seij.gob.gt\/udisep\/wp-content\/uploads\/2020\/02\/excel_1.jpg\" alt=\"\" width=\"109\" height=\"113\" \/><\/a><\/td>\n<\/tr>\n<\/tbody>\n<\/table>\n<table>\n<tbody>\n<tr>\n<td style=\"width: 816px; text-align: center;\" colspan=\"3\"><span style=\"font-family: arial black, sans-serif; font-size: 18pt; color: #000080;\">Febrero<\/span><\/td>\n<\/tr>\n<tr>\n<td style=\"width: 430.609px;\">&nbsp;<\/p>\n<p><span style=\"font-size: 14pt; font-family: arial, helvetica, sans-serif; color: #000080;\">Secretar\u00eda Ejecutiva de la ICMSJ<\/span><\/td>\n<td style=\"width: 145.281px;\"><a href=\"..\/\/_2022_\/informacion publica\/febrero\/NUMERAL 11\/CONTRATACI\u00d3N DE BIENES Y SERVICIOS SEICMSJ.pdf\"><img decoding=\"async\" class=\"aligncenter wp-image-3229\" src=\"https:\/\/seij.gob.gt\/udisep\/wp-content\/uploads\/2020\/02\/pdf_3.jpg\" alt=\"\" width=\"101\" height=\"110\" \/><\/a><\/td>\n<td style=\"width: 228.109px;\"><a href=\"..\/\/_2022_\/informacion publica\/febrero\/NUMERAL 11\/CONTRATACI\u00d3N DE BIENES Y SERVICIOS SEICMSJ.xlsx\"><img decoding=\"async\" class=\"aligncenter wp-image-3226\" src=\"https:\/\/seij.gob.gt\/udisep\/wp-content\/uploads\/2020\/02\/excel_1.jpg\" alt=\"\" width=\"109\" height=\"113\" \/><\/a><\/td>\n<\/tr>\n<tr>\n<td style=\"width: 430.609px;\">&nbsp;<\/p>\n<p><span style=\"color: #000080; font-family: arial, helvetica, sans-serif; font-size: 14pt;\">Prevenci\u00f3n de la Violencia y el Delito<\/span><\/td>\n<td style=\"width: 145.281px;\"><a href=\"..\/\/_2022_\/informacion publica\/febrero\/NUMERAL 11\/CONTRATACIONES DE BIENES Y SERVICIOS PREVI.pdf\"><img decoding=\"async\" class=\"aligncenter wp-image-3229\" src=\"https:\/\/seij.gob.gt\/udisep\/wp-content\/uploads\/2020\/02\/pdf_3.jpg\" alt=\"\" width=\"102\" height=\"111\" \/><\/a><\/td>\n<td style=\"width: 228.109px;\"><a href=\"..\/\/_2022_\/informacion publica\/febrero\/NUMERAL 11\/CONTRATACIONES DE BIENES Y SERVICIOS PREVI.xls\"><img decoding=\"async\" class=\"aligncenter wp-image-3226\" src=\"https:\/\/seij.gob.gt\/udisep\/wp-content\/uploads\/2020\/02\/excel_1.jpg\" alt=\"\" width=\"109\" height=\"113\" \/><\/a><\/td>\n<\/tr>\n<\/tbody>\n<\/table>\n<table style=\"height: 345px;\" width=\"826\">\n<tbody>\n<tr>\n<td style=\"width: 816px; text-align: center;\" colspan=\"3\"><span style=\"font-family: arial black, sans-serif; font-size: 18pt; color: #000080;\">Enero<\/span><\/td>\n<\/tr>\n<tr>\n<td style=\"width: 430.609px;\">&nbsp;<\/p>\n<p><span style=\"font-size: 14pt; font-family: arial, helvetica, sans-serif; color: #000080;\">Secretar\u00eda Ejecutiva de la ICMSJ<\/span><\/td>\n<td style=\"width: 145.281px;\"><a href=\"..\/\/_2022_\/informacion publica\/enero\/NUMERAL 11\/CONTRATACIONES DE BIENES Y SERVICIOS SEICMSJ.pdf\"><img decoding=\"async\" class=\"aligncenter wp-image-3229\" src=\"https:\/\/seij.gob.gt\/udisep\/wp-content\/uploads\/2020\/02\/pdf_3.jpg\" alt=\"\" width=\"101\" height=\"110\" \/><\/a><\/td>\n<td style=\"width: 228.109px;\"><a href=\"..\/\/_2022_\/informacion publica\/enero\/NUMERAL 11\/CONTRATACIONES DE BIENES Y SERVICIOS SEICMSJ.xlsx\"><img decoding=\"async\" class=\"aligncenter wp-image-3226\" src=\"https:\/\/seij.gob.gt\/udisep\/wp-content\/uploads\/2020\/02\/excel_1.jpg\" alt=\"\" width=\"109\" height=\"113\" \/><\/a><\/td>\n<\/tr>\n<tr>\n<td style=\"width: 430.609px;\">&nbsp;<\/p>\n<p><span style=\"color: #000080; font-family: arial, helvetica, sans-serif; font-size: 14pt;\">Prevenci\u00f3n de la Violencia y el Delito<\/span><\/td>\n<td style=\"width: 145.281px;\"><a href=\"..\/\/_2022_\/informacion publica\/enero\/NUMERAL 11\/CONTRATACIONES DE BIENES Y SERVICIOS PREVI.pdf\"><img decoding=\"async\" class=\"aligncenter wp-image-3229\" src=\"https:\/\/seij.gob.gt\/udisep\/wp-content\/uploads\/2020\/02\/pdf_3.jpg\" alt=\"\" width=\"102\" height=\"111\" \/><\/a><\/td>\n<td style=\"width: 228.109px;\"><a href=\"..\/\/_2022_\/informacion publica\/enero\/NUMERAL 11\/CONTRATACI\u00d3N DE BIENES Y SERVICIOS PREVI.xls\"><img decoding=\"async\" class=\"aligncenter wp-image-3226\" src=\"https:\/\/seij.gob.gt\/udisep\/wp-content\/uploads\/2020\/02\/excel_1.jpg\" alt=\"\" width=\"109\" height=\"113\" \/><\/a><\/td>\n<\/tr>\n<\/tbody>\n<\/table>\n","protected":false},"excerpt":{"rendered":"<p>Contrataciones de bienes y servicios Diciembre &nbsp; Secretar\u00eda Ejecutiva de la ICMSJ &nbsp; Prevenci\u00f3n de la Violencia y el Delito Noviembre &nbsp; Secretar\u00eda Ejecutiva de la ICMSJ &nbsp; Prevenci\u00f3n de la Violencia y el Delito Octubre &nbsp; Secretar\u00eda Ejecutiva de la ICMSJ &nbsp; Prevenci\u00f3n de la Violencia y el Delito Septiembre &nbsp; Secretar\u00eda Ejecutiva de [&hellip;]<\/p>\n","protected":false},"author":1,"featured_media":0,"parent":0,"menu_order":0,"comment_status":"closed","ping_status":"closed","template":"","meta":{"_et_pb_use_builder":"","_et_pb_old_content":"","_et_gb_content_width":"","footnotes":""},"class_list":["post-4426","page","type-page","status-publish","hentry"],"nelio_popups_active_popup":"","_links":{"self":[{"href":"https:\/\/seij.gob.gt\/udisep\/wp-json\/wp\/v2\/pages\/4426","targetHints":{"allow":["GET"]}}],"collection":[{"href":"https:\/\/seij.gob.gt\/udisep\/wp-json\/wp\/v2\/pages"}],"about":[{"href":"https:\/\/seij.gob.gt\/udisep\/wp-json\/wp\/v2\/types\/page"}],"author":[{"embeddable":true,"href":"https:\/\/seij.gob.gt\/udisep\/wp-json\/wp\/v2\/users\/1"}],"replies":[{"embeddable":true,"href":"https:\/\/seij.gob.gt\/udisep\/wp-json\/wp\/v2\/comments?post=4426"}],"version-history":[{"count":18,"href":"https:\/\/seij.gob.gt\/udisep\/wp-json\/wp\/v2\/pages\/4426\/revisions"}],"predecessor-version":[{"id":4976,"href":"https:\/\/seij.gob.gt\/udisep\/wp-json\/wp\/v2\/pages\/4426\/revisions\/4976"}],"wp:attachment":[{"href":"https:\/\/seij.gob.gt\/udisep\/wp-json\/wp\/v2\/media?parent=4426"}],"curies":[{"name":"wp","href":"https:\/\/api.w.org\/{rel}","templated":true}]}}