{"id":4445,"date":"2022-02-08T14:18:07","date_gmt":"2022-02-08T20:18:07","guid":{"rendered":"http:\/\/seij.gob.gt\/udisep\/?page_id=4445"},"modified":"2023-01-10T15:43:43","modified_gmt":"2023-01-10T21:43:43","slug":"4445-2","status":"publish","type":"page","link":"https:\/\/seij.gob.gt\/udisep\/4445-2\/","title":{"rendered":"Numeral 19 a\u00f1o 2022"},"content":{"rendered":"<h1 style=\"text-align: center;\"><span style=\"font-family: arial black, sans-serif; color: #000080;\">Contratos de arrendamientos<\/span><\/h1>\n<p>&nbsp;<\/p>\n<table>\n<tbody>\n<tr>\n<td style=\"width: 821px; text-align: left;\" colspan=\"3\"><span style=\"font-family: arial black, sans-serif; font-size: 18pt;\">Diciembre<\/span><\/td>\n<\/tr>\n<tr>\n<td style=\"width: 440.828px;\">&nbsp;<\/p>\n<p><span style=\"font-family: arial, helvetica, sans-serif; color: #000080; font-size: 18pt;\">Secretar\u00eda Ejecutiva de la ICMSJ<\/span><\/td>\n<td style=\"width: 181.797px;\"><a href=\"..\/\/_2022_\/informacion publica\/diciembre\/NUMERAL 19\/CONTRATOS DE ARRENDAMIENTO SEICMSJ.pdf\"><img decoding=\"async\" class=\"aligncenter wp-image-3229\" src=\"https:\/\/seij.gob.gt\/udisep\/wp-content\/uploads\/2020\/02\/pdf_3.jpg\" alt=\"\" width=\"107\" height=\"117\" \/><\/a><\/td>\n<td style=\"width: 186.375px;\"><a href=\"..\/\/_2022_\/informacion publica\/diciembre\/NUMERAL 19\/CONTRATOS DE ARRENDAMIENTO SEICMSJ.xlsx\"><img decoding=\"async\" class=\"aligncenter wp-image-3226\" src=\"https:\/\/seij.gob.gt\/udisep\/wp-content\/uploads\/2020\/02\/excel_1.jpg\" alt=\"\" width=\"121\" height=\"125\" \/><\/a><\/td>\n<\/tr>\n<tr>\n<td style=\"width: 440.828px;\">&nbsp;<\/p>\n<p><span style=\"font-family: arial, helvetica, sans-serif; font-size: 18pt; color: #000080;\">Prevenci\u00f3n de la Violencia y el Delito<\/span><\/td>\n<td style=\"width: 181.797px;\"><a href=\"..\/\/_2022_\/informacion publica\/diciembre\/NUMERAL 19\/CONTRATOS DE ARRENDAMIENTO PREVI.pdf\"><img decoding=\"async\" class=\"aligncenter wp-image-3229\" src=\"https:\/\/seij.gob.gt\/udisep\/wp-content\/uploads\/2020\/02\/pdf_3.jpg\" alt=\"\" width=\"109\" height=\"119\" \/><\/a><\/td>\n<td style=\"width: 186.375px;\"><a href=\"..\/\/_2022_\/informacion publica\/diciembre\/NUMERAL 19\/CONTRATOS DE ARRENDAMIENTO PREVI.xls\"><img loading=\"lazy\" loading=\"lazy\" decoding=\"async\" class=\"aligncenter wp-image-3226\" src=\"https:\/\/seij.gob.gt\/udisep\/wp-content\/uploads\/2020\/02\/excel_1.jpg\" alt=\"\" width=\"124\" height=\"129\" \/><\/a><\/td>\n<\/tr>\n<\/tbody>\n<\/table>\n<table>\n<tbody>\n<tr>\n<td style=\"width: 821px; text-align: left;\" colspan=\"3\"><span style=\"font-family: arial black, sans-serif; font-size: 18pt;\">Noviembre<\/span><\/td>\n<\/tr>\n<tr>\n<td style=\"width: 440.828px;\">&nbsp;<\/p>\n<p><span style=\"font-family: arial, helvetica, sans-serif; color: #000080; font-size: 18pt;\">Secretar\u00eda Ejecutiva de la ICMSJ<\/span><\/td>\n<td style=\"width: 181.797px;\"><a href=\"..\/\/_2022_\/informacion publica\/noviembre\/NUMERAL 19\/CONTRATOS DE ARRENDAMIENTO SEICMSJ.pdf\"><img decoding=\"async\" class=\"aligncenter wp-image-3229\" src=\"https:\/\/seij.gob.gt\/udisep\/wp-content\/uploads\/2020\/02\/pdf_3.jpg\" alt=\"\" width=\"107\" height=\"117\" \/><\/a><\/td>\n<td style=\"width: 186.375px;\"><a href=\"..\/\/_2022_\/informacion publica\/noviembre\/NUMERAL 19\/CONTRATOS DE ARRENDAMIENTO SEICMSJ.xlsx\"><img decoding=\"async\" class=\"aligncenter wp-image-3226\" src=\"https:\/\/seij.gob.gt\/udisep\/wp-content\/uploads\/2020\/02\/excel_1.jpg\" alt=\"\" width=\"121\" height=\"125\" \/><\/a><\/td>\n<\/tr>\n<tr>\n<td style=\"width: 440.828px;\">&nbsp;<\/p>\n<p><span style=\"font-family: arial, helvetica, sans-serif; font-size: 18pt; color: #000080;\">Prevenci\u00f3n de la Violencia y el Delito<\/span><\/td>\n<td style=\"width: 181.797px;\"><a href=\"..\/\/_2022_\/informacion publica\/noviembre\/NUMERAL 19\/CONTRATOS DE ARRENDAMIENTO PREVI.pdf\"><img decoding=\"async\" class=\"aligncenter wp-image-3229\" src=\"https:\/\/seij.gob.gt\/udisep\/wp-content\/uploads\/2020\/02\/pdf_3.jpg\" alt=\"\" width=\"109\" height=\"119\" \/><\/a><\/td>\n<td style=\"width: 186.375px;\"><a href=\"..\/\/_2022_\/informacion publica\/noviembre\/NUMERAL 19\/CONTRATOS DE ARRENDAMIENTO PREVI.xls\"><img loading=\"lazy\" loading=\"lazy\" decoding=\"async\" class=\"aligncenter wp-image-3226\" src=\"https:\/\/seij.gob.gt\/udisep\/wp-content\/uploads\/2020\/02\/excel_1.jpg\" alt=\"\" width=\"124\" height=\"129\" \/><\/a><\/td>\n<\/tr>\n<\/tbody>\n<\/table>\n<table>\n<tbody>\n<tr>\n<td style=\"width: 821px; text-align: left;\" colspan=\"3\"><span style=\"font-family: arial black, sans-serif; font-size: 18pt;\">Octubre<\/span><\/td>\n<\/tr>\n<tr>\n<td style=\"width: 440.828px;\">&nbsp;<\/p>\n<p><span style=\"font-family: arial, helvetica, sans-serif; color: #000080; font-size: 18pt;\">Secretar\u00eda Ejecutiva de la ICMSJ<\/span><\/td>\n<td style=\"width: 181.797px;\"><a href=\"..\/\/_2022_\/informacion publica\/octubre\/NUMERAL 19\/CONTRATOS DE ARRENDAMIENTO SEICMSJ.pdf\"><img decoding=\"async\" class=\"aligncenter wp-image-3229\" src=\"https:\/\/seij.gob.gt\/udisep\/wp-content\/uploads\/2020\/02\/pdf_3.jpg\" alt=\"\" width=\"107\" height=\"117\" \/><\/a><\/td>\n<td style=\"width: 186.375px;\"><a href=\"..\/\/_2022_\/informacion publica\/octubre\/NUMERAL 19\/CONTRATOS DE ARRENDAMIENTO SEICMSJ.xlsx\"><img decoding=\"async\" class=\"aligncenter wp-image-3226\" src=\"https:\/\/seij.gob.gt\/udisep\/wp-content\/uploads\/2020\/02\/excel_1.jpg\" alt=\"\" width=\"121\" height=\"125\" \/><\/a><\/td>\n<\/tr>\n<tr>\n<td style=\"width: 440.828px;\">&nbsp;<\/p>\n<p><span style=\"font-family: arial, helvetica, sans-serif; font-size: 18pt; color: #000080;\">Prevenci\u00f3n de la Violencia y el Delito<\/span><\/td>\n<td style=\"width: 181.797px;\"><a href=\"..\/\/_2022_\/informacion publica\/octubre\/NUMERAL 19\/CONTRATOS DE ARRENDAMIENTO PREVI.pdf\"><img decoding=\"async\" class=\"aligncenter wp-image-3229\" src=\"https:\/\/seij.gob.gt\/udisep\/wp-content\/uploads\/2020\/02\/pdf_3.jpg\" alt=\"\" width=\"109\" height=\"119\" \/><\/a><\/td>\n<td style=\"width: 186.375px;\"><a href=\"..\/\/_2022_\/informacion publica\/octubre\/NUMERAL 19\/CONTRATOS DE ARRENDAMIENTO PREVI.xls\"><img loading=\"lazy\" loading=\"lazy\" decoding=\"async\" class=\"aligncenter wp-image-3226\" src=\"https:\/\/seij.gob.gt\/udisep\/wp-content\/uploads\/2020\/02\/excel_1.jpg\" alt=\"\" width=\"124\" height=\"129\" \/><\/a><\/td>\n<\/tr>\n<\/tbody>\n<\/table>\n<table>\n<tbody>\n<tr>\n<td style=\"width: 821px; text-align: left;\" colspan=\"3\"><span style=\"font-family: arial black, sans-serif; font-size: 18pt;\">Septiembre<\/span><\/td>\n<\/tr>\n<tr>\n<td style=\"width: 440.828px;\">&nbsp;<\/p>\n<p><span style=\"font-family: arial, helvetica, sans-serif; color: #000080; font-size: 18pt;\">Secretar\u00eda Ejecutiva de la ICMSJ<\/span><\/td>\n<td style=\"width: 181.797px;\"><a href=\"..\/\/_2022_\/informacion publica\/septiembre\/NUMERAL 19\/CONTRATOS DE ARRENDAMIENTO SEICMSJ.pdf\"><img decoding=\"async\" class=\"aligncenter wp-image-3229\" src=\"https:\/\/seij.gob.gt\/udisep\/wp-content\/uploads\/2020\/02\/pdf_3.jpg\" alt=\"\" width=\"107\" height=\"117\" \/><\/a><\/td>\n<td style=\"width: 186.375px;\"><a href=\"..\/\/_2022_\/informacion publica\/septiembre\/NUMERAL 19\/CONTRATOS DE ARRENDAMIENTO SEICMSJ.xlsx\"><img decoding=\"async\" class=\"aligncenter wp-image-3226\" src=\"https:\/\/seij.gob.gt\/udisep\/wp-content\/uploads\/2020\/02\/excel_1.jpg\" alt=\"\" width=\"121\" height=\"125\" \/><\/a><\/td>\n<\/tr>\n<tr>\n<td style=\"width: 440.828px;\">&nbsp;<\/p>\n<p><span style=\"font-family: arial, helvetica, sans-serif; font-size: 18pt; color: #000080;\">Prevenci\u00f3n de la Violencia y el Delito<\/span><\/td>\n<td style=\"width: 181.797px;\"><a href=\"..\/\/_2022_\/informacion publica\/septiembre\/NUMERAL 19\/CONTRATOS DE ARRENDAMIENTO PREVI.pdf\"><img decoding=\"async\" class=\"aligncenter wp-image-3229\" src=\"https:\/\/seij.gob.gt\/udisep\/wp-content\/uploads\/2020\/02\/pdf_3.jpg\" alt=\"\" width=\"109\" height=\"119\" \/><\/a><\/td>\n<td style=\"width: 186.375px;\"><a href=\"..\/\/_2022_\/informacion publica\/septiembre\/NUMERAL 19\/CONTRATOS DE MANTENIMIENTO PREVI.xls\"><img loading=\"lazy\" loading=\"lazy\" decoding=\"async\" class=\"aligncenter wp-image-3226\" src=\"https:\/\/seij.gob.gt\/udisep\/wp-content\/uploads\/2020\/02\/excel_1.jpg\" alt=\"\" width=\"124\" height=\"129\" \/><\/a><\/td>\n<\/tr>\n<\/tbody>\n<\/table>\n<table>\n<tbody>\n<tr>\n<td style=\"width: 821px; text-align: left;\" colspan=\"3\"><span style=\"font-family: arial black, sans-serif; font-size: 18pt;\">Agosto<\/span><\/td>\n<\/tr>\n<tr>\n<td style=\"width: 440.828px;\">&nbsp;<\/p>\n<p><span style=\"font-family: arial, helvetica, sans-serif; color: #000080; font-size: 18pt;\">Secretar\u00eda Ejecutiva de la ICMSJ<\/span><\/td>\n<td style=\"width: 181.797px;\"><a href=\"..\/\/_2022_\/informacion publica\/agosto\/NUMERAL 19\/CONTRATOS DE ARRENDAMIENTO SEICMSJ.pdf\"><img decoding=\"async\" class=\"aligncenter wp-image-3229\" src=\"https:\/\/seij.gob.gt\/udisep\/wp-content\/uploads\/2020\/02\/pdf_3.jpg\" alt=\"\" width=\"107\" height=\"117\" \/><\/a><\/td>\n<td style=\"width: 186.375px;\"><a href=\"..\/\/_2022_\/informacion publica\/agosto\/NUMERAL 19\/CONTRATOS DE ARRENDAMIENTO SEICMSJ.xlsx\"><img decoding=\"async\" class=\"aligncenter wp-image-3226\" src=\"https:\/\/seij.gob.gt\/udisep\/wp-content\/uploads\/2020\/02\/excel_1.jpg\" alt=\"\" width=\"121\" height=\"125\" \/><\/a><\/td>\n<\/tr>\n<tr>\n<td style=\"width: 440.828px;\">&nbsp;<\/p>\n<p><span style=\"font-family: arial, helvetica, sans-serif; font-size: 18pt; color: #000080;\">Prevenci\u00f3n de la Violencia y el Delito<\/span><\/td>\n<td style=\"width: 181.797px;\"><a href=\"..\/\/_2022_\/informacion publica\/agosto\/NUMERAL 19\/CONTRATOS DE ARRENDAMIENTO PREVI.pdf\"><img decoding=\"async\" class=\"aligncenter wp-image-3229\" src=\"https:\/\/seij.gob.gt\/udisep\/wp-content\/uploads\/2020\/02\/pdf_3.jpg\" alt=\"\" width=\"109\" height=\"119\" \/><\/a><\/td>\n<td style=\"width: 186.375px;\"><a href=\"..\/\/_2022_\/informacion publica\/agosto\/NUMERAL 19\/CONTRATOS DE ARRENDAMIENTO PREVI.xls\"><img loading=\"lazy\" loading=\"lazy\" decoding=\"async\" class=\"aligncenter wp-image-3226\" src=\"https:\/\/seij.gob.gt\/udisep\/wp-content\/uploads\/2020\/02\/excel_1.jpg\" alt=\"\" width=\"124\" height=\"129\" \/><\/a><\/td>\n<\/tr>\n<\/tbody>\n<\/table>\n<table>\n<tbody>\n<tr>\n<td style=\"width: 821px; text-align: left;\" colspan=\"3\"><span style=\"font-family: arial black, sans-serif; font-size: 18pt;\">Julio<\/span><\/td>\n<\/tr>\n<tr>\n<td style=\"width: 440.828px;\">&nbsp;<\/p>\n<p><span style=\"font-family: arial, helvetica, sans-serif; color: #000080; font-size: 18pt;\">Secretar\u00eda Ejecutiva de la ICMSJ<\/span><\/td>\n<td style=\"width: 181.797px;\"><a href=\"..\/\/_2022_\/informacion publica\/julio\/NUMERAL 19\/CONTRATOS DE ARRENDAMIENTO SEICMSJ.pdf\"><img decoding=\"async\" class=\"aligncenter wp-image-3229\" src=\"https:\/\/seij.gob.gt\/udisep\/wp-content\/uploads\/2020\/02\/pdf_3.jpg\" alt=\"\" width=\"107\" height=\"117\" \/><\/a><\/td>\n<td style=\"width: 186.375px;\"><a href=\"..\/\/_2022_\/informacion publica\/julio\/NUMERAL 19\/CONTRATOS DE ARRENDAMIENTO SEICMSJ.xlsx\"><img decoding=\"async\" class=\"aligncenter wp-image-3226\" src=\"https:\/\/seij.gob.gt\/udisep\/wp-content\/uploads\/2020\/02\/excel_1.jpg\" alt=\"\" width=\"121\" height=\"125\" \/><\/a><\/td>\n<\/tr>\n<tr>\n<td style=\"width: 440.828px;\">&nbsp;<\/p>\n<p><span style=\"font-family: arial, helvetica, sans-serif; font-size: 18pt; color: #000080;\">Prevenci\u00f3n de la Violencia y el Delito<\/span><\/td>\n<td style=\"width: 181.797px;\"><a href=\"..\/\/_2022_\/informacion publica\/julio\/NUMERAL 19\/CONTRATOS DE ARRENDAMIENTO PREVI.pdf\"><img decoding=\"async\" class=\"aligncenter wp-image-3229\" src=\"https:\/\/seij.gob.gt\/udisep\/wp-content\/uploads\/2020\/02\/pdf_3.jpg\" alt=\"\" width=\"109\" height=\"119\" \/><\/a><\/td>\n<td style=\"width: 186.375px;\"><img loading=\"lazy\" loading=\"lazy\" decoding=\"async\" class=\"aligncenter wp-image-3226\" src=\"https:\/\/seij.gob.gt\/udisep\/wp-content\/uploads\/2020\/02\/excel_1.jpg\" alt=\"\" width=\"124\" height=\"129\" \/><\/td>\n<\/tr>\n<\/tbody>\n<\/table>\n<table>\n<tbody>\n<tr>\n<td style=\"width: 821px; text-align: left;\" colspan=\"3\"><span style=\"font-family: arial black, sans-serif; font-size: 18pt;\">Junio<\/span><\/td>\n<\/tr>\n<tr>\n<td style=\"width: 440.828px;\">&nbsp;<\/p>\n<p><span style=\"font-family: arial, helvetica, sans-serif; color: #000080; font-size: 18pt;\">Secretar\u00eda Ejecutiva de la ICMSJ<\/span><\/td>\n<td style=\"width: 181.797px;\"><a href=\"..\/\/_2022_\/informacion publica\/junio\/NUMERAL 19\/CONTRATOS DE ARRENDAMIENTO SEICMSJ.pdf\"><img decoding=\"async\" class=\"aligncenter wp-image-3229\" src=\"https:\/\/seij.gob.gt\/udisep\/wp-content\/uploads\/2020\/02\/pdf_3.jpg\" alt=\"\" width=\"107\" height=\"117\" \/><\/a><\/td>\n<td style=\"width: 186.375px;\"><a href=\"..\/\/_2022_\/informacion publica\/junio\/NUMERAL 19\/CONTRATOS DE ARRENDAMIENTO SEICMSJ.xlsx\"><img decoding=\"async\" class=\"aligncenter wp-image-3226\" src=\"https:\/\/seij.gob.gt\/udisep\/wp-content\/uploads\/2020\/02\/excel_1.jpg\" alt=\"\" width=\"121\" height=\"125\" \/><\/a><\/td>\n<\/tr>\n<tr>\n<td style=\"width: 440.828px;\">&nbsp;<\/p>\n<p><span style=\"font-family: arial, helvetica, sans-serif; font-size: 18pt; color: #000080;\">Prevenci\u00f3n de la Violencia y el Delito<\/span><\/td>\n<td style=\"width: 181.797px;\"><a href=\"..\/\/_2022_\/informacion publica\/junio\/NUMERAL 19\/CONTRATOS DE ARRENDAMIENTO PREVI.pdf\"><img decoding=\"async\" class=\"aligncenter wp-image-3229\" src=\"https:\/\/seij.gob.gt\/udisep\/wp-content\/uploads\/2020\/02\/pdf_3.jpg\" alt=\"\" width=\"109\" height=\"119\" \/><\/a><\/td>\n<td style=\"width: 186.375px;\"><a href=\"..\/\/_2022_\/informacion publica\/junio\/NUMERAL 19\/CONTRATOS DE ARRENDAMIENTO PREVI.xls\"><img loading=\"lazy\" loading=\"lazy\" decoding=\"async\" class=\"aligncenter wp-image-3226\" src=\"https:\/\/seij.gob.gt\/udisep\/wp-content\/uploads\/2020\/02\/excel_1.jpg\" alt=\"\" width=\"124\" height=\"129\" \/><\/a><\/td>\n<\/tr>\n<\/tbody>\n<\/table>\n<table>\n<tbody>\n<tr>\n<td style=\"width: 821px; text-align: left;\" colspan=\"3\"><span style=\"font-family: arial black, sans-serif; font-size: 18pt;\">Mayo<\/span><\/td>\n<\/tr>\n<tr>\n<td style=\"width: 440.828px;\">&nbsp;<\/p>\n<p><span style=\"font-family: arial, helvetica, sans-serif; color: #000080; font-size: 18pt;\">Secretar\u00eda Ejecutiva de la ICMSJ<\/span><\/td>\n<td style=\"width: 181.797px;\"><a href=\"..\/\/_2022_\/informacion publica\/mayo\/NUMERAL 19\/CONTRATOS DE ARRENDAMIENTO SEICMSJ.pdf\"><img decoding=\"async\" class=\"aligncenter wp-image-3229\" src=\"https:\/\/seij.gob.gt\/udisep\/wp-content\/uploads\/2020\/02\/pdf_3.jpg\" alt=\"\" width=\"107\" height=\"117\" \/><\/a><\/td>\n<td style=\"width: 186.375px;\"><a href=\"..\/\/_2022_\/informacion publica\/mayo\/NUMERAL 19\/CONTRATOS DE ARRENDAMIENTO SEICMSJ.xlsx\"><img decoding=\"async\" class=\"aligncenter wp-image-3226\" src=\"https:\/\/seij.gob.gt\/udisep\/wp-content\/uploads\/2020\/02\/excel_1.jpg\" alt=\"\" width=\"121\" height=\"125\" \/><\/a><\/td>\n<\/tr>\n<tr>\n<td style=\"width: 440.828px;\">&nbsp;<\/p>\n<p><span style=\"font-family: arial, helvetica, sans-serif; font-size: 18pt; color: #000080;\">Prevenci\u00f3n de la Violencia y el Delito<\/span><\/td>\n<td style=\"width: 181.797px;\"><a href=\"..\/\/_2022_\/informacion publica\/mayo\/NUMERAL 19\/CONTRATOS DE ARRENDAMIENTO PREVI.pdf\"><img decoding=\"async\" class=\"aligncenter wp-image-3229\" src=\"https:\/\/seij.gob.gt\/udisep\/wp-content\/uploads\/2020\/02\/pdf_3.jpg\" alt=\"\" width=\"109\" height=\"119\" \/><\/a><\/td>\n<td style=\"width: 186.375px;\"><a href=\"..\/\/_2022_\/informacion publica\/mayo\/NUMERAL 19\/CONTRATOS DE ARRENDAMIENTO PREVI.xls\"><img loading=\"lazy\" loading=\"lazy\" decoding=\"async\" class=\"aligncenter wp-image-3226\" src=\"https:\/\/seij.gob.gt\/udisep\/wp-content\/uploads\/2020\/02\/excel_1.jpg\" alt=\"\" width=\"124\" height=\"129\" \/><\/a><\/td>\n<\/tr>\n<\/tbody>\n<\/table>\n<table>\n<tbody>\n<tr>\n<td style=\"width: 821px; text-align: left;\" colspan=\"3\"><span style=\"font-family: arial black, sans-serif; font-size: 18pt;\">Abril<\/span><\/td>\n<\/tr>\n<tr>\n<td style=\"width: 440.828px;\">&nbsp;<\/p>\n<p><span style=\"font-family: arial, helvetica, sans-serif; color: #000080; font-size: 18pt;\">Secretar\u00eda Ejecutiva de la ICMSJ<\/span><\/td>\n<td style=\"width: 181.797px;\"><a href=\"..\/\/_2022_\/informacion publica\/abril\/NUMERAL 19\/CONTRATOS DE ARRENDAMIENTO SEICMSJ.pdf\"><img decoding=\"async\" class=\"aligncenter wp-image-3229\" src=\"https:\/\/seij.gob.gt\/udisep\/wp-content\/uploads\/2020\/02\/pdf_3.jpg\" alt=\"\" width=\"107\" height=\"117\" \/><\/a><\/td>\n<td style=\"width: 186.375px;\"><a href=\"..\/\/_2022_\/informacion publica\/abril\/NUMERAL 19\/CONTRATOS DE ARRENDAMIENTO SEICMSJ.xlsx\"><img decoding=\"async\" class=\"aligncenter wp-image-3226\" src=\"https:\/\/seij.gob.gt\/udisep\/wp-content\/uploads\/2020\/02\/excel_1.jpg\" alt=\"\" width=\"121\" height=\"125\" \/><\/a><\/td>\n<\/tr>\n<tr>\n<td style=\"width: 440.828px;\">&nbsp;<\/p>\n<p><span style=\"font-family: arial, helvetica, sans-serif; font-size: 18pt; color: #000080;\">Prevenci\u00f3n de la Violencia y el Delito<\/span><\/td>\n<td style=\"width: 181.797px;\"><a href=\"..\/\/_2022_\/informacion publica\/abril\/NUMERAL 19\/CONTRATOS DE ARRENDAMIENTO PREVI.pdf\"><img decoding=\"async\" class=\"aligncenter wp-image-3229\" src=\"https:\/\/seij.gob.gt\/udisep\/wp-content\/uploads\/2020\/02\/pdf_3.jpg\" alt=\"\" width=\"109\" height=\"119\" \/><\/a><\/td>\n<td style=\"width: 186.375px;\"><a href=\"..\/\/_2022_\/informacion publica\/abril\/NUMERAL 19\/CONTRATOS DE ARRENDAMIENTO PREVI.xlsx\"><img loading=\"lazy\" loading=\"lazy\" decoding=\"async\" class=\"aligncenter wp-image-3226\" src=\"https:\/\/seij.gob.gt\/udisep\/wp-content\/uploads\/2020\/02\/excel_1.jpg\" alt=\"\" width=\"124\" height=\"129\" \/><\/a><\/td>\n<\/tr>\n<\/tbody>\n<\/table>\n<table>\n<tbody>\n<tr>\n<td style=\"width: 821px; text-align: left;\" colspan=\"3\"><span style=\"font-family: arial black, sans-serif; font-size: 18pt;\">Marzo<\/span><\/td>\n<\/tr>\n<tr>\n<td style=\"width: 440.828px;\">&nbsp;<\/p>\n<p><span style=\"font-family: arial, helvetica, sans-serif; color: #000080; font-size: 18pt;\">Secretar\u00eda Ejecutiva de la ICMSJ<\/span><\/td>\n<td style=\"width: 181.797px;\"><a href=\"..\/\/_2022_\/informacion publica\/marzo\/NUMERAL 19\/CONTRATOS DE ARRENDAMIENTO SEICMSJ.pdf\"><img decoding=\"async\" class=\"aligncenter wp-image-3229\" src=\"https:\/\/seij.gob.gt\/udisep\/wp-content\/uploads\/2020\/02\/pdf_3.jpg\" alt=\"\" width=\"107\" height=\"117\" \/><\/a><\/td>\n<td style=\"width: 186.375px;\"><a href=\"..\/\/_2022_\/informacion publica\/marzo\/NUMERAL 19\/CONTRATOS DE ARRENDAMIENTO SEICMSJ.xlsx\"><img decoding=\"async\" class=\"aligncenter wp-image-3226\" src=\"https:\/\/seij.gob.gt\/udisep\/wp-content\/uploads\/2020\/02\/excel_1.jpg\" alt=\"\" width=\"121\" height=\"125\" \/><\/a><\/td>\n<\/tr>\n<tr>\n<td style=\"width: 440.828px;\">&nbsp;<\/p>\n<p><span style=\"font-family: arial, helvetica, sans-serif; font-size: 18pt; color: #000080;\">Prevenci\u00f3n de la Violencia y el Delito<\/span><\/td>\n<td style=\"width: 181.797px;\"><a href=\"..\/\/_2022_\/informacion publica\/marzo\/NUMERAL 19\/CONTRATOS DE ARRENDAMIENTO PREVI.pdf\"><img decoding=\"async\" class=\"aligncenter wp-image-3229\" src=\"https:\/\/seij.gob.gt\/udisep\/wp-content\/uploads\/2020\/02\/pdf_3.jpg\" alt=\"\" width=\"109\" height=\"119\" \/><\/a><\/td>\n<td style=\"width: 186.375px;\"><a href=\"..\/\/_2022_\/informacion publica\/marzo\/NUMERAL 19\/CONTRATOS DE ARRENDAMIENTO PREVI.xlsx\"><img loading=\"lazy\" loading=\"lazy\" decoding=\"async\" class=\"aligncenter wp-image-3226\" src=\"https:\/\/seij.gob.gt\/udisep\/wp-content\/uploads\/2020\/02\/excel_1.jpg\" alt=\"\" width=\"124\" height=\"129\" \/><\/a><\/td>\n<\/tr>\n<\/tbody>\n<\/table>\n<table>\n<tbody>\n<tr>\n<td style=\"width: 821px; text-align: left;\" colspan=\"3\"><span style=\"font-family: arial black, sans-serif; font-size: 18pt;\">Febrero<\/span><\/td>\n<\/tr>\n<tr>\n<td style=\"width: 440.828px;\">&nbsp;<\/p>\n<p><span style=\"font-family: arial, helvetica, sans-serif; color: #000080; font-size: 18pt;\">Secretar\u00eda Ejecutiva de la ICMSJ<\/span><\/td>\n<td style=\"width: 181.797px;\"><a href=\"..\/\/_2022_\/informacion publica\/febrero\/NUMERAL 19\/CONTRATOS DE ARRENDAMIENTO SEICMSJ.pdf\"><img decoding=\"async\" class=\"aligncenter wp-image-3229\" src=\"https:\/\/seij.gob.gt\/udisep\/wp-content\/uploads\/2020\/02\/pdf_3.jpg\" alt=\"\" width=\"107\" height=\"117\" \/><\/a><\/td>\n<td style=\"width: 186.375px;\"><a href=\"..\/\/_2022_\/informacion publica\/febrero\/NUMERAL 19\/CONTRATOS DE ARRENDAMIENTO SEICMSJ.xlsx\"><img decoding=\"async\" class=\"aligncenter wp-image-3226\" src=\"https:\/\/seij.gob.gt\/udisep\/wp-content\/uploads\/2020\/02\/excel_1.jpg\" alt=\"\" width=\"121\" height=\"125\" \/><\/a><\/td>\n<\/tr>\n<tr>\n<td style=\"width: 440.828px;\">&nbsp;<\/p>\n<p><span style=\"font-family: arial, helvetica, sans-serif; font-size: 18pt; color: #000080;\">Prevenci\u00f3n de la Violencia y el Delito<\/span><\/td>\n<td style=\"width: 181.797px;\"><a href=\"..\/\/_2022_\/informacion publica\/febrero\/NUMERAL 19\/CONTRATOS DE ARRENDAMIENTO PREVI.pdf\"><img decoding=\"async\" class=\"aligncenter wp-image-3229\" src=\"https:\/\/seij.gob.gt\/udisep\/wp-content\/uploads\/2020\/02\/pdf_3.jpg\" alt=\"\" width=\"109\" height=\"119\" \/><\/a><\/td>\n<td style=\"width: 186.375px;\"><a href=\"..\/\/_2022_\/informacion publica\/febrero\/NUMERAL 19\/CONTRATOS DE ARRENDAMIENTO PREVI.xlsx\"><img loading=\"lazy\" loading=\"lazy\" decoding=\"async\" class=\"aligncenter wp-image-3226\" src=\"https:\/\/seij.gob.gt\/udisep\/wp-content\/uploads\/2020\/02\/excel_1.jpg\" alt=\"\" width=\"124\" height=\"129\" \/><\/a><\/td>\n<\/tr>\n<\/tbody>\n<\/table>\n<table style=\"height: 391px;\" width=\"831\">\n<tbody>\n<tr>\n<td style=\"width: 821px; text-align: left;\" colspan=\"3\"><span style=\"font-family: arial black, sans-serif; font-size: 18pt;\">Enero<\/span><\/td>\n<\/tr>\n<tr>\n<td style=\"width: 440.828px;\">&nbsp;<\/p>\n<p><span style=\"font-family: arial, helvetica, sans-serif; color: #000080; font-size: 18pt;\">Secretar\u00eda Ejecutiva de la ICMSJ<\/span><\/td>\n<td style=\"width: 181.797px;\"><a href=\"..\/\/_2022_\/informacion publica\/enero\/NUMERAL 19\/CONTRATOS POR ARRENDAMIENTO SEICMSJ.pdf\"><img decoding=\"async\" class=\"aligncenter wp-image-3229\" src=\"https:\/\/seij.gob.gt\/udisep\/wp-content\/uploads\/2020\/02\/pdf_3.jpg\" alt=\"\" width=\"107\" height=\"117\" \/><\/a><\/td>\n<td style=\"width: 186.375px;\"><a href=\"..\/\/_2022_\/informacion publica\/enero\/NUMERAL 19\/CONTRATOS POR ARRENDAMIENTO SEICMSJ.xlsx\"><img decoding=\"async\" class=\"aligncenter wp-image-3226\" src=\"https:\/\/seij.gob.gt\/udisep\/wp-content\/uploads\/2020\/02\/excel_1.jpg\" alt=\"\" width=\"121\" height=\"125\" \/><\/a><\/td>\n<\/tr>\n<tr>\n<td style=\"width: 440.828px;\">&nbsp;<\/p>\n<p><span style=\"font-family: arial, helvetica, sans-serif; font-size: 18pt; color: #000080;\">Prevenci\u00f3n de la Violencia y el Delito<\/span><\/td>\n<td style=\"width: 181.797px;\"><a href=\"..\/\/_2022_\/informacion publica\/enero\/NUMERAL 19\/CONTRATOS DE ARRENDAMIENTO PREVI.pdf\"><img decoding=\"async\" class=\"aligncenter wp-image-3229\" src=\"https:\/\/seij.gob.gt\/udisep\/wp-content\/uploads\/2020\/02\/pdf_3.jpg\" alt=\"\" width=\"109\" height=\"119\" \/><\/a><\/td>\n<td style=\"width: 186.375px;\"><a href=\"..\/\/_2022_\/informacion publica\/enero\/NUMERAL 19\/CONTRATOS DE ARRENDAMIENTO PREVI.xls\"><img loading=\"lazy\" loading=\"lazy\" decoding=\"async\" class=\"aligncenter wp-image-3226\" src=\"https:\/\/seij.gob.gt\/udisep\/wp-content\/uploads\/2020\/02\/excel_1.jpg\" alt=\"\" width=\"124\" height=\"129\" \/><\/a><\/td>\n<\/tr>\n<\/tbody>\n<\/table>\n","protected":false},"excerpt":{"rendered":"<p>Contratos de arrendamientos &nbsp; Diciembre &nbsp; Secretar\u00eda Ejecutiva de la ICMSJ &nbsp; Prevenci\u00f3n de la Violencia y el Delito Noviembre &nbsp; Secretar\u00eda Ejecutiva de la ICMSJ &nbsp; Prevenci\u00f3n de la Violencia y el Delito Octubre &nbsp; Secretar\u00eda Ejecutiva de la ICMSJ &nbsp; Prevenci\u00f3n de la Violencia y el Delito Septiembre &nbsp; Secretar\u00eda Ejecutiva de la [&hellip;]<\/p>\n","protected":false},"author":1,"featured_media":0,"parent":0,"menu_order":0,"comment_status":"closed","ping_status":"closed","template":"","meta":{"_et_pb_use_builder":"","_et_pb_old_content":"","_et_gb_content_width":"","footnotes":""},"class_list":["post-4445","page","type-page","status-publish","hentry"],"nelio_popups_active_popup":"","_links":{"self":[{"href":"https:\/\/seij.gob.gt\/udisep\/wp-json\/wp\/v2\/pages\/4445","targetHints":{"allow":["GET"]}}],"collection":[{"href":"https:\/\/seij.gob.gt\/udisep\/wp-json\/wp\/v2\/pages"}],"about":[{"href":"https:\/\/seij.gob.gt\/udisep\/wp-json\/wp\/v2\/types\/page"}],"author":[{"embeddable":true,"href":"https:\/\/seij.gob.gt\/udisep\/wp-json\/wp\/v2\/users\/1"}],"replies":[{"embeddable":true,"href":"https:\/\/seij.gob.gt\/udisep\/wp-json\/wp\/v2\/comments?post=4445"}],"version-history":[{"count":20,"href":"https:\/\/seij.gob.gt\/udisep\/wp-json\/wp\/v2\/pages\/4445\/revisions"}],"predecessor-version":[{"id":4980,"href":"https:\/\/seij.gob.gt\/udisep\/wp-json\/wp\/v2\/pages\/4445\/revisions\/4980"}],"wp:attachment":[{"href":"https:\/\/seij.gob.gt\/udisep\/wp-json\/wp\/v2\/media?parent=4445"}],"curies":[{"name":"wp","href":"https:\/\/api.w.org\/{rel}","templated":true}]}}