{"id":4455,"date":"2022-02-08T14:43:21","date_gmt":"2022-02-08T20:43:21","guid":{"rendered":"http:\/\/seij.gob.gt\/udisep\/?page_id=4455"},"modified":"2023-01-10T15:54:03","modified_gmt":"2023-01-10T21:54:03","slug":"numeral-22-ano-2022","status":"publish","type":"page","link":"https:\/\/seij.gob.gt\/udisep\/numeral-22-ano-2022\/","title":{"rendered":"Numeral 22 a\u00f1o 2022"},"content":{"rendered":"<h1 style=\"text-align: center;\">\u00a0<span style=\"color: #000080; font-family: arial black, sans-serif;\">Listados de compras directas<\/span><\/h1>\n<table>\n<tbody>\n<tr>\n<td style=\"width: 822px;\" colspan=\"3\"><span style=\"font-family: arial black, sans-serif; font-size: 18pt;\">Diciembre<\/span><\/td>\n<\/tr>\n<tr>\n<td style=\"width: 442.266px;\">&nbsp;<\/p>\n<p><span style=\"color: #000080; font-size: 18pt; font-family: arial, helvetica, sans-serif;\">Secretar\u00eda Ejecutiva de la ICMSJ<\/span><\/td>\n<td style=\"width: 189.984px;\"><a href=\"..\/\/_2022_\/informacion publica\/diciembre\/NUMERAL 22\/COMPRAS DIRECTAS SEICMSJ.pdf\"><img decoding=\"async\" class=\"aligncenter wp-image-3229\" src=\"https:\/\/seij.gob.gt\/udisep\/wp-content\/uploads\/2020\/02\/pdf_3.jpg\" alt=\"\" width=\"104\" height=\"113\" \/><\/a><\/td>\n<td style=\"width: 177.75px;\"><a href=\"..\/\/_2022_\/informacion publica\/diciembre\/NUMERAL 22\/COMPRAS DIRECTAS SEICMSJ.xlsx\"><img decoding=\"async\" class=\"aligncenter wp-image-3226\" src=\"https:\/\/seij.gob.gt\/udisep\/wp-content\/uploads\/2020\/02\/excel_1.jpg\" alt=\"\" width=\"114\" height=\"118\" \/><\/a><\/td>\n<\/tr>\n<tr>\n<td style=\"width: 442.266px;\">&nbsp;<\/p>\n<p><span style=\"color: #000080; font-size: 18pt; font-family: arial, helvetica, sans-serif;\">Prevenci\u00f3n de la Violencia y el Delito<\/span><\/td>\n<td style=\"width: 189.984px;\"><a href=\"..\/\/_2022_\/informacion publica\/diciembre\/NUMERAL 22\/COMPRAS DIRECTAS PREVI.pdf\"><img decoding=\"async\" class=\"aligncenter wp-image-3229\" src=\"https:\/\/seij.gob.gt\/udisep\/wp-content\/uploads\/2020\/02\/pdf_3.jpg\" alt=\"\" width=\"100\" height=\"109\" \/><\/a><\/td>\n<td style=\"width: 177.75px;\"><a href=\"..\/\/_2022_\/informacion publica\/diciembre\/NUMERAL 22\/COMPRAS DIRECTAS PREVI.xls\"><img loading=\"lazy\" loading=\"lazy\" decoding=\"async\" class=\"aligncenter wp-image-3226\" src=\"https:\/\/seij.gob.gt\/udisep\/wp-content\/uploads\/2020\/02\/excel_1.jpg\" alt=\"\" width=\"112\" height=\"116\" \/><\/a><\/td>\n<\/tr>\n<\/tbody>\n<\/table>\n<table>\n<tbody>\n<tr>\n<td style=\"width: 822px;\" colspan=\"3\"><span style=\"font-family: arial black, sans-serif; font-size: 18pt;\">Noviembre<\/span><\/td>\n<\/tr>\n<tr>\n<td style=\"width: 442.266px;\">&nbsp;<\/p>\n<p><span style=\"color: #000080; font-size: 18pt; font-family: arial, helvetica, sans-serif;\">Secretar\u00eda Ejecutiva de la ICMSJ<\/span><\/td>\n<td style=\"width: 189.984px;\"><a href=\"..\/\/_2022_\/informacion publica\/noviembre\/NUMERAL 22\/COMPRAS DIRECTAS SEICMSJ.pdf\"><img decoding=\"async\" class=\"aligncenter wp-image-3229\" src=\"https:\/\/seij.gob.gt\/udisep\/wp-content\/uploads\/2020\/02\/pdf_3.jpg\" alt=\"\" width=\"104\" height=\"113\" \/><\/a><\/td>\n<td style=\"width: 177.75px;\"><a href=\"..\/\/_2022_\/informacion publica\/noviembre\/NUMERAL 22\/COMPRAS DIRECTAS SEICMSJ.xlsx\"><img decoding=\"async\" class=\"aligncenter wp-image-3226\" src=\"https:\/\/seij.gob.gt\/udisep\/wp-content\/uploads\/2020\/02\/excel_1.jpg\" alt=\"\" width=\"114\" height=\"118\" \/><\/a><\/td>\n<\/tr>\n<tr>\n<td style=\"width: 442.266px;\">&nbsp;<\/p>\n<p><span style=\"color: #000080; font-size: 18pt; font-family: arial, helvetica, sans-serif;\">Prevenci\u00f3n de la Violencia y el Delito<\/span><\/td>\n<td style=\"width: 189.984px;\"><a href=\"..\/\/_2022_\/informacion publica\/noviembre\/NUMERAL 22\/COMPRAS DIRECTAS PREVI.pdf\"><img decoding=\"async\" class=\"aligncenter wp-image-3229\" src=\"https:\/\/seij.gob.gt\/udisep\/wp-content\/uploads\/2020\/02\/pdf_3.jpg\" alt=\"\" width=\"100\" height=\"109\" \/><\/a><\/td>\n<td style=\"width: 177.75px;\"><a href=\"..\/\/_2022_\/informacion publica\/noviembre\/NUMERAL 22\/COMPRAS DIRECTAS PREVI.xls\"><img loading=\"lazy\" loading=\"lazy\" decoding=\"async\" class=\"aligncenter wp-image-3226\" src=\"https:\/\/seij.gob.gt\/udisep\/wp-content\/uploads\/2020\/02\/excel_1.jpg\" alt=\"\" width=\"112\" height=\"116\" \/><\/a><\/td>\n<\/tr>\n<\/tbody>\n<\/table>\n<table>\n<tbody>\n<tr>\n<td style=\"width: 822px;\" colspan=\"3\"><span style=\"font-family: arial black, sans-serif; font-size: 18pt;\">Octubre<\/span><\/td>\n<\/tr>\n<tr>\n<td style=\"width: 442.266px;\">&nbsp;<\/p>\n<p><span style=\"color: #000080; font-size: 18pt; font-family: arial, helvetica, sans-serif;\">Secretar\u00eda Ejecutiva de la ICMSJ<\/span><\/td>\n<td style=\"width: 189.984px;\"><a href=\"..\/\/_2022_\/informacion publica\/octubre\/NUMERAL 22\/COMPRAS DIRECTAS SEICMSJ.pdf\"><img decoding=\"async\" class=\"aligncenter wp-image-3229\" src=\"https:\/\/seij.gob.gt\/udisep\/wp-content\/uploads\/2020\/02\/pdf_3.jpg\" alt=\"\" width=\"104\" height=\"113\" \/><\/a><\/td>\n<td style=\"width: 177.75px;\"><a href=\"..\/\/_2022_\/informacion publica\/octubre\/NUMERAL 22\/COMPRAS DIRECTAS SEICMSJ.xlsx\"><img decoding=\"async\" class=\"aligncenter wp-image-3226\" src=\"https:\/\/seij.gob.gt\/udisep\/wp-content\/uploads\/2020\/02\/excel_1.jpg\" alt=\"\" width=\"114\" height=\"118\" \/><\/a><\/td>\n<\/tr>\n<tr>\n<td style=\"width: 442.266px;\">&nbsp;<\/p>\n<p><span style=\"color: #000080; font-size: 18pt; font-family: arial, helvetica, sans-serif;\">Prevenci\u00f3n de la Violencia y el Delito<\/span><\/td>\n<td style=\"width: 189.984px;\"><a href=\"..\/\/_2022_\/informacion publica\/octubre\/NUMERAL 22\/COMPRAS DIRECTAS PREVI.pdf\"><img decoding=\"async\" class=\"aligncenter wp-image-3229\" src=\"https:\/\/seij.gob.gt\/udisep\/wp-content\/uploads\/2020\/02\/pdf_3.jpg\" alt=\"\" width=\"100\" height=\"109\" \/><\/a><\/td>\n<td style=\"width: 177.75px;\"><a href=\"..\/\/_2022_\/informacion publica\/octubre\/NUMERAL 22\/COMPRAS DIRECTAS PREVI.xls\"><img loading=\"lazy\" loading=\"lazy\" decoding=\"async\" class=\"aligncenter wp-image-3226\" src=\"https:\/\/seij.gob.gt\/udisep\/wp-content\/uploads\/2020\/02\/excel_1.jpg\" alt=\"\" width=\"112\" height=\"116\" \/><\/a><\/td>\n<\/tr>\n<\/tbody>\n<\/table>\n<table>\n<tbody>\n<tr>\n<td style=\"width: 822px;\" colspan=\"3\"><span style=\"font-family: arial black, sans-serif; font-size: 18pt;\">Septiembre<\/span><\/td>\n<\/tr>\n<tr>\n<td style=\"width: 442.266px;\">&nbsp;<\/p>\n<p><span style=\"color: #000080; font-size: 18pt; font-family: arial, helvetica, sans-serif;\">Secretar\u00eda Ejecutiva de la ICMSJ<\/span><\/td>\n<td style=\"width: 189.984px;\"><a href=\"..\/\/_2022_\/informacion publica\/septiembre\/NUMERAL 22\/COMPRAS DIRECTAS SEICMSJ.pdf\"><img decoding=\"async\" class=\"aligncenter wp-image-3229\" src=\"https:\/\/seij.gob.gt\/udisep\/wp-content\/uploads\/2020\/02\/pdf_3.jpg\" alt=\"\" width=\"104\" height=\"113\" \/><\/a><\/td>\n<td style=\"width: 177.75px;\"><a href=\"..\/\/_2022_\/informacion publica\/septiembre\/NUMERAL 22\/COMPRAS DIRECTAS SEICMSJ.xlsx\"><img decoding=\"async\" class=\"aligncenter wp-image-3226\" src=\"https:\/\/seij.gob.gt\/udisep\/wp-content\/uploads\/2020\/02\/excel_1.jpg\" alt=\"\" width=\"114\" height=\"118\" \/><\/a><\/td>\n<\/tr>\n<tr>\n<td style=\"width: 442.266px;\">&nbsp;<\/p>\n<p><span style=\"color: #000080; font-size: 18pt; font-family: arial, helvetica, sans-serif;\">Prevenci\u00f3n de la Violencia y el Delito<\/span><\/td>\n<td style=\"width: 189.984px;\"><a href=\"..\/\/_2022_\/informacion publica\/septiembre\/NUMERAL 22\/COMPRAS DIRECTAS PREVI.pdf\"><img decoding=\"async\" class=\"aligncenter wp-image-3229\" src=\"https:\/\/seij.gob.gt\/udisep\/wp-content\/uploads\/2020\/02\/pdf_3.jpg\" alt=\"\" width=\"100\" height=\"109\" \/><\/a><\/td>\n<td style=\"width: 177.75px;\"><a href=\"..\/\/_2022_\/informacion publica\/septiembre\/NUMERAL 22\/COMPRAS DIRECTAS PREVI.xls\"><img loading=\"lazy\" loading=\"lazy\" decoding=\"async\" class=\"aligncenter wp-image-3226\" src=\"https:\/\/seij.gob.gt\/udisep\/wp-content\/uploads\/2020\/02\/excel_1.jpg\" alt=\"\" width=\"112\" height=\"116\" \/><\/a><\/td>\n<\/tr>\n<\/tbody>\n<\/table>\n<table>\n<tbody>\n<tr>\n<td style=\"width: 822px;\" colspan=\"3\"><span style=\"font-family: arial black, sans-serif; font-size: 18pt;\">Agosto<\/span><\/td>\n<\/tr>\n<tr>\n<td style=\"width: 442.266px;\">&nbsp;<\/p>\n<p><span style=\"color: #000080; font-size: 18pt; font-family: arial, helvetica, sans-serif;\">Secretar\u00eda Ejecutiva de la ICMSJ<\/span><\/td>\n<td style=\"width: 189.984px;\"><a href=\"..\/\/_2022_\/informacion publica\/agosto\/NUMERAL 22\/COMPRAS DIRECTAS SEICMSJ.pdf\"><img decoding=\"async\" class=\"aligncenter wp-image-3229\" src=\"https:\/\/seij.gob.gt\/udisep\/wp-content\/uploads\/2020\/02\/pdf_3.jpg\" alt=\"\" width=\"104\" height=\"113\" \/><\/a><\/td>\n<td style=\"width: 177.75px;\"><a href=\"..\/\/_2022_\/informacion publica\/agosto\/NUMERAL 22\/COMPRAS DIRECTAS SEICMSJ.xlsx\"><img decoding=\"async\" class=\"aligncenter wp-image-3226\" src=\"https:\/\/seij.gob.gt\/udisep\/wp-content\/uploads\/2020\/02\/excel_1.jpg\" alt=\"\" width=\"114\" height=\"118\" \/><\/a><\/td>\n<\/tr>\n<tr>\n<td style=\"width: 442.266px;\">&nbsp;<\/p>\n<p><span style=\"color: #000080; font-size: 18pt; font-family: arial, helvetica, sans-serif;\">Prevenci\u00f3n de la Violencia y el Delito<\/span><\/td>\n<td style=\"width: 189.984px;\"><a href=\"..\/\/_2022_\/informacion publica\/agosto\/NUMERAL 22\/COMPRAS DIRECTAS PREVI.pdf\"><img decoding=\"async\" class=\"aligncenter wp-image-3229\" src=\"https:\/\/seij.gob.gt\/udisep\/wp-content\/uploads\/2020\/02\/pdf_3.jpg\" alt=\"\" width=\"100\" height=\"109\" \/><\/a><\/td>\n<td style=\"width: 177.75px;\"><a href=\"..\/\/_2022_\/informacion publica\/agosto\/NUMERAL 22\/COMPRAS DIRECTAS PREVI.xls\"><img loading=\"lazy\" loading=\"lazy\" decoding=\"async\" class=\"aligncenter wp-image-3226\" src=\"https:\/\/seij.gob.gt\/udisep\/wp-content\/uploads\/2020\/02\/excel_1.jpg\" alt=\"\" width=\"112\" height=\"116\" \/><\/a><\/td>\n<\/tr>\n<\/tbody>\n<\/table>\n<table>\n<tbody>\n<tr>\n<td style=\"width: 822px;\" colspan=\"3\"><span style=\"font-family: arial black, sans-serif; font-size: 18pt;\">Julio<\/span><\/td>\n<\/tr>\n<tr>\n<td style=\"width: 442.266px;\">&nbsp;<\/p>\n<p><span style=\"color: #000080; font-size: 18pt; font-family: arial, helvetica, sans-serif;\">Secretar\u00eda Ejecutiva de la ICMSJ<\/span><\/td>\n<td style=\"width: 189.984px;\"><a href=\"..\/\/_2022_\/informacion publica\/julio\/NUMERAL 22\/COMPRAS DIRECTAS SEICMSJ.pdf\"><img decoding=\"async\" class=\"aligncenter wp-image-3229\" src=\"https:\/\/seij.gob.gt\/udisep\/wp-content\/uploads\/2020\/02\/pdf_3.jpg\" alt=\"\" width=\"104\" height=\"113\" \/><\/a><\/td>\n<td style=\"width: 177.75px;\"><a href=\"..\/\/_2022_\/informacion publica\/julio\/NUMERAL 22\/COMPRAS DIRECTAS SEICMSJ.xlsx\"><img decoding=\"async\" class=\"aligncenter wp-image-3226\" src=\"https:\/\/seij.gob.gt\/udisep\/wp-content\/uploads\/2020\/02\/excel_1.jpg\" alt=\"\" width=\"114\" height=\"118\" \/><\/a><\/td>\n<\/tr>\n<tr>\n<td style=\"width: 442.266px;\">&nbsp;<\/p>\n<p><span style=\"color: #000080; font-size: 18pt; font-family: arial, helvetica, sans-serif;\">Prevenci\u00f3n de la Violencia y el Delito<\/span><\/td>\n<td style=\"width: 189.984px;\"><a href=\"..\/\/_2022_\/informacion publica\/julio\/NUMERAL 22\/COMPRAS DIRECTAS PREVI.pdf\"><img decoding=\"async\" class=\"aligncenter wp-image-3229\" src=\"https:\/\/seij.gob.gt\/udisep\/wp-content\/uploads\/2020\/02\/pdf_3.jpg\" alt=\"\" width=\"100\" height=\"109\" \/><\/a><\/td>\n<td style=\"width: 177.75px;\"><a href=\"..\/\/_2022_\/informacion publica\/julio\/NUMERAL 22\/COMPRAS DIRECTAS PREVI.xls\"><img loading=\"lazy\" loading=\"lazy\" decoding=\"async\" class=\"aligncenter wp-image-3226\" src=\"https:\/\/seij.gob.gt\/udisep\/wp-content\/uploads\/2020\/02\/excel_1.jpg\" alt=\"\" width=\"112\" height=\"116\" \/><\/a><\/td>\n<\/tr>\n<\/tbody>\n<\/table>\n<table>\n<tbody>\n<tr>\n<td style=\"width: 822px;\" colspan=\"3\"><span style=\"font-family: arial black, sans-serif; font-size: 18pt;\">Junio<\/span><\/td>\n<\/tr>\n<tr>\n<td style=\"width: 442.266px;\">&nbsp;<\/p>\n<p><span style=\"color: #000080; font-size: 18pt; font-family: arial, helvetica, sans-serif;\">Secretar\u00eda Ejecutiva de la ICMSJ<\/span><\/td>\n<td style=\"width: 189.984px;\"><a href=\"..\/\/_2022_\/informacion publica\/junio\/NUMERAL 22\/COMPRAS DIRECTAS SEICMSJ.pdf\"><img decoding=\"async\" class=\"aligncenter wp-image-3229\" src=\"https:\/\/seij.gob.gt\/udisep\/wp-content\/uploads\/2020\/02\/pdf_3.jpg\" alt=\"\" width=\"104\" height=\"113\" \/><\/a><\/td>\n<td style=\"width: 177.75px;\"><a href=\"..\/\/_2022_\/informacion publica\/junio\/NUMERAL 22\/COMPRAS DIRECTAS SEICMSJ.xlsx\"><img decoding=\"async\" class=\"aligncenter wp-image-3226\" src=\"https:\/\/seij.gob.gt\/udisep\/wp-content\/uploads\/2020\/02\/excel_1.jpg\" alt=\"\" width=\"114\" height=\"118\" \/><\/a><\/td>\n<\/tr>\n<tr>\n<td style=\"width: 442.266px;\">&nbsp;<\/p>\n<p><span style=\"color: #000080; font-size: 18pt; font-family: arial, helvetica, sans-serif;\">Prevenci\u00f3n de la Violencia y el Delito<\/span><\/td>\n<td style=\"width: 189.984px;\"><a href=\"..\/\/_2022_\/informacion publica\/junio\/NUMERAL 22\/COMPRAS DIRECTAS PREVI.pdf\"><img decoding=\"async\" class=\"aligncenter wp-image-3229\" src=\"https:\/\/seij.gob.gt\/udisep\/wp-content\/uploads\/2020\/02\/pdf_3.jpg\" alt=\"\" width=\"100\" height=\"109\" \/><\/a><\/td>\n<td style=\"width: 177.75px;\"><a href=\"..\/\/_2022_\/informacion publica\/junio\/NUMERAL 22\/COMPRAS DIRECTAS PREVI.xls\"><img loading=\"lazy\" loading=\"lazy\" decoding=\"async\" class=\"aligncenter wp-image-3226\" src=\"https:\/\/seij.gob.gt\/udisep\/wp-content\/uploads\/2020\/02\/excel_1.jpg\" alt=\"\" width=\"112\" height=\"116\" \/><\/a><\/td>\n<\/tr>\n<\/tbody>\n<\/table>\n<table>\n<tbody>\n<tr>\n<td style=\"width: 822px;\" colspan=\"3\"><span style=\"font-family: arial black, sans-serif; font-size: 18pt;\">Mayo<\/span><\/td>\n<\/tr>\n<tr>\n<td style=\"width: 442.266px;\">&nbsp;<\/p>\n<p><span style=\"color: #000080; font-size: 18pt; font-family: arial, helvetica, sans-serif;\">Secretar\u00eda Ejecutiva de la ICMSJ<\/span><\/td>\n<td style=\"width: 189.984px;\"><a href=\"..\/\/_2022_\/informacion publica\/mayo\/NUMERAL 22\/COMPRAS DIRECTAS SEICMSJ.pdf\"><img decoding=\"async\" class=\"aligncenter wp-image-3229\" src=\"https:\/\/seij.gob.gt\/udisep\/wp-content\/uploads\/2020\/02\/pdf_3.jpg\" alt=\"\" width=\"104\" height=\"113\" \/><\/a><\/td>\n<td style=\"width: 177.75px;\"><a href=\"..\/\/_2022_\/informacion publica\/mayo\/NUMERAL 22\/COMPRAS DIRECTAS SEICMSJ.xlsx\"><img decoding=\"async\" class=\"aligncenter wp-image-3226\" src=\"https:\/\/seij.gob.gt\/udisep\/wp-content\/uploads\/2020\/02\/excel_1.jpg\" alt=\"\" width=\"114\" height=\"118\" \/><\/a><\/td>\n<\/tr>\n<tr>\n<td style=\"width: 442.266px;\">&nbsp;<\/p>\n<p><span style=\"color: #000080; font-size: 18pt; font-family: arial, helvetica, sans-serif;\">Prevenci\u00f3n de la Violencia y el Delito<\/span><\/td>\n<td style=\"width: 189.984px;\"><a href=\"..\/\/_2022_\/informacion publica\/mayo\/NUMERAL 22\/COMPRAS DIRECTAS PREVI.pdf\"><img decoding=\"async\" class=\"aligncenter wp-image-3229\" src=\"https:\/\/seij.gob.gt\/udisep\/wp-content\/uploads\/2020\/02\/pdf_3.jpg\" alt=\"\" width=\"100\" height=\"109\" \/><\/a><\/td>\n<td style=\"width: 177.75px;\"><a href=\"..\/\/_2022_\/informacion publica\/mayo\/NUMERAL 22\/COMPRAS DIRECTAS PREVI.xls\"><img loading=\"lazy\" loading=\"lazy\" decoding=\"async\" class=\"aligncenter wp-image-3226\" src=\"https:\/\/seij.gob.gt\/udisep\/wp-content\/uploads\/2020\/02\/excel_1.jpg\" alt=\"\" width=\"112\" height=\"116\" \/><\/a><\/td>\n<\/tr>\n<\/tbody>\n<\/table>\n<table>\n<tbody>\n<tr>\n<td style=\"width: 822px;\" colspan=\"3\"><span style=\"font-family: arial black, sans-serif; font-size: 18pt;\">Abril<\/span><\/td>\n<\/tr>\n<tr>\n<td style=\"width: 442.266px;\">&nbsp;<\/p>\n<p><span style=\"color: #000080; font-size: 18pt; font-family: arial, helvetica, sans-serif;\">Secretar\u00eda Ejecutiva de la ICMSJ<\/span><\/td>\n<td style=\"width: 189.984px;\"><a href=\"..\/\/_2022_\/informacion publica\/abril\/NUMERAL 22\/COMPRAS DIRECTAS SEICMSJ.pdf\"><img decoding=\"async\" class=\"aligncenter wp-image-3229\" src=\"https:\/\/seij.gob.gt\/udisep\/wp-content\/uploads\/2020\/02\/pdf_3.jpg\" alt=\"\" width=\"104\" height=\"113\" \/><\/a><\/td>\n<td style=\"width: 177.75px;\"><a href=\"..\/\/_2022_\/informacion publica\/abril\/NUMERAL 22\/COMPRAS DIRECTAS SEICMSJ.xlsx\"><img decoding=\"async\" class=\"aligncenter wp-image-3226\" src=\"https:\/\/seij.gob.gt\/udisep\/wp-content\/uploads\/2020\/02\/excel_1.jpg\" alt=\"\" width=\"114\" height=\"118\" \/><\/a><\/td>\n<\/tr>\n<tr>\n<td style=\"width: 442.266px;\">&nbsp;<\/p>\n<p><span style=\"color: #000080; font-size: 18pt; font-family: arial, helvetica, sans-serif;\">Prevenci\u00f3n de la Violencia y el Delito<\/span><\/td>\n<td style=\"width: 189.984px;\"><a href=\"..\/\/_2022_\/informacion publica\/abril\/NUMERAL 22\/COMPRAS DIRECTAS PREVI.pdf\"><img decoding=\"async\" class=\"aligncenter wp-image-3229\" src=\"https:\/\/seij.gob.gt\/udisep\/wp-content\/uploads\/2020\/02\/pdf_3.jpg\" alt=\"\" width=\"100\" height=\"109\" \/><\/a><\/td>\n<td style=\"width: 177.75px;\"><a href=\"..\/\/_2022_\/informacion publica\/abril\/NUMERAL 22\/COMPRAS DIRECTAS PREVI.xlsx\"><img loading=\"lazy\" loading=\"lazy\" decoding=\"async\" class=\"aligncenter wp-image-3226\" src=\"https:\/\/seij.gob.gt\/udisep\/wp-content\/uploads\/2020\/02\/excel_1.jpg\" alt=\"\" width=\"112\" height=\"116\" \/><\/a><\/td>\n<\/tr>\n<\/tbody>\n<\/table>\n<table>\n<tbody>\n<tr>\n<td style=\"width: 822px;\" colspan=\"3\"><span style=\"font-family: arial black, sans-serif; font-size: 18pt;\">Marzo<\/span><\/td>\n<\/tr>\n<tr>\n<td style=\"width: 442.266px;\">&nbsp;<\/p>\n<p><span style=\"color: #000080; font-size: 18pt; font-family: arial, helvetica, sans-serif;\">Secretar\u00eda Ejecutiva de la ICMSJ<\/span><\/td>\n<td style=\"width: 189.984px;\"><a href=\"..\/\/_2022_\/informacion publica\/marzo\/NUMERAL 22\/COMPRAS DIRECTAS SEICMSJ.pdf\"><img decoding=\"async\" class=\"aligncenter wp-image-3229\" src=\"https:\/\/seij.gob.gt\/udisep\/wp-content\/uploads\/2020\/02\/pdf_3.jpg\" alt=\"\" width=\"104\" height=\"113\" \/><\/a><\/td>\n<td style=\"width: 177.75px;\"><a href=\"..\/\/_2022_\/informacion publica\/marzo\/NUMERAL 22\/COMPRAS DIRECTAS SEICMSJ.xlsx\"><img decoding=\"async\" class=\"aligncenter wp-image-3226\" src=\"https:\/\/seij.gob.gt\/udisep\/wp-content\/uploads\/2020\/02\/excel_1.jpg\" alt=\"\" width=\"114\" height=\"118\" \/><\/a><\/td>\n<\/tr>\n<tr>\n<td style=\"width: 442.266px;\">&nbsp;<\/p>\n<p><span style=\"color: #000080; font-size: 18pt; font-family: arial, helvetica, sans-serif;\">Prevenci\u00f3n de la Violencia y el Delito<\/span><\/td>\n<td style=\"width: 189.984px;\"><a href=\"..\/\/_2022_\/informacion publica\/marzo\/NUMERAL 22\/COMPRAS DIRECTAS PREVI.pdf\"><img decoding=\"async\" class=\"aligncenter wp-image-3229\" src=\"https:\/\/seij.gob.gt\/udisep\/wp-content\/uploads\/2020\/02\/pdf_3.jpg\" alt=\"\" width=\"100\" height=\"109\" \/><\/a><\/td>\n<td style=\"width: 177.75px;\"><a href=\"..\/\/_2022_\/informacion publica\/marzo\/NUMERAL 22\/COMPRAS DIRECTAS PREVI.xlsx\"><img loading=\"lazy\" loading=\"lazy\" decoding=\"async\" class=\"aligncenter wp-image-3226\" src=\"https:\/\/seij.gob.gt\/udisep\/wp-content\/uploads\/2020\/02\/excel_1.jpg\" alt=\"\" width=\"112\" height=\"116\" \/><\/a><\/td>\n<\/tr>\n<\/tbody>\n<\/table>\n<table>\n<tbody>\n<tr>\n<td style=\"width: 822px;\" colspan=\"3\"><span style=\"font-family: arial black, sans-serif; font-size: 18pt;\">Febrero<\/span><\/td>\n<\/tr>\n<tr>\n<td style=\"width: 442.266px;\">&nbsp;<\/p>\n<p><span style=\"color: #000080; font-size: 18pt; font-family: arial, helvetica, sans-serif;\">Secretar\u00eda Ejecutiva de la ICMSJ<\/span><\/td>\n<td style=\"width: 189.984px;\"><a href=\"..\/\/_2022_\/informacion publica\/febrero\/NUMERAL 22\/COMPRAS DIRECTAS SEICMSJ.pdf\"><img decoding=\"async\" class=\"aligncenter wp-image-3229\" src=\"https:\/\/seij.gob.gt\/udisep\/wp-content\/uploads\/2020\/02\/pdf_3.jpg\" alt=\"\" width=\"104\" height=\"113\" \/><\/a><\/td>\n<td style=\"width: 177.75px;\"><a href=\"..\/\/_2022_\/informacion publica\/febrero\/NUMERAL 22\/COMPRAS DIRECTAS SEICMSJ.xlsx\"><img decoding=\"async\" class=\"aligncenter wp-image-3226\" src=\"https:\/\/seij.gob.gt\/udisep\/wp-content\/uploads\/2020\/02\/excel_1.jpg\" alt=\"\" width=\"114\" height=\"118\" \/><\/a><\/td>\n<\/tr>\n<tr>\n<td style=\"width: 442.266px;\">&nbsp;<\/p>\n<p><span style=\"color: #000080; font-size: 18pt; font-family: arial, helvetica, sans-serif;\">Prevenci\u00f3n de la Violencia y el Delito<\/span><\/td>\n<td style=\"width: 189.984px;\"><a href=\"..\/\/_2022_\/informacion publica\/febrero\/NUMERAL 22\/COMPRAS DIRECTAS PREVI.pdf\"><img decoding=\"async\" class=\"aligncenter wp-image-3229\" src=\"https:\/\/seij.gob.gt\/udisep\/wp-content\/uploads\/2020\/02\/pdf_3.jpg\" alt=\"\" width=\"100\" height=\"109\" \/><\/a><\/td>\n<td style=\"width: 177.75px;\"><a href=\"..\/\/_2022_\/informacion publica\/febrero\/NUMERAL 22\/COMPRAS DIRECTAS PREVI.xlsx\"><img loading=\"lazy\" loading=\"lazy\" decoding=\"async\" class=\"aligncenter wp-image-3226\" src=\"https:\/\/seij.gob.gt\/udisep\/wp-content\/uploads\/2020\/02\/excel_1.jpg\" alt=\"\" width=\"112\" height=\"116\" \/><\/a><\/td>\n<\/tr>\n<\/tbody>\n<\/table>\n<table style=\"height: 381px;\" width=\"832\">\n<tbody>\n<tr>\n<td style=\"width: 822px;\" colspan=\"3\"><span style=\"font-family: arial black, sans-serif; font-size: 18pt;\">Enero<\/span><\/td>\n<\/tr>\n<tr>\n<td style=\"width: 442.266px;\">&nbsp;<\/p>\n<p><span style=\"color: #000080; font-size: 18pt; font-family: arial, helvetica, sans-serif;\">Secretar\u00eda Ejecutiva de la ICMSJ<\/span><\/td>\n<td style=\"width: 189.984px;\"><a href=\"..\/\/_2022_\/informacion publica\/enero\/NUMERAL 22\/COMPRAS DIRECTAS SEICMSJ.pdf\"><img decoding=\"async\" class=\"aligncenter wp-image-3229\" src=\"https:\/\/seij.gob.gt\/udisep\/wp-content\/uploads\/2020\/02\/pdf_3.jpg\" alt=\"\" width=\"104\" height=\"113\" \/><\/a><\/td>\n<td style=\"width: 177.75px;\"><a href=\"..\/\/_2022_\/informacion publica\/enero\/NUMERAL 22\/COMPRAS DIRECTAS SEICMSJ.xlsx\"><img decoding=\"async\" class=\"aligncenter wp-image-3226\" src=\"https:\/\/seij.gob.gt\/udisep\/wp-content\/uploads\/2020\/02\/excel_1.jpg\" alt=\"\" width=\"114\" height=\"118\" \/><\/a><\/td>\n<\/tr>\n<tr>\n<td style=\"width: 442.266px;\">&nbsp;<\/p>\n<p><span style=\"color: #000080; font-size: 18pt; font-family: arial, helvetica, sans-serif;\">Prevenci\u00f3n de la Violencia y el Delito<\/span><\/td>\n<td style=\"width: 189.984px;\"><a href=\"..\/\/_2022_\/informacion publica\/enero\/NUMERAL 22\/COMPRAS DIRECTAS PREVI.pdf\"><img decoding=\"async\" class=\"aligncenter wp-image-3229\" src=\"https:\/\/seij.gob.gt\/udisep\/wp-content\/uploads\/2020\/02\/pdf_3.jpg\" alt=\"\" width=\"100\" height=\"109\" \/><\/a><\/td>\n<td style=\"width: 177.75px;\"><a href=\"..\/\/_2022_\/informacion publica\/enero\/NUMERAL 22\/COMPRAS DIRECTAS PREVI.xls\"><img loading=\"lazy\" loading=\"lazy\" decoding=\"async\" class=\"aligncenter wp-image-3226\" src=\"https:\/\/seij.gob.gt\/udisep\/wp-content\/uploads\/2020\/02\/excel_1.jpg\" alt=\"\" width=\"112\" height=\"116\" \/><\/a><\/td>\n<\/tr>\n<\/tbody>\n<\/table>\n","protected":false},"excerpt":{"rendered":"<p>\u00a0Listados de compras directas Diciembre &nbsp; Secretar\u00eda Ejecutiva de la ICMSJ &nbsp; Prevenci\u00f3n de la Violencia y el Delito Noviembre &nbsp; Secretar\u00eda Ejecutiva de la ICMSJ &nbsp; Prevenci\u00f3n de la Violencia y el Delito Octubre &nbsp; Secretar\u00eda Ejecutiva de la ICMSJ &nbsp; Prevenci\u00f3n de la Violencia y el Delito Septiembre &nbsp; Secretar\u00eda Ejecutiva de la [&hellip;]<\/p>\n","protected":false},"author":1,"featured_media":0,"parent":0,"menu_order":0,"comment_status":"closed","ping_status":"closed","template":"","meta":{"_et_pb_use_builder":"","_et_pb_old_content":"","_et_gb_content_width":"","footnotes":""},"class_list":["post-4455","page","type-page","status-publish","hentry"],"nelio_popups_active_popup":"","_links":{"self":[{"href":"https:\/\/seij.gob.gt\/udisep\/wp-json\/wp\/v2\/pages\/4455","targetHints":{"allow":["GET"]}}],"collection":[{"href":"https:\/\/seij.gob.gt\/udisep\/wp-json\/wp\/v2\/pages"}],"about":[{"href":"https:\/\/seij.gob.gt\/udisep\/wp-json\/wp\/v2\/types\/page"}],"author":[{"embeddable":true,"href":"https:\/\/seij.gob.gt\/udisep\/wp-json\/wp\/v2\/users\/1"}],"replies":[{"embeddable":true,"href":"https:\/\/seij.gob.gt\/udisep\/wp-json\/wp\/v2\/comments?post=4455"}],"version-history":[{"count":19,"href":"https:\/\/seij.gob.gt\/udisep\/wp-json\/wp\/v2\/pages\/4455\/revisions"}],"predecessor-version":[{"id":4982,"href":"https:\/\/seij.gob.gt\/udisep\/wp-json\/wp\/v2\/pages\/4455\/revisions\/4982"}],"wp:attachment":[{"href":"https:\/\/seij.gob.gt\/udisep\/wp-json\/wp\/v2\/media?parent=4455"}],"curies":[{"name":"wp","href":"https:\/\/api.w.org\/{rel}","templated":true}]}}