{"id":4461,"date":"2022-02-08T14:48:17","date_gmt":"2022-02-08T20:48:17","guid":{"rendered":"http:\/\/seij.gob.gt\/udisep\/?page_id=4461"},"modified":"2022-09-20T15:46:10","modified_gmt":"2022-09-20T21:46:10","slug":"numeral-26-ano-2022","status":"publish","type":"page","link":"https:\/\/seij.gob.gt\/udisep\/numeral-26-ano-2022\/","title":{"rendered":"Numeral 26 a\u00f1o 2022"},"content":{"rendered":"<h1 style=\"text-align: center;\"><span style=\"font-family: arial black, sans-serif; color: #000080;\">Funcionamiento y finalidad del archivo<\/span><\/h1>\n<table style=\"height: 39px;\" width=\"762\">\n<tbody>\n<tr>\n<td style=\"width: 592px;\"><span style=\"font-family: arial, helvetica, sans-serif; color: #000080; font-size: 14pt;\">Informe sobre el Funcionamiento y Finalidad del Archivo, sus Sistemas de Registro y Categor\u00edas de Informaci\u00f3n, Los Procedimientos y Facilidad de Acceso al Archivo, A\u00f1o 2,022<\/span><\/td>\n<td style=\"width: 154px;\"><a href=\"https:\/\/seij.gob.gt\/udisep\/wp-content\/uploads\/2022\/09\/funcionamiento-y-finalidad-del-archivo-DCA.pdf\"><img decoding=\"async\" class=\"aligncenter wp-image-3229\" src=\"https:\/\/seij.gob.gt\/udisep\/wp-content\/uploads\/2020\/02\/pdf_3.jpg\" alt=\"\" width=\"90\" height=\"98\" \/><\/a><\/td>\n<\/tr>\n<\/tbody>\n<\/table>\n<p>&nbsp;<\/p>\n","protected":false},"excerpt":{"rendered":"<p>Funcionamiento y finalidad del archivo Informe sobre el Funcionamiento y Finalidad del Archivo, sus Sistemas de Registro y Categor\u00edas de Informaci\u00f3n, Los Procedimientos y Facilidad de Acceso al Archivo, A\u00f1o 2,022 &nbsp;<\/p>\n","protected":false},"author":1,"featured_media":0,"parent":0,"menu_order":0,"comment_status":"closed","ping_status":"closed","template":"","meta":{"_et_pb_use_builder":"","_et_pb_old_content":"","_et_gb_content_width":"","footnotes":""},"class_list":["post-4461","page","type-page","status-publish","hentry"],"nelio_popups_active_popup":"","_links":{"self":[{"href":"https:\/\/seij.gob.gt\/udisep\/wp-json\/wp\/v2\/pages\/4461","targetHints":{"allow":["GET"]}}],"collection":[{"href":"https:\/\/seij.gob.gt\/udisep\/wp-json\/wp\/v2\/pages"}],"about":[{"href":"https:\/\/seij.gob.gt\/udisep\/wp-json\/wp\/v2\/types\/page"}],"author":[{"embeddable":true,"href":"https:\/\/seij.gob.gt\/udisep\/wp-json\/wp\/v2\/users\/1"}],"replies":[{"embeddable":true,"href":"https:\/\/seij.gob.gt\/udisep\/wp-json\/wp\/v2\/comments?post=4461"}],"version-history":[{"count":3,"href":"https:\/\/seij.gob.gt\/udisep\/wp-json\/wp\/v2\/pages\/4461\/revisions"}],"predecessor-version":[{"id":4812,"href":"https:\/\/seij.gob.gt\/udisep\/wp-json\/wp\/v2\/pages\/4461\/revisions\/4812"}],"wp:attachment":[{"href":"https:\/\/seij.gob.gt\/udisep\/wp-json\/wp\/v2\/media?parent=4461"}],"curies":[{"name":"wp","href":"https:\/\/api.w.org\/{rel}","templated":true}]}}