{"id":4476,"date":"2022-02-09T09:27:04","date_gmt":"2022-02-09T15:27:04","guid":{"rendered":"http:\/\/seij.gob.gt\/udisep\/?page_id=4476"},"modified":"2022-02-09T09:28:19","modified_gmt":"2022-02-09T15:28:19","slug":"decreto-101-97-ano-2021","status":"publish","type":"page","link":"https:\/\/seij.gob.gt\/udisep\/decreto-101-97-ano-2021\/","title":{"rendered":"Decreto 101-97 a\u00f1o 2021"},"content":{"rendered":"<p><span style=\"font-family: arial black, sans-serif; font-size: 24pt; color: #000080;\">Decreto 101-97 a\u00f1o 2021<\/span><\/p>\n<p>&nbsp;<\/p>\n<ul>\n<li><span style=\"font-size: 18pt; font-family: arial, helvetica, sans-serif; color: #000080;\"><a style=\"color: #000080;\" href=\"https:\/\/seij.gob.gt\/udisep\/articulo-8\/\"><strong>Art\u00edculo 8<\/strong><\/a><\/span><\/li>\n<li><span style=\"font-size: 18pt; font-family: arial, helvetica, sans-serif; color: #000080;\"><strong><a style=\"color: #000080;\" href=\"https:\/\/seij.gob.gt\/udisep\/articulo-17-bis\/\">Art\u00edculo 17 Bis<\/a><\/strong><\/span><\/li>\n<li><span style=\"font-size: 18pt; font-family: arial, helvetica, sans-serif; color: #000080;\"><strong><a style=\"color: #000080;\" href=\"https:\/\/seij.gob.gt\/udisep\/articulo-17-ter\/\">Art\u00edculo 17 Ter<\/a><\/strong><\/span><\/li>\n<li><span style=\"font-size: 18pt; font-family: arial, helvetica, sans-serif; color: #000080;\"><strong><a style=\"color: #000080;\" href=\"https:\/\/seij.gob.gt\/udisep\/clasificadores-tematicos\/\">Art\u00edculo 17 Qu\u00e1ter<\/a><\/strong><\/span><\/li>\n<li><span style=\"font-size: 18pt; font-family: arial, helvetica, sans-serif; color: #000080;\"><strong><a style=\"color: #000080;\" href=\"https:\/\/seij.gob.gt\/udisep\/modificaciones-y-transferencias-presupuestarias-dto-13-2013\/\">Art\u00edculo 32<\/a><\/strong><\/span><\/li>\n<\/ul>\n<p>&nbsp;<\/p>\n","protected":false},"excerpt":{"rendered":"<p>Decreto 101-97 a\u00f1o 2021 &nbsp; Art\u00edculo 8 Art\u00edculo 17 Bis Art\u00edculo 17 Ter Art\u00edculo 17 Qu\u00e1ter Art\u00edculo 32 &nbsp;<\/p>\n","protected":false},"author":1,"featured_media":0,"parent":0,"menu_order":0,"comment_status":"closed","ping_status":"closed","template":"","meta":{"_et_pb_use_builder":"","_et_pb_old_content":"","_et_gb_content_width":"","footnotes":""},"class_list":["post-4476","page","type-page","status-publish","hentry"],"nelio_popups_active_popup":"","_links":{"self":[{"href":"https:\/\/seij.gob.gt\/udisep\/wp-json\/wp\/v2\/pages\/4476","targetHints":{"allow":["GET"]}}],"collection":[{"href":"https:\/\/seij.gob.gt\/udisep\/wp-json\/wp\/v2\/pages"}],"about":[{"href":"https:\/\/seij.gob.gt\/udisep\/wp-json\/wp\/v2\/types\/page"}],"author":[{"embeddable":true,"href":"https:\/\/seij.gob.gt\/udisep\/wp-json\/wp\/v2\/users\/1"}],"replies":[{"embeddable":true,"href":"https:\/\/seij.gob.gt\/udisep\/wp-json\/wp\/v2\/comments?post=4476"}],"version-history":[{"count":4,"href":"https:\/\/seij.gob.gt\/udisep\/wp-json\/wp\/v2\/pages\/4476\/revisions"}],"predecessor-version":[{"id":4480,"href":"https:\/\/seij.gob.gt\/udisep\/wp-json\/wp\/v2\/pages\/4476\/revisions\/4480"}],"wp:attachment":[{"href":"https:\/\/seij.gob.gt\/udisep\/wp-json\/wp\/v2\/media?parent=4476"}],"curies":[{"name":"wp","href":"https:\/\/api.w.org\/{rel}","templated":true}]}}