{"id":4482,"date":"2022-02-09T09:31:34","date_gmt":"2022-02-09T15:31:34","guid":{"rendered":"http:\/\/seij.gob.gt\/udisep\/?page_id=4482"},"modified":"2023-01-20T10:47:22","modified_gmt":"2023-01-20T16:47:22","slug":"decreto-101-97-ano-2022","status":"publish","type":"page","link":"https:\/\/seij.gob.gt\/udisep\/decreto-101-97-ano-2022\/","title":{"rendered":"Decreto 101-97 a\u00f1o 2022"},"content":{"rendered":"<p><span style=\"font-family: arial black, sans-serif; font-size: 24pt; color: #000080;\">Decreto 101-97 a\u00f1o 2022<\/span><\/p>\n<p>&nbsp;<\/p>\n<ul>\n<li><a href=\"https:\/\/seij.gob.gt\/udisep\/articulo-8-2022\/\"><span style=\"font-family: arial, helvetica, sans-serif; font-size: 18pt; color: #000080;\"><strong>Art\u00edculo 8<\/strong><\/span><\/a><\/li>\n<li><a href=\"https:\/\/seij.gob.gt\/udisep\/articulo-17-bis-2022\/\"><span style=\"font-family: arial, helvetica, sans-serif; font-size: 18pt; color: #000080;\"><strong>Art\u00edculo 17 Bis<\/strong><\/span><\/a><\/li>\n<li><a href=\"https:\/\/seij.gob.gt\/udisep\/17-ter-ano-2022\/\"><span style=\"font-family: arial, helvetica, sans-serif; font-size: 18pt; color: #000080;\"><strong>Art\u00edculo 17 Ter<\/strong><\/span><\/a><\/li>\n<li><a href=\"..\/\/https:\/\/seij.gob.gt\/udisep\/17-quater\/\"><span style=\"font-family: arial, helvetica, sans-serif; font-size: 18pt; color: #000080;\"><strong>Art\u00edculo 17 Qu\u00e1ter<\/strong><\/span><\/a><\/li>\n<li><a href=\"https:\/\/seij.gob.gt\/udisep\/decreto-13-2013-ano-2022\/\"><span style=\"font-family: arial, helvetica, sans-serif; font-size: 18pt; color: #000080;\"><strong>Art\u00edculo 32<\/strong><\/span><\/a><\/li>\n<\/ul>\n","protected":false},"excerpt":{"rendered":"<p>Decreto 101-97 a\u00f1o 2022 &nbsp; Art\u00edculo 8 Art\u00edculo 17 Bis Art\u00edculo 17 Ter Art\u00edculo 17 Qu\u00e1ter Art\u00edculo 32<\/p>\n","protected":false},"author":1,"featured_media":0,"parent":0,"menu_order":0,"comment_status":"closed","ping_status":"closed","template":"","meta":{"_et_pb_use_builder":"","_et_pb_old_content":"","_et_gb_content_width":"","footnotes":""},"class_list":["post-4482","page","type-page","status-publish","hentry"],"nelio_popups_active_popup":"","_links":{"self":[{"href":"https:\/\/seij.gob.gt\/udisep\/wp-json\/wp\/v2\/pages\/4482","targetHints":{"allow":["GET"]}}],"collection":[{"href":"https:\/\/seij.gob.gt\/udisep\/wp-json\/wp\/v2\/pages"}],"about":[{"href":"https:\/\/seij.gob.gt\/udisep\/wp-json\/wp\/v2\/types\/page"}],"author":[{"embeddable":true,"href":"https:\/\/seij.gob.gt\/udisep\/wp-json\/wp\/v2\/users\/1"}],"replies":[{"embeddable":true,"href":"https:\/\/seij.gob.gt\/udisep\/wp-json\/wp\/v2\/comments?post=4482"}],"version-history":[{"count":7,"href":"https:\/\/seij.gob.gt\/udisep\/wp-json\/wp\/v2\/pages\/4482\/revisions"}],"predecessor-version":[{"id":4603,"href":"https:\/\/seij.gob.gt\/udisep\/wp-json\/wp\/v2\/pages\/4482\/revisions\/4603"}],"wp:attachment":[{"href":"https:\/\/seij.gob.gt\/udisep\/wp-json\/wp\/v2\/media?parent=4482"}],"curies":[{"name":"wp","href":"https:\/\/api.w.org\/{rel}","templated":true}]}}