{"id":4529,"date":"2022-02-09T12:36:34","date_gmt":"2022-02-09T18:36:34","guid":{"rendered":"http:\/\/seij.gob.gt\/udisep\/?page_id=4529"},"modified":"2022-02-09T12:57:28","modified_gmt":"2022-02-09T18:57:28","slug":"articulo-13-registro-de-personal-ano-2022","status":"publish","type":"page","link":"https:\/\/seij.gob.gt\/udisep\/articulo-13-registro-de-personal-ano-2022\/","title":{"rendered":"Articulo 13 registro de personal a\u00f1o 2022"},"content":{"rendered":"<p style=\"text-align: center;\">\u00a0<span style=\"font-family: arial black, sans-serif; font-size: 24pt; color: #000080;\">Articulo 13 registro de personal <\/span><\/p>\n<p style=\"text-align: center;\"><span style=\"font-family: arial black, sans-serif; font-size: 24pt; color: #000080;\">Contrato e Informes<br \/>\n<\/span><\/p>\n<p>&nbsp;<\/p>\n<table style=\"height: 184px;\" width=\"935\">\n<tbody>\n<tr>\n<td style=\"width: 925.8px; text-align: center;\" colspan=\"4\"><span style=\"font-size: 24pt; font-family: arial black, sans-serif; color: #000080;\">Contratos<\/span><\/td>\n<\/tr>\n<tr>\n<td style=\"width: 460.1px; text-align: center;\" colspan=\"2\">\u00a0<a href=\"https:\/\/seij.gob.gt\/udisep\/contratos-029-ano-2022\/\"><span style=\"font-size: 18pt; font-family: arial black, sans-serif; color: #000080;\">Rengl\u00f3n 029<\/span><\/a><\/td>\n<td style=\"width: 460.1px; text-align: center;\" colspan=\"2\"><a href=\"https:\/\/seij.gob.gt\/udisep\/contratos-081-ano-2022\/\"><span style=\"font-size: 18pt; font-family: arial black, sans-serif; color: #000080;\">Rengl\u00f3n 081<\/span><\/a><\/td>\n<\/tr>\n<\/tbody>\n<\/table>\n<table style=\"height: 166px;\" width=\"934\">\n<tbody>\n<tr style=\"height: 80px;\">\n<td style=\"width: 924.8px; height: 80px;\" colspan=\"4\">\n<p style=\"text-align: center;\"><span style=\"font-family: arial black, sans-serif; font-size: 24pt; color: #000080;\">Informes<\/span><\/p>\n<\/td>\n<\/tr>\n<tr style=\"height: 12px;\">\n<td style=\"width: 459.6px; height: 10px;\" colspan=\"2\">\n<p style=\"text-align: center;\"><a href=\"https:\/\/seij.gob.gt\/udisep\/informes-029-ano-2022-2\/\"><span style=\"font-family: arial black, sans-serif; color: #000080; font-size: 18pt;\">Rengl\u00f3n 029<\/span><\/a><\/p>\n<p>&nbsp;<\/td>\n<td style=\"width: 459.6px; height: 10px;\" colspan=\"2\">\n<p style=\"text-align: center;\"><a href=\"https:\/\/seij.gob.gt\/udisep\/informes-081-ano-2022\/\"><span style=\"color: #000080; font-size: 18pt; font-family: arial black, sans-serif;\">Rengl\u00f3n 081<\/span><\/a><\/p>\n<p>&nbsp;<\/td>\n<\/tr>\n<\/tbody>\n<\/table>\n<p>&nbsp;<\/p>\n","protected":false},"excerpt":{"rendered":"<p>\u00a0Articulo 13 registro de personal Contrato e Informes &nbsp; Contratos \u00a0Rengl\u00f3n 029 Rengl\u00f3n 081 Informes Rengl\u00f3n 029 &nbsp; Rengl\u00f3n 081 &nbsp; &nbsp;<\/p>\n","protected":false},"author":1,"featured_media":0,"parent":0,"menu_order":0,"comment_status":"closed","ping_status":"closed","template":"","meta":{"_et_pb_use_builder":"","_et_pb_old_content":"","_et_gb_content_width":"","footnotes":""},"class_list":["post-4529","page","type-page","status-publish","hentry"],"nelio_popups_active_popup":"","_links":{"self":[{"href":"https:\/\/seij.gob.gt\/udisep\/wp-json\/wp\/v2\/pages\/4529","targetHints":{"allow":["GET"]}}],"collection":[{"href":"https:\/\/seij.gob.gt\/udisep\/wp-json\/wp\/v2\/pages"}],"about":[{"href":"https:\/\/seij.gob.gt\/udisep\/wp-json\/wp\/v2\/types\/page"}],"author":[{"embeddable":true,"href":"https:\/\/seij.gob.gt\/udisep\/wp-json\/wp\/v2\/users\/1"}],"replies":[{"embeddable":true,"href":"https:\/\/seij.gob.gt\/udisep\/wp-json\/wp\/v2\/comments?post=4529"}],"version-history":[{"count":6,"href":"https:\/\/seij.gob.gt\/udisep\/wp-json\/wp\/v2\/pages\/4529\/revisions"}],"predecessor-version":[{"id":4545,"href":"https:\/\/seij.gob.gt\/udisep\/wp-json\/wp\/v2\/pages\/4529\/revisions\/4545"}],"wp:attachment":[{"href":"https:\/\/seij.gob.gt\/udisep\/wp-json\/wp\/v2\/media?parent=4529"}],"curies":[{"name":"wp","href":"https:\/\/api.w.org\/{rel}","templated":true}]}}