{"id":4537,"date":"2022-02-09T12:54:29","date_gmt":"2022-02-09T18:54:29","guid":{"rendered":"http:\/\/seij.gob.gt\/udisep\/?page_id=4537"},"modified":"2022-11-11T16:46:08","modified_gmt":"2022-11-11T22:46:08","slug":"contratos-029-ano-2022","status":"publish","type":"page","link":"https:\/\/seij.gob.gt\/udisep\/contratos-029-ano-2022\/","title":{"rendered":"Contratos 029 a\u00f1o 2022"},"content":{"rendered":"<h2 style=\"text-align: left;\"><span style=\"font-family: 'arial black', sans-serif; color: #000080;\">\u00a0 \u00a0 \u00a0 \u00a0 \u00a0 Contratos 029 a\u00f1o 2022<\/span><\/h2>\n<p>&nbsp;<\/p>\n<table>\n<tbody>\n<tr>\n<td style=\"width: 539px;\" colspan=\"2\"><span style=\"font-family: 'arial black', sans-serif; font-size: 14pt;\">Octubre<\/span><\/td>\n<\/tr>\n<tr>\n<td style=\"width: 389.156px;\"><span style=\"font-family: 'arial black', sans-serif; font-size: 14pt;\">\u00a0<\/span><\/p>\n<p><span style=\"color: #000080; font-family: arial, helvetica, sans-serif; font-size: 14pt;\">JHONAT\u00c1N LEMUS CABALLEROS<\/span><\/td>\n<td style=\"width: 143.844px;\"><a href=\"..\/\/_2022_\/contratos 029\/octubre\/SEICMSJ 029 016 2022.pdf\"><span style=\"font-family: 'arial black', sans-serif; font-size: 14pt;\"><img decoding=\"async\" class=\"aligncenter wp-image-3229\" src=\"https:\/\/seij.gob.gt\/udisep\/wp-content\/uploads\/2020\/02\/pdf_3.jpg\" alt=\"\" width=\"86\" height=\"94\" \/><\/span><\/a><\/td>\n<\/tr>\n<\/tbody>\n<\/table>\n<table style=\"width: 556px; height: 329px;\">\n<tbody>\n<tr>\n<td style=\"width: 546px;\" colspan=\"2\"><span style=\"font-family: 'arial black', sans-serif; font-size: 14pt;\">Agosto<\/span><\/td>\n<\/tr>\n<tr>\n<td style=\"width: 394.219px;\"><span style=\"font-family: 'arial black', sans-serif; font-size: 14pt;\">\u00a0<\/span><\/p>\n<p><span style=\"color: #000080; font-family: arial, helvetica, sans-serif; font-size: 14pt;\">JHONAT\u00c1N LEMUS CABALLEROS<\/span><\/td>\n<td style=\"width: 145.781px;\"><a href=\"..\/\/_2022_\/contratos 029\/agosto\/CONTRATO SEICMSJ 029 014 2022.pdf\"><span style=\"font-family: 'arial black', sans-serif; font-size: 14pt;\"><img decoding=\"async\" class=\"aligncenter wp-image-3229\" src=\"https:\/\/seij.gob.gt\/udisep\/wp-content\/uploads\/2020\/02\/pdf_3.jpg\" alt=\"\" width=\"86\" height=\"94\" \/><\/span><\/a><\/td>\n<\/tr>\n<tr>\n<td style=\"width: 546px;\" colspan=\"2\"><span style=\"font-family: 'arial black', sans-serif; font-size: 14pt;\">Julio<\/span><\/td>\n<\/tr>\n<tr>\n<td style=\"width: 394.219px;\">&nbsp;<\/p>\n<p><span style=\"color: #000080; font-family: arial, helvetica, sans-serif; font-size: 14pt;\">VICTORIA ABIGAIL FLORES<\/span><\/td>\n<td style=\"width: 145.781px;\"><a href=\"..\/\/_2022_\/contratos 029\/julio\/SEICMSJ 029 013 2022 CONTRATO VICTORIA FLORES.pdf\"><img decoding=\"async\" class=\"aligncenter wp-image-3229\" src=\"https:\/\/seij.gob.gt\/udisep\/wp-content\/uploads\/2020\/02\/pdf_3.jpg\" alt=\"\" width=\"86\" height=\"94\" \/><\/a><\/td>\n<\/tr>\n<\/tbody>\n<\/table>\n<table>\n<tbody>\n<tr>\n<td style=\"width: 547px;\" colspan=\"2\"><span style=\"font-family: 'arial black', sans-serif; font-size: 14pt;\">Mayo<\/span><\/td>\n<\/tr>\n<tr>\n<td style=\"width: 395.594px;\">&nbsp;<\/p>\n<p><span style=\"color: #000080; font-family: arial, helvetica, sans-serif; font-size: 14pt;\">MAR\u00cdA ALEJANDRA GONZ\u00c1LEZ RODAS<\/span><\/td>\n<td style=\"width: 145.406px;\"><a href=\"https:\/\/seij.gob.gt\/udisep\/wp-content\/uploads\/2022\/05\/SIEMCJS-029-010-2022.pdf\"><img decoding=\"async\" class=\"aligncenter wp-image-3229\" src=\"https:\/\/seij.gob.gt\/udisep\/wp-content\/uploads\/2020\/02\/pdf_3.jpg\" alt=\"\" width=\"86\" height=\"94\" \/><\/a><\/td>\n<\/tr>\n<\/tbody>\n<\/table>\n<table>\n<tbody>\n<tr>\n<td style=\"width: 547px;\" colspan=\"2\"><span style=\"font-family: 'arial black', sans-serif; font-size: 14pt;\">Abril<\/span><\/td>\n<\/tr>\n<tr>\n<td style=\"width: 395.594px;\">&nbsp;<\/p>\n<p><span style=\"color: #000080; font-family: arial, helvetica, sans-serif; font-size: 14pt;\">MARIA ALESSANDRA DEL ROSARIO IZQUIERDO FLORES<\/span><\/td>\n<td style=\"width: 145.406px;\"><a href=\"..\/\/_2022_\/articulo 35\/abril\/Maria Alessandra Del Rosario Izquierdo Flores.pdf\"><img decoding=\"async\" class=\"aligncenter wp-image-3229\" src=\"https:\/\/seij.gob.gt\/udisep\/wp-content\/uploads\/2020\/02\/pdf_3.jpg\" alt=\"\" width=\"86\" height=\"94\" \/><\/a><\/td>\n<\/tr>\n<tr>\n<td style=\"width: 395.594px;\">&nbsp;<\/p>\n<p><span style=\"color: #000080; font-family: arial, helvetica, sans-serif; font-size: 14pt;\">VIRGINIA CONSUELO BANCES SANCHEZ<\/span><\/td>\n<td style=\"width: 145.406px;\"><a href=\"..\/\/_2022_\/articulo 35\/abril\/Virgina Consuelo Bances Sanchez.pdf\"><img decoding=\"async\" class=\"aligncenter wp-image-3229\" src=\"https:\/\/seij.gob.gt\/udisep\/wp-content\/uploads\/2020\/02\/pdf_3.jpg\" alt=\"\" width=\"86\" height=\"94\" \/><\/a><\/td>\n<\/tr>\n<\/tbody>\n<\/table>\n<table>\n<tbody>\n<tr>\n<td style=\"width: 547px;\" colspan=\"2\"><span style=\"font-family: 'arial black', sans-serif; font-size: 14pt;\">Marzo<\/span><\/td>\n<\/tr>\n<tr>\n<td style=\"width: 395.594px;\">&nbsp;<\/p>\n<p><span style=\"color: #000080; font-family: arial, helvetica, sans-serif; font-size: 14pt;\">ANGELA ISABEL SIPAC COCON<\/span><\/td>\n<td style=\"width: 145.406px;\"><a href=\"..\/\/_2022_\/contratos 029\/marzo\/Agela Isabel Sipac Coc\u00f3n.pdf\"><img decoding=\"async\" class=\"aligncenter wp-image-3229\" src=\"https:\/\/seij.gob.gt\/udisep\/wp-content\/uploads\/2020\/02\/pdf_3.jpg\" alt=\"\" width=\"86\" height=\"94\" \/><\/a><\/td>\n<\/tr>\n<tr>\n<td style=\"width: 395.594px;\">&nbsp;<\/p>\n<p><span style=\"color: #000080; font-family: arial, helvetica, sans-serif; font-size: 14pt;\">NIDIA ELIZABETH GOMEZ ALONZO<\/span><\/td>\n<td style=\"width: 145.406px;\"><a href=\"..\/\/_2022_\/contratos 029\/marzo\/Nidia Elizabeth G\u00f3mez Alonzo.pdf\"><img decoding=\"async\" class=\"aligncenter wp-image-3229\" src=\"https:\/\/seij.gob.gt\/udisep\/wp-content\/uploads\/2020\/02\/pdf_3.jpg\" alt=\"\" width=\"86\" height=\"94\" \/><\/a><\/td>\n<\/tr>\n<tr>\n<td style=\"width: 395.594px;\">&nbsp;<\/p>\n<p><span style=\"color: #000080; font-family: arial, helvetica, sans-serif; font-size: 14pt;\">VICTORIA ABIGAIL FLORES<\/span><\/td>\n<td style=\"width: 145.406px;\"><a href=\"..\/\/_2022_\/contratos 029\/marzo\/Victoria Abigail Flores.pdf\"><img decoding=\"async\" class=\"aligncenter wp-image-3229\" src=\"https:\/\/seij.gob.gt\/udisep\/wp-content\/uploads\/2020\/02\/pdf_3.jpg\" alt=\"\" width=\"86\" height=\"94\" \/><\/a><\/td>\n<\/tr>\n<\/tbody>\n<\/table>\n<table style=\"height: 244px;\" width=\"557\">\n<tbody>\n<tr>\n<td style=\"width: 547px;\" colspan=\"2\"><span style=\"font-family: 'arial black', sans-serif; font-size: 14pt;\">Enero<\/span><\/td>\n<\/tr>\n<tr>\n<td style=\"width: 395.594px;\">&nbsp;<\/p>\n<p><span style=\"color: #000080; font-family: arial, helvetica, sans-serif; font-size: 14pt;\">CARLOS ARMANDO SOSA QUINTANA<\/span><\/td>\n<td style=\"width: 145.406px;\"><a href=\"..\/\/_2022_\/contratos 029\/enero\/CARLOS ARMANDO SOSA QUINTANA.pdf\"><img decoding=\"async\" class=\"aligncenter wp-image-3229\" src=\"https:\/\/seij.gob.gt\/udisep\/wp-content\/uploads\/2020\/02\/pdf_3.jpg\" alt=\"\" width=\"86\" height=\"94\" \/><\/a><\/td>\n<\/tr>\n<tr>\n<td style=\"width: 395.594px;\">&nbsp;<\/p>\n<p><span style=\"color: #000080; font-family: arial, helvetica, sans-serif; font-size: 14pt;\">JOS\u00c9 ADELSO LEIVA GARCIA<\/span><\/td>\n<td style=\"width: 145.406px;\"><a href=\"..\/\/_2022_\/contratos 029\/enero\/JOS\u00c9 ADELSO LEIVA GARC\u00cdA.pdf\"><img decoding=\"async\" class=\"aligncenter wp-image-3229\" src=\"https:\/\/seij.gob.gt\/udisep\/wp-content\/uploads\/2020\/02\/pdf_3.jpg\" alt=\"\" width=\"86\" height=\"94\" \/><\/a><\/td>\n<\/tr>\n<tr>\n<td style=\"width: 395.594px;\">&nbsp;<\/p>\n<p><span style=\"color: #000080; font-family: arial, helvetica, sans-serif; font-size: 14pt;\">MAR\u00cdA ALEJANDRA SOSA CASTELLANOS<\/span><\/td>\n<td style=\"width: 145.406px;\"><a href=\"..\/\/_2022_\/contratos 029\/enero\/MAR\u00cdA ALEJANDRA SOSA CASTELLANOS.pdf\"><img decoding=\"async\" class=\"aligncenter wp-image-3229\" src=\"https:\/\/seij.gob.gt\/udisep\/wp-content\/uploads\/2020\/02\/pdf_3.jpg\" alt=\"\" width=\"86\" height=\"94\" \/><\/a><\/td>\n<\/tr>\n<tr>\n<td style=\"width: 395.594px;\">&nbsp;<\/p>\n<p><span style=\"color: #000080; font-family: arial, helvetica, sans-serif; font-size: 14pt;\">WALTER VINICIO CHICOL CAP<\/span><\/td>\n<td style=\"width: 145.406px;\"><a href=\"..\/\/_2022_\/contratos 029\/enero\/WALTER VINICIO CHICOL CAP.pdf\"><img decoding=\"async\" class=\"aligncenter wp-image-3229\" src=\"https:\/\/seij.gob.gt\/udisep\/wp-content\/uploads\/2020\/02\/pdf_3.jpg\" alt=\"\" width=\"86\" height=\"94\" \/><\/a><\/td>\n<\/tr>\n<\/tbody>\n<\/table>\n<p>&nbsp;<\/p>\n","protected":false},"excerpt":{"rendered":"<p>\u00a0 \u00a0 \u00a0 \u00a0 \u00a0 Contratos 029 a\u00f1o 2022 &nbsp; Octubre \u00a0 JHONAT\u00c1N LEMUS CABALLEROS Agosto \u00a0 JHONAT\u00c1N LEMUS CABALLEROS Julio &nbsp; VICTORIA ABIGAIL FLORES Mayo &nbsp; MAR\u00cdA ALEJANDRA GONZ\u00c1LEZ RODAS Abril &nbsp; MARIA ALESSANDRA DEL ROSARIO IZQUIERDO FLORES &nbsp; VIRGINIA CONSUELO BANCES SANCHEZ Marzo &nbsp; ANGELA ISABEL SIPAC COCON &nbsp; NIDIA ELIZABETH GOMEZ ALONZO [&hellip;]<\/p>\n","protected":false},"author":1,"featured_media":0,"parent":0,"menu_order":0,"comment_status":"closed","ping_status":"closed","template":"","meta":{"_et_pb_use_builder":"","_et_pb_old_content":"","_et_gb_content_width":"","footnotes":""},"class_list":["post-4537","page","type-page","status-publish","hentry"],"nelio_popups_active_popup":"","_links":{"self":[{"href":"https:\/\/seij.gob.gt\/udisep\/wp-json\/wp\/v2\/pages\/4537","targetHints":{"allow":["GET"]}}],"collection":[{"href":"https:\/\/seij.gob.gt\/udisep\/wp-json\/wp\/v2\/pages"}],"about":[{"href":"https:\/\/seij.gob.gt\/udisep\/wp-json\/wp\/v2\/types\/page"}],"author":[{"embeddable":true,"href":"https:\/\/seij.gob.gt\/udisep\/wp-json\/wp\/v2\/users\/1"}],"replies":[{"embeddable":true,"href":"https:\/\/seij.gob.gt\/udisep\/wp-json\/wp\/v2\/comments?post=4537"}],"version-history":[{"count":11,"href":"https:\/\/seij.gob.gt\/udisep\/wp-json\/wp\/v2\/pages\/4537\/revisions"}],"predecessor-version":[{"id":4883,"href":"https:\/\/seij.gob.gt\/udisep\/wp-json\/wp\/v2\/pages\/4537\/revisions\/4883"}],"wp:attachment":[{"href":"https:\/\/seij.gob.gt\/udisep\/wp-json\/wp\/v2\/media?parent=4537"}],"curies":[{"name":"wp","href":"https:\/\/api.w.org\/{rel}","templated":true}]}}