{"id":4550,"date":"2022-02-09T14:15:09","date_gmt":"2022-02-09T20:15:09","guid":{"rendered":"http:\/\/seij.gob.gt\/udisep\/?page_id=4550"},"modified":"2023-01-12T11:56:40","modified_gmt":"2023-01-12T17:56:40","slug":"17-ter-ano-2022","status":"publish","type":"page","link":"https:\/\/seij.gob.gt\/udisep\/17-ter-ano-2022\/","title":{"rendered":"17 Ter. a\u00f1o 2022"},"content":{"rendered":"<p><span style=\"font-size: 24pt;\">\u00a0 \u00a0 \u00a0 \u00a0 \u00a0 \u00a0 \u00a0 \u00a0 \u00a0 \u00a0 \u00a0 \u00a0 \u00a0 \u00a0 \u00a0 \u00a0 \u00a0 \u00a0 <span style=\"font-family: 'arial black', sans-serif; color: #000080;\">17 Ter<\/span><\/span><\/p>\n<p>&nbsp;<\/p>\n<table style=\"height: 187px; width: 84.03%;\" width=\"681\">\n<tbody>\n<tr>\n<td style=\"width: 98.9474%; text-align: center;\" colspan=\"2\"><span style=\"font-family: 'arial black', sans-serif; color: #000080; font-size: 14pt;\">2022<\/span><\/td>\n<\/tr>\n<tr>\n<td style=\"width: 98.9474%;\" colspan=\"2\"><span style=\"font-family: 'arial black', sans-serif; font-size: 14pt;\">Diciembre<\/span><\/td>\n<\/tr>\n<tr>\n<td style=\"width: 74.3421%;\"><span style=\"font-family: 'arial black', sans-serif; font-size: 14pt;\"><span style=\"font-family: arial, helvetica, sans-serif; color: #000080; font-size: 14pt;\">Art\u00edculo 17 Ter de la Ley Org\u00e1nica del Presupuesto y sus Reformas<\/span><\/span><\/td>\n<td style=\"width: 24.6053%;\"><a href=\"..\/\/_2022_\/17 ter\/Informe al Congreso de la Rep\u00fablica de Guatemala (diciembre 2,022).pdf\"><span style=\"font-family: 'arial black', sans-serif; font-size: 14pt;\"><span style=\"font-family: arial, helvetica, sans-serif; color: #000080; font-size: 14pt;\"><img decoding=\"async\" class=\"aligncenter wp-image-3229\" src=\"https:\/\/seij.gob.gt\/udisep\/wp-content\/uploads\/2020\/02\/pdf_3.jpg\" alt=\"\" width=\"73\" height=\"80\" \/><\/span><\/span><\/a><\/td>\n<\/tr>\n<tr>\n<td style=\"width: 98.9474%;\" colspan=\"2\"><span style=\"font-family: 'arial black', sans-serif; font-size: 14pt;\">Noviembre<\/span><\/td>\n<\/tr>\n<tr>\n<td style=\"width: 74.3421%;\"><span style=\"font-family: 'arial black', sans-serif; font-size: 14pt;\"><span style=\"font-family: arial, helvetica, sans-serif; color: #000080; font-size: 14pt;\">Art\u00edculo 17 Ter de la Ley Org\u00e1nica del Presupuesto y sus Reformas<\/span><\/span><\/td>\n<td style=\"width: 24.6053%;\"><a href=\"..\/\/_2022_\/17 ter\/Informe al Congreso de la Rep\u00fablica de Guatemala (noviembre 2,022).pdf\"><span style=\"font-family: 'arial black', sans-serif; font-size: 14pt;\"><img decoding=\"async\" class=\"aligncenter wp-image-3229\" src=\"https:\/\/seij.gob.gt\/udisep\/wp-content\/uploads\/2020\/02\/pdf_3.jpg\" alt=\"\" width=\"73\" height=\"80\" \/><\/span><\/a><\/td>\n<\/tr>\n<tr>\n<td style=\"width: 98.9474%;\" colspan=\"2\"><span style=\"font-family: 'arial black', sans-serif; font-size: 14pt;\">Octubre<\/span><\/td>\n<\/tr>\n<tr>\n<td style=\"width: 74.3421%;\"><span style=\"font-family: 'arial black', sans-serif; font-size: 14pt;\"><span style=\"font-family: arial, helvetica, sans-serif; color: #000080; font-size: 14pt;\">Art\u00edculo 17 Ter de la Ley Org\u00e1nica del Presupuesto y sus Reformas<\/span><\/span><\/td>\n<td style=\"width: 24.6053%;\"><a href=\"..\/\/_2022_\/17 ter\/Informe al Congreso de la Rep\u00fablica de Guatemala (octubre 2,022).pdf\"><span style=\"font-family: 'arial black', sans-serif; font-size: 14pt;\"><img decoding=\"async\" class=\"aligncenter wp-image-3229\" src=\"https:\/\/seij.gob.gt\/udisep\/wp-content\/uploads\/2020\/02\/pdf_3.jpg\" alt=\"\" width=\"73\" height=\"80\" \/><\/span><\/a><\/td>\n<\/tr>\n<tr>\n<td style=\"width: 98.9474%;\" colspan=\"2\"><span style=\"font-family: 'arial black', sans-serif; font-size: 14pt;\">Septiembre<\/span><\/td>\n<\/tr>\n<tr>\n<td style=\"width: 74.3421%;\"><span style=\"font-family: 'arial black', sans-serif; font-size: 14pt;\"><span style=\"font-family: arial, helvetica, sans-serif; color: #000080; font-size: 14pt;\">Art\u00edculo 17 Ter de la Ley Org\u00e1nica del Presupuesto y sus Reformas<\/span><\/span><\/td>\n<td style=\"width: 24.6053%;\"><a href=\"..\/\/_2022_\/17 ter\/Informe al Congreso de la Rep\u00fablica de Guatemala (septiembre 2,022).pdf\"><span style=\"font-family: 'arial black', sans-serif; font-size: 14pt;\"><img decoding=\"async\" class=\"aligncenter wp-image-3229\" src=\"https:\/\/seij.gob.gt\/udisep\/wp-content\/uploads\/2020\/02\/pdf_3.jpg\" alt=\"\" width=\"73\" height=\"80\" \/><\/span><\/a><\/td>\n<\/tr>\n<tr>\n<td style=\"width: 98.9474%;\" colspan=\"2\"><span style=\"font-family: 'arial black', sans-serif; font-size: 14pt;\">Agosto<\/span><\/td>\n<\/tr>\n<tr>\n<td style=\"width: 74.3421%;\"><span style=\"font-family: 'arial black', sans-serif; font-size: 14pt;\">\u00a0<\/span><\/p>\n<p><span style=\"font-family: 'arial black', sans-serif; font-size: 14pt;\"><span style=\"font-family: arial, helvetica, sans-serif; color: #000080; font-size: 14pt;\">Art\u00edculo 17 Ter de la Ley Org\u00e1nica del Presupuesto y sus Reformas<\/span><\/span><\/td>\n<td style=\"width: 24.6053%;\"><a href=\"..\/\/_2022_\/17 ter\/Informe al Congreso de la Rep\u00fablica de Guatemala (agosto 2,022).pdf\"><span style=\"font-family: 'arial black', sans-serif; font-size: 14pt;\"><img decoding=\"async\" class=\"aligncenter wp-image-3229\" src=\"https:\/\/seij.gob.gt\/udisep\/wp-content\/uploads\/2020\/02\/pdf_3.jpg\" alt=\"\" width=\"73\" height=\"80\" \/><\/span><\/a><\/td>\n<\/tr>\n<tr>\n<td style=\"width: 98.9474%;\" colspan=\"2\"><span style=\"font-family: 'arial black', sans-serif; font-size: 14pt;\">Julio<\/span><\/td>\n<\/tr>\n<tr>\n<td style=\"width: 74.3421%;\">&nbsp;<\/p>\n<p><span style=\"font-family: 'arial black', sans-serif; font-size: 14pt;\"><span style=\"font-family: arial, helvetica, sans-serif; color: #000080; font-size: 14pt;\">Art\u00edculo 17 Ter de la Ley Org\u00e1nica del Presupuesto y sus Reformas<\/span><\/span><\/td>\n<td style=\"width: 24.6053%;\"><a href=\"..\/\/_2022_\/17 ter\/Informe al Congreso de la Rep\u00fablica de Guatemala (julio 2,022).pdf\"><span style=\"font-family: 'arial black', sans-serif; font-size: 14pt;\"><img decoding=\"async\" class=\"aligncenter wp-image-3229\" src=\"https:\/\/seij.gob.gt\/udisep\/wp-content\/uploads\/2020\/02\/pdf_3.jpg\" alt=\"\" width=\"73\" height=\"80\" \/><\/span><\/a><\/td>\n<\/tr>\n<tr>\n<td style=\"width: 98.9474%;\" colspan=\"2\"><span style=\"font-family: 'arial black', sans-serif; font-size: 14pt;\">Junio<\/span><\/td>\n<\/tr>\n<tr>\n<td style=\"width: 74.3421%;\">&nbsp;<\/p>\n<p><span style=\"font-family: 'arial black', sans-serif; font-size: 14pt;\"><span style=\"font-family: arial, helvetica, sans-serif; color: #000080; font-size: 14pt;\">Art\u00edculo 17 Ter de la Ley Org\u00e1nica del Presupuesto y sus Reformas<\/span><\/span><\/td>\n<td style=\"width: 24.6053%;\"><a href=\"..\/\/_2022_\/17 ter\/Informe al Congreso de la Rep\u00fablica de Guatemala (junio 2,022).pdf\"><span style=\"font-family: 'arial black', sans-serif; font-size: 14pt;\"><img decoding=\"async\" class=\"aligncenter wp-image-3229\" src=\"https:\/\/seij.gob.gt\/udisep\/wp-content\/uploads\/2020\/02\/pdf_3.jpg\" alt=\"\" width=\"73\" height=\"80\" \/><\/span><\/a><\/td>\n<\/tr>\n<tr>\n<td style=\"width: 98.9474%;\" colspan=\"2\"><span style=\"font-family: 'arial black', sans-serif; font-size: 14pt;\">Mayo<\/span><\/td>\n<\/tr>\n<tr>\n<td style=\"width: 74.3421%;\">&nbsp;<\/p>\n<p><span style=\"font-family: 'arial black', sans-serif; font-size: 14pt;\"><span style=\"font-family: arial, helvetica, sans-serif; color: #000080; font-size: 14pt;\">Art\u00edculo 17 Ter de la Ley Org\u00e1nica del Presupuesto y sus Reformas<\/span><\/span><\/td>\n<td style=\"width: 24.6053%;\"><a href=\"..\/\/_2022_\/17 ter\/Informe al Congreso de la Rep\u00fablica de Guatemala (mayo 2,022).pdf\"><span style=\"font-family: 'arial black', sans-serif; font-size: 14pt;\"><img decoding=\"async\" class=\"aligncenter wp-image-3229\" src=\"https:\/\/seij.gob.gt\/udisep\/wp-content\/uploads\/2020\/02\/pdf_3.jpg\" alt=\"\" width=\"73\" height=\"80\" \/><\/span><\/a><\/td>\n<\/tr>\n<tr>\n<td style=\"width: 98.9474%;\" colspan=\"2\"><span style=\"font-family: 'arial black', sans-serif; font-size: 14pt;\">Abril<\/span><\/td>\n<\/tr>\n<tr>\n<td style=\"width: 74.3421%;\">&nbsp;<\/p>\n<p><span style=\"font-family: 'arial black', sans-serif; font-size: 14pt;\"><span style=\"font-family: arial, helvetica, sans-serif; color: #000080; font-size: 14pt;\">Art\u00edculo 17 Ter de la Ley Org\u00e1nica del Presupuesto y sus Reformas<\/span><\/span><\/td>\n<td style=\"width: 24.6053%;\"><a href=\"..\/\/_2022_\/17 ter\/Informe al Congreso de la Rep\u00fablica de Guatemala (abril 2,022).pdf\"><span style=\"font-family: 'arial black', sans-serif; font-size: 14pt;\"><img decoding=\"async\" class=\"aligncenter wp-image-3229\" src=\"https:\/\/seij.gob.gt\/udisep\/wp-content\/uploads\/2020\/02\/pdf_3.jpg\" alt=\"\" width=\"73\" height=\"80\" \/><\/span><\/a><\/td>\n<\/tr>\n<tr>\n<td style=\"width: 98.9474%;\" colspan=\"2\"><span style=\"font-family: 'arial black', sans-serif; font-size: 14pt;\">Marzo<\/span><\/td>\n<\/tr>\n<tr>\n<td style=\"width: 74.3421%;\">&nbsp;<\/p>\n<p><span style=\"font-family: 'arial black', sans-serif; font-size: 14pt;\"><span style=\"font-family: arial, helvetica, sans-serif; color: #000080; font-size: 14pt;\">Art\u00edculo 17 Ter de la Ley Org\u00e1nica del Presupuesto y sus Reformas<\/span><\/span><\/td>\n<td style=\"width: 24.6053%;\"><a href=\"..\/\/_2022_\/17 ter\/Informe al Congreso de la Rep\u00fablica de Guatemala (marzo 2,022).pdf\"><span style=\"font-family: 'arial black', sans-serif; font-size: 14pt;\"><img decoding=\"async\" class=\"aligncenter wp-image-3229\" src=\"https:\/\/seij.gob.gt\/udisep\/wp-content\/uploads\/2020\/02\/pdf_3.jpg\" alt=\"\" width=\"73\" height=\"80\" \/><\/span><\/a><\/td>\n<\/tr>\n<tr>\n<td style=\"width: 98.9474%;\" colspan=\"2\"><span style=\"font-family: 'arial black', sans-serif; font-size: 14pt;\">Febrero<\/span><\/td>\n<\/tr>\n<tr>\n<td style=\"width: 74.3421%;\">&nbsp;<\/p>\n<p><span style=\"font-family: 'arial black', sans-serif; font-size: 14pt;\"><span style=\"font-family: arial, helvetica, sans-serif; color: #000080; font-size: 14pt;\">Art\u00edculo 17 Ter de la Ley Org\u00e1nica del Presupuesto y sus Reformas<\/span><\/span><\/td>\n<td style=\"width: 24.6053%;\"><a href=\"..\/\/_2022_\/17 ter\/Informe al Congreso de la Rep\u00fablica de Guatemala (febrero 2,022).pdf\"><span style=\"font-family: 'arial black', sans-serif; font-size: 14pt;\"><img decoding=\"async\" class=\"aligncenter wp-image-3229\" src=\"https:\/\/seij.gob.gt\/udisep\/wp-content\/uploads\/2020\/02\/pdf_3.jpg\" alt=\"\" width=\"73\" height=\"80\" \/><\/span><\/a><\/td>\n<\/tr>\n<tr>\n<td style=\"width: 98.9474%;\" colspan=\"2\"><span style=\"font-family: 'arial black', sans-serif; font-size: 14pt;\">Enero<\/span><\/td>\n<\/tr>\n<tr>\n<td style=\"width: 74.3421%;\">&nbsp;<\/p>\n<p><span style=\"font-family: arial, helvetica, sans-serif; color: #000080; font-size: 14pt;\">Art\u00edculo 17 Ter de la Ley Org\u00e1nica del Presupuesto y sus Reformas<\/span><\/td>\n<td style=\"width: 24.6053%;\"><a href=\"..\/\/_2022_\/17 ter\/ART\u00cdCULO 17 TER _ENERO2022.pdf\"><img decoding=\"async\" class=\"aligncenter wp-image-3229\" src=\"https:\/\/seij.gob.gt\/udisep\/wp-content\/uploads\/2020\/02\/pdf_3.jpg\" alt=\"\" width=\"73\" height=\"80\" \/><\/a><\/td>\n<\/tr>\n<\/tbody>\n<\/table>\n","protected":false},"excerpt":{"rendered":"<p>\u00a0 \u00a0 \u00a0 \u00a0 \u00a0 \u00a0 \u00a0 \u00a0 \u00a0 \u00a0 \u00a0 \u00a0 \u00a0 \u00a0 \u00a0 \u00a0 \u00a0 \u00a0 17 Ter &nbsp; 2022 Diciembre Art\u00edculo 17 Ter de la Ley Org\u00e1nica del Presupuesto y sus Reformas Noviembre Art\u00edculo 17 Ter de la Ley Org\u00e1nica del Presupuesto y sus Reformas Octubre Art\u00edculo 17 Ter de la Ley [&hellip;]<\/p>\n","protected":false},"author":1,"featured_media":0,"parent":0,"menu_order":0,"comment_status":"closed","ping_status":"closed","template":"","meta":{"_et_pb_use_builder":"","_et_pb_old_content":"","_et_gb_content_width":"","footnotes":""},"class_list":["post-4550","page","type-page","status-publish","hentry"],"nelio_popups_active_popup":"","_links":{"self":[{"href":"https:\/\/seij.gob.gt\/udisep\/wp-json\/wp\/v2\/pages\/4550","targetHints":{"allow":["GET"]}}],"collection":[{"href":"https:\/\/seij.gob.gt\/udisep\/wp-json\/wp\/v2\/pages"}],"about":[{"href":"https:\/\/seij.gob.gt\/udisep\/wp-json\/wp\/v2\/types\/page"}],"author":[{"embeddable":true,"href":"https:\/\/seij.gob.gt\/udisep\/wp-json\/wp\/v2\/users\/1"}],"replies":[{"embeddable":true,"href":"https:\/\/seij.gob.gt\/udisep\/wp-json\/wp\/v2\/comments?post=4550"}],"version-history":[{"count":14,"href":"https:\/\/seij.gob.gt\/udisep\/wp-json\/wp\/v2\/pages\/4550\/revisions"}],"predecessor-version":[{"id":4992,"href":"https:\/\/seij.gob.gt\/udisep\/wp-json\/wp\/v2\/pages\/4550\/revisions\/4992"}],"wp:attachment":[{"href":"https:\/\/seij.gob.gt\/udisep\/wp-json\/wp\/v2\/media?parent=4550"}],"curies":[{"name":"wp","href":"https:\/\/api.w.org\/{rel}","templated":true}]}}