{"id":5022,"date":"2023-01-16T13:54:08","date_gmt":"2023-01-16T19:54:08","guid":{"rendered":"https:\/\/seij.gob.gt\/udisep\/?page_id=5022"},"modified":"2024-01-15T15:09:46","modified_gmt":"2024-01-15T21:09:46","slug":"numeral-10-ano-2023","status":"publish","type":"page","link":"https:\/\/seij.gob.gt\/udisep\/numeral-10-ano-2023\/","title":{"rendered":"Numeral 10 a\u00f1o 2023"},"content":{"rendered":"<h1><span style=\"color: #333399;\">Procesos de cotizaci\u00f3n y licitaci\u00f3n para programas del sujeto obligado que tengan beneficiarios directos e indirecto.<\/span><\/h1>\n<p>&nbsp;<\/p>\n<table style=\"border-collapse: collapse; width: 76.6957%; height: 606px;\">\n<tbody>\n<tr>\n<td style=\"width: 101.338%;\" colspan=\"3\"><span style=\"font-size: 12pt;\">Diciembre<\/span><\/td>\n<\/tr>\n<tr>\n<td style=\"width: 55.1095%;\"><span style=\"font-size: 12pt;\"><span style=\"color: #333399; font-size: 12pt;\">Secretar\u00eda Ejecutiva de la ICMSJ<\/span><\/span><\/td>\n<td style=\"width: 1.21654%;\"><span style=\"font-size: 12pt;\"><span style=\"font-size: 10pt;\"><a class=\"maxbutton-1 maxbutton maxbutton-seicmsj\" href=\"http:\/\/..\/\/_2023_\/informacion_publica\/diciembre\/Numeral 10\/Procesos de Cotizaci\u00f3n y Licitaci\u00f3n.pdf\"><span class='mb-text'>PDF<\/span><\/a><\/span><\/span><\/td>\n<td style=\"width: 45.0122%;\"><span style=\"font-size: 12pt;\"><span style=\"font-size: 10pt;\"><a class=\"maxbutton-2 maxbutton maxbutton-xls\" href=\"http:\/\/..\/\/_2023_\/informacion_publica\/diciembre\/Numeral 10\/Procesos de Cotizaci\u00f3n y Licitaci\u00f3n.xlsx\"><span class='mb-text'>Xls<\/span><\/a><\/span><\/span><\/td>\n<\/tr>\n<tr>\n<td style=\"width: 101.338%;\" colspan=\"3\"><span style=\"font-size: 12pt;\">Noviembre<\/span><\/td>\n<\/tr>\n<tr>\n<td style=\"width: 55.1095%;\"><span style=\"font-size: 12pt;\"><span style=\"color: #333399; font-size: 12pt;\">Secretar\u00eda Ejecutiva de la ICMSJ<\/span><\/span><\/td>\n<td style=\"width: 1.21654%;\"><span style=\"font-size: 12pt;\"><span style=\"font-size: 10pt;\"><a class=\"maxbutton-1 maxbutton maxbutton-seicmsj\" href=\"http:\/\/..\/\/_2023_\/informacion_publica\/noviembre\/Numeral 10\/Procesos de Cotizaci\u00f3n y Licitaci\u00f3n.pdf\"><span class='mb-text'>PDF<\/span><\/a><\/span><\/span><\/td>\n<td style=\"width: 45.0122%;\"><span style=\"font-size: 12pt;\"><span style=\"font-size: 10pt;\"><a class=\"maxbutton-2 maxbutton maxbutton-xls\" href=\"http:\/\/..\/\/_2023_\/informacion_publica\/noviembre\/Numeral 10\/Procesos de Cotizaci\u00f3n y Licitaci\u00f3n.xlsx\"><span class='mb-text'>Xls<\/span><\/a><\/span><\/span><\/td>\n<\/tr>\n<tr>\n<td style=\"width: 101.338%;\" colspan=\"3\"><span style=\"font-size: 12pt;\">Octubre<\/span><\/td>\n<\/tr>\n<tr>\n<td style=\"width: 55.1095%;\"><span style=\"font-size: 12pt;\"><span style=\"color: #333399; font-size: 12pt;\">Secretar\u00eda Ejecutiva de la ICMSJ<\/span><\/span><\/td>\n<td style=\"width: 1.21654%;\"><span style=\"font-size: 12pt;\"><span style=\"font-size: 10pt;\"><a class=\"maxbutton-1 maxbutton maxbutton-seicmsj\" href=\"https:\/\/seij.gob.gt\/udisep\/wp-content\/uploads\/2023\/11\/PROCESOS-DE-COTIZACIONES-Y-LICITACIONES-seij.pdf\"><span class='mb-text'>PDF<\/span><\/a><\/span><\/span><\/td>\n<td style=\"width: 45.0122%;\"><span style=\"font-size: 12pt;\"><span style=\"font-size: 10pt;\"><a class=\"maxbutton-2 maxbutton maxbutton-xls\" href=\"https:\/\/seij.gob.gt\/udisep\/wp-content\/uploads\/2023\/11\/PROCESOS-DE-COTIZACIONES-Y-LICITACIONES-seij.xlsx\"><span class='mb-text'>Xls<\/span><\/a><\/span><\/span><\/td>\n<\/tr>\n<tr>\n<td style=\"width: 101.338%;\" colspan=\"3\"><span style=\"font-size: 12pt;\">Septiembre<\/span><\/td>\n<\/tr>\n<tr>\n<td style=\"width: 55.1095%;\"><span style=\"font-size: 12pt;\"><span style=\"color: #333399; font-size: 12pt;\">Secretar\u00eda Ejecutiva de la ICMSJ<\/span><\/span><\/td>\n<td style=\"width: 1.21654%;\"><span style=\"font-size: 12pt;\"><span style=\"font-size: 10pt;\"><a class=\"maxbutton-1 maxbutton maxbutton-seicmsj\" href=\"http:\/\/..\/\/_2023_\/informacion_publica\/septiembre\/Numeral 10\/Procesos de Cotizaci\u00f3n y Licitacion.pdf\"><span class='mb-text'>PDF<\/span><\/a><\/span><\/span><\/td>\n<td style=\"width: 45.0122%;\"><span style=\"font-size: 12pt;\"><span style=\"font-size: 10pt;\"><a class=\"maxbutton-2 maxbutton maxbutton-xls\" href=\"http:\/\/..\/\/_2023_\/informacion_publica\/septiembre\/Numeral 10\/Procesos de Cotizaci\u00f3n y Licitacion.xlsx\"><span class='mb-text'>Xls<\/span><\/a><\/span><\/span><\/td>\n<\/tr>\n<tr>\n<td style=\"width: 101.338%;\" colspan=\"3\"><span style=\"font-size: 12pt;\">Agosto<\/span><\/td>\n<\/tr>\n<tr>\n<td style=\"width: 55.1095%;\"><span style=\"font-size: 12pt;\"><span style=\"color: #333399; font-size: 12pt;\">Secretar\u00eda Ejecutiva de la ICMSJ<\/span><\/span><\/td>\n<td style=\"width: 1.21654%;\"><span style=\"font-size: 12pt;\"><span style=\"font-size: 10pt;\"><a class=\"maxbutton-1 maxbutton maxbutton-seicmsj\" href=\"http:\/\/..\/\/_2023_\/informacion_publica\/agosto\/NUMERAL 10\/NUMERAL 10 AGOSTO SEIJ.pdf\"><span class='mb-text'>PDF<\/span><\/a><\/span><\/span><\/td>\n<td style=\"width: 45.0122%;\"><span style=\"font-size: 12pt;\"><span style=\"font-size: 10pt;\"><a class=\"maxbutton-2 maxbutton maxbutton-xls\" href=\"http:\/\/..\/\/_2023_\/informacion_publica\/agosto\/NUMERAL 10\/NUMERAL 10 AGOSTO SEIJ.xlsx\"><span class='mb-text'>Xls<\/span><\/a><\/span><\/span><\/td>\n<\/tr>\n<tr>\n<td style=\"width: 55.1095%;\"><span style=\"font-size: 12pt;\"><span style=\"color: #333399; font-size: 12pt;\">Programa PREVI<\/span><\/span><\/td>\n<td style=\"width: 1.21654%;\"><span style=\"font-size: 12pt;\"><span style=\"font-size: 10pt;\"><a class=\"maxbutton-1 maxbutton maxbutton-seicmsj\" href=\"http:\/\/..\/\/_2023_\/informacion_publica\/agosto\/NUMERAL 10\/NUMERAL 10 AGOSTO PREVI.pdf\"><span class='mb-text'>PDF<\/span><\/a><\/span><\/span><\/td>\n<td style=\"width: 45.0122%;\"><span style=\"font-size: 12pt;\"><span style=\"font-size: 10pt;\"><a class=\"maxbutton-2 maxbutton maxbutton-xls\" href=\"http:\/\/..\/\/_2023_\/informacion_publica\/agosto\/NUMERAL 10\/NUMERAL 10 AGOSTO PREVI.xls\"><span class='mb-text'>Xls<\/span><\/a><\/span><\/span><\/td>\n<\/tr>\n<tr>\n<td style=\"width: 101.338%;\" colspan=\"3\"><span style=\"font-size: 12pt;\">Julio<\/span><\/td>\n<\/tr>\n<tr>\n<td style=\"width: 55.1095%;\"><span style=\"font-size: 12pt;\"><span style=\"color: #333399; font-size: 12pt;\">Secretar\u00eda Ejecutiva de la ICMSJ<\/span><\/span><\/td>\n<td style=\"width: 1.21654%;\"><span style=\"font-size: 12pt;\"><span style=\"font-size: 10pt;\"><a class=\"maxbutton-1 maxbutton maxbutton-seicmsj\" href=\"http:\/\/..\/\/_2023_\/informacion_publica\/julio\/Numeral 10\/Procesos de Cotizacion y Licitacion.pdf\"><span class='mb-text'>PDF<\/span><\/a><\/span><\/span><\/td>\n<td style=\"width: 45.0122%;\"><span style=\"font-size: 12pt;\"><span style=\"font-size: 10pt;\"><a class=\"maxbutton-2 maxbutton maxbutton-xls\" href=\"http:\/\/..\/\/_2023_\/informacion_publica\/julio\/Numeral 10\/Procesos de Cotizacion y Licitacion.xlsx\"><span class='mb-text'>Xls<\/span><\/a><\/span><\/span><\/td>\n<\/tr>\n<tr>\n<td style=\"width: 55.1095%;\"><span style=\"font-size: 12pt;\"><span style=\"color: #333399; font-size: 12pt;\">Programa PREVI<\/span><\/span><\/td>\n<td style=\"width: 1.21654%;\"><span style=\"font-size: 12pt;\"><span style=\"font-size: 10pt;\"><a class=\"maxbutton-1 maxbutton maxbutton-seicmsj\" href=\"http:\/\/..\/\/_2023_\/informacion_publica\/julio\/Numeral 10\/Procesos de Cotizaci\u00f3n y Licitaci\u00f3n PREVI.pdf\"><span class='mb-text'>PDF<\/span><\/a><\/span><\/span><\/td>\n<td style=\"width: 45.0122%;\"><span style=\"font-size: 12pt;\"><span style=\"font-size: 10pt;\"><a class=\"maxbutton-2 maxbutton maxbutton-xls\" href=\"http:\/\/..\/\/_2023_\/informacion_publica\/julio\/Numeral 10\/Procesos de Cotizaci\u00f3n y Licitaci\u00f3n PREVI.xlsx\"><span class='mb-text'>Xls<\/span><\/a><\/span><\/span><\/td>\n<\/tr>\n<tr>\n<td style=\"width: 101.338%;\" colspan=\"3\"><span style=\"font-size: 12pt;\">Junio<\/span><\/td>\n<\/tr>\n<tr>\n<td style=\"width: 55.1095%;\"><span style=\"font-size: 12pt;\"><span style=\"color: #333399; font-size: 12pt;\">Secretar\u00eda Ejecutiva de la ICMSJ<\/span><\/span><span style=\"font-size: 12pt;\"><br \/>\n<\/span><\/td>\n<td style=\"width: 1.21654%;\"><span style=\"font-size: 12pt;\"><span style=\"font-size: 10pt;\"><a class=\"maxbutton-1 maxbutton maxbutton-seicmsj\" href=\"http:\/\/..\/\/_2023_\/informacion_publica\/junio\/NUMERAL 10\/Numeral 10 COTIZACIONES Y LICITACIONES.pdf\"><span class='mb-text'>PDF<\/span><\/a><\/span><\/span><\/td>\n<td style=\"width: 45.0122%;\"><span style=\"font-size: 12pt;\"><span style=\"font-size: 10pt;\"><a class=\"maxbutton-2 maxbutton maxbutton-xls\" href=\"http:\/\/..\/\/_2023_\/informacion_publica\/junio\/NUMERAL 10\/Numeral 10 COTIZACIONES Y LICITACIONES.xlsx\"><span class='mb-text'>Xls<\/span><\/a><\/span><\/span><\/td>\n<\/tr>\n<tr>\n<td style=\"width: 55.1095%;\"><span style=\"font-size: 12pt;\"><span style=\"color: #333399; font-size: 12pt;\">Programa PREVI<\/span><\/span><\/td>\n<td style=\"width: 1.21654%;\"><span style=\"font-size: 12pt;\"><span style=\"font-size: 10pt;\"><a class=\"maxbutton-1 maxbutton maxbutton-seicmsj\" href=\"http:\/\/..\/\/_2023_\/informacion_publica\/junio\/NUMERAL 10\/Numeral 10 NUMERAL 10 - COTIZACIONES Y LICITACIONES PREVI.pdf\"><span class='mb-text'>PDF<\/span><\/a><\/span><\/span><\/td>\n<td style=\"width: 45.0122%;\"><span style=\"font-size: 12pt;\"><span style=\"font-size: 10pt;\"><a class=\"maxbutton-2 maxbutton maxbutton-xls\" href=\"http:\/\/..\/\/_2023_\/informacion_publica\/junio\/NUMERAL 10\/NUMERAL 10 - COTIZACIONES Y LICITACIONES PREVI.xls\"><span class='mb-text'>Xls<\/span><\/a><\/span><\/span><\/td>\n<\/tr>\n<tr>\n<td style=\"width: 101.338%;\" colspan=\"3\"><span style=\"font-size: 12pt;\">Mayo<\/span><\/td>\n<\/tr>\n<tr>\n<td style=\"width: 55.1095%;\"><span style=\"font-size: 12pt;\"><span style=\"color: #333399; font-size: 12pt;\">Secretar\u00eda Ejecutiva de la ICMSJ<\/span><\/span><\/td>\n<td style=\"width: 1.21654%;\"><span style=\"font-size: 12pt;\"><span style=\"font-size: 10pt;\"><a class=\"maxbutton-1 maxbutton maxbutton-seicmsj\" href=\"http:\/\/..\/\/_2023_\/informacion_publica\/mayo\/NUMERAL 10\/COTIZACIONES Y LICITACIONES SEICMSJ.pdf\"><span class='mb-text'>PDF<\/span><\/a><\/span><\/span><\/td>\n<td style=\"width: 45.0122%;\"><span style=\"font-size: 12pt;\"><span style=\"font-size: 10pt;\"><a class=\"maxbutton-2 maxbutton maxbutton-xls\" href=\"http:\/\/..\/\/_2023_\/informacion_publica\/mayo\/NUMERAL 10\/Numeral 10 PREVI.xlsx\"><span class='mb-text'>Xls<\/span><\/a><\/span><\/span><\/td>\n<\/tr>\n<tr>\n<td style=\"width: 55.1095%;\"><span style=\"font-size: 12pt;\"><span style=\"color: #333399; font-size: 12pt;\">Programa PREVI<\/span><\/span><\/td>\n<td style=\"width: 1.21654%;\"><span style=\"font-size: 12pt;\"><span style=\"font-size: 10pt;\"><a class=\"maxbutton-1 maxbutton maxbutton-seicmsj\" href=\"http:\/\/..\/\/_2023_\/informacion_publica\/mayo\/NUMERAL 10\/COTIZACIONES Y LICITACIONES PREVI.pdf\"><span class='mb-text'>PDF<\/span><\/a><\/span><\/span><\/td>\n<td style=\"width: 45.0122%;\"><span style=\"font-size: 12pt;\"><span style=\"font-size: 10pt;\"><a class=\"maxbutton-2 maxbutton maxbutton-xls\" href=\"http:\/\/..\/\/_2023_\/informacion_publica\/mayo\/NUMERAL 10\/COTIZACIONES Y LICITACIONES PREVI.xlsx\"><span class='mb-text'>Xls<\/span><\/a><\/span><\/span><\/td>\n<\/tr>\n<tr>\n<td style=\"width: 101.338%;\" colspan=\"3\"><span style=\"font-size: 12pt;\">Abril<\/span><\/td>\n<\/tr>\n<tr>\n<td style=\"width: 55.1095%;\"><span style=\"font-size: 12pt;\"><span style=\"color: #333399; font-size: 12pt;\">Secretar\u00eda Ejecutiva de la ICMSJ<\/span><\/span><\/td>\n<td style=\"width: 1.21654%;\"><span style=\"font-size: 12pt;\"><span style=\"font-size: 10pt;\"><a class=\"maxbutton-1 maxbutton maxbutton-seicmsj\" href=\"http:\/\/..\/\/_2023_\/informacion_publica\/abril\/NUMERAL 10\/COTIZACIONES Y LICITACIONES SEICMSJ.pdf\"><span class='mb-text'>PDF<\/span><\/a><\/span><\/span><\/td>\n<td style=\"width: 45.0122%;\"><span style=\"font-size: 12pt;\"><span style=\"font-size: 10pt;\"><a class=\"maxbutton-2 maxbutton maxbutton-xls\" href=\"http:\/\/..\/\/_2023_\/informacion_publica\/abril\/NUMERAL 10\/COTIZACIONES Y LICITACIONES SEICMSJ.xlsx\"><span class='mb-text'>Xls<\/span><\/a><\/span><\/span><\/td>\n<\/tr>\n<tr>\n<td style=\"width: 55.1095%;\"><span style=\"font-size: 12pt;\"><span style=\"color: #333399; font-size: 12pt;\">Programa PREVI<\/span><\/span><\/td>\n<td style=\"width: 1.21654%;\"><span style=\"font-size: 12pt;\"><span style=\"font-size: 10pt;\"><a class=\"maxbutton-1 maxbutton maxbutton-seicmsj\" href=\"http:\/\/..\/\/_2023_\/informacion_publica\/abril\/NUMERAL 10\/COTIZACIONES Y LICITACIONES PREVI ABRIL1.pdf\"><span class='mb-text'>PDF<\/span><\/a><\/span><\/span><\/td>\n<td style=\"width: 45.0122%;\"><span style=\"font-size: 12pt;\"><span style=\"font-size: 10pt;\"><a class=\"maxbutton-2 maxbutton maxbutton-xls\" href=\"http:\/\/..\/\/_2023_\/informacion_publica\/abril\/NUMERAL 10\/COTIZACIONES Y LICITACIONES PREVI.xlsx\"><span class='mb-text'>Xls<\/span><\/a><\/span><\/span><\/td>\n<\/tr>\n<tr>\n<td style=\"width: 101.338%;\" colspan=\"3\"><span style=\"font-size: 12pt;\">Marzo<\/span><\/td>\n<\/tr>\n<tr>\n<td style=\"width: 55.1095%;\"><span style=\"color: #333399; font-size: 12pt;\">Secretar\u00eda Ejecutiva de la ICMSJ<\/span><\/td>\n<td style=\"width: 1.21654%; text-align: right;\"><span style=\"font-size: 10pt;\"><a class=\"maxbutton-1 maxbutton maxbutton-seicmsj\" href=\"http:\/\/..\/\/_2023_\/informacion_publica\/marzo\/NUMERAL 10\/COTIZACIONES Y LICITACIONES SEICMSJ.pdf\"><span class='mb-text'>PDF<\/span><\/a><\/span><\/td>\n<td style=\"width: 45.0122%;\"><span style=\"font-size: 10pt;\"><a class=\"maxbutton-2 maxbutton maxbutton-xls\" href=\"http:\/\/..\/\/_2023_\/informacion_publica\/marzo\/NUMERAL 10\/COTIZACIONES Y LICITACIONES SEICMSJ.xlsx\"><span class='mb-text'>Xls<\/span><\/a><\/span><\/td>\n<\/tr>\n<tr>\n<td style=\"width: 55.1095%;\"><span style=\"color: #333399; font-size: 12pt;\">Programa PREVI<\/span><\/td>\n<td style=\"width: 1.21654%; text-align: right;\"><span style=\"font-size: 10pt;\"><a class=\"maxbutton-1 maxbutton maxbutton-seicmsj\" href=\"http:\/\/..\/\/_2023_\/informacion_publica\/febrero\/NUMERAL 10\/COTIZACIONES Y LICITACIONES PREVI.pdf\"><span class='mb-text'>PDF<\/span><\/a><\/span><\/td>\n<td style=\"width: 45.0122%;\"><span style=\"font-size: 10pt;\"><a class=\"maxbutton-2 maxbutton maxbutton-xls\" href=\"http:\/\/..\/\/_2023_\/informacion_publica\/marzo\/NUMERAL 10\/COTIZACIONES Y LICITACIONES PREVI.xlsx\"><span class='mb-text'>Xls<\/span><\/a><\/span><\/td>\n<\/tr>\n<\/tbody>\n<\/table>\n<table style=\"border-collapse: collapse; width: 75.2486%; height: 95px;\">\n<tbody>\n<tr>\n<td style=\"width: 190.47%;\" colspan=\"3\"><span style=\"font-size: 12pt;\">Febrero<\/span><\/td>\n<\/tr>\n<tr>\n<td style=\"width: 154.13%;\"><span style=\"color: #333399; font-size: 12pt;\">Secretar\u00eda Ejecutiva de la ICMSJ<\/span><\/td>\n<td style=\"width: 1.27065%; text-align: right;\"><span style=\"font-size: 10pt;\"><a class=\"maxbutton-1 maxbutton maxbutton-seicmsj\" href=\"http:\/\/..\/\/_2023_\/informacion_publica\/febrero\/NUMERAL 10\/COTIZACIONES Y LICITACIONES SEICMSJ.pdf\"><span class='mb-text'>PDF<\/span><\/a><\/span><\/td>\n<td style=\"width: 35.0699%;\"><span style=\"font-size: 10pt;\"><a class=\"maxbutton-2 maxbutton maxbutton-xls\" href=\"http:\/\/..\/\/_2023_\/informacion_publica\/febrero\/NUMERAL 10\/COTIZACIONES Y LICITACIONES SEICMSJ.xlsx\"><span class='mb-text'>Xls<\/span><\/a><\/span><\/td>\n<\/tr>\n<tr>\n<td style=\"width: 154.13%;\"><span style=\"color: #333399; font-size: 12pt;\">Programa PREVI<\/span><\/td>\n<td style=\"width: 1.27065%; text-align: right;\"><span style=\"font-size: 10pt;\"><a class=\"maxbutton-1 maxbutton maxbutton-seicmsj\" href=\"http:\/\/..\/\/_2023_\/informacion_publica\/febrero\/NUMERAL 10\/COTIZACIONES Y LICITACIONES PREVI.pdf\"><span class='mb-text'>PDF<\/span><\/a><\/span><\/td>\n<td style=\"width: 35.0699%;\"><span style=\"font-size: 10pt;\"><a class=\"maxbutton-2 maxbutton maxbutton-xls\" href=\"http:\/\/..\/\/_2023_\/informacion_publica\/febrero\/NUMERAL 10\/COTIZACIONES Y LICITACIONES PREVI.xls\"><span class='mb-text'>Xls<\/span><\/a><\/span><\/td>\n<\/tr>\n<\/tbody>\n<\/table>\n<table style=\"border-collapse: collapse; width: 75.2486%; height: 95px;\">\n<tbody>\n<tr>\n<td style=\"width: 124.96%;\" colspan=\"3\"><span style=\"font-size: 12pt;\">Enero<\/span><\/td>\n<\/tr>\n<tr>\n<td style=\"width: 94.7278%;\"><span style=\"color: #333399; font-size: 12pt;\">Secretar\u00eda Ejecutiva de la ICMSJ<\/span><\/td>\n<td style=\"width: 1.30378%; text-align: right;\"><span style=\"font-size: 10pt;\"><a class=\"maxbutton-1 maxbutton maxbutton-seicmsj\" href=\"http:\/\/..\/\/_2023_\/informacion_publica\/enero\/NUMERAL 10\/COTIZACIONES Y LICITACIONES SEICMSJ.pdf\"><span class='mb-text'>PDF<\/span><\/a><\/span><\/td>\n<td style=\"width: 28.928%;\"><span style=\"font-size: 10pt;\"><a class=\"maxbutton-2 maxbutton maxbutton-xls\" href=\"http:\/\/..\/\/_2023_\/informacion_publica\/enero\/NUMERAL 10\/COTIZACIONES Y LICITACIONES SEICMSJ.xlsx\"><span class='mb-text'>Xls<\/span><\/a><\/span><\/td>\n<\/tr>\n<tr>\n<td style=\"width: 94.7278%;\"><span style=\"color: #333399; font-size: 12pt;\">Programa PREVI<\/span><\/td>\n<td style=\"width: 1.30378%; text-align: right;\"><span style=\"font-size: 10pt;\"><a class=\"maxbutton-1 maxbutton maxbutton-seicmsj\" href=\"http:\/\/..\/\/_2023_\/informacion_publica\/enero\/NUMERAL 10\/COTIZACIONES Y LICITACIONES PREVI.pdf\"><span class='mb-text'>PDF<\/span><\/a><\/span><\/td>\n<td style=\"width: 28.928%;\"><span style=\"font-size: 10pt;\"><a class=\"maxbutton-2 maxbutton maxbutton-xls\" href=\"http:\/\/..\/\/_2023_\/informacion_publica\/enero\/NUMERAL 10\/COTIZACIONES Y LICITACIONES PREVI.xls\"><span class='mb-text'>Xls<\/span><\/a><\/span><\/td>\n<\/tr>\n<\/tbody>\n<\/table>\n","protected":false},"excerpt":{"rendered":"<p>Procesos de cotizaci\u00f3n y licitaci\u00f3n para programas del sujeto obligado que tengan beneficiarios directos e indirecto. &nbsp; Diciembre Secretar\u00eda Ejecutiva de la ICMSJ Noviembre Secretar\u00eda Ejecutiva de la ICMSJ Octubre Secretar\u00eda Ejecutiva de la ICMSJ Septiembre Secretar\u00eda Ejecutiva de la ICMSJ Agosto Secretar\u00eda Ejecutiva de la ICMSJ Programa PREVI Julio Secretar\u00eda Ejecutiva de la ICMSJ [&hellip;]<\/p>\n","protected":false},"author":1,"featured_media":0,"parent":0,"menu_order":0,"comment_status":"closed","ping_status":"closed","template":"","meta":{"_et_pb_use_builder":"","_et_pb_old_content":"","_et_gb_content_width":"","footnotes":""},"class_list":["post-5022","page","type-page","status-publish","hentry"],"nelio_popups_active_popup":"","_links":{"self":[{"href":"https:\/\/seij.gob.gt\/udisep\/wp-json\/wp\/v2\/pages\/5022","targetHints":{"allow":["GET"]}}],"collection":[{"href":"https:\/\/seij.gob.gt\/udisep\/wp-json\/wp\/v2\/pages"}],"about":[{"href":"https:\/\/seij.gob.gt\/udisep\/wp-json\/wp\/v2\/types\/page"}],"author":[{"embeddable":true,"href":"https:\/\/seij.gob.gt\/udisep\/wp-json\/wp\/v2\/users\/1"}],"replies":[{"embeddable":true,"href":"https:\/\/seij.gob.gt\/udisep\/wp-json\/wp\/v2\/comments?post=5022"}],"version-history":[{"count":23,"href":"https:\/\/seij.gob.gt\/udisep\/wp-json\/wp\/v2\/pages\/5022\/revisions"}],"predecessor-version":[{"id":5621,"href":"https:\/\/seij.gob.gt\/udisep\/wp-json\/wp\/v2\/pages\/5022\/revisions\/5621"}],"wp:attachment":[{"href":"https:\/\/seij.gob.gt\/udisep\/wp-json\/wp\/v2\/media?parent=5022"}],"curies":[{"name":"wp","href":"https:\/\/api.w.org\/{rel}","templated":true}]}}